{"id":6287,"date":"2024-10-01T08:47:28","date_gmt":"2024-10-01T12:47:28","guid":{"rendered":"https:\/\/www.vert-intense.com\/?post_type=product&#038;p=6287"},"modified":"2025-05-04T11:42:32","modified_gmt":"2025-05-04T15:42:32","slug":"versheidsonderbreking","status":"publish","type":"product","link":"https:\/\/www.vert-intense.com\/nl\/zaken-guadeloupe\/sportieve-natuurverblijven-guadeloupe\/versheidsonderbreking\/","title":{"rendered":"Frisse lucht verblijf"},"content":{"rendered":"<h3 style=\"text-align: center;\">Frisse lucht verblijf<\/h3>\n<h3 style=\"text-align: center;\">(5 nachten\/6 dagen)<\/h3>\n<p>&nbsp;<\/p>\n<p>Geniet van een verkwikkende vakantie in Guadeloupe en Les Saintes, in Terre-de-Haut. Je krijgt een welkomstboekje en een digitaal roadbook om de archipel van Guadeloupe te ontdekken. Voor elke dag vind je tal van adressen om je te helpen de smaken, tradities, activiteiten, wandelingen en het culturele erfgoed van Guadeloupe te ontdekken.<\/p>\n<p>Je accommodatie, Les Bananes Vertes, die het Europese Ecolabel heeft gekregen, ligt in de uitlopers van de vulkaan Soufri\u00e8re in de gemeente Saint Claude op een hoogte van 500 meter. Je gastheer en gastvrouw, Laurence en Eric, beiden berggidsen, zijn goed bekend met de paden van het Guadeloupe National Park en geven je graag alle informatie die je nodig hebt om van je verblijf in Guadeloupe en Les Saintes een onvergetelijke ervaring te maken.<\/p>\n<p>Je accommodatie, La Petite Villa des Saintes, ligt verscholen in de heuvels boven Terre-de-Haut. Het terras biedt een prachtig uitzicht over het strand en de baai van Les Saintes. De villa is geschikt voor twee personen en biedt alle comfort voor een aangenaam verblijf, waaronder een verwarmd zwembad. Er is een priv\u00e9parkeerplaats met een speciaal stopcontact om uw auto op te laden.<\/p>\n<p>&nbsp;<\/p>\n<h4><strong>Details van het verblijf :<\/strong><\/h4>\n<ul>\n<li>3 nachten in de ecolodges Les Bananes Vertes<\/li>\n<li>2 nachten in de Petite Villa des Saintes met uitzicht op de prachtige baai van Les Saintes<\/li>\n<\/ul>\n<p>&nbsp;<\/p>\n<h4><strong>De prijs is inclusief :<\/strong><\/h4>\n<ul>\n<li>Accommodatie bij Bananes Vertes<\/li>\n<li>Een basis 1e ontbijt<\/li>\n<li>Bootticket van Trois-Rivi\u00e8res naar Les Saintes<\/li>\n<li>Overnachting in de Petite Villa des Saintes<\/li>\n<li>De digitale routekaart<\/li>\n<\/ul>\n<p>&nbsp;<\/p>\n<h4><strong>De prijs is exclusief :<\/strong><\/h4>\n<ul>\n<li>De vlucht naar Guadeloupe<\/li>\n<li>Diners, lunches en ontbijt<\/li>\n<li>De Carbet parkeerplaats en pier voor Les Saintes<\/li>\n<li>Fooien en andere zaken die niet bij de prijs zijn inbegrepen<\/li>\n<li>Opties<\/li>\n<\/ul>\n<p>&nbsp;<\/p>\n<p><strong>Optionele extra:\u00a0<\/strong><\/p>\n<ul>\n<li>Begeleide wandeling naar de top van La Soufri\u00e8re: <a href=\"https:\/\/www.vert-intense.com\/nl\/zaken-guadeloupe\/wandelen-in-guadeloupe\/wandelen-in-la-soufriere-guadeloupe\/\">Klik om te reserveren\u00a0<\/a><\/li>\n<li>Canyoning in de mooiste rivieren van Guadeloupe: <a href=\"https:\/\/www.vert-intense.com\/nl\/activiteiten-in-guadeloupe\/canyoning-guadeloupe\/\">Klik om te reserveren<\/a><\/li>\n<li><span class=\"il\">Auto huren<\/span><\/li>\n<li>Transfer van je bagage van de haven naar La Petite Villa<\/li>\n<li>Diner op de eerste avond in je accommodatie.<\/li>\n<\/ul>\n<p>&nbsp;<\/p>\n<p><strong>Goed om te weten:<\/strong>\u00a0 We staan gedurende je hele verblijf tot je beschikking om je alle informatie te geven die je nodig hebt om je verblijf tot een succes te maken. Het routeboek en een digitaal welkomstboekje worden je toegestuurd zodra je boekt, om je te helpen je verblijf zo goed mogelijk te organiseren.<\/p>","protected":false},"excerpt":{"rendered":"<p>Boek je Pause Fraicheur vakantie in Guadeloupe en de prachtige archipel van Les Saintes. Ontdek het zuiden van het eiland waar Les Bananes Vertes ecolodges liggen en het kleine eiland Terre-de-haut in een kleine villa met priv\u00e9zwembad.<\/p>","protected":false},"featured_media":6316,"template":"","meta":[],"product_cat":[28],"product_tag":[131,130],"class_list":{"0":"post-6287","1":"product","2":"type-product","3":"status-publish","4":"has-post-thumbnail","6":"product_cat-sejours-sportifs-nature-guadeloupe","7":"product_tag-sejour-multi-sports-guadeloupe","8":"product_tag-sejour-randonnee-liberte","10":"first","11":"instock","12":"virtual","13":"sold-individually","14":"taxable","15":"purchasable","16":"product-type-booking"},"yoast_head":"<!-- This site is optimized with the Yoast SEO Premium plugin v25.3.1 (Yoast SEO v25.3.1) - https:\/\/yoast.com\/wordpress\/plugins\/seo\/ -->\n<title>S\u00e9jour Pause Fra\u00eecheur - Guadeloupe \/ Les Saintes - Vert Intense<\/title>\n<meta name=\"description\" content=\"Envie d\u2019un break ? R\u00e9servez le s\u00e9jour Pause Fra\u00eecheur : relaxez vous au bord de la piscine en Guadeloupe et profitez des plages et aux Saintes.\" \/>\n<meta name=\"robots\" content=\"index, follow, max-snippet:-1, max-image-preview:large, max-video-preview:-1\" \/>\n<link rel=\"canonical\" href=\"https:\/\/www.vert-intense.com\/nl\/zaken-guadeloupe\/sportieve-natuurverblijven-guadeloupe\/versheidsonderbreking\/\" \/>\n<meta property=\"og:locale\" content=\"nl_NL\" \/>\n<meta property=\"og:type\" content=\"article\" \/>\n<meta property=\"og:title\" content=\"S\u00e9jour Pause Fra\u00eecheur\" \/>\n<meta property=\"og:description\" content=\"Envie d\u2019un break ? R\u00e9servez le s\u00e9jour Pause Fra\u00eecheur : relaxez vous au bord de la piscine en Guadeloupe et profitez des plages et aux Saintes.\" \/>\n<meta property=\"og:url\" content=\"https:\/\/www.vert-intense.com\/nl\/zaken-guadeloupe\/sportieve-natuurverblijven-guadeloupe\/versheidsonderbreking\/\" \/>\n<meta property=\"og:site_name\" content=\"Vert Intense\" \/>\n<meta property=\"article:publisher\" content=\"https:\/\/www.facebook.com\/vertintense\" \/>\n<meta property=\"article:modified_time\" content=\"2025-05-04T15:42:32+00:00\" \/>\n<meta property=\"og:image\" content=\"https:\/\/www.vert-intense.com\/wp-content\/uploads\/2024\/10\/20231018_140647-scaled.jpg\" \/>\n\t<meta property=\"og:image:width\" content=\"2560\" \/>\n\t<meta property=\"og:image:height\" content=\"1196\" \/>\n\t<meta property=\"og:image:type\" content=\"image\/jpeg\" \/>\n<meta name=\"twitter:card\" content=\"summary_large_image\" \/>\n<meta name=\"twitter:label1\" content=\"Prijs\" \/>\n\t<meta name=\"twitter:data1\" content=\"382&euro;\" \/>\n\t<meta name=\"twitter:label2\" content=\"Beschikbaarheid\" \/>\n\t<meta name=\"twitter:data2\" content=\"Op voorraad\" \/>\n<script type=\"application\/ld+json\" class=\"yoast-schema-graph\">{\"@context\":\"https:\/\/schema.org\",\"@graph\":[{\"@type\":\"WebPage\",\"@id\":\"https:\/\/www.vert-intense.com\/activite-guadeloupe\/sejours-sportifs-nature-guadeloupe\/sejour-pause-fraicheur\/\",\"url\":\"https:\/\/www.vert-intense.com\/activite-guadeloupe\/sejours-sportifs-nature-guadeloupe\/sejour-pause-fraicheur\/\",\"name\":\"S\u00e9jour Pause Fra\u00eecheur - Guadeloupe \/ Les Saintes - Vert Intense\",\"isPartOf\":{\"@id\":\"https:\/\/www.vert-intense.com\/#website\"},\"primaryImageOfPage\":{\"@id\":\"https:\/\/www.vert-intense.com\/activite-guadeloupe\/sejours-sportifs-nature-guadeloupe\/sejour-pause-fraicheur\/#primaryimage\"},\"image\":{\"@id\":\"https:\/\/www.vert-intense.com\/activite-guadeloupe\/sejours-sportifs-nature-guadeloupe\/sejour-pause-fraicheur\/#primaryimage\"},\"thumbnailUrl\":\"https:\/\/i0.wp.com\/www.vert-intense.com\/wp-content\/uploads\/2024\/10\/20231018_140647-scaled.jpg?fit=2560%2C1196&ssl=1\",\"datePublished\":\"2024-10-01T12:47:28+00:00\",\"dateModified\":\"2025-05-04T15:42:32+00:00\",\"description\":\"Envie d\u2019un break ? R\u00e9servez le s\u00e9jour Pause Fra\u00eecheur : relaxez vous au bord de la piscine en Guadeloupe et profitez des plages et aux Saintes.\",\"breadcrumb\":{\"@id\":\"https:\/\/www.vert-intense.com\/activite-guadeloupe\/sejours-sportifs-nature-guadeloupe\/sejour-pause-fraicheur\/#breadcrumb\"},\"inLanguage\":\"nl-NL\",\"potentialAction\":[{\"@type\":\"ReadAction\",\"target\":[\"https:\/\/www.vert-intense.com\/activite-guadeloupe\/sejours-sportifs-nature-guadeloupe\/sejour-pause-fraicheur\/\"]}]},{\"@type\":\"ImageObject\",\"inLanguage\":\"nl-NL\",\"@id\":\"https:\/\/www.vert-intense.com\/activite-guadeloupe\/sejours-sportifs-nature-guadeloupe\/sejour-pause-fraicheur\/#primaryimage\",\"url\":\"https:\/\/i0.wp.com\/www.vert-intense.com\/wp-content\/uploads\/2024\/10\/20231018_140647-scaled.jpg?fit=2560%2C1196&ssl=1\",\"contentUrl\":\"https:\/\/i0.wp.com\/www.vert-intense.com\/wp-content\/uploads\/2024\/10\/20231018_140647-scaled.jpg?fit=2560%2C1196&ssl=1\",\"width\":2560,\"height\":1196,\"caption\":\"Piscine des Bananes Vertes\"},{\"@type\":\"BreadcrumbList\",\"@id\":\"https:\/\/www.vert-intense.com\/activite-guadeloupe\/sejours-sportifs-nature-guadeloupe\/sejour-pause-fraicheur\/#breadcrumb\",\"itemListElement\":[{\"@type\":\"ListItem\",\"position\":1,\"name\":\"Accueil\",\"item\":\"https:\/\/www.vert-intense.com\/\"},{\"@type\":\"ListItem\",\"position\":2,\"name\":\"Activit\u00e9s nature en Guadeloupe\",\"item\":\"https:\/\/www.vert-intense.com\/\"},{\"@type\":\"ListItem\",\"position\":3,\"name\":\"S\u00e9jour Pause Fra\u00eecheur\"}]},{\"@type\":\"WebSite\",\"@id\":\"https:\/\/www.vert-intense.com\/#website\",\"url\":\"https:\/\/www.vert-intense.com\/\",\"name\":\"Vert-Intense\",\"description\":\"R\u00e9servez vos activit\u00e9s d\u00e9couvertes en Guadeloupe\",\"publisher\":{\"@id\":\"https:\/\/www.vert-intense.com\/#organization\"},\"potentialAction\":[{\"@type\":\"SearchAction\",\"target\":{\"@type\":\"EntryPoint\",\"urlTemplate\":\"https:\/\/www.vert-intense.com\/?s={search_term_string}\"},\"query-input\":{\"@type\":\"PropertyValueSpecification\",\"valueRequired\":true,\"valueName\":\"search_term_string\"}}],\"inLanguage\":\"nl-NL\"},{\"@type\":\"Organization\",\"@id\":\"https:\/\/www.vert-intense.com\/#organization\",\"name\":\"Vert-Intense\",\"url\":\"https:\/\/www.vert-intense.com\/\",\"logo\":{\"@type\":\"ImageObject\",\"inLanguage\":\"nl-NL\",\"@id\":\"https:\/\/www.vert-intense.com\/#\/schema\/logo\/image\/\",\"url\":\"https:\/\/i0.wp.com\/www.vert-intense.com\/wp-content\/uploads\/2023\/07\/logo.png?fit=960%2C960&ssl=1\",\"contentUrl\":\"https:\/\/i0.wp.com\/www.vert-intense.com\/wp-content\/uploads\/2023\/07\/logo.png?fit=960%2C960&ssl=1\",\"width\":960,\"height\":960,\"caption\":\"Vert-Intense\"},\"image\":{\"@id\":\"https:\/\/www.vert-intense.com\/#\/schema\/logo\/image\/\"},\"sameAs\":[\"https:\/\/www.facebook.com\/vertintense\",\"https:\/\/www.tripadvisor.fr\/Attraction_Review-g1644623-d1649481-Reviews-Vert_Intense-Saint_Claude_Basse_Terre_Island_Guadeloupe.html\",\"https:\/\/www.tiktok.com\/@vertintense\",\"https:\/\/www.instagram.com\/vertintenseguadeloupe\/\",\"https:\/\/www.youtube.com\/channel\/UCRymXR1Pa7n50AOgFy9n3bA\"]}]}<\/script>\n<meta property=\"product:price:amount\" content=\"382\" \/>\n<meta property=\"product:price:currency\" content=\"EUR\" \/>\n<meta property=\"og:availability\" content=\"instock\" \/>\n<meta property=\"product:availability\" content=\"instock\" \/>\n<meta property=\"product:condition\" content=\"new\" \/>\n<!-- \/ Yoast SEO Premium plugin. -->","yoast_head_json":{"title":"Luchtverfrisser - Guadeloupe \/ Les Saintes - Intens Vert","description":"Op zoek naar een vakantie? Boek de Pause Fra\u00eecheur vakantie: ontspan bij het zwembad in Guadeloupe en geniet van de stranden van Les Saintes.","robots":{"index":"index","follow":"follow","max-snippet":"max-snippet:-1","max-image-preview":"max-image-preview:large","max-video-preview":"max-video-preview:-1"},"canonical":"https:\/\/www.vert-intense.com\/nl\/zaken-guadeloupe\/sportieve-natuurverblijven-guadeloupe\/versheidsonderbreking\/","og_locale":"nl_NL","og_type":"article","og_title":"S\u00e9jour Pause Fra\u00eecheur","og_description":"Envie d\u2019un break ? R\u00e9servez le s\u00e9jour Pause Fra\u00eecheur : relaxez vous au bord de la piscine en Guadeloupe et profitez des plages et aux Saintes.","og_url":"https:\/\/www.vert-intense.com\/nl\/zaken-guadeloupe\/sportieve-natuurverblijven-guadeloupe\/versheidsonderbreking\/","og_site_name":"Vert Intense","article_publisher":"https:\/\/www.facebook.com\/vertintense","article_modified_time":"2025-05-04T15:42:32+00:00","og_image":[{"width":2560,"height":1196,"url":"https:\/\/www.vert-intense.com\/wp-content\/uploads\/2024\/10\/20231018_140647-scaled.jpg","type":"image\/jpeg"}],"twitter_card":"summary_large_image","twitter_misc":{"Prijs":"382&euro;","Beschikbaarheid":"Op voorraad"},"schema":{"@context":"https:\/\/schema.org","@graph":[{"@type":"WebPage","@id":"https:\/\/www.vert-intense.com\/activite-guadeloupe\/sejours-sportifs-nature-guadeloupe\/sejour-pause-fraicheur\/","url":"https:\/\/www.vert-intense.com\/activite-guadeloupe\/sejours-sportifs-nature-guadeloupe\/sejour-pause-fraicheur\/","name":"Luchtverfrisser - Guadeloupe \/ Les Saintes - Intens Vert","isPartOf":{"@id":"https:\/\/www.vert-intense.com\/#website"},"primaryImageOfPage":{"@id":"https:\/\/www.vert-intense.com\/activite-guadeloupe\/sejours-sportifs-nature-guadeloupe\/sejour-pause-fraicheur\/#primaryimage"},"image":{"@id":"https:\/\/www.vert-intense.com\/activite-guadeloupe\/sejours-sportifs-nature-guadeloupe\/sejour-pause-fraicheur\/#primaryimage"},"thumbnailUrl":"https:\/\/i0.wp.com\/www.vert-intense.com\/wp-content\/uploads\/2024\/10\/20231018_140647-scaled.jpg?fit=2560%2C1196&ssl=1","datePublished":"2024-10-01T12:47:28+00:00","dateModified":"2025-05-04T15:42:32+00:00","description":"Op zoek naar een vakantie? Boek de Pause Fra\u00eecheur vakantie: ontspan bij het zwembad in Guadeloupe en geniet van de stranden van Les Saintes.","breadcrumb":{"@id":"https:\/\/www.vert-intense.com\/activite-guadeloupe\/sejours-sportifs-nature-guadeloupe\/sejour-pause-fraicheur\/#breadcrumb"},"inLanguage":"nl-NL","potentialAction":[{"@type":"ReadAction","target":["https:\/\/www.vert-intense.com\/activite-guadeloupe\/sejours-sportifs-nature-guadeloupe\/sejour-pause-fraicheur\/"]}]},{"@type":"ImageObject","inLanguage":"nl-NL","@id":"https:\/\/www.vert-intense.com\/activite-guadeloupe\/sejours-sportifs-nature-guadeloupe\/sejour-pause-fraicheur\/#primaryimage","url":"https:\/\/i0.wp.com\/www.vert-intense.com\/wp-content\/uploads\/2024\/10\/20231018_140647-scaled.jpg?fit=2560%2C1196&ssl=1","contentUrl":"https:\/\/i0.wp.com\/www.vert-intense.com\/wp-content\/uploads\/2024\/10\/20231018_140647-scaled.jpg?fit=2560%2C1196&ssl=1","width":2560,"height":1196,"caption":"Piscine des Bananes Vertes"},{"@type":"BreadcrumbList","@id":"https:\/\/www.vert-intense.com\/activite-guadeloupe\/sejours-sportifs-nature-guadeloupe\/sejour-pause-fraicheur\/#breadcrumb","itemListElement":[{"@type":"ListItem","position":1,"name":"Accueil","item":"https:\/\/www.vert-intense.com\/"},{"@type":"ListItem","position":2,"name":"Activit\u00e9s nature en Guadeloupe","item":"https:\/\/www.vert-intense.com\/"},{"@type":"ListItem","position":3,"name":"S\u00e9jour Pause Fra\u00eecheur"}]},{"@type":"WebSite","@id":"https:\/\/www.vert-intense.com\/#website","url":"https:\/\/www.vert-intense.com\/","name":"Vert-Intense","description":"Boek je ontdekkingsactiviteiten in Guadeloupe","publisher":{"@id":"https:\/\/www.vert-intense.com\/#organization"},"potentialAction":[{"@type":"SearchAction","target":{"@type":"EntryPoint","urlTemplate":"https:\/\/www.vert-intense.com\/?s={search_term_string}"},"query-input":{"@type":"PropertyValueSpecification","valueRequired":true,"valueName":"search_term_string"}}],"inLanguage":"nl-NL"},{"@type":"Organization","@id":"https:\/\/www.vert-intense.com\/#organization","name":"Vert-Intense","url":"https:\/\/www.vert-intense.com\/","logo":{"@type":"ImageObject","inLanguage":"nl-NL","@id":"https:\/\/www.vert-intense.com\/#\/schema\/logo\/image\/","url":"https:\/\/i0.wp.com\/www.vert-intense.com\/wp-content\/uploads\/2023\/07\/logo.png?fit=960%2C960&ssl=1","contentUrl":"https:\/\/i0.wp.com\/www.vert-intense.com\/wp-content\/uploads\/2023\/07\/logo.png?fit=960%2C960&ssl=1","width":960,"height":960,"caption":"Vert-Intense"},"image":{"@id":"https:\/\/www.vert-intense.com\/#\/schema\/logo\/image\/"},"sameAs":["https:\/\/www.facebook.com\/vertintense","https:\/\/www.tripadvisor.fr\/Attraction_Review-g1644623-d1649481-Reviews-Vert_Intense-Saint_Claude_Basse_Terre_Island_Guadeloupe.html","https:\/\/www.tiktok.com\/@vertintense","https:\/\/www.instagram.com\/vertintenseguadeloupe\/","https:\/\/www.youtube.com\/channel\/UCRymXR1Pa7n50AOgFy9n3bA"]}]},"product_price_amount":"382","product_price_currency":"EUR","og_availability":"instock","product_availability":"instock","product_condition":"new"},"jetpack_sharing_enabled":true,"_links":{"self":[{"href":"https:\/\/www.vert-intense.com\/nl\/wp-json\/wp\/v2\/product\/6287"}],"collection":[{"href":"https:\/\/www.vert-intense.com\/nl\/wp-json\/wp\/v2\/product"}],"about":[{"href":"https:\/\/www.vert-intense.com\/nl\/wp-json\/wp\/v2\/types\/product"}],"wp:featuredmedia":[{"embeddable":true,"href":"https:\/\/www.vert-intense.com\/nl\/wp-json\/wp\/v2\/media\/6316"}],"wp:attachment":[{"href":"https:\/\/www.vert-intense.com\/nl\/wp-json\/wp\/v2\/media?parent=6287"}],"wp:term":[{"taxonomy":"product_cat","embeddable":true,"href":"https:\/\/www.vert-intense.com\/nl\/wp-json\/wp\/v2\/product_cat?post=6287"},{"taxonomy":"product_tag","embeddable":true,"href":"https:\/\/www.vert-intense.com\/nl\/wp-json\/wp\/v2\/product_tag?post=6287"}],"curies":[{"name":"wp","href":"https:\/\/api.w.org\/{rel}","templated":true}]}}