{"id":3229,"date":"2024-05-28T10:40:17","date_gmt":"2024-05-28T08:40:17","guid":{"rendered":"http:\/\/xedhqzi.cluster100.hosting.ovh.net\/?post_type=product&#038;p=3229"},"modified":"2026-04-21T19:05:43","modified_gmt":"2026-04-21T23:05:43","slug":"canyon-dufour","status":"publish","type":"product","link":"https:\/\/www.vert-intense.com\/nl\/zaken-guadeloupe\/canyoning-guadeloupe\/canyon-dufour\/","title":{"rendered":"Canyon Dufour"},"content":{"rendered":"<h3 style=\"text-align: center;\">Canyon Dufour in Guadeloupe<\/h3>\n<p>Ontdek het indrukwekkende abseilen van de Canyon Dufour in Guadeloupe. Er staan je 6 fantastische abseilafdalingen te wachten, waaronder een afdaling van 30 m door de prachtige tropische vegetatie. Sensatie gegarandeerd! De Canyon de Dufour ligt in het zuiden van Basse-Terre, op de gemeente Vieux Habitants aan het einde van de Vall\u00e9e de Beaugendre.<\/p>\n<h4><strong>Cursus<\/strong><\/h4>\n<p><u><strong>Voorbereiding :<\/strong><\/u> We wachten op je bij Boulangerie Andr\u00e9 aan de ingang van de Beaugendre vallei, met een geolocatie naar je toegestuurd natuurlijk! We beginnen met een korte rit naar het einde van de Beaugendre vallei. Daar voorzien we je van de specifieke uitrusting die je nodig hebt voor de canyon van Dufour. Zelfs als je in Guadeloupe bent, is een lang neopreen wetsuit verplicht. <u><\/u> <u><strong>Activiteit :<\/strong><\/u> Na een korte aanloopwandeling van 15 minuten bergopwaarts staan we aan het begin van het ravijn Dufour.  De afdaling van het ravijn Dufour begint nu. We hebben 3 uur en 00 minuten voor de boeg, met 6 abseilafdalingen, waarvan \u00e9\u00e9n van 30 meter lang, sprongen en rivierwandelingen snel achter elkaar. <u><strong>Aankomst :<\/strong><\/u> En nu zijn we bij de uitgang van de canyon van Dufour, nog 20 minuten lopen naar de auto. Dan laten we jullie gaan, met een hoofd vol herinneringen, daar zijn we zeker van!<\/p>\n<h4><strong>Route-informatie<\/strong><\/h4>\n<ul>\n<li>Rivier: Rivi\u00e8re Dufour (technische moeilijkheidsgraad: moeilijk)<\/li>\n<li>Routebeschrijving: Vallei van Beaugendre<\/li>\n<li>Totale tijd: 4 uur<\/li>\n<li>Tijd doorgebracht in de canyon: 3 h 00<\/li>\n<li>Abseilhoogte: tot 30 m<\/li>\n<\/ul>\n<h4><strong>Diensten<\/strong><\/h4>\n<ul>\n<li>Volledige canyoninguitrusting (neopreen wetsuit, helm, lenen van schoenen van 36 tot 46)<\/li>\n<li>Hoogwaardige harnassen en canyoninguitrusting<\/li>\n<li>Gecertificeerde canyoning gids<\/li>\n<\/ul>\n<h4><\/h4>\n<h4><strong>Brengen<\/strong><\/h4>\n<ul>\n<li>Zwemkleding<\/li>\n<li>Trainers<\/li>\n<li>Handdoek<\/li>\n<li>Brillenkoord<\/li>\n<\/ul>\n<h4><\/h4>\n<h4><strong>Voorwaarden<\/strong><\/h4>\n<ul>\n<li>\u00a0Minimumleeftijd: 14<\/li>\n<li>Lichamelijke fitheid<\/li>\n<li>Weten hoe je moet zwemmen<\/li>\n<\/ul>\n<p>Als gevolg van slecht weer kan je een andere datum of een terugbetaling worden aangeboden (zeldzaam, maar het gebeurt!).<\/p>","protected":false},"excerpt":{"rendered":"<p class=\"ai-optimize-25\">Ontdek het indrukwekkende abseilen van de Canyon Dufour in Guadeloupe. Er staan je 6 fantastische abseilafdalingen te wachten, waaronder een afdaling van 30 m door de prachtige tropische vegetatie. Sensatie gegarandeerd!<\/p>","protected":false},"featured_media":3918,"template":"","meta":[],"product_cat":[24],"product_tag":[125,129,128,126],"class_list":{"0":"post-3229","1":"product","2":"type-product","3":"status-publish","4":"has-post-thumbnail","6":"product_cat-canyoning-guadeloupe","7":"product_tag-canyoning-bleu-niveau-moyen","8":"product_tag-canyoning-noir-niveau-tres-difficile","9":"product_tag-canyoning-rouge-niveau-difficile","10":"product_tag-randonnee-bleu-niveau-moyen","12":"first","13":"instock","14":"virtual","15":"sold-individually","16":"taxable","17":"purchasable","18":"product-type-booking"},"yoast_head":"<!-- This site is optimized with the Yoast SEO Premium plugin v25.3.1 (Yoast SEO v25.3.1) - https:\/\/yoast.com\/wordpress\/plugins\/seo\/ -->\n<title>Canyon Dufour en Guadeloupe : Le canyon de l&#039;aventure ultime<\/title>\n<meta name=\"description\" content=\"D\u00e9couvrez des descentes en rappel vertigineuses dans un cadre tropical unique avec le Canyon Dufour en Guadeloupe. R\u00e9servez d\u00e8s maintenant !\" \/>\n<meta name=\"robots\" content=\"index, follow, max-snippet:-1, max-image-preview:large, max-video-preview:-1\" \/>\n<link rel=\"canonical\" href=\"https:\/\/www.vert-intense.com\/nl\/zaken-guadeloupe\/canyoning-guadeloupe\/canyon-dufour\/\" \/>\n<meta property=\"og:locale\" content=\"nl_NL\" \/>\n<meta property=\"og:type\" content=\"article\" \/>\n<meta property=\"og:title\" content=\"Canyon Dufour\" \/>\n<meta property=\"og:description\" content=\"D\u00e9couvrez des descentes en rappel vertigineuses dans un cadre tropical unique avec le Canyon Dufour en Guadeloupe. R\u00e9servez d\u00e8s maintenant !\" \/>\n<meta property=\"og:url\" content=\"https:\/\/www.vert-intense.com\/nl\/zaken-guadeloupe\/canyoning-guadeloupe\/canyon-dufour\/\" \/>\n<meta property=\"og:site_name\" content=\"Vert Intense\" \/>\n<meta property=\"article:publisher\" content=\"https:\/\/www.facebook.com\/vertintense\" \/>\n<meta property=\"article:modified_time\" content=\"2026-04-21T23:05:43+00:00\" \/>\n<meta property=\"og:image\" content=\"https:\/\/www.vert-intense.com\/wp-content\/uploads\/2024\/05\/dufour3.jpg\" \/>\n\t<meta property=\"og:image:width\" content=\"1440\" \/>\n\t<meta property=\"og:image:height\" content=\"1080\" \/>\n\t<meta property=\"og:image:type\" content=\"image\/jpeg\" \/>\n<meta name=\"twitter:card\" content=\"summary_large_image\" \/>\n<meta name=\"twitter:label1\" content=\"Prijs\" \/>\n\t<meta name=\"twitter:data1\" content=\"80&euro;\" \/>\n\t<meta name=\"twitter:label2\" content=\"Beschikbaarheid\" \/>\n\t<meta name=\"twitter:data2\" content=\"Op voorraad\" \/>\n<script type=\"application\/ld+json\" class=\"yoast-schema-graph\">{\"@context\":\"https:\/\/schema.org\",\"@graph\":[{\"@type\":\"WebPage\",\"@id\":\"https:\/\/www.vert-intense.com\/activite-guadeloupe\/canyoning-guadeloupe\/canyon-dufour\/\",\"url\":\"https:\/\/www.vert-intense.com\/activite-guadeloupe\/canyoning-guadeloupe\/canyon-dufour\/\",\"name\":\"Canyon Dufour en Guadeloupe : Le canyon de l'aventure ultime\",\"isPartOf\":{\"@id\":\"https:\/\/www.vert-intense.com\/#website\"},\"primaryImageOfPage\":{\"@id\":\"https:\/\/www.vert-intense.com\/activite-guadeloupe\/canyoning-guadeloupe\/canyon-dufour\/#primaryimage\"},\"image\":{\"@id\":\"https:\/\/www.vert-intense.com\/activite-guadeloupe\/canyoning-guadeloupe\/canyon-dufour\/#primaryimage\"},\"thumbnailUrl\":\"https:\/\/i0.wp.com\/www.vert-intense.com\/wp-content\/uploads\/2024\/05\/dufour3.jpg?fit=1440%2C1080&ssl=1\",\"datePublished\":\"2024-05-28T08:40:17+00:00\",\"dateModified\":\"2026-04-21T23:05:43+00:00\",\"description\":\"D\u00e9couvrez des descentes en rappel vertigineuses dans un cadre tropical unique avec le Canyon Dufour en Guadeloupe. R\u00e9servez d\u00e8s maintenant !\",\"breadcrumb\":{\"@id\":\"https:\/\/www.vert-intense.com\/activite-guadeloupe\/canyoning-guadeloupe\/canyon-dufour\/#breadcrumb\"},\"inLanguage\":\"nl-NL\",\"potentialAction\":[{\"@type\":\"ReadAction\",\"target\":[\"https:\/\/www.vert-intense.com\/activite-guadeloupe\/canyoning-guadeloupe\/canyon-dufour\/\"]}]},{\"@type\":\"ImageObject\",\"inLanguage\":\"nl-NL\",\"@id\":\"https:\/\/www.vert-intense.com\/activite-guadeloupe\/canyoning-guadeloupe\/canyon-dufour\/#primaryimage\",\"url\":\"https:\/\/i0.wp.com\/www.vert-intense.com\/wp-content\/uploads\/2024\/05\/dufour3.jpg?fit=1440%2C1080&ssl=1\",\"contentUrl\":\"https:\/\/i0.wp.com\/www.vert-intense.com\/wp-content\/uploads\/2024\/05\/dufour3.jpg?fit=1440%2C1080&ssl=1\",\"width\":1440,\"height\":1080,\"caption\":\"Rappel impressionnant Canyon Dufour Guadeloupe\"},{\"@type\":\"BreadcrumbList\",\"@id\":\"https:\/\/www.vert-intense.com\/activite-guadeloupe\/canyoning-guadeloupe\/canyon-dufour\/#breadcrumb\",\"itemListElement\":[{\"@type\":\"ListItem\",\"position\":1,\"name\":\"Accueil\",\"item\":\"https:\/\/www.vert-intense.com\/\"},{\"@type\":\"ListItem\",\"position\":2,\"name\":\"Activit\u00e9s nature en Guadeloupe\",\"item\":\"https:\/\/www.vert-intense.com\/\"},{\"@type\":\"ListItem\",\"position\":3,\"name\":\"Canyon Dufour\"}]},{\"@type\":\"WebSite\",\"@id\":\"https:\/\/www.vert-intense.com\/#website\",\"url\":\"https:\/\/www.vert-intense.com\/\",\"name\":\"Vert-Intense\",\"description\":\"R\u00e9servez vos activit\u00e9s d\u00e9couvertes en Guadeloupe\",\"publisher\":{\"@id\":\"https:\/\/www.vert-intense.com\/#organization\"},\"potentialAction\":[{\"@type\":\"SearchAction\",\"target\":{\"@type\":\"EntryPoint\",\"urlTemplate\":\"https:\/\/www.vert-intense.com\/?s={search_term_string}\"},\"query-input\":{\"@type\":\"PropertyValueSpecification\",\"valueRequired\":true,\"valueName\":\"search_term_string\"}}],\"inLanguage\":\"nl-NL\"},{\"@type\":\"Organization\",\"@id\":\"https:\/\/www.vert-intense.com\/#organization\",\"name\":\"Vert-Intense\",\"url\":\"https:\/\/www.vert-intense.com\/\",\"logo\":{\"@type\":\"ImageObject\",\"inLanguage\":\"nl-NL\",\"@id\":\"https:\/\/www.vert-intense.com\/#\/schema\/logo\/image\/\",\"url\":\"https:\/\/i0.wp.com\/www.vert-intense.com\/wp-content\/uploads\/2023\/07\/logo.png?fit=960%2C960&ssl=1\",\"contentUrl\":\"https:\/\/i0.wp.com\/www.vert-intense.com\/wp-content\/uploads\/2023\/07\/logo.png?fit=960%2C960&ssl=1\",\"width\":960,\"height\":960,\"caption\":\"Vert-Intense\"},\"image\":{\"@id\":\"https:\/\/www.vert-intense.com\/#\/schema\/logo\/image\/\"},\"sameAs\":[\"https:\/\/www.facebook.com\/vertintense\",\"https:\/\/www.tripadvisor.fr\/Attraction_Review-g1644623-d1649481-Reviews-Vert_Intense-Saint_Claude_Basse_Terre_Island_Guadeloupe.html\",\"https:\/\/www.tiktok.com\/@vertintense\",\"https:\/\/www.instagram.com\/vertintenseguadeloupe\/\",\"https:\/\/www.youtube.com\/channel\/UCRymXR1Pa7n50AOgFy9n3bA\"]}]}<\/script>\n<meta property=\"product:price:amount\" content=\"80\" \/>\n<meta property=\"product:price:currency\" content=\"EUR\" \/>\n<meta property=\"og:availability\" content=\"instock\" \/>\n<meta property=\"product:availability\" content=\"instock\" \/>\n<meta property=\"product:condition\" content=\"new\" \/>\n<!-- \/ Yoast SEO Premium plugin. -->","yoast_head_json":{"title":"Canyon Dufour in Guadeloupe: De ultieme avontuurlijke canyon","description":"Ontdek adembenemend abseilen in een unieke tropische omgeving bij Canyon Dufour in Guadeloupe. Boek nu!","robots":{"index":"index","follow":"follow","max-snippet":"max-snippet:-1","max-image-preview":"max-image-preview:large","max-video-preview":"max-video-preview:-1"},"canonical":"https:\/\/www.vert-intense.com\/nl\/zaken-guadeloupe\/canyoning-guadeloupe\/canyon-dufour\/","og_locale":"nl_NL","og_type":"article","og_title":"Canyon Dufour","og_description":"D\u00e9couvrez des descentes en rappel vertigineuses dans un cadre tropical unique avec le Canyon Dufour en Guadeloupe. R\u00e9servez d\u00e8s maintenant !","og_url":"https:\/\/www.vert-intense.com\/nl\/zaken-guadeloupe\/canyoning-guadeloupe\/canyon-dufour\/","og_site_name":"Vert Intense","article_publisher":"https:\/\/www.facebook.com\/vertintense","article_modified_time":"2026-04-21T23:05:43+00:00","og_image":[{"width":1440,"height":1080,"url":"https:\/\/www.vert-intense.com\/wp-content\/uploads\/2024\/05\/dufour3.jpg","type":"image\/jpeg"}],"twitter_card":"summary_large_image","twitter_misc":{"Prijs":"80&euro;","Beschikbaarheid":"Op voorraad"},"schema":{"@context":"https:\/\/schema.org","@graph":[{"@type":"WebPage","@id":"https:\/\/www.vert-intense.com\/activite-guadeloupe\/canyoning-guadeloupe\/canyon-dufour\/","url":"https:\/\/www.vert-intense.com\/activite-guadeloupe\/canyoning-guadeloupe\/canyon-dufour\/","name":"Canyon Dufour in Guadeloupe: De ultieme avontuurlijke canyon","isPartOf":{"@id":"https:\/\/www.vert-intense.com\/#website"},"primaryImageOfPage":{"@id":"https:\/\/www.vert-intense.com\/activite-guadeloupe\/canyoning-guadeloupe\/canyon-dufour\/#primaryimage"},"image":{"@id":"https:\/\/www.vert-intense.com\/activite-guadeloupe\/canyoning-guadeloupe\/canyon-dufour\/#primaryimage"},"thumbnailUrl":"https:\/\/i0.wp.com\/www.vert-intense.com\/wp-content\/uploads\/2024\/05\/dufour3.jpg?fit=1440%2C1080&ssl=1","datePublished":"2024-05-28T08:40:17+00:00","dateModified":"2026-04-21T23:05:43+00:00","description":"Ontdek adembenemend abseilen in een unieke tropische omgeving bij Canyon Dufour in Guadeloupe. Boek nu!","breadcrumb":{"@id":"https:\/\/www.vert-intense.com\/activite-guadeloupe\/canyoning-guadeloupe\/canyon-dufour\/#breadcrumb"},"inLanguage":"nl-NL","potentialAction":[{"@type":"ReadAction","target":["https:\/\/www.vert-intense.com\/activite-guadeloupe\/canyoning-guadeloupe\/canyon-dufour\/"]}]},{"@type":"ImageObject","inLanguage":"nl-NL","@id":"https:\/\/www.vert-intense.com\/activite-guadeloupe\/canyoning-guadeloupe\/canyon-dufour\/#primaryimage","url":"https:\/\/i0.wp.com\/www.vert-intense.com\/wp-content\/uploads\/2024\/05\/dufour3.jpg?fit=1440%2C1080&ssl=1","contentUrl":"https:\/\/i0.wp.com\/www.vert-intense.com\/wp-content\/uploads\/2024\/05\/dufour3.jpg?fit=1440%2C1080&ssl=1","width":1440,"height":1080,"caption":"Rappel impressionnant Canyon Dufour Guadeloupe"},{"@type":"BreadcrumbList","@id":"https:\/\/www.vert-intense.com\/activite-guadeloupe\/canyoning-guadeloupe\/canyon-dufour\/#breadcrumb","itemListElement":[{"@type":"ListItem","position":1,"name":"Accueil","item":"https:\/\/www.vert-intense.com\/"},{"@type":"ListItem","position":2,"name":"Activit\u00e9s nature en Guadeloupe","item":"https:\/\/www.vert-intense.com\/"},{"@type":"ListItem","position":3,"name":"Canyon Dufour"}]},{"@type":"WebSite","@id":"https:\/\/www.vert-intense.com\/#website","url":"https:\/\/www.vert-intense.com\/","name":"Vert-Intense","description":"Boek je ontdekkingsactiviteiten in Guadeloupe","publisher":{"@id":"https:\/\/www.vert-intense.com\/#organization"},"potentialAction":[{"@type":"SearchAction","target":{"@type":"EntryPoint","urlTemplate":"https:\/\/www.vert-intense.com\/?s={search_term_string}"},"query-input":{"@type":"PropertyValueSpecification","valueRequired":true,"valueName":"search_term_string"}}],"inLanguage":"nl-NL"},{"@type":"Organization","@id":"https:\/\/www.vert-intense.com\/#organization","name":"Vert-Intense","url":"https:\/\/www.vert-intense.com\/","logo":{"@type":"ImageObject","inLanguage":"nl-NL","@id":"https:\/\/www.vert-intense.com\/#\/schema\/logo\/image\/","url":"https:\/\/i0.wp.com\/www.vert-intense.com\/wp-content\/uploads\/2023\/07\/logo.png?fit=960%2C960&ssl=1","contentUrl":"https:\/\/i0.wp.com\/www.vert-intense.com\/wp-content\/uploads\/2023\/07\/logo.png?fit=960%2C960&ssl=1","width":960,"height":960,"caption":"Vert-Intense"},"image":{"@id":"https:\/\/www.vert-intense.com\/#\/schema\/logo\/image\/"},"sameAs":["https:\/\/www.facebook.com\/vertintense","https:\/\/www.tripadvisor.fr\/Attraction_Review-g1644623-d1649481-Reviews-Vert_Intense-Saint_Claude_Basse_Terre_Island_Guadeloupe.html","https:\/\/www.tiktok.com\/@vertintense","https:\/\/www.instagram.com\/vertintenseguadeloupe\/","https:\/\/www.youtube.com\/channel\/UCRymXR1Pa7n50AOgFy9n3bA"]}]},"product_price_amount":"80","product_price_currency":"EUR","og_availability":"instock","product_availability":"instock","product_condition":"new"},"jetpack_sharing_enabled":true,"_links":{"self":[{"href":"https:\/\/www.vert-intense.com\/nl\/wp-json\/wp\/v2\/product\/3229"}],"collection":[{"href":"https:\/\/www.vert-intense.com\/nl\/wp-json\/wp\/v2\/product"}],"about":[{"href":"https:\/\/www.vert-intense.com\/nl\/wp-json\/wp\/v2\/types\/product"}],"wp:featuredmedia":[{"embeddable":true,"href":"https:\/\/www.vert-intense.com\/nl\/wp-json\/wp\/v2\/media\/3918"}],"wp:attachment":[{"href":"https:\/\/www.vert-intense.com\/nl\/wp-json\/wp\/v2\/media?parent=3229"}],"wp:term":[{"taxonomy":"product_cat","embeddable":true,"href":"https:\/\/www.vert-intense.com\/nl\/wp-json\/wp\/v2\/product_cat?post=3229"},{"taxonomy":"product_tag","embeddable":true,"href":"https:\/\/www.vert-intense.com\/nl\/wp-json\/wp\/v2\/product_tag?post=3229"}],"curies":[{"name":"wp","href":"https:\/\/api.w.org\/{rel}","templated":true}]}}