{"id":2558,"date":"2023-12-13T15:07:43","date_gmt":"2023-12-13T14:07:43","guid":{"rendered":"http:\/\/xedhqzi.cluster100.hosting.ovh.net\/?post_type=product&#038;p=2558"},"modified":"2025-05-04T06:26:42","modified_gmt":"2025-05-04T10:26:42","slug":"gratis-wandelingen-guadeloupe-12-dagen","status":"publish","type":"product","link":"https:\/\/www.vert-intense.com\/nl\/zaken-guadeloupe\/sportieve-natuurverblijven-guadeloupe\/gratis-wandelingen-guadeloupe-12-dagen\/","title":{"rendered":"Guadeloupe Vrijheid 12 dagen"},"content":{"rendered":"<h3 style=\"text-align: center;\">Wandelvakanties in Guadeloupe<\/h3>\n<h3 style=\"text-align: center;\">(12 dagen)<\/h3>\n<p>&nbsp;<\/p>\n<p>Haal het meeste uit je wandelvakantie in Guadeloupe met een speciaal ontworpen routeboek om je te helpen de archipel van Guadeloupe te ontdekken. Voor elke dag vind je verschillende voorgestelde wandelingen, afhankelijk van je conditie en wensen. Je vindt er ook tal van adressen waar je de smaken, tradities en het culturele erfgoed van Guadeloupe kunt ontdekken.<\/p>\n<p>Uw accommodatie met Europees Ecolabel ligt aan de voet van de vulkaan Soufri\u00e8re in de gemeente Saint-Claude, op een hoogte van 500 meter. Je gastheer en gastvrouw, Laurence en Eric, beiden berggidsen, zijn goed bekend met de paden van het Guadeloupe National Park en geven je graag alle informatie die je nodig hebt om je verblijf onvergetelijk te maken.<\/p>\n<p>&nbsp;<\/p>\n<h4><strong>Programma details :<\/strong><\/h4>\n<ul>\n<li>Dag 1: aankomst bij Bananes Vertes in Saint-Claude<\/li>\n<li>Dag 2: Vrijheidswandeling op de Grande Pointe in Trois-Rivi\u00e8res<\/li>\n<li>Dag 3: Begeleide beklimming van de top van de vulkaan La Soufri\u00e8re<\/li>\n<li>Dag 4: Wandeling langs de kustlijn van Port-Louis<\/li>\n<li>Dag 5: Wandeling naar de watervallen van Carbet<\/li>\n<li>Dag 6: Ontdek de kustlijn van Noord-Basse-Terre<\/li>\n<li>Dag 7: wandeling naar de Galion waterval<\/li>\n<li>Dag 8: De archipel van Saintes<\/li>\n<li>Dag 9: Kameel trektocht<\/li>\n<li>Dag 10: Het eiland Terre-de-Bas ontdekken<\/li>\n<li>Dag 11: Ontdek Pointe-\u00e0-Pitre, luchthaven.<\/li>\n<li>Dag 12: Aankomst in Parijs<\/li>\n<\/ul>\n<p><strong>\u00a0<\/strong><\/p>\n<h4><strong>De prijs is inclusief<\/strong><\/h4>\n<ul>\n<li>Accommodatie voor de duur van je verblijf<\/li>\n<li>Diner op de eerste avond in je lodge<\/li>\n<li>Een basis 1e ontbijt<\/li>\n<li>Cat A huurauto voor de duur van je verblijf<\/li>\n<li>Begeleide wandeling naar La Soufri\u00e8re<\/li>\n<li>Bootticket voor Les Saintes vanuit Trois-Rivi\u00e8res<\/li>\n<li>De briefing waarin de reis wordt gepresenteerd en het digitale logboek<\/li>\n<li>Ophalen en wegbrengen van je bagage bij aankomst in Les Saintes<\/li>\n<li>Verblijf in een vrijstaand huis in La Petite Villa des Saintes<\/li>\n<\/ul>\n<p>&nbsp;<\/p>\n<h4><strong>De prijs is exclusief :<\/strong><\/h4>\n<ul>\n<li>De vlucht naar Guadeloupe<\/li>\n<li>Diners, lunches en ontbijt<\/li>\n<li>Parkeerplaatsen bij Carbet en de aanlegsteiger voor Les Saintes<\/li>\n<li>Brandstof voor uw voertuig<\/li>\n<li>Fooien en andere zaken die niet bij de prijs zijn inbegrepen<\/li>\n<li>Bezoek aan Fort Napol\u00e9on (ca. \u20ac 7,50)<\/li>\n<li>Retourticket naar Terre de Bas (ca. \u20ac10\/persoon retour)<\/li>\n<li>Opties<\/li>\n<\/ul>\n<p>&nbsp;<\/p>\n<p><strong>Goed om te weten:<\/strong>\u00a0 We staan gedurende je hele verblijf tot je beschikking om je alle informatie te geven die je nodig hebt om je reis soepel te laten verlopen. Je krijgt je reisschema toegestuurd zodra je boekt, samen met een lijst met aanbevolen uitrusting om je te helpen de tropische omgeving onder de knie te krijgen.<\/p>","protected":false},"excerpt":{"rendered":"<p>Boek je wandelvakantie met eigen gids in Guadeloupe en ontdek de archipel van Guadeloupe in je eigen tempo.<\/p>","protected":false},"featured_media":2537,"template":"","meta":[],"product_cat":[28],"product_tag":[131,130],"class_list":{"0":"post-2558","1":"product","2":"type-product","3":"status-publish","4":"has-post-thumbnail","6":"product_cat-sejours-sportifs-nature-guadeloupe","7":"product_tag-sejour-multi-sports-guadeloupe","8":"product_tag-sejour-randonnee-liberte","10":"first","11":"instock","12":"virtual","13":"sold-individually","14":"taxable","15":"purchasable","16":"product-type-booking"},"yoast_head":"<!-- This site is optimized with the Yoast SEO Premium plugin v25.3.1 (Yoast SEO v25.3.1) - https:\/\/yoast.com\/wordpress\/plugins\/seo\/ -->\n<title>S\u00e9jour Randonn\u00e9e Libert\u00e9 en Guadeloupe: D\u00e9couvrez l&#039;Archipel - Vert Intense<\/title>\n<meta name=\"description\" content=\"Profitez d&#039;un s\u00e9jour randonn\u00e9e libert\u00e9 en Guadeloupe. Des randonn\u00e9es et des adresses pour d\u00e9couvrir la nature et la culture locale. R\u00e9servez d\u00e8s maintenant!\" \/>\n<meta name=\"robots\" content=\"index, follow, max-snippet:-1, max-image-preview:large, max-video-preview:-1\" \/>\n<link rel=\"canonical\" href=\"https:\/\/www.vert-intense.com\/nl\/zaken-guadeloupe\/sportieve-natuurverblijven-guadeloupe\/gratis-wandelingen-guadeloupe-12-dagen\/\" \/>\n<meta property=\"og:locale\" content=\"nl_NL\" \/>\n<meta property=\"og:type\" content=\"article\" \/>\n<meta property=\"og:title\" content=\"Randonn\u00e9es Libert\u00e9 Guadeloupe 12 jours\" \/>\n<meta property=\"og:description\" content=\"Profitez d&#039;un s\u00e9jour randonn\u00e9e libert\u00e9 en Guadeloupe. Des randonn\u00e9es et des adresses pour d\u00e9couvrir la nature et la culture locale. R\u00e9servez d\u00e8s maintenant!\" \/>\n<meta property=\"og:url\" content=\"https:\/\/www.vert-intense.com\/nl\/zaken-guadeloupe\/sportieve-natuurverblijven-guadeloupe\/gratis-wandelingen-guadeloupe-12-dagen\/\" \/>\n<meta property=\"og:site_name\" content=\"Vert Intense\" \/>\n<meta property=\"article:publisher\" content=\"https:\/\/www.facebook.com\/vertintense\" \/>\n<meta property=\"article:modified_time\" content=\"2025-05-04T10:26:42+00:00\" \/>\n<meta property=\"og:image\" content=\"https:\/\/www.vert-intense.com\/wp-content\/uploads\/2023\/12\/20230316_104945-Copier.jpg\" \/>\n\t<meta property=\"og:image:width\" content=\"1178\" \/>\n\t<meta property=\"og:image:height\" content=\"887\" \/>\n\t<meta property=\"og:image:type\" content=\"image\/jpeg\" \/>\n<meta name=\"twitter:card\" content=\"summary_large_image\" \/>\n<meta name=\"twitter:label1\" content=\"Prijs\" \/>\n\t<meta name=\"twitter:data1\" content=\"1 240&euro;\" \/>\n\t<meta name=\"twitter:label2\" content=\"Beschikbaarheid\" \/>\n\t<meta name=\"twitter:data2\" content=\"Op voorraad\" \/>\n<script type=\"application\/ld+json\" class=\"yoast-schema-graph\">{\"@context\":\"https:\/\/schema.org\",\"@graph\":[{\"@type\":\"WebPage\",\"@id\":\"https:\/\/www.vert-intense.com\/activite-guadeloupe\/sejours-sportifs-nature-guadeloupe\/randonnees-liberte-guadeloupe-12-jours\/\",\"url\":\"https:\/\/www.vert-intense.com\/activite-guadeloupe\/sejours-sportifs-nature-guadeloupe\/randonnees-liberte-guadeloupe-12-jours\/\",\"name\":\"S\u00e9jour Randonn\u00e9e Libert\u00e9 en Guadeloupe: D\u00e9couvrez l'Archipel - Vert Intense\",\"isPartOf\":{\"@id\":\"https:\/\/www.vert-intense.com\/#website\"},\"primaryImageOfPage\":{\"@id\":\"https:\/\/www.vert-intense.com\/activite-guadeloupe\/sejours-sportifs-nature-guadeloupe\/randonnees-liberte-guadeloupe-12-jours\/#primaryimage\"},\"image\":{\"@id\":\"https:\/\/www.vert-intense.com\/activite-guadeloupe\/sejours-sportifs-nature-guadeloupe\/randonnees-liberte-guadeloupe-12-jours\/#primaryimage\"},\"thumbnailUrl\":\"https:\/\/i0.wp.com\/www.vert-intense.com\/wp-content\/uploads\/2023\/12\/20230316_104945-Copier.jpg?fit=1178%2C887&ssl=1\",\"datePublished\":\"2023-12-13T14:07:43+00:00\",\"dateModified\":\"2025-05-04T10:26:42+00:00\",\"description\":\"Profitez d'un s\u00e9jour randonn\u00e9e libert\u00e9 en Guadeloupe. Des randonn\u00e9es et des adresses pour d\u00e9couvrir la nature et la culture locale. R\u00e9servez d\u00e8s maintenant!\",\"breadcrumb\":{\"@id\":\"https:\/\/www.vert-intense.com\/activite-guadeloupe\/sejours-sportifs-nature-guadeloupe\/randonnees-liberte-guadeloupe-12-jours\/#breadcrumb\"},\"inLanguage\":\"nl-NL\",\"potentialAction\":[{\"@type\":\"ReadAction\",\"target\":[\"https:\/\/www.vert-intense.com\/activite-guadeloupe\/sejours-sportifs-nature-guadeloupe\/randonnees-liberte-guadeloupe-12-jours\/\"]}]},{\"@type\":\"ImageObject\",\"inLanguage\":\"nl-NL\",\"@id\":\"https:\/\/www.vert-intense.com\/activite-guadeloupe\/sejours-sportifs-nature-guadeloupe\/randonnees-liberte-guadeloupe-12-jours\/#primaryimage\",\"url\":\"https:\/\/i0.wp.com\/www.vert-intense.com\/wp-content\/uploads\/2023\/12\/20230316_104945-Copier.jpg?fit=1178%2C887&ssl=1\",\"contentUrl\":\"https:\/\/i0.wp.com\/www.vert-intense.com\/wp-content\/uploads\/2023\/12\/20230316_104945-Copier.jpg?fit=1178%2C887&ssl=1\",\"width\":1178,\"height\":887,\"caption\":\"Morne Morel, Terre de Haut, Les saintes Guadeloupe\"},{\"@type\":\"BreadcrumbList\",\"@id\":\"https:\/\/www.vert-intense.com\/activite-guadeloupe\/sejours-sportifs-nature-guadeloupe\/randonnees-liberte-guadeloupe-12-jours\/#breadcrumb\",\"itemListElement\":[{\"@type\":\"ListItem\",\"position\":1,\"name\":\"Accueil\",\"item\":\"https:\/\/www.vert-intense.com\/\"},{\"@type\":\"ListItem\",\"position\":2,\"name\":\"Activit\u00e9s nature en Guadeloupe\",\"item\":\"https:\/\/www.vert-intense.com\/\"},{\"@type\":\"ListItem\",\"position\":3,\"name\":\"Randonn\u00e9es Libert\u00e9 Guadeloupe 12 jours\"}]},{\"@type\":\"WebSite\",\"@id\":\"https:\/\/www.vert-intense.com\/#website\",\"url\":\"https:\/\/www.vert-intense.com\/\",\"name\":\"Vert-Intense\",\"description\":\"R\u00e9servez vos activit\u00e9s d\u00e9couvertes en Guadeloupe\",\"publisher\":{\"@id\":\"https:\/\/www.vert-intense.com\/#organization\"},\"potentialAction\":[{\"@type\":\"SearchAction\",\"target\":{\"@type\":\"EntryPoint\",\"urlTemplate\":\"https:\/\/www.vert-intense.com\/?s={search_term_string}\"},\"query-input\":{\"@type\":\"PropertyValueSpecification\",\"valueRequired\":true,\"valueName\":\"search_term_string\"}}],\"inLanguage\":\"nl-NL\"},{\"@type\":\"Organization\",\"@id\":\"https:\/\/www.vert-intense.com\/#organization\",\"name\":\"Vert-Intense\",\"url\":\"https:\/\/www.vert-intense.com\/\",\"logo\":{\"@type\":\"ImageObject\",\"inLanguage\":\"nl-NL\",\"@id\":\"https:\/\/www.vert-intense.com\/#\/schema\/logo\/image\/\",\"url\":\"https:\/\/i0.wp.com\/www.vert-intense.com\/wp-content\/uploads\/2023\/07\/logo.png?fit=960%2C960&ssl=1\",\"contentUrl\":\"https:\/\/i0.wp.com\/www.vert-intense.com\/wp-content\/uploads\/2023\/07\/logo.png?fit=960%2C960&ssl=1\",\"width\":960,\"height\":960,\"caption\":\"Vert-Intense\"},\"image\":{\"@id\":\"https:\/\/www.vert-intense.com\/#\/schema\/logo\/image\/\"},\"sameAs\":[\"https:\/\/www.facebook.com\/vertintense\",\"https:\/\/www.tripadvisor.fr\/Attraction_Review-g1644623-d1649481-Reviews-Vert_Intense-Saint_Claude_Basse_Terre_Island_Guadeloupe.html\",\"https:\/\/www.tiktok.com\/@vertintense\",\"https:\/\/www.instagram.com\/vertintenseguadeloupe\/\",\"https:\/\/www.youtube.com\/channel\/UCRymXR1Pa7n50AOgFy9n3bA\"]}]}<\/script>\n<meta property=\"product:price:amount\" content=\"1240\" \/>\n<meta property=\"product:price:currency\" content=\"EUR\" \/>\n<meta property=\"og:availability\" content=\"instock\" \/>\n<meta property=\"product:availability\" content=\"instock\" \/>\n<meta property=\"product:condition\" content=\"new\" \/>\n<!-- \/ Yoast SEO Premium plugin. -->","yoast_head_json":{"title":"Guadeloupe wandelvakantie: ontdek de archipel - Vert Intense","description":"Geniet van een wandelvakantie in Guadeloupe. Wandelingen en adressen om de natuur en de plaatselijke cultuur te ontdekken. Boek nu!","robots":{"index":"index","follow":"follow","max-snippet":"max-snippet:-1","max-image-preview":"max-image-preview:large","max-video-preview":"max-video-preview:-1"},"canonical":"https:\/\/www.vert-intense.com\/nl\/zaken-guadeloupe\/sportieve-natuurverblijven-guadeloupe\/gratis-wandelingen-guadeloupe-12-dagen\/","og_locale":"nl_NL","og_type":"article","og_title":"Randonn\u00e9es Libert\u00e9 Guadeloupe 12 jours","og_description":"Profitez d'un s\u00e9jour randonn\u00e9e libert\u00e9 en Guadeloupe. Des randonn\u00e9es et des adresses pour d\u00e9couvrir la nature et la culture locale. R\u00e9servez d\u00e8s maintenant!","og_url":"https:\/\/www.vert-intense.com\/nl\/zaken-guadeloupe\/sportieve-natuurverblijven-guadeloupe\/gratis-wandelingen-guadeloupe-12-dagen\/","og_site_name":"Vert Intense","article_publisher":"https:\/\/www.facebook.com\/vertintense","article_modified_time":"2025-05-04T10:26:42+00:00","og_image":[{"width":1178,"height":887,"url":"https:\/\/www.vert-intense.com\/wp-content\/uploads\/2023\/12\/20230316_104945-Copier.jpg","type":"image\/jpeg"}],"twitter_card":"summary_large_image","twitter_misc":{"Prijs":"1 240&euro;","Beschikbaarheid":"Op voorraad"},"schema":{"@context":"https:\/\/schema.org","@graph":[{"@type":"WebPage","@id":"https:\/\/www.vert-intense.com\/activite-guadeloupe\/sejours-sportifs-nature-guadeloupe\/randonnees-liberte-guadeloupe-12-jours\/","url":"https:\/\/www.vert-intense.com\/activite-guadeloupe\/sejours-sportifs-nature-guadeloupe\/randonnees-liberte-guadeloupe-12-jours\/","name":"Guadeloupe wandelvakantie: ontdek de archipel - Vert Intense","isPartOf":{"@id":"https:\/\/www.vert-intense.com\/#website"},"primaryImageOfPage":{"@id":"https:\/\/www.vert-intense.com\/activite-guadeloupe\/sejours-sportifs-nature-guadeloupe\/randonnees-liberte-guadeloupe-12-jours\/#primaryimage"},"image":{"@id":"https:\/\/www.vert-intense.com\/activite-guadeloupe\/sejours-sportifs-nature-guadeloupe\/randonnees-liberte-guadeloupe-12-jours\/#primaryimage"},"thumbnailUrl":"https:\/\/i0.wp.com\/www.vert-intense.com\/wp-content\/uploads\/2023\/12\/20230316_104945-Copier.jpg?fit=1178%2C887&ssl=1","datePublished":"2023-12-13T14:07:43+00:00","dateModified":"2025-05-04T10:26:42+00:00","description":"Geniet van een wandelvakantie in Guadeloupe. Wandelingen en adressen om de natuur en de plaatselijke cultuur te ontdekken. Boek nu!","breadcrumb":{"@id":"https:\/\/www.vert-intense.com\/activite-guadeloupe\/sejours-sportifs-nature-guadeloupe\/randonnees-liberte-guadeloupe-12-jours\/#breadcrumb"},"inLanguage":"nl-NL","potentialAction":[{"@type":"ReadAction","target":["https:\/\/www.vert-intense.com\/activite-guadeloupe\/sejours-sportifs-nature-guadeloupe\/randonnees-liberte-guadeloupe-12-jours\/"]}]},{"@type":"ImageObject","inLanguage":"nl-NL","@id":"https:\/\/www.vert-intense.com\/activite-guadeloupe\/sejours-sportifs-nature-guadeloupe\/randonnees-liberte-guadeloupe-12-jours\/#primaryimage","url":"https:\/\/i0.wp.com\/www.vert-intense.com\/wp-content\/uploads\/2023\/12\/20230316_104945-Copier.jpg?fit=1178%2C887&ssl=1","contentUrl":"https:\/\/i0.wp.com\/www.vert-intense.com\/wp-content\/uploads\/2023\/12\/20230316_104945-Copier.jpg?fit=1178%2C887&ssl=1","width":1178,"height":887,"caption":"Morne Morel, Terre de Haut, Les saintes Guadeloupe"},{"@type":"BreadcrumbList","@id":"https:\/\/www.vert-intense.com\/activite-guadeloupe\/sejours-sportifs-nature-guadeloupe\/randonnees-liberte-guadeloupe-12-jours\/#breadcrumb","itemListElement":[{"@type":"ListItem","position":1,"name":"Accueil","item":"https:\/\/www.vert-intense.com\/"},{"@type":"ListItem","position":2,"name":"Activit\u00e9s nature en Guadeloupe","item":"https:\/\/www.vert-intense.com\/"},{"@type":"ListItem","position":3,"name":"Randonn\u00e9es Libert\u00e9 Guadeloupe 12 jours"}]},{"@type":"WebSite","@id":"https:\/\/www.vert-intense.com\/#website","url":"https:\/\/www.vert-intense.com\/","name":"Vert-Intense","description":"Boek je ontdekkingsactiviteiten in Guadeloupe","publisher":{"@id":"https:\/\/www.vert-intense.com\/#organization"},"potentialAction":[{"@type":"SearchAction","target":{"@type":"EntryPoint","urlTemplate":"https:\/\/www.vert-intense.com\/?s={search_term_string}"},"query-input":{"@type":"PropertyValueSpecification","valueRequired":true,"valueName":"search_term_string"}}],"inLanguage":"nl-NL"},{"@type":"Organization","@id":"https:\/\/www.vert-intense.com\/#organization","name":"Vert-Intense","url":"https:\/\/www.vert-intense.com\/","logo":{"@type":"ImageObject","inLanguage":"nl-NL","@id":"https:\/\/www.vert-intense.com\/#\/schema\/logo\/image\/","url":"https:\/\/i0.wp.com\/www.vert-intense.com\/wp-content\/uploads\/2023\/07\/logo.png?fit=960%2C960&ssl=1","contentUrl":"https:\/\/i0.wp.com\/www.vert-intense.com\/wp-content\/uploads\/2023\/07\/logo.png?fit=960%2C960&ssl=1","width":960,"height":960,"caption":"Vert-Intense"},"image":{"@id":"https:\/\/www.vert-intense.com\/#\/schema\/logo\/image\/"},"sameAs":["https:\/\/www.facebook.com\/vertintense","https:\/\/www.tripadvisor.fr\/Attraction_Review-g1644623-d1649481-Reviews-Vert_Intense-Saint_Claude_Basse_Terre_Island_Guadeloupe.html","https:\/\/www.tiktok.com\/@vertintense","https:\/\/www.instagram.com\/vertintenseguadeloupe\/","https:\/\/www.youtube.com\/channel\/UCRymXR1Pa7n50AOgFy9n3bA"]}]},"product_price_amount":"1240","product_price_currency":"EUR","og_availability":"instock","product_availability":"instock","product_condition":"new"},"jetpack_sharing_enabled":true,"_links":{"self":[{"href":"https:\/\/www.vert-intense.com\/nl\/wp-json\/wp\/v2\/product\/2558"}],"collection":[{"href":"https:\/\/www.vert-intense.com\/nl\/wp-json\/wp\/v2\/product"}],"about":[{"href":"https:\/\/www.vert-intense.com\/nl\/wp-json\/wp\/v2\/types\/product"}],"wp:featuredmedia":[{"embeddable":true,"href":"https:\/\/www.vert-intense.com\/nl\/wp-json\/wp\/v2\/media\/2537"}],"wp:attachment":[{"href":"https:\/\/www.vert-intense.com\/nl\/wp-json\/wp\/v2\/media?parent=2558"}],"wp:term":[{"taxonomy":"product_cat","embeddable":true,"href":"https:\/\/www.vert-intense.com\/nl\/wp-json\/wp\/v2\/product_cat?post=2558"},{"taxonomy":"product_tag","embeddable":true,"href":"https:\/\/www.vert-intense.com\/nl\/wp-json\/wp\/v2\/product_tag?post=2558"}],"curies":[{"name":"wp","href":"https:\/\/api.w.org\/{rel}","templated":true}]}}