{"id":2531,"date":"2023-12-08T15:06:15","date_gmt":"2023-12-08T14:06:15","guid":{"rendered":"http:\/\/xedhqzi.cluster100.hosting.ovh.net\/?post_type=product&#038;p=2531"},"modified":"2025-12-22T14:51:16","modified_gmt":"2025-12-22T18:51:16","slug":"jouw-tour","status":"publish","type":"product","link":"https:\/\/www.vert-intense.com\/nl\/zaken-guadeloupe\/wandelen-in-guadeloupe\/reizen-op-maat-guadeloupe\/jouw-tour\/","title":{"rendered":"Reizen op maat"},"content":{"rendered":"<h3 style=\"text-align: center;\">Reizen op maat in Guadeloupe<\/h3>\n<p>&nbsp;<\/p>\n<p>Droom je van een heel specifieke wandelroute op de eilanden van Guadeloupe? Dan zijn tochten op maat precies wat je nodig hebt! Of je nu op zoek bent naar een familiewandeling of een sportieve wandeling, we kunnen je \u00e9\u00e9n gecertificeerde wandelgids of meerdere aanbieden, afhankelijk van het aantal personen.<\/p>\n<p>Wij bewandelen al zo'n dertig jaar de paden van Guadeloupe en kunnen je begeleiden op de meeste wandelroutes in de regio. Ravine Blanche, la Mathylis, La ravine Marchant, La rivi\u00e8re Noire, sur les traces de l'avion etc......<\/p>\n<p>Ben je een gezin, een groep, een bedrijf of een school en wil je na de wandeling genieten van een lunch in landelijke stijl (minimaal 20 personen)<br \/>\nWe luisteren graag naar je wensen.<\/p>\n<p>De prijs begint bij \u20ac360 en is voor een groep van 1 tot 8 personen, of 12 afhankelijk van de moeilijkheidsgraad.<\/p>\n<p>Aarzel niet om een offerte aan te vragen door op de speciale knop te drukken.<\/p>\n<p>Enkele voorbeelden van onze vorige tours vind je in de links hieronder:<\/p>\n<ul>\n<li><a href=\"https:\/\/www.vert-intense.com\/nl\/spoor-victor-hugues\/\" target=\"_blank\" rel=\"noopener\">La Trace Victor Hugues<\/a><\/li>\n<li><a href=\"https:\/\/www.vert-intense.com\/nl\/muggen-canyon-wandeling\/\" target=\"_blank\" rel=\"noopener\">Mosquito Canyon<\/a><\/li>\n<li><a href=\"https:\/\/www.vert-intense.com\/nl\/gebroken-neus-wandeling\/\" target=\"_blank\" rel=\"noopener\">Wandeling Nez Cass\u00e9<\/a><\/li>\n<li><a href=\"https:\/\/www.vert-intense.com\/nl\/wandeling-naar-cascade-paradis\/\" target=\"_blank\" rel=\"noopener\">De waterval van Paradis<\/a><\/li>\n<li><a href=\"https:\/\/www.vert-intense.com\/nl\/ravijn-blanche-en-matilys-de-guadeloupe\/\" target=\"_blank\" rel=\"noopener\">Ravijn Blanche en Matilys<\/a><\/li>\n<\/ul>\n<p>&nbsp;<\/p>\n<h4><b>Benodigde apparatuur<\/b><\/h4>\n<ul>\n<li>\u00a0Wandelzak<\/li>\n<li>Water en voedsel<\/li>\n<li>Schoenen geschikt voor wandelen<\/li>\n<li>Zwemkleding<\/li>\n<li>Regenkleding.<\/li>\n<\/ul>\n<p>&nbsp;<\/p>\n<p><b>Voorwaarden<\/b><\/p>\n<ul>\n<li>\u00a0Minimumleeftijd: afhankelijk van de output<\/li>\n<li>Lichamelijke conditie aangepast aan de gekozen route<\/li>\n<\/ul>","protected":false},"excerpt":{"rendered":"<p>Droom je ervan om een specifieke wandelroute te volgen op de eilanden van Guadeloupe? Boek dan een van onze wandelingen op maat, kies je route: sportieve wandelingen, gezinswandelingen... en ga op avontuur!<\/p>","protected":false},"featured_media":2542,"template":"","meta":[],"product_cat":[120],"product_tag":[],"class_list":{"0":"post-2531","1":"product","2":"type-product","3":"status-publish","4":"has-post-thumbnail","6":"product_cat-randonnee-sur-mesure-guadeloupe","8":"first","9":"instock","10":"virtual","11":"sold-individually","12":"taxable","13":"purchasable","14":"product-type-booking"},"yoast_head":"<!-- This site is optimized with the Yoast SEO Premium plugin v25.3.1 (Yoast SEO v25.3.1) - https:\/\/yoast.com\/wordpress\/plugins\/seo\/ -->\n<title>Randonn\u00e9es sur Mesure en Guadeloupe : Une exp\u00e9rience Unique ! - Vert Intense<\/title>\n<meta name=\"description\" content=\"D\u00e9couvrez les merveilles de Guadeloupe avec nos randonn\u00e9es sur mesure. Guides certifi\u00e9s et itin\u00e9raires adapt\u00e9s \u00e0 vos envies. R\u00e9servez d\u00e8s maintenant !\" \/>\n<meta name=\"robots\" content=\"index, follow, max-snippet:-1, max-image-preview:large, max-video-preview:-1\" \/>\n<link rel=\"canonical\" href=\"https:\/\/www.vert-intense.com\/nl\/zaken-guadeloupe\/wandelen-in-guadeloupe\/reizen-op-maat-guadeloupe\/jouw-tour\/\" \/>\n<meta property=\"og:locale\" content=\"nl_NL\" \/>\n<meta property=\"og:type\" content=\"article\" \/>\n<meta property=\"og:title\" content=\"Randonn\u00e9es Sur Mesure\" \/>\n<meta property=\"og:description\" content=\"D\u00e9couvrez les merveilles de Guadeloupe avec nos randonn\u00e9es sur mesure. Guides certifi\u00e9s et itin\u00e9raires adapt\u00e9s \u00e0 vos envies. R\u00e9servez d\u00e8s maintenant !\" \/>\n<meta property=\"og:url\" content=\"https:\/\/www.vert-intense.com\/nl\/zaken-guadeloupe\/wandelen-in-guadeloupe\/reizen-op-maat-guadeloupe\/jouw-tour\/\" \/>\n<meta property=\"og:site_name\" content=\"Vert Intense\" \/>\n<meta property=\"article:publisher\" content=\"https:\/\/www.facebook.com\/vertintense\" \/>\n<meta property=\"article:modified_time\" content=\"2025-12-22T18:51:16+00:00\" \/>\n<meta property=\"og:image\" content=\"https:\/\/www.vert-intense.com\/wp-content\/uploads\/2023\/12\/PA020059-Copier.jpg\" \/>\n\t<meta property=\"og:image:width\" content=\"1080\" \/>\n\t<meta property=\"og:image:height\" content=\"812\" \/>\n\t<meta property=\"og:image:type\" content=\"image\/jpeg\" \/>\n<meta name=\"twitter:card\" content=\"summary_large_image\" \/>\n<meta name=\"twitter:label1\" content=\"Prijs\" \/>\n\t<meta name=\"twitter:data1\" content=\"380&euro;\" \/>\n\t<meta name=\"twitter:label2\" content=\"Beschikbaarheid\" \/>\n\t<meta name=\"twitter:data2\" content=\"Op voorraad\" \/>\n<script type=\"application\/ld+json\" class=\"yoast-schema-graph\">{\"@context\":\"https:\/\/schema.org\",\"@graph\":[{\"@type\":\"WebPage\",\"@id\":\"https:\/\/www.vert-intense.com\/activite-guadeloupe\/randonnee-guadeloupe\/randonnee-sur-mesure-guadeloupe\/votre-randonnee\/\",\"url\":\"https:\/\/www.vert-intense.com\/activite-guadeloupe\/randonnee-guadeloupe\/randonnee-sur-mesure-guadeloupe\/votre-randonnee\/\",\"name\":\"Randonn\u00e9es sur Mesure en Guadeloupe : Une exp\u00e9rience Unique ! - Vert Intense\",\"isPartOf\":{\"@id\":\"https:\/\/www.vert-intense.com\/#website\"},\"primaryImageOfPage\":{\"@id\":\"https:\/\/www.vert-intense.com\/activite-guadeloupe\/randonnee-guadeloupe\/randonnee-sur-mesure-guadeloupe\/votre-randonnee\/#primaryimage\"},\"image\":{\"@id\":\"https:\/\/www.vert-intense.com\/activite-guadeloupe\/randonnee-guadeloupe\/randonnee-sur-mesure-guadeloupe\/votre-randonnee\/#primaryimage\"},\"thumbnailUrl\":\"https:\/\/i0.wp.com\/www.vert-intense.com\/wp-content\/uploads\/2023\/12\/PA020059-Copier.jpg?fit=1080%2C812&ssl=1\",\"datePublished\":\"2023-12-08T14:06:15+00:00\",\"dateModified\":\"2025-12-22T18:51:16+00:00\",\"description\":\"D\u00e9couvrez les merveilles de Guadeloupe avec nos randonn\u00e9es sur mesure. Guides certifi\u00e9s et itin\u00e9raires adapt\u00e9s \u00e0 vos envies. R\u00e9servez d\u00e8s maintenant !\",\"breadcrumb\":{\"@id\":\"https:\/\/www.vert-intense.com\/activite-guadeloupe\/randonnee-guadeloupe\/randonnee-sur-mesure-guadeloupe\/votre-randonnee\/#breadcrumb\"},\"inLanguage\":\"nl-NL\",\"potentialAction\":[{\"@type\":\"ReadAction\",\"target\":[\"https:\/\/www.vert-intense.com\/activite-guadeloupe\/randonnee-guadeloupe\/randonnee-sur-mesure-guadeloupe\/votre-randonnee\/\"]}]},{\"@type\":\"ImageObject\",\"inLanguage\":\"nl-NL\",\"@id\":\"https:\/\/www.vert-intense.com\/activite-guadeloupe\/randonnee-guadeloupe\/randonnee-sur-mesure-guadeloupe\/votre-randonnee\/#primaryimage\",\"url\":\"https:\/\/i0.wp.com\/www.vert-intense.com\/wp-content\/uploads\/2023\/12\/PA020059-Copier.jpg?fit=1080%2C812&ssl=1\",\"contentUrl\":\"https:\/\/i0.wp.com\/www.vert-intense.com\/wp-content\/uploads\/2023\/12\/PA020059-Copier.jpg?fit=1080%2C812&ssl=1\",\"width\":1080,\"height\":812,\"caption\":\"randonn\u00e9e \u00e0 la ravine Blanche avec Vert Intense\"},{\"@type\":\"BreadcrumbList\",\"@id\":\"https:\/\/www.vert-intense.com\/activite-guadeloupe\/randonnee-guadeloupe\/randonnee-sur-mesure-guadeloupe\/votre-randonnee\/#breadcrumb\",\"itemListElement\":[{\"@type\":\"ListItem\",\"position\":1,\"name\":\"Accueil\",\"item\":\"https:\/\/www.vert-intense.com\/\"},{\"@type\":\"ListItem\",\"position\":2,\"name\":\"Activit\u00e9s nature en Guadeloupe\",\"item\":\"https:\/\/www.vert-intense.com\/\"},{\"@type\":\"ListItem\",\"position\":3,\"name\":\"Randonn\u00e9es Sur Mesure\"}]},{\"@type\":\"WebSite\",\"@id\":\"https:\/\/www.vert-intense.com\/#website\",\"url\":\"https:\/\/www.vert-intense.com\/\",\"name\":\"Vert-Intense\",\"description\":\"R\u00e9servez vos activit\u00e9s d\u00e9couvertes en Guadeloupe\",\"publisher\":{\"@id\":\"https:\/\/www.vert-intense.com\/#organization\"},\"potentialAction\":[{\"@type\":\"SearchAction\",\"target\":{\"@type\":\"EntryPoint\",\"urlTemplate\":\"https:\/\/www.vert-intense.com\/?s={search_term_string}\"},\"query-input\":{\"@type\":\"PropertyValueSpecification\",\"valueRequired\":true,\"valueName\":\"search_term_string\"}}],\"inLanguage\":\"nl-NL\"},{\"@type\":\"Organization\",\"@id\":\"https:\/\/www.vert-intense.com\/#organization\",\"name\":\"Vert-Intense\",\"url\":\"https:\/\/www.vert-intense.com\/\",\"logo\":{\"@type\":\"ImageObject\",\"inLanguage\":\"nl-NL\",\"@id\":\"https:\/\/www.vert-intense.com\/#\/schema\/logo\/image\/\",\"url\":\"https:\/\/i0.wp.com\/www.vert-intense.com\/wp-content\/uploads\/2023\/07\/logo.png?fit=960%2C960&ssl=1\",\"contentUrl\":\"https:\/\/i0.wp.com\/www.vert-intense.com\/wp-content\/uploads\/2023\/07\/logo.png?fit=960%2C960&ssl=1\",\"width\":960,\"height\":960,\"caption\":\"Vert-Intense\"},\"image\":{\"@id\":\"https:\/\/www.vert-intense.com\/#\/schema\/logo\/image\/\"},\"sameAs\":[\"https:\/\/www.facebook.com\/vertintense\",\"https:\/\/www.tripadvisor.fr\/Attraction_Review-g1644623-d1649481-Reviews-Vert_Intense-Saint_Claude_Basse_Terre_Island_Guadeloupe.html\",\"https:\/\/www.tiktok.com\/@vertintense\",\"https:\/\/www.instagram.com\/vertintenseguadeloupe\/\",\"https:\/\/www.youtube.com\/channel\/UCRymXR1Pa7n50AOgFy9n3bA\"]}]}<\/script>\n<meta property=\"product:price:amount\" content=\"380\" \/>\n<meta property=\"product:price:currency\" content=\"EUR\" \/>\n<meta property=\"og:availability\" content=\"instock\" \/>\n<meta property=\"product:availability\" content=\"instock\" \/>\n<meta property=\"product:condition\" content=\"new\" \/>\n<!-- \/ Yoast SEO Premium plugin. -->","yoast_head_json":{"title":"Reizen op maat in Guadeloupe: een unieke ervaring! - Intens groen","description":"Ontdek de wonderen van Guadeloupe met onze wandelingen op maat. Gecertificeerde gidsen en routes die bij jou passen. Boek nu!","robots":{"index":"index","follow":"follow","max-snippet":"max-snippet:-1","max-image-preview":"max-image-preview:large","max-video-preview":"max-video-preview:-1"},"canonical":"https:\/\/www.vert-intense.com\/nl\/zaken-guadeloupe\/wandelen-in-guadeloupe\/reizen-op-maat-guadeloupe\/jouw-tour\/","og_locale":"nl_NL","og_type":"article","og_title":"Randonn\u00e9es Sur Mesure","og_description":"D\u00e9couvrez les merveilles de Guadeloupe avec nos randonn\u00e9es sur mesure. Guides certifi\u00e9s et itin\u00e9raires adapt\u00e9s \u00e0 vos envies. R\u00e9servez d\u00e8s maintenant !","og_url":"https:\/\/www.vert-intense.com\/nl\/zaken-guadeloupe\/wandelen-in-guadeloupe\/reizen-op-maat-guadeloupe\/jouw-tour\/","og_site_name":"Vert Intense","article_publisher":"https:\/\/www.facebook.com\/vertintense","article_modified_time":"2025-12-22T18:51:16+00:00","og_image":[{"width":1080,"height":812,"url":"https:\/\/www.vert-intense.com\/wp-content\/uploads\/2023\/12\/PA020059-Copier.jpg","type":"image\/jpeg"}],"twitter_card":"summary_large_image","twitter_misc":{"Prijs":"380&euro;","Beschikbaarheid":"Op voorraad"},"schema":{"@context":"https:\/\/schema.org","@graph":[{"@type":"WebPage","@id":"https:\/\/www.vert-intense.com\/activite-guadeloupe\/randonnee-guadeloupe\/randonnee-sur-mesure-guadeloupe\/votre-randonnee\/","url":"https:\/\/www.vert-intense.com\/activite-guadeloupe\/randonnee-guadeloupe\/randonnee-sur-mesure-guadeloupe\/votre-randonnee\/","name":"Reizen op maat in Guadeloupe: een unieke ervaring! - Intens groen","isPartOf":{"@id":"https:\/\/www.vert-intense.com\/#website"},"primaryImageOfPage":{"@id":"https:\/\/www.vert-intense.com\/activite-guadeloupe\/randonnee-guadeloupe\/randonnee-sur-mesure-guadeloupe\/votre-randonnee\/#primaryimage"},"image":{"@id":"https:\/\/www.vert-intense.com\/activite-guadeloupe\/randonnee-guadeloupe\/randonnee-sur-mesure-guadeloupe\/votre-randonnee\/#primaryimage"},"thumbnailUrl":"https:\/\/i0.wp.com\/www.vert-intense.com\/wp-content\/uploads\/2023\/12\/PA020059-Copier.jpg?fit=1080%2C812&ssl=1","datePublished":"2023-12-08T14:06:15+00:00","dateModified":"2025-12-22T18:51:16+00:00","description":"Ontdek de wonderen van Guadeloupe met onze wandelingen op maat. Gecertificeerde gidsen en routes die bij jou passen. Boek nu!","breadcrumb":{"@id":"https:\/\/www.vert-intense.com\/activite-guadeloupe\/randonnee-guadeloupe\/randonnee-sur-mesure-guadeloupe\/votre-randonnee\/#breadcrumb"},"inLanguage":"nl-NL","potentialAction":[{"@type":"ReadAction","target":["https:\/\/www.vert-intense.com\/activite-guadeloupe\/randonnee-guadeloupe\/randonnee-sur-mesure-guadeloupe\/votre-randonnee\/"]}]},{"@type":"ImageObject","inLanguage":"nl-NL","@id":"https:\/\/www.vert-intense.com\/activite-guadeloupe\/randonnee-guadeloupe\/randonnee-sur-mesure-guadeloupe\/votre-randonnee\/#primaryimage","url":"https:\/\/i0.wp.com\/www.vert-intense.com\/wp-content\/uploads\/2023\/12\/PA020059-Copier.jpg?fit=1080%2C812&ssl=1","contentUrl":"https:\/\/i0.wp.com\/www.vert-intense.com\/wp-content\/uploads\/2023\/12\/PA020059-Copier.jpg?fit=1080%2C812&ssl=1","width":1080,"height":812,"caption":"randonn\u00e9e \u00e0 la ravine Blanche avec Vert Intense"},{"@type":"BreadcrumbList","@id":"https:\/\/www.vert-intense.com\/activite-guadeloupe\/randonnee-guadeloupe\/randonnee-sur-mesure-guadeloupe\/votre-randonnee\/#breadcrumb","itemListElement":[{"@type":"ListItem","position":1,"name":"Accueil","item":"https:\/\/www.vert-intense.com\/"},{"@type":"ListItem","position":2,"name":"Activit\u00e9s nature en Guadeloupe","item":"https:\/\/www.vert-intense.com\/"},{"@type":"ListItem","position":3,"name":"Randonn\u00e9es Sur Mesure"}]},{"@type":"WebSite","@id":"https:\/\/www.vert-intense.com\/#website","url":"https:\/\/www.vert-intense.com\/","name":"Vert-Intense","description":"Boek je ontdekkingsactiviteiten in Guadeloupe","publisher":{"@id":"https:\/\/www.vert-intense.com\/#organization"},"potentialAction":[{"@type":"SearchAction","target":{"@type":"EntryPoint","urlTemplate":"https:\/\/www.vert-intense.com\/?s={search_term_string}"},"query-input":{"@type":"PropertyValueSpecification","valueRequired":true,"valueName":"search_term_string"}}],"inLanguage":"nl-NL"},{"@type":"Organization","@id":"https:\/\/www.vert-intense.com\/#organization","name":"Vert-Intense","url":"https:\/\/www.vert-intense.com\/","logo":{"@type":"ImageObject","inLanguage":"nl-NL","@id":"https:\/\/www.vert-intense.com\/#\/schema\/logo\/image\/","url":"https:\/\/i0.wp.com\/www.vert-intense.com\/wp-content\/uploads\/2023\/07\/logo.png?fit=960%2C960&ssl=1","contentUrl":"https:\/\/i0.wp.com\/www.vert-intense.com\/wp-content\/uploads\/2023\/07\/logo.png?fit=960%2C960&ssl=1","width":960,"height":960,"caption":"Vert-Intense"},"image":{"@id":"https:\/\/www.vert-intense.com\/#\/schema\/logo\/image\/"},"sameAs":["https:\/\/www.facebook.com\/vertintense","https:\/\/www.tripadvisor.fr\/Attraction_Review-g1644623-d1649481-Reviews-Vert_Intense-Saint_Claude_Basse_Terre_Island_Guadeloupe.html","https:\/\/www.tiktok.com\/@vertintense","https:\/\/www.instagram.com\/vertintenseguadeloupe\/","https:\/\/www.youtube.com\/channel\/UCRymXR1Pa7n50AOgFy9n3bA"]}]},"product_price_amount":"380","product_price_currency":"EUR","og_availability":"instock","product_availability":"instock","product_condition":"new"},"jetpack_sharing_enabled":true,"_links":{"self":[{"href":"https:\/\/www.vert-intense.com\/nl\/wp-json\/wp\/v2\/product\/2531"}],"collection":[{"href":"https:\/\/www.vert-intense.com\/nl\/wp-json\/wp\/v2\/product"}],"about":[{"href":"https:\/\/www.vert-intense.com\/nl\/wp-json\/wp\/v2\/types\/product"}],"wp:featuredmedia":[{"embeddable":true,"href":"https:\/\/www.vert-intense.com\/nl\/wp-json\/wp\/v2\/media\/2542"}],"wp:attachment":[{"href":"https:\/\/www.vert-intense.com\/nl\/wp-json\/wp\/v2\/media?parent=2531"}],"wp:term":[{"taxonomy":"product_cat","embeddable":true,"href":"https:\/\/www.vert-intense.com\/nl\/wp-json\/wp\/v2\/product_cat?post=2531"},{"taxonomy":"product_tag","embeddable":true,"href":"https:\/\/www.vert-intense.com\/nl\/wp-json\/wp\/v2\/product_tag?post=2531"}],"curies":[{"name":"wp","href":"https:\/\/api.w.org\/{rel}","templated":true}]}}