{"id":1607,"date":"2023-08-01T16:06:55","date_gmt":"2023-08-01T14:06:55","guid":{"rendered":"http:\/\/xedhqzi.cluster100.hosting.ovh.net\/?post_type=product&#038;p=1607"},"modified":"2025-05-04T11:43:28","modified_gmt":"2025-05-04T15:43:28","slug":"multisport-verblijf","status":"publish","type":"product","link":"https:\/\/www.vert-intense.com\/nl\/zaken-guadeloupe\/sportieve-natuurverblijven-guadeloupe\/multisport-verblijf\/","title":{"rendered":"Multisportverblijf 9 dagen"},"content":{"rendered":"<h3 style=\"text-align: center;\">Multisportverblijf in Guadeloupe<\/h3>\n<h3 style=\"text-align: center;\">(9 dagen)<\/h3>\n<p>&nbsp;<\/p>\n<p>Haal het meeste uit je multisportvakantie in Guadeloupe met een speciaal ontworpen routekaart om de archipel van Guadeloupe te ontdekken. Elke dag vind je een nieuwe activiteit om de verschillende ecosystemen van de Guadeloupe-eilanden te ontdekken. Je vindt er ook tal van adressen om je de smaken, tradities en het culturele erfgoed van Guadeloupe te laten ontdekken.<\/p>\n<p>Uw accommodatie met Europees Ecolabel ligt aan de voet van de vulkaan Soufri\u00e8re in de gemeente Saint Claude op een hoogte van 500 meter. Je gastheren Laurence en Eric, beiden berggids en canyoninggids, kennen de paden van het nationale park van Guadeloupe door en door en geven je graag alle informatie die je nodig hebt om je sportieve en natuurvakantie onvergetelijk te maken.<\/p>\n<p>&nbsp;<\/p>\n<h4><strong>Programma details :<\/strong><\/h4>\n<ul>\n<li>Dag 1: Aankomst bij de groene bananen<\/li>\n<li>Dag 2: Wandeling naar de watervallen van Carbet<\/li>\n<li>Dag 3: Beklimming van de top van de vulkaan met gids<\/li>\n<li>Dag 4: Duiken<\/li>\n<li>Dag 5: Canyoning<\/li>\n<li>Dag 6: Kajakken<\/li>\n<li>Dag 7: De heiligen ontdekken<\/li>\n<li>Dag 8: Pointe \u00e0 Pitre ontdekken<\/li>\n<li>Dag 9: Aankomst in Parijs<\/li>\n<\/ul>\n<p>&nbsp;<\/p>\n<h4><strong>De prijs is inclusief :<\/strong><\/h4>\n<ul>\n<li>Diner op de eerste avond<\/li>\n<li>Een basis voor ontbijt<\/li>\n<li>Cat A huurauto voor de duur van je verblijf<\/li>\n<li>Begeleide wandeling naar La Soufri\u00e8re<\/li>\n<li>Duiken<\/li>\n<li>Canyoning<\/li>\n<li>Kajak + maaltijd<\/li>\n<li>Bootticket Saintes<\/li>\n<li>De briefing waarin de reis wordt gepresenteerd en het digitale logboek<\/li>\n<\/ul>\n<p>&nbsp;<\/p>\n<h4><strong>De prijs is exclusief :<\/strong><\/h4>\n<ul>\n<li>De vlucht naar Guadeloupe<\/li>\n<li>Lunch en ontbijt<\/li>\n<li>Parkeerplaats carbet en pier voor de Saintes<\/li>\n<li>Brandstof voor uw voertuig<\/li>\n<li>fooien en alles wat niet bij de prijs is inbegrepen<\/li>\n<li>Opties<\/li>\n<\/ul>\n<p>&nbsp;<\/p>\n<p><strong>Goed om te weten:<\/strong> Zodra je boekt, ontvang je je reisschema en een lijst met aanbevolen uitrusting voor een geweldige sportvakantie in de tropen.<\/p>","protected":false},"excerpt":{"rendered":"<p>Boek je multisportvakantie in Guadeloupe en ontdek de archipel van Guadeloupe op een geheel nieuwe manier door middel van sportieve en natuurlijke activiteiten.<\/p>","protected":false},"featured_media":2564,"template":"","meta":[],"product_cat":[28],"product_tag":[131,130],"class_list":{"0":"post-1607","1":"product","2":"type-product","3":"status-publish","4":"has-post-thumbnail","6":"product_cat-sejours-sportifs-nature-guadeloupe","7":"product_tag-sejour-multi-sports-guadeloupe","8":"product_tag-sejour-randonnee-liberte","10":"first","11":"instock","12":"virtual","13":"sold-individually","14":"taxable","15":"purchasable","16":"product-type-booking"},"yoast_head":"<!-- This site is optimized with the Yoast SEO Premium plugin v25.3.1 (Yoast SEO v25.3.1) - https:\/\/yoast.com\/wordpress\/plugins\/seo\/ -->\n<title>S\u00e9jour Multisport en Guadeloupe - Activit\u00e9s et D\u00e9couvertes uniques - Vert Intense<\/title>\n<meta name=\"description\" content=\"D\u00e9couvrez la Guadeloupe \u00e0 travers des activit\u00e9s sportives et nature lors de notre S\u00e9jour Multisport. \u00c0 chaque jour, une nouvelle aventure vous attend! \ud83c\udf34\" \/>\n<meta name=\"robots\" content=\"index, follow, max-snippet:-1, max-image-preview:large, max-video-preview:-1\" \/>\n<link rel=\"canonical\" href=\"https:\/\/www.vert-intense.com\/nl\/zaken-guadeloupe\/sportieve-natuurverblijven-guadeloupe\/multisport-verblijf\/\" \/>\n<meta property=\"og:locale\" content=\"nl_NL\" \/>\n<meta property=\"og:type\" content=\"article\" \/>\n<meta property=\"og:title\" content=\"S\u00e9jour Multisports 9 jours\" \/>\n<meta property=\"og:description\" content=\"D\u00e9couvrez la Guadeloupe \u00e0 travers des activit\u00e9s sportives et nature lors de notre S\u00e9jour Multisport. \u00c0 chaque jour, une nouvelle aventure vous attend! \ud83c\udf34\" \/>\n<meta property=\"og:url\" content=\"https:\/\/www.vert-intense.com\/nl\/zaken-guadeloupe\/sportieve-natuurverblijven-guadeloupe\/multisport-verblijf\/\" \/>\n<meta property=\"og:site_name\" content=\"Vert Intense\" \/>\n<meta property=\"article:publisher\" content=\"https:\/\/www.facebook.com\/vertintense\" \/>\n<meta property=\"article:modified_time\" content=\"2025-05-04T15:43:28+00:00\" \/>\n<meta property=\"og:image\" content=\"https:\/\/www.vert-intense.com\/wp-content\/uploads\/2023\/12\/phot3-Copier-e1702653219335.jpg\" \/>\n\t<meta property=\"og:image:width\" content=\"1702\" \/>\n\t<meta property=\"og:image:height\" content=\"1280\" \/>\n\t<meta property=\"og:image:type\" content=\"image\/jpeg\" \/>\n<meta name=\"twitter:card\" content=\"summary_large_image\" \/>\n<meta name=\"twitter:label1\" content=\"Prijs\" \/>\n\t<meta name=\"twitter:data1\" content=\"960&euro;\" \/>\n\t<meta name=\"twitter:label2\" content=\"Beschikbaarheid\" \/>\n\t<meta name=\"twitter:data2\" content=\"Op voorraad\" \/>\n<script type=\"application\/ld+json\" class=\"yoast-schema-graph\">{\"@context\":\"https:\/\/schema.org\",\"@graph\":[{\"@type\":\"WebPage\",\"@id\":\"https:\/\/www.vert-intense.com\/activite-guadeloupe\/sejours-sportifs-nature-guadeloupe\/sejour-multisport\/\",\"url\":\"https:\/\/www.vert-intense.com\/activite-guadeloupe\/sejours-sportifs-nature-guadeloupe\/sejour-multisport\/\",\"name\":\"S\u00e9jour Multisport en Guadeloupe - Activit\u00e9s et D\u00e9couvertes uniques - Vert Intense\",\"isPartOf\":{\"@id\":\"https:\/\/www.vert-intense.com\/#website\"},\"primaryImageOfPage\":{\"@id\":\"https:\/\/www.vert-intense.com\/activite-guadeloupe\/sejours-sportifs-nature-guadeloupe\/sejour-multisport\/#primaryimage\"},\"image\":{\"@id\":\"https:\/\/www.vert-intense.com\/activite-guadeloupe\/sejours-sportifs-nature-guadeloupe\/sejour-multisport\/#primaryimage\"},\"thumbnailUrl\":\"https:\/\/i0.wp.com\/www.vert-intense.com\/wp-content\/uploads\/2023\/12\/phot3-Copier-e1702653219335.jpg?fit=1702%2C1280&ssl=1\",\"datePublished\":\"2023-08-01T14:06:55+00:00\",\"dateModified\":\"2025-05-04T15:43:28+00:00\",\"description\":\"D\u00e9couvrez la Guadeloupe \u00e0 travers des activit\u00e9s sportives et nature lors de notre S\u00e9jour Multisport. \u00c0 chaque jour, une nouvelle aventure vous attend! \ud83c\udf34\",\"breadcrumb\":{\"@id\":\"https:\/\/www.vert-intense.com\/activite-guadeloupe\/sejours-sportifs-nature-guadeloupe\/sejour-multisport\/#breadcrumb\"},\"inLanguage\":\"nl-NL\",\"potentialAction\":[{\"@type\":\"ReadAction\",\"target\":[\"https:\/\/www.vert-intense.com\/activite-guadeloupe\/sejours-sportifs-nature-guadeloupe\/sejour-multisport\/\"]}]},{\"@type\":\"ImageObject\",\"inLanguage\":\"nl-NL\",\"@id\":\"https:\/\/www.vert-intense.com\/activite-guadeloupe\/sejours-sportifs-nature-guadeloupe\/sejour-multisport\/#primaryimage\",\"url\":\"https:\/\/i0.wp.com\/www.vert-intense.com\/wp-content\/uploads\/2023\/12\/phot3-Copier-e1702653219335.jpg?fit=1702%2C1280&ssl=1\",\"contentUrl\":\"https:\/\/i0.wp.com\/www.vert-intense.com\/wp-content\/uploads\/2023\/12\/phot3-Copier-e1702653219335.jpg?fit=1702%2C1280&ssl=1\",\"width\":1702,\"height\":1280,\"caption\":\"journ\u00e9e kayak Guadeloupe, s\u00e9jour multisport Vert Intense\"},{\"@type\":\"BreadcrumbList\",\"@id\":\"https:\/\/www.vert-intense.com\/activite-guadeloupe\/sejours-sportifs-nature-guadeloupe\/sejour-multisport\/#breadcrumb\",\"itemListElement\":[{\"@type\":\"ListItem\",\"position\":1,\"name\":\"Accueil\",\"item\":\"https:\/\/www.vert-intense.com\/\"},{\"@type\":\"ListItem\",\"position\":2,\"name\":\"Activit\u00e9s nature en Guadeloupe\",\"item\":\"https:\/\/www.vert-intense.com\/\"},{\"@type\":\"ListItem\",\"position\":3,\"name\":\"S\u00e9jour Multisports 9 jours\"}]},{\"@type\":\"WebSite\",\"@id\":\"https:\/\/www.vert-intense.com\/#website\",\"url\":\"https:\/\/www.vert-intense.com\/\",\"name\":\"Vert-Intense\",\"description\":\"R\u00e9servez vos activit\u00e9s d\u00e9couvertes en Guadeloupe\",\"publisher\":{\"@id\":\"https:\/\/www.vert-intense.com\/#organization\"},\"potentialAction\":[{\"@type\":\"SearchAction\",\"target\":{\"@type\":\"EntryPoint\",\"urlTemplate\":\"https:\/\/www.vert-intense.com\/?s={search_term_string}\"},\"query-input\":{\"@type\":\"PropertyValueSpecification\",\"valueRequired\":true,\"valueName\":\"search_term_string\"}}],\"inLanguage\":\"nl-NL\"},{\"@type\":\"Organization\",\"@id\":\"https:\/\/www.vert-intense.com\/#organization\",\"name\":\"Vert-Intense\",\"url\":\"https:\/\/www.vert-intense.com\/\",\"logo\":{\"@type\":\"ImageObject\",\"inLanguage\":\"nl-NL\",\"@id\":\"https:\/\/www.vert-intense.com\/#\/schema\/logo\/image\/\",\"url\":\"https:\/\/i0.wp.com\/www.vert-intense.com\/wp-content\/uploads\/2023\/07\/logo.png?fit=960%2C960&ssl=1\",\"contentUrl\":\"https:\/\/i0.wp.com\/www.vert-intense.com\/wp-content\/uploads\/2023\/07\/logo.png?fit=960%2C960&ssl=1\",\"width\":960,\"height\":960,\"caption\":\"Vert-Intense\"},\"image\":{\"@id\":\"https:\/\/www.vert-intense.com\/#\/schema\/logo\/image\/\"},\"sameAs\":[\"https:\/\/www.facebook.com\/vertintense\",\"https:\/\/www.tripadvisor.fr\/Attraction_Review-g1644623-d1649481-Reviews-Vert_Intense-Saint_Claude_Basse_Terre_Island_Guadeloupe.html\",\"https:\/\/www.tiktok.com\/@vertintense\",\"https:\/\/www.instagram.com\/vertintenseguadeloupe\/\",\"https:\/\/www.youtube.com\/channel\/UCRymXR1Pa7n50AOgFy9n3bA\"]}]}<\/script>\n<meta property=\"product:price:amount\" content=\"960\" \/>\n<meta property=\"product:price:currency\" content=\"EUR\" \/>\n<meta property=\"og:availability\" content=\"instock\" \/>\n<meta property=\"product:availability\" content=\"instock\" \/>\n<meta property=\"product:condition\" content=\"new\" \/>\n<!-- \/ Yoast SEO Premium plugin. -->","yoast_head_json":{"title":"Multisportvakantie in Guadeloupe - Unieke activiteiten en ontdekkingen - Vert Intense","description":"Ontdek Guadeloupe door middel van sport- en natuuractiviteiten tijdens ons Multisportverblijf. Er wacht je elke dag een nieuw avontuur! \ud83c\udf34","robots":{"index":"index","follow":"follow","max-snippet":"max-snippet:-1","max-image-preview":"max-image-preview:large","max-video-preview":"max-video-preview:-1"},"canonical":"https:\/\/www.vert-intense.com\/nl\/zaken-guadeloupe\/sportieve-natuurverblijven-guadeloupe\/multisport-verblijf\/","og_locale":"nl_NL","og_type":"article","og_title":"S\u00e9jour Multisports 9 jours","og_description":"D\u00e9couvrez la Guadeloupe \u00e0 travers des activit\u00e9s sportives et nature lors de notre S\u00e9jour Multisport. \u00c0 chaque jour, une nouvelle aventure vous attend! \ud83c\udf34","og_url":"https:\/\/www.vert-intense.com\/nl\/zaken-guadeloupe\/sportieve-natuurverblijven-guadeloupe\/multisport-verblijf\/","og_site_name":"Vert Intense","article_publisher":"https:\/\/www.facebook.com\/vertintense","article_modified_time":"2025-05-04T15:43:28+00:00","og_image":[{"width":1702,"height":1280,"url":"https:\/\/www.vert-intense.com\/wp-content\/uploads\/2023\/12\/phot3-Copier-e1702653219335.jpg","type":"image\/jpeg"}],"twitter_card":"summary_large_image","twitter_misc":{"Prijs":"960&euro;","Beschikbaarheid":"Op voorraad"},"schema":{"@context":"https:\/\/schema.org","@graph":[{"@type":"WebPage","@id":"https:\/\/www.vert-intense.com\/activite-guadeloupe\/sejours-sportifs-nature-guadeloupe\/sejour-multisport\/","url":"https:\/\/www.vert-intense.com\/activite-guadeloupe\/sejours-sportifs-nature-guadeloupe\/sejour-multisport\/","name":"Multisportvakantie in Guadeloupe - Unieke activiteiten en ontdekkingen - Vert Intense","isPartOf":{"@id":"https:\/\/www.vert-intense.com\/#website"},"primaryImageOfPage":{"@id":"https:\/\/www.vert-intense.com\/activite-guadeloupe\/sejours-sportifs-nature-guadeloupe\/sejour-multisport\/#primaryimage"},"image":{"@id":"https:\/\/www.vert-intense.com\/activite-guadeloupe\/sejours-sportifs-nature-guadeloupe\/sejour-multisport\/#primaryimage"},"thumbnailUrl":"https:\/\/i0.wp.com\/www.vert-intense.com\/wp-content\/uploads\/2023\/12\/phot3-Copier-e1702653219335.jpg?fit=1702%2C1280&ssl=1","datePublished":"2023-08-01T14:06:55+00:00","dateModified":"2025-05-04T15:43:28+00:00","description":"Ontdek Guadeloupe door middel van sport- en natuuractiviteiten tijdens ons Multisportverblijf. Er wacht je elke dag een nieuw avontuur! \ud83c\udf34","breadcrumb":{"@id":"https:\/\/www.vert-intense.com\/activite-guadeloupe\/sejours-sportifs-nature-guadeloupe\/sejour-multisport\/#breadcrumb"},"inLanguage":"nl-NL","potentialAction":[{"@type":"ReadAction","target":["https:\/\/www.vert-intense.com\/activite-guadeloupe\/sejours-sportifs-nature-guadeloupe\/sejour-multisport\/"]}]},{"@type":"ImageObject","inLanguage":"nl-NL","@id":"https:\/\/www.vert-intense.com\/activite-guadeloupe\/sejours-sportifs-nature-guadeloupe\/sejour-multisport\/#primaryimage","url":"https:\/\/i0.wp.com\/www.vert-intense.com\/wp-content\/uploads\/2023\/12\/phot3-Copier-e1702653219335.jpg?fit=1702%2C1280&ssl=1","contentUrl":"https:\/\/i0.wp.com\/www.vert-intense.com\/wp-content\/uploads\/2023\/12\/phot3-Copier-e1702653219335.jpg?fit=1702%2C1280&ssl=1","width":1702,"height":1280,"caption":"journ\u00e9e kayak Guadeloupe, s\u00e9jour multisport Vert Intense"},{"@type":"BreadcrumbList","@id":"https:\/\/www.vert-intense.com\/activite-guadeloupe\/sejours-sportifs-nature-guadeloupe\/sejour-multisport\/#breadcrumb","itemListElement":[{"@type":"ListItem","position":1,"name":"Accueil","item":"https:\/\/www.vert-intense.com\/"},{"@type":"ListItem","position":2,"name":"Activit\u00e9s nature en Guadeloupe","item":"https:\/\/www.vert-intense.com\/"},{"@type":"ListItem","position":3,"name":"S\u00e9jour Multisports 9 jours"}]},{"@type":"WebSite","@id":"https:\/\/www.vert-intense.com\/#website","url":"https:\/\/www.vert-intense.com\/","name":"Vert-Intense","description":"Boek je ontdekkingsactiviteiten in Guadeloupe","publisher":{"@id":"https:\/\/www.vert-intense.com\/#organization"},"potentialAction":[{"@type":"SearchAction","target":{"@type":"EntryPoint","urlTemplate":"https:\/\/www.vert-intense.com\/?s={search_term_string}"},"query-input":{"@type":"PropertyValueSpecification","valueRequired":true,"valueName":"search_term_string"}}],"inLanguage":"nl-NL"},{"@type":"Organization","@id":"https:\/\/www.vert-intense.com\/#organization","name":"Vert-Intense","url":"https:\/\/www.vert-intense.com\/","logo":{"@type":"ImageObject","inLanguage":"nl-NL","@id":"https:\/\/www.vert-intense.com\/#\/schema\/logo\/image\/","url":"https:\/\/i0.wp.com\/www.vert-intense.com\/wp-content\/uploads\/2023\/07\/logo.png?fit=960%2C960&ssl=1","contentUrl":"https:\/\/i0.wp.com\/www.vert-intense.com\/wp-content\/uploads\/2023\/07\/logo.png?fit=960%2C960&ssl=1","width":960,"height":960,"caption":"Vert-Intense"},"image":{"@id":"https:\/\/www.vert-intense.com\/#\/schema\/logo\/image\/"},"sameAs":["https:\/\/www.facebook.com\/vertintense","https:\/\/www.tripadvisor.fr\/Attraction_Review-g1644623-d1649481-Reviews-Vert_Intense-Saint_Claude_Basse_Terre_Island_Guadeloupe.html","https:\/\/www.tiktok.com\/@vertintense","https:\/\/www.instagram.com\/vertintenseguadeloupe\/","https:\/\/www.youtube.com\/channel\/UCRymXR1Pa7n50AOgFy9n3bA"]}]},"product_price_amount":"960","product_price_currency":"EUR","og_availability":"instock","product_availability":"instock","product_condition":"new"},"jetpack_sharing_enabled":true,"_links":{"self":[{"href":"https:\/\/www.vert-intense.com\/nl\/wp-json\/wp\/v2\/product\/1607"}],"collection":[{"href":"https:\/\/www.vert-intense.com\/nl\/wp-json\/wp\/v2\/product"}],"about":[{"href":"https:\/\/www.vert-intense.com\/nl\/wp-json\/wp\/v2\/types\/product"}],"wp:featuredmedia":[{"embeddable":true,"href":"https:\/\/www.vert-intense.com\/nl\/wp-json\/wp\/v2\/media\/2564"}],"wp:attachment":[{"href":"https:\/\/www.vert-intense.com\/nl\/wp-json\/wp\/v2\/media?parent=1607"}],"wp:term":[{"taxonomy":"product_cat","embeddable":true,"href":"https:\/\/www.vert-intense.com\/nl\/wp-json\/wp\/v2\/product_cat?post=1607"},{"taxonomy":"product_tag","embeddable":true,"href":"https:\/\/www.vert-intense.com\/nl\/wp-json\/wp\/v2\/product_tag?post=1607"}],"curies":[{"name":"wp","href":"https:\/\/api.w.org\/{rel}","templated":true}]}}