{"id":1605,"date":"2023-08-01T16:05:59","date_gmt":"2023-08-01T14:05:59","guid":{"rendered":"http:\/\/xedhqzi.cluster100.hosting.ovh.net\/?post_type=product&#038;p=1605"},"modified":"2025-05-04T11:41:47","modified_gmt":"2025-05-04T15:41:47","slug":"randonnees-bevrijd-guadeloupe","status":"publish","type":"product","link":"https:\/\/www.vert-intense.com\/nl\/zaken-guadeloupe\/sportieve-natuurverblijven-guadeloupe\/randonnees-bevrijd-guadeloupe\/","title":{"rendered":"Guadeloupe Vrijheid 9 dagen"},"content":{"rendered":"<h3 style=\"text-align: center;\">Wandelvakanties in Guadeloupe<\/h3>\n<h3 style=\"text-align: center;\">(9 dagen)<\/h3>\n<p>&nbsp;<\/p>\n<p>Haal het meeste uit onze wandelvakantie Guadeloupe, met een speciaal ontworpen route om je de archipel van Guadeloupe te laten ontdekken. Voor elke dag vind je verschillende voorgestelde wandelingen waaruit je kunt kiezen, afhankelijk van je conditie en je wensen. Je vindt er ook tal van adressen waar je de smaken, tradities en het culturele erfgoed van Guadeloupe kunt ontdekken.<\/p>\n<p>Uw accommodatie met Europees Ecolabel ligt aan de voet van de vulkaan Soufri\u00e8re in de gemeente Saint Claude, op een hoogte van 500 meter. Je gastheren Laurence en Eric, beiden berggidsen, zijn goed bekend met de paden van het Guadeloupe National Park en geven je graag alle informatie die je nodig hebt om je wandelvakantie in Guadeloupe onvergetelijk te maken.<\/p>\n<p>&nbsp;<\/p>\n<h4><strong>Programma details :<\/strong><\/h4>\n<ul>\n<li>Dag 1: Aankomst bij Bananes Vertes<\/li>\n<li>Dag 2: Vrijheidswandeling op het Grande-Pointe pad<\/li>\n<li>Dag 3: Begeleide beklimming van de top van de vulkaan La Soufri\u00e8re<\/li>\n<li>Dag 4: Wandeling langs de kustlijn van Port-Louis<\/li>\n<li>Dag 5: Wandeling naar de watervallen van Carbet<\/li>\n<li>Dag 6: Ontdek de kustlijn van Noord-Basse-Terre<\/li>\n<li>Dag 7: Saintes ontdekken<\/li>\n<li>Dag 8: Vertrek uit Bananes Vertes, Luchthaven<\/li>\n<li>Dag 9: Aankomst in Parijs<\/li>\n<\/ul>\n<p>&nbsp;<\/p>\n<h4><strong>De prijs is inclusief<\/strong><\/h4>\n<ul>\n<li>Accommodatie voor de duur van je verblijf<\/li>\n<li>Diner op de eerste avond in de lodge<\/li>\n<li>Een basis 1e ontbijt<\/li>\n<li>Cat A huurauto voor de duur van je verblijf<\/li>\n<li>Begeleide wandeling naar La Soufri\u00e8re<\/li>\n<li>Bootticket van Trois-Rivi\u00e8res naar Les Saintes<\/li>\n<li>De briefing waarin de reis wordt gepresenteerd en het digitale logboek<\/li>\n<\/ul>\n<p>&nbsp;<\/p>\n<h4><strong>De prijs is exclusief :<\/strong><\/h4>\n<ul>\n<li>De vlucht naar Guadeloupe<\/li>\n<li>Diners, lunches en ontbijt<\/li>\n<li>De Carbet parkeerplaats en pier voor Les Saintes<\/li>\n<li>Brandstof voor uw voertuig<\/li>\n<li>Fooien en andere zaken die niet bij de prijs zijn inbegrepen<\/li>\n<li>Opties<\/li>\n<\/ul>\n<p>&nbsp;<\/p>\n<p><strong>Goed om te weten:<\/strong>\u00a0 We staan gedurende je hele verblijf tot je beschikking om je alle informatie te geven die je nodig hebt om je reis soepel te laten verlopen. Je krijgt je reisschema toegestuurd zodra je boekt, samen met een lijst met aanbevolen uitrusting om je te helpen de tropische omgeving onder de knie te krijgen.<\/p>","protected":false},"excerpt":{"rendered":"<p>Boek je wandelvakantie met eigen gids in Guadeloupe en ontdek de archipel van Guadeloupe in je eigen tempo.<\/p>","protected":false},"featured_media":2337,"template":"","meta":[],"product_cat":[28],"product_tag":[131,130],"class_list":{"0":"post-1605","1":"product","2":"type-product","3":"status-publish","4":"has-post-thumbnail","6":"product_cat-sejours-sportifs-nature-guadeloupe","7":"product_tag-sejour-multi-sports-guadeloupe","8":"product_tag-sejour-randonnee-liberte","10":"first","11":"instock","12":"virtual","13":"sold-individually","14":"taxable","15":"purchasable","16":"product-type-booking"},"yoast_head":"<!-- This site is optimized with the Yoast SEO Premium plugin v25.3.1 (Yoast SEO v25.3.1) - https:\/\/yoast.com\/wordpress\/plugins\/seo\/ -->\n<title>S\u00e9jour randonn\u00e9es en Guadeloupe: Nature et traditions - Vert Intense<\/title>\n<meta name=\"description\" content=\"Visitez la Guadeloupe lors d&#039;un s\u00e9jour randonn\u00e9es libert\u00e9. Suivez le carnet de route et d\u00e9couvrez le patrimoine culturel guadeloup\u00e9en. R\u00e9servez maintenant!\" \/>\n<meta name=\"robots\" content=\"index, follow, max-snippet:-1, max-image-preview:large, max-video-preview:-1\" \/>\n<link rel=\"canonical\" href=\"https:\/\/www.vert-intense.com\/nl\/zaken-guadeloupe\/sportieve-natuurverblijven-guadeloupe\/randonnees-bevrijd-guadeloupe\/\" \/>\n<meta property=\"og:locale\" content=\"nl_NL\" \/>\n<meta property=\"og:type\" content=\"article\" \/>\n<meta property=\"og:title\" content=\"Randonn\u00e9es Libert\u00e9 Guadeloupe 9 jours\" \/>\n<meta property=\"og:description\" content=\"Visitez la Guadeloupe lors d&#039;un s\u00e9jour randonn\u00e9es libert\u00e9. Suivez le carnet de route et d\u00e9couvrez le patrimoine culturel guadeloup\u00e9en. R\u00e9servez maintenant!\" \/>\n<meta property=\"og:url\" content=\"https:\/\/www.vert-intense.com\/nl\/zaken-guadeloupe\/sportieve-natuurverblijven-guadeloupe\/randonnees-bevrijd-guadeloupe\/\" \/>\n<meta property=\"og:site_name\" content=\"Vert Intense\" \/>\n<meta property=\"article:publisher\" content=\"https:\/\/www.facebook.com\/vertintense\" \/>\n<meta property=\"article:modified_time\" content=\"2025-05-04T15:41:47+00:00\" \/>\n<meta property=\"og:image\" content=\"https:\/\/www.vert-intense.com\/wp-content\/uploads\/2023\/08\/soufriere_guadeloupe004-e1700262449602.jpg\" \/>\n\t<meta property=\"og:image:width\" content=\"1800\" \/>\n\t<meta property=\"og:image:height\" content=\"1353\" \/>\n\t<meta property=\"og:image:type\" content=\"image\/jpeg\" \/>\n<meta name=\"twitter:card\" content=\"summary_large_image\" \/>\n<meta name=\"twitter:label1\" content=\"Prijs\" \/>\n\t<meta name=\"twitter:data1\" content=\"753&euro;\" \/>\n\t<meta name=\"twitter:label2\" content=\"Beschikbaarheid\" \/>\n\t<meta name=\"twitter:data2\" content=\"Op voorraad\" \/>\n<script type=\"application\/ld+json\" class=\"yoast-schema-graph\">{\"@context\":\"https:\/\/schema.org\",\"@graph\":[{\"@type\":\"WebPage\",\"@id\":\"https:\/\/www.vert-intense.com\/activite-guadeloupe\/sejours-sportifs-nature-guadeloupe\/randonnees-liberte-guadeloupe\/\",\"url\":\"https:\/\/www.vert-intense.com\/activite-guadeloupe\/sejours-sportifs-nature-guadeloupe\/randonnees-liberte-guadeloupe\/\",\"name\":\"S\u00e9jour randonn\u00e9es en Guadeloupe: Nature et traditions - Vert Intense\",\"isPartOf\":{\"@id\":\"https:\/\/www.vert-intense.com\/#website\"},\"primaryImageOfPage\":{\"@id\":\"https:\/\/www.vert-intense.com\/activite-guadeloupe\/sejours-sportifs-nature-guadeloupe\/randonnees-liberte-guadeloupe\/#primaryimage\"},\"image\":{\"@id\":\"https:\/\/www.vert-intense.com\/activite-guadeloupe\/sejours-sportifs-nature-guadeloupe\/randonnees-liberte-guadeloupe\/#primaryimage\"},\"thumbnailUrl\":\"https:\/\/i0.wp.com\/www.vert-intense.com\/wp-content\/uploads\/2023\/08\/soufriere_guadeloupe004-e1700262449602.jpg?fit=1800%2C1353&ssl=1\",\"datePublished\":\"2023-08-01T14:05:59+00:00\",\"dateModified\":\"2025-05-04T15:41:47+00:00\",\"description\":\"Visitez la Guadeloupe lors d'un s\u00e9jour randonn\u00e9es libert\u00e9. Suivez le carnet de route et d\u00e9couvrez le patrimoine culturel guadeloup\u00e9en. R\u00e9servez maintenant!\",\"breadcrumb\":{\"@id\":\"https:\/\/www.vert-intense.com\/activite-guadeloupe\/sejours-sportifs-nature-guadeloupe\/randonnees-liberte-guadeloupe\/#breadcrumb\"},\"inLanguage\":\"nl-NL\",\"potentialAction\":[{\"@type\":\"ReadAction\",\"target\":[\"https:\/\/www.vert-intense.com\/activite-guadeloupe\/sejours-sportifs-nature-guadeloupe\/randonnees-liberte-guadeloupe\/\"]}]},{\"@type\":\"ImageObject\",\"inLanguage\":\"nl-NL\",\"@id\":\"https:\/\/www.vert-intense.com\/activite-guadeloupe\/sejours-sportifs-nature-guadeloupe\/randonnees-liberte-guadeloupe\/#primaryimage\",\"url\":\"https:\/\/i0.wp.com\/www.vert-intense.com\/wp-content\/uploads\/2023\/08\/soufriere_guadeloupe004-e1700262449602.jpg?fit=1800%2C1353&ssl=1\",\"contentUrl\":\"https:\/\/i0.wp.com\/www.vert-intense.com\/wp-content\/uploads\/2023\/08\/soufriere_guadeloupe004-e1700262449602.jpg?fit=1800%2C1353&ssl=1\",\"width\":1800,\"height\":1353,\"caption\":\"randonn\u00e9e sur le Volcan de la Soufri\u00e8re en Guadeloupe\"},{\"@type\":\"BreadcrumbList\",\"@id\":\"https:\/\/www.vert-intense.com\/activite-guadeloupe\/sejours-sportifs-nature-guadeloupe\/randonnees-liberte-guadeloupe\/#breadcrumb\",\"itemListElement\":[{\"@type\":\"ListItem\",\"position\":1,\"name\":\"Accueil\",\"item\":\"https:\/\/www.vert-intense.com\/\"},{\"@type\":\"ListItem\",\"position\":2,\"name\":\"Activit\u00e9s nature en Guadeloupe\",\"item\":\"https:\/\/www.vert-intense.com\/\"},{\"@type\":\"ListItem\",\"position\":3,\"name\":\"Randonn\u00e9es Libert\u00e9 Guadeloupe 9 jours\"}]},{\"@type\":\"WebSite\",\"@id\":\"https:\/\/www.vert-intense.com\/#website\",\"url\":\"https:\/\/www.vert-intense.com\/\",\"name\":\"Vert-Intense\",\"description\":\"R\u00e9servez vos activit\u00e9s d\u00e9couvertes en Guadeloupe\",\"publisher\":{\"@id\":\"https:\/\/www.vert-intense.com\/#organization\"},\"potentialAction\":[{\"@type\":\"SearchAction\",\"target\":{\"@type\":\"EntryPoint\",\"urlTemplate\":\"https:\/\/www.vert-intense.com\/?s={search_term_string}\"},\"query-input\":{\"@type\":\"PropertyValueSpecification\",\"valueRequired\":true,\"valueName\":\"search_term_string\"}}],\"inLanguage\":\"nl-NL\"},{\"@type\":\"Organization\",\"@id\":\"https:\/\/www.vert-intense.com\/#organization\",\"name\":\"Vert-Intense\",\"url\":\"https:\/\/www.vert-intense.com\/\",\"logo\":{\"@type\":\"ImageObject\",\"inLanguage\":\"nl-NL\",\"@id\":\"https:\/\/www.vert-intense.com\/#\/schema\/logo\/image\/\",\"url\":\"https:\/\/i0.wp.com\/www.vert-intense.com\/wp-content\/uploads\/2023\/07\/logo.png?fit=960%2C960&ssl=1\",\"contentUrl\":\"https:\/\/i0.wp.com\/www.vert-intense.com\/wp-content\/uploads\/2023\/07\/logo.png?fit=960%2C960&ssl=1\",\"width\":960,\"height\":960,\"caption\":\"Vert-Intense\"},\"image\":{\"@id\":\"https:\/\/www.vert-intense.com\/#\/schema\/logo\/image\/\"},\"sameAs\":[\"https:\/\/www.facebook.com\/vertintense\",\"https:\/\/www.tripadvisor.fr\/Attraction_Review-g1644623-d1649481-Reviews-Vert_Intense-Saint_Claude_Basse_Terre_Island_Guadeloupe.html\",\"https:\/\/www.tiktok.com\/@vertintense\",\"https:\/\/www.instagram.com\/vertintenseguadeloupe\/\",\"https:\/\/www.youtube.com\/channel\/UCRymXR1Pa7n50AOgFy9n3bA\"]}]}<\/script>\n<meta property=\"product:price:amount\" content=\"753\" \/>\n<meta property=\"product:price:currency\" content=\"EUR\" \/>\n<meta property=\"og:availability\" content=\"instock\" \/>\n<meta property=\"product:availability\" content=\"instock\" \/>\n<meta property=\"product:condition\" content=\"new\" \/>\n<!-- \/ Yoast SEO Premium plugin. -->","yoast_head_json":{"title":"Guadeloupe wandelvakantie: Natuur en tradities - Vert Intense","description":"Bezoek Guadeloupe tijdens een wandelvakantie. Volg het routeboek en ontdek het culturele erfgoed van Guadeloupe. Boek nu je vakantie!","robots":{"index":"index","follow":"follow","max-snippet":"max-snippet:-1","max-image-preview":"max-image-preview:large","max-video-preview":"max-video-preview:-1"},"canonical":"https:\/\/www.vert-intense.com\/nl\/zaken-guadeloupe\/sportieve-natuurverblijven-guadeloupe\/randonnees-bevrijd-guadeloupe\/","og_locale":"nl_NL","og_type":"article","og_title":"Randonn\u00e9es Libert\u00e9 Guadeloupe 9 jours","og_description":"Visitez la Guadeloupe lors d'un s\u00e9jour randonn\u00e9es libert\u00e9. Suivez le carnet de route et d\u00e9couvrez le patrimoine culturel guadeloup\u00e9en. R\u00e9servez maintenant!","og_url":"https:\/\/www.vert-intense.com\/nl\/zaken-guadeloupe\/sportieve-natuurverblijven-guadeloupe\/randonnees-bevrijd-guadeloupe\/","og_site_name":"Vert Intense","article_publisher":"https:\/\/www.facebook.com\/vertintense","article_modified_time":"2025-05-04T15:41:47+00:00","og_image":[{"width":1800,"height":1353,"url":"https:\/\/www.vert-intense.com\/wp-content\/uploads\/2023\/08\/soufriere_guadeloupe004-e1700262449602.jpg","type":"image\/jpeg"}],"twitter_card":"summary_large_image","twitter_misc":{"Prijs":"753&euro;","Beschikbaarheid":"Op voorraad"},"schema":{"@context":"https:\/\/schema.org","@graph":[{"@type":"WebPage","@id":"https:\/\/www.vert-intense.com\/activite-guadeloupe\/sejours-sportifs-nature-guadeloupe\/randonnees-liberte-guadeloupe\/","url":"https:\/\/www.vert-intense.com\/activite-guadeloupe\/sejours-sportifs-nature-guadeloupe\/randonnees-liberte-guadeloupe\/","name":"Guadeloupe wandelvakantie: Natuur en tradities - Vert Intense","isPartOf":{"@id":"https:\/\/www.vert-intense.com\/#website"},"primaryImageOfPage":{"@id":"https:\/\/www.vert-intense.com\/activite-guadeloupe\/sejours-sportifs-nature-guadeloupe\/randonnees-liberte-guadeloupe\/#primaryimage"},"image":{"@id":"https:\/\/www.vert-intense.com\/activite-guadeloupe\/sejours-sportifs-nature-guadeloupe\/randonnees-liberte-guadeloupe\/#primaryimage"},"thumbnailUrl":"https:\/\/i0.wp.com\/www.vert-intense.com\/wp-content\/uploads\/2023\/08\/soufriere_guadeloupe004-e1700262449602.jpg?fit=1800%2C1353&ssl=1","datePublished":"2023-08-01T14:05:59+00:00","dateModified":"2025-05-04T15:41:47+00:00","description":"Bezoek Guadeloupe tijdens een wandelvakantie. Volg het routeboek en ontdek het culturele erfgoed van Guadeloupe. Boek nu je vakantie!","breadcrumb":{"@id":"https:\/\/www.vert-intense.com\/activite-guadeloupe\/sejours-sportifs-nature-guadeloupe\/randonnees-liberte-guadeloupe\/#breadcrumb"},"inLanguage":"nl-NL","potentialAction":[{"@type":"ReadAction","target":["https:\/\/www.vert-intense.com\/activite-guadeloupe\/sejours-sportifs-nature-guadeloupe\/randonnees-liberte-guadeloupe\/"]}]},{"@type":"ImageObject","inLanguage":"nl-NL","@id":"https:\/\/www.vert-intense.com\/activite-guadeloupe\/sejours-sportifs-nature-guadeloupe\/randonnees-liberte-guadeloupe\/#primaryimage","url":"https:\/\/i0.wp.com\/www.vert-intense.com\/wp-content\/uploads\/2023\/08\/soufriere_guadeloupe004-e1700262449602.jpg?fit=1800%2C1353&ssl=1","contentUrl":"https:\/\/i0.wp.com\/www.vert-intense.com\/wp-content\/uploads\/2023\/08\/soufriere_guadeloupe004-e1700262449602.jpg?fit=1800%2C1353&ssl=1","width":1800,"height":1353,"caption":"randonn\u00e9e sur le Volcan de la Soufri\u00e8re en Guadeloupe"},{"@type":"BreadcrumbList","@id":"https:\/\/www.vert-intense.com\/activite-guadeloupe\/sejours-sportifs-nature-guadeloupe\/randonnees-liberte-guadeloupe\/#breadcrumb","itemListElement":[{"@type":"ListItem","position":1,"name":"Accueil","item":"https:\/\/www.vert-intense.com\/"},{"@type":"ListItem","position":2,"name":"Activit\u00e9s nature en Guadeloupe","item":"https:\/\/www.vert-intense.com\/"},{"@type":"ListItem","position":3,"name":"Randonn\u00e9es Libert\u00e9 Guadeloupe 9 jours"}]},{"@type":"WebSite","@id":"https:\/\/www.vert-intense.com\/#website","url":"https:\/\/www.vert-intense.com\/","name":"Vert-Intense","description":"Boek je ontdekkingsactiviteiten in Guadeloupe","publisher":{"@id":"https:\/\/www.vert-intense.com\/#organization"},"potentialAction":[{"@type":"SearchAction","target":{"@type":"EntryPoint","urlTemplate":"https:\/\/www.vert-intense.com\/?s={search_term_string}"},"query-input":{"@type":"PropertyValueSpecification","valueRequired":true,"valueName":"search_term_string"}}],"inLanguage":"nl-NL"},{"@type":"Organization","@id":"https:\/\/www.vert-intense.com\/#organization","name":"Vert-Intense","url":"https:\/\/www.vert-intense.com\/","logo":{"@type":"ImageObject","inLanguage":"nl-NL","@id":"https:\/\/www.vert-intense.com\/#\/schema\/logo\/image\/","url":"https:\/\/i0.wp.com\/www.vert-intense.com\/wp-content\/uploads\/2023\/07\/logo.png?fit=960%2C960&ssl=1","contentUrl":"https:\/\/i0.wp.com\/www.vert-intense.com\/wp-content\/uploads\/2023\/07\/logo.png?fit=960%2C960&ssl=1","width":960,"height":960,"caption":"Vert-Intense"},"image":{"@id":"https:\/\/www.vert-intense.com\/#\/schema\/logo\/image\/"},"sameAs":["https:\/\/www.facebook.com\/vertintense","https:\/\/www.tripadvisor.fr\/Attraction_Review-g1644623-d1649481-Reviews-Vert_Intense-Saint_Claude_Basse_Terre_Island_Guadeloupe.html","https:\/\/www.tiktok.com\/@vertintense","https:\/\/www.instagram.com\/vertintenseguadeloupe\/","https:\/\/www.youtube.com\/channel\/UCRymXR1Pa7n50AOgFy9n3bA"]}]},"product_price_amount":"753","product_price_currency":"EUR","og_availability":"instock","product_availability":"instock","product_condition":"new"},"jetpack_sharing_enabled":true,"_links":{"self":[{"href":"https:\/\/www.vert-intense.com\/nl\/wp-json\/wp\/v2\/product\/1605"}],"collection":[{"href":"https:\/\/www.vert-intense.com\/nl\/wp-json\/wp\/v2\/product"}],"about":[{"href":"https:\/\/www.vert-intense.com\/nl\/wp-json\/wp\/v2\/types\/product"}],"wp:featuredmedia":[{"embeddable":true,"href":"https:\/\/www.vert-intense.com\/nl\/wp-json\/wp\/v2\/media\/2337"}],"wp:attachment":[{"href":"https:\/\/www.vert-intense.com\/nl\/wp-json\/wp\/v2\/media?parent=1605"}],"wp:term":[{"taxonomy":"product_cat","embeddable":true,"href":"https:\/\/www.vert-intense.com\/nl\/wp-json\/wp\/v2\/product_cat?post=1605"},{"taxonomy":"product_tag","embeddable":true,"href":"https:\/\/www.vert-intense.com\/nl\/wp-json\/wp\/v2\/product_tag?post=1605"}],"curies":[{"name":"wp","href":"https:\/\/api.w.org\/{rel}","templated":true}]}}