{"id":1569,"date":"2023-07-26T16:02:14","date_gmt":"2023-07-26T14:02:14","guid":{"rendered":"http:\/\/xedhqzi.cluster100.hosting.ovh.net\/?post_type=product&#038;p=1569"},"modified":"2026-02-13T07:18:04","modified_gmt":"2026-02-13T11:18:04","slug":"waterwandeling","status":"publish","type":"product","link":"https:\/\/www.vert-intense.com\/nl\/zaken-guadeloupe\/canyoning-guadeloupe\/waterwandeling\/","title":{"rendered":"Waterwandeling"},"content":{"rendered":"<h3 style=\"text-align: center;\"><b>Acomat waterwandeling in Guadeloupe<\/b><\/h3>\n<p>&nbsp;<\/p>\n<p>Probeer canyoning op het Acomat waterparcours in Guadeloupe. Sprongen en glijbanen wachten op je voor een onvergetelijke ontdekking!<\/p>\n<p>De waterattractie Acomat in Guadeloupe ligt in de gemeente Pointe-Noire. Daal af van de bedding van de rivier de Grande Plaine met een reeks sprongen en glijbanen, tot groot plezier van de kinderen. Het parcours is aquatisch en biedt veel sensatie. Een geweldige keuze voor een gezinsuitstapje. Dus aarzel niet, boek nu voor een onvergetelijke ervaring!<\/p>\n<h4><\/h4>\n<h4><b>Cursus\u00a0<\/b><\/h4>\n<p>&nbsp;<\/p>\n<p><u><b>Voorbereiding :<\/b><\/u><\/p>\n<p>Om te beginnen wachten we op je op de parkeerplaats tegenover het Maison du Cacao tussen Bouillante en Pointe-Noire. De geolocatie wordt je natuurlijk toegestuurd! En in slechts een paar minuten met de auto bereiken we de hoogten van Acomat. Eenmaal boven voorzien we je van de specifieke uitrusting die je nodig hebt voor de Acomat-wandeltocht. Zelfs als je in Guadeloupe bent, is een lang neopreen wetsuit een must.<\/p>\n<p><u><b>Activiteit:<\/b><\/u><\/p>\n<p>De waterwandeling begint met een aanloopwandeling van 20 minuten door het bos. Hier komen we aan bij het beginpunt van de waterwandeling. Vervolgens wacht ons een 2 uur durende afdaling in de rivier in een prachtige canyon. De waterwandeling is leuk: zwemmen, lopen, sprongen en glijbanen. Sprongen zijn niet verplicht of kunnen worden herhaald. En we eindigen onze tocht bij Saut d'Acomat.<\/p>\n<p><u><b>Aankomst :<\/b><\/u><\/p>\n<p>En om te eindigen, een korte wandeling van 10 minuten terug naar de auto, met je hoofd vol herinneringen aan deze aquatische tocht!<\/p>\n<h4><\/h4>\n<h4><b>Route-informatie\u00a0<\/b><\/h4>\n<ul>\n<li>Rivier: Grande Plaine rivier (technische moeilijkheidsgraad: matig)<\/li>\n<li>Omschrijving: makkelijke route met rivierwandelingen, weinig hoogteverschillen maar enkele technische stukken.<\/li>\n<li>Routebeschrijving: Hoogten van Acomat naar Saut d'Acomat<\/li>\n<li>Totale tijd: 3 uur<\/li>\n<li>Tijd doorgebracht in de canyon: 2 h 00<\/li>\n<li>Hoogte retour: Geen retour<\/li>\n<\/ul>\n<p>&nbsp;<\/p>\n<h4><b>Diensten<\/b><\/h4>\n<ul>\n<li>Uitrusting voor canyoning (lang neopreen wetsuit, helm)<\/li>\n<li>Gecertificeerde canyoning gids<\/li>\n<\/ul>\n<p>&nbsp;<\/p>\n<h4><b>Brengen<\/b><\/h4>\n<ul>\n<li>Zwemkleding<\/li>\n<li>trainers<\/li>\n<li>Handdoek voor de terugreis<\/li>\n<li>brillenkoord<\/li>\n<li>fles of fles water<\/li>\n<\/ul>\n<p>&nbsp;<\/p>\n<h4><b>Voorwaarden<\/b><\/h4>\n<ul>\n<li>Minimumleeftijd: 8 jaar<\/li>\n<li>Lichamelijke fitheid<\/li>\n<li>Weten hoe je moet zwemmen<\/li>\n<\/ul>\n<p>&nbsp;<\/p>\n<p>Als gevolg van slecht weer kan je een andere datum of een terugbetaling worden aangeboden (zeldzaam, maar het gebeurt!).<\/p>","protected":false},"excerpt":{"rendered":"<p class=\"ai-optimize-23\">Boek de Acomat waterglijbaan in Guadeloupe en probeer canyoning. Sprongen en glijbanen wachten op je voor een onvergetelijke ervaring!<\/p>","protected":false},"featured_media":2379,"template":"","meta":[],"product_cat":[24],"product_tag":[125,127,126],"class_list":{"0":"post-1569","1":"product","2":"type-product","3":"status-publish","4":"has-post-thumbnail","6":"product_cat-canyoning-guadeloupe","7":"product_tag-canyoning-bleu-niveau-moyen","8":"product_tag-canyoning-vert-niveau-facile","9":"product_tag-randonnee-bleu-niveau-moyen","11":"first","12":"instock","13":"virtual","14":"sold-individually","15":"taxable","16":"purchasable","17":"product-type-booking"},"yoast_head":"<!-- This site is optimized with the Yoast SEO Premium plugin v25.3.1 (Yoast SEO v25.3.1) - https:\/\/yoast.com\/wordpress\/plugins\/seo\/ -->\n<title>Randonn\u00e9e Aquatique Acomat en Guadeloupe: Plaisir pour Tous<\/title>\n<meta name=\"description\" content=\"Venez vous initiez au canyoning avec la randonn\u00e9e aquatique de Acomat en Guadeloupe. Sauts et toboggans vous attendent pour une d\u00e9couverte inoubliable !\" \/>\n<meta name=\"robots\" content=\"index, follow, max-snippet:-1, max-image-preview:large, max-video-preview:-1\" \/>\n<link rel=\"canonical\" href=\"https:\/\/www.vert-intense.com\/nl\/zaken-guadeloupe\/canyoning-guadeloupe\/waterwandeling\/\" \/>\n<meta property=\"og:locale\" content=\"nl_NL\" \/>\n<meta property=\"og:type\" content=\"article\" \/>\n<meta property=\"og:title\" content=\"Randonn\u00e9e aquatique\" \/>\n<meta property=\"og:description\" content=\"Venez vous initiez au canyoning avec la randonn\u00e9e aquatique de Acomat en Guadeloupe. Sauts et toboggans vous attendent pour une d\u00e9couverte inoubliable !\" \/>\n<meta property=\"og:url\" content=\"https:\/\/www.vert-intense.com\/nl\/zaken-guadeloupe\/canyoning-guadeloupe\/waterwandeling\/\" \/>\n<meta property=\"og:site_name\" content=\"Vert Intense\" \/>\n<meta property=\"article:publisher\" content=\"https:\/\/www.facebook.com\/vertintense\" \/>\n<meta property=\"article:modified_time\" content=\"2026-02-13T11:18:04+00:00\" \/>\n<meta property=\"og:image\" content=\"https:\/\/www.vert-intense.com\/wp-content\/uploads\/2023\/07\/acomat003-e1700261828476.jpg\" \/>\n\t<meta property=\"og:image:width\" content=\"1200\" \/>\n\t<meta property=\"og:image:height\" content=\"902\" \/>\n\t<meta property=\"og:image:type\" content=\"image\/jpeg\" \/>\n<meta name=\"twitter:card\" content=\"summary_large_image\" \/>\n<meta name=\"twitter:label1\" content=\"Prijs\" \/>\n\t<meta name=\"twitter:data1\" content=\"45&euro;\" \/>\n\t<meta name=\"twitter:label2\" content=\"Beschikbaarheid\" \/>\n\t<meta name=\"twitter:data2\" content=\"Op voorraad\" \/>\n<script type=\"application\/ld+json\" class=\"yoast-schema-graph\">{\"@context\":\"https:\/\/schema.org\",\"@graph\":[{\"@type\":\"WebPage\",\"@id\":\"https:\/\/www.vert-intense.com\/activite-guadeloupe\/canyoning-guadeloupe\/randonnee-aquatique\/\",\"url\":\"https:\/\/www.vert-intense.com\/activite-guadeloupe\/canyoning-guadeloupe\/randonnee-aquatique\/\",\"name\":\"Randonn\u00e9e Aquatique Acomat en Guadeloupe: Plaisir pour Tous\",\"isPartOf\":{\"@id\":\"https:\/\/www.vert-intense.com\/#website\"},\"primaryImageOfPage\":{\"@id\":\"https:\/\/www.vert-intense.com\/activite-guadeloupe\/canyoning-guadeloupe\/randonnee-aquatique\/#primaryimage\"},\"image\":{\"@id\":\"https:\/\/www.vert-intense.com\/activite-guadeloupe\/canyoning-guadeloupe\/randonnee-aquatique\/#primaryimage\"},\"thumbnailUrl\":\"https:\/\/i0.wp.com\/www.vert-intense.com\/wp-content\/uploads\/2023\/07\/acomat003-e1700261828476.jpg?fit=1200%2C902&ssl=1\",\"datePublished\":\"2023-07-26T14:02:14+00:00\",\"dateModified\":\"2026-02-13T11:18:04+00:00\",\"description\":\"Venez vous initiez au canyoning avec la randonn\u00e9e aquatique de Acomat en Guadeloupe. Sauts et toboggans vous attendent pour une d\u00e9couverte inoubliable !\",\"breadcrumb\":{\"@id\":\"https:\/\/www.vert-intense.com\/activite-guadeloupe\/canyoning-guadeloupe\/randonnee-aquatique\/#breadcrumb\"},\"inLanguage\":\"nl-NL\",\"potentialAction\":[{\"@type\":\"ReadAction\",\"target\":[\"https:\/\/www.vert-intense.com\/activite-guadeloupe\/canyoning-guadeloupe\/randonnee-aquatique\/\"]}]},{\"@type\":\"ImageObject\",\"inLanguage\":\"nl-NL\",\"@id\":\"https:\/\/www.vert-intense.com\/activite-guadeloupe\/canyoning-guadeloupe\/randonnee-aquatique\/#primaryimage\",\"url\":\"https:\/\/i0.wp.com\/www.vert-intense.com\/wp-content\/uploads\/2023\/07\/acomat003-e1700261828476.jpg?fit=1200%2C902&ssl=1\",\"contentUrl\":\"https:\/\/i0.wp.com\/www.vert-intense.com\/wp-content\/uploads\/2023\/07\/acomat003-e1700261828476.jpg?fit=1200%2C902&ssl=1\",\"width\":1200,\"height\":902,\"caption\":\"randonn\u00e9e aquatique \u00e0 Acomat\"},{\"@type\":\"BreadcrumbList\",\"@id\":\"https:\/\/www.vert-intense.com\/activite-guadeloupe\/canyoning-guadeloupe\/randonnee-aquatique\/#breadcrumb\",\"itemListElement\":[{\"@type\":\"ListItem\",\"position\":1,\"name\":\"Accueil\",\"item\":\"https:\/\/www.vert-intense.com\/\"},{\"@type\":\"ListItem\",\"position\":2,\"name\":\"Activit\u00e9s nature en Guadeloupe\",\"item\":\"https:\/\/www.vert-intense.com\/\"},{\"@type\":\"ListItem\",\"position\":3,\"name\":\"Randonn\u00e9e aquatique\"}]},{\"@type\":\"WebSite\",\"@id\":\"https:\/\/www.vert-intense.com\/#website\",\"url\":\"https:\/\/www.vert-intense.com\/\",\"name\":\"Vert-Intense\",\"description\":\"R\u00e9servez vos activit\u00e9s d\u00e9couvertes en Guadeloupe\",\"publisher\":{\"@id\":\"https:\/\/www.vert-intense.com\/#organization\"},\"potentialAction\":[{\"@type\":\"SearchAction\",\"target\":{\"@type\":\"EntryPoint\",\"urlTemplate\":\"https:\/\/www.vert-intense.com\/?s={search_term_string}\"},\"query-input\":{\"@type\":\"PropertyValueSpecification\",\"valueRequired\":true,\"valueName\":\"search_term_string\"}}],\"inLanguage\":\"nl-NL\"},{\"@type\":\"Organization\",\"@id\":\"https:\/\/www.vert-intense.com\/#organization\",\"name\":\"Vert-Intense\",\"url\":\"https:\/\/www.vert-intense.com\/\",\"logo\":{\"@type\":\"ImageObject\",\"inLanguage\":\"nl-NL\",\"@id\":\"https:\/\/www.vert-intense.com\/#\/schema\/logo\/image\/\",\"url\":\"https:\/\/i0.wp.com\/www.vert-intense.com\/wp-content\/uploads\/2023\/07\/logo.png?fit=960%2C960&ssl=1\",\"contentUrl\":\"https:\/\/i0.wp.com\/www.vert-intense.com\/wp-content\/uploads\/2023\/07\/logo.png?fit=960%2C960&ssl=1\",\"width\":960,\"height\":960,\"caption\":\"Vert-Intense\"},\"image\":{\"@id\":\"https:\/\/www.vert-intense.com\/#\/schema\/logo\/image\/\"},\"sameAs\":[\"https:\/\/www.facebook.com\/vertintense\",\"https:\/\/www.tripadvisor.fr\/Attraction_Review-g1644623-d1649481-Reviews-Vert_Intense-Saint_Claude_Basse_Terre_Island_Guadeloupe.html\",\"https:\/\/www.tiktok.com\/@vertintense\",\"https:\/\/www.instagram.com\/vertintenseguadeloupe\/\",\"https:\/\/www.youtube.com\/channel\/UCRymXR1Pa7n50AOgFy9n3bA\"]}]}<\/script>\n<meta property=\"product:price:amount\" content=\"45\" \/>\n<meta property=\"product:price:currency\" content=\"EUR\" \/>\n<meta property=\"og:availability\" content=\"instock\" \/>\n<meta property=\"product:availability\" content=\"instock\" \/>\n<meta property=\"product:condition\" content=\"new\" \/>\n<!-- \/ Yoast SEO Premium plugin. -->","yoast_head_json":{"title":"Acomat waterwandeling in Guadeloupe: plezier voor iedereen","description":"Probeer canyoning op het Acomat waterparcours in Guadeloupe. Sprongen en glijbanen wachten op je voor een onvergetelijke ontdekking!","robots":{"index":"index","follow":"follow","max-snippet":"max-snippet:-1","max-image-preview":"max-image-preview:large","max-video-preview":"max-video-preview:-1"},"canonical":"https:\/\/www.vert-intense.com\/nl\/zaken-guadeloupe\/canyoning-guadeloupe\/waterwandeling\/","og_locale":"nl_NL","og_type":"article","og_title":"Randonn\u00e9e aquatique","og_description":"Venez vous initiez au canyoning avec la randonn\u00e9e aquatique de Acomat en Guadeloupe. Sauts et toboggans vous attendent pour une d\u00e9couverte inoubliable !","og_url":"https:\/\/www.vert-intense.com\/nl\/zaken-guadeloupe\/canyoning-guadeloupe\/waterwandeling\/","og_site_name":"Vert Intense","article_publisher":"https:\/\/www.facebook.com\/vertintense","article_modified_time":"2026-02-13T11:18:04+00:00","og_image":[{"width":1200,"height":902,"url":"https:\/\/www.vert-intense.com\/wp-content\/uploads\/2023\/07\/acomat003-e1700261828476.jpg","type":"image\/jpeg"}],"twitter_card":"summary_large_image","twitter_misc":{"Prijs":"45&euro;","Beschikbaarheid":"Op voorraad"},"schema":{"@context":"https:\/\/schema.org","@graph":[{"@type":"WebPage","@id":"https:\/\/www.vert-intense.com\/activite-guadeloupe\/canyoning-guadeloupe\/randonnee-aquatique\/","url":"https:\/\/www.vert-intense.com\/activite-guadeloupe\/canyoning-guadeloupe\/randonnee-aquatique\/","name":"Acomat waterwandeling in Guadeloupe: plezier voor iedereen","isPartOf":{"@id":"https:\/\/www.vert-intense.com\/#website"},"primaryImageOfPage":{"@id":"https:\/\/www.vert-intense.com\/activite-guadeloupe\/canyoning-guadeloupe\/randonnee-aquatique\/#primaryimage"},"image":{"@id":"https:\/\/www.vert-intense.com\/activite-guadeloupe\/canyoning-guadeloupe\/randonnee-aquatique\/#primaryimage"},"thumbnailUrl":"https:\/\/i0.wp.com\/www.vert-intense.com\/wp-content\/uploads\/2023\/07\/acomat003-e1700261828476.jpg?fit=1200%2C902&ssl=1","datePublished":"2023-07-26T14:02:14+00:00","dateModified":"2026-02-13T11:18:04+00:00","description":"Probeer canyoning op het Acomat waterparcours in Guadeloupe. Sprongen en glijbanen wachten op je voor een onvergetelijke ontdekking!","breadcrumb":{"@id":"https:\/\/www.vert-intense.com\/activite-guadeloupe\/canyoning-guadeloupe\/randonnee-aquatique\/#breadcrumb"},"inLanguage":"nl-NL","potentialAction":[{"@type":"ReadAction","target":["https:\/\/www.vert-intense.com\/activite-guadeloupe\/canyoning-guadeloupe\/randonnee-aquatique\/"]}]},{"@type":"ImageObject","inLanguage":"nl-NL","@id":"https:\/\/www.vert-intense.com\/activite-guadeloupe\/canyoning-guadeloupe\/randonnee-aquatique\/#primaryimage","url":"https:\/\/i0.wp.com\/www.vert-intense.com\/wp-content\/uploads\/2023\/07\/acomat003-e1700261828476.jpg?fit=1200%2C902&ssl=1","contentUrl":"https:\/\/i0.wp.com\/www.vert-intense.com\/wp-content\/uploads\/2023\/07\/acomat003-e1700261828476.jpg?fit=1200%2C902&ssl=1","width":1200,"height":902,"caption":"randonn\u00e9e aquatique \u00e0 Acomat"},{"@type":"BreadcrumbList","@id":"https:\/\/www.vert-intense.com\/activite-guadeloupe\/canyoning-guadeloupe\/randonnee-aquatique\/#breadcrumb","itemListElement":[{"@type":"ListItem","position":1,"name":"Accueil","item":"https:\/\/www.vert-intense.com\/"},{"@type":"ListItem","position":2,"name":"Activit\u00e9s nature en Guadeloupe","item":"https:\/\/www.vert-intense.com\/"},{"@type":"ListItem","position":3,"name":"Randonn\u00e9e aquatique"}]},{"@type":"WebSite","@id":"https:\/\/www.vert-intense.com\/#website","url":"https:\/\/www.vert-intense.com\/","name":"Vert-Intense","description":"Boek je ontdekkingsactiviteiten in Guadeloupe","publisher":{"@id":"https:\/\/www.vert-intense.com\/#organization"},"potentialAction":[{"@type":"SearchAction","target":{"@type":"EntryPoint","urlTemplate":"https:\/\/www.vert-intense.com\/?s={search_term_string}"},"query-input":{"@type":"PropertyValueSpecification","valueRequired":true,"valueName":"search_term_string"}}],"inLanguage":"nl-NL"},{"@type":"Organization","@id":"https:\/\/www.vert-intense.com\/#organization","name":"Vert-Intense","url":"https:\/\/www.vert-intense.com\/","logo":{"@type":"ImageObject","inLanguage":"nl-NL","@id":"https:\/\/www.vert-intense.com\/#\/schema\/logo\/image\/","url":"https:\/\/i0.wp.com\/www.vert-intense.com\/wp-content\/uploads\/2023\/07\/logo.png?fit=960%2C960&ssl=1","contentUrl":"https:\/\/i0.wp.com\/www.vert-intense.com\/wp-content\/uploads\/2023\/07\/logo.png?fit=960%2C960&ssl=1","width":960,"height":960,"caption":"Vert-Intense"},"image":{"@id":"https:\/\/www.vert-intense.com\/#\/schema\/logo\/image\/"},"sameAs":["https:\/\/www.facebook.com\/vertintense","https:\/\/www.tripadvisor.fr\/Attraction_Review-g1644623-d1649481-Reviews-Vert_Intense-Saint_Claude_Basse_Terre_Island_Guadeloupe.html","https:\/\/www.tiktok.com\/@vertintense","https:\/\/www.instagram.com\/vertintenseguadeloupe\/","https:\/\/www.youtube.com\/channel\/UCRymXR1Pa7n50AOgFy9n3bA"]}]},"product_price_amount":"45","product_price_currency":"EUR","og_availability":"instock","product_availability":"instock","product_condition":"new"},"jetpack_sharing_enabled":true,"_links":{"self":[{"href":"https:\/\/www.vert-intense.com\/nl\/wp-json\/wp\/v2\/product\/1569"}],"collection":[{"href":"https:\/\/www.vert-intense.com\/nl\/wp-json\/wp\/v2\/product"}],"about":[{"href":"https:\/\/www.vert-intense.com\/nl\/wp-json\/wp\/v2\/types\/product"}],"wp:featuredmedia":[{"embeddable":true,"href":"https:\/\/www.vert-intense.com\/nl\/wp-json\/wp\/v2\/media\/2379"}],"wp:attachment":[{"href":"https:\/\/www.vert-intense.com\/nl\/wp-json\/wp\/v2\/media?parent=1569"}],"wp:term":[{"taxonomy":"product_cat","embeddable":true,"href":"https:\/\/www.vert-intense.com\/nl\/wp-json\/wp\/v2\/product_cat?post=1569"},{"taxonomy":"product_tag","embeddable":true,"href":"https:\/\/www.vert-intense.com\/nl\/wp-json\/wp\/v2\/product_tag?post=1569"}],"curies":[{"name":"wp","href":"https:\/\/api.w.org\/{rel}","templated":true}]}}