{"id":1913,"date":"2023-08-17T15:29:43","date_gmt":"2023-08-17T13:29:43","guid":{"rendered":"http:\/\/xedhqzi.cluster100.hosting.ovh.net\/?page_id=1913"},"modified":"2024-08-18T10:03:15","modified_gmt":"2024-08-18T14:03:15","slug":"kalender-natuuractiviteiten-guadeloupe","status":"publish","type":"page","link":"https:\/\/www.vert-intense.com\/nl\/kalender-natuuractiviteiten-guadeloupe\/","title":{"rendered":"Activiteitenkalender"},"content":{"rendered":"<div data-block-name=\"woocommerce\/bookings-availability-calendar-block\" data-current-screen=\"categories-screen\" class=\"wp-block-woocommerce-bookings-availability-calendar-block wc-bookings-availability-main-calendar-container wc-bookings-availability-main-container text-black\" data-category-ids=\"24,60\" data-product-ids=\"\" data-resource-ids=\"\" data-show-date-nav=\"true\" data-date-range-type=\"this-month\" data-show-sold-out=\"true\"><\/div>","protected":false},"excerpt":{"rendered":"","protected":false},"author":1,"featured_media":1379,"parent":0,"menu_order":0,"comment_status":"closed","ping_status":"closed","template":"","meta":{"footnotes":""},"class_list":["post-1913","page","type-page","status-publish","has-post-thumbnail","hentry"],"yoast_head":"<!-- This site is optimized with the Yoast SEO Premium plugin v25.3.1 (Yoast SEO v25.3.1) - https:\/\/yoast.com\/wordpress\/plugins\/seo\/ -->\n<title>Calendrier des activit\u00e9s - Vert Intense<\/title>\n<meta name=\"description\" content=\"Calendrier des activit\u00e9s nature Vert-Intense en Guadeloupe. Canyoning, randonn\u00e9es, dans une des plus belles Nature Tropicale de la Cara\u00efbe\" \/>\n<meta name=\"robots\" content=\"index, follow, max-snippet:-1, max-image-preview:large, max-video-preview:-1\" \/>\n<link rel=\"canonical\" href=\"https:\/\/www.vert-intense.com\/nl\/kalender-natuuractiviteiten-guadeloupe\/\" \/>\n<meta property=\"og:locale\" content=\"nl_NL\" \/>\n<meta property=\"og:type\" content=\"article\" \/>\n<meta property=\"og:title\" content=\"Calendrier des activit\u00e9s\" \/>\n<meta property=\"og:description\" content=\"Calendrier des activit\u00e9s nature Vert-Intense en Guadeloupe. Canyoning, randonn\u00e9es, dans une des plus belles Nature Tropicale de la Cara\u00efbe\" \/>\n<meta property=\"og:url\" content=\"https:\/\/www.vert-intense.com\/nl\/kalender-natuuractiviteiten-guadeloupe\/\" \/>\n<meta property=\"og:site_name\" content=\"Vert Intense\" \/>\n<meta property=\"article:publisher\" content=\"https:\/\/www.facebook.com\/vertintense\" \/>\n<meta property=\"article:modified_time\" content=\"2024-08-18T14:03:15+00:00\" \/>\n<meta property=\"og:image\" content=\"https:\/\/www.vert-intense.com\/wp-content\/uploads\/2023\/07\/1600x550_fill_slider-guadeloupe4.jpg\" \/>\n\t<meta property=\"og:image:width\" content=\"1600\" \/>\n\t<meta property=\"og:image:height\" content=\"550\" \/>\n\t<meta property=\"og:image:type\" content=\"image\/jpeg\" \/>\n<meta name=\"twitter:card\" content=\"summary_large_image\" \/>\n<meta name=\"twitter:label1\" content=\"Geschatte leestijd\" \/>\n\t<meta name=\"twitter:data1\" content=\"1 minuut\" \/>\n<script type=\"application\/ld+json\" class=\"yoast-schema-graph\">{\"@context\":\"https:\/\/schema.org\",\"@graph\":[{\"@type\":\"WebPage\",\"@id\":\"https:\/\/www.vert-intense.com\/calendrier-activites-nature-guadeloupe\/\",\"url\":\"https:\/\/www.vert-intense.com\/calendrier-activites-nature-guadeloupe\/\",\"name\":\"Calendrier des activit\u00e9s - Vert Intense\",\"isPartOf\":{\"@id\":\"https:\/\/www.vert-intense.com\/#website\"},\"primaryImageOfPage\":{\"@id\":\"https:\/\/www.vert-intense.com\/calendrier-activites-nature-guadeloupe\/#primaryimage\"},\"image\":{\"@id\":\"https:\/\/www.vert-intense.com\/calendrier-activites-nature-guadeloupe\/#primaryimage\"},\"thumbnailUrl\":\"https:\/\/i0.wp.com\/www.vert-intense.com\/wp-content\/uploads\/2023\/07\/1600x550_fill_slider-guadeloupe4.jpg?fit=1600%2C550&ssl=1\",\"datePublished\":\"2023-08-17T13:29:43+00:00\",\"dateModified\":\"2024-08-18T14:03:15+00:00\",\"description\":\"Calendrier des activit\u00e9s nature Vert-Intense en Guadeloupe. Canyoning, randonn\u00e9es, dans une des plus belles Nature Tropicale de la Cara\u00efbe\",\"breadcrumb\":{\"@id\":\"https:\/\/www.vert-intense.com\/calendrier-activites-nature-guadeloupe\/#breadcrumb\"},\"inLanguage\":\"nl-NL\",\"potentialAction\":[{\"@type\":\"ReadAction\",\"target\":[\"https:\/\/www.vert-intense.com\/calendrier-activites-nature-guadeloupe\/\"]}]},{\"@type\":\"ImageObject\",\"inLanguage\":\"nl-NL\",\"@id\":\"https:\/\/www.vert-intense.com\/calendrier-activites-nature-guadeloupe\/#primaryimage\",\"url\":\"https:\/\/i0.wp.com\/www.vert-intense.com\/wp-content\/uploads\/2023\/07\/1600x550_fill_slider-guadeloupe4.jpg?fit=1600%2C550&ssl=1\",\"contentUrl\":\"https:\/\/i0.wp.com\/www.vert-intense.com\/wp-content\/uploads\/2023\/07\/1600x550_fill_slider-guadeloupe4.jpg?fit=1600%2C550&ssl=1\",\"width\":1600,\"height\":550},{\"@type\":\"BreadcrumbList\",\"@id\":\"https:\/\/www.vert-intense.com\/calendrier-activites-nature-guadeloupe\/#breadcrumb\",\"itemListElement\":[{\"@type\":\"ListItem\",\"position\":1,\"name\":\"Accueil\",\"item\":\"https:\/\/www.vert-intense.com\/\"},{\"@type\":\"ListItem\",\"position\":2,\"name\":\"Calendrier des activit\u00e9s\"}]},{\"@type\":\"WebSite\",\"@id\":\"https:\/\/www.vert-intense.com\/#website\",\"url\":\"https:\/\/www.vert-intense.com\/\",\"name\":\"Vert-Intense\",\"description\":\"R\u00e9servez vos activit\u00e9s d\u00e9couvertes en Guadeloupe\",\"publisher\":{\"@id\":\"https:\/\/www.vert-intense.com\/#organization\"},\"potentialAction\":[{\"@type\":\"SearchAction\",\"target\":{\"@type\":\"EntryPoint\",\"urlTemplate\":\"https:\/\/www.vert-intense.com\/?s={search_term_string}\"},\"query-input\":{\"@type\":\"PropertyValueSpecification\",\"valueRequired\":true,\"valueName\":\"search_term_string\"}}],\"inLanguage\":\"nl-NL\"},{\"@type\":\"Organization\",\"@id\":\"https:\/\/www.vert-intense.com\/#organization\",\"name\":\"Vert-Intense\",\"url\":\"https:\/\/www.vert-intense.com\/\",\"logo\":{\"@type\":\"ImageObject\",\"inLanguage\":\"nl-NL\",\"@id\":\"https:\/\/www.vert-intense.com\/#\/schema\/logo\/image\/\",\"url\":\"https:\/\/i0.wp.com\/www.vert-intense.com\/wp-content\/uploads\/2023\/07\/logo.png?fit=960%2C960&ssl=1\",\"contentUrl\":\"https:\/\/i0.wp.com\/www.vert-intense.com\/wp-content\/uploads\/2023\/07\/logo.png?fit=960%2C960&ssl=1\",\"width\":960,\"height\":960,\"caption\":\"Vert-Intense\"},\"image\":{\"@id\":\"https:\/\/www.vert-intense.com\/#\/schema\/logo\/image\/\"},\"sameAs\":[\"https:\/\/www.facebook.com\/vertintense\",\"https:\/\/www.tripadvisor.fr\/Attraction_Review-g1644623-d1649481-Reviews-Vert_Intense-Saint_Claude_Basse_Terre_Island_Guadeloupe.html\",\"https:\/\/www.tiktok.com\/@vertintense\",\"https:\/\/www.instagram.com\/vertintenseguadeloupe\/\",\"https:\/\/www.youtube.com\/channel\/UCRymXR1Pa7n50AOgFy9n3bA\"]}]}<\/script>\n<!-- \/ Yoast SEO Premium plugin. -->","yoast_head_json":{"title":"Activiteitenkalender - Intens groen","description":"Kalender van Vert-Intense natuuractiviteiten in Guadeloupe. Canyoning, wandelen, in een van de mooiste tropische natuurgebieden van het Caribisch gebied","robots":{"index":"index","follow":"follow","max-snippet":"max-snippet:-1","max-image-preview":"max-image-preview:large","max-video-preview":"max-video-preview:-1"},"canonical":"https:\/\/www.vert-intense.com\/nl\/kalender-natuuractiviteiten-guadeloupe\/","og_locale":"nl_NL","og_type":"article","og_title":"Calendrier des activit\u00e9s","og_description":"Calendrier des activit\u00e9s nature Vert-Intense en Guadeloupe. Canyoning, randonn\u00e9es, dans une des plus belles Nature Tropicale de la Cara\u00efbe","og_url":"https:\/\/www.vert-intense.com\/nl\/kalender-natuuractiviteiten-guadeloupe\/","og_site_name":"Vert Intense","article_publisher":"https:\/\/www.facebook.com\/vertintense","article_modified_time":"2024-08-18T14:03:15+00:00","og_image":[{"width":1600,"height":550,"url":"https:\/\/www.vert-intense.com\/wp-content\/uploads\/2023\/07\/1600x550_fill_slider-guadeloupe4.jpg","type":"image\/jpeg"}],"twitter_card":"summary_large_image","twitter_misc":{"Geschatte leestijd":"1 minuut"},"schema":{"@context":"https:\/\/schema.org","@graph":[{"@type":"WebPage","@id":"https:\/\/www.vert-intense.com\/calendrier-activites-nature-guadeloupe\/","url":"https:\/\/www.vert-intense.com\/calendrier-activites-nature-guadeloupe\/","name":"Activiteitenkalender - Intens groen","isPartOf":{"@id":"https:\/\/www.vert-intense.com\/#website"},"primaryImageOfPage":{"@id":"https:\/\/www.vert-intense.com\/calendrier-activites-nature-guadeloupe\/#primaryimage"},"image":{"@id":"https:\/\/www.vert-intense.com\/calendrier-activites-nature-guadeloupe\/#primaryimage"},"thumbnailUrl":"https:\/\/i0.wp.com\/www.vert-intense.com\/wp-content\/uploads\/2023\/07\/1600x550_fill_slider-guadeloupe4.jpg?fit=1600%2C550&ssl=1","datePublished":"2023-08-17T13:29:43+00:00","dateModified":"2024-08-18T14:03:15+00:00","description":"Kalender van Vert-Intense natuuractiviteiten in Guadeloupe. Canyoning, wandelen, in een van de mooiste tropische natuurgebieden van het Caribisch gebied","breadcrumb":{"@id":"https:\/\/www.vert-intense.com\/calendrier-activites-nature-guadeloupe\/#breadcrumb"},"inLanguage":"nl-NL","potentialAction":[{"@type":"ReadAction","target":["https:\/\/www.vert-intense.com\/calendrier-activites-nature-guadeloupe\/"]}]},{"@type":"ImageObject","inLanguage":"nl-NL","@id":"https:\/\/www.vert-intense.com\/calendrier-activites-nature-guadeloupe\/#primaryimage","url":"https:\/\/i0.wp.com\/www.vert-intense.com\/wp-content\/uploads\/2023\/07\/1600x550_fill_slider-guadeloupe4.jpg?fit=1600%2C550&ssl=1","contentUrl":"https:\/\/i0.wp.com\/www.vert-intense.com\/wp-content\/uploads\/2023\/07\/1600x550_fill_slider-guadeloupe4.jpg?fit=1600%2C550&ssl=1","width":1600,"height":550},{"@type":"BreadcrumbList","@id":"https:\/\/www.vert-intense.com\/calendrier-activites-nature-guadeloupe\/#breadcrumb","itemListElement":[{"@type":"ListItem","position":1,"name":"Accueil","item":"https:\/\/www.vert-intense.com\/"},{"@type":"ListItem","position":2,"name":"Calendrier des activit\u00e9s"}]},{"@type":"WebSite","@id":"https:\/\/www.vert-intense.com\/#website","url":"https:\/\/www.vert-intense.com\/","name":"Vert-Intense","description":"Boek je ontdekkingsactiviteiten in Guadeloupe","publisher":{"@id":"https:\/\/www.vert-intense.com\/#organization"},"potentialAction":[{"@type":"SearchAction","target":{"@type":"EntryPoint","urlTemplate":"https:\/\/www.vert-intense.com\/?s={search_term_string}"},"query-input":{"@type":"PropertyValueSpecification","valueRequired":true,"valueName":"search_term_string"}}],"inLanguage":"nl-NL"},{"@type":"Organization","@id":"https:\/\/www.vert-intense.com\/#organization","name":"Vert-Intense","url":"https:\/\/www.vert-intense.com\/","logo":{"@type":"ImageObject","inLanguage":"nl-NL","@id":"https:\/\/www.vert-intense.com\/#\/schema\/logo\/image\/","url":"https:\/\/i0.wp.com\/www.vert-intense.com\/wp-content\/uploads\/2023\/07\/logo.png?fit=960%2C960&ssl=1","contentUrl":"https:\/\/i0.wp.com\/www.vert-intense.com\/wp-content\/uploads\/2023\/07\/logo.png?fit=960%2C960&ssl=1","width":960,"height":960,"caption":"Vert-Intense"},"image":{"@id":"https:\/\/www.vert-intense.com\/#\/schema\/logo\/image\/"},"sameAs":["https:\/\/www.facebook.com\/vertintense","https:\/\/www.tripadvisor.fr\/Attraction_Review-g1644623-d1649481-Reviews-Vert_Intense-Saint_Claude_Basse_Terre_Island_Guadeloupe.html","https:\/\/www.tiktok.com\/@vertintense","https:\/\/www.instagram.com\/vertintenseguadeloupe\/","https:\/\/www.youtube.com\/channel\/UCRymXR1Pa7n50AOgFy9n3bA"]}]}},"jetpack_sharing_enabled":true,"_links":{"self":[{"href":"https:\/\/www.vert-intense.com\/nl\/wp-json\/wp\/v2\/pages\/1913"}],"collection":[{"href":"https:\/\/www.vert-intense.com\/nl\/wp-json\/wp\/v2\/pages"}],"about":[{"href":"https:\/\/www.vert-intense.com\/nl\/wp-json\/wp\/v2\/types\/page"}],"author":[{"embeddable":true,"href":"https:\/\/www.vert-intense.com\/nl\/wp-json\/wp\/v2\/users\/1"}],"replies":[{"embeddable":true,"href":"https:\/\/www.vert-intense.com\/nl\/wp-json\/wp\/v2\/comments?post=1913"}],"version-history":[{"count":11,"href":"https:\/\/www.vert-intense.com\/nl\/wp-json\/wp\/v2\/pages\/1913\/revisions"}],"predecessor-version":[{"id":3795,"href":"https:\/\/www.vert-intense.com\/nl\/wp-json\/wp\/v2\/pages\/1913\/revisions\/3795"}],"wp:featuredmedia":[{"embeddable":true,"href":"https:\/\/www.vert-intense.com\/nl\/wp-json\/wp\/v2\/media\/1379"}],"wp:attachment":[{"href":"https:\/\/www.vert-intense.com\/nl\/wp-json\/wp\/v2\/media?parent=1913"}],"curies":[{"name":"wp","href":"https:\/\/api.w.org\/{rel}","templated":true}]}}