{"id":1865,"date":"2023-08-16T10:18:00","date_gmt":"2023-08-16T08:18:00","guid":{"rendered":"http:\/\/xedhqzi.cluster100.hosting.ovh.net\/?page_id=1865"},"modified":"2023-08-17T14:10:58","modified_gmt":"2023-08-17T12:10:58","slug":"wie-we-zijn","status":"publish","type":"page","link":"https:\/\/www.vert-intense.com\/nl\/wie-we-zijn\/","title":{"rendered":"Wie zijn wij?"},"content":{"rendered":"<p>Vert Intense werd in 1996 opgericht door Laurence en Eric, beiden gepassioneerd door bergsporten. Sinds de oprichting biedt Vert-Intense de mogelijkheid om de archipel van Guadeloupe te ontdekken via outdooractiviteiten. Ze kregen al snel gezelschap van andere berggidsen en Teddy en Xavier, die al sinds het begin bij het bedrijf werken, zijn nu de pijlers van het bedrijf.<\/p>\n\n\n\n<p>Als antwoord op de groeiende vraag werd Vert-intense in 2006 een incoming agency gespecialiseerd in sport- en natuurvakanties op de eilanden van Guadeloupe.<\/p>\n\n\n\n<p>Uiteindelijk heeft Vert-Intense in 2009 een nieuw type accommodatie gecre\u00eberd om tegemoet te komen aan de behoeften van natuurliefhebbers. Les Bananes Vertes heet u welkom in de gemeente Saint-Claude, aan de poort van het Guadeloupe National Park, net onder de soufri\u00e8re. Het is de ideale uitvalsbasis voor buitenactiviteiten.<\/p>\n\n\n\n<p>Op basis van onze ervaring en kennis van het gebied en van de activiteiten die we begeleiden, hebben we een aantal partners geselecteerd die gepassioneerd zijn door hun vak. Elk op hun eigen gebied verwelkomen ze je graag en delen ze hun liefde voor Guadeloupe met je.<\/p>\n\n\n\n<p>We nodigen je uit om je eigen natuur- en avontuurvakantie op maat samen te stellen. Of je nu alleen bent of in een groep, een gelegenheidswandelaar of een doorgewinterde sporter, de pagina's van onze website geven je alle informatie die je nodig hebt om je eigen reis op maat samen te stellen.<\/p>\n\n\n\n<p>Aarzel niet om contact met ons op te nemen, we zijn er om je te helpen.<\/p>\n\n\n\n<p>Het Vert-tense team.<\/p>","protected":false},"excerpt":{"rendered":"<p>Vert Intense werd in 1996 opgericht door Laurence en Eric, beiden gepassioneerd door bergsporten. Sinds de oprichting biedt Vert-Intense de mogelijkheid om de archipel van Guadeloupe te ontdekken door middel van outdoor activiteiten. Andere berggidsen sloten zich al snel bij hen aan in dit avontuur en Teddy en Xavier, die al sinds het begin bij ons zijn, zijn nu [...].<\/p>","protected":false},"author":1,"featured_media":0,"parent":0,"menu_order":0,"comment_status":"closed","ping_status":"closed","template":"","meta":{"footnotes":""},"class_list":["post-1865","page","type-page","status-publish","hentry"],"yoast_head":"<!-- This site is optimized with the Yoast SEO Premium plugin v25.3.1 (Yoast SEO v25.3.1) - https:\/\/yoast.com\/wordpress\/plugins\/seo\/ -->\n<title>Qui sommes nous ? - Vert Intense<\/title>\n<meta name=\"robots\" content=\"index, follow, max-snippet:-1, max-image-preview:large, max-video-preview:-1\" \/>\n<link rel=\"canonical\" href=\"https:\/\/www.vert-intense.com\/nl\/wie-we-zijn\/\" \/>\n<meta property=\"og:locale\" content=\"nl_NL\" \/>\n<meta property=\"og:type\" content=\"article\" \/>\n<meta property=\"og:title\" content=\"Qui sommes nous ?\" \/>\n<meta property=\"og:description\" content=\"Vert intense a \u00e9t\u00e9 cr\u00e9e en 1996 par Laurence et Eric, tous deux passionn\u00e9s de sports de montagne. Depuis sa cr\u00e9ation, Vert-Intense propose de d\u00e9couvrir l&#8217;archipel de la Guadeloupe en pratiquant les activit\u00e9s de pleine nature. Tr\u00e8s rapidement d&#8217;autres accompagnateurs en montagne les ont rejoint dans cette aventure, Teddy, Xavier&nbsp;pr\u00e9sents depuis les d\u00e9but sont aujourd\u2019hui [&hellip;]\" \/>\n<meta property=\"og:url\" content=\"https:\/\/www.vert-intense.com\/nl\/wie-we-zijn\/\" \/>\n<meta property=\"og:site_name\" content=\"Vert Intense\" \/>\n<meta property=\"article:publisher\" content=\"https:\/\/www.facebook.com\/vertintense\" \/>\n<meta property=\"article:modified_time\" content=\"2023-08-17T12:10:58+00:00\" \/>\n<meta property=\"og:image\" content=\"https:\/\/i0.wp.com\/www.vert-intense.com\/wp-content\/uploads\/2024\/07\/home.png?fit=1358%2C735&ssl=1\" \/>\n\t<meta property=\"og:image:width\" content=\"1358\" \/>\n\t<meta property=\"og:image:height\" content=\"735\" \/>\n\t<meta property=\"og:image:type\" content=\"image\/png\" \/>\n<meta name=\"twitter:card\" content=\"summary_large_image\" \/>\n<meta name=\"twitter:label1\" content=\"Geschatte leestijd\" \/>\n\t<meta name=\"twitter:data1\" content=\"1 minuut\" \/>\n<script type=\"application\/ld+json\" class=\"yoast-schema-graph\">{\"@context\":\"https:\/\/schema.org\",\"@graph\":[{\"@type\":\"WebPage\",\"@id\":\"https:\/\/www.vert-intense.com\/qui-sommes-nous\/\",\"url\":\"https:\/\/www.vert-intense.com\/qui-sommes-nous\/\",\"name\":\"Qui sommes nous ? - Vert Intense\",\"isPartOf\":{\"@id\":\"https:\/\/www.vert-intense.com\/#website\"},\"datePublished\":\"2023-08-16T08:18:00+00:00\",\"dateModified\":\"2023-08-17T12:10:58+00:00\",\"breadcrumb\":{\"@id\":\"https:\/\/www.vert-intense.com\/qui-sommes-nous\/#breadcrumb\"},\"inLanguage\":\"nl-NL\",\"potentialAction\":[{\"@type\":\"ReadAction\",\"target\":[\"https:\/\/www.vert-intense.com\/qui-sommes-nous\/\"]}]},{\"@type\":\"BreadcrumbList\",\"@id\":\"https:\/\/www.vert-intense.com\/qui-sommes-nous\/#breadcrumb\",\"itemListElement\":[{\"@type\":\"ListItem\",\"position\":1,\"name\":\"Accueil\",\"item\":\"https:\/\/www.vert-intense.com\/\"},{\"@type\":\"ListItem\",\"position\":2,\"name\":\"Qui sommes nous ?\"}]},{\"@type\":\"WebSite\",\"@id\":\"https:\/\/www.vert-intense.com\/#website\",\"url\":\"https:\/\/www.vert-intense.com\/\",\"name\":\"Vert-Intense\",\"description\":\"R\u00e9servez vos activit\u00e9s d\u00e9couvertes en Guadeloupe\",\"publisher\":{\"@id\":\"https:\/\/www.vert-intense.com\/#organization\"},\"potentialAction\":[{\"@type\":\"SearchAction\",\"target\":{\"@type\":\"EntryPoint\",\"urlTemplate\":\"https:\/\/www.vert-intense.com\/?s={search_term_string}\"},\"query-input\":{\"@type\":\"PropertyValueSpecification\",\"valueRequired\":true,\"valueName\":\"search_term_string\"}}],\"inLanguage\":\"nl-NL\"},{\"@type\":\"Organization\",\"@id\":\"https:\/\/www.vert-intense.com\/#organization\",\"name\":\"Vert-Intense\",\"url\":\"https:\/\/www.vert-intense.com\/\",\"logo\":{\"@type\":\"ImageObject\",\"inLanguage\":\"nl-NL\",\"@id\":\"https:\/\/www.vert-intense.com\/#\/schema\/logo\/image\/\",\"url\":\"https:\/\/i0.wp.com\/www.vert-intense.com\/wp-content\/uploads\/2023\/07\/logo.png?fit=960%2C960&ssl=1\",\"contentUrl\":\"https:\/\/i0.wp.com\/www.vert-intense.com\/wp-content\/uploads\/2023\/07\/logo.png?fit=960%2C960&ssl=1\",\"width\":960,\"height\":960,\"caption\":\"Vert-Intense\"},\"image\":{\"@id\":\"https:\/\/www.vert-intense.com\/#\/schema\/logo\/image\/\"},\"sameAs\":[\"https:\/\/www.facebook.com\/vertintense\",\"https:\/\/www.tripadvisor.fr\/Attraction_Review-g1644623-d1649481-Reviews-Vert_Intense-Saint_Claude_Basse_Terre_Island_Guadeloupe.html\",\"https:\/\/www.tiktok.com\/@vertintense\",\"https:\/\/www.instagram.com\/vertintenseguadeloupe\/\",\"https:\/\/www.youtube.com\/channel\/UCRymXR1Pa7n50AOgFy9n3bA\"]}]}<\/script>\n<!-- \/ Yoast SEO Premium plugin. -->","yoast_head_json":{"title":"Wie we zijn - Intens groen","robots":{"index":"index","follow":"follow","max-snippet":"max-snippet:-1","max-image-preview":"max-image-preview:large","max-video-preview":"max-video-preview:-1"},"canonical":"https:\/\/www.vert-intense.com\/nl\/wie-we-zijn\/","og_locale":"nl_NL","og_type":"article","og_title":"Qui sommes nous ?","og_description":"Vert intense a \u00e9t\u00e9 cr\u00e9e en 1996 par Laurence et Eric, tous deux passionn\u00e9s de sports de montagne. Depuis sa cr\u00e9ation, Vert-Intense propose de d\u00e9couvrir l&#8217;archipel de la Guadeloupe en pratiquant les activit\u00e9s de pleine nature. Tr\u00e8s rapidement d&#8217;autres accompagnateurs en montagne les ont rejoint dans cette aventure, Teddy, Xavier&nbsp;pr\u00e9sents depuis les d\u00e9but sont aujourd\u2019hui [&hellip;]","og_url":"https:\/\/www.vert-intense.com\/nl\/wie-we-zijn\/","og_site_name":"Vert Intense","article_publisher":"https:\/\/www.facebook.com\/vertintense","article_modified_time":"2023-08-17T12:10:58+00:00","og_image":[{"width":1358,"height":735,"url":"https:\/\/i0.wp.com\/www.vert-intense.com\/wp-content\/uploads\/2024\/07\/home.png?fit=1358%2C735&ssl=1","type":"image\/png"}],"twitter_card":"summary_large_image","twitter_misc":{"Geschatte leestijd":"1 minuut"},"schema":{"@context":"https:\/\/schema.org","@graph":[{"@type":"WebPage","@id":"https:\/\/www.vert-intense.com\/qui-sommes-nous\/","url":"https:\/\/www.vert-intense.com\/qui-sommes-nous\/","name":"Wie we zijn - Intens groen","isPartOf":{"@id":"https:\/\/www.vert-intense.com\/#website"},"datePublished":"2023-08-16T08:18:00+00:00","dateModified":"2023-08-17T12:10:58+00:00","breadcrumb":{"@id":"https:\/\/www.vert-intense.com\/qui-sommes-nous\/#breadcrumb"},"inLanguage":"nl-NL","potentialAction":[{"@type":"ReadAction","target":["https:\/\/www.vert-intense.com\/qui-sommes-nous\/"]}]},{"@type":"BreadcrumbList","@id":"https:\/\/www.vert-intense.com\/qui-sommes-nous\/#breadcrumb","itemListElement":[{"@type":"ListItem","position":1,"name":"Accueil","item":"https:\/\/www.vert-intense.com\/"},{"@type":"ListItem","position":2,"name":"Qui sommes nous ?"}]},{"@type":"WebSite","@id":"https:\/\/www.vert-intense.com\/#website","url":"https:\/\/www.vert-intense.com\/","name":"Vert-Intense","description":"Boek je ontdekkingsactiviteiten in Guadeloupe","publisher":{"@id":"https:\/\/www.vert-intense.com\/#organization"},"potentialAction":[{"@type":"SearchAction","target":{"@type":"EntryPoint","urlTemplate":"https:\/\/www.vert-intense.com\/?s={search_term_string}"},"query-input":{"@type":"PropertyValueSpecification","valueRequired":true,"valueName":"search_term_string"}}],"inLanguage":"nl-NL"},{"@type":"Organization","@id":"https:\/\/www.vert-intense.com\/#organization","name":"Vert-Intense","url":"https:\/\/www.vert-intense.com\/","logo":{"@type":"ImageObject","inLanguage":"nl-NL","@id":"https:\/\/www.vert-intense.com\/#\/schema\/logo\/image\/","url":"https:\/\/i0.wp.com\/www.vert-intense.com\/wp-content\/uploads\/2023\/07\/logo.png?fit=960%2C960&ssl=1","contentUrl":"https:\/\/i0.wp.com\/www.vert-intense.com\/wp-content\/uploads\/2023\/07\/logo.png?fit=960%2C960&ssl=1","width":960,"height":960,"caption":"Vert-Intense"},"image":{"@id":"https:\/\/www.vert-intense.com\/#\/schema\/logo\/image\/"},"sameAs":["https:\/\/www.facebook.com\/vertintense","https:\/\/www.tripadvisor.fr\/Attraction_Review-g1644623-d1649481-Reviews-Vert_Intense-Saint_Claude_Basse_Terre_Island_Guadeloupe.html","https:\/\/www.tiktok.com\/@vertintense","https:\/\/www.instagram.com\/vertintenseguadeloupe\/","https:\/\/www.youtube.com\/channel\/UCRymXR1Pa7n50AOgFy9n3bA"]}]}},"jetpack_sharing_enabled":true,"_links":{"self":[{"href":"https:\/\/www.vert-intense.com\/nl\/wp-json\/wp\/v2\/pages\/1865"}],"collection":[{"href":"https:\/\/www.vert-intense.com\/nl\/wp-json\/wp\/v2\/pages"}],"about":[{"href":"https:\/\/www.vert-intense.com\/nl\/wp-json\/wp\/v2\/types\/page"}],"author":[{"embeddable":true,"href":"https:\/\/www.vert-intense.com\/nl\/wp-json\/wp\/v2\/users\/1"}],"replies":[{"embeddable":true,"href":"https:\/\/www.vert-intense.com\/nl\/wp-json\/wp\/v2\/comments?post=1865"}],"version-history":[{"count":2,"href":"https:\/\/www.vert-intense.com\/nl\/wp-json\/wp\/v2\/pages\/1865\/revisions"}],"predecessor-version":[{"id":1905,"href":"https:\/\/www.vert-intense.com\/nl\/wp-json\/wp\/v2\/pages\/1865\/revisions\/1905"}],"wp:attachment":[{"href":"https:\/\/www.vert-intense.com\/nl\/wp-json\/wp\/v2\/media?parent=1865"}],"curies":[{"name":"wp","href":"https:\/\/api.w.org\/{rel}","templated":true}]}}