{"id":6287,"date":"2024-10-01T08:47:28","date_gmt":"2024-10-01T12:47:28","guid":{"rendered":"https:\/\/www.vert-intense.com\/?post_type=product&#038;p=6287"},"modified":"2025-05-04T11:42:32","modified_gmt":"2025-05-04T15:42:32","slug":"sejour-pause-fraicheur","status":"publish","type":"product","link":"https:\/\/www.vert-intense.com\/fr\/activite-guadeloupe\/sejours-sportifs-nature-guadeloupe\/sejour-pause-fraicheur\/","title":{"rendered":"S\u00e9jour Pause Fra\u00eecheur"},"content":{"rendered":"<h3 style=\"text-align: center;\">S\u00e9jour Pause Fra\u00eecheur<\/h3>\n<h3 style=\"text-align: center;\">(5 nuits\/6 jours)<\/h3>\n<p>&nbsp;<\/p>\n<p>Profitez pleinement du s\u00e9jour pause fra\u00eecheur en Guadeloupe et aux Saintes, \u00e0 Terre-de-Haut. Vous disposez d\u2019un livret d&#8217;accueil ainsi qu&#8217;un carnet de route num\u00e9rique afin vous faire d\u00e9couvrir l\u2019archipel de la Guadeloupe . Ainsi vous trouvez pour chaque jour\u00a0 de nombreuses adresses pour d\u00e9couvrir les saveurs, traditions, activit\u00e9, randonn\u00e9e et le patrimoine culturel guadeloup\u00e9en.<\/p>\n<p>Votre h\u00e9bergement Les Bananes Vertes, class\u00e9 \u00c9colabel Europ\u00e9en, se trouve sur les contreforts du volcan de la Soufri\u00e8re sur la commune de saint Claude \u00e0 500 m\u00e8tres d&#8217;altitude. Vos h\u00f4tes, Laurence et Eric tous deux accompagnateurs en montagne, connaissent bien les traces du parc national de Guadeloupe, ils se font un plaisir de vous communiquer toutes les informations n\u00e9cessaires pour rendre votre s\u00e9jour Fra\u00eecheur en Guadeloupe et aux Saintes inoubliable.<\/p>\n<p>Votre h\u00e9bergement La Petite Villa des Saintes est blottie sur les hauteurs de la commune de Terre-de-Haut. La terrasse offre une vue magnifique sur la plage et sur la baie des Saintes. Pr\u00e9vue pour deux personnes, la Villa offre tout le confort n\u00e9cessaire pour passer un agr\u00e9able s\u00e9jour, dont une piscine chauff\u00e9e. Vous disposez d&#8217;un parking priv\u00e9\u00a0 \u00e9quip\u00e9 d&#8217;une prise sp\u00e9cifique pour la recharge de votre v\u00e9hicule.<\/p>\n<p>&nbsp;<\/p>\n<h4><strong>D\u00e9tail du s\u00e9jour :<\/strong><\/h4>\n<ul>\n<li>3 nuits aux \u00e9colodges Les Bananes Vertes<\/li>\n<li>2 nuits \u00e0 la Petite Villa des Saintes vue sur la magnifique baie des Saintes<\/li>\n<\/ul>\n<p>&nbsp;<\/p>\n<h4><strong>Le prix comprend :<\/strong><\/h4>\n<ul>\n<li>L&#8217;h\u00e9bergement aux Bananes Vertes<\/li>\n<li>Une base de 1er petit-d\u00e9jeuner<\/li>\n<li>Le billet de bateau depuis Trois-Rivi\u00e8res pour les Saintes<\/li>\n<li>L&#8217;h\u00e9bergement \u00e0 la Petite Villa des Saintes<\/li>\n<li>Le carnet de route num\u00e9rique<\/li>\n<\/ul>\n<p>&nbsp;<\/p>\n<h4><strong>Le prix ne comprend pas\u00a0:<\/strong><\/h4>\n<ul>\n<li>Le vol vers la Guadeloupe<\/li>\n<li>Les diners, d\u00e9jeuners et petits-d\u00e9jeuners<\/li>\n<li>Les parking Carbet et embarcad\u00e8re pour les Saintes<\/li>\n<li>Les pourboires et tout ce qui n &#8216;apparait pas dans la rubrique le prix comprend<\/li>\n<li>Les options<\/li>\n<\/ul>\n<p>&nbsp;<\/p>\n<p><strong>En option:\u00a0<\/strong><\/p>\n<ul>\n<li>Randonn\u00e9e guid\u00e9e au sommet de la Soufri\u00e8re: <a href=\"https:\/\/www.vert-intense.com\/fr\/activite-guadeloupe\/randonnee-guadeloupe\/randonnee-a-la-soufriere-guadeloupe\/\">cliquer pour r\u00e9server\u00a0<\/a><\/li>\n<li>Canyoning dans les plus belles rivi\u00e8res de la Guadeloupe: <a href=\"https:\/\/www.vert-intense.com\/fr\/activites-guadeloupe\/canyoning-guadeloupe\/\">cliquer pour r\u00e9server<\/a><\/li>\n<li><span class=\"il\">La voiture de location<\/span><\/li>\n<li>Le transfert de vos bagages du port jusqu&#8217;\u00e0 la Petite Villa<\/li>\n<li>Le diner du premier soir d\u00e9pos\u00e9 dans votre h\u00e9bergement.<\/li>\n<\/ul>\n<p>&nbsp;<\/p>\n<p><strong>Bon \u00e0 Savoir :<\/strong>\u00a0 Nous sommes \u00e0 votre disposition tout au long de votre s\u00e9jour pour vous donner toutes les infos n\u00e9cessaires \u00e0 son bon d\u00e9roulement. Le carnet de route ainsi qu&#8217;un livret d&#8217;accueil num\u00e9rique vous sont envoy\u00e9s d\u00e8s la r\u00e9servation afin d&#8217;organiser au mieux votre s\u00e9jour.<\/p>\n","protected":false},"excerpt":{"rendered":"<p>R\u00e9servez votre s\u00e9jour Pause Fraicheur en Guadeloupe et sur le magnifique archipel des Saintes. D\u00e9couvrez le sud basse terre ou se situe les \u00e9colodges Les Bananes Vertes et la petite \u00eele de Terre-de-haut dans une petite villa avec piscine priv\u00e9e.<\/p>\n","protected":false},"featured_media":6316,"template":"","meta":[],"product_cat":[28],"product_tag":[131,130],"class_list":{"0":"post-6287","1":"product","2":"type-product","3":"status-publish","4":"has-post-thumbnail","6":"product_cat-sejours-sportifs-nature-guadeloupe","7":"product_tag-sejour-multi-sports-guadeloupe","8":"product_tag-sejour-randonnee-liberte","10":"first","11":"instock","12":"virtual","13":"sold-individually","14":"taxable","15":"purchasable","16":"product-type-booking"},"yoast_head":"<!-- This site is optimized with the Yoast SEO Premium plugin v25.3.1 (Yoast SEO v25.3.1) - https:\/\/yoast.com\/wordpress\/plugins\/seo\/ -->\n<title>S\u00e9jour Pause Fra\u00eecheur - Guadeloupe \/ Les Saintes - Vert Intense<\/title>\n<meta name=\"description\" content=\"Envie d\u2019un break ? R\u00e9servez le s\u00e9jour Pause Fra\u00eecheur : relaxez vous au bord de la piscine en Guadeloupe et profitez des plages et aux Saintes.\" \/>\n<meta name=\"robots\" content=\"index, follow, max-snippet:-1, max-image-preview:large, max-video-preview:-1\" \/>\n<link rel=\"canonical\" href=\"https:\/\/www.vert-intense.com\/fr\/activite-guadeloupe\/sejours-sportifs-nature-guadeloupe\/sejour-pause-fraicheur\/\" \/>\n<meta property=\"og:locale\" content=\"fr_FR\" \/>\n<meta property=\"og:type\" content=\"article\" \/>\n<meta property=\"og:title\" content=\"S\u00e9jour Pause Fra\u00eecheur\" \/>\n<meta property=\"og:description\" content=\"Envie d\u2019un break ? R\u00e9servez le s\u00e9jour Pause Fra\u00eecheur : relaxez vous au bord de la piscine en Guadeloupe et profitez des plages et aux Saintes.\" \/>\n<meta property=\"og:url\" content=\"https:\/\/www.vert-intense.com\/fr\/activite-guadeloupe\/sejours-sportifs-nature-guadeloupe\/sejour-pause-fraicheur\/\" \/>\n<meta property=\"og:site_name\" content=\"Vert Intense\" \/>\n<meta property=\"article:publisher\" content=\"https:\/\/www.facebook.com\/vertintense\" \/>\n<meta property=\"article:modified_time\" content=\"2025-05-04T15:42:32+00:00\" \/>\n<meta property=\"og:image\" content=\"https:\/\/www.vert-intense.com\/wp-content\/uploads\/2024\/10\/20231018_140647-scaled.jpg\" \/>\n\t<meta property=\"og:image:width\" content=\"2560\" \/>\n\t<meta property=\"og:image:height\" content=\"1196\" \/>\n\t<meta property=\"og:image:type\" content=\"image\/jpeg\" \/>\n<meta name=\"twitter:card\" content=\"summary_large_image\" \/>\n<meta name=\"twitter:label1\" content=\"Prix\" \/>\n\t<meta name=\"twitter:data1\" content=\"382&euro;\" \/>\n\t<meta name=\"twitter:label2\" content=\"Disponibilit\u00e9\" \/>\n\t<meta name=\"twitter:data2\" content=\"En stock\" \/>\n<script type=\"application\/ld+json\" class=\"yoast-schema-graph\">{\"@context\":\"https:\/\/schema.org\",\"@graph\":[{\"@type\":\"WebPage\",\"@id\":\"https:\/\/www.vert-intense.com\/activite-guadeloupe\/sejours-sportifs-nature-guadeloupe\/sejour-pause-fraicheur\/\",\"url\":\"https:\/\/www.vert-intense.com\/activite-guadeloupe\/sejours-sportifs-nature-guadeloupe\/sejour-pause-fraicheur\/\",\"name\":\"S\u00e9jour Pause Fra\u00eecheur - Guadeloupe \/ Les Saintes - Vert Intense\",\"isPartOf\":{\"@id\":\"https:\/\/www.vert-intense.com\/#website\"},\"primaryImageOfPage\":{\"@id\":\"https:\/\/www.vert-intense.com\/activite-guadeloupe\/sejours-sportifs-nature-guadeloupe\/sejour-pause-fraicheur\/#primaryimage\"},\"image\":{\"@id\":\"https:\/\/www.vert-intense.com\/activite-guadeloupe\/sejours-sportifs-nature-guadeloupe\/sejour-pause-fraicheur\/#primaryimage\"},\"thumbnailUrl\":\"https:\/\/i0.wp.com\/www.vert-intense.com\/wp-content\/uploads\/2024\/10\/20231018_140647-scaled.jpg?fit=2560%2C1196&ssl=1\",\"datePublished\":\"2024-10-01T12:47:28+00:00\",\"dateModified\":\"2025-05-04T15:42:32+00:00\",\"description\":\"Envie d\u2019un break ? R\u00e9servez le s\u00e9jour Pause Fra\u00eecheur : relaxez vous au bord de la piscine en Guadeloupe et profitez des plages et aux Saintes.\",\"breadcrumb\":{\"@id\":\"https:\/\/www.vert-intense.com\/activite-guadeloupe\/sejours-sportifs-nature-guadeloupe\/sejour-pause-fraicheur\/#breadcrumb\"},\"inLanguage\":\"fr-FR\",\"potentialAction\":[{\"@type\":\"ReadAction\",\"target\":[\"https:\/\/www.vert-intense.com\/activite-guadeloupe\/sejours-sportifs-nature-guadeloupe\/sejour-pause-fraicheur\/\"]}]},{\"@type\":\"ImageObject\",\"inLanguage\":\"fr-FR\",\"@id\":\"https:\/\/www.vert-intense.com\/activite-guadeloupe\/sejours-sportifs-nature-guadeloupe\/sejour-pause-fraicheur\/#primaryimage\",\"url\":\"https:\/\/i0.wp.com\/www.vert-intense.com\/wp-content\/uploads\/2024\/10\/20231018_140647-scaled.jpg?fit=2560%2C1196&ssl=1\",\"contentUrl\":\"https:\/\/i0.wp.com\/www.vert-intense.com\/wp-content\/uploads\/2024\/10\/20231018_140647-scaled.jpg?fit=2560%2C1196&ssl=1\",\"width\":2560,\"height\":1196,\"caption\":\"Piscine des Bananes Vertes\"},{\"@type\":\"BreadcrumbList\",\"@id\":\"https:\/\/www.vert-intense.com\/activite-guadeloupe\/sejours-sportifs-nature-guadeloupe\/sejour-pause-fraicheur\/#breadcrumb\",\"itemListElement\":[{\"@type\":\"ListItem\",\"position\":1,\"name\":\"Accueil\",\"item\":\"https:\/\/www.vert-intense.com\/\"},{\"@type\":\"ListItem\",\"position\":2,\"name\":\"Activit\u00e9s nature en Guadeloupe\",\"item\":\"https:\/\/www.vert-intense.com\/\"},{\"@type\":\"ListItem\",\"position\":3,\"name\":\"S\u00e9jour Pause Fra\u00eecheur\"}]},{\"@type\":\"WebSite\",\"@id\":\"https:\/\/www.vert-intense.com\/#website\",\"url\":\"https:\/\/www.vert-intense.com\/\",\"name\":\"Vert-Intense\",\"description\":\"R\u00e9servez vos activit\u00e9s d\u00e9couvertes en Guadeloupe\",\"publisher\":{\"@id\":\"https:\/\/www.vert-intense.com\/#organization\"},\"potentialAction\":[{\"@type\":\"SearchAction\",\"target\":{\"@type\":\"EntryPoint\",\"urlTemplate\":\"https:\/\/www.vert-intense.com\/?s={search_term_string}\"},\"query-input\":{\"@type\":\"PropertyValueSpecification\",\"valueRequired\":true,\"valueName\":\"search_term_string\"}}],\"inLanguage\":\"fr-FR\"},{\"@type\":\"Organization\",\"@id\":\"https:\/\/www.vert-intense.com\/#organization\",\"name\":\"Vert-Intense\",\"url\":\"https:\/\/www.vert-intense.com\/\",\"logo\":{\"@type\":\"ImageObject\",\"inLanguage\":\"fr-FR\",\"@id\":\"https:\/\/www.vert-intense.com\/#\/schema\/logo\/image\/\",\"url\":\"https:\/\/i0.wp.com\/www.vert-intense.com\/wp-content\/uploads\/2023\/07\/logo.png?fit=960%2C960&ssl=1\",\"contentUrl\":\"https:\/\/i0.wp.com\/www.vert-intense.com\/wp-content\/uploads\/2023\/07\/logo.png?fit=960%2C960&ssl=1\",\"width\":960,\"height\":960,\"caption\":\"Vert-Intense\"},\"image\":{\"@id\":\"https:\/\/www.vert-intense.com\/#\/schema\/logo\/image\/\"},\"sameAs\":[\"https:\/\/www.facebook.com\/vertintense\",\"https:\/\/www.tripadvisor.fr\/Attraction_Review-g1644623-d1649481-Reviews-Vert_Intense-Saint_Claude_Basse_Terre_Island_Guadeloupe.html\",\"https:\/\/www.tiktok.com\/@vertintense\",\"https:\/\/www.instagram.com\/vertintenseguadeloupe\/\",\"https:\/\/www.youtube.com\/channel\/UCRymXR1Pa7n50AOgFy9n3bA\"]}]}<\/script>\n<meta property=\"product:price:amount\" content=\"382\" \/>\n<meta property=\"product:price:currency\" content=\"EUR\" \/>\n<meta property=\"og:availability\" content=\"instock\" \/>\n<meta property=\"product:availability\" content=\"instock\" \/>\n<meta property=\"product:condition\" content=\"new\" \/>\n<!-- \/ Yoast SEO Premium plugin. -->","yoast_head_json":{"title":"S\u00e9jour Pause Fra\u00eecheur - Guadeloupe \/ Les Saintes - Vert Intense","description":"Envie d\u2019un break ? R\u00e9servez le s\u00e9jour Pause Fra\u00eecheur : relaxez vous au bord de la piscine en Guadeloupe et profitez des plages et aux Saintes.","robots":{"index":"index","follow":"follow","max-snippet":"max-snippet:-1","max-image-preview":"max-image-preview:large","max-video-preview":"max-video-preview:-1"},"canonical":"https:\/\/www.vert-intense.com\/fr\/activite-guadeloupe\/sejours-sportifs-nature-guadeloupe\/sejour-pause-fraicheur\/","og_locale":"fr_FR","og_type":"article","og_title":"S\u00e9jour Pause Fra\u00eecheur","og_description":"Envie d\u2019un break ? R\u00e9servez le s\u00e9jour Pause Fra\u00eecheur : relaxez vous au bord de la piscine en Guadeloupe et profitez des plages et aux Saintes.","og_url":"https:\/\/www.vert-intense.com\/fr\/activite-guadeloupe\/sejours-sportifs-nature-guadeloupe\/sejour-pause-fraicheur\/","og_site_name":"Vert Intense","article_publisher":"https:\/\/www.facebook.com\/vertintense","article_modified_time":"2025-05-04T15:42:32+00:00","og_image":[{"width":2560,"height":1196,"url":"https:\/\/www.vert-intense.com\/wp-content\/uploads\/2024\/10\/20231018_140647-scaled.jpg","type":"image\/jpeg"}],"twitter_card":"summary_large_image","twitter_misc":{"Prix":"382&euro;","Disponibilit\u00e9":"En stock"},"schema":{"@context":"https:\/\/schema.org","@graph":[{"@type":"WebPage","@id":"https:\/\/www.vert-intense.com\/activite-guadeloupe\/sejours-sportifs-nature-guadeloupe\/sejour-pause-fraicheur\/","url":"https:\/\/www.vert-intense.com\/activite-guadeloupe\/sejours-sportifs-nature-guadeloupe\/sejour-pause-fraicheur\/","name":"S\u00e9jour Pause Fra\u00eecheur - Guadeloupe \/ Les Saintes - Vert Intense","isPartOf":{"@id":"https:\/\/www.vert-intense.com\/#website"},"primaryImageOfPage":{"@id":"https:\/\/www.vert-intense.com\/activite-guadeloupe\/sejours-sportifs-nature-guadeloupe\/sejour-pause-fraicheur\/#primaryimage"},"image":{"@id":"https:\/\/www.vert-intense.com\/activite-guadeloupe\/sejours-sportifs-nature-guadeloupe\/sejour-pause-fraicheur\/#primaryimage"},"thumbnailUrl":"https:\/\/i0.wp.com\/www.vert-intense.com\/wp-content\/uploads\/2024\/10\/20231018_140647-scaled.jpg?fit=2560%2C1196&ssl=1","datePublished":"2024-10-01T12:47:28+00:00","dateModified":"2025-05-04T15:42:32+00:00","description":"Envie d\u2019un break ? R\u00e9servez le s\u00e9jour Pause Fra\u00eecheur : relaxez vous au bord de la piscine en Guadeloupe et profitez des plages et aux Saintes.","breadcrumb":{"@id":"https:\/\/www.vert-intense.com\/activite-guadeloupe\/sejours-sportifs-nature-guadeloupe\/sejour-pause-fraicheur\/#breadcrumb"},"inLanguage":"fr-FR","potentialAction":[{"@type":"ReadAction","target":["https:\/\/www.vert-intense.com\/activite-guadeloupe\/sejours-sportifs-nature-guadeloupe\/sejour-pause-fraicheur\/"]}]},{"@type":"ImageObject","inLanguage":"fr-FR","@id":"https:\/\/www.vert-intense.com\/activite-guadeloupe\/sejours-sportifs-nature-guadeloupe\/sejour-pause-fraicheur\/#primaryimage","url":"https:\/\/i0.wp.com\/www.vert-intense.com\/wp-content\/uploads\/2024\/10\/20231018_140647-scaled.jpg?fit=2560%2C1196&ssl=1","contentUrl":"https:\/\/i0.wp.com\/www.vert-intense.com\/wp-content\/uploads\/2024\/10\/20231018_140647-scaled.jpg?fit=2560%2C1196&ssl=1","width":2560,"height":1196,"caption":"Piscine des Bananes Vertes"},{"@type":"BreadcrumbList","@id":"https:\/\/www.vert-intense.com\/activite-guadeloupe\/sejours-sportifs-nature-guadeloupe\/sejour-pause-fraicheur\/#breadcrumb","itemListElement":[{"@type":"ListItem","position":1,"name":"Accueil","item":"https:\/\/www.vert-intense.com\/"},{"@type":"ListItem","position":2,"name":"Activit\u00e9s nature en Guadeloupe","item":"https:\/\/www.vert-intense.com\/"},{"@type":"ListItem","position":3,"name":"S\u00e9jour Pause Fra\u00eecheur"}]},{"@type":"WebSite","@id":"https:\/\/www.vert-intense.com\/#website","url":"https:\/\/www.vert-intense.com\/","name":"Vert-Intense","description":"R\u00e9servez vos activit\u00e9s d\u00e9couvertes en Guadeloupe","publisher":{"@id":"https:\/\/www.vert-intense.com\/#organization"},"potentialAction":[{"@type":"SearchAction","target":{"@type":"EntryPoint","urlTemplate":"https:\/\/www.vert-intense.com\/?s={search_term_string}"},"query-input":{"@type":"PropertyValueSpecification","valueRequired":true,"valueName":"search_term_string"}}],"inLanguage":"fr-FR"},{"@type":"Organization","@id":"https:\/\/www.vert-intense.com\/#organization","name":"Vert-Intense","url":"https:\/\/www.vert-intense.com\/","logo":{"@type":"ImageObject","inLanguage":"fr-FR","@id":"https:\/\/www.vert-intense.com\/#\/schema\/logo\/image\/","url":"https:\/\/i0.wp.com\/www.vert-intense.com\/wp-content\/uploads\/2023\/07\/logo.png?fit=960%2C960&ssl=1","contentUrl":"https:\/\/i0.wp.com\/www.vert-intense.com\/wp-content\/uploads\/2023\/07\/logo.png?fit=960%2C960&ssl=1","width":960,"height":960,"caption":"Vert-Intense"},"image":{"@id":"https:\/\/www.vert-intense.com\/#\/schema\/logo\/image\/"},"sameAs":["https:\/\/www.facebook.com\/vertintense","https:\/\/www.tripadvisor.fr\/Attraction_Review-g1644623-d1649481-Reviews-Vert_Intense-Saint_Claude_Basse_Terre_Island_Guadeloupe.html","https:\/\/www.tiktok.com\/@vertintense","https:\/\/www.instagram.com\/vertintenseguadeloupe\/","https:\/\/www.youtube.com\/channel\/UCRymXR1Pa7n50AOgFy9n3bA"]}]},"product_price_amount":"382","product_price_currency":"EUR","og_availability":"instock","product_availability":"instock","product_condition":"new"},"jetpack_sharing_enabled":true,"_links":{"self":[{"href":"https:\/\/www.vert-intense.com\/fr\/wp-json\/wp\/v2\/product\/6287"}],"collection":[{"href":"https:\/\/www.vert-intense.com\/fr\/wp-json\/wp\/v2\/product"}],"about":[{"href":"https:\/\/www.vert-intense.com\/fr\/wp-json\/wp\/v2\/types\/product"}],"wp:featuredmedia":[{"embeddable":true,"href":"https:\/\/www.vert-intense.com\/fr\/wp-json\/wp\/v2\/media\/6316"}],"wp:attachment":[{"href":"https:\/\/www.vert-intense.com\/fr\/wp-json\/wp\/v2\/media?parent=6287"}],"wp:term":[{"taxonomy":"product_cat","embeddable":true,"href":"https:\/\/www.vert-intense.com\/fr\/wp-json\/wp\/v2\/product_cat?post=6287"},{"taxonomy":"product_tag","embeddable":true,"href":"https:\/\/www.vert-intense.com\/fr\/wp-json\/wp\/v2\/product_tag?post=6287"}],"curies":[{"name":"wp","href":"https:\/\/api.w.org\/{rel}","templated":true}]}}