{"id":18473,"date":"2026-04-15T15:46:02","date_gmt":"2026-04-15T19:46:02","guid":{"rendered":"https:\/\/www.vert-intense.com\/?post_type=product&#038;p=18473"},"modified":"2026-04-17T11:48:50","modified_gmt":"2026-04-17T15:48:50","slug":"t-shirt-solaire-logo-ebo-copie","status":"publish","type":"product","link":"https:\/\/www.vert-intense.com\/fr\/activite-guadeloupe\/boutique\/t-shirt-solaire-logo-ebo-copie\/","title":{"rendered":"T shirt solaire UPF50+"},"content":{"rendered":"<p>Si vous souhaitez vous prot\u00e9ger du soleil pendant votre activit\u00e9 et emporter un petit souvenir de votre aventure en Guadeloupe. T-shirts \u00e0 manche longue avec capuche et blocage sur le pouce pour une protection maximale du soleil.<\/p>\n<p>Vous \u00eates prot\u00e9g\u00e9s des UVA et UVB qualit\u00e9 UPF50+ UV-BLOCK<\/p>\n<p>Vous pouvez les rajouter \u00e0 votre r\u00e9servation, Nous\u00a0 vous\u00a0 livrons vos achats\u00a0 \u00a0le matin de votre activit\u00e9.<\/p>\n<p>&nbsp;<\/p>\n<p>&nbsp;<\/p>\n","protected":false},"excerpt":{"rendered":"<p>Sweat shirt manches longues UPF50+ EBO Vert intense ou Blue Boat Rental<\/p>\n","protected":false},"featured_media":18450,"template":"","meta":[],"product_cat":[141],"product_tag":[],"class_list":{"0":"post-18473","1":"product","2":"type-product","3":"status-publish","4":"has-post-thumbnail","6":"product_cat-boutique","8":"first","9":"instock","10":"taxable","11":"shipping-taxable","12":"purchasable","13":"product-type-variable"},"yoast_head":"<!-- This site is optimized with the Yoast SEO Premium plugin v25.3.1 (Yoast SEO v25.3.1) - https:\/\/yoast.com\/wordpress\/plugins\/seo\/ -->\n<title>T-shirt Solaire logo Vert Intense et Blue Boat Rental - Vert Intense<\/title>\n<meta name=\"description\" content=\"Prot\u00e9gez vous du soleil lors de vos activit\u00e9s et emportez en souvenir de vos aventures en Guadeloupe un tshirt solaire upf50+ manche longue plus capuche\" \/>\n<meta name=\"robots\" content=\"index, follow, max-snippet:-1, max-image-preview:large, max-video-preview:-1\" \/>\n<link rel=\"canonical\" href=\"https:\/\/www.vert-intense.com\/fr\/activite-guadeloupe\/boutique\/t-shirt-solaire-logo-ebo-copie\/\" \/>\n<meta property=\"og:locale\" content=\"fr_FR\" \/>\n<meta property=\"og:type\" content=\"article\" \/>\n<meta property=\"og:title\" content=\"T shirt solaire UPF50+ Sac \u00e9tanche pour prot\u00e9ger vos effets lors de randonn\u00e9es ou sortie nature\" \/>\n<meta property=\"og:description\" content=\"Restez au sec pendant vos randonn\u00e9es avec notre sac \u00e9tanche avec bretelles pour vos randonn\u00e9es. Optez pour le confort et la protection d\u00e8s maintenant!\" \/>\n<meta property=\"og:url\" content=\"https:\/\/www.vert-intense.com\/fr\/activite-guadeloupe\/boutique\/t-shirt-solaire-logo-ebo-copie\/\" \/>\n<meta property=\"og:site_name\" content=\"Vert Intense\" \/>\n<meta property=\"article:publisher\" content=\"https:\/\/www.facebook.com\/vertintense\" \/>\n<meta property=\"article:modified_time\" content=\"2026-04-17T15:48:50+00:00\" \/>\n<meta property=\"og:image\" content=\"https:\/\/www.vert-intense.com\/wp-content\/uploads\/2026\/04\/samcasquette1-rotated.jpg\" \/>\n\t<meta property=\"og:image:width\" content=\"1024\" \/>\n\t<meta property=\"og:image:height\" content=\"1365\" \/>\n\t<meta property=\"og:image:type\" content=\"image\/jpeg\" \/>\n<meta name=\"twitter:card\" content=\"summary_large_image\" \/>\n<meta name=\"twitter:title\" content=\"T shirt solaire UPF50+\" \/>\n<meta name=\"twitter:label1\" content=\"Disponibilit\u00e9\" \/>\n\t<meta name=\"twitter:data1\" content=\"En stock\" \/>\n<script type=\"application\/ld+json\" class=\"yoast-schema-graph\">{\"@context\":\"https:\/\/schema.org\",\"@graph\":[{\"@type\":\"WebPage\",\"@id\":\"https:\/\/www.vert-intense.com\/activite-guadeloupe\/boutique\/t-shirt-solaire-logo-ebo-copie\/\",\"url\":\"https:\/\/www.vert-intense.com\/activite-guadeloupe\/boutique\/t-shirt-solaire-logo-ebo-copie\/\",\"name\":\"T-shirt Solaire logo Vert Intense et Blue Boat Rental - Vert Intense\",\"isPartOf\":{\"@id\":\"https:\/\/www.vert-intense.com\/#website\"},\"primaryImageOfPage\":{\"@id\":\"https:\/\/www.vert-intense.com\/activite-guadeloupe\/boutique\/t-shirt-solaire-logo-ebo-copie\/#primaryimage\"},\"image\":{\"@id\":\"https:\/\/www.vert-intense.com\/activite-guadeloupe\/boutique\/t-shirt-solaire-logo-ebo-copie\/#primaryimage\"},\"thumbnailUrl\":\"https:\/\/i0.wp.com\/www.vert-intense.com\/wp-content\/uploads\/2026\/04\/samcasquette1-rotated.jpg?fit=1024%2C1365&ssl=1\",\"datePublished\":\"2026-04-15T19:46:02+00:00\",\"dateModified\":\"2026-04-17T15:48:50+00:00\",\"description\":\"Prot\u00e9gez vous du soleil lors de vos activit\u00e9s et emportez en souvenir de vos aventures en Guadeloupe un tshirt solaire upf50+ manche longue plus capuche\",\"breadcrumb\":{\"@id\":\"https:\/\/www.vert-intense.com\/activite-guadeloupe\/boutique\/t-shirt-solaire-logo-ebo-copie\/#breadcrumb\"},\"inLanguage\":\"fr-FR\",\"potentialAction\":[{\"@type\":\"ReadAction\",\"target\":[\"https:\/\/www.vert-intense.com\/activite-guadeloupe\/boutique\/t-shirt-solaire-logo-ebo-copie\/\"]}]},{\"@type\":\"ImageObject\",\"inLanguage\":\"fr-FR\",\"@id\":\"https:\/\/www.vert-intense.com\/activite-guadeloupe\/boutique\/t-shirt-solaire-logo-ebo-copie\/#primaryimage\",\"url\":\"https:\/\/i0.wp.com\/www.vert-intense.com\/wp-content\/uploads\/2026\/04\/samcasquette1-rotated.jpg?fit=1024%2C1365&ssl=1\",\"contentUrl\":\"https:\/\/i0.wp.com\/www.vert-intense.com\/wp-content\/uploads\/2026\/04\/samcasquette1-rotated.jpg?fit=1024%2C1365&ssl=1\",\"width\":1024,\"height\":1365},{\"@type\":\"BreadcrumbList\",\"@id\":\"https:\/\/www.vert-intense.com\/activite-guadeloupe\/boutique\/t-shirt-solaire-logo-ebo-copie\/#breadcrumb\",\"itemListElement\":[{\"@type\":\"ListItem\",\"position\":1,\"name\":\"Accueil\",\"item\":\"https:\/\/www.vert-intense.com\/\"},{\"@type\":\"ListItem\",\"position\":2,\"name\":\"Activit\u00e9s nature en Guadeloupe\",\"item\":\"https:\/\/www.vert-intense.com\/\"},{\"@type\":\"ListItem\",\"position\":3,\"name\":\"T shirt solaire UPF50+\"}]},{\"@type\":\"WebSite\",\"@id\":\"https:\/\/www.vert-intense.com\/#website\",\"url\":\"https:\/\/www.vert-intense.com\/\",\"name\":\"Vert-Intense\",\"description\":\"R\u00e9servez vos activit\u00e9s d\u00e9couvertes en Guadeloupe\",\"publisher\":{\"@id\":\"https:\/\/www.vert-intense.com\/#organization\"},\"potentialAction\":[{\"@type\":\"SearchAction\",\"target\":{\"@type\":\"EntryPoint\",\"urlTemplate\":\"https:\/\/www.vert-intense.com\/?s={search_term_string}\"},\"query-input\":{\"@type\":\"PropertyValueSpecification\",\"valueRequired\":true,\"valueName\":\"search_term_string\"}}],\"inLanguage\":\"fr-FR\"},{\"@type\":\"Organization\",\"@id\":\"https:\/\/www.vert-intense.com\/#organization\",\"name\":\"Vert-Intense\",\"url\":\"https:\/\/www.vert-intense.com\/\",\"logo\":{\"@type\":\"ImageObject\",\"inLanguage\":\"fr-FR\",\"@id\":\"https:\/\/www.vert-intense.com\/#\/schema\/logo\/image\/\",\"url\":\"https:\/\/i0.wp.com\/www.vert-intense.com\/wp-content\/uploads\/2023\/07\/logo.png?fit=960%2C960&ssl=1\",\"contentUrl\":\"https:\/\/i0.wp.com\/www.vert-intense.com\/wp-content\/uploads\/2023\/07\/logo.png?fit=960%2C960&ssl=1\",\"width\":960,\"height\":960,\"caption\":\"Vert-Intense\"},\"image\":{\"@id\":\"https:\/\/www.vert-intense.com\/#\/schema\/logo\/image\/\"},\"sameAs\":[\"https:\/\/www.facebook.com\/vertintense\",\"https:\/\/www.tripadvisor.fr\/Attraction_Review-g1644623-d1649481-Reviews-Vert_Intense-Saint_Claude_Basse_Terre_Island_Guadeloupe.html\",\"https:\/\/www.tiktok.com\/@vertintense\",\"https:\/\/www.instagram.com\/vertintenseguadeloupe\/\",\"https:\/\/www.youtube.com\/channel\/UCRymXR1Pa7n50AOgFy9n3bA\"]}]}<\/script>\n<meta property=\"og:availability\" content=\"instock\" \/>\n<meta property=\"product:availability\" content=\"instock\" \/>\n<meta property=\"product:condition\" content=\"new\" \/>\n<!-- \/ Yoast SEO Premium plugin. -->","yoast_head_json":{"title":"T-shirt Solaire logo Vert Intense et Blue Boat Rental - Vert Intense","description":"Prot\u00e9gez vous du soleil lors de vos activit\u00e9s et emportez en souvenir de vos aventures en Guadeloupe un tshirt solaire upf50+ manche longue plus capuche","robots":{"index":"index","follow":"follow","max-snippet":"max-snippet:-1","max-image-preview":"max-image-preview:large","max-video-preview":"max-video-preview:-1"},"canonical":"https:\/\/www.vert-intense.com\/fr\/activite-guadeloupe\/boutique\/t-shirt-solaire-logo-ebo-copie\/","og_locale":"fr_FR","og_type":"article","og_title":"T shirt solaire UPF50+ Sac \u00e9tanche pour prot\u00e9ger vos effets lors de randonn\u00e9es ou sortie nature","og_description":"Restez au sec pendant vos randonn\u00e9es avec notre sac \u00e9tanche avec bretelles pour vos randonn\u00e9es. Optez pour le confort et la protection d\u00e8s maintenant!","og_url":"https:\/\/www.vert-intense.com\/fr\/activite-guadeloupe\/boutique\/t-shirt-solaire-logo-ebo-copie\/","og_site_name":"Vert Intense","article_publisher":"https:\/\/www.facebook.com\/vertintense","article_modified_time":"2026-04-17T15:48:50+00:00","og_image":[{"width":1024,"height":1365,"url":"https:\/\/www.vert-intense.com\/wp-content\/uploads\/2026\/04\/samcasquette1-rotated.jpg","type":"image\/jpeg"}],"twitter_card":"summary_large_image","twitter_title":"T shirt solaire UPF50+","twitter_misc":{"Disponibilit\u00e9":"En stock"},"schema":{"@context":"https:\/\/schema.org","@graph":[{"@type":"WebPage","@id":"https:\/\/www.vert-intense.com\/activite-guadeloupe\/boutique\/t-shirt-solaire-logo-ebo-copie\/","url":"https:\/\/www.vert-intense.com\/activite-guadeloupe\/boutique\/t-shirt-solaire-logo-ebo-copie\/","name":"T-shirt Solaire logo Vert Intense et Blue Boat Rental - Vert Intense","isPartOf":{"@id":"https:\/\/www.vert-intense.com\/#website"},"primaryImageOfPage":{"@id":"https:\/\/www.vert-intense.com\/activite-guadeloupe\/boutique\/t-shirt-solaire-logo-ebo-copie\/#primaryimage"},"image":{"@id":"https:\/\/www.vert-intense.com\/activite-guadeloupe\/boutique\/t-shirt-solaire-logo-ebo-copie\/#primaryimage"},"thumbnailUrl":"https:\/\/i0.wp.com\/www.vert-intense.com\/wp-content\/uploads\/2026\/04\/samcasquette1-rotated.jpg?fit=1024%2C1365&ssl=1","datePublished":"2026-04-15T19:46:02+00:00","dateModified":"2026-04-17T15:48:50+00:00","description":"Prot\u00e9gez vous du soleil lors de vos activit\u00e9s et emportez en souvenir de vos aventures en Guadeloupe un tshirt solaire upf50+ manche longue plus capuche","breadcrumb":{"@id":"https:\/\/www.vert-intense.com\/activite-guadeloupe\/boutique\/t-shirt-solaire-logo-ebo-copie\/#breadcrumb"},"inLanguage":"fr-FR","potentialAction":[{"@type":"ReadAction","target":["https:\/\/www.vert-intense.com\/activite-guadeloupe\/boutique\/t-shirt-solaire-logo-ebo-copie\/"]}]},{"@type":"ImageObject","inLanguage":"fr-FR","@id":"https:\/\/www.vert-intense.com\/activite-guadeloupe\/boutique\/t-shirt-solaire-logo-ebo-copie\/#primaryimage","url":"https:\/\/i0.wp.com\/www.vert-intense.com\/wp-content\/uploads\/2026\/04\/samcasquette1-rotated.jpg?fit=1024%2C1365&ssl=1","contentUrl":"https:\/\/i0.wp.com\/www.vert-intense.com\/wp-content\/uploads\/2026\/04\/samcasquette1-rotated.jpg?fit=1024%2C1365&ssl=1","width":1024,"height":1365},{"@type":"BreadcrumbList","@id":"https:\/\/www.vert-intense.com\/activite-guadeloupe\/boutique\/t-shirt-solaire-logo-ebo-copie\/#breadcrumb","itemListElement":[{"@type":"ListItem","position":1,"name":"Accueil","item":"https:\/\/www.vert-intense.com\/"},{"@type":"ListItem","position":2,"name":"Activit\u00e9s nature en Guadeloupe","item":"https:\/\/www.vert-intense.com\/"},{"@type":"ListItem","position":3,"name":"T shirt solaire UPF50+"}]},{"@type":"WebSite","@id":"https:\/\/www.vert-intense.com\/#website","url":"https:\/\/www.vert-intense.com\/","name":"Vert-Intense","description":"R\u00e9servez vos activit\u00e9s d\u00e9couvertes en Guadeloupe","publisher":{"@id":"https:\/\/www.vert-intense.com\/#organization"},"potentialAction":[{"@type":"SearchAction","target":{"@type":"EntryPoint","urlTemplate":"https:\/\/www.vert-intense.com\/?s={search_term_string}"},"query-input":{"@type":"PropertyValueSpecification","valueRequired":true,"valueName":"search_term_string"}}],"inLanguage":"fr-FR"},{"@type":"Organization","@id":"https:\/\/www.vert-intense.com\/#organization","name":"Vert-Intense","url":"https:\/\/www.vert-intense.com\/","logo":{"@type":"ImageObject","inLanguage":"fr-FR","@id":"https:\/\/www.vert-intense.com\/#\/schema\/logo\/image\/","url":"https:\/\/i0.wp.com\/www.vert-intense.com\/wp-content\/uploads\/2023\/07\/logo.png?fit=960%2C960&ssl=1","contentUrl":"https:\/\/i0.wp.com\/www.vert-intense.com\/wp-content\/uploads\/2023\/07\/logo.png?fit=960%2C960&ssl=1","width":960,"height":960,"caption":"Vert-Intense"},"image":{"@id":"https:\/\/www.vert-intense.com\/#\/schema\/logo\/image\/"},"sameAs":["https:\/\/www.facebook.com\/vertintense","https:\/\/www.tripadvisor.fr\/Attraction_Review-g1644623-d1649481-Reviews-Vert_Intense-Saint_Claude_Basse_Terre_Island_Guadeloupe.html","https:\/\/www.tiktok.com\/@vertintense","https:\/\/www.instagram.com\/vertintenseguadeloupe\/","https:\/\/www.youtube.com\/channel\/UCRymXR1Pa7n50AOgFy9n3bA"]}]},"og_availability":"instock","product_availability":"instock","product_condition":"new"},"jetpack_sharing_enabled":true,"_links":{"self":[{"href":"https:\/\/www.vert-intense.com\/fr\/wp-json\/wp\/v2\/product\/18473"}],"collection":[{"href":"https:\/\/www.vert-intense.com\/fr\/wp-json\/wp\/v2\/product"}],"about":[{"href":"https:\/\/www.vert-intense.com\/fr\/wp-json\/wp\/v2\/types\/product"}],"wp:featuredmedia":[{"embeddable":true,"href":"https:\/\/www.vert-intense.com\/fr\/wp-json\/wp\/v2\/media\/18450"}],"wp:attachment":[{"href":"https:\/\/www.vert-intense.com\/fr\/wp-json\/wp\/v2\/media?parent=18473"}],"wp:term":[{"taxonomy":"product_cat","embeddable":true,"href":"https:\/\/www.vert-intense.com\/fr\/wp-json\/wp\/v2\/product_cat?post=18473"},{"taxonomy":"product_tag","embeddable":true,"href":"https:\/\/www.vert-intense.com\/fr\/wp-json\/wp\/v2\/product_tag?post=18473"}],"curies":[{"name":"wp","href":"https:\/\/api.w.org\/{rel}","templated":true}]}}