{"id":1607,"date":"2023-08-01T16:06:55","date_gmt":"2023-08-01T14:06:55","guid":{"rendered":"http:\/\/xedhqzi.cluster100.hosting.ovh.net\/?post_type=product&#038;p=1607"},"modified":"2025-05-04T11:43:28","modified_gmt":"2025-05-04T15:43:28","slug":"sejour-multisport","status":"publish","type":"product","link":"https:\/\/www.vert-intense.com\/fr\/activite-guadeloupe\/sejours-sportifs-nature-guadeloupe\/sejour-multisport\/","title":{"rendered":"S\u00e9jour Multisports 9 jours"},"content":{"rendered":"<h3 style=\"text-align: center;\">S\u00e9jour Multisport en Guadeloupe<\/h3>\n<h3 style=\"text-align: center;\">(9 jours)<\/h3>\n<p>&nbsp;<\/p>\n<p>Profitez pleinement de votre s\u00e9jour Multisports en Guadeloupe, vous disposez d\u2019un carnet de route,\u00a0\u00a0sp\u00e9cialement \u00e9tudi\u00e9 pour vous faire d\u00e9couvrir l\u2019archipel de la guadeloup\u00e9en. Vous trouvez pour chaque jour\u00a0 une nouvelle activit\u00e9 pour une d\u00e9couverte sports et nature des diff\u00e9rents \u00e9cosyst\u00e8me des iles de Guadeloupe. Ainsi que de nombreuses adresses pour vous faire d\u00e9couvrir les saveurs, traditions et le patrimoine culturel guadeloup\u00e9en.<\/p>\n<p>Votre h\u00e9bergement, class\u00e9 \u00c9colabel Europ\u00e9en, se trouve sur les contreforts du volcan de la Soufri\u00e8re sur la commune de saint Claude \u00e0 500 m\u00e8tres d&#8217;altitude. Vos h\u00f4tes, Laurence et Eric tous deux accompagnateurs en montagne, guide canyoning, connaissent bien les traces du parc national de Guadeloupe, ils se font un plaisir de vous communiquer toutes les informations n\u00e9cessaires pour rendre votre s\u00e9jour sports et nature inoubliable.<\/p>\n<p>&nbsp;<\/p>\n<h4><strong>D\u00e9tail du programme\u00a0:<\/strong><\/h4>\n<ul>\n<li>Jour 1 : Arriv\u00e9e aux bananes vertes<\/li>\n<li>Jour 2 : Randonn\u00e9e au chutes du Carbet<\/li>\n<li>Jour 3 : Ascension guid\u00e9e au sommet du volcan<\/li>\n<li>Jour 4 : Plong\u00e9e sous-marine<\/li>\n<li>Jour 5 : Canyoning<\/li>\n<li>Jour 6 : Kayak<\/li>\n<li>Jour 7 : D\u00e9couverte des saintes<\/li>\n<li>Jour 8 : D\u00e9couvertes de pointe \u00e0 pitre<\/li>\n<li>Jour 9: Arriv\u00e9e Paris<\/li>\n<\/ul>\n<p>&nbsp;<\/p>\n<h4><strong>Le prix comprend\u00a0:<\/strong><\/h4>\n<ul>\n<li>Le diner du premier soir<\/li>\n<li>Une base de petit d\u00e9jeuner<\/li>\n<li>La voiture de location cat A pour la dur\u00e9e du s\u00e9jours<\/li>\n<li>La randonn\u00e9e guid\u00e9e \u00e0 la soufri\u00e8re<\/li>\n<li>La plong\u00e9e sous marine<\/li>\n<li>Le canyoning<\/li>\n<li>Kayak + repas<\/li>\n<li>Le billet de bateau des saintes<\/li>\n<li>Le briefing de pr\u00e9sentation du s\u00e9jour et le carnet de route num\u00e9rique<\/li>\n<\/ul>\n<p>&nbsp;<\/p>\n<h4><strong>Le prix ne comprend pas\u00a0:<\/strong><\/h4>\n<ul>\n<li>Le vol vers la Guadeloupe<\/li>\n<li>Les diners d\u00e9jeuner et petit d\u00e9jeuner<\/li>\n<li>Les parking carbet et embarcad\u00e8re pour les Saintes<\/li>\n<li>Le carburant pour votre v\u00e9hicule<\/li>\n<li>les pourboires et tout ce qui n &#8216;apparait pas dans la rubrique le prix comprend<\/li>\n<li>Les options<\/li>\n<\/ul>\n<p>&nbsp;<\/p>\n<p><strong>Bon \u00e0 savoir:<\/strong> Vous recevez votre carnet de route d\u00e8s la r\u00e9servation ainsi qu\u2019une liste de mat\u00e9riel conseill\u00e9 pour un bon s\u00e9jour sportif en milieu tropical.<\/p>\n","protected":false},"excerpt":{"rendered":"<p>R\u00e9servez votre s\u00e9jour multisport en Guadeloupe et d\u00e9couvrez l&#8217;archipel guadeloup\u00e9en autrement \u00e0 travers des activ\u00e9es sportives et nature.<\/p>\n","protected":false},"featured_media":2564,"template":"","meta":[],"product_cat":[28],"product_tag":[131,130],"class_list":{"0":"post-1607","1":"product","2":"type-product","3":"status-publish","4":"has-post-thumbnail","6":"product_cat-sejours-sportifs-nature-guadeloupe","7":"product_tag-sejour-multi-sports-guadeloupe","8":"product_tag-sejour-randonnee-liberte","10":"first","11":"instock","12":"virtual","13":"sold-individually","14":"taxable","15":"purchasable","16":"product-type-booking"},"yoast_head":"<!-- This site is optimized with the Yoast SEO Premium plugin v25.3.1 (Yoast SEO v25.3.1) - https:\/\/yoast.com\/wordpress\/plugins\/seo\/ -->\n<title>S\u00e9jour Multisport en Guadeloupe - Activit\u00e9s et D\u00e9couvertes uniques - Vert Intense<\/title>\n<meta name=\"description\" content=\"D\u00e9couvrez la Guadeloupe \u00e0 travers des activit\u00e9s sportives et nature lors de notre S\u00e9jour Multisport. \u00c0 chaque jour, une nouvelle aventure vous attend! \ud83c\udf34\" \/>\n<meta name=\"robots\" content=\"index, follow, max-snippet:-1, max-image-preview:large, max-video-preview:-1\" \/>\n<link rel=\"canonical\" href=\"https:\/\/www.vert-intense.com\/fr\/activite-guadeloupe\/sejours-sportifs-nature-guadeloupe\/sejour-multisport\/\" \/>\n<meta property=\"og:locale\" content=\"fr_FR\" \/>\n<meta property=\"og:type\" content=\"article\" \/>\n<meta property=\"og:title\" content=\"S\u00e9jour Multisports 9 jours\" \/>\n<meta property=\"og:description\" content=\"D\u00e9couvrez la Guadeloupe \u00e0 travers des activit\u00e9s sportives et nature lors de notre S\u00e9jour Multisport. \u00c0 chaque jour, une nouvelle aventure vous attend! \ud83c\udf34\" \/>\n<meta property=\"og:url\" content=\"https:\/\/www.vert-intense.com\/fr\/activite-guadeloupe\/sejours-sportifs-nature-guadeloupe\/sejour-multisport\/\" \/>\n<meta property=\"og:site_name\" content=\"Vert Intense\" \/>\n<meta property=\"article:publisher\" content=\"https:\/\/www.facebook.com\/vertintense\" \/>\n<meta property=\"article:modified_time\" content=\"2025-05-04T15:43:28+00:00\" \/>\n<meta property=\"og:image\" content=\"https:\/\/www.vert-intense.com\/wp-content\/uploads\/2023\/12\/phot3-Copier-e1702653219335.jpg\" \/>\n\t<meta property=\"og:image:width\" content=\"1702\" \/>\n\t<meta property=\"og:image:height\" content=\"1280\" \/>\n\t<meta property=\"og:image:type\" content=\"image\/jpeg\" \/>\n<meta name=\"twitter:card\" content=\"summary_large_image\" \/>\n<meta name=\"twitter:label1\" content=\"Prix\" \/>\n\t<meta name=\"twitter:data1\" content=\"960&euro;\" \/>\n\t<meta name=\"twitter:label2\" content=\"Disponibilit\u00e9\" \/>\n\t<meta name=\"twitter:data2\" content=\"En stock\" \/>\n<script type=\"application\/ld+json\" class=\"yoast-schema-graph\">{\"@context\":\"https:\/\/schema.org\",\"@graph\":[{\"@type\":\"WebPage\",\"@id\":\"https:\/\/www.vert-intense.com\/activite-guadeloupe\/sejours-sportifs-nature-guadeloupe\/sejour-multisport\/\",\"url\":\"https:\/\/www.vert-intense.com\/activite-guadeloupe\/sejours-sportifs-nature-guadeloupe\/sejour-multisport\/\",\"name\":\"S\u00e9jour Multisport en Guadeloupe - Activit\u00e9s et D\u00e9couvertes uniques - Vert Intense\",\"isPartOf\":{\"@id\":\"https:\/\/www.vert-intense.com\/#website\"},\"primaryImageOfPage\":{\"@id\":\"https:\/\/www.vert-intense.com\/activite-guadeloupe\/sejours-sportifs-nature-guadeloupe\/sejour-multisport\/#primaryimage\"},\"image\":{\"@id\":\"https:\/\/www.vert-intense.com\/activite-guadeloupe\/sejours-sportifs-nature-guadeloupe\/sejour-multisport\/#primaryimage\"},\"thumbnailUrl\":\"https:\/\/i0.wp.com\/www.vert-intense.com\/wp-content\/uploads\/2023\/12\/phot3-Copier-e1702653219335.jpg?fit=1702%2C1280&ssl=1\",\"datePublished\":\"2023-08-01T14:06:55+00:00\",\"dateModified\":\"2025-05-04T15:43:28+00:00\",\"description\":\"D\u00e9couvrez la Guadeloupe \u00e0 travers des activit\u00e9s sportives et nature lors de notre S\u00e9jour Multisport. \u00c0 chaque jour, une nouvelle aventure vous attend! \ud83c\udf34\",\"breadcrumb\":{\"@id\":\"https:\/\/www.vert-intense.com\/activite-guadeloupe\/sejours-sportifs-nature-guadeloupe\/sejour-multisport\/#breadcrumb\"},\"inLanguage\":\"fr-FR\",\"potentialAction\":[{\"@type\":\"ReadAction\",\"target\":[\"https:\/\/www.vert-intense.com\/activite-guadeloupe\/sejours-sportifs-nature-guadeloupe\/sejour-multisport\/\"]}]},{\"@type\":\"ImageObject\",\"inLanguage\":\"fr-FR\",\"@id\":\"https:\/\/www.vert-intense.com\/activite-guadeloupe\/sejours-sportifs-nature-guadeloupe\/sejour-multisport\/#primaryimage\",\"url\":\"https:\/\/i0.wp.com\/www.vert-intense.com\/wp-content\/uploads\/2023\/12\/phot3-Copier-e1702653219335.jpg?fit=1702%2C1280&ssl=1\",\"contentUrl\":\"https:\/\/i0.wp.com\/www.vert-intense.com\/wp-content\/uploads\/2023\/12\/phot3-Copier-e1702653219335.jpg?fit=1702%2C1280&ssl=1\",\"width\":1702,\"height\":1280,\"caption\":\"journ\u00e9e kayak Guadeloupe, s\u00e9jour multisport Vert Intense\"},{\"@type\":\"BreadcrumbList\",\"@id\":\"https:\/\/www.vert-intense.com\/activite-guadeloupe\/sejours-sportifs-nature-guadeloupe\/sejour-multisport\/#breadcrumb\",\"itemListElement\":[{\"@type\":\"ListItem\",\"position\":1,\"name\":\"Accueil\",\"item\":\"https:\/\/www.vert-intense.com\/\"},{\"@type\":\"ListItem\",\"position\":2,\"name\":\"Activit\u00e9s nature en Guadeloupe\",\"item\":\"https:\/\/www.vert-intense.com\/\"},{\"@type\":\"ListItem\",\"position\":3,\"name\":\"S\u00e9jour Multisports 9 jours\"}]},{\"@type\":\"WebSite\",\"@id\":\"https:\/\/www.vert-intense.com\/#website\",\"url\":\"https:\/\/www.vert-intense.com\/\",\"name\":\"Vert-Intense\",\"description\":\"R\u00e9servez vos activit\u00e9s d\u00e9couvertes en Guadeloupe\",\"publisher\":{\"@id\":\"https:\/\/www.vert-intense.com\/#organization\"},\"potentialAction\":[{\"@type\":\"SearchAction\",\"target\":{\"@type\":\"EntryPoint\",\"urlTemplate\":\"https:\/\/www.vert-intense.com\/?s={search_term_string}\"},\"query-input\":{\"@type\":\"PropertyValueSpecification\",\"valueRequired\":true,\"valueName\":\"search_term_string\"}}],\"inLanguage\":\"fr-FR\"},{\"@type\":\"Organization\",\"@id\":\"https:\/\/www.vert-intense.com\/#organization\",\"name\":\"Vert-Intense\",\"url\":\"https:\/\/www.vert-intense.com\/\",\"logo\":{\"@type\":\"ImageObject\",\"inLanguage\":\"fr-FR\",\"@id\":\"https:\/\/www.vert-intense.com\/#\/schema\/logo\/image\/\",\"url\":\"https:\/\/i0.wp.com\/www.vert-intense.com\/wp-content\/uploads\/2023\/07\/logo.png?fit=960%2C960&ssl=1\",\"contentUrl\":\"https:\/\/i0.wp.com\/www.vert-intense.com\/wp-content\/uploads\/2023\/07\/logo.png?fit=960%2C960&ssl=1\",\"width\":960,\"height\":960,\"caption\":\"Vert-Intense\"},\"image\":{\"@id\":\"https:\/\/www.vert-intense.com\/#\/schema\/logo\/image\/\"},\"sameAs\":[\"https:\/\/www.facebook.com\/vertintense\",\"https:\/\/www.tripadvisor.fr\/Attraction_Review-g1644623-d1649481-Reviews-Vert_Intense-Saint_Claude_Basse_Terre_Island_Guadeloupe.html\",\"https:\/\/www.tiktok.com\/@vertintense\",\"https:\/\/www.instagram.com\/vertintenseguadeloupe\/\",\"https:\/\/www.youtube.com\/channel\/UCRymXR1Pa7n50AOgFy9n3bA\"]}]}<\/script>\n<meta property=\"product:price:amount\" content=\"960\" \/>\n<meta property=\"product:price:currency\" content=\"EUR\" \/>\n<meta property=\"og:availability\" content=\"instock\" \/>\n<meta property=\"product:availability\" content=\"instock\" \/>\n<meta property=\"product:condition\" content=\"new\" \/>\n<!-- \/ Yoast SEO Premium plugin. -->","yoast_head_json":{"title":"S\u00e9jour Multisport en Guadeloupe - Activit\u00e9s et D\u00e9couvertes uniques - Vert Intense","description":"D\u00e9couvrez la Guadeloupe \u00e0 travers des activit\u00e9s sportives et nature lors de notre S\u00e9jour Multisport. \u00c0 chaque jour, une nouvelle aventure vous attend! \ud83c\udf34","robots":{"index":"index","follow":"follow","max-snippet":"max-snippet:-1","max-image-preview":"max-image-preview:large","max-video-preview":"max-video-preview:-1"},"canonical":"https:\/\/www.vert-intense.com\/fr\/activite-guadeloupe\/sejours-sportifs-nature-guadeloupe\/sejour-multisport\/","og_locale":"fr_FR","og_type":"article","og_title":"S\u00e9jour Multisports 9 jours","og_description":"D\u00e9couvrez la Guadeloupe \u00e0 travers des activit\u00e9s sportives et nature lors de notre S\u00e9jour Multisport. \u00c0 chaque jour, une nouvelle aventure vous attend! \ud83c\udf34","og_url":"https:\/\/www.vert-intense.com\/fr\/activite-guadeloupe\/sejours-sportifs-nature-guadeloupe\/sejour-multisport\/","og_site_name":"Vert Intense","article_publisher":"https:\/\/www.facebook.com\/vertintense","article_modified_time":"2025-05-04T15:43:28+00:00","og_image":[{"width":1702,"height":1280,"url":"https:\/\/www.vert-intense.com\/wp-content\/uploads\/2023\/12\/phot3-Copier-e1702653219335.jpg","type":"image\/jpeg"}],"twitter_card":"summary_large_image","twitter_misc":{"Prix":"960&euro;","Disponibilit\u00e9":"En stock"},"schema":{"@context":"https:\/\/schema.org","@graph":[{"@type":"WebPage","@id":"https:\/\/www.vert-intense.com\/activite-guadeloupe\/sejours-sportifs-nature-guadeloupe\/sejour-multisport\/","url":"https:\/\/www.vert-intense.com\/activite-guadeloupe\/sejours-sportifs-nature-guadeloupe\/sejour-multisport\/","name":"S\u00e9jour Multisport en Guadeloupe - Activit\u00e9s et D\u00e9couvertes uniques - Vert Intense","isPartOf":{"@id":"https:\/\/www.vert-intense.com\/#website"},"primaryImageOfPage":{"@id":"https:\/\/www.vert-intense.com\/activite-guadeloupe\/sejours-sportifs-nature-guadeloupe\/sejour-multisport\/#primaryimage"},"image":{"@id":"https:\/\/www.vert-intense.com\/activite-guadeloupe\/sejours-sportifs-nature-guadeloupe\/sejour-multisport\/#primaryimage"},"thumbnailUrl":"https:\/\/i0.wp.com\/www.vert-intense.com\/wp-content\/uploads\/2023\/12\/phot3-Copier-e1702653219335.jpg?fit=1702%2C1280&ssl=1","datePublished":"2023-08-01T14:06:55+00:00","dateModified":"2025-05-04T15:43:28+00:00","description":"D\u00e9couvrez la Guadeloupe \u00e0 travers des activit\u00e9s sportives et nature lors de notre S\u00e9jour Multisport. \u00c0 chaque jour, une nouvelle aventure vous attend! \ud83c\udf34","breadcrumb":{"@id":"https:\/\/www.vert-intense.com\/activite-guadeloupe\/sejours-sportifs-nature-guadeloupe\/sejour-multisport\/#breadcrumb"},"inLanguage":"fr-FR","potentialAction":[{"@type":"ReadAction","target":["https:\/\/www.vert-intense.com\/activite-guadeloupe\/sejours-sportifs-nature-guadeloupe\/sejour-multisport\/"]}]},{"@type":"ImageObject","inLanguage":"fr-FR","@id":"https:\/\/www.vert-intense.com\/activite-guadeloupe\/sejours-sportifs-nature-guadeloupe\/sejour-multisport\/#primaryimage","url":"https:\/\/i0.wp.com\/www.vert-intense.com\/wp-content\/uploads\/2023\/12\/phot3-Copier-e1702653219335.jpg?fit=1702%2C1280&ssl=1","contentUrl":"https:\/\/i0.wp.com\/www.vert-intense.com\/wp-content\/uploads\/2023\/12\/phot3-Copier-e1702653219335.jpg?fit=1702%2C1280&ssl=1","width":1702,"height":1280,"caption":"journ\u00e9e kayak Guadeloupe, s\u00e9jour multisport Vert Intense"},{"@type":"BreadcrumbList","@id":"https:\/\/www.vert-intense.com\/activite-guadeloupe\/sejours-sportifs-nature-guadeloupe\/sejour-multisport\/#breadcrumb","itemListElement":[{"@type":"ListItem","position":1,"name":"Accueil","item":"https:\/\/www.vert-intense.com\/"},{"@type":"ListItem","position":2,"name":"Activit\u00e9s nature en Guadeloupe","item":"https:\/\/www.vert-intense.com\/"},{"@type":"ListItem","position":3,"name":"S\u00e9jour Multisports 9 jours"}]},{"@type":"WebSite","@id":"https:\/\/www.vert-intense.com\/#website","url":"https:\/\/www.vert-intense.com\/","name":"Vert-Intense","description":"R\u00e9servez vos activit\u00e9s d\u00e9couvertes en Guadeloupe","publisher":{"@id":"https:\/\/www.vert-intense.com\/#organization"},"potentialAction":[{"@type":"SearchAction","target":{"@type":"EntryPoint","urlTemplate":"https:\/\/www.vert-intense.com\/?s={search_term_string}"},"query-input":{"@type":"PropertyValueSpecification","valueRequired":true,"valueName":"search_term_string"}}],"inLanguage":"fr-FR"},{"@type":"Organization","@id":"https:\/\/www.vert-intense.com\/#organization","name":"Vert-Intense","url":"https:\/\/www.vert-intense.com\/","logo":{"@type":"ImageObject","inLanguage":"fr-FR","@id":"https:\/\/www.vert-intense.com\/#\/schema\/logo\/image\/","url":"https:\/\/i0.wp.com\/www.vert-intense.com\/wp-content\/uploads\/2023\/07\/logo.png?fit=960%2C960&ssl=1","contentUrl":"https:\/\/i0.wp.com\/www.vert-intense.com\/wp-content\/uploads\/2023\/07\/logo.png?fit=960%2C960&ssl=1","width":960,"height":960,"caption":"Vert-Intense"},"image":{"@id":"https:\/\/www.vert-intense.com\/#\/schema\/logo\/image\/"},"sameAs":["https:\/\/www.facebook.com\/vertintense","https:\/\/www.tripadvisor.fr\/Attraction_Review-g1644623-d1649481-Reviews-Vert_Intense-Saint_Claude_Basse_Terre_Island_Guadeloupe.html","https:\/\/www.tiktok.com\/@vertintense","https:\/\/www.instagram.com\/vertintenseguadeloupe\/","https:\/\/www.youtube.com\/channel\/UCRymXR1Pa7n50AOgFy9n3bA"]}]},"product_price_amount":"960","product_price_currency":"EUR","og_availability":"instock","product_availability":"instock","product_condition":"new"},"jetpack_sharing_enabled":true,"_links":{"self":[{"href":"https:\/\/www.vert-intense.com\/fr\/wp-json\/wp\/v2\/product\/1607"}],"collection":[{"href":"https:\/\/www.vert-intense.com\/fr\/wp-json\/wp\/v2\/product"}],"about":[{"href":"https:\/\/www.vert-intense.com\/fr\/wp-json\/wp\/v2\/types\/product"}],"wp:featuredmedia":[{"embeddable":true,"href":"https:\/\/www.vert-intense.com\/fr\/wp-json\/wp\/v2\/media\/2564"}],"wp:attachment":[{"href":"https:\/\/www.vert-intense.com\/fr\/wp-json\/wp\/v2\/media?parent=1607"}],"wp:term":[{"taxonomy":"product_cat","embeddable":true,"href":"https:\/\/www.vert-intense.com\/fr\/wp-json\/wp\/v2\/product_cat?post=1607"},{"taxonomy":"product_tag","embeddable":true,"href":"https:\/\/www.vert-intense.com\/fr\/wp-json\/wp\/v2\/product_tag?post=1607"}],"curies":[{"name":"wp","href":"https:\/\/api.w.org\/{rel}","templated":true}]}}