{"id":1604,"date":"2023-08-01T16:05:23","date_gmt":"2023-08-01T14:05:23","guid":{"rendered":"http:\/\/xedhqzi.cluster100.hosting.ovh.net\/?post_type=product&#038;p=1604"},"modified":"2025-11-03T13:43:55","modified_gmt":"2025-11-03T17:43:55","slug":"escapade-sportive","status":"publish","type":"product","link":"https:\/\/www.vert-intense.com\/fr\/activite-guadeloupe\/sejours-sportifs-nature-guadeloupe\/escapade-sportive\/","title":{"rendered":"Escapade Sportive"},"content":{"rendered":"<h3 style=\"text-align: center;\">Escapade Sportive en Guadeloupe<\/h3>\n<p>&nbsp;<\/p>\n<p>Une nuit aux Bananes Vertes et une sortie canyoning dans une des plus belle rivi\u00e8re de la Guadeloupe. Nous vous proposons\u00a0 avec cette escapade sportive en Guadeloupe un petit changement d&#8217;air, une pause sur les hauteurs de la Basse-Terre, pour vivre aux rythme de la foret tropicale.<\/p>\n<h4>D\u00e9tail du programme\u00a0:<\/h4>\n<p>&nbsp;<\/p>\n<ul>\n<li><strong>Jour 1<\/strong><strong> :\u00a0<\/strong>accueil aux Bananes Vertes \u00e0 partir de 15 h00. Remise d&#8217;un voucher pour la sortie du lendemain, mini briefing pour vous indiquer les incontournables du sud Basse-Terre&#8230;.mini randonn\u00e9es cascades, sources chaudes, les restaurants pour le soir etc&#8230;<\/li>\n<\/ul>\n<p>&nbsp;<\/p>\n<ul>\n<li><strong>Jour 2 :<\/strong><strong>\u00a0<\/strong>Rdv 8h30 au parking du Bassin Bleu pour une sortie canyoning.\u00a0 Distribution du mat\u00e9riel sp\u00e9cifique \u00e0 l&#8217;activit\u00e9, combinaison, casque, harnais. D\u00e9part en direction de la rivi\u00e8re, marche d&#8217;approche d&#8217;une trentaine de minutes avant de commencer la descente. Dur\u00e9e de la randonn\u00e9e environ 5 heures.<\/li>\n<\/ul>\n<p>&nbsp;<\/p>\n<ul>\n<li>Le tarif est indiqu\u00e9 sur une base de deux personnes partageant la m\u00eame chambre. la taxe de s\u00e9jour de 0.80\u20ac par nuit et par adulte est en suppl\u00e9ment.<\/li>\n<\/ul>\n<p>&nbsp;<\/p>\n","protected":false},"excerpt":{"rendered":"<p>Besoin de changer d&#8217;air ? R\u00e9servez notre escapade sportive : Une nuit aux Bananes Vertes + une sortie canyoning dans une des plus belle rivi\u00e8re de la Guadeloupe.\u00a0 Et profitez d&#8217;une pause sur les hauteurs de la Basse-Terre, pour vivre aux rythme de la foret tropicale.<\/p>\n","protected":false},"featured_media":2416,"template":"","meta":[],"product_cat":[28],"product_tag":[125,132,131,130],"class_list":{"0":"post-1604","1":"product","2":"type-product","3":"status-publish","4":"has-post-thumbnail","6":"product_cat-sejours-sportifs-nature-guadeloupe","7":"product_tag-canyoning-bleu-niveau-moyen","8":"product_tag-escale-et-escapade","9":"product_tag-sejour-multi-sports-guadeloupe","10":"product_tag-sejour-randonnee-liberte","12":"first","13":"instock","14":"virtual","15":"sold-individually","16":"taxable","17":"purchasable","18":"product-type-booking"},"yoast_head":"<!-- This site is optimized with the Yoast SEO Premium plugin v25.3.1 (Yoast SEO v25.3.1) - https:\/\/yoast.com\/wordpress\/plugins\/seo\/ -->\n<title>Escapade Sportive en Guadeloupe : 1 nuit\u00e9e + 1 sortie canyoning - Vert Intense<\/title>\n<meta name=\"description\" content=\"Offrez vous une pause avec une escapade sportive en Guadeloupe. Profitez d&#039;une nuit aux Bananes Vertes et d&#039;une sortie canyoning. R\u00e9servez d\u00e8s maintenant !\" \/>\n<meta name=\"robots\" content=\"index, follow, max-snippet:-1, max-image-preview:large, max-video-preview:-1\" \/>\n<link rel=\"canonical\" href=\"https:\/\/www.vert-intense.com\/fr\/activite-guadeloupe\/sejours-sportifs-nature-guadeloupe\/escapade-sportive\/\" \/>\n<meta property=\"og:locale\" content=\"fr_FR\" \/>\n<meta property=\"og:type\" content=\"article\" \/>\n<meta property=\"og:title\" content=\"Escapade Sportive\" \/>\n<meta property=\"og:description\" content=\"Offrez vous une pause avec une escapade sportive en Guadeloupe. Profitez d&#039;une nuit aux Bananes Vertes et d&#039;une sortie canyoning. R\u00e9servez d\u00e8s maintenant !\" \/>\n<meta property=\"og:url\" content=\"https:\/\/www.vert-intense.com\/fr\/activite-guadeloupe\/sejours-sportifs-nature-guadeloupe\/escapade-sportive\/\" \/>\n<meta property=\"og:site_name\" content=\"Vert Intense\" \/>\n<meta property=\"article:publisher\" content=\"https:\/\/www.facebook.com\/vertintense\" \/>\n<meta property=\"article:modified_time\" content=\"2025-11-03T17:43:55+00:00\" \/>\n<meta property=\"og:image\" content=\"https:\/\/www.vert-intense.com\/wp-content\/uploads\/2023\/11\/ticanyon005-e1700260658669.jpg\" \/>\n\t<meta property=\"og:image:width\" content=\"1300\" \/>\n\t<meta property=\"og:image:height\" content=\"977\" \/>\n\t<meta property=\"og:image:type\" content=\"image\/jpeg\" \/>\n<meta name=\"twitter:card\" content=\"summary_large_image\" \/>\n<meta name=\"twitter:label1\" content=\"Prix\" \/>\n\t<meta name=\"twitter:data1\" content=\"120&euro;\" \/>\n\t<meta name=\"twitter:label2\" content=\"Disponibilit\u00e9\" \/>\n\t<meta name=\"twitter:data2\" content=\"En stock\" \/>\n<script type=\"application\/ld+json\" class=\"yoast-schema-graph\">{\"@context\":\"https:\/\/schema.org\",\"@graph\":[{\"@type\":\"WebPage\",\"@id\":\"https:\/\/www.vert-intense.com\/activite-guadeloupe\/sejours-sportifs-nature-guadeloupe\/escapade-sportive\/\",\"url\":\"https:\/\/www.vert-intense.com\/activite-guadeloupe\/sejours-sportifs-nature-guadeloupe\/escapade-sportive\/\",\"name\":\"Escapade Sportive en Guadeloupe : 1 nuit\u00e9e + 1 sortie canyoning - Vert Intense\",\"isPartOf\":{\"@id\":\"https:\/\/www.vert-intense.com\/#website\"},\"primaryImageOfPage\":{\"@id\":\"https:\/\/www.vert-intense.com\/activite-guadeloupe\/sejours-sportifs-nature-guadeloupe\/escapade-sportive\/#primaryimage\"},\"image\":{\"@id\":\"https:\/\/www.vert-intense.com\/activite-guadeloupe\/sejours-sportifs-nature-guadeloupe\/escapade-sportive\/#primaryimage\"},\"thumbnailUrl\":\"https:\/\/i0.wp.com\/www.vert-intense.com\/wp-content\/uploads\/2023\/11\/ticanyon005-e1700260658669.jpg?fit=1300%2C977&ssl=1\",\"datePublished\":\"2023-08-01T14:05:23+00:00\",\"dateModified\":\"2025-11-03T17:43:55+00:00\",\"description\":\"Offrez vous une pause avec une escapade sportive en Guadeloupe. Profitez d'une nuit aux Bananes Vertes et d'une sortie canyoning. R\u00e9servez d\u00e8s maintenant !\",\"breadcrumb\":{\"@id\":\"https:\/\/www.vert-intense.com\/activite-guadeloupe\/sejours-sportifs-nature-guadeloupe\/escapade-sportive\/#breadcrumb\"},\"inLanguage\":\"fr-FR\",\"potentialAction\":[{\"@type\":\"ReadAction\",\"target\":[\"https:\/\/www.vert-intense.com\/activite-guadeloupe\/sejours-sportifs-nature-guadeloupe\/escapade-sportive\/\"]}]},{\"@type\":\"ImageObject\",\"inLanguage\":\"fr-FR\",\"@id\":\"https:\/\/www.vert-intense.com\/activite-guadeloupe\/sejours-sportifs-nature-guadeloupe\/escapade-sportive\/#primaryimage\",\"url\":\"https:\/\/i0.wp.com\/www.vert-intense.com\/wp-content\/uploads\/2023\/11\/ticanyon005-e1700260658669.jpg?fit=1300%2C977&ssl=1\",\"contentUrl\":\"https:\/\/i0.wp.com\/www.vert-intense.com\/wp-content\/uploads\/2023\/11\/ticanyon005-e1700260658669.jpg?fit=1300%2C977&ssl=1\",\"width\":1300,\"height\":977,\"caption\":\"descente en rappel dans Ti-Canyon\"},{\"@type\":\"BreadcrumbList\",\"@id\":\"https:\/\/www.vert-intense.com\/activite-guadeloupe\/sejours-sportifs-nature-guadeloupe\/escapade-sportive\/#breadcrumb\",\"itemListElement\":[{\"@type\":\"ListItem\",\"position\":1,\"name\":\"Accueil\",\"item\":\"https:\/\/www.vert-intense.com\/\"},{\"@type\":\"ListItem\",\"position\":2,\"name\":\"Activit\u00e9s nature en Guadeloupe\",\"item\":\"https:\/\/www.vert-intense.com\/\"},{\"@type\":\"ListItem\",\"position\":3,\"name\":\"Escapade Sportive\"}]},{\"@type\":\"WebSite\",\"@id\":\"https:\/\/www.vert-intense.com\/#website\",\"url\":\"https:\/\/www.vert-intense.com\/\",\"name\":\"Vert-Intense\",\"description\":\"R\u00e9servez vos activit\u00e9s d\u00e9couvertes en Guadeloupe\",\"publisher\":{\"@id\":\"https:\/\/www.vert-intense.com\/#organization\"},\"potentialAction\":[{\"@type\":\"SearchAction\",\"target\":{\"@type\":\"EntryPoint\",\"urlTemplate\":\"https:\/\/www.vert-intense.com\/?s={search_term_string}\"},\"query-input\":{\"@type\":\"PropertyValueSpecification\",\"valueRequired\":true,\"valueName\":\"search_term_string\"}}],\"inLanguage\":\"fr-FR\"},{\"@type\":\"Organization\",\"@id\":\"https:\/\/www.vert-intense.com\/#organization\",\"name\":\"Vert-Intense\",\"url\":\"https:\/\/www.vert-intense.com\/\",\"logo\":{\"@type\":\"ImageObject\",\"inLanguage\":\"fr-FR\",\"@id\":\"https:\/\/www.vert-intense.com\/#\/schema\/logo\/image\/\",\"url\":\"https:\/\/i0.wp.com\/www.vert-intense.com\/wp-content\/uploads\/2023\/07\/logo.png?fit=960%2C960&ssl=1\",\"contentUrl\":\"https:\/\/i0.wp.com\/www.vert-intense.com\/wp-content\/uploads\/2023\/07\/logo.png?fit=960%2C960&ssl=1\",\"width\":960,\"height\":960,\"caption\":\"Vert-Intense\"},\"image\":{\"@id\":\"https:\/\/www.vert-intense.com\/#\/schema\/logo\/image\/\"},\"sameAs\":[\"https:\/\/www.facebook.com\/vertintense\",\"https:\/\/www.tripadvisor.fr\/Attraction_Review-g1644623-d1649481-Reviews-Vert_Intense-Saint_Claude_Basse_Terre_Island_Guadeloupe.html\",\"https:\/\/www.tiktok.com\/@vertintense\",\"https:\/\/www.instagram.com\/vertintenseguadeloupe\/\",\"https:\/\/www.youtube.com\/channel\/UCRymXR1Pa7n50AOgFy9n3bA\"]}]}<\/script>\n<meta property=\"product:price:amount\" content=\"120\" \/>\n<meta property=\"product:price:currency\" content=\"EUR\" \/>\n<meta property=\"og:availability\" content=\"instock\" \/>\n<meta property=\"product:availability\" content=\"instock\" \/>\n<meta property=\"product:condition\" content=\"new\" \/>\n<!-- \/ Yoast SEO Premium plugin. -->","yoast_head_json":{"title":"Escapade Sportive en Guadeloupe : 1 nuit\u00e9e + 1 sortie canyoning - Vert Intense","description":"Offrez vous une pause avec une escapade sportive en Guadeloupe. Profitez d'une nuit aux Bananes Vertes et d'une sortie canyoning. R\u00e9servez d\u00e8s maintenant !","robots":{"index":"index","follow":"follow","max-snippet":"max-snippet:-1","max-image-preview":"max-image-preview:large","max-video-preview":"max-video-preview:-1"},"canonical":"https:\/\/www.vert-intense.com\/fr\/activite-guadeloupe\/sejours-sportifs-nature-guadeloupe\/escapade-sportive\/","og_locale":"fr_FR","og_type":"article","og_title":"Escapade Sportive","og_description":"Offrez vous une pause avec une escapade sportive en Guadeloupe. Profitez d'une nuit aux Bananes Vertes et d'une sortie canyoning. R\u00e9servez d\u00e8s maintenant !","og_url":"https:\/\/www.vert-intense.com\/fr\/activite-guadeloupe\/sejours-sportifs-nature-guadeloupe\/escapade-sportive\/","og_site_name":"Vert Intense","article_publisher":"https:\/\/www.facebook.com\/vertintense","article_modified_time":"2025-11-03T17:43:55+00:00","og_image":[{"width":1300,"height":977,"url":"https:\/\/www.vert-intense.com\/wp-content\/uploads\/2023\/11\/ticanyon005-e1700260658669.jpg","type":"image\/jpeg"}],"twitter_card":"summary_large_image","twitter_misc":{"Prix":"120&euro;","Disponibilit\u00e9":"En stock"},"schema":{"@context":"https:\/\/schema.org","@graph":[{"@type":"WebPage","@id":"https:\/\/www.vert-intense.com\/activite-guadeloupe\/sejours-sportifs-nature-guadeloupe\/escapade-sportive\/","url":"https:\/\/www.vert-intense.com\/activite-guadeloupe\/sejours-sportifs-nature-guadeloupe\/escapade-sportive\/","name":"Escapade Sportive en Guadeloupe : 1 nuit\u00e9e + 1 sortie canyoning - Vert Intense","isPartOf":{"@id":"https:\/\/www.vert-intense.com\/#website"},"primaryImageOfPage":{"@id":"https:\/\/www.vert-intense.com\/activite-guadeloupe\/sejours-sportifs-nature-guadeloupe\/escapade-sportive\/#primaryimage"},"image":{"@id":"https:\/\/www.vert-intense.com\/activite-guadeloupe\/sejours-sportifs-nature-guadeloupe\/escapade-sportive\/#primaryimage"},"thumbnailUrl":"https:\/\/i0.wp.com\/www.vert-intense.com\/wp-content\/uploads\/2023\/11\/ticanyon005-e1700260658669.jpg?fit=1300%2C977&ssl=1","datePublished":"2023-08-01T14:05:23+00:00","dateModified":"2025-11-03T17:43:55+00:00","description":"Offrez vous une pause avec une escapade sportive en Guadeloupe. Profitez d'une nuit aux Bananes Vertes et d'une sortie canyoning. R\u00e9servez d\u00e8s maintenant !","breadcrumb":{"@id":"https:\/\/www.vert-intense.com\/activite-guadeloupe\/sejours-sportifs-nature-guadeloupe\/escapade-sportive\/#breadcrumb"},"inLanguage":"fr-FR","potentialAction":[{"@type":"ReadAction","target":["https:\/\/www.vert-intense.com\/activite-guadeloupe\/sejours-sportifs-nature-guadeloupe\/escapade-sportive\/"]}]},{"@type":"ImageObject","inLanguage":"fr-FR","@id":"https:\/\/www.vert-intense.com\/activite-guadeloupe\/sejours-sportifs-nature-guadeloupe\/escapade-sportive\/#primaryimage","url":"https:\/\/i0.wp.com\/www.vert-intense.com\/wp-content\/uploads\/2023\/11\/ticanyon005-e1700260658669.jpg?fit=1300%2C977&ssl=1","contentUrl":"https:\/\/i0.wp.com\/www.vert-intense.com\/wp-content\/uploads\/2023\/11\/ticanyon005-e1700260658669.jpg?fit=1300%2C977&ssl=1","width":1300,"height":977,"caption":"descente en rappel dans Ti-Canyon"},{"@type":"BreadcrumbList","@id":"https:\/\/www.vert-intense.com\/activite-guadeloupe\/sejours-sportifs-nature-guadeloupe\/escapade-sportive\/#breadcrumb","itemListElement":[{"@type":"ListItem","position":1,"name":"Accueil","item":"https:\/\/www.vert-intense.com\/"},{"@type":"ListItem","position":2,"name":"Activit\u00e9s nature en Guadeloupe","item":"https:\/\/www.vert-intense.com\/"},{"@type":"ListItem","position":3,"name":"Escapade Sportive"}]},{"@type":"WebSite","@id":"https:\/\/www.vert-intense.com\/#website","url":"https:\/\/www.vert-intense.com\/","name":"Vert-Intense","description":"R\u00e9servez vos activit\u00e9s d\u00e9couvertes en Guadeloupe","publisher":{"@id":"https:\/\/www.vert-intense.com\/#organization"},"potentialAction":[{"@type":"SearchAction","target":{"@type":"EntryPoint","urlTemplate":"https:\/\/www.vert-intense.com\/?s={search_term_string}"},"query-input":{"@type":"PropertyValueSpecification","valueRequired":true,"valueName":"search_term_string"}}],"inLanguage":"fr-FR"},{"@type":"Organization","@id":"https:\/\/www.vert-intense.com\/#organization","name":"Vert-Intense","url":"https:\/\/www.vert-intense.com\/","logo":{"@type":"ImageObject","inLanguage":"fr-FR","@id":"https:\/\/www.vert-intense.com\/#\/schema\/logo\/image\/","url":"https:\/\/i0.wp.com\/www.vert-intense.com\/wp-content\/uploads\/2023\/07\/logo.png?fit=960%2C960&ssl=1","contentUrl":"https:\/\/i0.wp.com\/www.vert-intense.com\/wp-content\/uploads\/2023\/07\/logo.png?fit=960%2C960&ssl=1","width":960,"height":960,"caption":"Vert-Intense"},"image":{"@id":"https:\/\/www.vert-intense.com\/#\/schema\/logo\/image\/"},"sameAs":["https:\/\/www.facebook.com\/vertintense","https:\/\/www.tripadvisor.fr\/Attraction_Review-g1644623-d1649481-Reviews-Vert_Intense-Saint_Claude_Basse_Terre_Island_Guadeloupe.html","https:\/\/www.tiktok.com\/@vertintense","https:\/\/www.instagram.com\/vertintenseguadeloupe\/","https:\/\/www.youtube.com\/channel\/UCRymXR1Pa7n50AOgFy9n3bA"]}]},"product_price_amount":"120","product_price_currency":"EUR","og_availability":"instock","product_availability":"instock","product_condition":"new"},"jetpack_sharing_enabled":true,"_links":{"self":[{"href":"https:\/\/www.vert-intense.com\/fr\/wp-json\/wp\/v2\/product\/1604"}],"collection":[{"href":"https:\/\/www.vert-intense.com\/fr\/wp-json\/wp\/v2\/product"}],"about":[{"href":"https:\/\/www.vert-intense.com\/fr\/wp-json\/wp\/v2\/types\/product"}],"wp:featuredmedia":[{"embeddable":true,"href":"https:\/\/www.vert-intense.com\/fr\/wp-json\/wp\/v2\/media\/2416"}],"wp:attachment":[{"href":"https:\/\/www.vert-intense.com\/fr\/wp-json\/wp\/v2\/media?parent=1604"}],"wp:term":[{"taxonomy":"product_cat","embeddable":true,"href":"https:\/\/www.vert-intense.com\/fr\/wp-json\/wp\/v2\/product_cat?post=1604"},{"taxonomy":"product_tag","embeddable":true,"href":"https:\/\/www.vert-intense.com\/fr\/wp-json\/wp\/v2\/product_tag?post=1604"}],"curies":[{"name":"wp","href":"https:\/\/api.w.org\/{rel}","templated":true}]}}