{"id":1590,"date":"2023-08-01T15:43:36","date_gmt":"2023-08-01T13:43:36","guid":{"rendered":"http:\/\/xedhqzi.cluster100.hosting.ovh.net\/?post_type=product&#038;p=1590"},"modified":"2026-02-11T18:47:16","modified_gmt":"2026-02-11T22:47:16","slug":"canyon-bois-malaise","status":"publish","type":"product","link":"https:\/\/www.vert-intense.com\/fr\/activite-guadeloupe\/canyoning-guadeloupe\/canyon-bois-malaise\/","title":{"rendered":"Canyon Bois Malais\u00e9"},"content":{"rendered":"<ul>\n<li style=\"text-align: center;\">Canyon Bois Malais\u00e9 en Guadeloupe<\/li>\n<\/ul>\n<p>&nbsp;<\/p>\n<p>Partez \u00e0 la d\u00e9couverte du Canyon de Bois Malais\u00e9 en Guadeloupe de ses impressionnantes descentes en rappel en plein c\u0153ur de la foret tropicale !<\/p>\n<p>Le Canyon de Bois Malais\u00e9 est situ\u00e9 dans le sud de la Basse-Terre, \u00e0 proximit\u00e9 de la R\u00e9serve Cousteau et aux portes du Parc National de la Guadeloupe : le cadre est pos\u00e9, la sortie canyoning s&#8217;annonce idyllique ! Et excitante : des sauts et toboggans vous attendent, ainsi que <strong>5 rappels dont deux de plus de 30 m\u00e8tres<\/strong>.<\/p>\n<p>Le parcours est aquatique et offre de jolies sensations. Un tr\u00e8s bon choix si vous avez d\u00e9j\u00e0 pratiqu\u00e9 le canyoning et que vous \u00eates en tr\u00e8s bonne forme physique.<\/p>\n<p>&nbsp;<\/p>\n<h4><b>D\u00e9roulement<\/b><br \/>\n<u><b><\/b><\/u><\/h4>\n<p><u><b>Pr\u00e9paration :<\/b><\/u><br \/>\nNous vous attendons sur la commune de Bouillante, la g\u00e9olocalisation pr\u00e9cise du point de rendez-vous vous est \u00e9videment envoy\u00e9e. Apr\u00e8s un court trajet \u00e0 se suivre en voiture, nous atteignons le point de d\u00e9part. Ensuite il est tant de pr\u00e9parez vos sacs avec tout l&#8217;\u00e9quipement sp\u00e9cifique n\u00e9cessaire au canyon Bois Malais\u00e9, que nous vous fournissons. Et m\u00eame si vous \u00eates en Guadeloupe, la combinaison n\u00e9opr\u00e8ne longue est n\u00e9cessaire.<\/p>\n<p><u><b>Activit\u00e9 :<\/b><\/u><br \/>\nEnsuite nous commen\u00e7ons la marche d&#8217;approche de 60 minutes jusqu&#8217;\u00e0 notre point de d\u00e9part dans la rivi\u00e8re. Il est maintenant temps de rev\u00eatir nos combinaisons. Nous sommes directement au sommet d &#8216;une cascade de 20 m, sur une magnifique dalle volcanique. Alors c&#8217;est parti pour 5 h 30 de descente dans la rivi\u00e8re o\u00f9 s&#8217;enchainent les descentes en rappel et les sauts !!<\/p>\n<p><u><b>Arriv\u00e9e :<\/b><\/u><br \/>\nEt voila, plus que 30 minutes de marche facile pour retourner jusqu&#8217;\u00e0 la voiture puis nous vous laissons partir, la t\u00eate encore pleine de souvenirs !<\/p>\n<p>&nbsp;<\/p>\n<h4><b>Informations sur le parcours<\/b><\/h4>\n<ul>\n<li>Rivi\u00e8re : rivi\u00e8re bois Malais\u00e9 (difficult\u00e9 technique : Niveau noir tr\u00e8s difficile)<\/li>\n<li>Description : La Rivi\u00e8re bois Malais\u00e9 serpente au milieu d &#8216;une foret tropicale magnifique pour une sortie 100 % nature.<\/li>\n<li>Itin\u00e9raire : secteur Bouillante<\/li>\n<li>Dur\u00e9e totale : 7 \u00e0 8 h<\/li>\n<li>Temps pass\u00e9 dans le canyon : 5 h 30<\/li>\n<li>Hauteur de rappel : jusqu&#8217;\u00e0 30 m<\/li>\n<\/ul>\n<p>&nbsp;<\/p>\n<h4><b>Services inclus<\/b><\/h4>\n<ul>\n<li>\u00c9quipement de canyoning complet (combinaison n\u00e9opr\u00e8ne longue, casque)<\/li>\n<li>Baudrier et mat\u00e9riel sp\u00e9cifique de haute qualit\u00e9<\/li>\n<li>Guide de canyoning certifi\u00e9<\/li>\n<\/ul>\n<p>&nbsp;<\/p>\n<h4><b>\u00c0 apporter<\/b><\/h4>\n<ul>\n<li>Maillot de bain,<\/li>\n<li>Chaussures de marche ou baskets<\/li>\n<li>Cordon pour lunettes<\/li>\n<li>Casse Croute transportable<\/li>\n<li>Eau<\/li>\n<\/ul>\n<p>&nbsp;<\/p>\n<p><b>Conditions<\/b><\/p>\n<ul>\n<li>Avoir d\u00e9j\u00e0 pratiqu\u00e9 le canyoning<\/li>\n<li>\u00c2ge minimum : 16 ans<\/li>\n<li>Aptitude physique<\/li>\n<li>Savoir nager<\/li>\n<\/ul>\n<p>&nbsp;<\/p>\n<p>En raison d\u2019une mauvaise m\u00e9t\u00e9o, il se peut que l\u2019on vous propose une autre date ou un remboursement\u00a0 (rare, mais \u00e7a arrive !)<\/p>\n<p>&nbsp;<\/p>\n<p>Pour plus d&#8217;information, lisez notre blog sur<a href=\"https:\/\/www.vert-intense.com\/canyon-bois-malaise-en-guadeloupe\/\"> Bois Malais\u00e9<\/a> !<\/p>\n","protected":false},"excerpt":{"rendered":"<p class=\"ai-optimize-22\">Partez \u00e0 la d\u00e9couverte du Canyon de Bois Malais\u00e9 en Guadeloupe de ses impressionnantes descentes en rappel en plein c\u0153ur de la foret tropicale !<\/p>\n","protected":false},"featured_media":2369,"template":"","meta":[],"product_cat":[24],"product_tag":[129,128,126],"class_list":{"0":"post-1590","1":"product","2":"type-product","3":"status-publish","4":"has-post-thumbnail","6":"product_cat-canyoning-guadeloupe","7":"product_tag-canyoning-noir-niveau-tres-difficile","8":"product_tag-canyoning-rouge-niveau-difficile","9":"product_tag-randonnee-bleu-niveau-moyen","11":"first","12":"instock","13":"virtual","14":"sold-individually","15":"taxable","16":"purchasable","17":"product-type-booking"},"yoast_head":"<!-- This site is optimized with the Yoast SEO Premium plugin v25.3.1 (Yoast SEO v25.3.1) - https:\/\/yoast.com\/wordpress\/plugins\/seo\/ -->\n<title>Canyon Bois Malais\u00e9 en Guadeloupe : Une aventure vertigineuse ! - Vert Intense<\/title>\n<meta name=\"description\" content=\"Explorez le Canyon de Bois Malais\u00e9 en Guadeloupe avec ses descentes en rappel \u00e0 couper le souffle. Une exp\u00e9rience unique au c\u0153ur de la for\u00eat tropicale!\" \/>\n<meta name=\"robots\" content=\"index, follow, max-snippet:-1, max-image-preview:large, max-video-preview:-1\" \/>\n<link rel=\"canonical\" href=\"https:\/\/www.vert-intense.com\/fr\/activite-guadeloupe\/canyoning-guadeloupe\/canyon-bois-malaise\/\" \/>\n<meta property=\"og:locale\" content=\"fr_FR\" \/>\n<meta property=\"og:type\" content=\"article\" \/>\n<meta property=\"og:title\" content=\"Canyon Bois Malais\u00e9\" \/>\n<meta property=\"og:description\" content=\"Explorez le Canyon de Bois Malais\u00e9 en Guadeloupe avec ses descentes en rappel \u00e0 couper le souffle. Une exp\u00e9rience unique au c\u0153ur de la for\u00eat tropicale!\" \/>\n<meta property=\"og:url\" content=\"https:\/\/www.vert-intense.com\/fr\/activite-guadeloupe\/canyoning-guadeloupe\/canyon-bois-malaise\/\" \/>\n<meta property=\"og:site_name\" content=\"Vert Intense\" \/>\n<meta property=\"article:publisher\" content=\"https:\/\/www.facebook.com\/vertintense\" \/>\n<meta property=\"article:modified_time\" content=\"2026-02-11T22:47:16+00:00\" \/>\n<meta property=\"og:image\" content=\"https:\/\/www.vert-intense.com\/wp-content\/uploads\/2023\/08\/GOPR1888-e1700262149566.jpg\" \/>\n\t<meta property=\"og:image:width\" content=\"1299\" \/>\n\t<meta property=\"og:image:height\" content=\"976\" \/>\n\t<meta property=\"og:image:type\" content=\"image\/jpeg\" \/>\n<meta name=\"twitter:card\" content=\"summary_large_image\" \/>\n<meta name=\"twitter:label1\" content=\"Prix\" \/>\n\t<meta name=\"twitter:data1\" content=\"95&euro;\" \/>\n\t<meta name=\"twitter:label2\" content=\"Disponibilit\u00e9\" \/>\n\t<meta name=\"twitter:data2\" content=\"En stock\" \/>\n<script type=\"application\/ld+json\" class=\"yoast-schema-graph\">{\"@context\":\"https:\/\/schema.org\",\"@graph\":[{\"@type\":\"WebPage\",\"@id\":\"https:\/\/www.vert-intense.com\/activite-guadeloupe\/canyoning-guadeloupe\/canyon-bois-malaise\/\",\"url\":\"https:\/\/www.vert-intense.com\/activite-guadeloupe\/canyoning-guadeloupe\/canyon-bois-malaise\/\",\"name\":\"Canyon Bois Malais\u00e9 en Guadeloupe : Une aventure vertigineuse ! - Vert Intense\",\"isPartOf\":{\"@id\":\"https:\/\/www.vert-intense.com\/#website\"},\"primaryImageOfPage\":{\"@id\":\"https:\/\/www.vert-intense.com\/activite-guadeloupe\/canyoning-guadeloupe\/canyon-bois-malaise\/#primaryimage\"},\"image\":{\"@id\":\"https:\/\/www.vert-intense.com\/activite-guadeloupe\/canyoning-guadeloupe\/canyon-bois-malaise\/#primaryimage\"},\"thumbnailUrl\":\"https:\/\/i0.wp.com\/www.vert-intense.com\/wp-content\/uploads\/2023\/08\/GOPR1888-e1700262149566.jpg?fit=1299%2C976&ssl=1\",\"datePublished\":\"2023-08-01T13:43:36+00:00\",\"dateModified\":\"2026-02-11T22:47:16+00:00\",\"description\":\"Explorez le Canyon de Bois Malais\u00e9 en Guadeloupe avec ses descentes en rappel \u00e0 couper le souffle. Une exp\u00e9rience unique au c\u0153ur de la for\u00eat tropicale!\",\"breadcrumb\":{\"@id\":\"https:\/\/www.vert-intense.com\/activite-guadeloupe\/canyoning-guadeloupe\/canyon-bois-malaise\/#breadcrumb\"},\"inLanguage\":\"fr-FR\",\"potentialAction\":[{\"@type\":\"ReadAction\",\"target\":[\"https:\/\/www.vert-intense.com\/activite-guadeloupe\/canyoning-guadeloupe\/canyon-bois-malaise\/\"]}]},{\"@type\":\"ImageObject\",\"inLanguage\":\"fr-FR\",\"@id\":\"https:\/\/www.vert-intense.com\/activite-guadeloupe\/canyoning-guadeloupe\/canyon-bois-malaise\/#primaryimage\",\"url\":\"https:\/\/i0.wp.com\/www.vert-intense.com\/wp-content\/uploads\/2023\/08\/GOPR1888-e1700262149566.jpg?fit=1299%2C976&ssl=1\",\"contentUrl\":\"https:\/\/i0.wp.com\/www.vert-intense.com\/wp-content\/uploads\/2023\/08\/GOPR1888-e1700262149566.jpg?fit=1299%2C976&ssl=1\",\"width\":1299,\"height\":976,\"caption\":\"canyon Bois Malais\u00e9 Guadeloupe\"},{\"@type\":\"BreadcrumbList\",\"@id\":\"https:\/\/www.vert-intense.com\/activite-guadeloupe\/canyoning-guadeloupe\/canyon-bois-malaise\/#breadcrumb\",\"itemListElement\":[{\"@type\":\"ListItem\",\"position\":1,\"name\":\"Accueil\",\"item\":\"https:\/\/www.vert-intense.com\/\"},{\"@type\":\"ListItem\",\"position\":2,\"name\":\"Activit\u00e9s nature en Guadeloupe\",\"item\":\"https:\/\/www.vert-intense.com\/\"},{\"@type\":\"ListItem\",\"position\":3,\"name\":\"Canyon Bois Malais\u00e9\"}]},{\"@type\":\"WebSite\",\"@id\":\"https:\/\/www.vert-intense.com\/#website\",\"url\":\"https:\/\/www.vert-intense.com\/\",\"name\":\"Vert-Intense\",\"description\":\"R\u00e9servez vos activit\u00e9s d\u00e9couvertes en Guadeloupe\",\"publisher\":{\"@id\":\"https:\/\/www.vert-intense.com\/#organization\"},\"potentialAction\":[{\"@type\":\"SearchAction\",\"target\":{\"@type\":\"EntryPoint\",\"urlTemplate\":\"https:\/\/www.vert-intense.com\/?s={search_term_string}\"},\"query-input\":{\"@type\":\"PropertyValueSpecification\",\"valueRequired\":true,\"valueName\":\"search_term_string\"}}],\"inLanguage\":\"fr-FR\"},{\"@type\":\"Organization\",\"@id\":\"https:\/\/www.vert-intense.com\/#organization\",\"name\":\"Vert-Intense\",\"url\":\"https:\/\/www.vert-intense.com\/\",\"logo\":{\"@type\":\"ImageObject\",\"inLanguage\":\"fr-FR\",\"@id\":\"https:\/\/www.vert-intense.com\/#\/schema\/logo\/image\/\",\"url\":\"https:\/\/i0.wp.com\/www.vert-intense.com\/wp-content\/uploads\/2023\/07\/logo.png?fit=960%2C960&ssl=1\",\"contentUrl\":\"https:\/\/i0.wp.com\/www.vert-intense.com\/wp-content\/uploads\/2023\/07\/logo.png?fit=960%2C960&ssl=1\",\"width\":960,\"height\":960,\"caption\":\"Vert-Intense\"},\"image\":{\"@id\":\"https:\/\/www.vert-intense.com\/#\/schema\/logo\/image\/\"},\"sameAs\":[\"https:\/\/www.facebook.com\/vertintense\",\"https:\/\/www.tripadvisor.fr\/Attraction_Review-g1644623-d1649481-Reviews-Vert_Intense-Saint_Claude_Basse_Terre_Island_Guadeloupe.html\",\"https:\/\/www.tiktok.com\/@vertintense\",\"https:\/\/www.instagram.com\/vertintenseguadeloupe\/\",\"https:\/\/www.youtube.com\/channel\/UCRymXR1Pa7n50AOgFy9n3bA\"]}]}<\/script>\n<meta property=\"product:price:amount\" content=\"95\" \/>\n<meta property=\"product:price:currency\" content=\"EUR\" \/>\n<meta property=\"og:availability\" content=\"instock\" \/>\n<meta property=\"product:availability\" content=\"instock\" \/>\n<meta property=\"product:condition\" content=\"new\" \/>\n<!-- \/ Yoast SEO Premium plugin. -->","yoast_head_json":{"title":"Canyon Bois Malais\u00e9 en Guadeloupe : Une aventure vertigineuse ! - Vert Intense","description":"Explorez le Canyon de Bois Malais\u00e9 en Guadeloupe avec ses descentes en rappel \u00e0 couper le souffle. Une exp\u00e9rience unique au c\u0153ur de la for\u00eat tropicale!","robots":{"index":"index","follow":"follow","max-snippet":"max-snippet:-1","max-image-preview":"max-image-preview:large","max-video-preview":"max-video-preview:-1"},"canonical":"https:\/\/www.vert-intense.com\/fr\/activite-guadeloupe\/canyoning-guadeloupe\/canyon-bois-malaise\/","og_locale":"fr_FR","og_type":"article","og_title":"Canyon Bois Malais\u00e9","og_description":"Explorez le Canyon de Bois Malais\u00e9 en Guadeloupe avec ses descentes en rappel \u00e0 couper le souffle. Une exp\u00e9rience unique au c\u0153ur de la for\u00eat tropicale!","og_url":"https:\/\/www.vert-intense.com\/fr\/activite-guadeloupe\/canyoning-guadeloupe\/canyon-bois-malaise\/","og_site_name":"Vert Intense","article_publisher":"https:\/\/www.facebook.com\/vertintense","article_modified_time":"2026-02-11T22:47:16+00:00","og_image":[{"width":1299,"height":976,"url":"https:\/\/www.vert-intense.com\/wp-content\/uploads\/2023\/08\/GOPR1888-e1700262149566.jpg","type":"image\/jpeg"}],"twitter_card":"summary_large_image","twitter_misc":{"Prix":"95&euro;","Disponibilit\u00e9":"En stock"},"schema":{"@context":"https:\/\/schema.org","@graph":[{"@type":"WebPage","@id":"https:\/\/www.vert-intense.com\/activite-guadeloupe\/canyoning-guadeloupe\/canyon-bois-malaise\/","url":"https:\/\/www.vert-intense.com\/activite-guadeloupe\/canyoning-guadeloupe\/canyon-bois-malaise\/","name":"Canyon Bois Malais\u00e9 en Guadeloupe : Une aventure vertigineuse ! - Vert Intense","isPartOf":{"@id":"https:\/\/www.vert-intense.com\/#website"},"primaryImageOfPage":{"@id":"https:\/\/www.vert-intense.com\/activite-guadeloupe\/canyoning-guadeloupe\/canyon-bois-malaise\/#primaryimage"},"image":{"@id":"https:\/\/www.vert-intense.com\/activite-guadeloupe\/canyoning-guadeloupe\/canyon-bois-malaise\/#primaryimage"},"thumbnailUrl":"https:\/\/i0.wp.com\/www.vert-intense.com\/wp-content\/uploads\/2023\/08\/GOPR1888-e1700262149566.jpg?fit=1299%2C976&ssl=1","datePublished":"2023-08-01T13:43:36+00:00","dateModified":"2026-02-11T22:47:16+00:00","description":"Explorez le Canyon de Bois Malais\u00e9 en Guadeloupe avec ses descentes en rappel \u00e0 couper le souffle. Une exp\u00e9rience unique au c\u0153ur de la for\u00eat tropicale!","breadcrumb":{"@id":"https:\/\/www.vert-intense.com\/activite-guadeloupe\/canyoning-guadeloupe\/canyon-bois-malaise\/#breadcrumb"},"inLanguage":"fr-FR","potentialAction":[{"@type":"ReadAction","target":["https:\/\/www.vert-intense.com\/activite-guadeloupe\/canyoning-guadeloupe\/canyon-bois-malaise\/"]}]},{"@type":"ImageObject","inLanguage":"fr-FR","@id":"https:\/\/www.vert-intense.com\/activite-guadeloupe\/canyoning-guadeloupe\/canyon-bois-malaise\/#primaryimage","url":"https:\/\/i0.wp.com\/www.vert-intense.com\/wp-content\/uploads\/2023\/08\/GOPR1888-e1700262149566.jpg?fit=1299%2C976&ssl=1","contentUrl":"https:\/\/i0.wp.com\/www.vert-intense.com\/wp-content\/uploads\/2023\/08\/GOPR1888-e1700262149566.jpg?fit=1299%2C976&ssl=1","width":1299,"height":976,"caption":"canyon Bois Malais\u00e9 Guadeloupe"},{"@type":"BreadcrumbList","@id":"https:\/\/www.vert-intense.com\/activite-guadeloupe\/canyoning-guadeloupe\/canyon-bois-malaise\/#breadcrumb","itemListElement":[{"@type":"ListItem","position":1,"name":"Accueil","item":"https:\/\/www.vert-intense.com\/"},{"@type":"ListItem","position":2,"name":"Activit\u00e9s nature en Guadeloupe","item":"https:\/\/www.vert-intense.com\/"},{"@type":"ListItem","position":3,"name":"Canyon Bois Malais\u00e9"}]},{"@type":"WebSite","@id":"https:\/\/www.vert-intense.com\/#website","url":"https:\/\/www.vert-intense.com\/","name":"Vert-Intense","description":"R\u00e9servez vos activit\u00e9s d\u00e9couvertes en Guadeloupe","publisher":{"@id":"https:\/\/www.vert-intense.com\/#organization"},"potentialAction":[{"@type":"SearchAction","target":{"@type":"EntryPoint","urlTemplate":"https:\/\/www.vert-intense.com\/?s={search_term_string}"},"query-input":{"@type":"PropertyValueSpecification","valueRequired":true,"valueName":"search_term_string"}}],"inLanguage":"fr-FR"},{"@type":"Organization","@id":"https:\/\/www.vert-intense.com\/#organization","name":"Vert-Intense","url":"https:\/\/www.vert-intense.com\/","logo":{"@type":"ImageObject","inLanguage":"fr-FR","@id":"https:\/\/www.vert-intense.com\/#\/schema\/logo\/image\/","url":"https:\/\/i0.wp.com\/www.vert-intense.com\/wp-content\/uploads\/2023\/07\/logo.png?fit=960%2C960&ssl=1","contentUrl":"https:\/\/i0.wp.com\/www.vert-intense.com\/wp-content\/uploads\/2023\/07\/logo.png?fit=960%2C960&ssl=1","width":960,"height":960,"caption":"Vert-Intense"},"image":{"@id":"https:\/\/www.vert-intense.com\/#\/schema\/logo\/image\/"},"sameAs":["https:\/\/www.facebook.com\/vertintense","https:\/\/www.tripadvisor.fr\/Attraction_Review-g1644623-d1649481-Reviews-Vert_Intense-Saint_Claude_Basse_Terre_Island_Guadeloupe.html","https:\/\/www.tiktok.com\/@vertintense","https:\/\/www.instagram.com\/vertintenseguadeloupe\/","https:\/\/www.youtube.com\/channel\/UCRymXR1Pa7n50AOgFy9n3bA"]}]},"product_price_amount":"95","product_price_currency":"EUR","og_availability":"instock","product_availability":"instock","product_condition":"new"},"jetpack_sharing_enabled":true,"_links":{"self":[{"href":"https:\/\/www.vert-intense.com\/fr\/wp-json\/wp\/v2\/product\/1590"}],"collection":[{"href":"https:\/\/www.vert-intense.com\/fr\/wp-json\/wp\/v2\/product"}],"about":[{"href":"https:\/\/www.vert-intense.com\/fr\/wp-json\/wp\/v2\/types\/product"}],"wp:featuredmedia":[{"embeddable":true,"href":"https:\/\/www.vert-intense.com\/fr\/wp-json\/wp\/v2\/media\/2369"}],"wp:attachment":[{"href":"https:\/\/www.vert-intense.com\/fr\/wp-json\/wp\/v2\/media?parent=1590"}],"wp:term":[{"taxonomy":"product_cat","embeddable":true,"href":"https:\/\/www.vert-intense.com\/fr\/wp-json\/wp\/v2\/product_cat?post=1590"},{"taxonomy":"product_tag","embeddable":true,"href":"https:\/\/www.vert-intense.com\/fr\/wp-json\/wp\/v2\/product_tag?post=1590"}],"curies":[{"name":"wp","href":"https:\/\/api.w.org\/{rel}","templated":true}]}}