{"id":1585,"date":"2023-08-01T15:41:05","date_gmt":"2023-08-01T13:41:05","guid":{"rendered":"http:\/\/xedhqzi.cluster100.hosting.ovh.net\/?post_type=product&#038;p=1585"},"modified":"2026-04-28T13:46:22","modified_gmt":"2026-04-28T17:46:22","slug":"canyoning-ravine-chaude-guadeloupe","status":"publish","type":"product","link":"https:\/\/www.vert-intense.com\/fr\/activite-guadeloupe\/canyoning-guadeloupe\/canyoning-ravine-chaude-guadeloupe\/","title":{"rendered":"Canyoning Ravine Chaude"},"content":{"rendered":"<blockquote>\n<h3 style=\"text-align: center;\">Le Canyon de Ravine Chaude en Guadeloupe<\/h3>\n<\/blockquote>\n<p>&nbsp;<\/p>\n<p>Venez d\u00e9couvrir les joies du canyoning Ravine Chaude en Guadeloupe. Sauts, toboggans et rappels vous attendent pour des sensations inoubliables !<\/p>\n<p>Le Canyon de Ravine Chaude en Guadeloupe est \u00e0 proximit\u00e9 du volcan de la Soufri\u00e8re et aux portes du Parc National de la Guadeloupe. Sauts et toboggans,\u00a0 <strong>5 descentes en rappel, dont une de 15 m\u00e8tres<\/strong>, vont vous ravir . Le parcours est aquatique et offre de jolies sensations. Un tr\u00e8s bon choix pour une sortie entre amis ou avec des adolescents . Alors plus d&#8217;h\u00e9sitation, r\u00e9servez pour passer un moment inoubliable !<\/p>\n<h4><\/h4>\n<h4><b>D\u00e9roulement :<\/b><\/h4>\n<p>&nbsp;<\/p>\n<p><u><b>Pr\u00e9paration :<\/b><\/u><br \/>\nNous vous attendons, au parking du Bassin Bleu \u00e0 Gourbeyre, la g\u00e9olocalisation vous est \u00e9videmment envoy\u00e9e ! Nous allons vous \u00e9quiper d&#8217;un \u00e9quipement sp\u00e9cifiques n\u00e9cessaire au canyon de Ravine Chaude et m\u00eame si vous \u00eates en Guadeloupe, la combinaison n\u00e9opr\u00e8ne longue est n\u00e9cessaire.<\/p>\n<p><u><b>Activit\u00e9 :<\/b><\/u><br \/>\nLe canyoning d\u00e9bute d&#8217;abord par une marche d&#8217;approche de 45 minutes environ en for\u00eat tropicale. Et nous voici\u00a0 au point de d\u00e9part, n&#8217;attendons plus pour commencer ! Nous avons 3h00 devant nous, des descentes en rappel, sauts et encore des toboggans. Les sauts ne sont pas obligatoires ou peuvent \u00eatre r\u00e9p\u00e9t\u00e9s. Enfin, nous terminons le canyoning de Ravine Chaude en Guadeloupe par un saut dans le Bassin Bleu de Gourbeyre.<\/p>\n<p><u><b>Arriv\u00e9e :\u00a0<\/b><\/u><br \/>\nEt enfin, c&#8217;est apr\u00e8s 15 minutes de marche retour que nous arrivons au parking du Bassin Bleu de Gourbeyre en Guadeloupe notre point de d\u00e9part. Sans aucun doute, vous nous quittez la t\u00eate pleine de souvenirs !<\/p>\n<p>&nbsp;<\/p>\n<p><b>Informations sur le parcours<\/b><\/p>\n<ul>\n<li>Rivi\u00e8re : rivi\u00e8re du Galion Bassin Bleu de Gourbeyre (difficult\u00e9 technique : mod\u00e9r\u00e9e)<\/li>\n<li>Itin\u00e9raire : de Rivi\u00e8re Ravine Chaude \u00e0 Bassin Bleu Dur\u00e9e totale : 4 h<\/li>\n<li>Temps pass\u00e9 dans le canyon : 3 h 00<\/li>\n<li>Hauteur de rappel : jusqu&#8217;\u00e0 15 m<\/li>\n<\/ul>\n<p>&nbsp;<\/p>\n<p><b>Services inclus<\/b><\/p>\n<ul>\n<li>\u00c9quipement de canyoning complet (combinaison n\u00e9opr\u00e8ne longue, casque, chaussures du 36 au 46)<\/li>\n<li>Baudrier et mat\u00e9riel\u00a0 de canyon<\/li>\n<li>Guide de canyoning certifi\u00e9<\/li>\n<\/ul>\n<p>&nbsp;<\/p>\n<p><b>\u00c0 apporter<\/b><\/p>\n<ul>\n<li>Maillot de bain<\/li>\n<li>Chaussures de sports si votre pointure est en dehors du 36 au 46<\/li>\n<li>Serviette<\/li>\n<li>Cordon pour lunettes<\/li>\n<li>Eau<\/li>\n<\/ul>\n<p>&nbsp;<\/p>\n<p><b>Conditions<\/b><\/p>\n<ul>\n<li>\u00c2ge minimum : 12 ans<\/li>\n<li>Bonne Aptitude physique<\/li>\n<li>Savoir nager<\/li>\n<\/ul>\n<p>&nbsp;<\/p>\n<p>En raison d&#8217;une mauvaise m\u00e9t\u00e9o, il se peut que l&#8217;on vous propose une autre date ou un remboursement (rare, mais \u00e7a arrive !)<\/p>\n","protected":false},"excerpt":{"rendered":"<p><!--more-->R\u00e9servez le Canyoning de Ravine Chaude, 5 descentes en rappels, des Sauts des Toboggans pour un plein de sensations fraiches et toniques<\/p>\n","protected":false},"featured_media":2421,"template":"","meta":[],"product_cat":[24],"product_tag":[127,126],"class_list":{"0":"post-1585","1":"product","2":"type-product","3":"status-publish","4":"has-post-thumbnail","6":"product_cat-canyoning-guadeloupe","7":"product_tag-canyoning-vert-niveau-facile","8":"product_tag-randonnee-bleu-niveau-moyen","10":"first","11":"instock","12":"virtual","13":"sold-individually","14":"taxable","15":"purchasable","16":"product-type-booking"},"yoast_head":"<!-- This site is optimized with the Yoast SEO Premium plugin v25.3.1 (Yoast SEO v25.3.1) - https:\/\/yoast.com\/wordpress\/plugins\/seo\/ -->\n<title>Canyoning Ravine Chaude en Guadeloupe : Idyllique et Excitant - Vert Intense<\/title>\n<meta name=\"description\" content=\"Venez d\u00e9couvrir les joies du canyoning Ravine Chaude en Guadeloupe. Sauts, toboggans et rappels vous attendent pour des sensations inoubliables !\" \/>\n<meta name=\"robots\" content=\"index, follow, max-snippet:-1, max-image-preview:large, max-video-preview:-1\" \/>\n<link rel=\"canonical\" href=\"https:\/\/www.vert-intense.com\/fr\/activite-guadeloupe\/canyoning-guadeloupe\/canyoning-ravine-chaude-guadeloupe\/\" \/>\n<meta property=\"og:locale\" content=\"fr_FR\" \/>\n<meta property=\"og:type\" content=\"article\" \/>\n<meta property=\"og:title\" content=\"Canyoning Ravine Chaude\" \/>\n<meta property=\"og:description\" content=\"Venez d\u00e9couvrir les joies du canyoning Ravine Chaude en Guadeloupe. Sauts, toboggans et rappels vous attendent pour des sensations inoubliables !\" \/>\n<meta property=\"og:url\" content=\"https:\/\/www.vert-intense.com\/fr\/activite-guadeloupe\/canyoning-guadeloupe\/canyoning-ravine-chaude-guadeloupe\/\" \/>\n<meta property=\"og:site_name\" content=\"Vert Intense\" \/>\n<meta property=\"article:publisher\" content=\"https:\/\/www.facebook.com\/vertintense\" \/>\n<meta property=\"article:modified_time\" content=\"2026-04-28T17:46:22+00:00\" \/>\n<meta property=\"og:image\" content=\"https:\/\/www.vert-intense.com\/wp-content\/uploads\/2023\/11\/ravinechaude002-bis.jpg\" \/>\n\t<meta property=\"og:image:width\" content=\"1300\" \/>\n\t<meta property=\"og:image:height\" content=\"977\" \/>\n\t<meta property=\"og:image:type\" content=\"image\/jpeg\" \/>\n<meta name=\"twitter:card\" content=\"summary_large_image\" \/>\n<meta name=\"twitter:label1\" content=\"Prix\" \/>\n\t<meta name=\"twitter:data1\" content=\"65&euro;\" \/>\n\t<meta name=\"twitter:label2\" content=\"Disponibilit\u00e9\" \/>\n\t<meta name=\"twitter:data2\" content=\"En stock\" \/>\n<script type=\"application\/ld+json\" class=\"yoast-schema-graph\">{\"@context\":\"https:\/\/schema.org\",\"@graph\":[{\"@type\":\"WebPage\",\"@id\":\"https:\/\/www.vert-intense.com\/activite-guadeloupe\/canyoning-guadeloupe\/canyoning-ravine-chaude-guadeloupe\/\",\"url\":\"https:\/\/www.vert-intense.com\/activite-guadeloupe\/canyoning-guadeloupe\/canyoning-ravine-chaude-guadeloupe\/\",\"name\":\"Canyoning Ravine Chaude en Guadeloupe : Idyllique et Excitant - Vert Intense\",\"isPartOf\":{\"@id\":\"https:\/\/www.vert-intense.com\/#website\"},\"primaryImageOfPage\":{\"@id\":\"https:\/\/www.vert-intense.com\/activite-guadeloupe\/canyoning-guadeloupe\/canyoning-ravine-chaude-guadeloupe\/#primaryimage\"},\"image\":{\"@id\":\"https:\/\/www.vert-intense.com\/activite-guadeloupe\/canyoning-guadeloupe\/canyoning-ravine-chaude-guadeloupe\/#primaryimage\"},\"thumbnailUrl\":\"https:\/\/i0.wp.com\/www.vert-intense.com\/wp-content\/uploads\/2023\/11\/ravinechaude002-bis.jpg?fit=1300%2C977&ssl=1\",\"datePublished\":\"2023-08-01T13:41:05+00:00\",\"dateModified\":\"2026-04-28T17:46:22+00:00\",\"description\":\"Venez d\u00e9couvrir les joies du canyoning Ravine Chaude en Guadeloupe. Sauts, toboggans et rappels vous attendent pour des sensations inoubliables !\",\"breadcrumb\":{\"@id\":\"https:\/\/www.vert-intense.com\/activite-guadeloupe\/canyoning-guadeloupe\/canyoning-ravine-chaude-guadeloupe\/#breadcrumb\"},\"inLanguage\":\"fr-FR\",\"potentialAction\":[{\"@type\":\"ReadAction\",\"target\":[\"https:\/\/www.vert-intense.com\/activite-guadeloupe\/canyoning-guadeloupe\/canyoning-ravine-chaude-guadeloupe\/\"]}]},{\"@type\":\"ImageObject\",\"inLanguage\":\"fr-FR\",\"@id\":\"https:\/\/www.vert-intense.com\/activite-guadeloupe\/canyoning-guadeloupe\/canyoning-ravine-chaude-guadeloupe\/#primaryimage\",\"url\":\"https:\/\/i0.wp.com\/www.vert-intense.com\/wp-content\/uploads\/2023\/11\/ravinechaude002-bis.jpg?fit=1300%2C977&ssl=1\",\"contentUrl\":\"https:\/\/i0.wp.com\/www.vert-intense.com\/wp-content\/uploads\/2023\/11\/ravinechaude002-bis.jpg?fit=1300%2C977&ssl=1\",\"width\":1300,\"height\":977,\"caption\":\"descente en rappel canyon Ravine Chaude\"},{\"@type\":\"BreadcrumbList\",\"@id\":\"https:\/\/www.vert-intense.com\/activite-guadeloupe\/canyoning-guadeloupe\/canyoning-ravine-chaude-guadeloupe\/#breadcrumb\",\"itemListElement\":[{\"@type\":\"ListItem\",\"position\":1,\"name\":\"Accueil\",\"item\":\"https:\/\/www.vert-intense.com\/\"},{\"@type\":\"ListItem\",\"position\":2,\"name\":\"Activit\u00e9s nature en Guadeloupe\",\"item\":\"https:\/\/www.vert-intense.com\/\"},{\"@type\":\"ListItem\",\"position\":3,\"name\":\"Canyoning Ravine Chaude\"}]},{\"@type\":\"WebSite\",\"@id\":\"https:\/\/www.vert-intense.com\/#website\",\"url\":\"https:\/\/www.vert-intense.com\/\",\"name\":\"Vert-Intense\",\"description\":\"R\u00e9servez vos activit\u00e9s d\u00e9couvertes en Guadeloupe\",\"publisher\":{\"@id\":\"https:\/\/www.vert-intense.com\/#organization\"},\"potentialAction\":[{\"@type\":\"SearchAction\",\"target\":{\"@type\":\"EntryPoint\",\"urlTemplate\":\"https:\/\/www.vert-intense.com\/?s={search_term_string}\"},\"query-input\":{\"@type\":\"PropertyValueSpecification\",\"valueRequired\":true,\"valueName\":\"search_term_string\"}}],\"inLanguage\":\"fr-FR\"},{\"@type\":\"Organization\",\"@id\":\"https:\/\/www.vert-intense.com\/#organization\",\"name\":\"Vert-Intense\",\"url\":\"https:\/\/www.vert-intense.com\/\",\"logo\":{\"@type\":\"ImageObject\",\"inLanguage\":\"fr-FR\",\"@id\":\"https:\/\/www.vert-intense.com\/#\/schema\/logo\/image\/\",\"url\":\"https:\/\/i0.wp.com\/www.vert-intense.com\/wp-content\/uploads\/2023\/07\/logo.png?fit=960%2C960&ssl=1\",\"contentUrl\":\"https:\/\/i0.wp.com\/www.vert-intense.com\/wp-content\/uploads\/2023\/07\/logo.png?fit=960%2C960&ssl=1\",\"width\":960,\"height\":960,\"caption\":\"Vert-Intense\"},\"image\":{\"@id\":\"https:\/\/www.vert-intense.com\/#\/schema\/logo\/image\/\"},\"sameAs\":[\"https:\/\/www.facebook.com\/vertintense\",\"https:\/\/www.tripadvisor.fr\/Attraction_Review-g1644623-d1649481-Reviews-Vert_Intense-Saint_Claude_Basse_Terre_Island_Guadeloupe.html\",\"https:\/\/www.tiktok.com\/@vertintense\",\"https:\/\/www.instagram.com\/vertintenseguadeloupe\/\",\"https:\/\/www.youtube.com\/channel\/UCRymXR1Pa7n50AOgFy9n3bA\"]}]}<\/script>\n<meta property=\"product:price:amount\" content=\"65\" \/>\n<meta property=\"product:price:currency\" content=\"EUR\" \/>\n<meta property=\"og:availability\" content=\"instock\" \/>\n<meta property=\"product:availability\" content=\"instock\" \/>\n<meta property=\"product:condition\" content=\"new\" \/>\n<!-- \/ Yoast SEO Premium plugin. -->","yoast_head_json":{"title":"Canyoning Ravine Chaude en Guadeloupe : Idyllique et Excitant - Vert Intense","description":"Venez d\u00e9couvrir les joies du canyoning Ravine Chaude en Guadeloupe. Sauts, toboggans et rappels vous attendent pour des sensations inoubliables !","robots":{"index":"index","follow":"follow","max-snippet":"max-snippet:-1","max-image-preview":"max-image-preview:large","max-video-preview":"max-video-preview:-1"},"canonical":"https:\/\/www.vert-intense.com\/fr\/activite-guadeloupe\/canyoning-guadeloupe\/canyoning-ravine-chaude-guadeloupe\/","og_locale":"fr_FR","og_type":"article","og_title":"Canyoning Ravine Chaude","og_description":"Venez d\u00e9couvrir les joies du canyoning Ravine Chaude en Guadeloupe. Sauts, toboggans et rappels vous attendent pour des sensations inoubliables !","og_url":"https:\/\/www.vert-intense.com\/fr\/activite-guadeloupe\/canyoning-guadeloupe\/canyoning-ravine-chaude-guadeloupe\/","og_site_name":"Vert Intense","article_publisher":"https:\/\/www.facebook.com\/vertintense","article_modified_time":"2026-04-28T17:46:22+00:00","og_image":[{"width":1300,"height":977,"url":"https:\/\/www.vert-intense.com\/wp-content\/uploads\/2023\/11\/ravinechaude002-bis.jpg","type":"image\/jpeg"}],"twitter_card":"summary_large_image","twitter_misc":{"Prix":"65&euro;","Disponibilit\u00e9":"En stock"},"schema":{"@context":"https:\/\/schema.org","@graph":[{"@type":"WebPage","@id":"https:\/\/www.vert-intense.com\/activite-guadeloupe\/canyoning-guadeloupe\/canyoning-ravine-chaude-guadeloupe\/","url":"https:\/\/www.vert-intense.com\/activite-guadeloupe\/canyoning-guadeloupe\/canyoning-ravine-chaude-guadeloupe\/","name":"Canyoning Ravine Chaude en Guadeloupe : Idyllique et Excitant - Vert Intense","isPartOf":{"@id":"https:\/\/www.vert-intense.com\/#website"},"primaryImageOfPage":{"@id":"https:\/\/www.vert-intense.com\/activite-guadeloupe\/canyoning-guadeloupe\/canyoning-ravine-chaude-guadeloupe\/#primaryimage"},"image":{"@id":"https:\/\/www.vert-intense.com\/activite-guadeloupe\/canyoning-guadeloupe\/canyoning-ravine-chaude-guadeloupe\/#primaryimage"},"thumbnailUrl":"https:\/\/i0.wp.com\/www.vert-intense.com\/wp-content\/uploads\/2023\/11\/ravinechaude002-bis.jpg?fit=1300%2C977&ssl=1","datePublished":"2023-08-01T13:41:05+00:00","dateModified":"2026-04-28T17:46:22+00:00","description":"Venez d\u00e9couvrir les joies du canyoning Ravine Chaude en Guadeloupe. Sauts, toboggans et rappels vous attendent pour des sensations inoubliables !","breadcrumb":{"@id":"https:\/\/www.vert-intense.com\/activite-guadeloupe\/canyoning-guadeloupe\/canyoning-ravine-chaude-guadeloupe\/#breadcrumb"},"inLanguage":"fr-FR","potentialAction":[{"@type":"ReadAction","target":["https:\/\/www.vert-intense.com\/activite-guadeloupe\/canyoning-guadeloupe\/canyoning-ravine-chaude-guadeloupe\/"]}]},{"@type":"ImageObject","inLanguage":"fr-FR","@id":"https:\/\/www.vert-intense.com\/activite-guadeloupe\/canyoning-guadeloupe\/canyoning-ravine-chaude-guadeloupe\/#primaryimage","url":"https:\/\/i0.wp.com\/www.vert-intense.com\/wp-content\/uploads\/2023\/11\/ravinechaude002-bis.jpg?fit=1300%2C977&ssl=1","contentUrl":"https:\/\/i0.wp.com\/www.vert-intense.com\/wp-content\/uploads\/2023\/11\/ravinechaude002-bis.jpg?fit=1300%2C977&ssl=1","width":1300,"height":977,"caption":"descente en rappel canyon Ravine Chaude"},{"@type":"BreadcrumbList","@id":"https:\/\/www.vert-intense.com\/activite-guadeloupe\/canyoning-guadeloupe\/canyoning-ravine-chaude-guadeloupe\/#breadcrumb","itemListElement":[{"@type":"ListItem","position":1,"name":"Accueil","item":"https:\/\/www.vert-intense.com\/"},{"@type":"ListItem","position":2,"name":"Activit\u00e9s nature en Guadeloupe","item":"https:\/\/www.vert-intense.com\/"},{"@type":"ListItem","position":3,"name":"Canyoning Ravine Chaude"}]},{"@type":"WebSite","@id":"https:\/\/www.vert-intense.com\/#website","url":"https:\/\/www.vert-intense.com\/","name":"Vert-Intense","description":"R\u00e9servez vos activit\u00e9s d\u00e9couvertes en Guadeloupe","publisher":{"@id":"https:\/\/www.vert-intense.com\/#organization"},"potentialAction":[{"@type":"SearchAction","target":{"@type":"EntryPoint","urlTemplate":"https:\/\/www.vert-intense.com\/?s={search_term_string}"},"query-input":{"@type":"PropertyValueSpecification","valueRequired":true,"valueName":"search_term_string"}}],"inLanguage":"fr-FR"},{"@type":"Organization","@id":"https:\/\/www.vert-intense.com\/#organization","name":"Vert-Intense","url":"https:\/\/www.vert-intense.com\/","logo":{"@type":"ImageObject","inLanguage":"fr-FR","@id":"https:\/\/www.vert-intense.com\/#\/schema\/logo\/image\/","url":"https:\/\/i0.wp.com\/www.vert-intense.com\/wp-content\/uploads\/2023\/07\/logo.png?fit=960%2C960&ssl=1","contentUrl":"https:\/\/i0.wp.com\/www.vert-intense.com\/wp-content\/uploads\/2023\/07\/logo.png?fit=960%2C960&ssl=1","width":960,"height":960,"caption":"Vert-Intense"},"image":{"@id":"https:\/\/www.vert-intense.com\/#\/schema\/logo\/image\/"},"sameAs":["https:\/\/www.facebook.com\/vertintense","https:\/\/www.tripadvisor.fr\/Attraction_Review-g1644623-d1649481-Reviews-Vert_Intense-Saint_Claude_Basse_Terre_Island_Guadeloupe.html","https:\/\/www.tiktok.com\/@vertintense","https:\/\/www.instagram.com\/vertintenseguadeloupe\/","https:\/\/www.youtube.com\/channel\/UCRymXR1Pa7n50AOgFy9n3bA"]}]},"product_price_amount":"65","product_price_currency":"EUR","og_availability":"instock","product_availability":"instock","product_condition":"new"},"jetpack_sharing_enabled":true,"_links":{"self":[{"href":"https:\/\/www.vert-intense.com\/fr\/wp-json\/wp\/v2\/product\/1585"}],"collection":[{"href":"https:\/\/www.vert-intense.com\/fr\/wp-json\/wp\/v2\/product"}],"about":[{"href":"https:\/\/www.vert-intense.com\/fr\/wp-json\/wp\/v2\/types\/product"}],"wp:featuredmedia":[{"embeddable":true,"href":"https:\/\/www.vert-intense.com\/fr\/wp-json\/wp\/v2\/media\/2421"}],"wp:attachment":[{"href":"https:\/\/www.vert-intense.com\/fr\/wp-json\/wp\/v2\/media?parent=1585"}],"wp:term":[{"taxonomy":"product_cat","embeddable":true,"href":"https:\/\/www.vert-intense.com\/fr\/wp-json\/wp\/v2\/product_cat?post=1585"},{"taxonomy":"product_tag","embeddable":true,"href":"https:\/\/www.vert-intense.com\/fr\/wp-json\/wp\/v2\/product_tag?post=1585"}],"curies":[{"name":"wp","href":"https:\/\/api.w.org\/{rel}","templated":true}]}}