{"id":1569,"date":"2023-07-26T16:02:14","date_gmt":"2023-07-26T14:02:14","guid":{"rendered":"http:\/\/xedhqzi.cluster100.hosting.ovh.net\/?post_type=product&#038;p=1569"},"modified":"2026-02-13T07:18:04","modified_gmt":"2026-02-13T11:18:04","slug":"randonnee-aquatique","status":"publish","type":"product","link":"https:\/\/www.vert-intense.com\/fr\/activite-guadeloupe\/canyoning-guadeloupe\/randonnee-aquatique\/","title":{"rendered":"Randonn\u00e9e aquatique"},"content":{"rendered":"<h3 style=\"text-align: center;\"><b>Randonn\u00e9e aquatique de Acomat en Guadeloupe<\/b><\/h3>\n<p>&nbsp;<\/p>\n<p>Venez vous initiez au canyoning avec la randonn\u00e9e aquatique de Acomat en Guadeloupe. Sauts et toboggans vous attendent pour une d\u00e9couverte inoubliable !<\/p>\n<p>La randonn\u00e9e aquatique de Acomat en Guadeloupe se situe sur la commune de Pointe-Noire. Descendez le lit de la rivi\u00e8re Grande Plaine en enchainant des sauts et des toboggans, pour le plus grand plaisir des enfants. Le parcours est aquatique et offre de jolies sensations. Un tr\u00e8s bon choix pour une sortie en famille. Alors plus d&#8217;h\u00e9sitation, r\u00e9servez pour passer un moment inoubliable !<\/p>\n<h4><\/h4>\n<h4><b>D\u00e9roulement\u00a0<\/b><\/h4>\n<p>&nbsp;<\/p>\n<p><u><b>Pr\u00e9paration :<\/b><\/u><\/p>\n<p>Pour commencer, nous vous attendons sur le parking en face de la Maison du Cacao entre Bouillante et Pointe-Noire, la g\u00e9olocalisation vous est \u00e9videmment envoy\u00e9e ! Et en quelques minutes de voiture, nous atteignons les hauteurs de Acomat. Une fois la haut nous allons vous \u00e9quiper d&#8217;un \u00e9quipement sp\u00e9cifiques n\u00e9cessaire \u00e0 la randonn\u00e9e aquatique de Acomat et m\u00eame si vous \u00eates en Guadeloupe, une combinaison n\u00e9opr\u00e8ne longue est n\u00e9cessaire.<\/p>\n<p><u><b>Activit\u00e9:<\/b><\/u><\/p>\n<p>La randonn\u00e9e aquatique commence d&#8217;abord par une marche d&#8217;approche de 20 minutes dans la for\u00eat. Nous voici arrivons au point de d\u00e9part de la randonn\u00e9e aquatique. Ensuite, 2 h de descente dans la rivi\u00e8re dans un magnifique canyon nous attendent. La randonn\u00e9e aquatique est ludique : nage, marche, sauts et toboggans. Les sauts ne sont pas obligatoires ou peuvent \u00eatre r\u00e9p\u00e9t\u00e9s. Et nous terminons notre excursion dans le Saut d&#8217;Acomat.<\/p>\n<p><u><b>Arriv\u00e9e :<\/b><\/u><\/p>\n<p>Et pour finir une petite marche retour de 10 minutes jusqu&#8217;\u00e0 la voiture, la t\u00eate pleine de souvenirs de cette randonn\u00e9e aquatique !<\/p>\n<h4><\/h4>\n<h4><b>Informations sur le parcours\u00a0<\/b><\/h4>\n<ul>\n<li>Rivi\u00e8re : rivi\u00e8re Grande Plaine (difficult\u00e9 technique : mod\u00e9r\u00e9e)<\/li>\n<li>Description : parcours facile avec marche en rivi\u00e8re, peu de d\u00e9nivel\u00e9e mais des passages techniques<\/li>\n<li>Itin\u00e9raire :\u00a0 hauteurs Acomat vers saut d&#8217;Acomat<\/li>\n<li>Dur\u00e9e totale : 3 h<\/li>\n<li>Temps pass\u00e9 dans le canyon : 2 h 00<\/li>\n<li>Hauteur de rappel : Aucun rappel<\/li>\n<\/ul>\n<p>&nbsp;<\/p>\n<h4><b>Services inclus<\/b><\/h4>\n<ul>\n<li>\u00c9quipement de canyoning (combinaison n\u00e9opr\u00e8ne longue, casque)<\/li>\n<li>Guide de canyoning certifi\u00e9<\/li>\n<\/ul>\n<p>&nbsp;<\/p>\n<h4><b>\u00c0 apporter<\/b><\/h4>\n<ul>\n<li>Maillot de bain<\/li>\n<li>chaussures de sport type basket<\/li>\n<li>Serviette pour le retour<\/li>\n<li>cordon pour lunettes<\/li>\n<li>bouteille ou gourde d&#8217;eau<\/li>\n<\/ul>\n<p>&nbsp;<\/p>\n<h4><b>Conditions<\/b><\/h4>\n<ul>\n<li>\u00c2ge minimum : 8 ans<\/li>\n<li>Aptitude physique<\/li>\n<li>Savoir nager<\/li>\n<\/ul>\n<p>&nbsp;<\/p>\n<p>En raison d\u2019une mauvaise m\u00e9t\u00e9o, il se peut que l\u2019on vous propose une autre date ou un remboursement (rare, mais \u00e7a arrive !)<\/p>\n","protected":false},"excerpt":{"rendered":"<p class=\"ai-optimize-23\">R\u00e9servez\u00a0 la randonn\u00e9e aquatique de Acomat en Guadeloupe et initiez vous au canyoning. Sauts et toboggans vous attendent pour une d\u00e9couverte inoubliable !<\/p>\n","protected":false},"featured_media":2379,"template":"","meta":[],"product_cat":[24],"product_tag":[125,127,126],"class_list":{"0":"post-1569","1":"product","2":"type-product","3":"status-publish","4":"has-post-thumbnail","6":"product_cat-canyoning-guadeloupe","7":"product_tag-canyoning-bleu-niveau-moyen","8":"product_tag-canyoning-vert-niveau-facile","9":"product_tag-randonnee-bleu-niveau-moyen","11":"first","12":"instock","13":"virtual","14":"sold-individually","15":"taxable","16":"purchasable","17":"product-type-booking"},"yoast_head":"<!-- This site is optimized with the Yoast SEO Premium plugin v25.3.1 (Yoast SEO v25.3.1) - https:\/\/yoast.com\/wordpress\/plugins\/seo\/ -->\n<title>Randonn\u00e9e Aquatique Acomat en Guadeloupe: Plaisir pour Tous<\/title>\n<meta name=\"description\" content=\"Venez vous initiez au canyoning avec la randonn\u00e9e aquatique de Acomat en Guadeloupe. Sauts et toboggans vous attendent pour une d\u00e9couverte inoubliable !\" \/>\n<meta name=\"robots\" content=\"index, follow, max-snippet:-1, max-image-preview:large, max-video-preview:-1\" \/>\n<link rel=\"canonical\" href=\"https:\/\/www.vert-intense.com\/fr\/activite-guadeloupe\/canyoning-guadeloupe\/randonnee-aquatique\/\" \/>\n<meta property=\"og:locale\" content=\"fr_FR\" \/>\n<meta property=\"og:type\" content=\"article\" \/>\n<meta property=\"og:title\" content=\"Randonn\u00e9e aquatique\" \/>\n<meta property=\"og:description\" content=\"Venez vous initiez au canyoning avec la randonn\u00e9e aquatique de Acomat en Guadeloupe. Sauts et toboggans vous attendent pour une d\u00e9couverte inoubliable !\" \/>\n<meta property=\"og:url\" content=\"https:\/\/www.vert-intense.com\/fr\/activite-guadeloupe\/canyoning-guadeloupe\/randonnee-aquatique\/\" \/>\n<meta property=\"og:site_name\" content=\"Vert Intense\" \/>\n<meta property=\"article:publisher\" content=\"https:\/\/www.facebook.com\/vertintense\" \/>\n<meta property=\"article:modified_time\" content=\"2026-02-13T11:18:04+00:00\" \/>\n<meta property=\"og:image\" content=\"https:\/\/www.vert-intense.com\/wp-content\/uploads\/2023\/07\/acomat003-e1700261828476.jpg\" \/>\n\t<meta property=\"og:image:width\" content=\"1200\" \/>\n\t<meta property=\"og:image:height\" content=\"902\" \/>\n\t<meta property=\"og:image:type\" content=\"image\/jpeg\" \/>\n<meta name=\"twitter:card\" content=\"summary_large_image\" \/>\n<meta name=\"twitter:label1\" content=\"Prix\" \/>\n\t<meta name=\"twitter:data1\" content=\"45&euro;\" \/>\n\t<meta name=\"twitter:label2\" content=\"Disponibilit\u00e9\" \/>\n\t<meta name=\"twitter:data2\" content=\"En stock\" \/>\n<script type=\"application\/ld+json\" class=\"yoast-schema-graph\">{\"@context\":\"https:\/\/schema.org\",\"@graph\":[{\"@type\":\"WebPage\",\"@id\":\"https:\/\/www.vert-intense.com\/activite-guadeloupe\/canyoning-guadeloupe\/randonnee-aquatique\/\",\"url\":\"https:\/\/www.vert-intense.com\/activite-guadeloupe\/canyoning-guadeloupe\/randonnee-aquatique\/\",\"name\":\"Randonn\u00e9e Aquatique Acomat en Guadeloupe: Plaisir pour Tous\",\"isPartOf\":{\"@id\":\"https:\/\/www.vert-intense.com\/#website\"},\"primaryImageOfPage\":{\"@id\":\"https:\/\/www.vert-intense.com\/activite-guadeloupe\/canyoning-guadeloupe\/randonnee-aquatique\/#primaryimage\"},\"image\":{\"@id\":\"https:\/\/www.vert-intense.com\/activite-guadeloupe\/canyoning-guadeloupe\/randonnee-aquatique\/#primaryimage\"},\"thumbnailUrl\":\"https:\/\/i0.wp.com\/www.vert-intense.com\/wp-content\/uploads\/2023\/07\/acomat003-e1700261828476.jpg?fit=1200%2C902&ssl=1\",\"datePublished\":\"2023-07-26T14:02:14+00:00\",\"dateModified\":\"2026-02-13T11:18:04+00:00\",\"description\":\"Venez vous initiez au canyoning avec la randonn\u00e9e aquatique de Acomat en Guadeloupe. Sauts et toboggans vous attendent pour une d\u00e9couverte inoubliable !\",\"breadcrumb\":{\"@id\":\"https:\/\/www.vert-intense.com\/activite-guadeloupe\/canyoning-guadeloupe\/randonnee-aquatique\/#breadcrumb\"},\"inLanguage\":\"fr-FR\",\"potentialAction\":[{\"@type\":\"ReadAction\",\"target\":[\"https:\/\/www.vert-intense.com\/activite-guadeloupe\/canyoning-guadeloupe\/randonnee-aquatique\/\"]}]},{\"@type\":\"ImageObject\",\"inLanguage\":\"fr-FR\",\"@id\":\"https:\/\/www.vert-intense.com\/activite-guadeloupe\/canyoning-guadeloupe\/randonnee-aquatique\/#primaryimage\",\"url\":\"https:\/\/i0.wp.com\/www.vert-intense.com\/wp-content\/uploads\/2023\/07\/acomat003-e1700261828476.jpg?fit=1200%2C902&ssl=1\",\"contentUrl\":\"https:\/\/i0.wp.com\/www.vert-intense.com\/wp-content\/uploads\/2023\/07\/acomat003-e1700261828476.jpg?fit=1200%2C902&ssl=1\",\"width\":1200,\"height\":902,\"caption\":\"randonn\u00e9e aquatique \u00e0 Acomat\"},{\"@type\":\"BreadcrumbList\",\"@id\":\"https:\/\/www.vert-intense.com\/activite-guadeloupe\/canyoning-guadeloupe\/randonnee-aquatique\/#breadcrumb\",\"itemListElement\":[{\"@type\":\"ListItem\",\"position\":1,\"name\":\"Accueil\",\"item\":\"https:\/\/www.vert-intense.com\/\"},{\"@type\":\"ListItem\",\"position\":2,\"name\":\"Activit\u00e9s nature en Guadeloupe\",\"item\":\"https:\/\/www.vert-intense.com\/\"},{\"@type\":\"ListItem\",\"position\":3,\"name\":\"Randonn\u00e9e aquatique\"}]},{\"@type\":\"WebSite\",\"@id\":\"https:\/\/www.vert-intense.com\/#website\",\"url\":\"https:\/\/www.vert-intense.com\/\",\"name\":\"Vert-Intense\",\"description\":\"R\u00e9servez vos activit\u00e9s d\u00e9couvertes en Guadeloupe\",\"publisher\":{\"@id\":\"https:\/\/www.vert-intense.com\/#organization\"},\"potentialAction\":[{\"@type\":\"SearchAction\",\"target\":{\"@type\":\"EntryPoint\",\"urlTemplate\":\"https:\/\/www.vert-intense.com\/?s={search_term_string}\"},\"query-input\":{\"@type\":\"PropertyValueSpecification\",\"valueRequired\":true,\"valueName\":\"search_term_string\"}}],\"inLanguage\":\"fr-FR\"},{\"@type\":\"Organization\",\"@id\":\"https:\/\/www.vert-intense.com\/#organization\",\"name\":\"Vert-Intense\",\"url\":\"https:\/\/www.vert-intense.com\/\",\"logo\":{\"@type\":\"ImageObject\",\"inLanguage\":\"fr-FR\",\"@id\":\"https:\/\/www.vert-intense.com\/#\/schema\/logo\/image\/\",\"url\":\"https:\/\/i0.wp.com\/www.vert-intense.com\/wp-content\/uploads\/2023\/07\/logo.png?fit=960%2C960&ssl=1\",\"contentUrl\":\"https:\/\/i0.wp.com\/www.vert-intense.com\/wp-content\/uploads\/2023\/07\/logo.png?fit=960%2C960&ssl=1\",\"width\":960,\"height\":960,\"caption\":\"Vert-Intense\"},\"image\":{\"@id\":\"https:\/\/www.vert-intense.com\/#\/schema\/logo\/image\/\"},\"sameAs\":[\"https:\/\/www.facebook.com\/vertintense\",\"https:\/\/www.tripadvisor.fr\/Attraction_Review-g1644623-d1649481-Reviews-Vert_Intense-Saint_Claude_Basse_Terre_Island_Guadeloupe.html\",\"https:\/\/www.tiktok.com\/@vertintense\",\"https:\/\/www.instagram.com\/vertintenseguadeloupe\/\",\"https:\/\/www.youtube.com\/channel\/UCRymXR1Pa7n50AOgFy9n3bA\"]}]}<\/script>\n<meta property=\"product:price:amount\" content=\"45\" \/>\n<meta property=\"product:price:currency\" content=\"EUR\" \/>\n<meta property=\"og:availability\" content=\"instock\" \/>\n<meta property=\"product:availability\" content=\"instock\" \/>\n<meta property=\"product:condition\" content=\"new\" \/>\n<!-- \/ Yoast SEO Premium plugin. -->","yoast_head_json":{"title":"Randonn\u00e9e Aquatique Acomat en Guadeloupe: Plaisir pour Tous","description":"Venez vous initiez au canyoning avec la randonn\u00e9e aquatique de Acomat en Guadeloupe. Sauts et toboggans vous attendent pour une d\u00e9couverte inoubliable !","robots":{"index":"index","follow":"follow","max-snippet":"max-snippet:-1","max-image-preview":"max-image-preview:large","max-video-preview":"max-video-preview:-1"},"canonical":"https:\/\/www.vert-intense.com\/fr\/activite-guadeloupe\/canyoning-guadeloupe\/randonnee-aquatique\/","og_locale":"fr_FR","og_type":"article","og_title":"Randonn\u00e9e aquatique","og_description":"Venez vous initiez au canyoning avec la randonn\u00e9e aquatique de Acomat en Guadeloupe. Sauts et toboggans vous attendent pour une d\u00e9couverte inoubliable !","og_url":"https:\/\/www.vert-intense.com\/fr\/activite-guadeloupe\/canyoning-guadeloupe\/randonnee-aquatique\/","og_site_name":"Vert Intense","article_publisher":"https:\/\/www.facebook.com\/vertintense","article_modified_time":"2026-02-13T11:18:04+00:00","og_image":[{"width":1200,"height":902,"url":"https:\/\/www.vert-intense.com\/wp-content\/uploads\/2023\/07\/acomat003-e1700261828476.jpg","type":"image\/jpeg"}],"twitter_card":"summary_large_image","twitter_misc":{"Prix":"45&euro;","Disponibilit\u00e9":"En stock"},"schema":{"@context":"https:\/\/schema.org","@graph":[{"@type":"WebPage","@id":"https:\/\/www.vert-intense.com\/activite-guadeloupe\/canyoning-guadeloupe\/randonnee-aquatique\/","url":"https:\/\/www.vert-intense.com\/activite-guadeloupe\/canyoning-guadeloupe\/randonnee-aquatique\/","name":"Randonn\u00e9e Aquatique Acomat en Guadeloupe: Plaisir pour Tous","isPartOf":{"@id":"https:\/\/www.vert-intense.com\/#website"},"primaryImageOfPage":{"@id":"https:\/\/www.vert-intense.com\/activite-guadeloupe\/canyoning-guadeloupe\/randonnee-aquatique\/#primaryimage"},"image":{"@id":"https:\/\/www.vert-intense.com\/activite-guadeloupe\/canyoning-guadeloupe\/randonnee-aquatique\/#primaryimage"},"thumbnailUrl":"https:\/\/i0.wp.com\/www.vert-intense.com\/wp-content\/uploads\/2023\/07\/acomat003-e1700261828476.jpg?fit=1200%2C902&ssl=1","datePublished":"2023-07-26T14:02:14+00:00","dateModified":"2026-02-13T11:18:04+00:00","description":"Venez vous initiez au canyoning avec la randonn\u00e9e aquatique de Acomat en Guadeloupe. Sauts et toboggans vous attendent pour une d\u00e9couverte inoubliable !","breadcrumb":{"@id":"https:\/\/www.vert-intense.com\/activite-guadeloupe\/canyoning-guadeloupe\/randonnee-aquatique\/#breadcrumb"},"inLanguage":"fr-FR","potentialAction":[{"@type":"ReadAction","target":["https:\/\/www.vert-intense.com\/activite-guadeloupe\/canyoning-guadeloupe\/randonnee-aquatique\/"]}]},{"@type":"ImageObject","inLanguage":"fr-FR","@id":"https:\/\/www.vert-intense.com\/activite-guadeloupe\/canyoning-guadeloupe\/randonnee-aquatique\/#primaryimage","url":"https:\/\/i0.wp.com\/www.vert-intense.com\/wp-content\/uploads\/2023\/07\/acomat003-e1700261828476.jpg?fit=1200%2C902&ssl=1","contentUrl":"https:\/\/i0.wp.com\/www.vert-intense.com\/wp-content\/uploads\/2023\/07\/acomat003-e1700261828476.jpg?fit=1200%2C902&ssl=1","width":1200,"height":902,"caption":"randonn\u00e9e aquatique \u00e0 Acomat"},{"@type":"BreadcrumbList","@id":"https:\/\/www.vert-intense.com\/activite-guadeloupe\/canyoning-guadeloupe\/randonnee-aquatique\/#breadcrumb","itemListElement":[{"@type":"ListItem","position":1,"name":"Accueil","item":"https:\/\/www.vert-intense.com\/"},{"@type":"ListItem","position":2,"name":"Activit\u00e9s nature en Guadeloupe","item":"https:\/\/www.vert-intense.com\/"},{"@type":"ListItem","position":3,"name":"Randonn\u00e9e aquatique"}]},{"@type":"WebSite","@id":"https:\/\/www.vert-intense.com\/#website","url":"https:\/\/www.vert-intense.com\/","name":"Vert-Intense","description":"R\u00e9servez vos activit\u00e9s d\u00e9couvertes en Guadeloupe","publisher":{"@id":"https:\/\/www.vert-intense.com\/#organization"},"potentialAction":[{"@type":"SearchAction","target":{"@type":"EntryPoint","urlTemplate":"https:\/\/www.vert-intense.com\/?s={search_term_string}"},"query-input":{"@type":"PropertyValueSpecification","valueRequired":true,"valueName":"search_term_string"}}],"inLanguage":"fr-FR"},{"@type":"Organization","@id":"https:\/\/www.vert-intense.com\/#organization","name":"Vert-Intense","url":"https:\/\/www.vert-intense.com\/","logo":{"@type":"ImageObject","inLanguage":"fr-FR","@id":"https:\/\/www.vert-intense.com\/#\/schema\/logo\/image\/","url":"https:\/\/i0.wp.com\/www.vert-intense.com\/wp-content\/uploads\/2023\/07\/logo.png?fit=960%2C960&ssl=1","contentUrl":"https:\/\/i0.wp.com\/www.vert-intense.com\/wp-content\/uploads\/2023\/07\/logo.png?fit=960%2C960&ssl=1","width":960,"height":960,"caption":"Vert-Intense"},"image":{"@id":"https:\/\/www.vert-intense.com\/#\/schema\/logo\/image\/"},"sameAs":["https:\/\/www.facebook.com\/vertintense","https:\/\/www.tripadvisor.fr\/Attraction_Review-g1644623-d1649481-Reviews-Vert_Intense-Saint_Claude_Basse_Terre_Island_Guadeloupe.html","https:\/\/www.tiktok.com\/@vertintense","https:\/\/www.instagram.com\/vertintenseguadeloupe\/","https:\/\/www.youtube.com\/channel\/UCRymXR1Pa7n50AOgFy9n3bA"]}]},"product_price_amount":"45","product_price_currency":"EUR","og_availability":"instock","product_availability":"instock","product_condition":"new"},"jetpack_sharing_enabled":true,"_links":{"self":[{"href":"https:\/\/www.vert-intense.com\/fr\/wp-json\/wp\/v2\/product\/1569"}],"collection":[{"href":"https:\/\/www.vert-intense.com\/fr\/wp-json\/wp\/v2\/product"}],"about":[{"href":"https:\/\/www.vert-intense.com\/fr\/wp-json\/wp\/v2\/types\/product"}],"wp:featuredmedia":[{"embeddable":true,"href":"https:\/\/www.vert-intense.com\/fr\/wp-json\/wp\/v2\/media\/2379"}],"wp:attachment":[{"href":"https:\/\/www.vert-intense.com\/fr\/wp-json\/wp\/v2\/media?parent=1569"}],"wp:term":[{"taxonomy":"product_cat","embeddable":true,"href":"https:\/\/www.vert-intense.com\/fr\/wp-json\/wp\/v2\/product_cat?post=1569"},{"taxonomy":"product_tag","embeddable":true,"href":"https:\/\/www.vert-intense.com\/fr\/wp-json\/wp\/v2\/product_tag?post=1569"}],"curies":[{"name":"wp","href":"https:\/\/api.w.org\/{rel}","templated":true}]}}