{"id":6389,"date":"2024-10-06T04:30:42","date_gmt":"2024-10-06T08:30:42","guid":{"rendered":"https:\/\/www.vert-intense.com\/?page_id=6389"},"modified":"2024-10-06T08:30:17","modified_gmt":"2024-10-06T12:30:17","slug":"assurance-vert-intense","status":"publish","type":"page","link":"https:\/\/www.vert-intense.com\/fr\/assurance-vert-intense\/","title":{"rendered":"Assurance Vert Intense"},"content":{"rendered":"\n<h4 class=\"wp-block-heading\" id=\"h-assurances-et-responsabilites\">ASSURANCES ET RESPONSABILIT\u00c9S :<\/h4>\n\n\n\n<p>Le souscripteur r\u00e9servant pour d\u2019autres participants certifie que tous les participants, ou responsables l\u00e9gaux pour les mineurs, ont pris connaissance des conditions d\u2019assurance et de responsabilit\u00e9s suivantes et que chacun les accepte individuellement.<\/p>\n\n\n\n<h4 class=\"wp-block-heading\" id=\"h-diplomes-et-statuts-legaux\">DIPL\u00d4MES ET STATUTS L\u00c9GAUX<\/h4>\n\n\n\n<p>Les guides et moniteurs(trices) de Vert-Intense sont recrut\u00e9(e)s pour leurs qualit\u00e9s professionnelles et humaines.<br>Dipl\u00f4mes requis conform\u00e9ment aux obligations l\u00e9gales :<br>DE canyoning ou escalade (selon l\u2019activit\u00e9)<br>BEES canyoning et escalade<br>AMM &amp; BEES sp\u00e9l\u00e9o + qualification canyoning<\/p>\n\n\n\n<h4 class=\"wp-block-heading\" id=\"h-assurances\">ASSURANCES<\/h4>\n\n\n\n<p>Les guides et moniteur(trice)s de l\u2019\u00e9quipe Vert-Intense sont tout(e)s couvert(e)s en assurance Responsabilit\u00e9 Civile Professionnelle.<br>Cette assurance couvre efficacement l\u2019ensemble des soins m\u00e9dicaux ou hospitaliers, des frais de recherche, de rapatriement et d\u2019indemnit\u00e9s pour les risques dont le professionnel est responsable.<br>Cette assurance ne se substitue pas \u00e0 la responsabilit\u00e9 civile individuelle du Client pour les dommages qu\u2019il causerait \u00e0 lui-m\u00eame ou \u00e0 des tiers, ou qui r\u00e9sulteraient du fait d\u2019un ph\u00e9nom\u00e8ne naturel ext\u00e9rieur.<br>Il revient au(x) client(s) de s\u2019assurer en responsabilit\u00e9 civile individuelle pour la pratique du canyoning et de l\u2019escalade sans limitation de lieu et d\u2019altitude, incluant assistance, recherche, secours et rapatriement.<\/p>\n\n\n\n<h4 class=\"wp-block-heading\" id=\"h-gestion-des-risques\">GESTION DES RISQUES<\/h4>\n\n\n\n<p>\u2013 Les activit\u00e9s propos\u00e9es par Vert-Intense sont des aventures sportives de pleine nature.<br>Chaque participant est conscient de s\u2019engager sur des terrains glissants et escarp\u00e9s et reconnait le caract\u00e8re al\u00e9atoire, changeant et difficilement pr\u00e9visible du terrain de pratique et des conditions m\u00e9t\u00e9orologiques.<br>\u2013 Les participants ont acc\u00e8s sur le site www.vert-intense.com et aupr\u00e8s de leur bureau de r\u00e9servation \u00e0 tous les d\u00e9tails de l\u2019activit\u00e9 dans laquelle ils s\u2019engagent. Ils doivent se renseigner attentivement et ne doivent pas surestimer leurs capacit\u00e9s physiques ou psychologiques ni celles de leurs enfants.<br>\u2013 Pendant l\u2019activit\u00e9, lors du briefing de s\u00e9curit\u00e9 et de chaque passage de consigne, les participants doivent \u00eatre tr\u00e8s attentifs et ne s\u2019engager que s\u2019ils ont bien compris les instructions de leur guide ou moniteur(trice).<br>\u2013 Vert-Intense d\u00e9cline toute responsabilit\u00e9 en cas de perte ou d\u00e9gradation d\u2019objets appartenant au client pendant l\u2019activit\u00e9 : appareils photos, smartphones, cam\u00e9ras, lunettes, verres de contact\u2026<\/p>\n\n\n\n<h4 class=\"wp-block-heading\" id=\"h-contre-indications\">CONTRE-INDICATIONS<\/h4>\n\n\n\n<p>Pour r\u00e9aliser les activit\u00e9s sportives propos\u00e9es par Vert-Intense :<br>Les participants ne doivent avoir aucune contre-indication m\u00e9dicale \u00e0 la pratique des ces activit\u00e9s ni aucun ant\u00e9c\u00e9dent de sant\u00e9 ou op\u00e9ration qui pourraient la rendre dangereuse.<br>Un participant ayant une sp\u00e9cificit\u00e9 de sant\u00e9, un handicap physique ou mental ou un traitement m\u00e9dical doit en informer Vert-Intense lors de la prise de r\u00e9servation afin que le guide puisse organiser sa prestation et offrir les meilleures conditions de confort et de s\u00e9curit\u00e9.<br>Il est impossible d\u2019\u00eatre sous l\u2019effet de l\u2019alcool ou de drogue.<br>Les femmes enceintes sont conscientes d\u2019un risque de l\u00e9sion f\u0153tale grave ou mortelle en cas de chute ou de glissade.<br>Pour la pratique du canyoning, les participants doivent \u00eatre \u00e0 l\u2019aise dans l\u2019eau et d\u00e9signer aupr\u00e8s du guide les adultes ou enfants les moins \u00e0 l\u2019aise.<\/p>\n\n\n\n<h4 class=\"wp-block-heading\" id=\"h-assurance-complementaire\">Assurance compl\u00e9mentaire<\/h4>\n\n\n\n<p>De nombreuses assurances exclues l\u2019activit\u00e9 canyoning de leur garantie, aussi vous pouvez souscrire une assurance multisports individuelle en journ\u00e9e, en cliquant sur le lien (dans le choix du pays, la Guadeloupe est consid\u00e9r\u00e9e comme une destination France) : <br><a href=\"https:\/\/www.assurance-multi-sports.com\/AssuranceSportIndex\" target=\"_blank\" rel=\"noopener\">https:\/\/www.assurance-multi-sports.com\/AssuranceSportIndex<\/a><\/p>\n\n\n\n<div class=\"wp-block-file\"><a id=\"wp-block-file--media-944a1b14-74af-40ec-9793-8ee5dcc88e23\" href=\"https:\/\/www.vert-intense.com\/wp-content\/uploads\/2024\/10\/Notice-information-5923-europeens-07-2020.pdf\">Notice d\u2019informations du contrat multirisques r\u00e9sidents europ\u00e9ens n\u00b05923<\/a><\/div>\n\n\n\n<div class=\"wp-block-file\"><a id=\"wp-block-file--media-47cb241d-a167-4ca5-86b5-b41db492e7ff\" href=\"https:\/\/www.vert-intense.com\/wp-content\/uploads\/2024\/10\/Notice-information-5923-GB-europeens-07-2020.pdf\">Information notice for multi-risk contract for European residents no. 5923<\/a><\/div>\n\n\n\n<div class=\"wp-block-file\"><a id=\"wp-block-file--media-b393977b-5b5c-4a23-ab20-151580ee00c3\" href=\"https:\/\/www.vert-intense.com\/wp-content\/uploads\/2024\/10\/Notice-information-5924-NE-07-2020.pdf\">Notice d\u2019informations du contrat multirisques r\u00e9sidents non europ\u00e9ens n\u00b0 5924<\/a><\/div>\n\n\n\n<div class=\"wp-block-file\"><a id=\"wp-block-file--media-f72650ef-7931-413d-a7fd-cf3908beb759\" href=\"https:\/\/www.vert-intense.com\/wp-content\/uploads\/2024\/10\/Notice-information-5924-NE-GB-07-2020.pdf\">Information notice for multi-risk contract for non-European residents no. 5924<\/a><\/div>\n\n\n\n<p><\/p>\n","protected":false},"excerpt":{"rendered":"<p>ASSURANCES ET RESPONSABILIT\u00c9S : Le souscripteur r\u00e9servant pour d\u2019autres participants certifie que tous les participants, ou responsables l\u00e9gaux pour les mineurs, ont pris connaissance des conditions d\u2019assurance et de responsabilit\u00e9s suivantes et que chacun les accepte individuellement. DIPL\u00d4MES ET STATUTS L\u00c9GAUX Les guides et moniteurs(trices) de Vert-Intense sont recrut\u00e9(e)s pour leurs qualit\u00e9s professionnelles et humaines.Dipl\u00f4mes [&hellip;]<\/p>\n","protected":false},"author":1,"featured_media":0,"parent":0,"menu_order":0,"comment_status":"closed","ping_status":"closed","template":"","meta":{"footnotes":""},"class_list":["post-6389","page","type-page","status-publish","hentry"],"yoast_head":"<!-- This site is optimized with the Yoast SEO Premium plugin v25.3.1 (Yoast SEO v25.3.1) - https:\/\/yoast.com\/wordpress\/plugins\/seo\/ -->\n<title>Assurance Vert Intense - Vert Intense<\/title>\n<meta name=\"robots\" content=\"index, follow, max-snippet:-1, max-image-preview:large, max-video-preview:-1\" \/>\n<link rel=\"canonical\" href=\"https:\/\/www.vert-intense.com\/fr\/assurance-vert-intense\/\" \/>\n<meta property=\"og:locale\" content=\"fr_FR\" \/>\n<meta property=\"og:type\" content=\"article\" \/>\n<meta property=\"og:title\" content=\"Assurance Vert Intense\" \/>\n<meta property=\"og:description\" content=\"ASSURANCES ET RESPONSABILIT\u00c9S : Le souscripteur r\u00e9servant pour d\u2019autres participants certifie que tous les participants, ou responsables l\u00e9gaux pour les mineurs, ont pris connaissance des conditions d\u2019assurance et de responsabilit\u00e9s suivantes et que chacun les accepte individuellement. DIPL\u00d4MES ET STATUTS L\u00c9GAUX Les guides et moniteurs(trices) de Vert-Intense sont recrut\u00e9(e)s pour leurs qualit\u00e9s professionnelles et humaines.Dipl\u00f4mes [&hellip;]\" \/>\n<meta property=\"og:url\" content=\"https:\/\/www.vert-intense.com\/fr\/assurance-vert-intense\/\" \/>\n<meta property=\"og:site_name\" content=\"Vert Intense\" \/>\n<meta property=\"article:publisher\" content=\"https:\/\/www.facebook.com\/vertintense\" \/>\n<meta property=\"article:modified_time\" content=\"2024-10-06T12:30:17+00:00\" \/>\n<meta property=\"og:image\" content=\"https:\/\/i0.wp.com\/www.vert-intense.com\/wp-content\/uploads\/2024\/07\/home.png?fit=1358%2C735&ssl=1\" \/>\n\t<meta property=\"og:image:width\" content=\"1358\" \/>\n\t<meta property=\"og:image:height\" content=\"735\" \/>\n\t<meta property=\"og:image:type\" content=\"image\/png\" \/>\n<meta name=\"twitter:card\" content=\"summary_large_image\" \/>\n<meta name=\"twitter:label1\" content=\"Dur\u00e9e de lecture estim\u00e9e\" \/>\n\t<meta name=\"twitter:data1\" content=\"3 minutes\" \/>\n<script type=\"application\/ld+json\" class=\"yoast-schema-graph\">{\"@context\":\"https:\/\/schema.org\",\"@graph\":[{\"@type\":\"WebPage\",\"@id\":\"https:\/\/www.vert-intense.com\/assurance-vert-intense\/\",\"url\":\"https:\/\/www.vert-intense.com\/assurance-vert-intense\/\",\"name\":\"Assurance Vert Intense - Vert Intense\",\"isPartOf\":{\"@id\":\"https:\/\/www.vert-intense.com\/#website\"},\"datePublished\":\"2024-10-06T08:30:42+00:00\",\"dateModified\":\"2024-10-06T12:30:17+00:00\",\"breadcrumb\":{\"@id\":\"https:\/\/www.vert-intense.com\/assurance-vert-intense\/#breadcrumb\"},\"inLanguage\":\"fr-FR\",\"potentialAction\":[{\"@type\":\"ReadAction\",\"target\":[\"https:\/\/www.vert-intense.com\/assurance-vert-intense\/\"]}]},{\"@type\":\"BreadcrumbList\",\"@id\":\"https:\/\/www.vert-intense.com\/assurance-vert-intense\/#breadcrumb\",\"itemListElement\":[{\"@type\":\"ListItem\",\"position\":1,\"name\":\"Accueil\",\"item\":\"https:\/\/www.vert-intense.com\/\"},{\"@type\":\"ListItem\",\"position\":2,\"name\":\"Assurance Vert Intense\"}]},{\"@type\":\"WebSite\",\"@id\":\"https:\/\/www.vert-intense.com\/#website\",\"url\":\"https:\/\/www.vert-intense.com\/\",\"name\":\"Vert-Intense\",\"description\":\"R\u00e9servez vos activit\u00e9s d\u00e9couvertes en Guadeloupe\",\"publisher\":{\"@id\":\"https:\/\/www.vert-intense.com\/#organization\"},\"potentialAction\":[{\"@type\":\"SearchAction\",\"target\":{\"@type\":\"EntryPoint\",\"urlTemplate\":\"https:\/\/www.vert-intense.com\/?s={search_term_string}\"},\"query-input\":{\"@type\":\"PropertyValueSpecification\",\"valueRequired\":true,\"valueName\":\"search_term_string\"}}],\"inLanguage\":\"fr-FR\"},{\"@type\":\"Organization\",\"@id\":\"https:\/\/www.vert-intense.com\/#organization\",\"name\":\"Vert-Intense\",\"url\":\"https:\/\/www.vert-intense.com\/\",\"logo\":{\"@type\":\"ImageObject\",\"inLanguage\":\"fr-FR\",\"@id\":\"https:\/\/www.vert-intense.com\/#\/schema\/logo\/image\/\",\"url\":\"https:\/\/i0.wp.com\/www.vert-intense.com\/wp-content\/uploads\/2023\/07\/logo.png?fit=960%2C960&ssl=1\",\"contentUrl\":\"https:\/\/i0.wp.com\/www.vert-intense.com\/wp-content\/uploads\/2023\/07\/logo.png?fit=960%2C960&ssl=1\",\"width\":960,\"height\":960,\"caption\":\"Vert-Intense\"},\"image\":{\"@id\":\"https:\/\/www.vert-intense.com\/#\/schema\/logo\/image\/\"},\"sameAs\":[\"https:\/\/www.facebook.com\/vertintense\",\"https:\/\/www.tripadvisor.fr\/Attraction_Review-g1644623-d1649481-Reviews-Vert_Intense-Saint_Claude_Basse_Terre_Island_Guadeloupe.html\",\"https:\/\/www.tiktok.com\/@vertintense\",\"https:\/\/www.instagram.com\/vertintenseguadeloupe\/\",\"https:\/\/www.youtube.com\/channel\/UCRymXR1Pa7n50AOgFy9n3bA\"]}]}<\/script>\n<!-- \/ Yoast SEO Premium plugin. -->","yoast_head_json":{"title":"Assurance Vert Intense - Vert Intense","robots":{"index":"index","follow":"follow","max-snippet":"max-snippet:-1","max-image-preview":"max-image-preview:large","max-video-preview":"max-video-preview:-1"},"canonical":"https:\/\/www.vert-intense.com\/fr\/assurance-vert-intense\/","og_locale":"fr_FR","og_type":"article","og_title":"Assurance Vert Intense","og_description":"ASSURANCES ET RESPONSABILIT\u00c9S : Le souscripteur r\u00e9servant pour d\u2019autres participants certifie que tous les participants, ou responsables l\u00e9gaux pour les mineurs, ont pris connaissance des conditions d\u2019assurance et de responsabilit\u00e9s suivantes et que chacun les accepte individuellement. DIPL\u00d4MES ET STATUTS L\u00c9GAUX Les guides et moniteurs(trices) de Vert-Intense sont recrut\u00e9(e)s pour leurs qualit\u00e9s professionnelles et humaines.Dipl\u00f4mes [&hellip;]","og_url":"https:\/\/www.vert-intense.com\/fr\/assurance-vert-intense\/","og_site_name":"Vert Intense","article_publisher":"https:\/\/www.facebook.com\/vertintense","article_modified_time":"2024-10-06T12:30:17+00:00","og_image":[{"width":1358,"height":735,"url":"https:\/\/i0.wp.com\/www.vert-intense.com\/wp-content\/uploads\/2024\/07\/home.png?fit=1358%2C735&ssl=1","type":"image\/png"}],"twitter_card":"summary_large_image","twitter_misc":{"Dur\u00e9e de lecture estim\u00e9e":"3 minutes"},"schema":{"@context":"https:\/\/schema.org","@graph":[{"@type":"WebPage","@id":"https:\/\/www.vert-intense.com\/assurance-vert-intense\/","url":"https:\/\/www.vert-intense.com\/assurance-vert-intense\/","name":"Assurance Vert Intense - Vert Intense","isPartOf":{"@id":"https:\/\/www.vert-intense.com\/#website"},"datePublished":"2024-10-06T08:30:42+00:00","dateModified":"2024-10-06T12:30:17+00:00","breadcrumb":{"@id":"https:\/\/www.vert-intense.com\/assurance-vert-intense\/#breadcrumb"},"inLanguage":"fr-FR","potentialAction":[{"@type":"ReadAction","target":["https:\/\/www.vert-intense.com\/assurance-vert-intense\/"]}]},{"@type":"BreadcrumbList","@id":"https:\/\/www.vert-intense.com\/assurance-vert-intense\/#breadcrumb","itemListElement":[{"@type":"ListItem","position":1,"name":"Accueil","item":"https:\/\/www.vert-intense.com\/"},{"@type":"ListItem","position":2,"name":"Assurance Vert Intense"}]},{"@type":"WebSite","@id":"https:\/\/www.vert-intense.com\/#website","url":"https:\/\/www.vert-intense.com\/","name":"Vert-Intense","description":"R\u00e9servez vos activit\u00e9s d\u00e9couvertes en Guadeloupe","publisher":{"@id":"https:\/\/www.vert-intense.com\/#organization"},"potentialAction":[{"@type":"SearchAction","target":{"@type":"EntryPoint","urlTemplate":"https:\/\/www.vert-intense.com\/?s={search_term_string}"},"query-input":{"@type":"PropertyValueSpecification","valueRequired":true,"valueName":"search_term_string"}}],"inLanguage":"fr-FR"},{"@type":"Organization","@id":"https:\/\/www.vert-intense.com\/#organization","name":"Vert-Intense","url":"https:\/\/www.vert-intense.com\/","logo":{"@type":"ImageObject","inLanguage":"fr-FR","@id":"https:\/\/www.vert-intense.com\/#\/schema\/logo\/image\/","url":"https:\/\/i0.wp.com\/www.vert-intense.com\/wp-content\/uploads\/2023\/07\/logo.png?fit=960%2C960&ssl=1","contentUrl":"https:\/\/i0.wp.com\/www.vert-intense.com\/wp-content\/uploads\/2023\/07\/logo.png?fit=960%2C960&ssl=1","width":960,"height":960,"caption":"Vert-Intense"},"image":{"@id":"https:\/\/www.vert-intense.com\/#\/schema\/logo\/image\/"},"sameAs":["https:\/\/www.facebook.com\/vertintense","https:\/\/www.tripadvisor.fr\/Attraction_Review-g1644623-d1649481-Reviews-Vert_Intense-Saint_Claude_Basse_Terre_Island_Guadeloupe.html","https:\/\/www.tiktok.com\/@vertintense","https:\/\/www.instagram.com\/vertintenseguadeloupe\/","https:\/\/www.youtube.com\/channel\/UCRymXR1Pa7n50AOgFy9n3bA"]}]}},"jetpack_sharing_enabled":true,"_links":{"self":[{"href":"https:\/\/www.vert-intense.com\/fr\/wp-json\/wp\/v2\/pages\/6389"}],"collection":[{"href":"https:\/\/www.vert-intense.com\/fr\/wp-json\/wp\/v2\/pages"}],"about":[{"href":"https:\/\/www.vert-intense.com\/fr\/wp-json\/wp\/v2\/types\/page"}],"author":[{"embeddable":true,"href":"https:\/\/www.vert-intense.com\/fr\/wp-json\/wp\/v2\/users\/1"}],"replies":[{"embeddable":true,"href":"https:\/\/www.vert-intense.com\/fr\/wp-json\/wp\/v2\/comments?post=6389"}],"version-history":[{"count":3,"href":"https:\/\/www.vert-intense.com\/fr\/wp-json\/wp\/v2\/pages\/6389\/revisions"}],"predecessor-version":[{"id":6408,"href":"https:\/\/www.vert-intense.com\/fr\/wp-json\/wp\/v2\/pages\/6389\/revisions\/6408"}],"wp:attachment":[{"href":"https:\/\/www.vert-intense.com\/fr\/wp-json\/wp\/v2\/media?parent=6389"}],"curies":[{"name":"wp","href":"https:\/\/api.w.org\/{rel}","templated":true}]}}