{"id":1833,"date":"2023-08-09T16:04:02","date_gmt":"2023-08-09T14:04:02","guid":{"rendered":"http:\/\/xedhqzi.cluster100.hosting.ovh.net\/?page_id=1833"},"modified":"2024-10-04T09:14:29","modified_gmt":"2024-10-04T13:14:29","slug":"liens","status":"publish","type":"page","link":"https:\/\/www.vert-intense.com\/fr\/liens\/","title":{"rendered":"Nos partenaires"},"content":{"rendered":"\n<p>Nous sommes heureux de vous faire connaitre et d\u00e9couvrir nos partenaires. B\u00e9n\u00e9ficiez de remises lors de vos r\u00e9servations en cliquant sur leur liens respectifs. De nouveaux partenaires sont attendus tr\u00e8s prochainement pour  vous satisfaire au mieux. <\/p>\n\n\n\n<p>A tr\u00e8s bient\u00f4t sur l&#8217;une des activit\u00e9s Vert Intense ou dans un de nos h\u00e9bergements <\/p>\n\n\n\n<figure class=\"wp-block-image size-full is-resized\"><a href=\"http:\/\/www.alizes-locations.com\/\" target=\"_blank\" rel=\"noreferrer noopener\"><img data-recalc-dims=\"1\" loading=\"lazy\" decoding=\"async\" width=\"600\" height=\"360\" src=\"https:\/\/i0.wp.com\/www.vert-intense.com\/wp-content\/uploads\/2024\/07\/LOGO-ALIZES-LOCATIONS-RECENT-1.jpg?resize=600%2C360&#038;ssl=1\" alt=\"Partenaire Alizes location\" class=\"wp-image-4554\" style=\"width:138px;height:auto\" srcset=\"https:\/\/i0.wp.com\/www.vert-intense.com\/wp-content\/uploads\/2024\/07\/LOGO-ALIZES-LOCATIONS-RECENT-1.jpg?w=600&amp;ssl=1 600w, https:\/\/i0.wp.com\/www.vert-intense.com\/wp-content\/uploads\/2024\/07\/LOGO-ALIZES-LOCATIONS-RECENT-1.jpg?resize=300%2C180&amp;ssl=1 300w, https:\/\/i0.wp.com\/www.vert-intense.com\/wp-content\/uploads\/2024\/07\/LOGO-ALIZES-LOCATIONS-RECENT-1.jpg?resize=18%2C12&amp;ssl=1 18w\" sizes=\"(max-width: 600px) 100vw, 600px\" \/><\/a><\/figure>\n\n\n\n<p>Un clic sur le logo de notre partenaire &#8220;Alizes Location&#8221;. Location de voitures de tourisme et utilitaires sur la Guadeloupe. Utilisez le code : <em>bananes vertes<\/em> pour b\u00e9n\u00e9ficier d&#8217;une remise.<\/p>\n\n\n\n<figure class=\"wp-block-image size-full is-resized\"><a href=\"https:\/\/www.rentacarguadeloupe.fr\/?partenaire=verte14\" target=\"_blank\" rel=\"noreferrer noopener\"><img data-recalc-dims=\"1\" loading=\"lazy\" decoding=\"async\" width=\"630\" height=\"192\" src=\"https:\/\/i0.wp.com\/www.vert-intense.com\/wp-content\/uploads\/2024\/07\/logo-rentacar.jpg?resize=630%2C192&#038;ssl=1\" alt=\"Partenaire Rent a car\" class=\"wp-image-4564\" style=\"width:188px;height:auto\" srcset=\"https:\/\/i0.wp.com\/www.vert-intense.com\/wp-content\/uploads\/2024\/07\/logo-rentacar.jpg?w=630&amp;ssl=1 630w, https:\/\/i0.wp.com\/www.vert-intense.com\/wp-content\/uploads\/2024\/07\/logo-rentacar.jpg?resize=300%2C91&amp;ssl=1 300w, https:\/\/i0.wp.com\/www.vert-intense.com\/wp-content\/uploads\/2024\/07\/logo-rentacar.jpg?resize=18%2C5&amp;ssl=1 18w, https:\/\/i0.wp.com\/www.vert-intense.com\/wp-content\/uploads\/2024\/07\/logo-rentacar.jpg?resize=600%2C183&amp;ssl=1 600w\" sizes=\"(max-width: 630px) 100vw, 630px\" \/><\/a><\/figure>\n\n\n\n<p>Juste un clic sur le logo Rent a Car pour b\u00e9n\u00e9ficier automatiquement de notre remise sur la location de votre voiture pour votre s\u00e9jour en Guadeloupe<\/p>\n\n\n\n<figure class=\"wp-block-image size-large is-resized\"><a href=\"https:\/\/www.auto-discount.fr\/?promo=BARRET22\" target=\"_blank\" rel=\"noreferrer noopener\"><img data-recalc-dims=\"1\" loading=\"lazy\" decoding=\"async\" width=\"1024\" height=\"684\" src=\"https:\/\/i0.wp.com\/www.vert-intense.com\/wp-content\/uploads\/2024\/07\/caption.jpg?resize=1024%2C684&#038;ssl=1\" alt=\"Partenaire Auto Discount\" class=\"wp-image-4566\" style=\"width:124px;height:auto\" srcset=\"https:\/\/i0.wp.com\/www.vert-intense.com\/wp-content\/uploads\/2024\/07\/caption.jpg?resize=1024%2C684&amp;ssl=1 1024w, https:\/\/i0.wp.com\/www.vert-intense.com\/wp-content\/uploads\/2024\/07\/caption.jpg?resize=300%2C200&amp;ssl=1 300w, https:\/\/i0.wp.com\/www.vert-intense.com\/wp-content\/uploads\/2024\/07\/caption.jpg?resize=768%2C513&amp;ssl=1 768w, https:\/\/i0.wp.com\/www.vert-intense.com\/wp-content\/uploads\/2024\/07\/caption.jpg?resize=18%2C12&amp;ssl=1 18w, https:\/\/i0.wp.com\/www.vert-intense.com\/wp-content\/uploads\/2024\/07\/caption.jpg?resize=600%2C401&amp;ssl=1 600w, https:\/\/i0.wp.com\/www.vert-intense.com\/wp-content\/uploads\/2024\/07\/caption.jpg?w=1200&amp;ssl=1 1200w\" sizes=\"(max-width: 1000px) 100vw, 1000px\" \/><\/a><\/figure>\n\n\n\n<p>Un clic sur le logo Auto discount pour b\u00e9n\u00e9ficier de notre remise partenaire  sur  la location de votre voiture.<\/p>\n\n\n\n<h4 class=\"wp-block-heading\" id=\"h-\"><a href=\"https:\/\/www.france-voyage.com\/activites\/loisirs-saint-claude-194613.htm\" target=\"_blank\" rel=\"noopener\"><img data-recalc-dims=\"1\" decoding=\"async\" style=\"border:0\" src=\"https:\/\/i0.wp.com\/www.france-voyage.com\/visuals\/pro\/label.gif?ssl=1\" alt=\"Activit\u00e9 de loisirs en Guadeloupe\"><\/a><\/h4>\n\n\n\n<p>Faites le pleins d informations touristiques en un clic sur le logo France voyages<\/p>\n\n\n\n<p><\/p>\n","protected":false},"excerpt":{"rendered":"<p>Nous sommes heureux de vous faire connaitre et d\u00e9couvrir nos partenaires. B\u00e9n\u00e9ficiez de remises lors de vos r\u00e9servations en cliquant sur leur liens respectifs. De nouveaux partenaires sont attendus tr\u00e8s prochainement pour vous satisfaire au mieux. A tr\u00e8s bient\u00f4t sur l&#8217;une des activit\u00e9s Vert Intense ou dans un de nos h\u00e9bergements Un clic sur le [&hellip;]<\/p>\n","protected":false},"author":1,"featured_media":0,"parent":0,"menu_order":0,"comment_status":"closed","ping_status":"closed","template":"","meta":{"footnotes":""},"class_list":["post-1833","page","type-page","status-publish","hentry"],"yoast_head":"<!-- This site is optimized with the Yoast SEO Premium plugin v25.3.1 (Yoast SEO v25.3.1) - https:\/\/yoast.com\/wordpress\/plugins\/seo\/ -->\n<title>Nos partenaires : offres sp\u00e9ciales et r\u00e9ductions exclusives<\/title>\n<meta name=\"description\" content=\"D\u00e9couvrez nos partenaires et b\u00e9n\u00e9ficiez de remises exclusives Vert Intense Guadeloupe sur vos locations de voitures, activit\u00e9s d\u00e9couvertes.\" \/>\n<meta name=\"robots\" content=\"index, follow, max-snippet:-1, max-image-preview:large, max-video-preview:-1\" \/>\n<link rel=\"canonical\" href=\"https:\/\/www.vert-intense.com\/fr\/liens\/\" \/>\n<meta property=\"og:locale\" content=\"fr_FR\" \/>\n<meta property=\"og:type\" content=\"article\" \/>\n<meta property=\"og:title\" content=\"Nos partenaires\" \/>\n<meta property=\"og:description\" content=\"D\u00e9couvrez nos partenaires et b\u00e9n\u00e9ficiez de remises exclusives Vert Intense Guadeloupe sur vos locations de voitures, activit\u00e9s d\u00e9couvertes.\" \/>\n<meta property=\"og:url\" content=\"https:\/\/www.vert-intense.com\/fr\/liens\/\" \/>\n<meta property=\"og:site_name\" content=\"Vert Intense\" \/>\n<meta property=\"article:publisher\" content=\"https:\/\/www.facebook.com\/vertintense\" \/>\n<meta property=\"article:modified_time\" content=\"2024-10-04T13:14:29+00:00\" \/>\n<meta property=\"og:image\" content=\"https:\/\/www.vert-intense.com\/wp-content\/uploads\/2024\/07\/LOGO-ALIZES-LOCATIONS-RECENT-1.jpg\" \/>\n<meta name=\"twitter:card\" content=\"summary_large_image\" \/>\n<meta name=\"twitter:label1\" content=\"Dur\u00e9e de lecture estim\u00e9e\" \/>\n\t<meta name=\"twitter:data1\" content=\"2 minutes\" \/>\n<script type=\"application\/ld+json\" class=\"yoast-schema-graph\">{\"@context\":\"https:\/\/schema.org\",\"@graph\":[{\"@type\":\"WebPage\",\"@id\":\"https:\/\/www.vert-intense.com\/liens\/\",\"url\":\"https:\/\/www.vert-intense.com\/liens\/\",\"name\":\"Nos partenaires : offres sp\u00e9ciales et r\u00e9ductions exclusives\",\"isPartOf\":{\"@id\":\"https:\/\/www.vert-intense.com\/#website\"},\"primaryImageOfPage\":{\"@id\":\"https:\/\/www.vert-intense.com\/liens\/#primaryimage\"},\"image\":{\"@id\":\"https:\/\/www.vert-intense.com\/liens\/#primaryimage\"},\"thumbnailUrl\":\"https:\/\/www.vert-intense.com\/wp-content\/uploads\/2024\/07\/LOGO-ALIZES-LOCATIONS-RECENT-1.jpg\",\"datePublished\":\"2023-08-09T14:04:02+00:00\",\"dateModified\":\"2024-10-04T13:14:29+00:00\",\"description\":\"D\u00e9couvrez nos partenaires et b\u00e9n\u00e9ficiez de remises exclusives Vert Intense Guadeloupe sur vos locations de voitures, activit\u00e9s d\u00e9couvertes.\",\"breadcrumb\":{\"@id\":\"https:\/\/www.vert-intense.com\/liens\/#breadcrumb\"},\"inLanguage\":\"fr-FR\",\"potentialAction\":[{\"@type\":\"ReadAction\",\"target\":[\"https:\/\/www.vert-intense.com\/liens\/\"]}]},{\"@type\":\"ImageObject\",\"inLanguage\":\"fr-FR\",\"@id\":\"https:\/\/www.vert-intense.com\/liens\/#primaryimage\",\"url\":\"https:\/\/www.vert-intense.com\/wp-content\/uploads\/2024\/07\/LOGO-ALIZES-LOCATIONS-RECENT-1.jpg\",\"contentUrl\":\"https:\/\/www.vert-intense.com\/wp-content\/uploads\/2024\/07\/LOGO-ALIZES-LOCATIONS-RECENT-1.jpg\"},{\"@type\":\"BreadcrumbList\",\"@id\":\"https:\/\/www.vert-intense.com\/liens\/#breadcrumb\",\"itemListElement\":[{\"@type\":\"ListItem\",\"position\":1,\"name\":\"Accueil\",\"item\":\"https:\/\/www.vert-intense.com\/\"},{\"@type\":\"ListItem\",\"position\":2,\"name\":\"Nos partenaires\"}]},{\"@type\":\"WebSite\",\"@id\":\"https:\/\/www.vert-intense.com\/#website\",\"url\":\"https:\/\/www.vert-intense.com\/\",\"name\":\"Vert-Intense\",\"description\":\"R\u00e9servez vos activit\u00e9s d\u00e9couvertes en Guadeloupe\",\"publisher\":{\"@id\":\"https:\/\/www.vert-intense.com\/#organization\"},\"potentialAction\":[{\"@type\":\"SearchAction\",\"target\":{\"@type\":\"EntryPoint\",\"urlTemplate\":\"https:\/\/www.vert-intense.com\/?s={search_term_string}\"},\"query-input\":{\"@type\":\"PropertyValueSpecification\",\"valueRequired\":true,\"valueName\":\"search_term_string\"}}],\"inLanguage\":\"fr-FR\"},{\"@type\":\"Organization\",\"@id\":\"https:\/\/www.vert-intense.com\/#organization\",\"name\":\"Vert-Intense\",\"url\":\"https:\/\/www.vert-intense.com\/\",\"logo\":{\"@type\":\"ImageObject\",\"inLanguage\":\"fr-FR\",\"@id\":\"https:\/\/www.vert-intense.com\/#\/schema\/logo\/image\/\",\"url\":\"https:\/\/i0.wp.com\/www.vert-intense.com\/wp-content\/uploads\/2023\/07\/logo.png?fit=960%2C960&ssl=1\",\"contentUrl\":\"https:\/\/i0.wp.com\/www.vert-intense.com\/wp-content\/uploads\/2023\/07\/logo.png?fit=960%2C960&ssl=1\",\"width\":960,\"height\":960,\"caption\":\"Vert-Intense\"},\"image\":{\"@id\":\"https:\/\/www.vert-intense.com\/#\/schema\/logo\/image\/\"},\"sameAs\":[\"https:\/\/www.facebook.com\/vertintense\",\"https:\/\/www.tripadvisor.fr\/Attraction_Review-g1644623-d1649481-Reviews-Vert_Intense-Saint_Claude_Basse_Terre_Island_Guadeloupe.html\",\"https:\/\/www.tiktok.com\/@vertintense\",\"https:\/\/www.instagram.com\/vertintenseguadeloupe\/\",\"https:\/\/www.youtube.com\/channel\/UCRymXR1Pa7n50AOgFy9n3bA\"]}]}<\/script>\n<!-- \/ Yoast SEO Premium plugin. -->","yoast_head_json":{"title":"Nos partenaires : offres sp\u00e9ciales et r\u00e9ductions exclusives","description":"D\u00e9couvrez nos partenaires et b\u00e9n\u00e9ficiez de remises exclusives Vert Intense Guadeloupe sur vos locations de voitures, activit\u00e9s d\u00e9couvertes.","robots":{"index":"index","follow":"follow","max-snippet":"max-snippet:-1","max-image-preview":"max-image-preview:large","max-video-preview":"max-video-preview:-1"},"canonical":"https:\/\/www.vert-intense.com\/fr\/liens\/","og_locale":"fr_FR","og_type":"article","og_title":"Nos partenaires","og_description":"D\u00e9couvrez nos partenaires et b\u00e9n\u00e9ficiez de remises exclusives Vert Intense Guadeloupe sur vos locations de voitures, activit\u00e9s d\u00e9couvertes.","og_url":"https:\/\/www.vert-intense.com\/fr\/liens\/","og_site_name":"Vert Intense","article_publisher":"https:\/\/www.facebook.com\/vertintense","article_modified_time":"2024-10-04T13:14:29+00:00","og_image":[{"url":"https:\/\/www.vert-intense.com\/wp-content\/uploads\/2024\/07\/LOGO-ALIZES-LOCATIONS-RECENT-1.jpg","type":"","width":"","height":""}],"twitter_card":"summary_large_image","twitter_misc":{"Dur\u00e9e de lecture estim\u00e9e":"2 minutes"},"schema":{"@context":"https:\/\/schema.org","@graph":[{"@type":"WebPage","@id":"https:\/\/www.vert-intense.com\/liens\/","url":"https:\/\/www.vert-intense.com\/liens\/","name":"Nos partenaires : offres sp\u00e9ciales et r\u00e9ductions exclusives","isPartOf":{"@id":"https:\/\/www.vert-intense.com\/#website"},"primaryImageOfPage":{"@id":"https:\/\/www.vert-intense.com\/liens\/#primaryimage"},"image":{"@id":"https:\/\/www.vert-intense.com\/liens\/#primaryimage"},"thumbnailUrl":"https:\/\/www.vert-intense.com\/wp-content\/uploads\/2024\/07\/LOGO-ALIZES-LOCATIONS-RECENT-1.jpg","datePublished":"2023-08-09T14:04:02+00:00","dateModified":"2024-10-04T13:14:29+00:00","description":"D\u00e9couvrez nos partenaires et b\u00e9n\u00e9ficiez de remises exclusives Vert Intense Guadeloupe sur vos locations de voitures, activit\u00e9s d\u00e9couvertes.","breadcrumb":{"@id":"https:\/\/www.vert-intense.com\/liens\/#breadcrumb"},"inLanguage":"fr-FR","potentialAction":[{"@type":"ReadAction","target":["https:\/\/www.vert-intense.com\/liens\/"]}]},{"@type":"ImageObject","inLanguage":"fr-FR","@id":"https:\/\/www.vert-intense.com\/liens\/#primaryimage","url":"https:\/\/www.vert-intense.com\/wp-content\/uploads\/2024\/07\/LOGO-ALIZES-LOCATIONS-RECENT-1.jpg","contentUrl":"https:\/\/www.vert-intense.com\/wp-content\/uploads\/2024\/07\/LOGO-ALIZES-LOCATIONS-RECENT-1.jpg"},{"@type":"BreadcrumbList","@id":"https:\/\/www.vert-intense.com\/liens\/#breadcrumb","itemListElement":[{"@type":"ListItem","position":1,"name":"Accueil","item":"https:\/\/www.vert-intense.com\/"},{"@type":"ListItem","position":2,"name":"Nos partenaires"}]},{"@type":"WebSite","@id":"https:\/\/www.vert-intense.com\/#website","url":"https:\/\/www.vert-intense.com\/","name":"Vert-Intense","description":"R\u00e9servez vos activit\u00e9s d\u00e9couvertes en Guadeloupe","publisher":{"@id":"https:\/\/www.vert-intense.com\/#organization"},"potentialAction":[{"@type":"SearchAction","target":{"@type":"EntryPoint","urlTemplate":"https:\/\/www.vert-intense.com\/?s={search_term_string}"},"query-input":{"@type":"PropertyValueSpecification","valueRequired":true,"valueName":"search_term_string"}}],"inLanguage":"fr-FR"},{"@type":"Organization","@id":"https:\/\/www.vert-intense.com\/#organization","name":"Vert-Intense","url":"https:\/\/www.vert-intense.com\/","logo":{"@type":"ImageObject","inLanguage":"fr-FR","@id":"https:\/\/www.vert-intense.com\/#\/schema\/logo\/image\/","url":"https:\/\/i0.wp.com\/www.vert-intense.com\/wp-content\/uploads\/2023\/07\/logo.png?fit=960%2C960&ssl=1","contentUrl":"https:\/\/i0.wp.com\/www.vert-intense.com\/wp-content\/uploads\/2023\/07\/logo.png?fit=960%2C960&ssl=1","width":960,"height":960,"caption":"Vert-Intense"},"image":{"@id":"https:\/\/www.vert-intense.com\/#\/schema\/logo\/image\/"},"sameAs":["https:\/\/www.facebook.com\/vertintense","https:\/\/www.tripadvisor.fr\/Attraction_Review-g1644623-d1649481-Reviews-Vert_Intense-Saint_Claude_Basse_Terre_Island_Guadeloupe.html","https:\/\/www.tiktok.com\/@vertintense","https:\/\/www.instagram.com\/vertintenseguadeloupe\/","https:\/\/www.youtube.com\/channel\/UCRymXR1Pa7n50AOgFy9n3bA"]}]}},"jetpack_sharing_enabled":true,"_links":{"self":[{"href":"https:\/\/www.vert-intense.com\/fr\/wp-json\/wp\/v2\/pages\/1833"}],"collection":[{"href":"https:\/\/www.vert-intense.com\/fr\/wp-json\/wp\/v2\/pages"}],"about":[{"href":"https:\/\/www.vert-intense.com\/fr\/wp-json\/wp\/v2\/types\/page"}],"author":[{"embeddable":true,"href":"https:\/\/www.vert-intense.com\/fr\/wp-json\/wp\/v2\/users\/1"}],"replies":[{"embeddable":true,"href":"https:\/\/www.vert-intense.com\/fr\/wp-json\/wp\/v2\/comments?post=1833"}],"version-history":[{"count":19,"href":"https:\/\/www.vert-intense.com\/fr\/wp-json\/wp\/v2\/pages\/1833\/revisions"}],"predecessor-version":[{"id":4647,"href":"https:\/\/www.vert-intense.com\/fr\/wp-json\/wp\/v2\/pages\/1833\/revisions\/4647"}],"wp:attachment":[{"href":"https:\/\/www.vert-intense.com\/fr\/wp-json\/wp\/v2\/media?parent=1833"}],"curies":[{"name":"wp","href":"https:\/\/api.w.org\/{rel}","templated":true}]}}