{"id":6287,"date":"2024-10-01T08:47:28","date_gmt":"2024-10-01T12:47:28","guid":{"rendered":"https:\/\/www.vert-intense.com\/?post_type=product&#038;p=6287"},"modified":"2025-05-04T11:42:32","modified_gmt":"2025-05-04T15:42:32","slug":"randonnees-liberte-guadeloupe-3","status":"publish","type":"product","link":"https:\/\/www.vert-intense.com\/en\/guadeloupe-business\/nature-sports-stays-guadeloupe\/randonnees-liberte-guadeloupe-3\/","title":{"rendered":"Fresh Air Stay"},"content":{"rendered":"<h3 style=\"text-align: center;\">Fresh Air Stay<\/h3>\n<h3 style=\"text-align: center;\">(5 nights\/6 days)<\/h3>\n<p>&nbsp;<\/p>\n<p>Enjoy a refreshing break in Guadeloupe and Les Saintes, in Terre-de-Haut. You will receive a welcome booklet as well as a digital roadbook to help you discover the Guadeloupe archipelago. For each day, you'll find a wealth of addresses to help you discover Guadeloupe's flavors, traditions, activities, hiking and cultural heritage.<\/p>\n<p>Your accommodation, Les Bananes Vertes, with its European Ecolabel classification, is located in the foothills of the Soufri\u00e8re volcano in the commune of Saint Claude, at an altitude of 500 meters. Your hosts, Laurence and Eric, both mountain guides, are well acquainted with the trails of the Guadeloupe National Park, and will be delighted to provide you with all the information you need to make your stay in Guadeloupe and Les Saintes an unforgettable experience.<\/p>\n<p>Your accommodation La Petite Villa des Saintes is nestled in the hills above Terre-de-Haut. The terrace offers a magnificent view of the beach and the Baie des Saintes. Suitable for two people, the Villa offers all the comforts you need for a pleasant stay, including a heated swimming pool. Private parking is available, with a special plug for recharging your vehicle.<\/p>\n<p>&nbsp;<\/p>\n<h4><strong>Stay details :<\/strong><\/h4>\n<ul>\n<li>3 nights at Les Bananes Vertes ecolodges<\/li>\n<li>2 nights at Petite Villa des Saintes overlooking the magnificent bay of Les Saintes<\/li>\n<\/ul>\n<p>&nbsp;<\/p>\n<h4><strong>Price includes :<\/strong><\/h4>\n<ul>\n<li>Accommodation at Bananes Vertes<\/li>\n<li>A basic 1st breakfast<\/li>\n<li>Boat ticket from Trois-Rivi\u00e8res to Les Saintes<\/li>\n<li>Accommodation at La Petite Villa des Saintes<\/li>\n<li>The digital logbook<\/li>\n<\/ul>\n<p>&nbsp;<\/p>\n<h4><strong>Price does not include :<\/strong><\/h4>\n<ul>\n<li>Flight to Guadeloupe<\/li>\n<li>Dinners, lunches and breakfasts<\/li>\n<li>Carbet parking lot and landing stage for Les Saintes<\/li>\n<li>Gratuities and anything else not included in the price list<\/li>\n<li>Options<\/li>\n<\/ul>\n<p>&nbsp;<\/p>\n<p><strong>Optional:\u00a0<\/strong><\/p>\n<ul>\n<li>Guided hike to the summit of La Soufri\u00e8re: <a href=\"https:\/\/www.vert-intense.com\/en\/guadeloupe-business\/hiking-in-guadeloupe\/hiking-in-la-soufriere-guadeloupe\/\">click to reserve\u00a0<\/a><\/li>\n<li>Canyoning in Guadeloupe's most beautiful rivers: <a href=\"https:\/\/www.vert-intense.com\/en\/activities-in-guadeloupe\/canyoning-guadeloupe\/\">click to reserve<\/a><\/li>\n<li><span class=\"il\">The rental car<\/span><\/li>\n<li>Luggage transfer from the port to La Petite Villa<\/li>\n<li>Dinner on the first evening in your accommodation.<\/li>\n<\/ul>\n<p>&nbsp;<\/p>\n<p><strong>Good to know:<\/strong>\u00a0 We are at your disposal throughout your stay to provide you with all the information you need to make the most of your stay. We'll send you a route planner and a digital welcome booklet as soon as you book, to help you organize your stay as effectively as possible.<\/p>","protected":false},"excerpt":{"rendered":"<p>Book your Pause Fraicheur stay in Guadeloupe and the magnificent Les Saintes archipelago. Discover the low-lying south where Les Bananes Vertes ecolodges are located, and the small island of Terre-de-haut in a small villa with private pool.<\/p>","protected":false},"featured_media":6316,"template":"","meta":[],"product_cat":[28],"product_tag":[131,130],"class_list":{"0":"post-6287","1":"product","2":"type-product","3":"status-publish","4":"has-post-thumbnail","6":"product_cat-sejours-sportifs-nature-guadeloupe","7":"product_tag-sejour-multi-sports-guadeloupe","8":"product_tag-sejour-randonnee-liberte","10":"first","11":"instock","12":"virtual","13":"sold-individually","14":"taxable","15":"purchasable","16":"product-type-booking"},"yoast_head":"<!-- This site is optimized with the Yoast SEO Premium plugin v25.3.1 (Yoast SEO v25.3.1) - https:\/\/yoast.com\/wordpress\/plugins\/seo\/ -->\n<title>S\u00e9jour Pause Fra\u00eecheur - Guadeloupe \/ Les Saintes - Vert Intense<\/title>\n<meta name=\"description\" content=\"Envie d\u2019un break ? R\u00e9servez le s\u00e9jour Pause Fra\u00eecheur : relaxez vous au bord de la piscine en Guadeloupe et profitez des plages et aux Saintes.\" \/>\n<meta name=\"robots\" content=\"index, follow, max-snippet:-1, max-image-preview:large, max-video-preview:-1\" \/>\n<link rel=\"canonical\" href=\"https:\/\/www.vert-intense.com\/en\/guadeloupe-business\/nature-sports-stays-guadeloupe\/randonnees-liberte-guadeloupe-3\/\" \/>\n<meta property=\"og:locale\" content=\"en_US\" \/>\n<meta property=\"og:type\" content=\"article\" \/>\n<meta property=\"og:title\" content=\"S\u00e9jour Pause Fra\u00eecheur\" \/>\n<meta property=\"og:description\" content=\"Envie d\u2019un break ? R\u00e9servez le s\u00e9jour Pause Fra\u00eecheur : relaxez vous au bord de la piscine en Guadeloupe et profitez des plages et aux Saintes.\" \/>\n<meta property=\"og:url\" content=\"https:\/\/www.vert-intense.com\/en\/guadeloupe-business\/nature-sports-stays-guadeloupe\/randonnees-liberte-guadeloupe-3\/\" \/>\n<meta property=\"og:site_name\" content=\"Vert Intense\" \/>\n<meta property=\"article:publisher\" content=\"https:\/\/www.facebook.com\/vertintense\" \/>\n<meta property=\"article:modified_time\" content=\"2025-05-04T15:42:32+00:00\" \/>\n<meta property=\"og:image\" content=\"https:\/\/www.vert-intense.com\/wp-content\/uploads\/2024\/10\/20231018_140647-scaled.jpg\" \/>\n\t<meta property=\"og:image:width\" content=\"2560\" \/>\n\t<meta property=\"og:image:height\" content=\"1196\" \/>\n\t<meta property=\"og:image:type\" content=\"image\/jpeg\" \/>\n<meta name=\"twitter:card\" content=\"summary_large_image\" \/>\n<meta name=\"twitter:label1\" content=\"Price\" \/>\n\t<meta name=\"twitter:data1\" content=\"382&euro;\" \/>\n\t<meta name=\"twitter:label2\" content=\"Availability\" \/>\n\t<meta name=\"twitter:data2\" content=\"In stock\" \/>\n<script type=\"application\/ld+json\" class=\"yoast-schema-graph\">{\"@context\":\"https:\/\/schema.org\",\"@graph\":[{\"@type\":\"WebPage\",\"@id\":\"https:\/\/www.vert-intense.com\/activite-guadeloupe\/sejours-sportifs-nature-guadeloupe\/sejour-pause-fraicheur\/\",\"url\":\"https:\/\/www.vert-intense.com\/activite-guadeloupe\/sejours-sportifs-nature-guadeloupe\/sejour-pause-fraicheur\/\",\"name\":\"S\u00e9jour Pause Fra\u00eecheur - Guadeloupe \/ Les Saintes - Vert Intense\",\"isPartOf\":{\"@id\":\"https:\/\/www.vert-intense.com\/#website\"},\"primaryImageOfPage\":{\"@id\":\"https:\/\/www.vert-intense.com\/activite-guadeloupe\/sejours-sportifs-nature-guadeloupe\/sejour-pause-fraicheur\/#primaryimage\"},\"image\":{\"@id\":\"https:\/\/www.vert-intense.com\/activite-guadeloupe\/sejours-sportifs-nature-guadeloupe\/sejour-pause-fraicheur\/#primaryimage\"},\"thumbnailUrl\":\"https:\/\/i0.wp.com\/www.vert-intense.com\/wp-content\/uploads\/2024\/10\/20231018_140647-scaled.jpg?fit=2560%2C1196&ssl=1\",\"datePublished\":\"2024-10-01T12:47:28+00:00\",\"dateModified\":\"2025-05-04T15:42:32+00:00\",\"description\":\"Envie d\u2019un break ? R\u00e9servez le s\u00e9jour Pause Fra\u00eecheur : relaxez vous au bord de la piscine en Guadeloupe et profitez des plages et aux Saintes.\",\"breadcrumb\":{\"@id\":\"https:\/\/www.vert-intense.com\/activite-guadeloupe\/sejours-sportifs-nature-guadeloupe\/sejour-pause-fraicheur\/#breadcrumb\"},\"inLanguage\":\"en-US\",\"potentialAction\":[{\"@type\":\"ReadAction\",\"target\":[\"https:\/\/www.vert-intense.com\/activite-guadeloupe\/sejours-sportifs-nature-guadeloupe\/sejour-pause-fraicheur\/\"]}]},{\"@type\":\"ImageObject\",\"inLanguage\":\"en-US\",\"@id\":\"https:\/\/www.vert-intense.com\/activite-guadeloupe\/sejours-sportifs-nature-guadeloupe\/sejour-pause-fraicheur\/#primaryimage\",\"url\":\"https:\/\/i0.wp.com\/www.vert-intense.com\/wp-content\/uploads\/2024\/10\/20231018_140647-scaled.jpg?fit=2560%2C1196&ssl=1\",\"contentUrl\":\"https:\/\/i0.wp.com\/www.vert-intense.com\/wp-content\/uploads\/2024\/10\/20231018_140647-scaled.jpg?fit=2560%2C1196&ssl=1\",\"width\":2560,\"height\":1196,\"caption\":\"Piscine des Bananes Vertes\"},{\"@type\":\"BreadcrumbList\",\"@id\":\"https:\/\/www.vert-intense.com\/activite-guadeloupe\/sejours-sportifs-nature-guadeloupe\/sejour-pause-fraicheur\/#breadcrumb\",\"itemListElement\":[{\"@type\":\"ListItem\",\"position\":1,\"name\":\"Accueil\",\"item\":\"https:\/\/www.vert-intense.com\/\"},{\"@type\":\"ListItem\",\"position\":2,\"name\":\"Activit\u00e9s nature en Guadeloupe\",\"item\":\"https:\/\/www.vert-intense.com\/\"},{\"@type\":\"ListItem\",\"position\":3,\"name\":\"S\u00e9jour Pause Fra\u00eecheur\"}]},{\"@type\":\"WebSite\",\"@id\":\"https:\/\/www.vert-intense.com\/#website\",\"url\":\"https:\/\/www.vert-intense.com\/\",\"name\":\"Vert-Intense\",\"description\":\"R\u00e9servez vos activit\u00e9s d\u00e9couvertes en Guadeloupe\",\"publisher\":{\"@id\":\"https:\/\/www.vert-intense.com\/#organization\"},\"potentialAction\":[{\"@type\":\"SearchAction\",\"target\":{\"@type\":\"EntryPoint\",\"urlTemplate\":\"https:\/\/www.vert-intense.com\/?s={search_term_string}\"},\"query-input\":{\"@type\":\"PropertyValueSpecification\",\"valueRequired\":true,\"valueName\":\"search_term_string\"}}],\"inLanguage\":\"en-US\"},{\"@type\":\"Organization\",\"@id\":\"https:\/\/www.vert-intense.com\/#organization\",\"name\":\"Vert-Intense\",\"url\":\"https:\/\/www.vert-intense.com\/\",\"logo\":{\"@type\":\"ImageObject\",\"inLanguage\":\"en-US\",\"@id\":\"https:\/\/www.vert-intense.com\/#\/schema\/logo\/image\/\",\"url\":\"https:\/\/i0.wp.com\/www.vert-intense.com\/wp-content\/uploads\/2023\/07\/logo.png?fit=960%2C960&ssl=1\",\"contentUrl\":\"https:\/\/i0.wp.com\/www.vert-intense.com\/wp-content\/uploads\/2023\/07\/logo.png?fit=960%2C960&ssl=1\",\"width\":960,\"height\":960,\"caption\":\"Vert-Intense\"},\"image\":{\"@id\":\"https:\/\/www.vert-intense.com\/#\/schema\/logo\/image\/\"},\"sameAs\":[\"https:\/\/www.facebook.com\/vertintense\",\"https:\/\/www.tripadvisor.fr\/Attraction_Review-g1644623-d1649481-Reviews-Vert_Intense-Saint_Claude_Basse_Terre_Island_Guadeloupe.html\",\"https:\/\/www.tiktok.com\/@vertintense\",\"https:\/\/www.instagram.com\/vertintenseguadeloupe\/\",\"https:\/\/www.youtube.com\/channel\/UCRymXR1Pa7n50AOgFy9n3bA\"]}]}<\/script>\n<meta property=\"product:price:amount\" content=\"382\" \/>\n<meta property=\"product:price:currency\" content=\"EUR\" \/>\n<meta property=\"og:availability\" content=\"instock\" \/>\n<meta property=\"product:availability\" content=\"instock\" \/>\n<meta property=\"product:condition\" content=\"new\" \/>\n<!-- \/ Yoast SEO Premium plugin. -->","yoast_head_json":{"title":"S\u00e9jour Pause Fra\u00eecheur - Guadeloupe \/ Les Saintes - Intense Green","description":"Looking for a break? Book the Pause Fra\u00eecheur stay: relax by the pool in Guadeloupe and enjoy the beaches of Les Saintes.","robots":{"index":"index","follow":"follow","max-snippet":"max-snippet:-1","max-image-preview":"max-image-preview:large","max-video-preview":"max-video-preview:-1"},"canonical":"https:\/\/www.vert-intense.com\/en\/guadeloupe-business\/nature-sports-stays-guadeloupe\/randonnees-liberte-guadeloupe-3\/","og_locale":"en_US","og_type":"article","og_title":"S\u00e9jour Pause Fra\u00eecheur","og_description":"Envie d\u2019un break ? R\u00e9servez le s\u00e9jour Pause Fra\u00eecheur : relaxez vous au bord de la piscine en Guadeloupe et profitez des plages et aux Saintes.","og_url":"https:\/\/www.vert-intense.com\/en\/guadeloupe-business\/nature-sports-stays-guadeloupe\/randonnees-liberte-guadeloupe-3\/","og_site_name":"Vert Intense","article_publisher":"https:\/\/www.facebook.com\/vertintense","article_modified_time":"2025-05-04T15:42:32+00:00","og_image":[{"width":2560,"height":1196,"url":"https:\/\/www.vert-intense.com\/wp-content\/uploads\/2024\/10\/20231018_140647-scaled.jpg","type":"image\/jpeg"}],"twitter_card":"summary_large_image","twitter_misc":{"Price":"382&euro;","Availability":"In stock"},"schema":{"@context":"https:\/\/schema.org","@graph":[{"@type":"WebPage","@id":"https:\/\/www.vert-intense.com\/activite-guadeloupe\/sejours-sportifs-nature-guadeloupe\/sejour-pause-fraicheur\/","url":"https:\/\/www.vert-intense.com\/activite-guadeloupe\/sejours-sportifs-nature-guadeloupe\/sejour-pause-fraicheur\/","name":"S\u00e9jour Pause Fra\u00eecheur - Guadeloupe \/ Les Saintes - Intense Green","isPartOf":{"@id":"https:\/\/www.vert-intense.com\/#website"},"primaryImageOfPage":{"@id":"https:\/\/www.vert-intense.com\/activite-guadeloupe\/sejours-sportifs-nature-guadeloupe\/sejour-pause-fraicheur\/#primaryimage"},"image":{"@id":"https:\/\/www.vert-intense.com\/activite-guadeloupe\/sejours-sportifs-nature-guadeloupe\/sejour-pause-fraicheur\/#primaryimage"},"thumbnailUrl":"https:\/\/i0.wp.com\/www.vert-intense.com\/wp-content\/uploads\/2024\/10\/20231018_140647-scaled.jpg?fit=2560%2C1196&ssl=1","datePublished":"2024-10-01T12:47:28+00:00","dateModified":"2025-05-04T15:42:32+00:00","description":"Looking for a break? Book the Pause Fra\u00eecheur stay: relax by the pool in Guadeloupe and enjoy the beaches of Les Saintes.","breadcrumb":{"@id":"https:\/\/www.vert-intense.com\/activite-guadeloupe\/sejours-sportifs-nature-guadeloupe\/sejour-pause-fraicheur\/#breadcrumb"},"inLanguage":"en-US","potentialAction":[{"@type":"ReadAction","target":["https:\/\/www.vert-intense.com\/activite-guadeloupe\/sejours-sportifs-nature-guadeloupe\/sejour-pause-fraicheur\/"]}]},{"@type":"ImageObject","inLanguage":"en-US","@id":"https:\/\/www.vert-intense.com\/activite-guadeloupe\/sejours-sportifs-nature-guadeloupe\/sejour-pause-fraicheur\/#primaryimage","url":"https:\/\/i0.wp.com\/www.vert-intense.com\/wp-content\/uploads\/2024\/10\/20231018_140647-scaled.jpg?fit=2560%2C1196&ssl=1","contentUrl":"https:\/\/i0.wp.com\/www.vert-intense.com\/wp-content\/uploads\/2024\/10\/20231018_140647-scaled.jpg?fit=2560%2C1196&ssl=1","width":2560,"height":1196,"caption":"Piscine des Bananes Vertes"},{"@type":"BreadcrumbList","@id":"https:\/\/www.vert-intense.com\/activite-guadeloupe\/sejours-sportifs-nature-guadeloupe\/sejour-pause-fraicheur\/#breadcrumb","itemListElement":[{"@type":"ListItem","position":1,"name":"Accueil","item":"https:\/\/www.vert-intense.com\/"},{"@type":"ListItem","position":2,"name":"Activit\u00e9s nature en Guadeloupe","item":"https:\/\/www.vert-intense.com\/"},{"@type":"ListItem","position":3,"name":"S\u00e9jour Pause Fra\u00eecheur"}]},{"@type":"WebSite","@id":"https:\/\/www.vert-intense.com\/#website","url":"https:\/\/www.vert-intense.com\/","name":"Intense Green","description":"Book your discovery activities in Guadeloupe","publisher":{"@id":"https:\/\/www.vert-intense.com\/#organization"},"potentialAction":[{"@type":"SearchAction","target":{"@type":"EntryPoint","urlTemplate":"https:\/\/www.vert-intense.com\/?s={search_term_string}"},"query-input":{"@type":"PropertyValueSpecification","valueRequired":true,"valueName":"search_term_string"}}],"inLanguage":"en-US"},{"@type":"Organization","@id":"https:\/\/www.vert-intense.com\/#organization","name":"Intense Green","url":"https:\/\/www.vert-intense.com\/","logo":{"@type":"ImageObject","inLanguage":"en-US","@id":"https:\/\/www.vert-intense.com\/#\/schema\/logo\/image\/","url":"https:\/\/i0.wp.com\/www.vert-intense.com\/wp-content\/uploads\/2023\/07\/logo.png?fit=960%2C960&ssl=1","contentUrl":"https:\/\/i0.wp.com\/www.vert-intense.com\/wp-content\/uploads\/2023\/07\/logo.png?fit=960%2C960&ssl=1","width":960,"height":960,"caption":"Vert-Intense"},"image":{"@id":"https:\/\/www.vert-intense.com\/#\/schema\/logo\/image\/"},"sameAs":["https:\/\/www.facebook.com\/vertintense","https:\/\/www.tripadvisor.fr\/Attraction_Review-g1644623-d1649481-Reviews-Vert_Intense-Saint_Claude_Basse_Terre_Island_Guadeloupe.html","https:\/\/www.tiktok.com\/@vertintense","https:\/\/www.instagram.com\/vertintenseguadeloupe\/","https:\/\/www.youtube.com\/channel\/UCRymXR1Pa7n50AOgFy9n3bA"]}]},"product_price_amount":"382","product_price_currency":"EUR","og_availability":"instock","product_availability":"instock","product_condition":"new"},"jetpack_sharing_enabled":true,"_links":{"self":[{"href":"https:\/\/www.vert-intense.com\/en\/wp-json\/wp\/v2\/product\/6287"}],"collection":[{"href":"https:\/\/www.vert-intense.com\/en\/wp-json\/wp\/v2\/product"}],"about":[{"href":"https:\/\/www.vert-intense.com\/en\/wp-json\/wp\/v2\/types\/product"}],"wp:featuredmedia":[{"embeddable":true,"href":"https:\/\/www.vert-intense.com\/en\/wp-json\/wp\/v2\/media\/6316"}],"wp:attachment":[{"href":"https:\/\/www.vert-intense.com\/en\/wp-json\/wp\/v2\/media?parent=6287"}],"wp:term":[{"taxonomy":"product_cat","embeddable":true,"href":"https:\/\/www.vert-intense.com\/en\/wp-json\/wp\/v2\/product_cat?post=6287"},{"taxonomy":"product_tag","embeddable":true,"href":"https:\/\/www.vert-intense.com\/en\/wp-json\/wp\/v2\/product_tag?post=6287"}],"curies":[{"name":"wp","href":"https:\/\/api.w.org\/{rel}","templated":true}]}}