{"id":2558,"date":"2023-12-13T15:07:43","date_gmt":"2023-12-13T14:07:43","guid":{"rendered":"http:\/\/xedhqzi.cluster100.hosting.ovh.net\/?post_type=product&#038;p=2558"},"modified":"2025-05-04T06:26:42","modified_gmt":"2025-05-04T10:26:42","slug":"free-walks-guadeloupe-12-days","status":"publish","type":"product","link":"https:\/\/www.vert-intense.com\/en\/guadeloupe-business\/nature-sports-stays-guadeloupe\/free-walks-guadeloupe-12-days\/","title":{"rendered":"Freedom Guadeloupe 12 days"},"content":{"rendered":"<h3 style=\"text-align: center;\">Freedom hiking holidays in Guadeloupe<\/h3>\n<h3 style=\"text-align: center;\">(12 days)<\/h3>\n<p>&nbsp;<\/p>\n<p>Make the most of your hiking holiday in Guadeloupe, with a specially designed roadmap to help you discover the Guadeloupe archipelago. For each day, you'll find several suggested hikes to choose from, depending on your fitness level and your desires. You'll also find plenty of addresses to help you discover Guadeloupe's flavors, traditions and cultural heritage.<\/p>\n<p>Your European Ecolabel-rated accommodation is located in the foothills of the Soufri\u00e8re volcano in the commune of Saint-Claude, at an altitude of 500 meters. Your hosts, Laurence and Eric, both mountain guides, are well acquainted with the trails of the Guadeloupe National Park, and will be delighted to provide you with all the information you need to make your stay unforgettable.<\/p>\n<p>&nbsp;<\/p>\n<h4><strong>Program details :<\/strong><\/h4>\n<ul>\n<li>Day 1: arrival at Bananes Vertes in Saint-Claude<\/li>\n<li>Day 2: Freedom hike on the Grande Pointe trail in Trois-Rivi\u00e8res<\/li>\n<li>Day 3: Guided ascent to the summit of La Soufri\u00e8re volcano<\/li>\n<li>Day 4: hike along the Port-Louis coastline<\/li>\n<li>Day 5: Hike to Carbet Falls<\/li>\n<li>Day 6: Discover the coastline of northern Basse-Terre<\/li>\n<li>Day 7: Hike to Galion Falls<\/li>\n<li>Day 8: Saintes Archipelago<\/li>\n<li>Day 9: Camel trek<\/li>\n<li>Day 10: Discovering the island of Terre-de-Bas<\/li>\n<li>Day 11: Discover Pointe-\u00e0-Pitre, airport.<\/li>\n<li>Day 12: Arrival in Paris<\/li>\n<\/ul>\n<p><strong>\u00a0<\/strong><\/p>\n<h4><strong>Price includes<\/strong><\/h4>\n<ul>\n<li>Accommodation for the duration of your stay<\/li>\n<li>Dinner on the first evening at your lodge<\/li>\n<li>A basic 1st breakfast<\/li>\n<li>Cat A rental car for the duration of your stay<\/li>\n<li>Guided hike to La Soufri\u00e8re<\/li>\n<li>Les Saintes boat ticket from Trois-Rivi\u00e8res<\/li>\n<li>The briefing to present the trip and the digital logbook<\/li>\n<li>Luggage pick-up and transfer on arrival in Les Saintes<\/li>\n<li>Self-catering accommodation at La Petite Villa des Saintes<\/li>\n<\/ul>\n<p>&nbsp;<\/p>\n<h4><strong>Price does not include :<\/strong><\/h4>\n<ul>\n<li>Flight to Guadeloupe<\/li>\n<li>Dinners, lunches and breakfasts<\/li>\n<li>Carbet and Les Saintes parking lots<\/li>\n<li>Fuel for your vehicle<\/li>\n<li>Gratuities and anything else not included in the price list<\/li>\n<li>Visit to Fort Napol\u00e9on (approx. \u20ac7.50)<\/li>\n<li>Return ticket to Terre de Bas (approx. \u20ac10\/pers. return)<\/li>\n<li>Options<\/li>\n<\/ul>\n<p>&nbsp;<\/p>\n<p><strong>Good to know:<\/strong>\u00a0 We are at your disposal throughout your stay to provide you with all the information you need to make your trip a success. The itinerary is sent to you as soon as you book, along with a list of recommended equipment to help you get to grips with the tropical environment.<\/p>","protected":false},"excerpt":{"rendered":"<p>Book your self-guided hiking holiday in Guadeloupe and discover the Guadeloupe archipelago at your own pace.<\/p>","protected":false},"featured_media":2537,"template":"","meta":[],"product_cat":[28],"product_tag":[131,130],"class_list":{"0":"post-2558","1":"product","2":"type-product","3":"status-publish","4":"has-post-thumbnail","6":"product_cat-sejours-sportifs-nature-guadeloupe","7":"product_tag-sejour-multi-sports-guadeloupe","8":"product_tag-sejour-randonnee-liberte","10":"first","11":"instock","12":"virtual","13":"sold-individually","14":"taxable","15":"purchasable","16":"product-type-booking"},"yoast_head":"<!-- This site is optimized with the Yoast SEO Premium plugin v25.3.1 (Yoast SEO v25.3.1) - https:\/\/yoast.com\/wordpress\/plugins\/seo\/ -->\n<title>S\u00e9jour Randonn\u00e9e Libert\u00e9 en Guadeloupe: D\u00e9couvrez l&#039;Archipel - Vert Intense<\/title>\n<meta name=\"description\" content=\"Profitez d&#039;un s\u00e9jour randonn\u00e9e libert\u00e9 en Guadeloupe. Des randonn\u00e9es et des adresses pour d\u00e9couvrir la nature et la culture locale. R\u00e9servez d\u00e8s maintenant!\" \/>\n<meta name=\"robots\" content=\"index, follow, max-snippet:-1, max-image-preview:large, max-video-preview:-1\" \/>\n<link rel=\"canonical\" href=\"https:\/\/www.vert-intense.com\/en\/guadeloupe-business\/nature-sports-stays-guadeloupe\/free-walks-guadeloupe-12-days\/\" \/>\n<meta property=\"og:locale\" content=\"en_US\" \/>\n<meta property=\"og:type\" content=\"article\" \/>\n<meta property=\"og:title\" content=\"Randonn\u00e9es Libert\u00e9 Guadeloupe 12 jours\" \/>\n<meta property=\"og:description\" content=\"Profitez d&#039;un s\u00e9jour randonn\u00e9e libert\u00e9 en Guadeloupe. Des randonn\u00e9es et des adresses pour d\u00e9couvrir la nature et la culture locale. R\u00e9servez d\u00e8s maintenant!\" \/>\n<meta property=\"og:url\" content=\"https:\/\/www.vert-intense.com\/en\/guadeloupe-business\/nature-sports-stays-guadeloupe\/free-walks-guadeloupe-12-days\/\" \/>\n<meta property=\"og:site_name\" content=\"Vert Intense\" \/>\n<meta property=\"article:publisher\" content=\"https:\/\/www.facebook.com\/vertintense\" \/>\n<meta property=\"article:modified_time\" content=\"2025-05-04T10:26:42+00:00\" \/>\n<meta property=\"og:image\" content=\"https:\/\/www.vert-intense.com\/wp-content\/uploads\/2023\/12\/20230316_104945-Copier.jpg\" \/>\n\t<meta property=\"og:image:width\" content=\"1178\" \/>\n\t<meta property=\"og:image:height\" content=\"887\" \/>\n\t<meta property=\"og:image:type\" content=\"image\/jpeg\" \/>\n<meta name=\"twitter:card\" content=\"summary_large_image\" \/>\n<meta name=\"twitter:label1\" content=\"Price\" \/>\n\t<meta name=\"twitter:data1\" content=\"1 240&euro;\" \/>\n\t<meta name=\"twitter:label2\" content=\"Availability\" \/>\n\t<meta name=\"twitter:data2\" content=\"In stock\" \/>\n<script type=\"application\/ld+json\" class=\"yoast-schema-graph\">{\"@context\":\"https:\/\/schema.org\",\"@graph\":[{\"@type\":\"WebPage\",\"@id\":\"https:\/\/www.vert-intense.com\/activite-guadeloupe\/sejours-sportifs-nature-guadeloupe\/randonnees-liberte-guadeloupe-12-jours\/\",\"url\":\"https:\/\/www.vert-intense.com\/activite-guadeloupe\/sejours-sportifs-nature-guadeloupe\/randonnees-liberte-guadeloupe-12-jours\/\",\"name\":\"S\u00e9jour Randonn\u00e9e Libert\u00e9 en Guadeloupe: D\u00e9couvrez l'Archipel - Vert Intense\",\"isPartOf\":{\"@id\":\"https:\/\/www.vert-intense.com\/#website\"},\"primaryImageOfPage\":{\"@id\":\"https:\/\/www.vert-intense.com\/activite-guadeloupe\/sejours-sportifs-nature-guadeloupe\/randonnees-liberte-guadeloupe-12-jours\/#primaryimage\"},\"image\":{\"@id\":\"https:\/\/www.vert-intense.com\/activite-guadeloupe\/sejours-sportifs-nature-guadeloupe\/randonnees-liberte-guadeloupe-12-jours\/#primaryimage\"},\"thumbnailUrl\":\"https:\/\/i0.wp.com\/www.vert-intense.com\/wp-content\/uploads\/2023\/12\/20230316_104945-Copier.jpg?fit=1178%2C887&ssl=1\",\"datePublished\":\"2023-12-13T14:07:43+00:00\",\"dateModified\":\"2025-05-04T10:26:42+00:00\",\"description\":\"Profitez d'un s\u00e9jour randonn\u00e9e libert\u00e9 en Guadeloupe. Des randonn\u00e9es et des adresses pour d\u00e9couvrir la nature et la culture locale. R\u00e9servez d\u00e8s maintenant!\",\"breadcrumb\":{\"@id\":\"https:\/\/www.vert-intense.com\/activite-guadeloupe\/sejours-sportifs-nature-guadeloupe\/randonnees-liberte-guadeloupe-12-jours\/#breadcrumb\"},\"inLanguage\":\"en-US\",\"potentialAction\":[{\"@type\":\"ReadAction\",\"target\":[\"https:\/\/www.vert-intense.com\/activite-guadeloupe\/sejours-sportifs-nature-guadeloupe\/randonnees-liberte-guadeloupe-12-jours\/\"]}]},{\"@type\":\"ImageObject\",\"inLanguage\":\"en-US\",\"@id\":\"https:\/\/www.vert-intense.com\/activite-guadeloupe\/sejours-sportifs-nature-guadeloupe\/randonnees-liberte-guadeloupe-12-jours\/#primaryimage\",\"url\":\"https:\/\/i0.wp.com\/www.vert-intense.com\/wp-content\/uploads\/2023\/12\/20230316_104945-Copier.jpg?fit=1178%2C887&ssl=1\",\"contentUrl\":\"https:\/\/i0.wp.com\/www.vert-intense.com\/wp-content\/uploads\/2023\/12\/20230316_104945-Copier.jpg?fit=1178%2C887&ssl=1\",\"width\":1178,\"height\":887,\"caption\":\"Morne Morel, Terre de Haut, Les saintes Guadeloupe\"},{\"@type\":\"BreadcrumbList\",\"@id\":\"https:\/\/www.vert-intense.com\/activite-guadeloupe\/sejours-sportifs-nature-guadeloupe\/randonnees-liberte-guadeloupe-12-jours\/#breadcrumb\",\"itemListElement\":[{\"@type\":\"ListItem\",\"position\":1,\"name\":\"Accueil\",\"item\":\"https:\/\/www.vert-intense.com\/\"},{\"@type\":\"ListItem\",\"position\":2,\"name\":\"Activit\u00e9s nature en Guadeloupe\",\"item\":\"https:\/\/www.vert-intense.com\/\"},{\"@type\":\"ListItem\",\"position\":3,\"name\":\"Randonn\u00e9es Libert\u00e9 Guadeloupe 12 jours\"}]},{\"@type\":\"WebSite\",\"@id\":\"https:\/\/www.vert-intense.com\/#website\",\"url\":\"https:\/\/www.vert-intense.com\/\",\"name\":\"Vert-Intense\",\"description\":\"R\u00e9servez vos activit\u00e9s d\u00e9couvertes en Guadeloupe\",\"publisher\":{\"@id\":\"https:\/\/www.vert-intense.com\/#organization\"},\"potentialAction\":[{\"@type\":\"SearchAction\",\"target\":{\"@type\":\"EntryPoint\",\"urlTemplate\":\"https:\/\/www.vert-intense.com\/?s={search_term_string}\"},\"query-input\":{\"@type\":\"PropertyValueSpecification\",\"valueRequired\":true,\"valueName\":\"search_term_string\"}}],\"inLanguage\":\"en-US\"},{\"@type\":\"Organization\",\"@id\":\"https:\/\/www.vert-intense.com\/#organization\",\"name\":\"Vert-Intense\",\"url\":\"https:\/\/www.vert-intense.com\/\",\"logo\":{\"@type\":\"ImageObject\",\"inLanguage\":\"en-US\",\"@id\":\"https:\/\/www.vert-intense.com\/#\/schema\/logo\/image\/\",\"url\":\"https:\/\/i0.wp.com\/www.vert-intense.com\/wp-content\/uploads\/2023\/07\/logo.png?fit=960%2C960&ssl=1\",\"contentUrl\":\"https:\/\/i0.wp.com\/www.vert-intense.com\/wp-content\/uploads\/2023\/07\/logo.png?fit=960%2C960&ssl=1\",\"width\":960,\"height\":960,\"caption\":\"Vert-Intense\"},\"image\":{\"@id\":\"https:\/\/www.vert-intense.com\/#\/schema\/logo\/image\/\"},\"sameAs\":[\"https:\/\/www.facebook.com\/vertintense\",\"https:\/\/www.tripadvisor.fr\/Attraction_Review-g1644623-d1649481-Reviews-Vert_Intense-Saint_Claude_Basse_Terre_Island_Guadeloupe.html\",\"https:\/\/www.tiktok.com\/@vertintense\",\"https:\/\/www.instagram.com\/vertintenseguadeloupe\/\",\"https:\/\/www.youtube.com\/channel\/UCRymXR1Pa7n50AOgFy9n3bA\"]}]}<\/script>\n<meta property=\"product:price:amount\" content=\"1240\" \/>\n<meta property=\"product:price:currency\" content=\"EUR\" \/>\n<meta property=\"og:availability\" content=\"instock\" \/>\n<meta property=\"product:availability\" content=\"instock\" \/>\n<meta property=\"product:condition\" content=\"new\" \/>\n<!-- \/ Yoast SEO Premium plugin. -->","yoast_head_json":{"title":"Guadeloupe Walking Holidays: Discover the Archipelago - Vert Intense","description":"Enjoy a hiking holiday in Guadeloupe. Hikes and addresses to discover nature and local culture. Book now!","robots":{"index":"index","follow":"follow","max-snippet":"max-snippet:-1","max-image-preview":"max-image-preview:large","max-video-preview":"max-video-preview:-1"},"canonical":"https:\/\/www.vert-intense.com\/en\/guadeloupe-business\/nature-sports-stays-guadeloupe\/free-walks-guadeloupe-12-days\/","og_locale":"en_US","og_type":"article","og_title":"Randonn\u00e9es Libert\u00e9 Guadeloupe 12 jours","og_description":"Profitez d'un s\u00e9jour randonn\u00e9e libert\u00e9 en Guadeloupe. Des randonn\u00e9es et des adresses pour d\u00e9couvrir la nature et la culture locale. R\u00e9servez d\u00e8s maintenant!","og_url":"https:\/\/www.vert-intense.com\/en\/guadeloupe-business\/nature-sports-stays-guadeloupe\/free-walks-guadeloupe-12-days\/","og_site_name":"Vert Intense","article_publisher":"https:\/\/www.facebook.com\/vertintense","article_modified_time":"2025-05-04T10:26:42+00:00","og_image":[{"width":1178,"height":887,"url":"https:\/\/www.vert-intense.com\/wp-content\/uploads\/2023\/12\/20230316_104945-Copier.jpg","type":"image\/jpeg"}],"twitter_card":"summary_large_image","twitter_misc":{"Price":"1 240&euro;","Availability":"In stock"},"schema":{"@context":"https:\/\/schema.org","@graph":[{"@type":"WebPage","@id":"https:\/\/www.vert-intense.com\/activite-guadeloupe\/sejours-sportifs-nature-guadeloupe\/randonnees-liberte-guadeloupe-12-jours\/","url":"https:\/\/www.vert-intense.com\/activite-guadeloupe\/sejours-sportifs-nature-guadeloupe\/randonnees-liberte-guadeloupe-12-jours\/","name":"Guadeloupe Walking Holidays: Discover the Archipelago - Vert Intense","isPartOf":{"@id":"https:\/\/www.vert-intense.com\/#website"},"primaryImageOfPage":{"@id":"https:\/\/www.vert-intense.com\/activite-guadeloupe\/sejours-sportifs-nature-guadeloupe\/randonnees-liberte-guadeloupe-12-jours\/#primaryimage"},"image":{"@id":"https:\/\/www.vert-intense.com\/activite-guadeloupe\/sejours-sportifs-nature-guadeloupe\/randonnees-liberte-guadeloupe-12-jours\/#primaryimage"},"thumbnailUrl":"https:\/\/i0.wp.com\/www.vert-intense.com\/wp-content\/uploads\/2023\/12\/20230316_104945-Copier.jpg?fit=1178%2C887&ssl=1","datePublished":"2023-12-13T14:07:43+00:00","dateModified":"2025-05-04T10:26:42+00:00","description":"Enjoy a hiking holiday in Guadeloupe. Hikes and addresses to discover nature and local culture. Book now!","breadcrumb":{"@id":"https:\/\/www.vert-intense.com\/activite-guadeloupe\/sejours-sportifs-nature-guadeloupe\/randonnees-liberte-guadeloupe-12-jours\/#breadcrumb"},"inLanguage":"en-US","potentialAction":[{"@type":"ReadAction","target":["https:\/\/www.vert-intense.com\/activite-guadeloupe\/sejours-sportifs-nature-guadeloupe\/randonnees-liberte-guadeloupe-12-jours\/"]}]},{"@type":"ImageObject","inLanguage":"en-US","@id":"https:\/\/www.vert-intense.com\/activite-guadeloupe\/sejours-sportifs-nature-guadeloupe\/randonnees-liberte-guadeloupe-12-jours\/#primaryimage","url":"https:\/\/i0.wp.com\/www.vert-intense.com\/wp-content\/uploads\/2023\/12\/20230316_104945-Copier.jpg?fit=1178%2C887&ssl=1","contentUrl":"https:\/\/i0.wp.com\/www.vert-intense.com\/wp-content\/uploads\/2023\/12\/20230316_104945-Copier.jpg?fit=1178%2C887&ssl=1","width":1178,"height":887,"caption":"Morne Morel, Terre de Haut, Les saintes Guadeloupe"},{"@type":"BreadcrumbList","@id":"https:\/\/www.vert-intense.com\/activite-guadeloupe\/sejours-sportifs-nature-guadeloupe\/randonnees-liberte-guadeloupe-12-jours\/#breadcrumb","itemListElement":[{"@type":"ListItem","position":1,"name":"Accueil","item":"https:\/\/www.vert-intense.com\/"},{"@type":"ListItem","position":2,"name":"Activit\u00e9s nature en Guadeloupe","item":"https:\/\/www.vert-intense.com\/"},{"@type":"ListItem","position":3,"name":"Randonn\u00e9es Libert\u00e9 Guadeloupe 12 jours"}]},{"@type":"WebSite","@id":"https:\/\/www.vert-intense.com\/#website","url":"https:\/\/www.vert-intense.com\/","name":"Intense Green","description":"Book your discovery activities in Guadeloupe","publisher":{"@id":"https:\/\/www.vert-intense.com\/#organization"},"potentialAction":[{"@type":"SearchAction","target":{"@type":"EntryPoint","urlTemplate":"https:\/\/www.vert-intense.com\/?s={search_term_string}"},"query-input":{"@type":"PropertyValueSpecification","valueRequired":true,"valueName":"search_term_string"}}],"inLanguage":"en-US"},{"@type":"Organization","@id":"https:\/\/www.vert-intense.com\/#organization","name":"Intense Green","url":"https:\/\/www.vert-intense.com\/","logo":{"@type":"ImageObject","inLanguage":"en-US","@id":"https:\/\/www.vert-intense.com\/#\/schema\/logo\/image\/","url":"https:\/\/i0.wp.com\/www.vert-intense.com\/wp-content\/uploads\/2023\/07\/logo.png?fit=960%2C960&ssl=1","contentUrl":"https:\/\/i0.wp.com\/www.vert-intense.com\/wp-content\/uploads\/2023\/07\/logo.png?fit=960%2C960&ssl=1","width":960,"height":960,"caption":"Vert-Intense"},"image":{"@id":"https:\/\/www.vert-intense.com\/#\/schema\/logo\/image\/"},"sameAs":["https:\/\/www.facebook.com\/vertintense","https:\/\/www.tripadvisor.fr\/Attraction_Review-g1644623-d1649481-Reviews-Vert_Intense-Saint_Claude_Basse_Terre_Island_Guadeloupe.html","https:\/\/www.tiktok.com\/@vertintense","https:\/\/www.instagram.com\/vertintenseguadeloupe\/","https:\/\/www.youtube.com\/channel\/UCRymXR1Pa7n50AOgFy9n3bA"]}]},"product_price_amount":"1240","product_price_currency":"EUR","og_availability":"instock","product_availability":"instock","product_condition":"new"},"jetpack_sharing_enabled":true,"_links":{"self":[{"href":"https:\/\/www.vert-intense.com\/en\/wp-json\/wp\/v2\/product\/2558"}],"collection":[{"href":"https:\/\/www.vert-intense.com\/en\/wp-json\/wp\/v2\/product"}],"about":[{"href":"https:\/\/www.vert-intense.com\/en\/wp-json\/wp\/v2\/types\/product"}],"wp:featuredmedia":[{"embeddable":true,"href":"https:\/\/www.vert-intense.com\/en\/wp-json\/wp\/v2\/media\/2537"}],"wp:attachment":[{"href":"https:\/\/www.vert-intense.com\/en\/wp-json\/wp\/v2\/media?parent=2558"}],"wp:term":[{"taxonomy":"product_cat","embeddable":true,"href":"https:\/\/www.vert-intense.com\/en\/wp-json\/wp\/v2\/product_cat?post=2558"},{"taxonomy":"product_tag","embeddable":true,"href":"https:\/\/www.vert-intense.com\/en\/wp-json\/wp\/v2\/product_tag?post=2558"}],"curies":[{"name":"wp","href":"https:\/\/api.w.org\/{rel}","templated":true}]}}