{"id":1607,"date":"2023-08-01T16:06:55","date_gmt":"2023-08-01T14:06:55","guid":{"rendered":"http:\/\/xedhqzi.cluster100.hosting.ovh.net\/?post_type=product&#038;p=1607"},"modified":"2025-05-04T11:43:28","modified_gmt":"2025-05-04T15:43:28","slug":"multisport-stay","status":"publish","type":"product","link":"https:\/\/www.vert-intense.com\/en\/guadeloupe-business\/nature-sports-stays-guadeloupe\/multisport-stay\/","title":{"rendered":"Multi-sports Stay 9 days"},"content":{"rendered":"<h3 style=\"text-align: center;\">Multisport Stay in Guadeloupe<\/h3>\n<h3 style=\"text-align: center;\">(9 days)<\/h3>\n<p>&nbsp;<\/p>\n<p>Make the most of your multi-sport holiday in Guadeloupe, with a specially designed roadmap to help you discover the Guadeloupe archipelago. Every day you'll find a new activity to discover the different ecosystems of the Guadeloupe islands. You'll also find plenty of addresses to help you discover Guadeloupe's flavors, traditions and cultural heritage.<\/p>\n<p>Your European Ecolabel-rated accommodation is located in the foothills of the Soufri\u00e8re volcano in the commune of Saint Claude, at an altitude of 500 meters. Your hosts, Laurence and Eric, both mountain guides and canyoning guides, are well acquainted with the trails of the Guadeloupe National Park, and will be delighted to provide you with all the information you need to make your stay unforgettable.<\/p>\n<p>&nbsp;<\/p>\n<h4><strong>Program details :<\/strong><\/h4>\n<ul>\n<li>Day 1: Arrival at green bananas<\/li>\n<li>Day 2: Hike to Carbet Falls<\/li>\n<li>Day 3: Guided ascent to the top of the volcano<\/li>\n<li>Day 4: Scuba diving<\/li>\n<li>Day 5: Canyoning<\/li>\n<li>Day 6: Kayaking<\/li>\n<li>Day 7: Discovering the saints<\/li>\n<li>Day 8: Discovering Pointe \u00e0 Pitre<\/li>\n<li>Day 9: Arrival Paris<\/li>\n<\/ul>\n<p>&nbsp;<\/p>\n<h4><strong>Price includes :<\/strong><\/h4>\n<ul>\n<li>Dinner on the first evening<\/li>\n<li>A breakfast base<\/li>\n<li>Cat A rental car for the duration of your stay<\/li>\n<li>Guided hike to La Soufri\u00e8re<\/li>\n<li>Scuba diving<\/li>\n<li>Canyoning<\/li>\n<li>Kayak + lunch<\/li>\n<li>Les saintes boat ticket<\/li>\n<li>The briefing to present the trip and the digital logbook<\/li>\n<\/ul>\n<p>&nbsp;<\/p>\n<h4><strong>Price does not include :<\/strong><\/h4>\n<ul>\n<li>Flight to Guadeloupe<\/li>\n<li>Lunch and breakfast<\/li>\n<li>Carbet parking and landing stage for the Saintes<\/li>\n<li>Fuel for your vehicle<\/li>\n<li>tips and anything else not included in the price list<\/li>\n<li>Options<\/li>\n<\/ul>\n<p>&nbsp;<\/p>\n<p><strong>Good to know:<\/strong> You'll receive your itinerary as soon as you book, along with a list of recommended equipment for a good sporting holiday in the tropics.<\/p>","protected":false},"excerpt":{"rendered":"<p>Book your multisport holiday in Guadeloupe and discover the Guadeloupe archipelago in a different way through sports and nature activities.<\/p>","protected":false},"featured_media":2564,"template":"","meta":[],"product_cat":[28],"product_tag":[131,130],"class_list":{"0":"post-1607","1":"product","2":"type-product","3":"status-publish","4":"has-post-thumbnail","6":"product_cat-sejours-sportifs-nature-guadeloupe","7":"product_tag-sejour-multi-sports-guadeloupe","8":"product_tag-sejour-randonnee-liberte","10":"first","11":"instock","12":"virtual","13":"sold-individually","14":"taxable","15":"purchasable","16":"product-type-booking"},"yoast_head":"<!-- This site is optimized with the Yoast SEO Premium plugin v25.3.1 (Yoast SEO v25.3.1) - https:\/\/yoast.com\/wordpress\/plugins\/seo\/ -->\n<title>S\u00e9jour Multisport en Guadeloupe - Activit\u00e9s et D\u00e9couvertes uniques - Vert Intense<\/title>\n<meta name=\"description\" content=\"D\u00e9couvrez la Guadeloupe \u00e0 travers des activit\u00e9s sportives et nature lors de notre S\u00e9jour Multisport. \u00c0 chaque jour, une nouvelle aventure vous attend! \ud83c\udf34\" \/>\n<meta name=\"robots\" content=\"index, follow, max-snippet:-1, max-image-preview:large, max-video-preview:-1\" \/>\n<link rel=\"canonical\" href=\"https:\/\/www.vert-intense.com\/en\/guadeloupe-business\/nature-sports-stays-guadeloupe\/multisport-stay\/\" \/>\n<meta property=\"og:locale\" content=\"en_US\" \/>\n<meta property=\"og:type\" content=\"article\" \/>\n<meta property=\"og:title\" content=\"S\u00e9jour Multisports 9 jours\" \/>\n<meta property=\"og:description\" content=\"D\u00e9couvrez la Guadeloupe \u00e0 travers des activit\u00e9s sportives et nature lors de notre S\u00e9jour Multisport. \u00c0 chaque jour, une nouvelle aventure vous attend! \ud83c\udf34\" \/>\n<meta property=\"og:url\" content=\"https:\/\/www.vert-intense.com\/en\/guadeloupe-business\/nature-sports-stays-guadeloupe\/multisport-stay\/\" \/>\n<meta property=\"og:site_name\" content=\"Vert Intense\" \/>\n<meta property=\"article:publisher\" content=\"https:\/\/www.facebook.com\/vertintense\" \/>\n<meta property=\"article:modified_time\" content=\"2025-05-04T15:43:28+00:00\" \/>\n<meta property=\"og:image\" content=\"https:\/\/www.vert-intense.com\/wp-content\/uploads\/2023\/12\/phot3-Copier-e1702653219335.jpg\" \/>\n\t<meta property=\"og:image:width\" content=\"1702\" \/>\n\t<meta property=\"og:image:height\" content=\"1280\" \/>\n\t<meta property=\"og:image:type\" content=\"image\/jpeg\" \/>\n<meta name=\"twitter:card\" content=\"summary_large_image\" \/>\n<meta name=\"twitter:label1\" content=\"Price\" \/>\n\t<meta name=\"twitter:data1\" content=\"960&euro;\" \/>\n\t<meta name=\"twitter:label2\" content=\"Availability\" \/>\n\t<meta name=\"twitter:data2\" content=\"In stock\" \/>\n<script type=\"application\/ld+json\" class=\"yoast-schema-graph\">{\"@context\":\"https:\/\/schema.org\",\"@graph\":[{\"@type\":\"WebPage\",\"@id\":\"https:\/\/www.vert-intense.com\/activite-guadeloupe\/sejours-sportifs-nature-guadeloupe\/sejour-multisport\/\",\"url\":\"https:\/\/www.vert-intense.com\/activite-guadeloupe\/sejours-sportifs-nature-guadeloupe\/sejour-multisport\/\",\"name\":\"S\u00e9jour Multisport en Guadeloupe - Activit\u00e9s et D\u00e9couvertes uniques - Vert Intense\",\"isPartOf\":{\"@id\":\"https:\/\/www.vert-intense.com\/#website\"},\"primaryImageOfPage\":{\"@id\":\"https:\/\/www.vert-intense.com\/activite-guadeloupe\/sejours-sportifs-nature-guadeloupe\/sejour-multisport\/#primaryimage\"},\"image\":{\"@id\":\"https:\/\/www.vert-intense.com\/activite-guadeloupe\/sejours-sportifs-nature-guadeloupe\/sejour-multisport\/#primaryimage\"},\"thumbnailUrl\":\"https:\/\/i0.wp.com\/www.vert-intense.com\/wp-content\/uploads\/2023\/12\/phot3-Copier-e1702653219335.jpg?fit=1702%2C1280&ssl=1\",\"datePublished\":\"2023-08-01T14:06:55+00:00\",\"dateModified\":\"2025-05-04T15:43:28+00:00\",\"description\":\"D\u00e9couvrez la Guadeloupe \u00e0 travers des activit\u00e9s sportives et nature lors de notre S\u00e9jour Multisport. \u00c0 chaque jour, une nouvelle aventure vous attend! \ud83c\udf34\",\"breadcrumb\":{\"@id\":\"https:\/\/www.vert-intense.com\/activite-guadeloupe\/sejours-sportifs-nature-guadeloupe\/sejour-multisport\/#breadcrumb\"},\"inLanguage\":\"en-US\",\"potentialAction\":[{\"@type\":\"ReadAction\",\"target\":[\"https:\/\/www.vert-intense.com\/activite-guadeloupe\/sejours-sportifs-nature-guadeloupe\/sejour-multisport\/\"]}]},{\"@type\":\"ImageObject\",\"inLanguage\":\"en-US\",\"@id\":\"https:\/\/www.vert-intense.com\/activite-guadeloupe\/sejours-sportifs-nature-guadeloupe\/sejour-multisport\/#primaryimage\",\"url\":\"https:\/\/i0.wp.com\/www.vert-intense.com\/wp-content\/uploads\/2023\/12\/phot3-Copier-e1702653219335.jpg?fit=1702%2C1280&ssl=1\",\"contentUrl\":\"https:\/\/i0.wp.com\/www.vert-intense.com\/wp-content\/uploads\/2023\/12\/phot3-Copier-e1702653219335.jpg?fit=1702%2C1280&ssl=1\",\"width\":1702,\"height\":1280,\"caption\":\"journ\u00e9e kayak Guadeloupe, s\u00e9jour multisport Vert Intense\"},{\"@type\":\"BreadcrumbList\",\"@id\":\"https:\/\/www.vert-intense.com\/activite-guadeloupe\/sejours-sportifs-nature-guadeloupe\/sejour-multisport\/#breadcrumb\",\"itemListElement\":[{\"@type\":\"ListItem\",\"position\":1,\"name\":\"Accueil\",\"item\":\"https:\/\/www.vert-intense.com\/\"},{\"@type\":\"ListItem\",\"position\":2,\"name\":\"Activit\u00e9s nature en Guadeloupe\",\"item\":\"https:\/\/www.vert-intense.com\/\"},{\"@type\":\"ListItem\",\"position\":3,\"name\":\"S\u00e9jour Multisports 9 jours\"}]},{\"@type\":\"WebSite\",\"@id\":\"https:\/\/www.vert-intense.com\/#website\",\"url\":\"https:\/\/www.vert-intense.com\/\",\"name\":\"Vert-Intense\",\"description\":\"R\u00e9servez vos activit\u00e9s d\u00e9couvertes en Guadeloupe\",\"publisher\":{\"@id\":\"https:\/\/www.vert-intense.com\/#organization\"},\"potentialAction\":[{\"@type\":\"SearchAction\",\"target\":{\"@type\":\"EntryPoint\",\"urlTemplate\":\"https:\/\/www.vert-intense.com\/?s={search_term_string}\"},\"query-input\":{\"@type\":\"PropertyValueSpecification\",\"valueRequired\":true,\"valueName\":\"search_term_string\"}}],\"inLanguage\":\"en-US\"},{\"@type\":\"Organization\",\"@id\":\"https:\/\/www.vert-intense.com\/#organization\",\"name\":\"Vert-Intense\",\"url\":\"https:\/\/www.vert-intense.com\/\",\"logo\":{\"@type\":\"ImageObject\",\"inLanguage\":\"en-US\",\"@id\":\"https:\/\/www.vert-intense.com\/#\/schema\/logo\/image\/\",\"url\":\"https:\/\/i0.wp.com\/www.vert-intense.com\/wp-content\/uploads\/2023\/07\/logo.png?fit=960%2C960&ssl=1\",\"contentUrl\":\"https:\/\/i0.wp.com\/www.vert-intense.com\/wp-content\/uploads\/2023\/07\/logo.png?fit=960%2C960&ssl=1\",\"width\":960,\"height\":960,\"caption\":\"Vert-Intense\"},\"image\":{\"@id\":\"https:\/\/www.vert-intense.com\/#\/schema\/logo\/image\/\"},\"sameAs\":[\"https:\/\/www.facebook.com\/vertintense\",\"https:\/\/www.tripadvisor.fr\/Attraction_Review-g1644623-d1649481-Reviews-Vert_Intense-Saint_Claude_Basse_Terre_Island_Guadeloupe.html\",\"https:\/\/www.tiktok.com\/@vertintense\",\"https:\/\/www.instagram.com\/vertintenseguadeloupe\/\",\"https:\/\/www.youtube.com\/channel\/UCRymXR1Pa7n50AOgFy9n3bA\"]}]}<\/script>\n<meta property=\"product:price:amount\" content=\"960\" \/>\n<meta property=\"product:price:currency\" content=\"EUR\" \/>\n<meta property=\"og:availability\" content=\"instock\" \/>\n<meta property=\"product:availability\" content=\"instock\" \/>\n<meta property=\"product:condition\" content=\"new\" \/>\n<!-- \/ Yoast SEO Premium plugin. -->","yoast_head_json":{"title":"Multi-sport package in Guadeloupe - Unique activities and discoveries - Vert Intense","description":"Discover Guadeloupe through sports and nature activities on our Multisport Stay. A new adventure awaits you every day! \ud83c\udf34","robots":{"index":"index","follow":"follow","max-snippet":"max-snippet:-1","max-image-preview":"max-image-preview:large","max-video-preview":"max-video-preview:-1"},"canonical":"https:\/\/www.vert-intense.com\/en\/guadeloupe-business\/nature-sports-stays-guadeloupe\/multisport-stay\/","og_locale":"en_US","og_type":"article","og_title":"S\u00e9jour Multisports 9 jours","og_description":"D\u00e9couvrez la Guadeloupe \u00e0 travers des activit\u00e9s sportives et nature lors de notre S\u00e9jour Multisport. \u00c0 chaque jour, une nouvelle aventure vous attend! \ud83c\udf34","og_url":"https:\/\/www.vert-intense.com\/en\/guadeloupe-business\/nature-sports-stays-guadeloupe\/multisport-stay\/","og_site_name":"Vert Intense","article_publisher":"https:\/\/www.facebook.com\/vertintense","article_modified_time":"2025-05-04T15:43:28+00:00","og_image":[{"width":1702,"height":1280,"url":"https:\/\/www.vert-intense.com\/wp-content\/uploads\/2023\/12\/phot3-Copier-e1702653219335.jpg","type":"image\/jpeg"}],"twitter_card":"summary_large_image","twitter_misc":{"Price":"960&euro;","Availability":"In stock"},"schema":{"@context":"https:\/\/schema.org","@graph":[{"@type":"WebPage","@id":"https:\/\/www.vert-intense.com\/activite-guadeloupe\/sejours-sportifs-nature-guadeloupe\/sejour-multisport\/","url":"https:\/\/www.vert-intense.com\/activite-guadeloupe\/sejours-sportifs-nature-guadeloupe\/sejour-multisport\/","name":"Multi-sport package in Guadeloupe - Unique activities and discoveries - Vert Intense","isPartOf":{"@id":"https:\/\/www.vert-intense.com\/#website"},"primaryImageOfPage":{"@id":"https:\/\/www.vert-intense.com\/activite-guadeloupe\/sejours-sportifs-nature-guadeloupe\/sejour-multisport\/#primaryimage"},"image":{"@id":"https:\/\/www.vert-intense.com\/activite-guadeloupe\/sejours-sportifs-nature-guadeloupe\/sejour-multisport\/#primaryimage"},"thumbnailUrl":"https:\/\/i0.wp.com\/www.vert-intense.com\/wp-content\/uploads\/2023\/12\/phot3-Copier-e1702653219335.jpg?fit=1702%2C1280&ssl=1","datePublished":"2023-08-01T14:06:55+00:00","dateModified":"2025-05-04T15:43:28+00:00","description":"Discover Guadeloupe through sports and nature activities on our Multisport Stay. A new adventure awaits you every day! \ud83c\udf34","breadcrumb":{"@id":"https:\/\/www.vert-intense.com\/activite-guadeloupe\/sejours-sportifs-nature-guadeloupe\/sejour-multisport\/#breadcrumb"},"inLanguage":"en-US","potentialAction":[{"@type":"ReadAction","target":["https:\/\/www.vert-intense.com\/activite-guadeloupe\/sejours-sportifs-nature-guadeloupe\/sejour-multisport\/"]}]},{"@type":"ImageObject","inLanguage":"en-US","@id":"https:\/\/www.vert-intense.com\/activite-guadeloupe\/sejours-sportifs-nature-guadeloupe\/sejour-multisport\/#primaryimage","url":"https:\/\/i0.wp.com\/www.vert-intense.com\/wp-content\/uploads\/2023\/12\/phot3-Copier-e1702653219335.jpg?fit=1702%2C1280&ssl=1","contentUrl":"https:\/\/i0.wp.com\/www.vert-intense.com\/wp-content\/uploads\/2023\/12\/phot3-Copier-e1702653219335.jpg?fit=1702%2C1280&ssl=1","width":1702,"height":1280,"caption":"journ\u00e9e kayak Guadeloupe, s\u00e9jour multisport Vert Intense"},{"@type":"BreadcrumbList","@id":"https:\/\/www.vert-intense.com\/activite-guadeloupe\/sejours-sportifs-nature-guadeloupe\/sejour-multisport\/#breadcrumb","itemListElement":[{"@type":"ListItem","position":1,"name":"Accueil","item":"https:\/\/www.vert-intense.com\/"},{"@type":"ListItem","position":2,"name":"Activit\u00e9s nature en Guadeloupe","item":"https:\/\/www.vert-intense.com\/"},{"@type":"ListItem","position":3,"name":"S\u00e9jour Multisports 9 jours"}]},{"@type":"WebSite","@id":"https:\/\/www.vert-intense.com\/#website","url":"https:\/\/www.vert-intense.com\/","name":"Intense Green","description":"Book your discovery activities in Guadeloupe","publisher":{"@id":"https:\/\/www.vert-intense.com\/#organization"},"potentialAction":[{"@type":"SearchAction","target":{"@type":"EntryPoint","urlTemplate":"https:\/\/www.vert-intense.com\/?s={search_term_string}"},"query-input":{"@type":"PropertyValueSpecification","valueRequired":true,"valueName":"search_term_string"}}],"inLanguage":"en-US"},{"@type":"Organization","@id":"https:\/\/www.vert-intense.com\/#organization","name":"Intense Green","url":"https:\/\/www.vert-intense.com\/","logo":{"@type":"ImageObject","inLanguage":"en-US","@id":"https:\/\/www.vert-intense.com\/#\/schema\/logo\/image\/","url":"https:\/\/i0.wp.com\/www.vert-intense.com\/wp-content\/uploads\/2023\/07\/logo.png?fit=960%2C960&ssl=1","contentUrl":"https:\/\/i0.wp.com\/www.vert-intense.com\/wp-content\/uploads\/2023\/07\/logo.png?fit=960%2C960&ssl=1","width":960,"height":960,"caption":"Vert-Intense"},"image":{"@id":"https:\/\/www.vert-intense.com\/#\/schema\/logo\/image\/"},"sameAs":["https:\/\/www.facebook.com\/vertintense","https:\/\/www.tripadvisor.fr\/Attraction_Review-g1644623-d1649481-Reviews-Vert_Intense-Saint_Claude_Basse_Terre_Island_Guadeloupe.html","https:\/\/www.tiktok.com\/@vertintense","https:\/\/www.instagram.com\/vertintenseguadeloupe\/","https:\/\/www.youtube.com\/channel\/UCRymXR1Pa7n50AOgFy9n3bA"]}]},"product_price_amount":"960","product_price_currency":"EUR","og_availability":"instock","product_availability":"instock","product_condition":"new"},"jetpack_sharing_enabled":true,"_links":{"self":[{"href":"https:\/\/www.vert-intense.com\/en\/wp-json\/wp\/v2\/product\/1607"}],"collection":[{"href":"https:\/\/www.vert-intense.com\/en\/wp-json\/wp\/v2\/product"}],"about":[{"href":"https:\/\/www.vert-intense.com\/en\/wp-json\/wp\/v2\/types\/product"}],"wp:featuredmedia":[{"embeddable":true,"href":"https:\/\/www.vert-intense.com\/en\/wp-json\/wp\/v2\/media\/2564"}],"wp:attachment":[{"href":"https:\/\/www.vert-intense.com\/en\/wp-json\/wp\/v2\/media?parent=1607"}],"wp:term":[{"taxonomy":"product_cat","embeddable":true,"href":"https:\/\/www.vert-intense.com\/en\/wp-json\/wp\/v2\/product_cat?post=1607"},{"taxonomy":"product_tag","embeddable":true,"href":"https:\/\/www.vert-intense.com\/en\/wp-json\/wp\/v2\/product_tag?post=1607"}],"curies":[{"name":"wp","href":"https:\/\/api.w.org\/{rel}","templated":true}]}}