{"id":1603,"date":"2023-08-01T16:05:01","date_gmt":"2023-08-01T14:05:01","guid":{"rendered":"http:\/\/xedhqzi.cluster100.hosting.ovh.net\/?post_type=product&#038;p=1603"},"modified":"2025-11-03T13:43:00","modified_gmt":"2025-11-03T17:43:00","slug":"nature-stopover","status":"publish","type":"product","link":"https:\/\/www.vert-intense.com\/en\/guadeloupe-business\/nature-sports-stays-guadeloupe\/nature-stopover\/","title":{"rendered":"Escale Nature"},"content":{"rendered":"<h3 style=\"text-align: center;\">Escale Nature in Guadeloupe<\/h3>\n<p>&nbsp;<\/p>\n<p>Une nuit aux Bananes Vertes + une randonn\u00e9e guid\u00e9e au sommet du volcan de la Soufri\u00e8re. Nous vous proposons avec cette escale nature en Guadeloupe un petit changement d&#8217;air, une pause sur les hauteurs de la Basse Terre, pour vivre aux rythmes de la for\u00eat tropicale.<\/p>\n<p>&nbsp;<\/p>\n<h4>Program details :<\/h4>\n<p>&nbsp;<\/p>\n<ul>\n<li><strong>Day 1<\/strong><strong> :<\/strong> accueil aux Bananes Vertes \u00e0 partir de 15 h00. Remise d&#8217;un voucher pour la sortie du lendemain, briefing pour vous indiquer les incontournables du sud Basse Terre\u2026<\/li>\n<\/ul>\n<p>&nbsp;<\/p>\n<ul>\n<li><strong>Day 2 :<\/strong> Rdv 7h30 au parking des Bains Jaunes pour l&#8217;ascension du volcan de la Soufri\u00e8re. Dur\u00e9e de la randonn\u00e9e environ 5 heures, votre guide vous explique le volcanisme et son influence sur l\u2019\u00eele. Au sommet, il vous fait d\u00e9couvrir les zones les plus actives du volcan \u00e9quip\u00e9s de votre masque de protection (fourni).<\/li>\n<\/ul>\n<p>&nbsp;<\/p>\n<ul>\n<li>The rate is quoted on the basis of two people sharing the same room. The tourist tax of \u20ac0.80 per night per adult is extra.<\/li>\n<\/ul>\n<p>&nbsp;<\/p>\n<p>&nbsp;<\/p>","protected":false},"excerpt":{"rendered":"<p>Looking for a change of scenery? Book our nature break: a night at Bananes Vertes + a canyoning trip in one of Guadeloupe's most beautiful rivers.  And enjoy a break in the heights of Basse-Terre, to live to the rhythm of the tropical forest.<\/p>","protected":false},"featured_media":2572,"template":"","meta":[],"product_cat":[28],"product_tag":[132,126,131,130],"class_list":{"0":"post-1603","1":"product","2":"type-product","3":"status-publish","4":"has-post-thumbnail","6":"product_cat-sejours-sportifs-nature-guadeloupe","7":"product_tag-escale-et-escapade","8":"product_tag-randonnee-bleu-niveau-moyen","9":"product_tag-sejour-multi-sports-guadeloupe","10":"product_tag-sejour-randonnee-liberte","12":"first","13":"instock","14":"virtual","15":"sold-individually","16":"taxable","17":"purchasable","18":"product-type-booking"},"yoast_head":"<!-- This site is optimized with the Yoast SEO Premium plugin v25.3.1 (Yoast SEO v25.3.1) - https:\/\/yoast.com\/wordpress\/plugins\/seo\/ -->\n<title>Escale nature en Guadeloupe: Changez d&#039;Air et Explorez la Nature - Vert Intense<\/title>\n<meta name=\"description\" content=\"Offrez vous notre escale nature en Guadeloupe. D\u00e9couvrez les Bananes Vertes et la Soufri\u00e8re lors d&#039;une randonn\u00e9e guid\u00e9e. R\u00e9servez d\u00e8s maintenant!\" \/>\n<meta name=\"robots\" content=\"index, follow, max-snippet:-1, max-image-preview:large, max-video-preview:-1\" \/>\n<link rel=\"canonical\" href=\"https:\/\/www.vert-intense.com\/en\/guadeloupe-business\/nature-sports-stays-guadeloupe\/nature-stopover\/\" \/>\n<meta property=\"og:locale\" content=\"en_US\" \/>\n<meta property=\"og:type\" content=\"article\" \/>\n<meta property=\"og:title\" content=\"Escale Nature\" \/>\n<meta property=\"og:description\" content=\"Offrez vous notre escale nature en Guadeloupe. D\u00e9couvrez les Bananes Vertes et la Soufri\u00e8re lors d&#039;une randonn\u00e9e guid\u00e9e. R\u00e9servez d\u00e8s maintenant!\" \/>\n<meta property=\"og:url\" content=\"https:\/\/www.vert-intense.com\/en\/guadeloupe-business\/nature-sports-stays-guadeloupe\/nature-stopover\/\" \/>\n<meta property=\"og:site_name\" content=\"Vert Intense\" \/>\n<meta property=\"article:publisher\" content=\"https:\/\/www.facebook.com\/vertintense\" \/>\n<meta property=\"article:modified_time\" content=\"2025-11-03T17:43:00+00:00\" \/>\n<meta property=\"og:image\" content=\"https:\/\/www.vert-intense.com\/wp-content\/uploads\/2023\/12\/laciterne-e1702649162492.jpg\" \/>\n\t<meta property=\"og:image:width\" content=\"1241\" \/>\n\t<meta property=\"og:image:height\" content=\"933\" \/>\n\t<meta property=\"og:image:type\" content=\"image\/jpeg\" \/>\n<meta name=\"twitter:card\" content=\"summary_large_image\" \/>\n<meta name=\"twitter:label1\" content=\"Price\" \/>\n\t<meta name=\"twitter:data1\" content=\"110&euro;\" \/>\n\t<meta name=\"twitter:label2\" content=\"Availability\" \/>\n\t<meta name=\"twitter:data2\" content=\"In stock\" \/>\n<script type=\"application\/ld+json\" class=\"yoast-schema-graph\">{\"@context\":\"https:\/\/schema.org\",\"@graph\":[{\"@type\":\"WebPage\",\"@id\":\"https:\/\/www.vert-intense.com\/activite-guadeloupe\/sejours-sportifs-nature-guadeloupe\/escale-nature\/\",\"url\":\"https:\/\/www.vert-intense.com\/activite-guadeloupe\/sejours-sportifs-nature-guadeloupe\/escale-nature\/\",\"name\":\"Escale nature en Guadeloupe: Changez d'Air et Explorez la Nature - Vert Intense\",\"isPartOf\":{\"@id\":\"https:\/\/www.vert-intense.com\/#website\"},\"primaryImageOfPage\":{\"@id\":\"https:\/\/www.vert-intense.com\/activite-guadeloupe\/sejours-sportifs-nature-guadeloupe\/escale-nature\/#primaryimage\"},\"image\":{\"@id\":\"https:\/\/www.vert-intense.com\/activite-guadeloupe\/sejours-sportifs-nature-guadeloupe\/escale-nature\/#primaryimage\"},\"thumbnailUrl\":\"https:\/\/i0.wp.com\/www.vert-intense.com\/wp-content\/uploads\/2023\/12\/laciterne-e1702649162492.jpg?fit=1241%2C933&ssl=1\",\"datePublished\":\"2023-08-01T14:05:01+00:00\",\"dateModified\":\"2025-11-03T17:43:00+00:00\",\"description\":\"Offrez vous notre escale nature en Guadeloupe. D\u00e9couvrez les Bananes Vertes et la Soufri\u00e8re lors d'une randonn\u00e9e guid\u00e9e. R\u00e9servez d\u00e8s maintenant!\",\"breadcrumb\":{\"@id\":\"https:\/\/www.vert-intense.com\/activite-guadeloupe\/sejours-sportifs-nature-guadeloupe\/escale-nature\/#breadcrumb\"},\"inLanguage\":\"en-US\",\"potentialAction\":[{\"@type\":\"ReadAction\",\"target\":[\"https:\/\/www.vert-intense.com\/activite-guadeloupe\/sejours-sportifs-nature-guadeloupe\/escale-nature\/\"]}]},{\"@type\":\"ImageObject\",\"inLanguage\":\"en-US\",\"@id\":\"https:\/\/www.vert-intense.com\/activite-guadeloupe\/sejours-sportifs-nature-guadeloupe\/escale-nature\/#primaryimage\",\"url\":\"https:\/\/i0.wp.com\/www.vert-intense.com\/wp-content\/uploads\/2023\/12\/laciterne-e1702649162492.jpg?fit=1241%2C933&ssl=1\",\"contentUrl\":\"https:\/\/i0.wp.com\/www.vert-intense.com\/wp-content\/uploads\/2023\/12\/laciterne-e1702649162492.jpg?fit=1241%2C933&ssl=1\",\"width\":1241,\"height\":933,\"caption\":\"Volcan de la Citerne, et vue sur les iles des Saintes Guadeloupe\"},{\"@type\":\"BreadcrumbList\",\"@id\":\"https:\/\/www.vert-intense.com\/activite-guadeloupe\/sejours-sportifs-nature-guadeloupe\/escale-nature\/#breadcrumb\",\"itemListElement\":[{\"@type\":\"ListItem\",\"position\":1,\"name\":\"Accueil\",\"item\":\"https:\/\/www.vert-intense.com\/\"},{\"@type\":\"ListItem\",\"position\":2,\"name\":\"Activit\u00e9s nature en Guadeloupe\",\"item\":\"https:\/\/www.vert-intense.com\/\"},{\"@type\":\"ListItem\",\"position\":3,\"name\":\"Escale Nature\"}]},{\"@type\":\"WebSite\",\"@id\":\"https:\/\/www.vert-intense.com\/#website\",\"url\":\"https:\/\/www.vert-intense.com\/\",\"name\":\"Vert-Intense\",\"description\":\"R\u00e9servez vos activit\u00e9s d\u00e9couvertes en Guadeloupe\",\"publisher\":{\"@id\":\"https:\/\/www.vert-intense.com\/#organization\"},\"potentialAction\":[{\"@type\":\"SearchAction\",\"target\":{\"@type\":\"EntryPoint\",\"urlTemplate\":\"https:\/\/www.vert-intense.com\/?s={search_term_string}\"},\"query-input\":{\"@type\":\"PropertyValueSpecification\",\"valueRequired\":true,\"valueName\":\"search_term_string\"}}],\"inLanguage\":\"en-US\"},{\"@type\":\"Organization\",\"@id\":\"https:\/\/www.vert-intense.com\/#organization\",\"name\":\"Vert-Intense\",\"url\":\"https:\/\/www.vert-intense.com\/\",\"logo\":{\"@type\":\"ImageObject\",\"inLanguage\":\"en-US\",\"@id\":\"https:\/\/www.vert-intense.com\/#\/schema\/logo\/image\/\",\"url\":\"https:\/\/i0.wp.com\/www.vert-intense.com\/wp-content\/uploads\/2023\/07\/logo.png?fit=960%2C960&ssl=1\",\"contentUrl\":\"https:\/\/i0.wp.com\/www.vert-intense.com\/wp-content\/uploads\/2023\/07\/logo.png?fit=960%2C960&ssl=1\",\"width\":960,\"height\":960,\"caption\":\"Vert-Intense\"},\"image\":{\"@id\":\"https:\/\/www.vert-intense.com\/#\/schema\/logo\/image\/\"},\"sameAs\":[\"https:\/\/www.facebook.com\/vertintense\",\"https:\/\/www.tripadvisor.fr\/Attraction_Review-g1644623-d1649481-Reviews-Vert_Intense-Saint_Claude_Basse_Terre_Island_Guadeloupe.html\",\"https:\/\/www.tiktok.com\/@vertintense\",\"https:\/\/www.instagram.com\/vertintenseguadeloupe\/\",\"https:\/\/www.youtube.com\/channel\/UCRymXR1Pa7n50AOgFy9n3bA\"]}]}<\/script>\n<meta property=\"product:price:amount\" content=\"110\" \/>\n<meta property=\"product:price:currency\" content=\"EUR\" \/>\n<meta property=\"og:availability\" content=\"instock\" \/>\n<meta property=\"product:availability\" content=\"instock\" \/>\n<meta property=\"product:condition\" content=\"new\" \/>\n<!-- \/ Yoast SEO Premium plugin. -->","yoast_head_json":{"title":"Nature break in Guadeloupe: Change of Air and Explore Nature - Vert Intense","description":"Treat yourself to our nature break in Guadeloupe. Discover the Green Bananas and the Soufri\u00e8re on a guided hike. Book now!","robots":{"index":"index","follow":"follow","max-snippet":"max-snippet:-1","max-image-preview":"max-image-preview:large","max-video-preview":"max-video-preview:-1"},"canonical":"https:\/\/www.vert-intense.com\/en\/guadeloupe-business\/nature-sports-stays-guadeloupe\/nature-stopover\/","og_locale":"en_US","og_type":"article","og_title":"Escale Nature","og_description":"Offrez vous notre escale nature en Guadeloupe. D\u00e9couvrez les Bananes Vertes et la Soufri\u00e8re lors d'une randonn\u00e9e guid\u00e9e. R\u00e9servez d\u00e8s maintenant!","og_url":"https:\/\/www.vert-intense.com\/en\/guadeloupe-business\/nature-sports-stays-guadeloupe\/nature-stopover\/","og_site_name":"Vert Intense","article_publisher":"https:\/\/www.facebook.com\/vertintense","article_modified_time":"2025-11-03T17:43:00+00:00","og_image":[{"width":1241,"height":933,"url":"https:\/\/www.vert-intense.com\/wp-content\/uploads\/2023\/12\/laciterne-e1702649162492.jpg","type":"image\/jpeg"}],"twitter_card":"summary_large_image","twitter_misc":{"Price":"110&euro;","Availability":"In stock"},"schema":{"@context":"https:\/\/schema.org","@graph":[{"@type":"WebPage","@id":"https:\/\/www.vert-intense.com\/activite-guadeloupe\/sejours-sportifs-nature-guadeloupe\/escale-nature\/","url":"https:\/\/www.vert-intense.com\/activite-guadeloupe\/sejours-sportifs-nature-guadeloupe\/escale-nature\/","name":"Nature break in Guadeloupe: Change of Air and Explore Nature - Vert Intense","isPartOf":{"@id":"https:\/\/www.vert-intense.com\/#website"},"primaryImageOfPage":{"@id":"https:\/\/www.vert-intense.com\/activite-guadeloupe\/sejours-sportifs-nature-guadeloupe\/escale-nature\/#primaryimage"},"image":{"@id":"https:\/\/www.vert-intense.com\/activite-guadeloupe\/sejours-sportifs-nature-guadeloupe\/escale-nature\/#primaryimage"},"thumbnailUrl":"https:\/\/i0.wp.com\/www.vert-intense.com\/wp-content\/uploads\/2023\/12\/laciterne-e1702649162492.jpg?fit=1241%2C933&ssl=1","datePublished":"2023-08-01T14:05:01+00:00","dateModified":"2025-11-03T17:43:00+00:00","description":"Treat yourself to our nature break in Guadeloupe. Discover the Green Bananas and the Soufri\u00e8re on a guided hike. Book now!","breadcrumb":{"@id":"https:\/\/www.vert-intense.com\/activite-guadeloupe\/sejours-sportifs-nature-guadeloupe\/escale-nature\/#breadcrumb"},"inLanguage":"en-US","potentialAction":[{"@type":"ReadAction","target":["https:\/\/www.vert-intense.com\/activite-guadeloupe\/sejours-sportifs-nature-guadeloupe\/escale-nature\/"]}]},{"@type":"ImageObject","inLanguage":"en-US","@id":"https:\/\/www.vert-intense.com\/activite-guadeloupe\/sejours-sportifs-nature-guadeloupe\/escale-nature\/#primaryimage","url":"https:\/\/i0.wp.com\/www.vert-intense.com\/wp-content\/uploads\/2023\/12\/laciterne-e1702649162492.jpg?fit=1241%2C933&ssl=1","contentUrl":"https:\/\/i0.wp.com\/www.vert-intense.com\/wp-content\/uploads\/2023\/12\/laciterne-e1702649162492.jpg?fit=1241%2C933&ssl=1","width":1241,"height":933,"caption":"Volcan de la Citerne, et vue sur les iles des Saintes Guadeloupe"},{"@type":"BreadcrumbList","@id":"https:\/\/www.vert-intense.com\/activite-guadeloupe\/sejours-sportifs-nature-guadeloupe\/escale-nature\/#breadcrumb","itemListElement":[{"@type":"ListItem","position":1,"name":"Accueil","item":"https:\/\/www.vert-intense.com\/"},{"@type":"ListItem","position":2,"name":"Activit\u00e9s nature en Guadeloupe","item":"https:\/\/www.vert-intense.com\/"},{"@type":"ListItem","position":3,"name":"Escale Nature"}]},{"@type":"WebSite","@id":"https:\/\/www.vert-intense.com\/#website","url":"https:\/\/www.vert-intense.com\/","name":"Intense Green","description":"Book your discovery activities in Guadeloupe","publisher":{"@id":"https:\/\/www.vert-intense.com\/#organization"},"potentialAction":[{"@type":"SearchAction","target":{"@type":"EntryPoint","urlTemplate":"https:\/\/www.vert-intense.com\/?s={search_term_string}"},"query-input":{"@type":"PropertyValueSpecification","valueRequired":true,"valueName":"search_term_string"}}],"inLanguage":"en-US"},{"@type":"Organization","@id":"https:\/\/www.vert-intense.com\/#organization","name":"Intense Green","url":"https:\/\/www.vert-intense.com\/","logo":{"@type":"ImageObject","inLanguage":"en-US","@id":"https:\/\/www.vert-intense.com\/#\/schema\/logo\/image\/","url":"https:\/\/i0.wp.com\/www.vert-intense.com\/wp-content\/uploads\/2023\/07\/logo.png?fit=960%2C960&ssl=1","contentUrl":"https:\/\/i0.wp.com\/www.vert-intense.com\/wp-content\/uploads\/2023\/07\/logo.png?fit=960%2C960&ssl=1","width":960,"height":960,"caption":"Vert-Intense"},"image":{"@id":"https:\/\/www.vert-intense.com\/#\/schema\/logo\/image\/"},"sameAs":["https:\/\/www.facebook.com\/vertintense","https:\/\/www.tripadvisor.fr\/Attraction_Review-g1644623-d1649481-Reviews-Vert_Intense-Saint_Claude_Basse_Terre_Island_Guadeloupe.html","https:\/\/www.tiktok.com\/@vertintense","https:\/\/www.instagram.com\/vertintenseguadeloupe\/","https:\/\/www.youtube.com\/channel\/UCRymXR1Pa7n50AOgFy9n3bA"]}]},"product_price_amount":"110","product_price_currency":"EUR","og_availability":"instock","product_availability":"instock","product_condition":"new"},"jetpack_sharing_enabled":true,"_links":{"self":[{"href":"https:\/\/www.vert-intense.com\/en\/wp-json\/wp\/v2\/product\/1603"}],"collection":[{"href":"https:\/\/www.vert-intense.com\/en\/wp-json\/wp\/v2\/product"}],"about":[{"href":"https:\/\/www.vert-intense.com\/en\/wp-json\/wp\/v2\/types\/product"}],"wp:featuredmedia":[{"embeddable":true,"href":"https:\/\/www.vert-intense.com\/en\/wp-json\/wp\/v2\/media\/2572"}],"wp:attachment":[{"href":"https:\/\/www.vert-intense.com\/en\/wp-json\/wp\/v2\/media?parent=1603"}],"wp:term":[{"taxonomy":"product_cat","embeddable":true,"href":"https:\/\/www.vert-intense.com\/en\/wp-json\/wp\/v2\/product_cat?post=1603"},{"taxonomy":"product_tag","embeddable":true,"href":"https:\/\/www.vert-intense.com\/en\/wp-json\/wp\/v2\/product_tag?post=1603"}],"curies":[{"name":"wp","href":"https:\/\/api.w.org\/{rel}","templated":true}]}}