{"id":1591,"date":"2023-08-01T15:44:15","date_gmt":"2023-08-01T13:44:15","guid":{"rendered":"http:\/\/xedhqzi.cluster100.hosting.ovh.net\/?post_type=product&#038;p=1591"},"modified":"2026-04-18T17:37:58","modified_gmt":"2026-04-18T21:37:58","slug":"hiking-in-la-soufriere-guadeloupe","status":"publish","type":"product","link":"https:\/\/www.vert-intense.com\/en\/guadeloupe-business\/hiking-in-guadeloupe\/hiking-in-la-soufriere-guadeloupe\/","title":{"rendered":"Hiking in Soufri\u00e8re"},"content":{"rendered":"<h3 style=\"text-align: center;\"><strong>Guided hike to the summit of Guadeloupe's Soufri\u00e8re Mountain<\/strong><\/h3>\n<p>&nbsp;<\/p>\n<p><span style=\"font-weight: 400;\">Guided walk <\/span>at the summit of Guadeloupe's Soufri\u00e8re with a qualified guide, get up close to volcanic activity, an unusual hiking experience not to be missed.<\/p>\n<p>Go to the summit of La Soufri\u00e8re, to discover an explosive volcano active in Guadeloupe, where your guide will explain volcanism and its influence on the island of Guadeloupe. Equipped with your gas mask (supplied), you'll enter the active zone of the Soufri\u00e8re volcano, which is closed to the public, and be amazed by the chasms and permanent fumaroles.<\/p>\n<p>&nbsp;<\/p>\n<h4><b>Process<\/b><\/h4>\n<p>&nbsp;<\/p>\n<p><u><strong>Preparation<\/strong> :<\/u><\/p>\n<p>Your guide will be waiting for you at the Bains Jaunes parking lot in Saint-Claude.  As soon as the group is complete, your guide will brief you on the itinerary and progress of your hike on Guadeloupe's Soufri\u00e8re volcano. He also hands out a gas mask to everyone.<\/p>\n<p><u><b>Departure:<\/b><\/u><\/p>\n<p>First, the ascent of Pas du Roy with 200 m of ascent to reach the foot of the Soufri\u00e8re volcano. After that, you're at the Savane \u00e0 Mulets and the difficulties begin. Then we really begin the ascent on the very flank of the Soufri\u00e8re volcano. You're now on a real mountain trail.<\/p>\n<p><u><b>At the summit :<\/b><\/u><\/p>\n<p>So here you are, at the summit of Guadeloupe's Soufri\u00e8re, on a summit plateau at 1467 metres. And it's time to don your gas masks. As the fumaroles roar, you'll be surprised by the smell of sulfur emanating from the various craters. Then it's time to head back down, and weather permitting, your guide chooses a different route to discover another face of the mountain.<\/p>\n<p><u><b>Arrival:<\/b><\/u><\/p>\n<p>The guided hike to the summit of Guadeloupe's Soufri\u00e8re takes you to the Bains Jaunes, a stone pool heated naturally by the Soufri\u00e8re volcano. After the climb, the bath is refreshing!<br \/>\nAnd this is also where the cars meet and where you part company with your guide.<\/p>\n<p>&nbsp;<\/p>\n<h4><b>Information on the route of the guided hike to the summit of La Soufri\u00e8re volcano<\/b><\/h4>\n<ul>\n<li>Mountain trail: moderate technical difficulty<\/li>\n<li>Description: Mountain trail with passages requiring the use of the hands.<\/li>\n<li>Itinerary: Guadeloupe Soufri\u00e8re trail<\/li>\n<li>Total duration: approx. 5 h00<\/li>\n<\/ul>\n<h4><\/h4>\n<p>&nbsp;<\/p>\n<h4><b>Services included :<\/b><\/h4>\n<ul>\n<li>Certified hiking guide explaining Guadeloupe's volcanism, flora and fauna<\/li>\n<li>Gas mask<\/li>\n<\/ul>\n<p>&nbsp;<\/p>\n<h4><b>What to bring :<\/b><\/h4>\n<ul>\n<li>Hiking bag and waterproof pouch<\/li>\n<li>Water supply and snacks<\/li>\n<li>Trail-type hiking shoes<\/li>\n<li>Rain gear, warm fleece top and sun protection<\/li>\n<li>Bathing suit and towel, and a change of clothes: it often rains on the volcano.<\/li>\n<\/ul>\n<h4><\/h4>\n<p>&nbsp;<\/p>\n<h4><b>Conditions:<\/b><\/h4>\n<ul>\n<li>Minimum age: 8 years<\/li>\n<li>Good physical fitness<\/li>\n<li>The weather on the volcano can change rapidly, so make sure you have everything you need for your hiking gear.<\/li>\n<\/ul>\n<p>&nbsp;<\/p>\n<p>In the event of weather-related cancellations, we will offer you a new date or a refund.<\/p>\n<h4><\/h4>\n<h4>Before your trip :<\/h4>\n<p>In general, we recommend booking at least one week in advance, especially in high season.<\/p>\n<p>If you'd like to find out more, just click on our blog: <a href=\"https:\/\/www.vert-intense.com\/en\/climbing-the-soufriere-volcano-and-its-secrets-guadeloupe\/\" target=\"_blank\" rel=\"noopener\">La Soufri\u00e8re<\/a><\/p>\n<p>Do you have children? <a href=\"https:\/\/www.vert-intense.com\/en\/the-soufriere-volcano-with-children\/\" target=\"_blank\" rel=\"noopener\">here are a few tips\u00a0<\/a><\/p>","protected":false},"excerpt":{"rendered":"[xyz-ips snippet=\"sejour-category-spec\"]\n<p class=\"ai-optimize-22\"><span style=\"font-weight: 400;\">Guided walk <\/span>at the summit of Guadeloupe's Soufri\u00e8re with a qualified guide, get up close to volcanic activity, an unusual hiking experience not to be missed.<\/p>","protected":false},"featured_media":2334,"template":"","meta":[],"product_cat":[60],"product_tag":[125,127,132],"class_list":{"0":"post-1591","1":"product","2":"type-product","3":"status-publish","4":"has-post-thumbnail","6":"product_cat-randonnee-guadeloupe","7":"product_tag-canyoning-bleu-niveau-moyen","8":"product_tag-canyoning-vert-niveau-facile","9":"product_tag-escale-et-escapade","11":"first","12":"instock","13":"virtual","14":"sold-individually","15":"taxable","16":"purchasable","17":"product-type-booking"},"yoast_head":"<!-- This site is optimized with the Yoast SEO Premium plugin v25.3.1 (Yoast SEO v25.3.1) - https:\/\/yoast.com\/wordpress\/plugins\/seo\/ -->\n<title>Randonn\u00e9e Guid\u00e9e au sommet de la Soufri\u00e8re de Guadeloupe<\/title>\n<meta name=\"description\" content=\"Randonn\u00e9e au sommet de la Soufri\u00e8re de Guadeloupe avec un Guide dipl\u00f4m\u00e9 Approcher au plus pr\u00e8s d l&#039;activit\u00e9, une exp\u00e9rience unique \u00e0 ne pas manquer!\" \/>\n<meta name=\"robots\" content=\"index, follow, max-snippet:-1, max-image-preview:large, max-video-preview:-1\" \/>\n<link rel=\"canonical\" href=\"https:\/\/www.vert-intense.com\/en\/guadeloupe-business\/hiking-in-guadeloupe\/hiking-in-la-soufriere-guadeloupe\/\" \/>\n<meta property=\"og:locale\" content=\"en_US\" \/>\n<meta property=\"og:type\" content=\"article\" \/>\n<meta property=\"og:title\" content=\"Randonn\u00e9e au sommet de la Soufri\u00e8re de Guadeloupe : Exp\u00e9rience unique\" \/>\n<meta property=\"og:description\" content=\"D\u00e9couvrez les merveilles de la Soufri\u00e8re de Guadeloupe lors d&#039;une aventure fascinante avec un guide dipl\u00f4m\u00e9. Explorez les fumerolles et les gouffres du volcan actif. R\u00e9servez d\u00e8s maintenant!\" \/>\n<meta property=\"og:url\" content=\"https:\/\/www.vert-intense.com\/en\/guadeloupe-business\/hiking-in-guadeloupe\/hiking-in-la-soufriere-guadeloupe\/\" \/>\n<meta property=\"og:site_name\" content=\"Vert Intense\" \/>\n<meta property=\"article:publisher\" content=\"https:\/\/www.facebook.com\/vertintense\" \/>\n<meta property=\"article:modified_time\" content=\"2026-04-18T21:37:58+00:00\" \/>\n<meta property=\"og:image\" content=\"https:\/\/www.vert-intense.com\/wp-content\/uploads\/2023\/08\/soufriere_guadeloupe001-e1700262658112.jpg\" \/>\n\t<meta property=\"og:image:width\" content=\"1772\" \/>\n\t<meta property=\"og:image:height\" content=\"1331\" \/>\n\t<meta property=\"og:image:type\" content=\"image\/jpeg\" \/>\n<meta name=\"twitter:card\" content=\"summary_large_image\" \/>\n<meta name=\"twitter:title\" content=\"Randonn\u00e9e au sommet de la Soufri\u00e8re de Guadeloupe Guide dipl\u00f4m\u00e9: Acc\u00e8s privil\u00e9gi\u00e9\" \/>\n<meta name=\"twitter:description\" content=\"Vous r\u00eavez de visiter la zone la plus active de la Soufri\u00e8re? Rejoignez notre randonn\u00e9e guid\u00e9e et explorez les fumerolles et les gouffres du volcan avec un guide dipl\u00f4m\u00e9! \ud83d\udd25\" \/>\n<meta name=\"twitter:image\" content=\"https:\/\/i0.wp.com\/www.vert-intense.com\/wp-content\/uploads\/2024\/07\/SoufEnfPlateau.jpg?fit=1440%2C665&ssl=1\" \/>\n<meta name=\"twitter:label1\" content=\"Price\" \/>\n\t<meta name=\"twitter:data1\" content=\"55&euro;\" \/>\n\t<meta name=\"twitter:label2\" content=\"Availability\" \/>\n\t<meta name=\"twitter:data2\" content=\"In stock\" \/>\n<script type=\"application\/ld+json\" class=\"yoast-schema-graph\">{\"@context\":\"https:\/\/schema.org\",\"@graph\":[{\"@type\":\"WebPage\",\"@id\":\"https:\/\/www.vert-intense.com\/activite-guadeloupe\/randonnee-guadeloupe\/randonnee-a-la-soufriere-guadeloupe\/\",\"url\":\"https:\/\/www.vert-intense.com\/activite-guadeloupe\/randonnee-guadeloupe\/randonnee-a-la-soufriere-guadeloupe\/\",\"name\":\"Randonn\u00e9e Guid\u00e9e au sommet de la Soufri\u00e8re de Guadeloupe\",\"isPartOf\":{\"@id\":\"https:\/\/www.vert-intense.com\/#website\"},\"primaryImageOfPage\":{\"@id\":\"https:\/\/www.vert-intense.com\/activite-guadeloupe\/randonnee-guadeloupe\/randonnee-a-la-soufriere-guadeloupe\/#primaryimage\"},\"image\":{\"@id\":\"https:\/\/www.vert-intense.com\/activite-guadeloupe\/randonnee-guadeloupe\/randonnee-a-la-soufriere-guadeloupe\/#primaryimage\"},\"thumbnailUrl\":\"https:\/\/i0.wp.com\/www.vert-intense.com\/wp-content\/uploads\/2023\/08\/soufriere_guadeloupe001-e1700262658112.jpg?fit=1772%2C1331&ssl=1\",\"datePublished\":\"2023-08-01T13:44:15+00:00\",\"dateModified\":\"2026-04-18T21:37:58+00:00\",\"description\":\"Randonn\u00e9e au sommet de la Soufri\u00e8re de Guadeloupe avec un Guide dipl\u00f4m\u00e9 Approcher au plus pr\u00e8s d l'activit\u00e9, une exp\u00e9rience unique \u00e0 ne pas manquer!\",\"breadcrumb\":{\"@id\":\"https:\/\/www.vert-intense.com\/activite-guadeloupe\/randonnee-guadeloupe\/randonnee-a-la-soufriere-guadeloupe\/#breadcrumb\"},\"inLanguage\":\"en-US\",\"potentialAction\":[{\"@type\":\"ReadAction\",\"target\":[\"https:\/\/www.vert-intense.com\/activite-guadeloupe\/randonnee-guadeloupe\/randonnee-a-la-soufriere-guadeloupe\/\"]}]},{\"@type\":\"ImageObject\",\"inLanguage\":\"en-US\",\"@id\":\"https:\/\/www.vert-intense.com\/activite-guadeloupe\/randonnee-guadeloupe\/randonnee-a-la-soufriere-guadeloupe\/#primaryimage\",\"url\":\"https:\/\/i0.wp.com\/www.vert-intense.com\/wp-content\/uploads\/2023\/08\/soufriere_guadeloupe001-e1700262658112.jpg?fit=1772%2C1331&ssl=1\",\"contentUrl\":\"https:\/\/i0.wp.com\/www.vert-intense.com\/wp-content\/uploads\/2023\/08\/soufriere_guadeloupe001-e1700262658112.jpg?fit=1772%2C1331&ssl=1\",\"width\":1772,\"height\":1331,\"caption\":\"La Soufri\u00e8re\"},{\"@type\":\"BreadcrumbList\",\"@id\":\"https:\/\/www.vert-intense.com\/activite-guadeloupe\/randonnee-guadeloupe\/randonnee-a-la-soufriere-guadeloupe\/#breadcrumb\",\"itemListElement\":[{\"@type\":\"ListItem\",\"position\":1,\"name\":\"Accueil\",\"item\":\"https:\/\/www.vert-intense.com\/\"},{\"@type\":\"ListItem\",\"position\":2,\"name\":\"Activit\u00e9s nature en Guadeloupe\",\"item\":\"https:\/\/www.vert-intense.com\/\"},{\"@type\":\"ListItem\",\"position\":3,\"name\":\"Randonn\u00e9e \u00e0 la Soufri\u00e8re\"}]},{\"@type\":\"WebSite\",\"@id\":\"https:\/\/www.vert-intense.com\/#website\",\"url\":\"https:\/\/www.vert-intense.com\/\",\"name\":\"Vert-Intense\",\"description\":\"R\u00e9servez vos activit\u00e9s d\u00e9couvertes en Guadeloupe\",\"publisher\":{\"@id\":\"https:\/\/www.vert-intense.com\/#organization\"},\"potentialAction\":[{\"@type\":\"SearchAction\",\"target\":{\"@type\":\"EntryPoint\",\"urlTemplate\":\"https:\/\/www.vert-intense.com\/?s={search_term_string}\"},\"query-input\":{\"@type\":\"PropertyValueSpecification\",\"valueRequired\":true,\"valueName\":\"search_term_string\"}}],\"inLanguage\":\"en-US\"},{\"@type\":\"Organization\",\"@id\":\"https:\/\/www.vert-intense.com\/#organization\",\"name\":\"Vert-Intense\",\"url\":\"https:\/\/www.vert-intense.com\/\",\"logo\":{\"@type\":\"ImageObject\",\"inLanguage\":\"en-US\",\"@id\":\"https:\/\/www.vert-intense.com\/#\/schema\/logo\/image\/\",\"url\":\"https:\/\/i0.wp.com\/www.vert-intense.com\/wp-content\/uploads\/2023\/07\/logo.png?fit=960%2C960&ssl=1\",\"contentUrl\":\"https:\/\/i0.wp.com\/www.vert-intense.com\/wp-content\/uploads\/2023\/07\/logo.png?fit=960%2C960&ssl=1\",\"width\":960,\"height\":960,\"caption\":\"Vert-Intense\"},\"image\":{\"@id\":\"https:\/\/www.vert-intense.com\/#\/schema\/logo\/image\/\"},\"sameAs\":[\"https:\/\/www.facebook.com\/vertintense\",\"https:\/\/www.tripadvisor.fr\/Attraction_Review-g1644623-d1649481-Reviews-Vert_Intense-Saint_Claude_Basse_Terre_Island_Guadeloupe.html\",\"https:\/\/www.tiktok.com\/@vertintense\",\"https:\/\/www.instagram.com\/vertintenseguadeloupe\/\",\"https:\/\/www.youtube.com\/channel\/UCRymXR1Pa7n50AOgFy9n3bA\"]}]}<\/script>\n<meta property=\"product:price:amount\" content=\"55\" \/>\n<meta property=\"product:price:currency\" content=\"EUR\" \/>\n<meta property=\"og:availability\" content=\"instock\" \/>\n<meta property=\"product:availability\" content=\"instock\" \/>\n<meta property=\"product:condition\" content=\"new\" \/>\n<!-- \/ Yoast SEO Premium plugin. -->","yoast_head_json":{"title":"Guided hike to the summit of Guadeloupe's Soufri\u00e8re Mountain","description":"Hike to the summit of Guadeloupe's Soufri\u00e8re with a qualified guide Get up close to the activity, a unique experience you won't want to miss!","robots":{"index":"index","follow":"follow","max-snippet":"max-snippet:-1","max-image-preview":"max-image-preview:large","max-video-preview":"max-video-preview:-1"},"canonical":"https:\/\/www.vert-intense.com\/en\/guadeloupe-business\/hiking-in-guadeloupe\/hiking-in-la-soufriere-guadeloupe\/","og_locale":"en_US","og_type":"article","og_title":"Randonn\u00e9e au sommet de la Soufri\u00e8re de Guadeloupe : Exp\u00e9rience unique","og_description":"D\u00e9couvrez les merveilles de la Soufri\u00e8re de Guadeloupe lors d'une aventure fascinante avec un guide dipl\u00f4m\u00e9. Explorez les fumerolles et les gouffres du volcan actif. R\u00e9servez d\u00e8s maintenant!","og_url":"https:\/\/www.vert-intense.com\/en\/guadeloupe-business\/hiking-in-guadeloupe\/hiking-in-la-soufriere-guadeloupe\/","og_site_name":"Vert Intense","article_publisher":"https:\/\/www.facebook.com\/vertintense","article_modified_time":"2026-04-18T21:37:58+00:00","og_image":[{"width":1772,"height":1331,"url":"https:\/\/www.vert-intense.com\/wp-content\/uploads\/2023\/08\/soufriere_guadeloupe001-e1700262658112.jpg","type":"image\/jpeg"}],"twitter_card":"summary_large_image","twitter_title":"Randonn\u00e9e au sommet de la Soufri\u00e8re de Guadeloupe Guide dipl\u00f4m\u00e9: Acc\u00e8s privil\u00e9gi\u00e9","twitter_description":"Vous r\u00eavez de visiter la zone la plus active de la Soufri\u00e8re? Rejoignez notre randonn\u00e9e guid\u00e9e et explorez les fumerolles et les gouffres du volcan avec un guide dipl\u00f4m\u00e9! \ud83d\udd25","twitter_image":"https:\/\/i0.wp.com\/www.vert-intense.com\/wp-content\/uploads\/2024\/07\/SoufEnfPlateau.jpg?fit=1440%2C665&ssl=1","twitter_misc":{"Price":"55&euro;","Availability":"In stock"},"schema":{"@context":"https:\/\/schema.org","@graph":[{"@type":"WebPage","@id":"https:\/\/www.vert-intense.com\/activite-guadeloupe\/randonnee-guadeloupe\/randonnee-a-la-soufriere-guadeloupe\/","url":"https:\/\/www.vert-intense.com\/activite-guadeloupe\/randonnee-guadeloupe\/randonnee-a-la-soufriere-guadeloupe\/","name":"Guided hike to the summit of Guadeloupe's Soufri\u00e8re Mountain","isPartOf":{"@id":"https:\/\/www.vert-intense.com\/#website"},"primaryImageOfPage":{"@id":"https:\/\/www.vert-intense.com\/activite-guadeloupe\/randonnee-guadeloupe\/randonnee-a-la-soufriere-guadeloupe\/#primaryimage"},"image":{"@id":"https:\/\/www.vert-intense.com\/activite-guadeloupe\/randonnee-guadeloupe\/randonnee-a-la-soufriere-guadeloupe\/#primaryimage"},"thumbnailUrl":"https:\/\/i0.wp.com\/www.vert-intense.com\/wp-content\/uploads\/2023\/08\/soufriere_guadeloupe001-e1700262658112.jpg?fit=1772%2C1331&ssl=1","datePublished":"2023-08-01T13:44:15+00:00","dateModified":"2026-04-18T21:37:58+00:00","description":"Hike to the summit of Guadeloupe's Soufri\u00e8re with a qualified guide Get up close to the activity, a unique experience you won't want to miss!","breadcrumb":{"@id":"https:\/\/www.vert-intense.com\/activite-guadeloupe\/randonnee-guadeloupe\/randonnee-a-la-soufriere-guadeloupe\/#breadcrumb"},"inLanguage":"en-US","potentialAction":[{"@type":"ReadAction","target":["https:\/\/www.vert-intense.com\/activite-guadeloupe\/randonnee-guadeloupe\/randonnee-a-la-soufriere-guadeloupe\/"]}]},{"@type":"ImageObject","inLanguage":"en-US","@id":"https:\/\/www.vert-intense.com\/activite-guadeloupe\/randonnee-guadeloupe\/randonnee-a-la-soufriere-guadeloupe\/#primaryimage","url":"https:\/\/i0.wp.com\/www.vert-intense.com\/wp-content\/uploads\/2023\/08\/soufriere_guadeloupe001-e1700262658112.jpg?fit=1772%2C1331&ssl=1","contentUrl":"https:\/\/i0.wp.com\/www.vert-intense.com\/wp-content\/uploads\/2023\/08\/soufriere_guadeloupe001-e1700262658112.jpg?fit=1772%2C1331&ssl=1","width":1772,"height":1331,"caption":"La Soufri\u00e8re"},{"@type":"BreadcrumbList","@id":"https:\/\/www.vert-intense.com\/activite-guadeloupe\/randonnee-guadeloupe\/randonnee-a-la-soufriere-guadeloupe\/#breadcrumb","itemListElement":[{"@type":"ListItem","position":1,"name":"Accueil","item":"https:\/\/www.vert-intense.com\/"},{"@type":"ListItem","position":2,"name":"Activit\u00e9s nature en Guadeloupe","item":"https:\/\/www.vert-intense.com\/"},{"@type":"ListItem","position":3,"name":"Randonn\u00e9e \u00e0 la Soufri\u00e8re"}]},{"@type":"WebSite","@id":"https:\/\/www.vert-intense.com\/#website","url":"https:\/\/www.vert-intense.com\/","name":"Intense Green","description":"Book your discovery activities in Guadeloupe","publisher":{"@id":"https:\/\/www.vert-intense.com\/#organization"},"potentialAction":[{"@type":"SearchAction","target":{"@type":"EntryPoint","urlTemplate":"https:\/\/www.vert-intense.com\/?s={search_term_string}"},"query-input":{"@type":"PropertyValueSpecification","valueRequired":true,"valueName":"search_term_string"}}],"inLanguage":"en-US"},{"@type":"Organization","@id":"https:\/\/www.vert-intense.com\/#organization","name":"Intense Green","url":"https:\/\/www.vert-intense.com\/","logo":{"@type":"ImageObject","inLanguage":"en-US","@id":"https:\/\/www.vert-intense.com\/#\/schema\/logo\/image\/","url":"https:\/\/i0.wp.com\/www.vert-intense.com\/wp-content\/uploads\/2023\/07\/logo.png?fit=960%2C960&ssl=1","contentUrl":"https:\/\/i0.wp.com\/www.vert-intense.com\/wp-content\/uploads\/2023\/07\/logo.png?fit=960%2C960&ssl=1","width":960,"height":960,"caption":"Vert-Intense"},"image":{"@id":"https:\/\/www.vert-intense.com\/#\/schema\/logo\/image\/"},"sameAs":["https:\/\/www.facebook.com\/vertintense","https:\/\/www.tripadvisor.fr\/Attraction_Review-g1644623-d1649481-Reviews-Vert_Intense-Saint_Claude_Basse_Terre_Island_Guadeloupe.html","https:\/\/www.tiktok.com\/@vertintense","https:\/\/www.instagram.com\/vertintenseguadeloupe\/","https:\/\/www.youtube.com\/channel\/UCRymXR1Pa7n50AOgFy9n3bA"]}]},"product_price_amount":"55","product_price_currency":"EUR","og_availability":"instock","product_availability":"instock","product_condition":"new"},"jetpack_sharing_enabled":true,"_links":{"self":[{"href":"https:\/\/www.vert-intense.com\/en\/wp-json\/wp\/v2\/product\/1591"}],"collection":[{"href":"https:\/\/www.vert-intense.com\/en\/wp-json\/wp\/v2\/product"}],"about":[{"href":"https:\/\/www.vert-intense.com\/en\/wp-json\/wp\/v2\/types\/product"}],"wp:featuredmedia":[{"embeddable":true,"href":"https:\/\/www.vert-intense.com\/en\/wp-json\/wp\/v2\/media\/2334"}],"wp:attachment":[{"href":"https:\/\/www.vert-intense.com\/en\/wp-json\/wp\/v2\/media?parent=1591"}],"wp:term":[{"taxonomy":"product_cat","embeddable":true,"href":"https:\/\/www.vert-intense.com\/en\/wp-json\/wp\/v2\/product_cat?post=1591"},{"taxonomy":"product_tag","embeddable":true,"href":"https:\/\/www.vert-intense.com\/en\/wp-json\/wp\/v2\/product_tag?post=1591"}],"curies":[{"name":"wp","href":"https:\/\/api.w.org\/{rel}","templated":true}]}}