{"id":1590,"date":"2023-08-01T15:43:36","date_gmt":"2023-08-01T13:43:36","guid":{"rendered":"http:\/\/xedhqzi.cluster100.hosting.ovh.net\/?post_type=product&#038;p=1590"},"modified":"2026-02-11T18:47:16","modified_gmt":"2026-02-11T22:47:16","slug":"canyon-bois-malaise","status":"publish","type":"product","link":"https:\/\/www.vert-intense.com\/en\/guadeloupe-business\/canyoning-guadeloupe\/canyon-bois-malaise\/","title":{"rendered":"Canyon Bois Malais\u00e9"},"content":{"rendered":"<ul>\n<li style=\"text-align: center;\">Bois Malais\u00e9 Canyon in Guadeloupe<\/li>\n<\/ul>\n<p>&nbsp;<\/p>\n<p>Discover the Bois Malais\u00e9 Canyon in Guadeloupe with its impressive abseiling descents in the heart of the tropical forest!<\/p>\n<p>The Canyon de Bois Malais\u00e9 is located in the south of Basse-Terre, close to the Cousteau Reserve and at the gateway to the Guadeloupe National Park: the setting is set, and the canyoning trip promises to be idyllic! And exciting: jumps and slides await you, as well as <strong>5 abseils, including two over 30 metres<\/strong>.<\/p>\n<p>The course is aquatic and offers great sensations. A great choice if you've done canyoning before and are in excellent physical condition.<\/p>\n<p>&nbsp;<\/p>\n<h4><b>Process<\/b><br \/>\n<u><b><\/b><\/u><\/h4>\n<p><u><b>Preparation:<\/b><\/u><br \/>\nWe'll be waiting for you in the commune of Bouillante, and the precise geolocation of the meeting point will of course be sent to you. After a short car journey, we reach the starting point. Then it's time to pack your bags with all the specific equipment required for the Bois Malais\u00e9 canyon, which we provide. And even if you're in Guadeloupe, you'll need a long neoprene wetsuit.<\/p>\n<p><u><b>Activity :<\/b><\/u><br \/>\nThen we begin the 60-minute approach walk to our starting point in the river. Now it's time to don our wetsuits. We're directly at the top of a 20 m waterfall, on a magnificent volcanic slab. Then it's off down the river for 5 hours 30 minutes, with a succession of abseils and jumps!<\/p>\n<p><u><b>Arrival :<\/b><\/u><br \/>\nThat's it, just 30 minutes of easy walking back to the car, and then we'll let you go, your head still full of memories!<\/p>\n<p>&nbsp;<\/p>\n<h4><b>Route information<\/b><\/h4>\n<ul>\n<li>River: Bois Malais\u00e9 river (technical difficulty: very difficult black level)<\/li>\n<li>Description: The Bois Malais\u00e9 river winds through a magnificent tropical forest for a 100 % nature outing.<\/li>\n<li>Itinerary: Bouillante sector<\/li>\n<li>Total duration: 7 to 8 h<\/li>\n<li>Time spent in the canyon: 5 h 30<\/li>\n<li>Abseiling height: up to 30 m<\/li>\n<\/ul>\n<p>&nbsp;<\/p>\n<h4><b>Services included<\/b><\/h4>\n<ul>\n<li>Complete canyoning equipment (long neoprene wetsuit, helmet)<\/li>\n<li>High-quality harnesses and special equipment<\/li>\n<li>Certified canyoning guide<\/li>\n<\/ul>\n<p>&nbsp;<\/p>\n<h4><b>To bring<\/b><\/h4>\n<ul>\n<li>Bathing suit,<\/li>\n<li>Walking shoes or sneakers<\/li>\n<li>Glasses cord<\/li>\n<li>Casse Croute transportable<\/li>\n<li>Water<\/li>\n<\/ul>\n<p>&nbsp;<\/p>\n<p><b>Conditions<\/b><\/p>\n<ul>\n<li>Previous canyoning experience<\/li>\n<li>Minimum age: 16<\/li>\n<li>Physical fitness<\/li>\n<li>Know how to swim<\/li>\n<\/ul>\n<p>&nbsp;<\/p>\n<p>Due to bad weather, you may be offered another date or a refund (rare, but it happens!).<\/p>\n<p>&nbsp;<\/p>\n<p>For more information, read our blog on<a href=\"https:\/\/www.vert-intense.com\/en\/canyon-bois-malaise-in-guadeloupe\/\"> Bois Malais\u00e9<\/a> !<\/p>","protected":false},"excerpt":{"rendered":"<p class=\"ai-optimize-22\">Discover the Bois Malais\u00e9 Canyon in Guadeloupe with its impressive abseiling descents in the heart of the tropical forest!<\/p>","protected":false},"featured_media":2369,"template":"","meta":[],"product_cat":[24],"product_tag":[129,128,126],"class_list":{"0":"post-1590","1":"product","2":"type-product","3":"status-publish","4":"has-post-thumbnail","6":"product_cat-canyoning-guadeloupe","7":"product_tag-canyoning-noir-niveau-tres-difficile","8":"product_tag-canyoning-rouge-niveau-difficile","9":"product_tag-randonnee-bleu-niveau-moyen","11":"first","12":"instock","13":"virtual","14":"sold-individually","15":"taxable","16":"purchasable","17":"product-type-booking"},"yoast_head":"<!-- This site is optimized with the Yoast SEO Premium plugin v25.3.1 (Yoast SEO v25.3.1) - https:\/\/yoast.com\/wordpress\/plugins\/seo\/ -->\n<title>Canyon Bois Malais\u00e9 en Guadeloupe : Une aventure vertigineuse ! - Vert Intense<\/title>\n<meta name=\"description\" content=\"Explorez le Canyon de Bois Malais\u00e9 en Guadeloupe avec ses descentes en rappel \u00e0 couper le souffle. Une exp\u00e9rience unique au c\u0153ur de la for\u00eat tropicale!\" \/>\n<meta name=\"robots\" content=\"index, follow, max-snippet:-1, max-image-preview:large, max-video-preview:-1\" \/>\n<link rel=\"canonical\" href=\"https:\/\/www.vert-intense.com\/en\/guadeloupe-business\/canyoning-guadeloupe\/canyon-bois-malaise\/\" \/>\n<meta property=\"og:locale\" content=\"en_US\" \/>\n<meta property=\"og:type\" content=\"article\" \/>\n<meta property=\"og:title\" content=\"Canyon Bois Malais\u00e9\" \/>\n<meta property=\"og:description\" content=\"Explorez le Canyon de Bois Malais\u00e9 en Guadeloupe avec ses descentes en rappel \u00e0 couper le souffle. Une exp\u00e9rience unique au c\u0153ur de la for\u00eat tropicale!\" \/>\n<meta property=\"og:url\" content=\"https:\/\/www.vert-intense.com\/en\/guadeloupe-business\/canyoning-guadeloupe\/canyon-bois-malaise\/\" \/>\n<meta property=\"og:site_name\" content=\"Vert Intense\" \/>\n<meta property=\"article:publisher\" content=\"https:\/\/www.facebook.com\/vertintense\" \/>\n<meta property=\"article:modified_time\" content=\"2026-02-11T22:47:16+00:00\" \/>\n<meta property=\"og:image\" content=\"https:\/\/www.vert-intense.com\/wp-content\/uploads\/2023\/08\/GOPR1888-e1700262149566.jpg\" \/>\n\t<meta property=\"og:image:width\" content=\"1299\" \/>\n\t<meta property=\"og:image:height\" content=\"976\" \/>\n\t<meta property=\"og:image:type\" content=\"image\/jpeg\" \/>\n<meta name=\"twitter:card\" content=\"summary_large_image\" \/>\n<meta name=\"twitter:label1\" content=\"Price\" \/>\n\t<meta name=\"twitter:data1\" content=\"95&euro;\" \/>\n\t<meta name=\"twitter:label2\" content=\"Availability\" \/>\n\t<meta name=\"twitter:data2\" content=\"In stock\" \/>\n<script type=\"application\/ld+json\" class=\"yoast-schema-graph\">{\"@context\":\"https:\/\/schema.org\",\"@graph\":[{\"@type\":\"WebPage\",\"@id\":\"https:\/\/www.vert-intense.com\/activite-guadeloupe\/canyoning-guadeloupe\/canyon-bois-malaise\/\",\"url\":\"https:\/\/www.vert-intense.com\/activite-guadeloupe\/canyoning-guadeloupe\/canyon-bois-malaise\/\",\"name\":\"Canyon Bois Malais\u00e9 en Guadeloupe : Une aventure vertigineuse ! - Vert Intense\",\"isPartOf\":{\"@id\":\"https:\/\/www.vert-intense.com\/#website\"},\"primaryImageOfPage\":{\"@id\":\"https:\/\/www.vert-intense.com\/activite-guadeloupe\/canyoning-guadeloupe\/canyon-bois-malaise\/#primaryimage\"},\"image\":{\"@id\":\"https:\/\/www.vert-intense.com\/activite-guadeloupe\/canyoning-guadeloupe\/canyon-bois-malaise\/#primaryimage\"},\"thumbnailUrl\":\"https:\/\/i0.wp.com\/www.vert-intense.com\/wp-content\/uploads\/2023\/08\/GOPR1888-e1700262149566.jpg?fit=1299%2C976&ssl=1\",\"datePublished\":\"2023-08-01T13:43:36+00:00\",\"dateModified\":\"2026-02-11T22:47:16+00:00\",\"description\":\"Explorez le Canyon de Bois Malais\u00e9 en Guadeloupe avec ses descentes en rappel \u00e0 couper le souffle. Une exp\u00e9rience unique au c\u0153ur de la for\u00eat tropicale!\",\"breadcrumb\":{\"@id\":\"https:\/\/www.vert-intense.com\/activite-guadeloupe\/canyoning-guadeloupe\/canyon-bois-malaise\/#breadcrumb\"},\"inLanguage\":\"en-US\",\"potentialAction\":[{\"@type\":\"ReadAction\",\"target\":[\"https:\/\/www.vert-intense.com\/activite-guadeloupe\/canyoning-guadeloupe\/canyon-bois-malaise\/\"]}]},{\"@type\":\"ImageObject\",\"inLanguage\":\"en-US\",\"@id\":\"https:\/\/www.vert-intense.com\/activite-guadeloupe\/canyoning-guadeloupe\/canyon-bois-malaise\/#primaryimage\",\"url\":\"https:\/\/i0.wp.com\/www.vert-intense.com\/wp-content\/uploads\/2023\/08\/GOPR1888-e1700262149566.jpg?fit=1299%2C976&ssl=1\",\"contentUrl\":\"https:\/\/i0.wp.com\/www.vert-intense.com\/wp-content\/uploads\/2023\/08\/GOPR1888-e1700262149566.jpg?fit=1299%2C976&ssl=1\",\"width\":1299,\"height\":976,\"caption\":\"canyon Bois Malais\u00e9 Guadeloupe\"},{\"@type\":\"BreadcrumbList\",\"@id\":\"https:\/\/www.vert-intense.com\/activite-guadeloupe\/canyoning-guadeloupe\/canyon-bois-malaise\/#breadcrumb\",\"itemListElement\":[{\"@type\":\"ListItem\",\"position\":1,\"name\":\"Accueil\",\"item\":\"https:\/\/www.vert-intense.com\/\"},{\"@type\":\"ListItem\",\"position\":2,\"name\":\"Activit\u00e9s nature en Guadeloupe\",\"item\":\"https:\/\/www.vert-intense.com\/\"},{\"@type\":\"ListItem\",\"position\":3,\"name\":\"Canyon Bois Malais\u00e9\"}]},{\"@type\":\"WebSite\",\"@id\":\"https:\/\/www.vert-intense.com\/#website\",\"url\":\"https:\/\/www.vert-intense.com\/\",\"name\":\"Vert-Intense\",\"description\":\"R\u00e9servez vos activit\u00e9s d\u00e9couvertes en Guadeloupe\",\"publisher\":{\"@id\":\"https:\/\/www.vert-intense.com\/#organization\"},\"potentialAction\":[{\"@type\":\"SearchAction\",\"target\":{\"@type\":\"EntryPoint\",\"urlTemplate\":\"https:\/\/www.vert-intense.com\/?s={search_term_string}\"},\"query-input\":{\"@type\":\"PropertyValueSpecification\",\"valueRequired\":true,\"valueName\":\"search_term_string\"}}],\"inLanguage\":\"en-US\"},{\"@type\":\"Organization\",\"@id\":\"https:\/\/www.vert-intense.com\/#organization\",\"name\":\"Vert-Intense\",\"url\":\"https:\/\/www.vert-intense.com\/\",\"logo\":{\"@type\":\"ImageObject\",\"inLanguage\":\"en-US\",\"@id\":\"https:\/\/www.vert-intense.com\/#\/schema\/logo\/image\/\",\"url\":\"https:\/\/i0.wp.com\/www.vert-intense.com\/wp-content\/uploads\/2023\/07\/logo.png?fit=960%2C960&ssl=1\",\"contentUrl\":\"https:\/\/i0.wp.com\/www.vert-intense.com\/wp-content\/uploads\/2023\/07\/logo.png?fit=960%2C960&ssl=1\",\"width\":960,\"height\":960,\"caption\":\"Vert-Intense\"},\"image\":{\"@id\":\"https:\/\/www.vert-intense.com\/#\/schema\/logo\/image\/\"},\"sameAs\":[\"https:\/\/www.facebook.com\/vertintense\",\"https:\/\/www.tripadvisor.fr\/Attraction_Review-g1644623-d1649481-Reviews-Vert_Intense-Saint_Claude_Basse_Terre_Island_Guadeloupe.html\",\"https:\/\/www.tiktok.com\/@vertintense\",\"https:\/\/www.instagram.com\/vertintenseguadeloupe\/\",\"https:\/\/www.youtube.com\/channel\/UCRymXR1Pa7n50AOgFy9n3bA\"]}]}<\/script>\n<meta property=\"product:price:amount\" content=\"95\" \/>\n<meta property=\"product:price:currency\" content=\"EUR\" \/>\n<meta property=\"og:availability\" content=\"instock\" \/>\n<meta property=\"product:availability\" content=\"instock\" \/>\n<meta property=\"product:condition\" content=\"new\" \/>\n<!-- \/ Yoast SEO Premium plugin. -->","yoast_head_json":{"title":"Canyon Bois Malais\u00e9 in Guadeloupe: A vertiginous adventure! - Intense Green","description":"Explore the Bois Malais\u00e9 Canyon in Guadeloupe with its breathtaking abseiling. A unique experience in the heart of the rainforest!","robots":{"index":"index","follow":"follow","max-snippet":"max-snippet:-1","max-image-preview":"max-image-preview:large","max-video-preview":"max-video-preview:-1"},"canonical":"https:\/\/www.vert-intense.com\/en\/guadeloupe-business\/canyoning-guadeloupe\/canyon-bois-malaise\/","og_locale":"en_US","og_type":"article","og_title":"Canyon Bois Malais\u00e9","og_description":"Explorez le Canyon de Bois Malais\u00e9 en Guadeloupe avec ses descentes en rappel \u00e0 couper le souffle. Une exp\u00e9rience unique au c\u0153ur de la for\u00eat tropicale!","og_url":"https:\/\/www.vert-intense.com\/en\/guadeloupe-business\/canyoning-guadeloupe\/canyon-bois-malaise\/","og_site_name":"Vert Intense","article_publisher":"https:\/\/www.facebook.com\/vertintense","article_modified_time":"2026-02-11T22:47:16+00:00","og_image":[{"width":1299,"height":976,"url":"https:\/\/www.vert-intense.com\/wp-content\/uploads\/2023\/08\/GOPR1888-e1700262149566.jpg","type":"image\/jpeg"}],"twitter_card":"summary_large_image","twitter_misc":{"Price":"95&euro;","Availability":"In stock"},"schema":{"@context":"https:\/\/schema.org","@graph":[{"@type":"WebPage","@id":"https:\/\/www.vert-intense.com\/activite-guadeloupe\/canyoning-guadeloupe\/canyon-bois-malaise\/","url":"https:\/\/www.vert-intense.com\/activite-guadeloupe\/canyoning-guadeloupe\/canyon-bois-malaise\/","name":"Canyon Bois Malais\u00e9 in Guadeloupe: A vertiginous adventure! - Intense Green","isPartOf":{"@id":"https:\/\/www.vert-intense.com\/#website"},"primaryImageOfPage":{"@id":"https:\/\/www.vert-intense.com\/activite-guadeloupe\/canyoning-guadeloupe\/canyon-bois-malaise\/#primaryimage"},"image":{"@id":"https:\/\/www.vert-intense.com\/activite-guadeloupe\/canyoning-guadeloupe\/canyon-bois-malaise\/#primaryimage"},"thumbnailUrl":"https:\/\/i0.wp.com\/www.vert-intense.com\/wp-content\/uploads\/2023\/08\/GOPR1888-e1700262149566.jpg?fit=1299%2C976&ssl=1","datePublished":"2023-08-01T13:43:36+00:00","dateModified":"2026-02-11T22:47:16+00:00","description":"Explore the Bois Malais\u00e9 Canyon in Guadeloupe with its breathtaking abseiling. A unique experience in the heart of the rainforest!","breadcrumb":{"@id":"https:\/\/www.vert-intense.com\/activite-guadeloupe\/canyoning-guadeloupe\/canyon-bois-malaise\/#breadcrumb"},"inLanguage":"en-US","potentialAction":[{"@type":"ReadAction","target":["https:\/\/www.vert-intense.com\/activite-guadeloupe\/canyoning-guadeloupe\/canyon-bois-malaise\/"]}]},{"@type":"ImageObject","inLanguage":"en-US","@id":"https:\/\/www.vert-intense.com\/activite-guadeloupe\/canyoning-guadeloupe\/canyon-bois-malaise\/#primaryimage","url":"https:\/\/i0.wp.com\/www.vert-intense.com\/wp-content\/uploads\/2023\/08\/GOPR1888-e1700262149566.jpg?fit=1299%2C976&ssl=1","contentUrl":"https:\/\/i0.wp.com\/www.vert-intense.com\/wp-content\/uploads\/2023\/08\/GOPR1888-e1700262149566.jpg?fit=1299%2C976&ssl=1","width":1299,"height":976,"caption":"canyon Bois Malais\u00e9 Guadeloupe"},{"@type":"BreadcrumbList","@id":"https:\/\/www.vert-intense.com\/activite-guadeloupe\/canyoning-guadeloupe\/canyon-bois-malaise\/#breadcrumb","itemListElement":[{"@type":"ListItem","position":1,"name":"Accueil","item":"https:\/\/www.vert-intense.com\/"},{"@type":"ListItem","position":2,"name":"Activit\u00e9s nature en Guadeloupe","item":"https:\/\/www.vert-intense.com\/"},{"@type":"ListItem","position":3,"name":"Canyon Bois Malais\u00e9"}]},{"@type":"WebSite","@id":"https:\/\/www.vert-intense.com\/#website","url":"https:\/\/www.vert-intense.com\/","name":"Intense Green","description":"Book your discovery activities in Guadeloupe","publisher":{"@id":"https:\/\/www.vert-intense.com\/#organization"},"potentialAction":[{"@type":"SearchAction","target":{"@type":"EntryPoint","urlTemplate":"https:\/\/www.vert-intense.com\/?s={search_term_string}"},"query-input":{"@type":"PropertyValueSpecification","valueRequired":true,"valueName":"search_term_string"}}],"inLanguage":"en-US"},{"@type":"Organization","@id":"https:\/\/www.vert-intense.com\/#organization","name":"Intense Green","url":"https:\/\/www.vert-intense.com\/","logo":{"@type":"ImageObject","inLanguage":"en-US","@id":"https:\/\/www.vert-intense.com\/#\/schema\/logo\/image\/","url":"https:\/\/i0.wp.com\/www.vert-intense.com\/wp-content\/uploads\/2023\/07\/logo.png?fit=960%2C960&ssl=1","contentUrl":"https:\/\/i0.wp.com\/www.vert-intense.com\/wp-content\/uploads\/2023\/07\/logo.png?fit=960%2C960&ssl=1","width":960,"height":960,"caption":"Vert-Intense"},"image":{"@id":"https:\/\/www.vert-intense.com\/#\/schema\/logo\/image\/"},"sameAs":["https:\/\/www.facebook.com\/vertintense","https:\/\/www.tripadvisor.fr\/Attraction_Review-g1644623-d1649481-Reviews-Vert_Intense-Saint_Claude_Basse_Terre_Island_Guadeloupe.html","https:\/\/www.tiktok.com\/@vertintense","https:\/\/www.instagram.com\/vertintenseguadeloupe\/","https:\/\/www.youtube.com\/channel\/UCRymXR1Pa7n50AOgFy9n3bA"]}]},"product_price_amount":"95","product_price_currency":"EUR","og_availability":"instock","product_availability":"instock","product_condition":"new"},"jetpack_sharing_enabled":true,"_links":{"self":[{"href":"https:\/\/www.vert-intense.com\/en\/wp-json\/wp\/v2\/product\/1590"}],"collection":[{"href":"https:\/\/www.vert-intense.com\/en\/wp-json\/wp\/v2\/product"}],"about":[{"href":"https:\/\/www.vert-intense.com\/en\/wp-json\/wp\/v2\/types\/product"}],"wp:featuredmedia":[{"embeddable":true,"href":"https:\/\/www.vert-intense.com\/en\/wp-json\/wp\/v2\/media\/2369"}],"wp:attachment":[{"href":"https:\/\/www.vert-intense.com\/en\/wp-json\/wp\/v2\/media?parent=1590"}],"wp:term":[{"taxonomy":"product_cat","embeddable":true,"href":"https:\/\/www.vert-intense.com\/en\/wp-json\/wp\/v2\/product_cat?post=1590"},{"taxonomy":"product_tag","embeddable":true,"href":"https:\/\/www.vert-intense.com\/en\/wp-json\/wp\/v2\/product_tag?post=1590"}],"curies":[{"name":"wp","href":"https:\/\/api.w.org\/{rel}","templated":true}]}}