{"id":1589,"date":"2023-08-01T15:43:12","date_gmt":"2023-08-01T13:43:12","guid":{"rendered":"http:\/\/xedhqzi.cluster100.hosting.ovh.net\/?post_type=product&#038;p=1589"},"modified":"2025-12-11T08:30:13","modified_gmt":"2025-12-11T12:30:13","slug":"canyon-ferry","status":"publish","type":"product","link":"https:\/\/www.vert-intense.com\/en\/guadeloupe-business\/canyoning-guadeloupe\/canyon-ferry\/","title":{"rendered":"Canyon Ferry"},"content":{"rendered":"<p><strong>UN ARRETE MUNICIPAL INTERDIT ACTUELLEMENT LA PRATIQUE DU CANYONING DANS LA RIVIERE FERRY<\/strong>.\u00a0Nous vous invitons \u00e0 r\u00e9server le canyon Vauchelet dans le m\u00eame niveau de difficult\u00e9.<\/p>\n<h3><\/h3>\n<p>&nbsp;<\/p>\n<p>&nbsp;<\/p>\n<h3 style=\"text-align: center;\">Canyon Ferry in Guadeloupe<\/h3>\n<p>&nbsp;<\/p>\n<p>Discover the Canyon Ferry in Guadeloupe. Jumps, slides and abseiling await you for unforgettable sensations!<\/p>\n<p>Ferry Canyon in Guadeloupe is located in the north of Basse-Terre, near the commune of Deshaies. Jumps, slides and <strong>5 descentes en rappel dont une de 20 m<\/strong>You'll be delighted. The course is aquatic and offers great sensations. A great choice for an outing with friends or teenagers. So don't hesitate, book now for an unforgettable experience!<\/p>\n<p>&nbsp;<\/p>\n<h4><b>Process<\/b><br \/>\n<u><b><\/b><\/u><\/h4>\n<p><u><b>Preparation:<\/b><\/u><br \/>\nWe'll be waiting for you at the entrance to the Jardin Botanique de Deshaies, with geolocation sent to you, of course! After a short drive following each other, we reach Morne Mazeau. And it's here that we'll be fitting you out with all the equipment you'll need for the Ferry canyon, and even if you're in Guadeloupe, the long neoprene wetsuit is a must.<\/p>\n<p><u><b>Activity :<\/b><\/u><br \/>\nLet's start with a 40-minute downhill approach walk, with no major difficulties apart from a few slips, to our starting point in the river. Then we arrive at the starting point, so let's get started! We've got 3 hours 30 minutes ahead of us, with abseiling, jumps and slides. Jumps are not compulsory or can be repeated, as you wish.<\/p>\n<p><u><b>Arrival :<\/b><\/u><br \/>\nAnd now we're at the end of the canyon Ferry, only 5 minutes to the car and then we'll let you go, with your head full of memories!<\/p>\n<p>&nbsp;<\/p>\n<h4><b>Route information<\/b><\/h4>\n<ul>\n<li>River: Ferry River (technical difficulty: difficult)<\/li>\n<li>Itinerary: from Morne Mazeau<\/li>\n<li>Total time: 4 h 30<\/li>\n<li>Time spent in the canyon: 3 h 30<\/li>\n<li>Abseiling height: up to 30 m<\/li>\n<\/ul>\n<p>&nbsp;<\/p>\n<p><b>Services included<\/b><\/p>\n<ul>\n<li>Complete canyoning equipment (wetsuit, helmet, shoes from 36 to 46)<\/li>\n<li>High-quality harnesses and canyoning gear<\/li>\n<li>Certified canyoning guide<\/li>\n<\/ul>\n<p>&nbsp;<\/p>\n<p>&nbsp;<\/p>\n<h4><b>To bring<\/b><\/h4>\n<ul>\n<li>Swimsuit<\/li>\n<li>Sport shoes if your size is outside 36 to 46<\/li>\n<li>Towel, glasses cord<\/li>\n<li>Water<\/li>\n<\/ul>\n<h4><\/h4>\n<h4><b>Conditions<\/b><\/h4>\n<ul>\n<li>Minimum age: 14<\/li>\n<li>Physical fitness<\/li>\n<li>Know how to swim<\/li>\n<\/ul>\n<p>&nbsp;<\/p>\n<p>Due to bad weather, you may be offered another date or a refund (rare, but it happens!).<\/p>","protected":false},"excerpt":{"rendered":"<p class=\"ai-optimize-23\">Book the Canyoning Ferry, 5 abseiling descents, jumps and slides for a maximum of fresh and invigorating sensations.<\/p>","protected":false},"featured_media":2436,"template":"","meta":[],"product_cat":[24],"product_tag":[125,128,126],"class_list":{"0":"post-1589","1":"product","2":"type-product","3":"status-publish","4":"has-post-thumbnail","6":"product_cat-canyoning-guadeloupe","7":"product_tag-canyoning-bleu-niveau-moyen","8":"product_tag-canyoning-rouge-niveau-difficile","9":"product_tag-randonnee-bleu-niveau-moyen","11":"first","12":"instock","13":"virtual","14":"sold-individually","15":"taxable","16":"purchasable","17":"product-type-booking"},"yoast_head":"<!-- This site is optimized with the Yoast SEO Premium plugin v25.3.1 (Yoast SEO v25.3.1) - https:\/\/yoast.com\/wordpress\/plugins\/seo\/ -->\n<title>Canyon Ferry en Guadeloupe: Descente en Rappel de 20 m\u00e8tres - Vert Intense<\/title>\n<meta name=\"description\" content=\"D\u00e9couvrez le Canyon Ferry en Guadeloupe avec ses sauts, toboggans et descentes en rappel. Une exp\u00e9rience unique et rafra\u00eechissante \u00e0 ne pas manquer !\" \/>\n<meta name=\"robots\" content=\"index, follow, max-snippet:-1, max-image-preview:large, max-video-preview:-1\" \/>\n<link rel=\"canonical\" href=\"https:\/\/www.vert-intense.com\/en\/guadeloupe-business\/canyoning-guadeloupe\/canyon-ferry\/\" \/>\n<meta property=\"og:locale\" content=\"en_US\" \/>\n<meta property=\"og:type\" content=\"article\" \/>\n<meta property=\"og:title\" content=\"Canyon Ferry\" \/>\n<meta property=\"og:description\" content=\"D\u00e9couvrez le Canyon Ferry en Guadeloupe avec ses sauts, toboggans et descentes en rappel. Une exp\u00e9rience unique et rafra\u00eechissante \u00e0 ne pas manquer !\" \/>\n<meta property=\"og:url\" content=\"https:\/\/www.vert-intense.com\/en\/guadeloupe-business\/canyoning-guadeloupe\/canyon-ferry\/\" \/>\n<meta property=\"og:site_name\" content=\"Vert Intense\" \/>\n<meta property=\"article:publisher\" content=\"https:\/\/www.facebook.com\/vertintense\" \/>\n<meta property=\"article:modified_time\" content=\"2025-12-11T12:30:13+00:00\" \/>\n<meta property=\"og:image\" content=\"https:\/\/www.vert-intense.com\/wp-content\/uploads\/2023\/11\/20230501_121929-Copier-e1700599679272.jpg\" \/>\n\t<meta property=\"og:image:width\" content=\"974\" \/>\n\t<meta property=\"og:image:height\" content=\"732\" \/>\n\t<meta property=\"og:image:type\" content=\"image\/jpeg\" \/>\n<meta name=\"twitter:card\" content=\"summary_large_image\" \/>\n<meta name=\"twitter:label1\" content=\"Price\" \/>\n\t<meta name=\"twitter:data1\" content=\"80&euro;\" \/>\n\t<meta name=\"twitter:label2\" content=\"Availability\" \/>\n\t<meta name=\"twitter:data2\" content=\"In stock\" \/>\n<script type=\"application\/ld+json\" class=\"yoast-schema-graph\">{\"@context\":\"https:\/\/schema.org\",\"@graph\":[{\"@type\":\"WebPage\",\"@id\":\"https:\/\/www.vert-intense.com\/activite-guadeloupe\/canyoning-guadeloupe\/canyon-ferry\/\",\"url\":\"https:\/\/www.vert-intense.com\/activite-guadeloupe\/canyoning-guadeloupe\/canyon-ferry\/\",\"name\":\"Canyon Ferry en Guadeloupe: Descente en Rappel de 20 m\u00e8tres - Vert Intense\",\"isPartOf\":{\"@id\":\"https:\/\/www.vert-intense.com\/#website\"},\"primaryImageOfPage\":{\"@id\":\"https:\/\/www.vert-intense.com\/activite-guadeloupe\/canyoning-guadeloupe\/canyon-ferry\/#primaryimage\"},\"image\":{\"@id\":\"https:\/\/www.vert-intense.com\/activite-guadeloupe\/canyoning-guadeloupe\/canyon-ferry\/#primaryimage\"},\"thumbnailUrl\":\"https:\/\/i0.wp.com\/www.vert-intense.com\/wp-content\/uploads\/2023\/11\/20230501_121929-Copier-e1700599679272.jpg?fit=974%2C732&ssl=1\",\"datePublished\":\"2023-08-01T13:43:12+00:00\",\"dateModified\":\"2025-12-11T12:30:13+00:00\",\"description\":\"D\u00e9couvrez le Canyon Ferry en Guadeloupe avec ses sauts, toboggans et descentes en rappel. Une exp\u00e9rience unique et rafra\u00eechissante \u00e0 ne pas manquer !\",\"breadcrumb\":{\"@id\":\"https:\/\/www.vert-intense.com\/activite-guadeloupe\/canyoning-guadeloupe\/canyon-ferry\/#breadcrumb\"},\"inLanguage\":\"en-US\",\"potentialAction\":[{\"@type\":\"ReadAction\",\"target\":[\"https:\/\/www.vert-intense.com\/activite-guadeloupe\/canyoning-guadeloupe\/canyon-ferry\/\"]}]},{\"@type\":\"ImageObject\",\"inLanguage\":\"en-US\",\"@id\":\"https:\/\/www.vert-intense.com\/activite-guadeloupe\/canyoning-guadeloupe\/canyon-ferry\/#primaryimage\",\"url\":\"https:\/\/i0.wp.com\/www.vert-intense.com\/wp-content\/uploads\/2023\/11\/20230501_121929-Copier-e1700599679272.jpg?fit=974%2C732&ssl=1\",\"contentUrl\":\"https:\/\/i0.wp.com\/www.vert-intense.com\/wp-content\/uploads\/2023\/11\/20230501_121929-Copier-e1700599679272.jpg?fit=974%2C732&ssl=1\",\"width\":974,\"height\":732,\"caption\":\"descente en rappel Canyon Ferry Guadeloupe vert intense\"},{\"@type\":\"BreadcrumbList\",\"@id\":\"https:\/\/www.vert-intense.com\/activite-guadeloupe\/canyoning-guadeloupe\/canyon-ferry\/#breadcrumb\",\"itemListElement\":[{\"@type\":\"ListItem\",\"position\":1,\"name\":\"Accueil\",\"item\":\"https:\/\/www.vert-intense.com\/\"},{\"@type\":\"ListItem\",\"position\":2,\"name\":\"Activit\u00e9s nature en Guadeloupe\",\"item\":\"https:\/\/www.vert-intense.com\/\"},{\"@type\":\"ListItem\",\"position\":3,\"name\":\"Canyon Ferry\"}]},{\"@type\":\"WebSite\",\"@id\":\"https:\/\/www.vert-intense.com\/#website\",\"url\":\"https:\/\/www.vert-intense.com\/\",\"name\":\"Vert-Intense\",\"description\":\"R\u00e9servez vos activit\u00e9s d\u00e9couvertes en Guadeloupe\",\"publisher\":{\"@id\":\"https:\/\/www.vert-intense.com\/#organization\"},\"potentialAction\":[{\"@type\":\"SearchAction\",\"target\":{\"@type\":\"EntryPoint\",\"urlTemplate\":\"https:\/\/www.vert-intense.com\/?s={search_term_string}\"},\"query-input\":{\"@type\":\"PropertyValueSpecification\",\"valueRequired\":true,\"valueName\":\"search_term_string\"}}],\"inLanguage\":\"en-US\"},{\"@type\":\"Organization\",\"@id\":\"https:\/\/www.vert-intense.com\/#organization\",\"name\":\"Vert-Intense\",\"url\":\"https:\/\/www.vert-intense.com\/\",\"logo\":{\"@type\":\"ImageObject\",\"inLanguage\":\"en-US\",\"@id\":\"https:\/\/www.vert-intense.com\/#\/schema\/logo\/image\/\",\"url\":\"https:\/\/i0.wp.com\/www.vert-intense.com\/wp-content\/uploads\/2023\/07\/logo.png?fit=960%2C960&ssl=1\",\"contentUrl\":\"https:\/\/i0.wp.com\/www.vert-intense.com\/wp-content\/uploads\/2023\/07\/logo.png?fit=960%2C960&ssl=1\",\"width\":960,\"height\":960,\"caption\":\"Vert-Intense\"},\"image\":{\"@id\":\"https:\/\/www.vert-intense.com\/#\/schema\/logo\/image\/\"},\"sameAs\":[\"https:\/\/www.facebook.com\/vertintense\",\"https:\/\/www.tripadvisor.fr\/Attraction_Review-g1644623-d1649481-Reviews-Vert_Intense-Saint_Claude_Basse_Terre_Island_Guadeloupe.html\",\"https:\/\/www.tiktok.com\/@vertintense\",\"https:\/\/www.instagram.com\/vertintenseguadeloupe\/\",\"https:\/\/www.youtube.com\/channel\/UCRymXR1Pa7n50AOgFy9n3bA\"]}]}<\/script>\n<meta property=\"product:price:amount\" content=\"80\" \/>\n<meta property=\"product:price:currency\" content=\"EUR\" \/>\n<meta property=\"og:availability\" content=\"instock\" \/>\n<meta property=\"product:availability\" content=\"instock\" \/>\n<meta property=\"product:condition\" content=\"new\" \/>\n<!-- \/ Yoast SEO Premium plugin. -->","yoast_head_json":{"title":"Canyon Ferry en Guadeloupe: 20-meter abseiling - Vert Intense","description":"Discover the Canyon Ferry in Guadeloupe with its jumps, slides and abseiling. A unique and refreshing experience not to be missed!","robots":{"index":"index","follow":"follow","max-snippet":"max-snippet:-1","max-image-preview":"max-image-preview:large","max-video-preview":"max-video-preview:-1"},"canonical":"https:\/\/www.vert-intense.com\/en\/guadeloupe-business\/canyoning-guadeloupe\/canyon-ferry\/","og_locale":"en_US","og_type":"article","og_title":"Canyon Ferry","og_description":"D\u00e9couvrez le Canyon Ferry en Guadeloupe avec ses sauts, toboggans et descentes en rappel. Une exp\u00e9rience unique et rafra\u00eechissante \u00e0 ne pas manquer !","og_url":"https:\/\/www.vert-intense.com\/en\/guadeloupe-business\/canyoning-guadeloupe\/canyon-ferry\/","og_site_name":"Vert Intense","article_publisher":"https:\/\/www.facebook.com\/vertintense","article_modified_time":"2025-12-11T12:30:13+00:00","og_image":[{"width":974,"height":732,"url":"https:\/\/www.vert-intense.com\/wp-content\/uploads\/2023\/11\/20230501_121929-Copier-e1700599679272.jpg","type":"image\/jpeg"}],"twitter_card":"summary_large_image","twitter_misc":{"Price":"80&euro;","Availability":"In stock"},"schema":{"@context":"https:\/\/schema.org","@graph":[{"@type":"WebPage","@id":"https:\/\/www.vert-intense.com\/activite-guadeloupe\/canyoning-guadeloupe\/canyon-ferry\/","url":"https:\/\/www.vert-intense.com\/activite-guadeloupe\/canyoning-guadeloupe\/canyon-ferry\/","name":"Canyon Ferry en Guadeloupe: 20-meter abseiling - Vert Intense","isPartOf":{"@id":"https:\/\/www.vert-intense.com\/#website"},"primaryImageOfPage":{"@id":"https:\/\/www.vert-intense.com\/activite-guadeloupe\/canyoning-guadeloupe\/canyon-ferry\/#primaryimage"},"image":{"@id":"https:\/\/www.vert-intense.com\/activite-guadeloupe\/canyoning-guadeloupe\/canyon-ferry\/#primaryimage"},"thumbnailUrl":"https:\/\/i0.wp.com\/www.vert-intense.com\/wp-content\/uploads\/2023\/11\/20230501_121929-Copier-e1700599679272.jpg?fit=974%2C732&ssl=1","datePublished":"2023-08-01T13:43:12+00:00","dateModified":"2025-12-11T12:30:13+00:00","description":"Discover the Canyon Ferry in Guadeloupe with its jumps, slides and abseiling. A unique and refreshing experience not to be missed!","breadcrumb":{"@id":"https:\/\/www.vert-intense.com\/activite-guadeloupe\/canyoning-guadeloupe\/canyon-ferry\/#breadcrumb"},"inLanguage":"en-US","potentialAction":[{"@type":"ReadAction","target":["https:\/\/www.vert-intense.com\/activite-guadeloupe\/canyoning-guadeloupe\/canyon-ferry\/"]}]},{"@type":"ImageObject","inLanguage":"en-US","@id":"https:\/\/www.vert-intense.com\/activite-guadeloupe\/canyoning-guadeloupe\/canyon-ferry\/#primaryimage","url":"https:\/\/i0.wp.com\/www.vert-intense.com\/wp-content\/uploads\/2023\/11\/20230501_121929-Copier-e1700599679272.jpg?fit=974%2C732&ssl=1","contentUrl":"https:\/\/i0.wp.com\/www.vert-intense.com\/wp-content\/uploads\/2023\/11\/20230501_121929-Copier-e1700599679272.jpg?fit=974%2C732&ssl=1","width":974,"height":732,"caption":"descente en rappel Canyon Ferry Guadeloupe vert intense"},{"@type":"BreadcrumbList","@id":"https:\/\/www.vert-intense.com\/activite-guadeloupe\/canyoning-guadeloupe\/canyon-ferry\/#breadcrumb","itemListElement":[{"@type":"ListItem","position":1,"name":"Accueil","item":"https:\/\/www.vert-intense.com\/"},{"@type":"ListItem","position":2,"name":"Activit\u00e9s nature en Guadeloupe","item":"https:\/\/www.vert-intense.com\/"},{"@type":"ListItem","position":3,"name":"Canyon Ferry"}]},{"@type":"WebSite","@id":"https:\/\/www.vert-intense.com\/#website","url":"https:\/\/www.vert-intense.com\/","name":"Intense Green","description":"Book your discovery activities in Guadeloupe","publisher":{"@id":"https:\/\/www.vert-intense.com\/#organization"},"potentialAction":[{"@type":"SearchAction","target":{"@type":"EntryPoint","urlTemplate":"https:\/\/www.vert-intense.com\/?s={search_term_string}"},"query-input":{"@type":"PropertyValueSpecification","valueRequired":true,"valueName":"search_term_string"}}],"inLanguage":"en-US"},{"@type":"Organization","@id":"https:\/\/www.vert-intense.com\/#organization","name":"Intense Green","url":"https:\/\/www.vert-intense.com\/","logo":{"@type":"ImageObject","inLanguage":"en-US","@id":"https:\/\/www.vert-intense.com\/#\/schema\/logo\/image\/","url":"https:\/\/i0.wp.com\/www.vert-intense.com\/wp-content\/uploads\/2023\/07\/logo.png?fit=960%2C960&ssl=1","contentUrl":"https:\/\/i0.wp.com\/www.vert-intense.com\/wp-content\/uploads\/2023\/07\/logo.png?fit=960%2C960&ssl=1","width":960,"height":960,"caption":"Vert-Intense"},"image":{"@id":"https:\/\/www.vert-intense.com\/#\/schema\/logo\/image\/"},"sameAs":["https:\/\/www.facebook.com\/vertintense","https:\/\/www.tripadvisor.fr\/Attraction_Review-g1644623-d1649481-Reviews-Vert_Intense-Saint_Claude_Basse_Terre_Island_Guadeloupe.html","https:\/\/www.tiktok.com\/@vertintense","https:\/\/www.instagram.com\/vertintenseguadeloupe\/","https:\/\/www.youtube.com\/channel\/UCRymXR1Pa7n50AOgFy9n3bA"]}]},"product_price_amount":"80","product_price_currency":"EUR","og_availability":"instock","product_availability":"instock","product_condition":"new"},"jetpack_sharing_enabled":true,"_links":{"self":[{"href":"https:\/\/www.vert-intense.com\/en\/wp-json\/wp\/v2\/product\/1589"}],"collection":[{"href":"https:\/\/www.vert-intense.com\/en\/wp-json\/wp\/v2\/product"}],"about":[{"href":"https:\/\/www.vert-intense.com\/en\/wp-json\/wp\/v2\/types\/product"}],"wp:featuredmedia":[{"embeddable":true,"href":"https:\/\/www.vert-intense.com\/en\/wp-json\/wp\/v2\/media\/2436"}],"wp:attachment":[{"href":"https:\/\/www.vert-intense.com\/en\/wp-json\/wp\/v2\/media?parent=1589"}],"wp:term":[{"taxonomy":"product_cat","embeddable":true,"href":"https:\/\/www.vert-intense.com\/en\/wp-json\/wp\/v2\/product_cat?post=1589"},{"taxonomy":"product_tag","embeddable":true,"href":"https:\/\/www.vert-intense.com\/en\/wp-json\/wp\/v2\/product_tag?post=1589"}],"curies":[{"name":"wp","href":"https:\/\/api.w.org\/{rel}","templated":true}]}}