{"id":1586,"date":"2023-08-01T15:41:41","date_gmt":"2023-08-01T13:41:41","guid":{"rendered":"http:\/\/xedhqzi.cluster100.hosting.ovh.net\/?post_type=product&#038;p=1586"},"modified":"2026-04-28T13:53:33","modified_gmt":"2026-04-28T17:53:33","slug":"canyoning-vauchelet","status":"publish","type":"product","link":"https:\/\/www.vert-intense.com\/en\/guadeloupe-business\/canyoning-guadeloupe\/canyoning-vauchelet\/","title":{"rendered":"Canyoning Vauchelet"},"content":{"rendered":"<h3 style=\"text-align: center;\">The Vauchelet Canyon in Guadeloupe<\/h3>\n<p>&nbsp;<\/p>\n<p>Discover the joys of canyoning with Vauchelet canyoning in Guadeloupe. Jumps, slides and abseils await you for unforgettable sensations!<\/p>\n<p>The Canyon de Vauchelet in Guadeloupe is close to the Soufri\u00e8re volcano and at the gateway to the Guadeloupe National Park. Jumps and slides,\u00a0 <strong>5 abseiling descents, including one 20-metre descent<\/strong>You'll be delighted. The course is aquatic and offers great sensations. It's advisable to have already done a canyon outing to sign up for this one.<\/p>\n<p>A great choice for an outing with friends. So don't hesitate, book now for an unforgettable experience!<\/p>\n<h4><\/h4>\n<h4><b>Process<\/b><\/h4>\n<p>&nbsp;<\/p>\n<p><u><b>Preparation:<\/b><\/u><br \/>\nWe are waiting for you on the Soufri\u00e8re road at the exit of the\u00a0<a href=\"https:\/\/www.ville-saintclaude.fr\/\">city of Saint-Claude<\/a>The geolocation is of course sent to you! We'll fit you out with the specific equipment needed for the Vauchelet canyon, and even if you're in Guadeloupe, you'll need a long neoprene wetsuit.<\/p>\n<p><u><b>Activity :<\/b><\/u><br \/>\nCanyoning begins with a 45-minute approach walk through the rainforest at the foot of the Soufri\u00e8re volcano. And here we are at the starting point, so let's get started! We've got 3 hours ahead of us, with abseiling, jumps and slides. Jumps are not compulsory or can be repeated. Finally, we end the Vauchelet canyoning trip in Guadeloupe at the foot of the Vauchelet waterfall.<\/p>\n<p><u><b>Arrival :<\/b><\/u><br \/>\nAnd finally, after a 50-minute walk back, 15 minutes of which were difficult, we reached the cars. And this is where we leave with our heads full of memories!<\/p>\n<p>&nbsp;<\/p>\n<p><b>Route information<\/b><\/p>\n<ul>\n<li>River: Rivi\u00e8re Noire (technical difficulty: moderate)- Route: Commune de Saint Claude<\/li>\n<li>Total duration: 5 h 00<\/li>\n<li>Time spent in the canyon: 3 h 30<\/li>\n<li>Abseiling height: up to 20 m<\/li>\n<\/ul>\n<p>&nbsp;<\/p>\n<p><b>Services included<\/b><\/p>\n<ul>\n<li>Complete canyoning equipment (long neoprene wetsuit, helmet, shoes from 36 to 46)<\/li>\n<li>High-quality harnesses and canyoning gear<\/li>\n<li>Certified canyoning guide<\/li>\n<\/ul>\n<p>&nbsp;<\/p>\n<p><b>To bring<\/b><\/p>\n<ul>\n<li>Swimsuit<\/li>\n<li>Sports shoes if your size is outside 36 to 46<\/li>\n<li>Towel,<\/li>\n<li>Glasses cord<\/li>\n<li>Water<\/li>\n<\/ul>\n<p>&nbsp;<\/p>\n<p><b>Conditions<\/b><\/p>\n<ul>\n<li>Minimum age: 14<\/li>\n<li>Good physical aptitude<\/li>\n<li>Know how to swim<\/li>\n<\/ul>\n<p>&nbsp;<\/p>\n<p>Due to bad weather, you may be offered another date or a refund (rare, but it happens!).<\/p>","protected":false},"excerpt":{"rendered":"<p class=\"ai-optimize-23\">Book Canyoning de Vauchelet, 5 abseiling descents, jumps and slides for maximum fresh and invigorating sensations.<\/p>","protected":false},"featured_media":2293,"template":"","meta":[],"product_cat":[24],"product_tag":[128,126],"class_list":{"0":"post-1586","1":"product","2":"type-product","3":"status-publish","4":"has-post-thumbnail","6":"product_cat-canyoning-guadeloupe","7":"product_tag-canyoning-rouge-niveau-difficile","8":"product_tag-randonnee-bleu-niveau-moyen","10":"first","11":"instock","12":"virtual","13":"sold-individually","14":"taxable","15":"purchasable","16":"product-type-booking"},"yoast_head":"<!-- This site is optimized with the Yoast SEO Premium plugin v25.3.1 (Yoast SEO v25.3.1) - https:\/\/yoast.com\/wordpress\/plugins\/seo\/ -->\n<title>Canyoning Vauchelet en Guadeloupe: Sensations inoubliables ! - Vert Intense<\/title>\n<meta name=\"description\" content=\"Venez d\u00e9couvrir les joies du canyoning Vauchelet en Guadeloupe. Sauts, toboggans et rappels vous attendent pour des sensations inoubliables !\" \/>\n<meta name=\"robots\" content=\"index, follow, max-snippet:-1, max-image-preview:large, max-video-preview:-1\" \/>\n<link rel=\"canonical\" href=\"https:\/\/www.vert-intense.com\/en\/guadeloupe-business\/canyoning-guadeloupe\/canyoning-vauchelet\/\" \/>\n<meta property=\"og:locale\" content=\"en_US\" \/>\n<meta property=\"og:type\" content=\"article\" \/>\n<meta property=\"og:title\" content=\"Canyoning Vauchelet\" \/>\n<meta property=\"og:description\" content=\"Venez d\u00e9couvrir les joies du canyoning Vauchelet en Guadeloupe. Sauts, toboggans et rappels vous attendent pour des sensations inoubliables !\" \/>\n<meta property=\"og:url\" content=\"https:\/\/www.vert-intense.com\/en\/guadeloupe-business\/canyoning-guadeloupe\/canyoning-vauchelet\/\" \/>\n<meta property=\"og:site_name\" content=\"Vert Intense\" \/>\n<meta property=\"article:publisher\" content=\"https:\/\/www.facebook.com\/vertintense\" \/>\n<meta property=\"article:modified_time\" content=\"2026-04-28T17:53:33+00:00\" \/>\n<meta property=\"og:image\" content=\"https:\/\/www.vert-intense.com\/wp-content\/uploads\/2023\/08\/20230521_125705-e1702656540214.jpg\" \/>\n\t<meta property=\"og:image:width\" content=\"1823\" \/>\n\t<meta property=\"og:image:height\" content=\"1368\" \/>\n\t<meta property=\"og:image:type\" content=\"image\/jpeg\" \/>\n<meta name=\"twitter:card\" content=\"summary_large_image\" \/>\n<meta name=\"twitter:label1\" content=\"Price\" \/>\n\t<meta name=\"twitter:data1\" content=\"75&euro;\" \/>\n\t<meta name=\"twitter:label2\" content=\"Availability\" \/>\n\t<meta name=\"twitter:data2\" content=\"In stock\" \/>\n<script type=\"application\/ld+json\" class=\"yoast-schema-graph\">{\"@context\":\"https:\/\/schema.org\",\"@graph\":[{\"@type\":\"WebPage\",\"@id\":\"https:\/\/www.vert-intense.com\/activite-guadeloupe\/canyoning-guadeloupe\/canyoning-vauchelet\/\",\"url\":\"https:\/\/www.vert-intense.com\/activite-guadeloupe\/canyoning-guadeloupe\/canyoning-vauchelet\/\",\"name\":\"Canyoning Vauchelet en Guadeloupe: Sensations inoubliables ! - Vert Intense\",\"isPartOf\":{\"@id\":\"https:\/\/www.vert-intense.com\/#website\"},\"primaryImageOfPage\":{\"@id\":\"https:\/\/www.vert-intense.com\/activite-guadeloupe\/canyoning-guadeloupe\/canyoning-vauchelet\/#primaryimage\"},\"image\":{\"@id\":\"https:\/\/www.vert-intense.com\/activite-guadeloupe\/canyoning-guadeloupe\/canyoning-vauchelet\/#primaryimage\"},\"thumbnailUrl\":\"https:\/\/i0.wp.com\/www.vert-intense.com\/wp-content\/uploads\/2023\/08\/20230521_125705-e1702656540214.jpg?fit=1823%2C1368&ssl=1\",\"datePublished\":\"2023-08-01T13:41:41+00:00\",\"dateModified\":\"2026-04-28T17:53:33+00:00\",\"description\":\"Venez d\u00e9couvrir les joies du canyoning Vauchelet en Guadeloupe. Sauts, toboggans et rappels vous attendent pour des sensations inoubliables !\",\"breadcrumb\":{\"@id\":\"https:\/\/www.vert-intense.com\/activite-guadeloupe\/canyoning-guadeloupe\/canyoning-vauchelet\/#breadcrumb\"},\"inLanguage\":\"en-US\",\"potentialAction\":[{\"@type\":\"ReadAction\",\"target\":[\"https:\/\/www.vert-intense.com\/activite-guadeloupe\/canyoning-guadeloupe\/canyoning-vauchelet\/\"]}]},{\"@type\":\"ImageObject\",\"inLanguage\":\"en-US\",\"@id\":\"https:\/\/www.vert-intense.com\/activite-guadeloupe\/canyoning-guadeloupe\/canyoning-vauchelet\/#primaryimage\",\"url\":\"https:\/\/i0.wp.com\/www.vert-intense.com\/wp-content\/uploads\/2023\/08\/20230521_125705-e1702656540214.jpg?fit=1823%2C1368&ssl=1\",\"contentUrl\":\"https:\/\/i0.wp.com\/www.vert-intense.com\/wp-content\/uploads\/2023\/08\/20230521_125705-e1702656540214.jpg?fit=1823%2C1368&ssl=1\",\"width\":1823,\"height\":1368,\"caption\":\"canyon de vauchelet Guadeloupe\"},{\"@type\":\"BreadcrumbList\",\"@id\":\"https:\/\/www.vert-intense.com\/activite-guadeloupe\/canyoning-guadeloupe\/canyoning-vauchelet\/#breadcrumb\",\"itemListElement\":[{\"@type\":\"ListItem\",\"position\":1,\"name\":\"Accueil\",\"item\":\"https:\/\/www.vert-intense.com\/\"},{\"@type\":\"ListItem\",\"position\":2,\"name\":\"Activit\u00e9s nature en Guadeloupe\",\"item\":\"https:\/\/www.vert-intense.com\/\"},{\"@type\":\"ListItem\",\"position\":3,\"name\":\"Canyoning Vauchelet\"}]},{\"@type\":\"WebSite\",\"@id\":\"https:\/\/www.vert-intense.com\/#website\",\"url\":\"https:\/\/www.vert-intense.com\/\",\"name\":\"Vert-Intense\",\"description\":\"R\u00e9servez vos activit\u00e9s d\u00e9couvertes en Guadeloupe\",\"publisher\":{\"@id\":\"https:\/\/www.vert-intense.com\/#organization\"},\"potentialAction\":[{\"@type\":\"SearchAction\",\"target\":{\"@type\":\"EntryPoint\",\"urlTemplate\":\"https:\/\/www.vert-intense.com\/?s={search_term_string}\"},\"query-input\":{\"@type\":\"PropertyValueSpecification\",\"valueRequired\":true,\"valueName\":\"search_term_string\"}}],\"inLanguage\":\"en-US\"},{\"@type\":\"Organization\",\"@id\":\"https:\/\/www.vert-intense.com\/#organization\",\"name\":\"Vert-Intense\",\"url\":\"https:\/\/www.vert-intense.com\/\",\"logo\":{\"@type\":\"ImageObject\",\"inLanguage\":\"en-US\",\"@id\":\"https:\/\/www.vert-intense.com\/#\/schema\/logo\/image\/\",\"url\":\"https:\/\/i0.wp.com\/www.vert-intense.com\/wp-content\/uploads\/2023\/07\/logo.png?fit=960%2C960&ssl=1\",\"contentUrl\":\"https:\/\/i0.wp.com\/www.vert-intense.com\/wp-content\/uploads\/2023\/07\/logo.png?fit=960%2C960&ssl=1\",\"width\":960,\"height\":960,\"caption\":\"Vert-Intense\"},\"image\":{\"@id\":\"https:\/\/www.vert-intense.com\/#\/schema\/logo\/image\/\"},\"sameAs\":[\"https:\/\/www.facebook.com\/vertintense\",\"https:\/\/www.tripadvisor.fr\/Attraction_Review-g1644623-d1649481-Reviews-Vert_Intense-Saint_Claude_Basse_Terre_Island_Guadeloupe.html\",\"https:\/\/www.tiktok.com\/@vertintense\",\"https:\/\/www.instagram.com\/vertintenseguadeloupe\/\",\"https:\/\/www.youtube.com\/channel\/UCRymXR1Pa7n50AOgFy9n3bA\"]}]}<\/script>\n<meta property=\"product:price:amount\" content=\"75\" \/>\n<meta property=\"product:price:currency\" content=\"EUR\" \/>\n<meta property=\"og:availability\" content=\"instock\" \/>\n<meta property=\"product:availability\" content=\"instock\" \/>\n<meta property=\"product:condition\" content=\"new\" \/>\n<!-- \/ Yoast SEO Premium plugin. -->","yoast_head_json":{"title":"Canyoning Vauchelet in Guadeloupe: Unforgettable sensations! - Intense Green","description":"Come and discover the joys of Vauchelet canyoning in Guadeloupe. Jumps, slides and abseils await you for unforgettable sensations!","robots":{"index":"index","follow":"follow","max-snippet":"max-snippet:-1","max-image-preview":"max-image-preview:large","max-video-preview":"max-video-preview:-1"},"canonical":"https:\/\/www.vert-intense.com\/en\/guadeloupe-business\/canyoning-guadeloupe\/canyoning-vauchelet\/","og_locale":"en_US","og_type":"article","og_title":"Canyoning Vauchelet","og_description":"Venez d\u00e9couvrir les joies du canyoning Vauchelet en Guadeloupe. Sauts, toboggans et rappels vous attendent pour des sensations inoubliables !","og_url":"https:\/\/www.vert-intense.com\/en\/guadeloupe-business\/canyoning-guadeloupe\/canyoning-vauchelet\/","og_site_name":"Vert Intense","article_publisher":"https:\/\/www.facebook.com\/vertintense","article_modified_time":"2026-04-28T17:53:33+00:00","og_image":[{"width":1823,"height":1368,"url":"https:\/\/www.vert-intense.com\/wp-content\/uploads\/2023\/08\/20230521_125705-e1702656540214.jpg","type":"image\/jpeg"}],"twitter_card":"summary_large_image","twitter_misc":{"Price":"75&euro;","Availability":"In stock"},"schema":{"@context":"https:\/\/schema.org","@graph":[{"@type":"WebPage","@id":"https:\/\/www.vert-intense.com\/activite-guadeloupe\/canyoning-guadeloupe\/canyoning-vauchelet\/","url":"https:\/\/www.vert-intense.com\/activite-guadeloupe\/canyoning-guadeloupe\/canyoning-vauchelet\/","name":"Canyoning Vauchelet in Guadeloupe: Unforgettable sensations! - Intense Green","isPartOf":{"@id":"https:\/\/www.vert-intense.com\/#website"},"primaryImageOfPage":{"@id":"https:\/\/www.vert-intense.com\/activite-guadeloupe\/canyoning-guadeloupe\/canyoning-vauchelet\/#primaryimage"},"image":{"@id":"https:\/\/www.vert-intense.com\/activite-guadeloupe\/canyoning-guadeloupe\/canyoning-vauchelet\/#primaryimage"},"thumbnailUrl":"https:\/\/i0.wp.com\/www.vert-intense.com\/wp-content\/uploads\/2023\/08\/20230521_125705-e1702656540214.jpg?fit=1823%2C1368&ssl=1","datePublished":"2023-08-01T13:41:41+00:00","dateModified":"2026-04-28T17:53:33+00:00","description":"Come and discover the joys of Vauchelet canyoning in Guadeloupe. Jumps, slides and abseils await you for unforgettable sensations!","breadcrumb":{"@id":"https:\/\/www.vert-intense.com\/activite-guadeloupe\/canyoning-guadeloupe\/canyoning-vauchelet\/#breadcrumb"},"inLanguage":"en-US","potentialAction":[{"@type":"ReadAction","target":["https:\/\/www.vert-intense.com\/activite-guadeloupe\/canyoning-guadeloupe\/canyoning-vauchelet\/"]}]},{"@type":"ImageObject","inLanguage":"en-US","@id":"https:\/\/www.vert-intense.com\/activite-guadeloupe\/canyoning-guadeloupe\/canyoning-vauchelet\/#primaryimage","url":"https:\/\/i0.wp.com\/www.vert-intense.com\/wp-content\/uploads\/2023\/08\/20230521_125705-e1702656540214.jpg?fit=1823%2C1368&ssl=1","contentUrl":"https:\/\/i0.wp.com\/www.vert-intense.com\/wp-content\/uploads\/2023\/08\/20230521_125705-e1702656540214.jpg?fit=1823%2C1368&ssl=1","width":1823,"height":1368,"caption":"canyon de vauchelet Guadeloupe"},{"@type":"BreadcrumbList","@id":"https:\/\/www.vert-intense.com\/activite-guadeloupe\/canyoning-guadeloupe\/canyoning-vauchelet\/#breadcrumb","itemListElement":[{"@type":"ListItem","position":1,"name":"Accueil","item":"https:\/\/www.vert-intense.com\/"},{"@type":"ListItem","position":2,"name":"Activit\u00e9s nature en Guadeloupe","item":"https:\/\/www.vert-intense.com\/"},{"@type":"ListItem","position":3,"name":"Canyoning Vauchelet"}]},{"@type":"WebSite","@id":"https:\/\/www.vert-intense.com\/#website","url":"https:\/\/www.vert-intense.com\/","name":"Intense Green","description":"Book your discovery activities in Guadeloupe","publisher":{"@id":"https:\/\/www.vert-intense.com\/#organization"},"potentialAction":[{"@type":"SearchAction","target":{"@type":"EntryPoint","urlTemplate":"https:\/\/www.vert-intense.com\/?s={search_term_string}"},"query-input":{"@type":"PropertyValueSpecification","valueRequired":true,"valueName":"search_term_string"}}],"inLanguage":"en-US"},{"@type":"Organization","@id":"https:\/\/www.vert-intense.com\/#organization","name":"Intense Green","url":"https:\/\/www.vert-intense.com\/","logo":{"@type":"ImageObject","inLanguage":"en-US","@id":"https:\/\/www.vert-intense.com\/#\/schema\/logo\/image\/","url":"https:\/\/i0.wp.com\/www.vert-intense.com\/wp-content\/uploads\/2023\/07\/logo.png?fit=960%2C960&ssl=1","contentUrl":"https:\/\/i0.wp.com\/www.vert-intense.com\/wp-content\/uploads\/2023\/07\/logo.png?fit=960%2C960&ssl=1","width":960,"height":960,"caption":"Vert-Intense"},"image":{"@id":"https:\/\/www.vert-intense.com\/#\/schema\/logo\/image\/"},"sameAs":["https:\/\/www.facebook.com\/vertintense","https:\/\/www.tripadvisor.fr\/Attraction_Review-g1644623-d1649481-Reviews-Vert_Intense-Saint_Claude_Basse_Terre_Island_Guadeloupe.html","https:\/\/www.tiktok.com\/@vertintense","https:\/\/www.instagram.com\/vertintenseguadeloupe\/","https:\/\/www.youtube.com\/channel\/UCRymXR1Pa7n50AOgFy9n3bA"]}]},"product_price_amount":"75","product_price_currency":"EUR","og_availability":"instock","product_availability":"instock","product_condition":"new"},"jetpack_sharing_enabled":true,"_links":{"self":[{"href":"https:\/\/www.vert-intense.com\/en\/wp-json\/wp\/v2\/product\/1586"}],"collection":[{"href":"https:\/\/www.vert-intense.com\/en\/wp-json\/wp\/v2\/product"}],"about":[{"href":"https:\/\/www.vert-intense.com\/en\/wp-json\/wp\/v2\/types\/product"}],"wp:featuredmedia":[{"embeddable":true,"href":"https:\/\/www.vert-intense.com\/en\/wp-json\/wp\/v2\/media\/2293"}],"wp:attachment":[{"href":"https:\/\/www.vert-intense.com\/en\/wp-json\/wp\/v2\/media?parent=1586"}],"wp:term":[{"taxonomy":"product_cat","embeddable":true,"href":"https:\/\/www.vert-intense.com\/en\/wp-json\/wp\/v2\/product_cat?post=1586"},{"taxonomy":"product_tag","embeddable":true,"href":"https:\/\/www.vert-intense.com\/en\/wp-json\/wp\/v2\/product_tag?post=1586"}],"curies":[{"name":"wp","href":"https:\/\/api.w.org\/{rel}","templated":true}]}}