{"id":1585,"date":"2023-08-01T15:41:05","date_gmt":"2023-08-01T13:41:05","guid":{"rendered":"http:\/\/xedhqzi.cluster100.hosting.ovh.net\/?post_type=product&#038;p=1585"},"modified":"2026-04-25T15:31:12","modified_gmt":"2026-04-25T19:31:12","slug":"canyoning-ravine-chaude-guadeloupe","status":"publish","type":"product","link":"https:\/\/www.vert-intense.com\/en\/guadeloupe-business\/canyoning-guadeloupe\/canyoning-ravine-chaude-guadeloupe\/","title":{"rendered":"Canyoning Ravine Chaude"},"content":{"rendered":"<blockquote>\n<h3 style=\"text-align: center;\">Ravine Chaude Canyon in Guadeloupe<\/h3>\n<\/blockquote>\n<p>&nbsp;<\/p>\n<p>Come and discover the joys of Ravine Chaude canyoning in Guadeloupe. Jumps, slides and abseiling await you for unforgettable sensations!<\/p>\n<p>The Ravine Chaude Canyon in Guadeloupe is close to the Soufri\u00e8re volcano and at the gateway to the Guadeloupe National Park. Jumps and slides,\u00a0 <strong>5 abseiling descents, including one 15-metre descent<\/strong>You'll be delighted. The course is aquatic and offers great sensations. A great choice for an outing with friends or teenagers. So don't hesitate, book now for an unforgettable experience!<\/p>\n<h4><\/h4>\n<h4><b>Procedure :<\/b><\/h4>\n<p>&nbsp;<\/p>\n<p><u><b>Preparation:<\/b><\/u><br \/>\nWe'll be waiting for you at the Bassin Bleu parking lot in Gourbeyre - geolocation will be sent to you, of course! We'll fit you out with the specific equipment you'll need for the Ravine Chaude canyon, and even if you're in Guadeloupe, you'll need a long neoprene wetsuit.<\/p>\n<p><u><b>Activity :<\/b><\/u><br \/>\nCanyoning begins with a 45-minute approach walk through the rainforest. And here we are at the starting point, so let's get started! We've got 3h00 ahead of us, with abseiling, jumps and more slides. Jumps are not compulsory or can be repeated. Finally, we end the Ravine Chaude canyoning trip in Guadeloupe with a jump into the Bassin Bleu in Gourbeyre.<\/p>\n<p><u><b>Arrival :\u00a0<\/b><\/u><br \/>\nAnd finally, after a 15-minute walk back, we arrived at the Bassin Bleu parking lot in Gourbeyre, Guadeloupe, our point of departure. Without a doubt, you'll be leaving us with a head full of memories!<\/p>\n<p>&nbsp;<\/p>\n<p><b>Route information<\/b><\/p>\n<ul>\n<li>River: Galion river Bassin Bleu de Gourbeyre (technical difficulty: moderate)<\/li>\n<li>Itinerary: Rivi\u00e8re Ravine Chaude to Bassin Bleu Total duration: 4 h<\/li>\n<li>Time spent in the canyon: 3 h 00<\/li>\n<li>Abseiling height: up to 15 m<\/li>\n<\/ul>\n<p>&nbsp;<\/p>\n<p><b>Services included<\/b><\/p>\n<ul>\n<li>Complete canyoning equipment (long neoprene wetsuit, helmet, shoes from 36 to 46)<\/li>\n<li>Harness and canyoning equipment<\/li>\n<li>Certified canyoning guide<\/li>\n<\/ul>\n<p>&nbsp;<\/p>\n<p><b>To bring<\/b><\/p>\n<ul>\n<li>Swimsuit<\/li>\n<li>Sports shoes if your size is outside 36 to 46<\/li>\n<li>Towel<\/li>\n<li>Glasses cord<\/li>\n<li>Water<\/li>\n<\/ul>\n<p>&nbsp;<\/p>\n<p><b>Conditions<\/b><\/p>\n<ul>\n<li>Minimum age: 12<\/li>\n<li>Good Physical fitness<\/li>\n<li>Know how to swim<\/li>\n<\/ul>\n<p>&nbsp;<\/p>\n<p>Due to bad weather, you may be offered another date or a refund (rare, but it happens!).<\/p>","protected":false},"excerpt":{"rendered":"<p><!--more-->Book Ravine Chaude canyoning, 5 abseiling descents, jumps and slides for a full range of fresh, invigorating sensations.<\/p>","protected":false},"featured_media":2421,"template":"","meta":[],"product_cat":[24],"product_tag":[127,126],"class_list":{"0":"post-1585","1":"product","2":"type-product","3":"status-publish","4":"has-post-thumbnail","6":"product_cat-canyoning-guadeloupe","7":"product_tag-canyoning-vert-niveau-facile","8":"product_tag-randonnee-bleu-niveau-moyen","10":"first","11":"instock","12":"virtual","13":"sold-individually","14":"taxable","15":"purchasable","16":"product-type-booking"},"yoast_head":"<!-- This site is optimized with the Yoast SEO Premium plugin v25.3.1 (Yoast SEO v25.3.1) - https:\/\/yoast.com\/wordpress\/plugins\/seo\/ -->\n<title>Canyoning Ravine Chaude en Guadeloupe : Idyllique et Excitant - Vert Intense<\/title>\n<meta name=\"description\" content=\"Venez d\u00e9couvrir les joies du canyoning Ravine Chaude en Guadeloupe. Sauts, toboggans et rappels vous attendent pour des sensations inoubliables !\" \/>\n<meta name=\"robots\" content=\"index, follow, max-snippet:-1, max-image-preview:large, max-video-preview:-1\" \/>\n<link rel=\"canonical\" href=\"https:\/\/www.vert-intense.com\/en\/guadeloupe-business\/canyoning-guadeloupe\/canyoning-ravine-chaude-guadeloupe\/\" \/>\n<meta property=\"og:locale\" content=\"en_US\" \/>\n<meta property=\"og:type\" content=\"article\" \/>\n<meta property=\"og:title\" content=\"Canyoning Ravine Chaude\" \/>\n<meta property=\"og:description\" content=\"Venez d\u00e9couvrir les joies du canyoning Ravine Chaude en Guadeloupe. Sauts, toboggans et rappels vous attendent pour des sensations inoubliables !\" \/>\n<meta property=\"og:url\" content=\"https:\/\/www.vert-intense.com\/en\/guadeloupe-business\/canyoning-guadeloupe\/canyoning-ravine-chaude-guadeloupe\/\" \/>\n<meta property=\"og:site_name\" content=\"Vert Intense\" \/>\n<meta property=\"article:publisher\" content=\"https:\/\/www.facebook.com\/vertintense\" \/>\n<meta property=\"article:modified_time\" content=\"2026-04-25T19:31:12+00:00\" \/>\n<meta property=\"og:image\" content=\"https:\/\/www.vert-intense.com\/wp-content\/uploads\/2023\/11\/ravinechaude002-bis.jpg\" \/>\n\t<meta property=\"og:image:width\" content=\"1300\" \/>\n\t<meta property=\"og:image:height\" content=\"977\" \/>\n\t<meta property=\"og:image:type\" content=\"image\/jpeg\" \/>\n<meta name=\"twitter:card\" content=\"summary_large_image\" \/>\n<meta name=\"twitter:label1\" content=\"Price\" \/>\n\t<meta name=\"twitter:data1\" content=\"65&euro;\" \/>\n\t<meta name=\"twitter:label2\" content=\"Availability\" \/>\n\t<meta name=\"twitter:data2\" content=\"In stock\" \/>\n<script type=\"application\/ld+json\" class=\"yoast-schema-graph\">{\"@context\":\"https:\/\/schema.org\",\"@graph\":[{\"@type\":\"WebPage\",\"@id\":\"https:\/\/www.vert-intense.com\/activite-guadeloupe\/canyoning-guadeloupe\/canyoning-ravine-chaude-guadeloupe\/\",\"url\":\"https:\/\/www.vert-intense.com\/activite-guadeloupe\/canyoning-guadeloupe\/canyoning-ravine-chaude-guadeloupe\/\",\"name\":\"Canyoning Ravine Chaude en Guadeloupe : Idyllique et Excitant - Vert Intense\",\"isPartOf\":{\"@id\":\"https:\/\/www.vert-intense.com\/#website\"},\"primaryImageOfPage\":{\"@id\":\"https:\/\/www.vert-intense.com\/activite-guadeloupe\/canyoning-guadeloupe\/canyoning-ravine-chaude-guadeloupe\/#primaryimage\"},\"image\":{\"@id\":\"https:\/\/www.vert-intense.com\/activite-guadeloupe\/canyoning-guadeloupe\/canyoning-ravine-chaude-guadeloupe\/#primaryimage\"},\"thumbnailUrl\":\"https:\/\/i0.wp.com\/www.vert-intense.com\/wp-content\/uploads\/2023\/11\/ravinechaude002-bis.jpg?fit=1300%2C977&ssl=1\",\"datePublished\":\"2023-08-01T13:41:05+00:00\",\"dateModified\":\"2026-04-25T19:31:12+00:00\",\"description\":\"Venez d\u00e9couvrir les joies du canyoning Ravine Chaude en Guadeloupe. Sauts, toboggans et rappels vous attendent pour des sensations inoubliables !\",\"breadcrumb\":{\"@id\":\"https:\/\/www.vert-intense.com\/activite-guadeloupe\/canyoning-guadeloupe\/canyoning-ravine-chaude-guadeloupe\/#breadcrumb\"},\"inLanguage\":\"en-US\",\"potentialAction\":[{\"@type\":\"ReadAction\",\"target\":[\"https:\/\/www.vert-intense.com\/activite-guadeloupe\/canyoning-guadeloupe\/canyoning-ravine-chaude-guadeloupe\/\"]}]},{\"@type\":\"ImageObject\",\"inLanguage\":\"en-US\",\"@id\":\"https:\/\/www.vert-intense.com\/activite-guadeloupe\/canyoning-guadeloupe\/canyoning-ravine-chaude-guadeloupe\/#primaryimage\",\"url\":\"https:\/\/i0.wp.com\/www.vert-intense.com\/wp-content\/uploads\/2023\/11\/ravinechaude002-bis.jpg?fit=1300%2C977&ssl=1\",\"contentUrl\":\"https:\/\/i0.wp.com\/www.vert-intense.com\/wp-content\/uploads\/2023\/11\/ravinechaude002-bis.jpg?fit=1300%2C977&ssl=1\",\"width\":1300,\"height\":977,\"caption\":\"descente en rappel canyon Ravine Chaude\"},{\"@type\":\"BreadcrumbList\",\"@id\":\"https:\/\/www.vert-intense.com\/activite-guadeloupe\/canyoning-guadeloupe\/canyoning-ravine-chaude-guadeloupe\/#breadcrumb\",\"itemListElement\":[{\"@type\":\"ListItem\",\"position\":1,\"name\":\"Accueil\",\"item\":\"https:\/\/www.vert-intense.com\/\"},{\"@type\":\"ListItem\",\"position\":2,\"name\":\"Activit\u00e9s nature en Guadeloupe\",\"item\":\"https:\/\/www.vert-intense.com\/\"},{\"@type\":\"ListItem\",\"position\":3,\"name\":\"Canyoning Ravine Chaude\"}]},{\"@type\":\"WebSite\",\"@id\":\"https:\/\/www.vert-intense.com\/#website\",\"url\":\"https:\/\/www.vert-intense.com\/\",\"name\":\"Vert-Intense\",\"description\":\"R\u00e9servez vos activit\u00e9s d\u00e9couvertes en Guadeloupe\",\"publisher\":{\"@id\":\"https:\/\/www.vert-intense.com\/#organization\"},\"potentialAction\":[{\"@type\":\"SearchAction\",\"target\":{\"@type\":\"EntryPoint\",\"urlTemplate\":\"https:\/\/www.vert-intense.com\/?s={search_term_string}\"},\"query-input\":{\"@type\":\"PropertyValueSpecification\",\"valueRequired\":true,\"valueName\":\"search_term_string\"}}],\"inLanguage\":\"en-US\"},{\"@type\":\"Organization\",\"@id\":\"https:\/\/www.vert-intense.com\/#organization\",\"name\":\"Vert-Intense\",\"url\":\"https:\/\/www.vert-intense.com\/\",\"logo\":{\"@type\":\"ImageObject\",\"inLanguage\":\"en-US\",\"@id\":\"https:\/\/www.vert-intense.com\/#\/schema\/logo\/image\/\",\"url\":\"https:\/\/i0.wp.com\/www.vert-intense.com\/wp-content\/uploads\/2023\/07\/logo.png?fit=960%2C960&ssl=1\",\"contentUrl\":\"https:\/\/i0.wp.com\/www.vert-intense.com\/wp-content\/uploads\/2023\/07\/logo.png?fit=960%2C960&ssl=1\",\"width\":960,\"height\":960,\"caption\":\"Vert-Intense\"},\"image\":{\"@id\":\"https:\/\/www.vert-intense.com\/#\/schema\/logo\/image\/\"},\"sameAs\":[\"https:\/\/www.facebook.com\/vertintense\",\"https:\/\/www.tripadvisor.fr\/Attraction_Review-g1644623-d1649481-Reviews-Vert_Intense-Saint_Claude_Basse_Terre_Island_Guadeloupe.html\",\"https:\/\/www.tiktok.com\/@vertintense\",\"https:\/\/www.instagram.com\/vertintenseguadeloupe\/\",\"https:\/\/www.youtube.com\/channel\/UCRymXR1Pa7n50AOgFy9n3bA\"]}]}<\/script>\n<meta property=\"product:price:amount\" content=\"65\" \/>\n<meta property=\"product:price:currency\" content=\"EUR\" \/>\n<meta property=\"og:availability\" content=\"instock\" \/>\n<meta property=\"product:availability\" content=\"instock\" \/>\n<meta property=\"product:condition\" content=\"new\" \/>\n<!-- \/ Yoast SEO Premium plugin. -->","yoast_head_json":{"title":"Canyoning Ravine Chaude in Guadeloupe: Idyllic and Exciting - Intense Green","description":"Come and discover the joys of Ravine Chaude canyoning in Guadeloupe. Jumps, slides and abseiling await you for unforgettable sensations!","robots":{"index":"index","follow":"follow","max-snippet":"max-snippet:-1","max-image-preview":"max-image-preview:large","max-video-preview":"max-video-preview:-1"},"canonical":"https:\/\/www.vert-intense.com\/en\/guadeloupe-business\/canyoning-guadeloupe\/canyoning-ravine-chaude-guadeloupe\/","og_locale":"en_US","og_type":"article","og_title":"Canyoning Ravine Chaude","og_description":"Venez d\u00e9couvrir les joies du canyoning Ravine Chaude en Guadeloupe. Sauts, toboggans et rappels vous attendent pour des sensations inoubliables !","og_url":"https:\/\/www.vert-intense.com\/en\/guadeloupe-business\/canyoning-guadeloupe\/canyoning-ravine-chaude-guadeloupe\/","og_site_name":"Vert Intense","article_publisher":"https:\/\/www.facebook.com\/vertintense","article_modified_time":"2026-04-25T19:31:12+00:00","og_image":[{"width":1300,"height":977,"url":"https:\/\/www.vert-intense.com\/wp-content\/uploads\/2023\/11\/ravinechaude002-bis.jpg","type":"image\/jpeg"}],"twitter_card":"summary_large_image","twitter_misc":{"Price":"65&euro;","Availability":"In stock"},"schema":{"@context":"https:\/\/schema.org","@graph":[{"@type":"WebPage","@id":"https:\/\/www.vert-intense.com\/activite-guadeloupe\/canyoning-guadeloupe\/canyoning-ravine-chaude-guadeloupe\/","url":"https:\/\/www.vert-intense.com\/activite-guadeloupe\/canyoning-guadeloupe\/canyoning-ravine-chaude-guadeloupe\/","name":"Canyoning Ravine Chaude in Guadeloupe: Idyllic and Exciting - Intense Green","isPartOf":{"@id":"https:\/\/www.vert-intense.com\/#website"},"primaryImageOfPage":{"@id":"https:\/\/www.vert-intense.com\/activite-guadeloupe\/canyoning-guadeloupe\/canyoning-ravine-chaude-guadeloupe\/#primaryimage"},"image":{"@id":"https:\/\/www.vert-intense.com\/activite-guadeloupe\/canyoning-guadeloupe\/canyoning-ravine-chaude-guadeloupe\/#primaryimage"},"thumbnailUrl":"https:\/\/i0.wp.com\/www.vert-intense.com\/wp-content\/uploads\/2023\/11\/ravinechaude002-bis.jpg?fit=1300%2C977&ssl=1","datePublished":"2023-08-01T13:41:05+00:00","dateModified":"2026-04-25T19:31:12+00:00","description":"Come and discover the joys of Ravine Chaude canyoning in Guadeloupe. Jumps, slides and abseiling await you for unforgettable sensations!","breadcrumb":{"@id":"https:\/\/www.vert-intense.com\/activite-guadeloupe\/canyoning-guadeloupe\/canyoning-ravine-chaude-guadeloupe\/#breadcrumb"},"inLanguage":"en-US","potentialAction":[{"@type":"ReadAction","target":["https:\/\/www.vert-intense.com\/activite-guadeloupe\/canyoning-guadeloupe\/canyoning-ravine-chaude-guadeloupe\/"]}]},{"@type":"ImageObject","inLanguage":"en-US","@id":"https:\/\/www.vert-intense.com\/activite-guadeloupe\/canyoning-guadeloupe\/canyoning-ravine-chaude-guadeloupe\/#primaryimage","url":"https:\/\/i0.wp.com\/www.vert-intense.com\/wp-content\/uploads\/2023\/11\/ravinechaude002-bis.jpg?fit=1300%2C977&ssl=1","contentUrl":"https:\/\/i0.wp.com\/www.vert-intense.com\/wp-content\/uploads\/2023\/11\/ravinechaude002-bis.jpg?fit=1300%2C977&ssl=1","width":1300,"height":977,"caption":"descente en rappel canyon Ravine Chaude"},{"@type":"BreadcrumbList","@id":"https:\/\/www.vert-intense.com\/activite-guadeloupe\/canyoning-guadeloupe\/canyoning-ravine-chaude-guadeloupe\/#breadcrumb","itemListElement":[{"@type":"ListItem","position":1,"name":"Accueil","item":"https:\/\/www.vert-intense.com\/"},{"@type":"ListItem","position":2,"name":"Activit\u00e9s nature en Guadeloupe","item":"https:\/\/www.vert-intense.com\/"},{"@type":"ListItem","position":3,"name":"Canyoning Ravine Chaude"}]},{"@type":"WebSite","@id":"https:\/\/www.vert-intense.com\/#website","url":"https:\/\/www.vert-intense.com\/","name":"Intense Green","description":"Book your discovery activities in Guadeloupe","publisher":{"@id":"https:\/\/www.vert-intense.com\/#organization"},"potentialAction":[{"@type":"SearchAction","target":{"@type":"EntryPoint","urlTemplate":"https:\/\/www.vert-intense.com\/?s={search_term_string}"},"query-input":{"@type":"PropertyValueSpecification","valueRequired":true,"valueName":"search_term_string"}}],"inLanguage":"en-US"},{"@type":"Organization","@id":"https:\/\/www.vert-intense.com\/#organization","name":"Intense Green","url":"https:\/\/www.vert-intense.com\/","logo":{"@type":"ImageObject","inLanguage":"en-US","@id":"https:\/\/www.vert-intense.com\/#\/schema\/logo\/image\/","url":"https:\/\/i0.wp.com\/www.vert-intense.com\/wp-content\/uploads\/2023\/07\/logo.png?fit=960%2C960&ssl=1","contentUrl":"https:\/\/i0.wp.com\/www.vert-intense.com\/wp-content\/uploads\/2023\/07\/logo.png?fit=960%2C960&ssl=1","width":960,"height":960,"caption":"Vert-Intense"},"image":{"@id":"https:\/\/www.vert-intense.com\/#\/schema\/logo\/image\/"},"sameAs":["https:\/\/www.facebook.com\/vertintense","https:\/\/www.tripadvisor.fr\/Attraction_Review-g1644623-d1649481-Reviews-Vert_Intense-Saint_Claude_Basse_Terre_Island_Guadeloupe.html","https:\/\/www.tiktok.com\/@vertintense","https:\/\/www.instagram.com\/vertintenseguadeloupe\/","https:\/\/www.youtube.com\/channel\/UCRymXR1Pa7n50AOgFy9n3bA"]}]},"product_price_amount":"65","product_price_currency":"EUR","og_availability":"instock","product_availability":"instock","product_condition":"new"},"jetpack_sharing_enabled":true,"_links":{"self":[{"href":"https:\/\/www.vert-intense.com\/en\/wp-json\/wp\/v2\/product\/1585"}],"collection":[{"href":"https:\/\/www.vert-intense.com\/en\/wp-json\/wp\/v2\/product"}],"about":[{"href":"https:\/\/www.vert-intense.com\/en\/wp-json\/wp\/v2\/types\/product"}],"wp:featuredmedia":[{"embeddable":true,"href":"https:\/\/www.vert-intense.com\/en\/wp-json\/wp\/v2\/media\/2421"}],"wp:attachment":[{"href":"https:\/\/www.vert-intense.com\/en\/wp-json\/wp\/v2\/media?parent=1585"}],"wp:term":[{"taxonomy":"product_cat","embeddable":true,"href":"https:\/\/www.vert-intense.com\/en\/wp-json\/wp\/v2\/product_cat?post=1585"},{"taxonomy":"product_tag","embeddable":true,"href":"https:\/\/www.vert-intense.com\/en\/wp-json\/wp\/v2\/product_tag?post=1585"}],"curies":[{"name":"wp","href":"https:\/\/api.w.org\/{rel}","templated":true}]}}