{"id":1569,"date":"2023-07-26T16:02:14","date_gmt":"2023-07-26T14:02:14","guid":{"rendered":"http:\/\/xedhqzi.cluster100.hosting.ovh.net\/?post_type=product&#038;p=1569"},"modified":"2026-02-13T07:18:04","modified_gmt":"2026-02-13T11:18:04","slug":"water-walk","status":"publish","type":"product","link":"https:\/\/www.vert-intense.com\/en\/guadeloupe-business\/canyoning-guadeloupe\/water-walk\/","title":{"rendered":"Water hike"},"content":{"rendered":"<h3 style=\"text-align: center;\"><b>Acomat water walk in Guadeloupe<\/b><\/h3>\n<p>&nbsp;<\/p>\n<p>Come and try your hand at canyoning with the Acomat aquatic tour in Guadeloupe. Jumps and slides await you for an unforgettable discovery!<\/p>\n<p>The Acomat water ride in Guadeloupe is located in the commune of Pointe-Noire. Descend the bed of the Grande Plaine river, with a series of jumps and slides, to the delight of children. The course is aquatic and offers great sensations. A great choice for a family outing. So don't hesitate, book now for an unforgettable experience!<\/p>\n<h4><\/h4>\n<h4><b>Process\u00a0<\/b><\/h4>\n<p>&nbsp;<\/p>\n<p><u><b>Preparation:<\/b><\/u><\/p>\n<p>To begin with, we'll be waiting for you in the parking lot opposite the Maison du Cacao between Bouillante and Pointe-Noire, with geolocation sent to you as a matter of course! And in just a few minutes by car, we'll reach the heights of Acomat. Once you're up there, we'll fit you out with the specific equipment you'll need for the Acomat aquatic hike, and even if you're in Guadeloupe, a long neoprene wetsuit is a must.<\/p>\n<p><u><b>Activity:<\/b><\/u><\/p>\n<p>The aquatic hike begins with a 20-minute approach walk through the forest. We arrive at the starting point of the aquatic hike. Afterwards, a 2-hour descent into the river in a magnificent canyon awaits us. The water ride is fun: swimming, walking, jumps and slides. Jumps are not compulsory or can be repeated. And we finish our tour in the Saut d'Acomat.<\/p>\n<p><u><b>Arrival :<\/b><\/u><\/p>\n<p>And to finish, a 10-minute walk back to the car, with your head full of memories of this aquatic hike!<\/p>\n<h4><\/h4>\n<h4><b>Route information\u00a0<\/b><\/h4>\n<ul>\n<li>River: Grande Plaine river (technical difficulty: moderate)<\/li>\n<li>Description: easy course with river walk, little change in altitude but some technical sections<\/li>\n<li>Route: Acomat heights to Acomat jump<\/li>\n<li>Total time: 3 h<\/li>\n<li>Time spent in the canyon: 2 h 00<\/li>\n<li>Return height: No return<\/li>\n<\/ul>\n<p>&nbsp;<\/p>\n<h4><b>Services included<\/b><\/h4>\n<ul>\n<li>Canyoning equipment (long neoprene wetsuit, helmet)<\/li>\n<li>Certified canyoning guide<\/li>\n<\/ul>\n<p>&nbsp;<\/p>\n<h4><b>To bring<\/b><\/h4>\n<ul>\n<li>Swimsuit<\/li>\n<li>sneakers<\/li>\n<li>Towel for the return journey<\/li>\n<li>glasses cord<\/li>\n<li>water bottle or flask<\/li>\n<\/ul>\n<p>&nbsp;<\/p>\n<h4><b>Conditions<\/b><\/h4>\n<ul>\n<li>Minimum age: 8 years<\/li>\n<li>Physical fitness<\/li>\n<li>Know how to swim<\/li>\n<\/ul>\n<p>&nbsp;<\/p>\n<p>Due to bad weather, you may be offered another date or a refund (rare, but it happens!).<\/p>","protected":false},"excerpt":{"rendered":"<p class=\"ai-optimize-23\">Book the Acomat aquatic tour in Guadeloupe and try your hand at canyoning. Jumps and slides await you for an unforgettable discovery!<\/p>","protected":false},"featured_media":2379,"template":"","meta":[],"product_cat":[24],"product_tag":[125,127,126],"class_list":{"0":"post-1569","1":"product","2":"type-product","3":"status-publish","4":"has-post-thumbnail","6":"product_cat-canyoning-guadeloupe","7":"product_tag-canyoning-bleu-niveau-moyen","8":"product_tag-canyoning-vert-niveau-facile","9":"product_tag-randonnee-bleu-niveau-moyen","11":"first","12":"instock","13":"virtual","14":"sold-individually","15":"taxable","16":"purchasable","17":"product-type-booking"},"yoast_head":"<!-- This site is optimized with the Yoast SEO Premium plugin v25.3.1 (Yoast SEO v25.3.1) - https:\/\/yoast.com\/wordpress\/plugins\/seo\/ -->\n<title>Randonn\u00e9e Aquatique Acomat en Guadeloupe: Plaisir pour Tous<\/title>\n<meta name=\"description\" content=\"Venez vous initiez au canyoning avec la randonn\u00e9e aquatique de Acomat en Guadeloupe. Sauts et toboggans vous attendent pour une d\u00e9couverte inoubliable !\" \/>\n<meta name=\"robots\" content=\"index, follow, max-snippet:-1, max-image-preview:large, max-video-preview:-1\" \/>\n<link rel=\"canonical\" href=\"https:\/\/www.vert-intense.com\/en\/guadeloupe-business\/canyoning-guadeloupe\/water-walk\/\" \/>\n<meta property=\"og:locale\" content=\"en_US\" \/>\n<meta property=\"og:type\" content=\"article\" \/>\n<meta property=\"og:title\" content=\"Randonn\u00e9e aquatique\" \/>\n<meta property=\"og:description\" content=\"Venez vous initiez au canyoning avec la randonn\u00e9e aquatique de Acomat en Guadeloupe. Sauts et toboggans vous attendent pour une d\u00e9couverte inoubliable !\" \/>\n<meta property=\"og:url\" content=\"https:\/\/www.vert-intense.com\/en\/guadeloupe-business\/canyoning-guadeloupe\/water-walk\/\" \/>\n<meta property=\"og:site_name\" content=\"Vert Intense\" \/>\n<meta property=\"article:publisher\" content=\"https:\/\/www.facebook.com\/vertintense\" \/>\n<meta property=\"article:modified_time\" content=\"2026-02-13T11:18:04+00:00\" \/>\n<meta property=\"og:image\" content=\"https:\/\/www.vert-intense.com\/wp-content\/uploads\/2023\/07\/acomat003-e1700261828476.jpg\" \/>\n\t<meta property=\"og:image:width\" content=\"1200\" \/>\n\t<meta property=\"og:image:height\" content=\"902\" \/>\n\t<meta property=\"og:image:type\" content=\"image\/jpeg\" \/>\n<meta name=\"twitter:card\" content=\"summary_large_image\" \/>\n<meta name=\"twitter:label1\" content=\"Price\" \/>\n\t<meta name=\"twitter:data1\" content=\"45&euro;\" \/>\n\t<meta name=\"twitter:label2\" content=\"Availability\" \/>\n\t<meta name=\"twitter:data2\" content=\"In stock\" \/>\n<script type=\"application\/ld+json\" class=\"yoast-schema-graph\">{\"@context\":\"https:\/\/schema.org\",\"@graph\":[{\"@type\":\"WebPage\",\"@id\":\"https:\/\/www.vert-intense.com\/activite-guadeloupe\/canyoning-guadeloupe\/randonnee-aquatique\/\",\"url\":\"https:\/\/www.vert-intense.com\/activite-guadeloupe\/canyoning-guadeloupe\/randonnee-aquatique\/\",\"name\":\"Randonn\u00e9e Aquatique Acomat en Guadeloupe: Plaisir pour Tous\",\"isPartOf\":{\"@id\":\"https:\/\/www.vert-intense.com\/#website\"},\"primaryImageOfPage\":{\"@id\":\"https:\/\/www.vert-intense.com\/activite-guadeloupe\/canyoning-guadeloupe\/randonnee-aquatique\/#primaryimage\"},\"image\":{\"@id\":\"https:\/\/www.vert-intense.com\/activite-guadeloupe\/canyoning-guadeloupe\/randonnee-aquatique\/#primaryimage\"},\"thumbnailUrl\":\"https:\/\/i0.wp.com\/www.vert-intense.com\/wp-content\/uploads\/2023\/07\/acomat003-e1700261828476.jpg?fit=1200%2C902&ssl=1\",\"datePublished\":\"2023-07-26T14:02:14+00:00\",\"dateModified\":\"2026-02-13T11:18:04+00:00\",\"description\":\"Venez vous initiez au canyoning avec la randonn\u00e9e aquatique de Acomat en Guadeloupe. Sauts et toboggans vous attendent pour une d\u00e9couverte inoubliable !\",\"breadcrumb\":{\"@id\":\"https:\/\/www.vert-intense.com\/activite-guadeloupe\/canyoning-guadeloupe\/randonnee-aquatique\/#breadcrumb\"},\"inLanguage\":\"en-US\",\"potentialAction\":[{\"@type\":\"ReadAction\",\"target\":[\"https:\/\/www.vert-intense.com\/activite-guadeloupe\/canyoning-guadeloupe\/randonnee-aquatique\/\"]}]},{\"@type\":\"ImageObject\",\"inLanguage\":\"en-US\",\"@id\":\"https:\/\/www.vert-intense.com\/activite-guadeloupe\/canyoning-guadeloupe\/randonnee-aquatique\/#primaryimage\",\"url\":\"https:\/\/i0.wp.com\/www.vert-intense.com\/wp-content\/uploads\/2023\/07\/acomat003-e1700261828476.jpg?fit=1200%2C902&ssl=1\",\"contentUrl\":\"https:\/\/i0.wp.com\/www.vert-intense.com\/wp-content\/uploads\/2023\/07\/acomat003-e1700261828476.jpg?fit=1200%2C902&ssl=1\",\"width\":1200,\"height\":902,\"caption\":\"randonn\u00e9e aquatique \u00e0 Acomat\"},{\"@type\":\"BreadcrumbList\",\"@id\":\"https:\/\/www.vert-intense.com\/activite-guadeloupe\/canyoning-guadeloupe\/randonnee-aquatique\/#breadcrumb\",\"itemListElement\":[{\"@type\":\"ListItem\",\"position\":1,\"name\":\"Accueil\",\"item\":\"https:\/\/www.vert-intense.com\/\"},{\"@type\":\"ListItem\",\"position\":2,\"name\":\"Activit\u00e9s nature en Guadeloupe\",\"item\":\"https:\/\/www.vert-intense.com\/\"},{\"@type\":\"ListItem\",\"position\":3,\"name\":\"Randonn\u00e9e aquatique\"}]},{\"@type\":\"WebSite\",\"@id\":\"https:\/\/www.vert-intense.com\/#website\",\"url\":\"https:\/\/www.vert-intense.com\/\",\"name\":\"Vert-Intense\",\"description\":\"R\u00e9servez vos activit\u00e9s d\u00e9couvertes en Guadeloupe\",\"publisher\":{\"@id\":\"https:\/\/www.vert-intense.com\/#organization\"},\"potentialAction\":[{\"@type\":\"SearchAction\",\"target\":{\"@type\":\"EntryPoint\",\"urlTemplate\":\"https:\/\/www.vert-intense.com\/?s={search_term_string}\"},\"query-input\":{\"@type\":\"PropertyValueSpecification\",\"valueRequired\":true,\"valueName\":\"search_term_string\"}}],\"inLanguage\":\"en-US\"},{\"@type\":\"Organization\",\"@id\":\"https:\/\/www.vert-intense.com\/#organization\",\"name\":\"Vert-Intense\",\"url\":\"https:\/\/www.vert-intense.com\/\",\"logo\":{\"@type\":\"ImageObject\",\"inLanguage\":\"en-US\",\"@id\":\"https:\/\/www.vert-intense.com\/#\/schema\/logo\/image\/\",\"url\":\"https:\/\/i0.wp.com\/www.vert-intense.com\/wp-content\/uploads\/2023\/07\/logo.png?fit=960%2C960&ssl=1\",\"contentUrl\":\"https:\/\/i0.wp.com\/www.vert-intense.com\/wp-content\/uploads\/2023\/07\/logo.png?fit=960%2C960&ssl=1\",\"width\":960,\"height\":960,\"caption\":\"Vert-Intense\"},\"image\":{\"@id\":\"https:\/\/www.vert-intense.com\/#\/schema\/logo\/image\/\"},\"sameAs\":[\"https:\/\/www.facebook.com\/vertintense\",\"https:\/\/www.tripadvisor.fr\/Attraction_Review-g1644623-d1649481-Reviews-Vert_Intense-Saint_Claude_Basse_Terre_Island_Guadeloupe.html\",\"https:\/\/www.tiktok.com\/@vertintense\",\"https:\/\/www.instagram.com\/vertintenseguadeloupe\/\",\"https:\/\/www.youtube.com\/channel\/UCRymXR1Pa7n50AOgFy9n3bA\"]}]}<\/script>\n<meta property=\"product:price:amount\" content=\"45\" \/>\n<meta property=\"product:price:currency\" content=\"EUR\" \/>\n<meta property=\"og:availability\" content=\"instock\" \/>\n<meta property=\"product:availability\" content=\"instock\" \/>\n<meta property=\"product:condition\" content=\"new\" \/>\n<!-- \/ Yoast SEO Premium plugin. -->","yoast_head_json":{"title":"Acomat Water Tour in Guadeloupe: Fun for All","description":"Come and try your hand at canyoning with the Acomat aquatic tour in Guadeloupe. Jumps and slides await you for an unforgettable discovery!","robots":{"index":"index","follow":"follow","max-snippet":"max-snippet:-1","max-image-preview":"max-image-preview:large","max-video-preview":"max-video-preview:-1"},"canonical":"https:\/\/www.vert-intense.com\/en\/guadeloupe-business\/canyoning-guadeloupe\/water-walk\/","og_locale":"en_US","og_type":"article","og_title":"Randonn\u00e9e aquatique","og_description":"Venez vous initiez au canyoning avec la randonn\u00e9e aquatique de Acomat en Guadeloupe. Sauts et toboggans vous attendent pour une d\u00e9couverte inoubliable !","og_url":"https:\/\/www.vert-intense.com\/en\/guadeloupe-business\/canyoning-guadeloupe\/water-walk\/","og_site_name":"Vert Intense","article_publisher":"https:\/\/www.facebook.com\/vertintense","article_modified_time":"2026-02-13T11:18:04+00:00","og_image":[{"width":1200,"height":902,"url":"https:\/\/www.vert-intense.com\/wp-content\/uploads\/2023\/07\/acomat003-e1700261828476.jpg","type":"image\/jpeg"}],"twitter_card":"summary_large_image","twitter_misc":{"Price":"45&euro;","Availability":"In stock"},"schema":{"@context":"https:\/\/schema.org","@graph":[{"@type":"WebPage","@id":"https:\/\/www.vert-intense.com\/activite-guadeloupe\/canyoning-guadeloupe\/randonnee-aquatique\/","url":"https:\/\/www.vert-intense.com\/activite-guadeloupe\/canyoning-guadeloupe\/randonnee-aquatique\/","name":"Acomat Water Tour in Guadeloupe: Fun for All","isPartOf":{"@id":"https:\/\/www.vert-intense.com\/#website"},"primaryImageOfPage":{"@id":"https:\/\/www.vert-intense.com\/activite-guadeloupe\/canyoning-guadeloupe\/randonnee-aquatique\/#primaryimage"},"image":{"@id":"https:\/\/www.vert-intense.com\/activite-guadeloupe\/canyoning-guadeloupe\/randonnee-aquatique\/#primaryimage"},"thumbnailUrl":"https:\/\/i0.wp.com\/www.vert-intense.com\/wp-content\/uploads\/2023\/07\/acomat003-e1700261828476.jpg?fit=1200%2C902&ssl=1","datePublished":"2023-07-26T14:02:14+00:00","dateModified":"2026-02-13T11:18:04+00:00","description":"Come and try your hand at canyoning with the Acomat aquatic tour in Guadeloupe. Jumps and slides await you for an unforgettable discovery!","breadcrumb":{"@id":"https:\/\/www.vert-intense.com\/activite-guadeloupe\/canyoning-guadeloupe\/randonnee-aquatique\/#breadcrumb"},"inLanguage":"en-US","potentialAction":[{"@type":"ReadAction","target":["https:\/\/www.vert-intense.com\/activite-guadeloupe\/canyoning-guadeloupe\/randonnee-aquatique\/"]}]},{"@type":"ImageObject","inLanguage":"en-US","@id":"https:\/\/www.vert-intense.com\/activite-guadeloupe\/canyoning-guadeloupe\/randonnee-aquatique\/#primaryimage","url":"https:\/\/i0.wp.com\/www.vert-intense.com\/wp-content\/uploads\/2023\/07\/acomat003-e1700261828476.jpg?fit=1200%2C902&ssl=1","contentUrl":"https:\/\/i0.wp.com\/www.vert-intense.com\/wp-content\/uploads\/2023\/07\/acomat003-e1700261828476.jpg?fit=1200%2C902&ssl=1","width":1200,"height":902,"caption":"randonn\u00e9e aquatique \u00e0 Acomat"},{"@type":"BreadcrumbList","@id":"https:\/\/www.vert-intense.com\/activite-guadeloupe\/canyoning-guadeloupe\/randonnee-aquatique\/#breadcrumb","itemListElement":[{"@type":"ListItem","position":1,"name":"Accueil","item":"https:\/\/www.vert-intense.com\/"},{"@type":"ListItem","position":2,"name":"Activit\u00e9s nature en Guadeloupe","item":"https:\/\/www.vert-intense.com\/"},{"@type":"ListItem","position":3,"name":"Randonn\u00e9e aquatique"}]},{"@type":"WebSite","@id":"https:\/\/www.vert-intense.com\/#website","url":"https:\/\/www.vert-intense.com\/","name":"Intense Green","description":"Book your discovery activities in Guadeloupe","publisher":{"@id":"https:\/\/www.vert-intense.com\/#organization"},"potentialAction":[{"@type":"SearchAction","target":{"@type":"EntryPoint","urlTemplate":"https:\/\/www.vert-intense.com\/?s={search_term_string}"},"query-input":{"@type":"PropertyValueSpecification","valueRequired":true,"valueName":"search_term_string"}}],"inLanguage":"en-US"},{"@type":"Organization","@id":"https:\/\/www.vert-intense.com\/#organization","name":"Intense Green","url":"https:\/\/www.vert-intense.com\/","logo":{"@type":"ImageObject","inLanguage":"en-US","@id":"https:\/\/www.vert-intense.com\/#\/schema\/logo\/image\/","url":"https:\/\/i0.wp.com\/www.vert-intense.com\/wp-content\/uploads\/2023\/07\/logo.png?fit=960%2C960&ssl=1","contentUrl":"https:\/\/i0.wp.com\/www.vert-intense.com\/wp-content\/uploads\/2023\/07\/logo.png?fit=960%2C960&ssl=1","width":960,"height":960,"caption":"Vert-Intense"},"image":{"@id":"https:\/\/www.vert-intense.com\/#\/schema\/logo\/image\/"},"sameAs":["https:\/\/www.facebook.com\/vertintense","https:\/\/www.tripadvisor.fr\/Attraction_Review-g1644623-d1649481-Reviews-Vert_Intense-Saint_Claude_Basse_Terre_Island_Guadeloupe.html","https:\/\/www.tiktok.com\/@vertintense","https:\/\/www.instagram.com\/vertintenseguadeloupe\/","https:\/\/www.youtube.com\/channel\/UCRymXR1Pa7n50AOgFy9n3bA"]}]},"product_price_amount":"45","product_price_currency":"EUR","og_availability":"instock","product_availability":"instock","product_condition":"new"},"jetpack_sharing_enabled":true,"_links":{"self":[{"href":"https:\/\/www.vert-intense.com\/en\/wp-json\/wp\/v2\/product\/1569"}],"collection":[{"href":"https:\/\/www.vert-intense.com\/en\/wp-json\/wp\/v2\/product"}],"about":[{"href":"https:\/\/www.vert-intense.com\/en\/wp-json\/wp\/v2\/types\/product"}],"wp:featuredmedia":[{"embeddable":true,"href":"https:\/\/www.vert-intense.com\/en\/wp-json\/wp\/v2\/media\/2379"}],"wp:attachment":[{"href":"https:\/\/www.vert-intense.com\/en\/wp-json\/wp\/v2\/media?parent=1569"}],"wp:term":[{"taxonomy":"product_cat","embeddable":true,"href":"https:\/\/www.vert-intense.com\/en\/wp-json\/wp\/v2\/product_cat?post=1569"},{"taxonomy":"product_tag","embeddable":true,"href":"https:\/\/www.vert-intense.com\/en\/wp-json\/wp\/v2\/product_tag?post=1569"}],"curies":[{"name":"wp","href":"https:\/\/api.w.org\/{rel}","templated":true}]}}