{"id":1871,"date":"2023-08-16T10:19:32","date_gmt":"2023-08-16T08:19:32","guid":{"rendered":"http:\/\/xedhqzi.cluster100.hosting.ovh.net\/?page_id=1871"},"modified":"2024-10-01T13:31:13","modified_gmt":"2024-10-01T17:31:13","slug":"assistance","status":"publish","type":"page","link":"https:\/\/www.vert-intense.com\/en\/assistance\/","title":{"rendered":"Need help?"},"content":{"rendered":"<p><strong>Welcome to the Vert-intense website.<\/strong><\/p>\n\n\n\n<p>To help you: here are a few lines to help you navigate the different pages of the site. <\/p>\n\n\n\n<p><strong>Activities.<\/strong><\/p>\n\n\n\n<p>We have selected a range of activities, <a href=\"https:\/\/www.vert-intense.com\/en\/activities-in-guadeloupe\/canyoning-guadeloupe\/\">Canyon<\/a> and <a href=\"https:\/\/www.vert-intense.com\/en\/activities-in-guadeloupe\/hiking-in-guadeloupe\/\">Hiking<\/a> to let you experience Guadeloupe's terrestrial ecosystems up close.<\/p>\n\n\n\n<p>You can simply book one or more activities online, and we'll find the best possible dates for your outings. <\/p>\n\n\n\n<p><strong>Voyages stays<\/strong><\/p>\n\n\n\n<p>We have designed a range of <a href=\"https:\/\/www.vert-intense.com\/en\/activities-in-guadeloupe\/stay-in-guadeloupe\/\">stays<\/a> with free or supervised activities of varying lengths, which we feel is the best way to discover the islands of Guadeloupe.<\/p>\n\n\n\n<p>You select the stay(s), and you send us the request in one click on request your quote.<\/p>\n\n\n\n<p>Rates indicated \"from\" correspond to the lowest rates in low season.<\/p>\n\n\n\n<p><strong>Lodging<\/strong><\/p>\n\n\n\n<p>You can choose your dates and book your stay directly<\/p>\n\n\n\n<p><strong>Boats<\/strong><\/p>\n\n\n\n<p>We offer two motorboats for hire. Departing from Rivi\u00e8res Sens Gourbeyre, it's the ideal base for discovering the Saintes archipelago or the Cousteau Reserve.<a href=\"https:\/\/www.blueboatrental.fr\/fr-fr\"> Reservations can be made directly online.<\/a><\/p>\n\n\n\n<p>If you need further assistance, please contact us at 0690554047.<\/p>","protected":false},"excerpt":{"rendered":"<p>Welcome to the Vert-intense website. Here are a few guidelines to help you navigate the site. Activities. We have selected various activities, canyoning and hiking, to enable you to experience Guadeloupe's terrestrial ecosystems as closely as possible. You can simply book one or [...]<\/p>","protected":false},"author":1,"featured_media":0,"parent":0,"menu_order":0,"comment_status":"closed","ping_status":"closed","template":"","meta":{"footnotes":""},"class_list":["post-1871","page","type-page","status-publish","hentry"],"yoast_head":"<!-- This site is optimized with the Yoast SEO Premium plugin v25.3.1 (Yoast SEO v25.3.1) - https:\/\/yoast.com\/wordpress\/plugins\/seo\/ -->\n<title>Besoin d&#039;aide pour naviguer sur notre site Vert-intense<\/title>\n<meta name=\"description\" content=\"Besoin d&#039;aide ? D\u00e9couvrez en quelques lignes nos activit\u00e9s de canyoning et de randonn\u00e9e, et r\u00e9servez en un clic.\" \/>\n<meta name=\"robots\" content=\"index, follow, max-snippet:-1, max-image-preview:large, max-video-preview:-1\" \/>\n<link rel=\"canonical\" href=\"https:\/\/www.vert-intense.com\/en\/assistance\/\" \/>\n<meta property=\"og:locale\" content=\"en_US\" \/>\n<meta property=\"og:type\" content=\"article\" \/>\n<meta property=\"og:title\" content=\"Besoin D&#039;aide ?\" \/>\n<meta property=\"og:description\" content=\"Besoin d&#039;aide ? D\u00e9couvrez en quelques lignes nos activit\u00e9s de canyoning et de randonn\u00e9e, et r\u00e9servez en un clic.\" \/>\n<meta property=\"og:url\" content=\"https:\/\/www.vert-intense.com\/en\/assistance\/\" \/>\n<meta property=\"og:site_name\" content=\"Vert Intense\" \/>\n<meta property=\"article:publisher\" content=\"https:\/\/www.facebook.com\/vertintense\" \/>\n<meta property=\"article:modified_time\" content=\"2024-10-01T17:31:13+00:00\" \/>\n<meta property=\"og:image\" content=\"https:\/\/i0.wp.com\/www.vert-intense.com\/wp-content\/uploads\/2024\/07\/home.png?fit=1358%2C735&ssl=1\" \/>\n\t<meta property=\"og:image:width\" content=\"1358\" \/>\n\t<meta property=\"og:image:height\" content=\"735\" \/>\n\t<meta property=\"og:image:type\" content=\"image\/png\" \/>\n<meta name=\"twitter:card\" content=\"summary_large_image\" \/>\n<meta name=\"twitter:label1\" content=\"Est. reading time\" \/>\n\t<meta name=\"twitter:data1\" content=\"2 minutes\" \/>\n<script type=\"application\/ld+json\" class=\"yoast-schema-graph\">{\"@context\":\"https:\/\/schema.org\",\"@graph\":[{\"@type\":\"WebPage\",\"@id\":\"https:\/\/www.vert-intense.com\/aide\/\",\"url\":\"https:\/\/www.vert-intense.com\/aide\/\",\"name\":\"Besoin d'aide pour naviguer sur notre site Vert-intense\",\"isPartOf\":{\"@id\":\"https:\/\/www.vert-intense.com\/#website\"},\"datePublished\":\"2023-08-16T08:19:32+00:00\",\"dateModified\":\"2024-10-01T17:31:13+00:00\",\"description\":\"Besoin d'aide ? D\u00e9couvrez en quelques lignes nos activit\u00e9s de canyoning et de randonn\u00e9e, et r\u00e9servez en un clic.\",\"breadcrumb\":{\"@id\":\"https:\/\/www.vert-intense.com\/aide\/#breadcrumb\"},\"inLanguage\":\"en-US\",\"potentialAction\":[{\"@type\":\"ReadAction\",\"target\":[\"https:\/\/www.vert-intense.com\/aide\/\"]}]},{\"@type\":\"BreadcrumbList\",\"@id\":\"https:\/\/www.vert-intense.com\/aide\/#breadcrumb\",\"itemListElement\":[{\"@type\":\"ListItem\",\"position\":1,\"name\":\"Accueil\",\"item\":\"https:\/\/www.vert-intense.com\/\"},{\"@type\":\"ListItem\",\"position\":2,\"name\":\"Besoin D&#8217;aide ?\"}]},{\"@type\":\"WebSite\",\"@id\":\"https:\/\/www.vert-intense.com\/#website\",\"url\":\"https:\/\/www.vert-intense.com\/\",\"name\":\"Vert-Intense\",\"description\":\"R\u00e9servez vos activit\u00e9s d\u00e9couvertes en Guadeloupe\",\"publisher\":{\"@id\":\"https:\/\/www.vert-intense.com\/#organization\"},\"potentialAction\":[{\"@type\":\"SearchAction\",\"target\":{\"@type\":\"EntryPoint\",\"urlTemplate\":\"https:\/\/www.vert-intense.com\/?s={search_term_string}\"},\"query-input\":{\"@type\":\"PropertyValueSpecification\",\"valueRequired\":true,\"valueName\":\"search_term_string\"}}],\"inLanguage\":\"en-US\"},{\"@type\":\"Organization\",\"@id\":\"https:\/\/www.vert-intense.com\/#organization\",\"name\":\"Vert-Intense\",\"url\":\"https:\/\/www.vert-intense.com\/\",\"logo\":{\"@type\":\"ImageObject\",\"inLanguage\":\"en-US\",\"@id\":\"https:\/\/www.vert-intense.com\/#\/schema\/logo\/image\/\",\"url\":\"https:\/\/i0.wp.com\/www.vert-intense.com\/wp-content\/uploads\/2023\/07\/logo.png?fit=960%2C960&ssl=1\",\"contentUrl\":\"https:\/\/i0.wp.com\/www.vert-intense.com\/wp-content\/uploads\/2023\/07\/logo.png?fit=960%2C960&ssl=1\",\"width\":960,\"height\":960,\"caption\":\"Vert-Intense\"},\"image\":{\"@id\":\"https:\/\/www.vert-intense.com\/#\/schema\/logo\/image\/\"},\"sameAs\":[\"https:\/\/www.facebook.com\/vertintense\",\"https:\/\/www.tripadvisor.fr\/Attraction_Review-g1644623-d1649481-Reviews-Vert_Intense-Saint_Claude_Basse_Terre_Island_Guadeloupe.html\",\"https:\/\/www.tiktok.com\/@vertintense\",\"https:\/\/www.instagram.com\/vertintenseguadeloupe\/\",\"https:\/\/www.youtube.com\/channel\/UCRymXR1Pa7n50AOgFy9n3bA\"]}]}<\/script>\n<!-- \/ Yoast SEO Premium plugin. -->","yoast_head_json":{"title":"Need help navigating our Vert-intense site?","description":"Need help? Discover our canyoning and hiking activities in just a few lines, and book with one click.","robots":{"index":"index","follow":"follow","max-snippet":"max-snippet:-1","max-image-preview":"max-image-preview:large","max-video-preview":"max-video-preview:-1"},"canonical":"https:\/\/www.vert-intense.com\/en\/assistance\/","og_locale":"en_US","og_type":"article","og_title":"Besoin D'aide ?","og_description":"Besoin d'aide ? D\u00e9couvrez en quelques lignes nos activit\u00e9s de canyoning et de randonn\u00e9e, et r\u00e9servez en un clic.","og_url":"https:\/\/www.vert-intense.com\/en\/assistance\/","og_site_name":"Vert Intense","article_publisher":"https:\/\/www.facebook.com\/vertintense","article_modified_time":"2024-10-01T17:31:13+00:00","og_image":[{"width":1358,"height":735,"url":"https:\/\/i0.wp.com\/www.vert-intense.com\/wp-content\/uploads\/2024\/07\/home.png?fit=1358%2C735&ssl=1","type":"image\/png"}],"twitter_card":"summary_large_image","twitter_misc":{"Est. reading time":"2 minutes"},"schema":{"@context":"https:\/\/schema.org","@graph":[{"@type":"WebPage","@id":"https:\/\/www.vert-intense.com\/aide\/","url":"https:\/\/www.vert-intense.com\/aide\/","name":"Need help navigating our Vert-intense site?","isPartOf":{"@id":"https:\/\/www.vert-intense.com\/#website"},"datePublished":"2023-08-16T08:19:32+00:00","dateModified":"2024-10-01T17:31:13+00:00","description":"Need help? Discover our canyoning and hiking activities in just a few lines, and book with one click.","breadcrumb":{"@id":"https:\/\/www.vert-intense.com\/aide\/#breadcrumb"},"inLanguage":"en-US","potentialAction":[{"@type":"ReadAction","target":["https:\/\/www.vert-intense.com\/aide\/"]}]},{"@type":"BreadcrumbList","@id":"https:\/\/www.vert-intense.com\/aide\/#breadcrumb","itemListElement":[{"@type":"ListItem","position":1,"name":"Accueil","item":"https:\/\/www.vert-intense.com\/"},{"@type":"ListItem","position":2,"name":"Besoin D&#8217;aide ?"}]},{"@type":"WebSite","@id":"https:\/\/www.vert-intense.com\/#website","url":"https:\/\/www.vert-intense.com\/","name":"Intense Green","description":"Book your discovery activities in Guadeloupe","publisher":{"@id":"https:\/\/www.vert-intense.com\/#organization"},"potentialAction":[{"@type":"SearchAction","target":{"@type":"EntryPoint","urlTemplate":"https:\/\/www.vert-intense.com\/?s={search_term_string}"},"query-input":{"@type":"PropertyValueSpecification","valueRequired":true,"valueName":"search_term_string"}}],"inLanguage":"en-US"},{"@type":"Organization","@id":"https:\/\/www.vert-intense.com\/#organization","name":"Intense Green","url":"https:\/\/www.vert-intense.com\/","logo":{"@type":"ImageObject","inLanguage":"en-US","@id":"https:\/\/www.vert-intense.com\/#\/schema\/logo\/image\/","url":"https:\/\/i0.wp.com\/www.vert-intense.com\/wp-content\/uploads\/2023\/07\/logo.png?fit=960%2C960&ssl=1","contentUrl":"https:\/\/i0.wp.com\/www.vert-intense.com\/wp-content\/uploads\/2023\/07\/logo.png?fit=960%2C960&ssl=1","width":960,"height":960,"caption":"Vert-Intense"},"image":{"@id":"https:\/\/www.vert-intense.com\/#\/schema\/logo\/image\/"},"sameAs":["https:\/\/www.facebook.com\/vertintense","https:\/\/www.tripadvisor.fr\/Attraction_Review-g1644623-d1649481-Reviews-Vert_Intense-Saint_Claude_Basse_Terre_Island_Guadeloupe.html","https:\/\/www.tiktok.com\/@vertintense","https:\/\/www.instagram.com\/vertintenseguadeloupe\/","https:\/\/www.youtube.com\/channel\/UCRymXR1Pa7n50AOgFy9n3bA"]}]}},"jetpack_sharing_enabled":true,"_links":{"self":[{"href":"https:\/\/www.vert-intense.com\/en\/wp-json\/wp\/v2\/pages\/1871"}],"collection":[{"href":"https:\/\/www.vert-intense.com\/en\/wp-json\/wp\/v2\/pages"}],"about":[{"href":"https:\/\/www.vert-intense.com\/en\/wp-json\/wp\/v2\/types\/page"}],"author":[{"embeddable":true,"href":"https:\/\/www.vert-intense.com\/en\/wp-json\/wp\/v2\/users\/1"}],"replies":[{"embeddable":true,"href":"https:\/\/www.vert-intense.com\/en\/wp-json\/wp\/v2\/comments?post=1871"}],"version-history":[{"count":4,"href":"https:\/\/www.vert-intense.com\/en\/wp-json\/wp\/v2\/pages\/1871\/revisions"}],"predecessor-version":[{"id":2818,"href":"https:\/\/www.vert-intense.com\/en\/wp-json\/wp\/v2\/pages\/1871\/revisions\/2818"}],"wp:attachment":[{"href":"https:\/\/www.vert-intense.com\/en\/wp-json\/wp\/v2\/media?parent=1871"}],"curies":[{"name":"wp","href":"https:\/\/api.w.org\/{rel}","templated":true}]}}