{"id":8848,"date":"2025-01-19T12:10:23","date_gmt":"2025-01-19T16:10:23","guid":{"rendered":"https:\/\/www.vert-intense.com\/?post_type=product&#038;p=8848"},"modified":"2026-04-13T16:35:48","modified_gmt":"2026-04-13T20:35:48","slug":"wasserdichter-beutel","status":"publish","type":"product","link":"https:\/\/www.vert-intense.com\/de\/aktivitat-guadeloupe\/shop\/wasserdichter-beutel\/","title":{"rendered":"Wasserdichter Beutel"},"content":{"rendered":"<p>Wenn Sie Ihre Sachen in Ihrem Rucksack sch\u00fctzen m\u00f6chten oder als Ausweichm\u00f6glichkeit einen Rucksack verwenden m\u00f6chten, bieten wir Ihnen wasserdichte S\u00e4cke in den Gr\u00f6\u00dfen 5, 10, 20 oder 30 Liter an. Die wasserdichten S\u00e4cke mit 20 und 30 Litern verf\u00fcgen \u00fcber 2 Schultergurte und k\u00f6nnen als leichter Rucksack verwendet werden.<\/p>\n<p>Sie k\u00f6nnen diese zu Ihrer Reservierung hinzuf\u00fcgen, der F\u00fchrer gibt sie Ihnen am Morgen Ihrer Wanderung.<\/p>\n<p>\u00dcber das Wandern in tropischen Gefilden hinaus ist es die ideale Tasche f\u00fcr Ausfl\u00fcge in die Natur.<\/p>\n<p>Wir haben nur eine Farbe auf Lager, Schwarz.<\/p>","protected":false},"excerpt":{"rendered":"<p>Wasserdichter Beutel, 5, 20 oder 30 Liter.<\/p>","protected":false},"featured_media":9738,"template":"","meta":[],"product_cat":[141],"product_tag":[],"class_list":{"0":"post-8848","1":"product","2":"type-product","3":"status-publish","4":"has-post-thumbnail","6":"product_cat-boutique","8":"first","9":"instock","10":"taxable","11":"shipping-taxable","12":"purchasable","13":"product-type-variable"},"yoast_head":"<!-- This site is optimized with the Yoast SEO Premium plugin v25.3.1 (Yoast SEO v25.3.1) - https:\/\/yoast.com\/wordpress\/plugins\/seo\/ -->\n<title>sac \u00e9tanche avec bretelles pour vos randonn\u00e9es - Vert Intense<\/title>\n<meta name=\"description\" content=\"D\u00e9couvrez notre sac \u00e9tanche avec bretelles, parfait pour vos randonn\u00e9es en nature. Choisissez entre 5, 20 ou 30 litres et prot\u00e9gez vos effets!\" \/>\n<meta name=\"robots\" content=\"index, follow, max-snippet:-1, max-image-preview:large, max-video-preview:-1\" \/>\n<link rel=\"canonical\" href=\"https:\/\/www.vert-intense.com\/de\/aktivitat-guadeloupe\/shop\/wasserdichter-beutel\/\" \/>\n<meta property=\"og:locale\" content=\"de_DE\" \/>\n<meta property=\"og:type\" content=\"article\" \/>\n<meta property=\"og:title\" content=\"Sac Etanche Sac \u00e9tanche pour prot\u00e9ger vos effets lors de randonn\u00e9es ou sortie nature\" \/>\n<meta property=\"og:description\" content=\"Restez au sec pendant vos randonn\u00e9es avec notre sac \u00e9tanche avec bretelles pour vos randonn\u00e9es. Optez pour le confort et la protection d\u00e8s maintenant!\" \/>\n<meta property=\"og:url\" content=\"https:\/\/www.vert-intense.com\/de\/aktivitat-guadeloupe\/shop\/wasserdichter-beutel\/\" \/>\n<meta property=\"og:site_name\" content=\"Vert Intense\" \/>\n<meta property=\"article:publisher\" content=\"https:\/\/www.facebook.com\/vertintense\" \/>\n<meta property=\"article:modified_time\" content=\"2026-04-13T20:35:48+00:00\" \/>\n<meta property=\"og:image\" content=\"https:\/\/www.vert-intense.com\/wp-content\/uploads\/2025\/02\/sac-waterproof2-black-20.jpg\" \/>\n\t<meta property=\"og:image:width\" content=\"800\" \/>\n\t<meta property=\"og:image:height\" content=\"800\" \/>\n\t<meta property=\"og:image:type\" content=\"image\/jpeg\" \/>\n<meta name=\"twitter:card\" content=\"summary_large_image\" \/>\n<meta name=\"twitter:title\" content=\"Sac Etanche\" \/>\n<meta name=\"twitter:label1\" content=\"Verf\u00fcgbarkeit\" \/>\n\t<meta name=\"twitter:data1\" content=\"Auf Lager\" \/>\n<script type=\"application\/ld+json\" class=\"yoast-schema-graph\">{\"@context\":\"https:\/\/schema.org\",\"@graph\":[{\"@type\":\"WebPage\",\"@id\":\"https:\/\/www.vert-intense.com\/activite-guadeloupe\/boutique\/sac-etanche\/\",\"url\":\"https:\/\/www.vert-intense.com\/activite-guadeloupe\/boutique\/sac-etanche\/\",\"name\":\"sac \u00e9tanche avec bretelles pour vos randonn\u00e9es - Vert Intense\",\"isPartOf\":{\"@id\":\"https:\/\/www.vert-intense.com\/#website\"},\"primaryImageOfPage\":{\"@id\":\"https:\/\/www.vert-intense.com\/activite-guadeloupe\/boutique\/sac-etanche\/#primaryimage\"},\"image\":{\"@id\":\"https:\/\/www.vert-intense.com\/activite-guadeloupe\/boutique\/sac-etanche\/#primaryimage\"},\"thumbnailUrl\":\"https:\/\/i0.wp.com\/www.vert-intense.com\/wp-content\/uploads\/2025\/02\/sac-waterproof2-black-20.jpg?fit=800%2C800&ssl=1\",\"datePublished\":\"2025-01-19T16:10:23+00:00\",\"dateModified\":\"2026-04-13T20:35:48+00:00\",\"description\":\"D\u00e9couvrez notre sac \u00e9tanche avec bretelles, parfait pour vos randonn\u00e9es en nature. Choisissez entre 5, 20 ou 30 litres et prot\u00e9gez vos effets!\",\"breadcrumb\":{\"@id\":\"https:\/\/www.vert-intense.com\/activite-guadeloupe\/boutique\/sac-etanche\/#breadcrumb\"},\"inLanguage\":\"de\",\"potentialAction\":[{\"@type\":\"ReadAction\",\"target\":[\"https:\/\/www.vert-intense.com\/activite-guadeloupe\/boutique\/sac-etanche\/\"]}]},{\"@type\":\"ImageObject\",\"inLanguage\":\"de\",\"@id\":\"https:\/\/www.vert-intense.com\/activite-guadeloupe\/boutique\/sac-etanche\/#primaryimage\",\"url\":\"https:\/\/i0.wp.com\/www.vert-intense.com\/wp-content\/uploads\/2025\/02\/sac-waterproof2-black-20.jpg?fit=800%2C800&ssl=1\",\"contentUrl\":\"https:\/\/i0.wp.com\/www.vert-intense.com\/wp-content\/uploads\/2025\/02\/sac-waterproof2-black-20.jpg?fit=800%2C800&ssl=1\",\"width\":800,\"height\":800,\"caption\":\"sac \u00e9tanche noir 20 litres\"},{\"@type\":\"BreadcrumbList\",\"@id\":\"https:\/\/www.vert-intense.com\/activite-guadeloupe\/boutique\/sac-etanche\/#breadcrumb\",\"itemListElement\":[{\"@type\":\"ListItem\",\"position\":1,\"name\":\"Accueil\",\"item\":\"https:\/\/www.vert-intense.com\/\"},{\"@type\":\"ListItem\",\"position\":2,\"name\":\"Activit\u00e9s nature en Guadeloupe\",\"item\":\"https:\/\/www.vert-intense.com\/\"},{\"@type\":\"ListItem\",\"position\":3,\"name\":\"Sac Etanche\"}]},{\"@type\":\"WebSite\",\"@id\":\"https:\/\/www.vert-intense.com\/#website\",\"url\":\"https:\/\/www.vert-intense.com\/\",\"name\":\"Vert-Intense\",\"description\":\"R\u00e9servez vos activit\u00e9s d\u00e9couvertes en Guadeloupe\",\"publisher\":{\"@id\":\"https:\/\/www.vert-intense.com\/#organization\"},\"potentialAction\":[{\"@type\":\"SearchAction\",\"target\":{\"@type\":\"EntryPoint\",\"urlTemplate\":\"https:\/\/www.vert-intense.com\/?s={search_term_string}\"},\"query-input\":{\"@type\":\"PropertyValueSpecification\",\"valueRequired\":true,\"valueName\":\"search_term_string\"}}],\"inLanguage\":\"de\"},{\"@type\":\"Organization\",\"@id\":\"https:\/\/www.vert-intense.com\/#organization\",\"name\":\"Vert-Intense\",\"url\":\"https:\/\/www.vert-intense.com\/\",\"logo\":{\"@type\":\"ImageObject\",\"inLanguage\":\"de\",\"@id\":\"https:\/\/www.vert-intense.com\/#\/schema\/logo\/image\/\",\"url\":\"https:\/\/i0.wp.com\/www.vert-intense.com\/wp-content\/uploads\/2023\/07\/logo.png?fit=960%2C960&ssl=1\",\"contentUrl\":\"https:\/\/i0.wp.com\/www.vert-intense.com\/wp-content\/uploads\/2023\/07\/logo.png?fit=960%2C960&ssl=1\",\"width\":960,\"height\":960,\"caption\":\"Vert-Intense\"},\"image\":{\"@id\":\"https:\/\/www.vert-intense.com\/#\/schema\/logo\/image\/\"},\"sameAs\":[\"https:\/\/www.facebook.com\/vertintense\",\"https:\/\/www.tripadvisor.fr\/Attraction_Review-g1644623-d1649481-Reviews-Vert_Intense-Saint_Claude_Basse_Terre_Island_Guadeloupe.html\",\"https:\/\/www.tiktok.com\/@vertintense\",\"https:\/\/www.instagram.com\/vertintenseguadeloupe\/\",\"https:\/\/www.youtube.com\/channel\/UCRymXR1Pa7n50AOgFy9n3bA\"]}]}<\/script>\n<meta property=\"og:availability\" content=\"instock\" \/>\n<meta property=\"product:availability\" content=\"instock\" \/>\n<meta property=\"product:condition\" content=\"new\" \/>\n<!-- \/ Yoast SEO Premium plugin. -->","yoast_head_json":{"title":"Wasserdichter Rucksack mit Tragegurten f\u00fcr Ihre Wanderungen - Knallgr\u00fcn","description":"Entdecken Sie unsere wasserdichte Tasche mit Tragegurten, perfekt f\u00fcr Ihre Wanderungen in der Natur. W\u00e4hlen Sie zwischen 5, 20 oder 30 Litern und sch\u00fctzen Sie Ihre Sachen!","robots":{"index":"index","follow":"follow","max-snippet":"max-snippet:-1","max-image-preview":"max-image-preview:large","max-video-preview":"max-video-preview:-1"},"canonical":"https:\/\/www.vert-intense.com\/de\/aktivitat-guadeloupe\/shop\/wasserdichter-beutel\/","og_locale":"de_DE","og_type":"article","og_title":"Sac Etanche Sac \u00e9tanche pour prot\u00e9ger vos effets lors de randonn\u00e9es ou sortie nature","og_description":"Restez au sec pendant vos randonn\u00e9es avec notre sac \u00e9tanche avec bretelles pour vos randonn\u00e9es. Optez pour le confort et la protection d\u00e8s maintenant!","og_url":"https:\/\/www.vert-intense.com\/de\/aktivitat-guadeloupe\/shop\/wasserdichter-beutel\/","og_site_name":"Vert Intense","article_publisher":"https:\/\/www.facebook.com\/vertintense","article_modified_time":"2026-04-13T20:35:48+00:00","og_image":[{"width":800,"height":800,"url":"https:\/\/www.vert-intense.com\/wp-content\/uploads\/2025\/02\/sac-waterproof2-black-20.jpg","type":"image\/jpeg"}],"twitter_card":"summary_large_image","twitter_title":"Sac Etanche","twitter_misc":{"Verf\u00fcgbarkeit":"Auf Lager"},"schema":{"@context":"https:\/\/schema.org","@graph":[{"@type":"WebPage","@id":"https:\/\/www.vert-intense.com\/activite-guadeloupe\/boutique\/sac-etanche\/","url":"https:\/\/www.vert-intense.com\/activite-guadeloupe\/boutique\/sac-etanche\/","name":"Wasserdichter Rucksack mit Tragegurten f\u00fcr Ihre Wanderungen - Knallgr\u00fcn","isPartOf":{"@id":"https:\/\/www.vert-intense.com\/#website"},"primaryImageOfPage":{"@id":"https:\/\/www.vert-intense.com\/activite-guadeloupe\/boutique\/sac-etanche\/#primaryimage"},"image":{"@id":"https:\/\/www.vert-intense.com\/activite-guadeloupe\/boutique\/sac-etanche\/#primaryimage"},"thumbnailUrl":"https:\/\/i0.wp.com\/www.vert-intense.com\/wp-content\/uploads\/2025\/02\/sac-waterproof2-black-20.jpg?fit=800%2C800&ssl=1","datePublished":"2025-01-19T16:10:23+00:00","dateModified":"2026-04-13T20:35:48+00:00","description":"Entdecken Sie unsere wasserdichte Tasche mit Tragegurten, perfekt f\u00fcr Ihre Wanderungen in der Natur. W\u00e4hlen Sie zwischen 5, 20 oder 30 Litern und sch\u00fctzen Sie Ihre Sachen!","breadcrumb":{"@id":"https:\/\/www.vert-intense.com\/activite-guadeloupe\/boutique\/sac-etanche\/#breadcrumb"},"inLanguage":"de","potentialAction":[{"@type":"ReadAction","target":["https:\/\/www.vert-intense.com\/activite-guadeloupe\/boutique\/sac-etanche\/"]}]},{"@type":"ImageObject","inLanguage":"de","@id":"https:\/\/www.vert-intense.com\/activite-guadeloupe\/boutique\/sac-etanche\/#primaryimage","url":"https:\/\/i0.wp.com\/www.vert-intense.com\/wp-content\/uploads\/2025\/02\/sac-waterproof2-black-20.jpg?fit=800%2C800&ssl=1","contentUrl":"https:\/\/i0.wp.com\/www.vert-intense.com\/wp-content\/uploads\/2025\/02\/sac-waterproof2-black-20.jpg?fit=800%2C800&ssl=1","width":800,"height":800,"caption":"sac \u00e9tanche noir 20 litres"},{"@type":"BreadcrumbList","@id":"https:\/\/www.vert-intense.com\/activite-guadeloupe\/boutique\/sac-etanche\/#breadcrumb","itemListElement":[{"@type":"ListItem","position":1,"name":"Accueil","item":"https:\/\/www.vert-intense.com\/"},{"@type":"ListItem","position":2,"name":"Activit\u00e9s nature en Guadeloupe","item":"https:\/\/www.vert-intense.com\/"},{"@type":"ListItem","position":3,"name":"Sac Etanche"}]},{"@type":"WebSite","@id":"https:\/\/www.vert-intense.com\/#website","url":"https:\/\/www.vert-intense.com\/","name":"Gr\u00fcn-Intensiv","description":"Buchen Sie Ihre Entdeckungsreisen in Guadeloupe","publisher":{"@id":"https:\/\/www.vert-intense.com\/#organization"},"potentialAction":[{"@type":"SearchAction","target":{"@type":"EntryPoint","urlTemplate":"https:\/\/www.vert-intense.com\/?s={search_term_string}"},"query-input":{"@type":"PropertyValueSpecification","valueRequired":true,"valueName":"search_term_string"}}],"inLanguage":"de"},{"@type":"Organization","@id":"https:\/\/www.vert-intense.com\/#organization","name":"Gr\u00fcn-Intensiv","url":"https:\/\/www.vert-intense.com\/","logo":{"@type":"ImageObject","inLanguage":"de","@id":"https:\/\/www.vert-intense.com\/#\/schema\/logo\/image\/","url":"https:\/\/i0.wp.com\/www.vert-intense.com\/wp-content\/uploads\/2023\/07\/logo.png?fit=960%2C960&ssl=1","contentUrl":"https:\/\/i0.wp.com\/www.vert-intense.com\/wp-content\/uploads\/2023\/07\/logo.png?fit=960%2C960&ssl=1","width":960,"height":960,"caption":"Vert-Intense"},"image":{"@id":"https:\/\/www.vert-intense.com\/#\/schema\/logo\/image\/"},"sameAs":["https:\/\/www.facebook.com\/vertintense","https:\/\/www.tripadvisor.fr\/Attraction_Review-g1644623-d1649481-Reviews-Vert_Intense-Saint_Claude_Basse_Terre_Island_Guadeloupe.html","https:\/\/www.tiktok.com\/@vertintense","https:\/\/www.instagram.com\/vertintenseguadeloupe\/","https:\/\/www.youtube.com\/channel\/UCRymXR1Pa7n50AOgFy9n3bA"]}]},"og_availability":"instock","product_availability":"instock","product_condition":"new"},"jetpack_sharing_enabled":true,"_links":{"self":[{"href":"https:\/\/www.vert-intense.com\/de\/wp-json\/wp\/v2\/product\/8848"}],"collection":[{"href":"https:\/\/www.vert-intense.com\/de\/wp-json\/wp\/v2\/product"}],"about":[{"href":"https:\/\/www.vert-intense.com\/de\/wp-json\/wp\/v2\/types\/product"}],"wp:featuredmedia":[{"embeddable":true,"href":"https:\/\/www.vert-intense.com\/de\/wp-json\/wp\/v2\/media\/9738"}],"wp:attachment":[{"href":"https:\/\/www.vert-intense.com\/de\/wp-json\/wp\/v2\/media?parent=8848"}],"wp:term":[{"taxonomy":"product_cat","embeddable":true,"href":"https:\/\/www.vert-intense.com\/de\/wp-json\/wp\/v2\/product_cat?post=8848"},{"taxonomy":"product_tag","embeddable":true,"href":"https:\/\/www.vert-intense.com\/de\/wp-json\/wp\/v2\/product_tag?post=8848"}],"curies":[{"name":"wp","href":"https:\/\/api.w.org\/{rel}","templated":true}]}}