{"id":6287,"date":"2024-10-01T08:47:28","date_gmt":"2024-10-01T12:47:28","guid":{"rendered":"https:\/\/www.vert-intense.com\/?post_type=product&#038;p=6287"},"modified":"2025-05-04T11:42:32","modified_gmt":"2025-05-04T15:42:32","slug":"wanderungen-freiheit-guadeloupe-3","status":"publish","type":"product","link":"https:\/\/www.vert-intense.com\/de\/aktivitat-guadeloupe\/sportaufenthalte-natur-guadeloupe\/wanderungen-freiheit-guadeloupe-3\/","title":{"rendered":"Aufenthalt Frischepause"},"content":{"rendered":"<h3 style=\"text-align: center;\">Aufenthalt Frischepause<\/h3>\n<h3 style=\"text-align: center;\">(5 N\u00e4chte\/6 Tage)<\/h3>\n<p>&nbsp;<\/p>\n<p>Genie\u00dfen Sie den Aufenthalt in Terre-de-Haut auf Guadeloupe und Les Saintes in vollen Z\u00fcgen. Sie verf\u00fcgen \u00fcber ein Begr\u00fc\u00dfungsheft und ein digitales Reisetagebuch, um die Inselgruppe Guadeloupe zu entdecken. So finden Sie f\u00fcr jeden Tag zahlreiche Adressen, um die Geschm\u00e4cker, Traditionen, Aktivit\u00e4ten, Wanderungen und das kulturelle Erbe Guadeloupes zu entdecken.<\/p>\n<p>Ihre Unterkunft Les Bananes Vertes, die mit dem europ\u00e4ischen Umweltzeichen ausgezeichnet ist, befindet sich an den Ausl\u00e4ufern des Vulkans La Soufri\u00e8re in der Gemeinde Saint Claude in 500 Metern H\u00f6he. Ihre Gastgeber, Laurence und Eric, die beide Bergf\u00fchrer sind, kennen die Spuren des Nationalparks von Guadeloupe gut und geben Ihnen gerne alle n\u00f6tigen Informationen, um Ihren Aufenthalt Fra\u00eecheur en Guadeloupe et aux Saintes unvergesslich zu machen.<\/p>\n<p>Ihre Unterkunft La Petite Villa des Saintes schmiegt sich an die Anh\u00f6hen der Gemeinde Terre-de-Haut. Von der Terrasse aus haben Sie einen herrlichen Blick auf den Strand und die Bucht von Les Saintes. Die Villa ist f\u00fcr zwei Personen ausgelegt und bietet allen Komfort f\u00fcr einen angenehmen Aufenthalt, darunter einen beheizten Pool. Sie verf\u00fcgen \u00fcber einen Privatparkplatz, der mit einer speziellen Steckdose zum Aufladen Ihres Fahrzeugs ausgestattet ist.<\/p>\n<p>&nbsp;<\/p>\n<h4><strong>Details zum Aufenthalt :<\/strong><\/h4>\n<ul>\n<li>3 N\u00e4chte in den \u00d6kolodges Les Bananes Vertes<\/li>\n<li>2 N\u00e4chte in der Petite Villa des Saintes mit Blick auf die wundersch\u00f6ne Bucht von Saintes<\/li>\n<\/ul>\n<p>&nbsp;<\/p>\n<h4><strong>Der Preis beinhaltet :<\/strong><\/h4>\n<ul>\n<li>Unterkunft in Les Bananes Vertes<\/li>\n<li>Eine Basis f\u00fcr 1. Fr\u00fchst\u00fcck<\/li>\n<li>Das Schiffsticket von Trois-Rivi\u00e8res nach Les Saintes<\/li>\n<li>Die Unterkunft in der Petite Villa des Saintes<\/li>\n<li>Das digitale Fahrtenbuch<\/li>\n<\/ul>\n<p>&nbsp;<\/p>\n<h4><strong>Der Preis beinhaltet nicht :<\/strong><\/h4>\n<ul>\n<li>Der Flug nach Guadeloupe<\/li>\n<li>Die Abendessen, Mittagessen und Fr\u00fchst\u00fccke<\/li>\n<li>Die Parkpl\u00e4tze Carbet und die Anlegestelle f\u00fcr die Saintes<\/li>\n<li>Trinkgelder und alles, was nicht unter \"Im Preis inbegriffen\" aufgef\u00fchrt ist<\/li>\n<li>Die Optionen<\/li>\n<\/ul>\n<p>&nbsp;<\/p>\n<p><strong>Optional:\u00a0<\/strong><\/p>\n<ul>\n<li>Gef\u00fchrte Wanderung auf den Gipfel des Soufri\u00e8re: <a href=\"https:\/\/www.vert-intense.com\/de\/aktivitat-guadeloupe\/wandern-guadeloupe\/wanderung-nach-la-soufriere-guadeloupe\/\">zum Buchen anklicken\u00a0<\/a><\/li>\n<li>Canyoning in den sch\u00f6nsten Fl\u00fcssen von Guadeloupe: <a href=\"https:\/\/www.vert-intense.com\/de\/aktivitaten-guadeloupe\/canyoning-guadeloupe\/\">zum Buchen anklicken<\/a><\/li>\n<li><span class=\"il\">Das Mietauto<\/span><\/li>\n<li>Der Transfer Ihres Gep\u00e4cks vom Hafen bis zur Petite Villa<\/li>\n<li>Das Abendessen des ersten Abends, das in Ihrer Unterkunft hinterlegt ist.<\/li>\n<\/ul>\n<p>&nbsp;<\/p>\n<p><strong>Gut zu wissen :<\/strong>\u00a0 Wir stehen Ihnen w\u00e4hrend Ihres gesamten Aufenthalts zur Verf\u00fcgung, um Ihnen alle Informationen zu geben, die Sie f\u00fcr einen reibungslosen Ablauf ben\u00f6tigen. Das Fahrtenbuch sowie ein digitales Begr\u00fc\u00dfungsheft werden Ihnen gleich nach der Buchung zugeschickt, damit Sie Ihren Aufenthalt bestm\u00f6glich organisieren k\u00f6nnen.<\/p>","protected":false},"excerpt":{"rendered":"<p>Buchen Sie Ihren Aufenthalt Pause Fraicheur auf Guadeloupe und dem wundersch\u00f6nen Archipel Les Saintes. Entdecken Sie das s\u00fcdliche Unterland, wo sich die Ecolodges Les Bananes Vertes befinden, und die kleine Insel Terre-de-haut in einer kleinen Villa mit privatem Pool.<\/p>","protected":false},"featured_media":6316,"template":"","meta":[],"product_cat":[28],"product_tag":[131,130],"class_list":{"0":"post-6287","1":"product","2":"type-product","3":"status-publish","4":"has-post-thumbnail","6":"product_cat-sejours-sportifs-nature-guadeloupe","7":"product_tag-sejour-multi-sports-guadeloupe","8":"product_tag-sejour-randonnee-liberte","10":"first","11":"instock","12":"virtual","13":"sold-individually","14":"taxable","15":"purchasable","16":"product-type-booking"},"yoast_head":"<!-- This site is optimized with the Yoast SEO Premium plugin v25.3.1 (Yoast SEO v25.3.1) - https:\/\/yoast.com\/wordpress\/plugins\/seo\/ -->\n<title>S\u00e9jour Pause Fra\u00eecheur - Guadeloupe \/ Les Saintes - Vert Intense<\/title>\n<meta name=\"description\" content=\"Envie d\u2019un break ? R\u00e9servez le s\u00e9jour Pause Fra\u00eecheur : relaxez vous au bord de la piscine en Guadeloupe et profitez des plages et aux Saintes.\" \/>\n<meta name=\"robots\" content=\"index, follow, max-snippet:-1, max-image-preview:large, max-video-preview:-1\" \/>\n<link rel=\"canonical\" href=\"https:\/\/www.vert-intense.com\/de\/aktivitat-guadeloupe\/sportaufenthalte-natur-guadeloupe\/wanderungen-freiheit-guadeloupe-3\/\" \/>\n<meta property=\"og:locale\" content=\"de_DE\" \/>\n<meta property=\"og:type\" content=\"article\" \/>\n<meta property=\"og:title\" content=\"S\u00e9jour Pause Fra\u00eecheur\" \/>\n<meta property=\"og:description\" content=\"Envie d\u2019un break ? R\u00e9servez le s\u00e9jour Pause Fra\u00eecheur : relaxez vous au bord de la piscine en Guadeloupe et profitez des plages et aux Saintes.\" \/>\n<meta property=\"og:url\" content=\"https:\/\/www.vert-intense.com\/de\/aktivitat-guadeloupe\/sportaufenthalte-natur-guadeloupe\/wanderungen-freiheit-guadeloupe-3\/\" \/>\n<meta property=\"og:site_name\" content=\"Vert Intense\" \/>\n<meta property=\"article:publisher\" content=\"https:\/\/www.facebook.com\/vertintense\" \/>\n<meta property=\"article:modified_time\" content=\"2025-05-04T15:42:32+00:00\" \/>\n<meta property=\"og:image\" content=\"https:\/\/www.vert-intense.com\/wp-content\/uploads\/2024\/10\/20231018_140647-scaled.jpg\" \/>\n\t<meta property=\"og:image:width\" content=\"2560\" \/>\n\t<meta property=\"og:image:height\" content=\"1196\" \/>\n\t<meta property=\"og:image:type\" content=\"image\/jpeg\" \/>\n<meta name=\"twitter:card\" content=\"summary_large_image\" \/>\n<meta name=\"twitter:label1\" content=\"Preis\" \/>\n\t<meta name=\"twitter:data1\" content=\"382&euro;\" \/>\n\t<meta name=\"twitter:label2\" content=\"Verf\u00fcgbarkeit\" \/>\n\t<meta name=\"twitter:data2\" content=\"Auf Lager\" \/>\n<script type=\"application\/ld+json\" class=\"yoast-schema-graph\">{\"@context\":\"https:\/\/schema.org\",\"@graph\":[{\"@type\":\"WebPage\",\"@id\":\"https:\/\/www.vert-intense.com\/activite-guadeloupe\/sejours-sportifs-nature-guadeloupe\/sejour-pause-fraicheur\/\",\"url\":\"https:\/\/www.vert-intense.com\/activite-guadeloupe\/sejours-sportifs-nature-guadeloupe\/sejour-pause-fraicheur\/\",\"name\":\"S\u00e9jour Pause Fra\u00eecheur - Guadeloupe \/ Les Saintes - Vert Intense\",\"isPartOf\":{\"@id\":\"https:\/\/www.vert-intense.com\/#website\"},\"primaryImageOfPage\":{\"@id\":\"https:\/\/www.vert-intense.com\/activite-guadeloupe\/sejours-sportifs-nature-guadeloupe\/sejour-pause-fraicheur\/#primaryimage\"},\"image\":{\"@id\":\"https:\/\/www.vert-intense.com\/activite-guadeloupe\/sejours-sportifs-nature-guadeloupe\/sejour-pause-fraicheur\/#primaryimage\"},\"thumbnailUrl\":\"https:\/\/i0.wp.com\/www.vert-intense.com\/wp-content\/uploads\/2024\/10\/20231018_140647-scaled.jpg?fit=2560%2C1196&ssl=1\",\"datePublished\":\"2024-10-01T12:47:28+00:00\",\"dateModified\":\"2025-05-04T15:42:32+00:00\",\"description\":\"Envie d\u2019un break ? R\u00e9servez le s\u00e9jour Pause Fra\u00eecheur : relaxez vous au bord de la piscine en Guadeloupe et profitez des plages et aux Saintes.\",\"breadcrumb\":{\"@id\":\"https:\/\/www.vert-intense.com\/activite-guadeloupe\/sejours-sportifs-nature-guadeloupe\/sejour-pause-fraicheur\/#breadcrumb\"},\"inLanguage\":\"de\",\"potentialAction\":[{\"@type\":\"ReadAction\",\"target\":[\"https:\/\/www.vert-intense.com\/activite-guadeloupe\/sejours-sportifs-nature-guadeloupe\/sejour-pause-fraicheur\/\"]}]},{\"@type\":\"ImageObject\",\"inLanguage\":\"de\",\"@id\":\"https:\/\/www.vert-intense.com\/activite-guadeloupe\/sejours-sportifs-nature-guadeloupe\/sejour-pause-fraicheur\/#primaryimage\",\"url\":\"https:\/\/i0.wp.com\/www.vert-intense.com\/wp-content\/uploads\/2024\/10\/20231018_140647-scaled.jpg?fit=2560%2C1196&ssl=1\",\"contentUrl\":\"https:\/\/i0.wp.com\/www.vert-intense.com\/wp-content\/uploads\/2024\/10\/20231018_140647-scaled.jpg?fit=2560%2C1196&ssl=1\",\"width\":2560,\"height\":1196,\"caption\":\"Piscine des Bananes Vertes\"},{\"@type\":\"BreadcrumbList\",\"@id\":\"https:\/\/www.vert-intense.com\/activite-guadeloupe\/sejours-sportifs-nature-guadeloupe\/sejour-pause-fraicheur\/#breadcrumb\",\"itemListElement\":[{\"@type\":\"ListItem\",\"position\":1,\"name\":\"Accueil\",\"item\":\"https:\/\/www.vert-intense.com\/\"},{\"@type\":\"ListItem\",\"position\":2,\"name\":\"Activit\u00e9s nature en Guadeloupe\",\"item\":\"https:\/\/www.vert-intense.com\/\"},{\"@type\":\"ListItem\",\"position\":3,\"name\":\"S\u00e9jour Pause Fra\u00eecheur\"}]},{\"@type\":\"WebSite\",\"@id\":\"https:\/\/www.vert-intense.com\/#website\",\"url\":\"https:\/\/www.vert-intense.com\/\",\"name\":\"Vert-Intense\",\"description\":\"R\u00e9servez vos activit\u00e9s d\u00e9couvertes en Guadeloupe\",\"publisher\":{\"@id\":\"https:\/\/www.vert-intense.com\/#organization\"},\"potentialAction\":[{\"@type\":\"SearchAction\",\"target\":{\"@type\":\"EntryPoint\",\"urlTemplate\":\"https:\/\/www.vert-intense.com\/?s={search_term_string}\"},\"query-input\":{\"@type\":\"PropertyValueSpecification\",\"valueRequired\":true,\"valueName\":\"search_term_string\"}}],\"inLanguage\":\"de\"},{\"@type\":\"Organization\",\"@id\":\"https:\/\/www.vert-intense.com\/#organization\",\"name\":\"Vert-Intense\",\"url\":\"https:\/\/www.vert-intense.com\/\",\"logo\":{\"@type\":\"ImageObject\",\"inLanguage\":\"de\",\"@id\":\"https:\/\/www.vert-intense.com\/#\/schema\/logo\/image\/\",\"url\":\"https:\/\/i0.wp.com\/www.vert-intense.com\/wp-content\/uploads\/2023\/07\/logo.png?fit=960%2C960&ssl=1\",\"contentUrl\":\"https:\/\/i0.wp.com\/www.vert-intense.com\/wp-content\/uploads\/2023\/07\/logo.png?fit=960%2C960&ssl=1\",\"width\":960,\"height\":960,\"caption\":\"Vert-Intense\"},\"image\":{\"@id\":\"https:\/\/www.vert-intense.com\/#\/schema\/logo\/image\/\"},\"sameAs\":[\"https:\/\/www.facebook.com\/vertintense\",\"https:\/\/www.tripadvisor.fr\/Attraction_Review-g1644623-d1649481-Reviews-Vert_Intense-Saint_Claude_Basse_Terre_Island_Guadeloupe.html\",\"https:\/\/www.tiktok.com\/@vertintense\",\"https:\/\/www.instagram.com\/vertintenseguadeloupe\/\",\"https:\/\/www.youtube.com\/channel\/UCRymXR1Pa7n50AOgFy9n3bA\"]}]}<\/script>\n<meta property=\"product:price:amount\" content=\"382\" \/>\n<meta property=\"product:price:currency\" content=\"EUR\" \/>\n<meta property=\"og:availability\" content=\"instock\" \/>\n<meta property=\"product:availability\" content=\"instock\" \/>\n<meta property=\"product:condition\" content=\"new\" \/>\n<!-- \/ Yoast SEO Premium plugin. -->","yoast_head_json":{"title":"Aufenthalt Pause Frische - Guadeloupe \/ Les Saintes - Intense Vert","description":"Lust auf eine Auszeit? Buchen Sie den Aufenthalt Pause Fra\u00eecheur: Entspannen Sie sich am Pool auf Guadeloupe und genie\u00dfen Sie die Str\u00e4nde und Les Saintes.","robots":{"index":"index","follow":"follow","max-snippet":"max-snippet:-1","max-image-preview":"max-image-preview:large","max-video-preview":"max-video-preview:-1"},"canonical":"https:\/\/www.vert-intense.com\/de\/aktivitat-guadeloupe\/sportaufenthalte-natur-guadeloupe\/wanderungen-freiheit-guadeloupe-3\/","og_locale":"de_DE","og_type":"article","og_title":"S\u00e9jour Pause Fra\u00eecheur","og_description":"Envie d\u2019un break ? R\u00e9servez le s\u00e9jour Pause Fra\u00eecheur : relaxez vous au bord de la piscine en Guadeloupe et profitez des plages et aux Saintes.","og_url":"https:\/\/www.vert-intense.com\/de\/aktivitat-guadeloupe\/sportaufenthalte-natur-guadeloupe\/wanderungen-freiheit-guadeloupe-3\/","og_site_name":"Vert Intense","article_publisher":"https:\/\/www.facebook.com\/vertintense","article_modified_time":"2025-05-04T15:42:32+00:00","og_image":[{"width":2560,"height":1196,"url":"https:\/\/www.vert-intense.com\/wp-content\/uploads\/2024\/10\/20231018_140647-scaled.jpg","type":"image\/jpeg"}],"twitter_card":"summary_large_image","twitter_misc":{"Preis":"382&euro;","Verf\u00fcgbarkeit":"Auf Lager"},"schema":{"@context":"https:\/\/schema.org","@graph":[{"@type":"WebPage","@id":"https:\/\/www.vert-intense.com\/activite-guadeloupe\/sejours-sportifs-nature-guadeloupe\/sejour-pause-fraicheur\/","url":"https:\/\/www.vert-intense.com\/activite-guadeloupe\/sejours-sportifs-nature-guadeloupe\/sejour-pause-fraicheur\/","name":"Aufenthalt Pause Frische - Guadeloupe \/ Les Saintes - Intense Vert","isPartOf":{"@id":"https:\/\/www.vert-intense.com\/#website"},"primaryImageOfPage":{"@id":"https:\/\/www.vert-intense.com\/activite-guadeloupe\/sejours-sportifs-nature-guadeloupe\/sejour-pause-fraicheur\/#primaryimage"},"image":{"@id":"https:\/\/www.vert-intense.com\/activite-guadeloupe\/sejours-sportifs-nature-guadeloupe\/sejour-pause-fraicheur\/#primaryimage"},"thumbnailUrl":"https:\/\/i0.wp.com\/www.vert-intense.com\/wp-content\/uploads\/2024\/10\/20231018_140647-scaled.jpg?fit=2560%2C1196&ssl=1","datePublished":"2024-10-01T12:47:28+00:00","dateModified":"2025-05-04T15:42:32+00:00","description":"Lust auf eine Auszeit? Buchen Sie den Aufenthalt Pause Fra\u00eecheur: Entspannen Sie sich am Pool auf Guadeloupe und genie\u00dfen Sie die Str\u00e4nde und Les Saintes.","breadcrumb":{"@id":"https:\/\/www.vert-intense.com\/activite-guadeloupe\/sejours-sportifs-nature-guadeloupe\/sejour-pause-fraicheur\/#breadcrumb"},"inLanguage":"de","potentialAction":[{"@type":"ReadAction","target":["https:\/\/www.vert-intense.com\/activite-guadeloupe\/sejours-sportifs-nature-guadeloupe\/sejour-pause-fraicheur\/"]}]},{"@type":"ImageObject","inLanguage":"de","@id":"https:\/\/www.vert-intense.com\/activite-guadeloupe\/sejours-sportifs-nature-guadeloupe\/sejour-pause-fraicheur\/#primaryimage","url":"https:\/\/i0.wp.com\/www.vert-intense.com\/wp-content\/uploads\/2024\/10\/20231018_140647-scaled.jpg?fit=2560%2C1196&ssl=1","contentUrl":"https:\/\/i0.wp.com\/www.vert-intense.com\/wp-content\/uploads\/2024\/10\/20231018_140647-scaled.jpg?fit=2560%2C1196&ssl=1","width":2560,"height":1196,"caption":"Piscine des Bananes Vertes"},{"@type":"BreadcrumbList","@id":"https:\/\/www.vert-intense.com\/activite-guadeloupe\/sejours-sportifs-nature-guadeloupe\/sejour-pause-fraicheur\/#breadcrumb","itemListElement":[{"@type":"ListItem","position":1,"name":"Accueil","item":"https:\/\/www.vert-intense.com\/"},{"@type":"ListItem","position":2,"name":"Activit\u00e9s nature en Guadeloupe","item":"https:\/\/www.vert-intense.com\/"},{"@type":"ListItem","position":3,"name":"S\u00e9jour Pause Fra\u00eecheur"}]},{"@type":"WebSite","@id":"https:\/\/www.vert-intense.com\/#website","url":"https:\/\/www.vert-intense.com\/","name":"Gr\u00fcn-Intensiv","description":"Buchen Sie Ihre Entdeckungsreisen in Guadeloupe","publisher":{"@id":"https:\/\/www.vert-intense.com\/#organization"},"potentialAction":[{"@type":"SearchAction","target":{"@type":"EntryPoint","urlTemplate":"https:\/\/www.vert-intense.com\/?s={search_term_string}"},"query-input":{"@type":"PropertyValueSpecification","valueRequired":true,"valueName":"search_term_string"}}],"inLanguage":"de"},{"@type":"Organization","@id":"https:\/\/www.vert-intense.com\/#organization","name":"Gr\u00fcn-Intensiv","url":"https:\/\/www.vert-intense.com\/","logo":{"@type":"ImageObject","inLanguage":"de","@id":"https:\/\/www.vert-intense.com\/#\/schema\/logo\/image\/","url":"https:\/\/i0.wp.com\/www.vert-intense.com\/wp-content\/uploads\/2023\/07\/logo.png?fit=960%2C960&ssl=1","contentUrl":"https:\/\/i0.wp.com\/www.vert-intense.com\/wp-content\/uploads\/2023\/07\/logo.png?fit=960%2C960&ssl=1","width":960,"height":960,"caption":"Vert-Intense"},"image":{"@id":"https:\/\/www.vert-intense.com\/#\/schema\/logo\/image\/"},"sameAs":["https:\/\/www.facebook.com\/vertintense","https:\/\/www.tripadvisor.fr\/Attraction_Review-g1644623-d1649481-Reviews-Vert_Intense-Saint_Claude_Basse_Terre_Island_Guadeloupe.html","https:\/\/www.tiktok.com\/@vertintense","https:\/\/www.instagram.com\/vertintenseguadeloupe\/","https:\/\/www.youtube.com\/channel\/UCRymXR1Pa7n50AOgFy9n3bA"]}]},"product_price_amount":"382","product_price_currency":"EUR","og_availability":"instock","product_availability":"instock","product_condition":"new"},"jetpack_sharing_enabled":true,"_links":{"self":[{"href":"https:\/\/www.vert-intense.com\/de\/wp-json\/wp\/v2\/product\/6287"}],"collection":[{"href":"https:\/\/www.vert-intense.com\/de\/wp-json\/wp\/v2\/product"}],"about":[{"href":"https:\/\/www.vert-intense.com\/de\/wp-json\/wp\/v2\/types\/product"}],"wp:featuredmedia":[{"embeddable":true,"href":"https:\/\/www.vert-intense.com\/de\/wp-json\/wp\/v2\/media\/6316"}],"wp:attachment":[{"href":"https:\/\/www.vert-intense.com\/de\/wp-json\/wp\/v2\/media?parent=6287"}],"wp:term":[{"taxonomy":"product_cat","embeddable":true,"href":"https:\/\/www.vert-intense.com\/de\/wp-json\/wp\/v2\/product_cat?post=6287"},{"taxonomy":"product_tag","embeddable":true,"href":"https:\/\/www.vert-intense.com\/de\/wp-json\/wp\/v2\/product_tag?post=6287"}],"curies":[{"name":"wp","href":"https:\/\/api.w.org\/{rel}","templated":true}]}}