{"id":18469,"date":"2026-04-15T15:36:16","date_gmt":"2026-04-15T19:36:16","guid":{"rendered":"https:\/\/www.vert-intense.com\/?post_type=product&#038;p=18469"},"modified":"2026-04-19T17:54:44","modified_gmt":"2026-04-19T21:54:44","slug":"bob-logo-ebo","status":"publish","type":"product","link":"https:\/\/www.vert-intense.com\/de\/aktivitat-guadeloupe\/shop\/bob-logo-ebo\/","title":{"rendered":"Bob Logo EBO"},"content":{"rendered":"<p>Wenn Sie sich w\u00e4hrend Ihrer Aktivit\u00e4t vor der Sonne sch\u00fctzen und ein kleines Souvenir von Ihrem Abenteuer in Guadeloupe mitnehmen m\u00f6chten,<\/p>\n<p>Sie k\u00f6nnen sie zu Ihrer Reservierung hinzuf\u00fcgen. Wir liefern Ihre Eink\u00e4ufe am Morgen Ihrer Aktivit\u00e4t.<\/p>\n<p>&nbsp;<\/p>\n<p>&nbsp;<\/p>","protected":false},"excerpt":{"rendered":"<p>Bob EBO Vert intenso ou Blue Boat Rental<\/p>","protected":false},"featured_media":18448,"template":"","meta":[],"product_cat":[141],"product_tag":[125,127,126],"class_list":{"0":"post-18469","1":"product","2":"type-product","3":"status-publish","4":"has-post-thumbnail","6":"product_cat-boutique","7":"product_tag-canyoning-bleu-niveau-moyen","8":"product_tag-canyoning-vert-niveau-facile","9":"product_tag-randonnee-bleu-niveau-moyen","11":"first","12":"instock","13":"taxable","14":"shipping-taxable","15":"purchasable","16":"product-type-variable"},"yoast_head":"<!-- This site is optimized with the Yoast SEO Premium plugin v25.3.1 (Yoast SEO v25.3.1) - https:\/\/yoast.com\/wordpress\/plugins\/seo\/ -->\n<title>Bob logo Vert Intense et Blue Boat Rental - Vert Intense<\/title>\n<meta name=\"description\" content=\"Prot\u00e9gez vous du soleil lors de vos activit\u00e9s et emportez un souvenir de vos aventures en Guadeloupe avec le Bob EBO vert intense ou blue boat rental\" \/>\n<meta name=\"robots\" content=\"index, follow, max-snippet:-1, max-image-preview:large, max-video-preview:-1\" \/>\n<link rel=\"canonical\" href=\"https:\/\/www.vert-intense.com\/de\/aktivitat-guadeloupe\/shop\/bob-logo-ebo\/\" \/>\n<meta property=\"og:locale\" content=\"de_DE\" \/>\n<meta property=\"og:type\" content=\"article\" \/>\n<meta property=\"og:title\" content=\"Bob logo EBO Sac \u00e9tanche pour prot\u00e9ger vos effets lors de randonn\u00e9es ou sortie nature\" \/>\n<meta property=\"og:description\" content=\"Restez au sec pendant vos randonn\u00e9es avec notre sac \u00e9tanche avec bretelles pour vos randonn\u00e9es. Optez pour le confort et la protection d\u00e8s maintenant!\" \/>\n<meta property=\"og:url\" content=\"https:\/\/www.vert-intense.com\/de\/aktivitat-guadeloupe\/shop\/bob-logo-ebo\/\" \/>\n<meta property=\"og:site_name\" content=\"Vert Intense\" \/>\n<meta property=\"article:publisher\" content=\"https:\/\/www.facebook.com\/vertintense\" \/>\n<meta property=\"article:modified_time\" content=\"2026-04-19T21:54:44+00:00\" \/>\n<meta property=\"og:image\" content=\"https:\/\/www.vert-intense.com\/wp-content\/uploads\/2026\/04\/sambob-rotated.jpg\" \/>\n\t<meta property=\"og:image:width\" content=\"1024\" \/>\n\t<meta property=\"og:image:height\" content=\"1365\" \/>\n\t<meta property=\"og:image:type\" content=\"image\/jpeg\" \/>\n<meta name=\"twitter:card\" content=\"summary_large_image\" \/>\n<meta name=\"twitter:title\" content=\"Bob logo EBO\" \/>\n<meta name=\"twitter:label1\" content=\"Verf\u00fcgbarkeit\" \/>\n\t<meta name=\"twitter:data1\" content=\"Auf Lager\" \/>\n<script type=\"application\/ld+json\" class=\"yoast-schema-graph\">{\"@context\":\"https:\/\/schema.org\",\"@graph\":[{\"@type\":\"WebPage\",\"@id\":\"https:\/\/www.vert-intense.com\/activite-guadeloupe\/boutique\/bob-logo-ebo\/\",\"url\":\"https:\/\/www.vert-intense.com\/activite-guadeloupe\/boutique\/bob-logo-ebo\/\",\"name\":\"Bob logo Vert Intense et Blue Boat Rental - Vert Intense\",\"isPartOf\":{\"@id\":\"https:\/\/www.vert-intense.com\/#website\"},\"primaryImageOfPage\":{\"@id\":\"https:\/\/www.vert-intense.com\/activite-guadeloupe\/boutique\/bob-logo-ebo\/#primaryimage\"},\"image\":{\"@id\":\"https:\/\/www.vert-intense.com\/activite-guadeloupe\/boutique\/bob-logo-ebo\/#primaryimage\"},\"thumbnailUrl\":\"https:\/\/i0.wp.com\/www.vert-intense.com\/wp-content\/uploads\/2026\/04\/sambob-rotated.jpg?fit=1024%2C1365&ssl=1\",\"datePublished\":\"2026-04-15T19:36:16+00:00\",\"dateModified\":\"2026-04-19T21:54:44+00:00\",\"description\":\"Prot\u00e9gez vous du soleil lors de vos activit\u00e9s et emportez un souvenir de vos aventures en Guadeloupe avec le Bob EBO vert intense ou blue boat rental\",\"breadcrumb\":{\"@id\":\"https:\/\/www.vert-intense.com\/activite-guadeloupe\/boutique\/bob-logo-ebo\/#breadcrumb\"},\"inLanguage\":\"de\",\"potentialAction\":[{\"@type\":\"ReadAction\",\"target\":[\"https:\/\/www.vert-intense.com\/activite-guadeloupe\/boutique\/bob-logo-ebo\/\"]}]},{\"@type\":\"ImageObject\",\"inLanguage\":\"de\",\"@id\":\"https:\/\/www.vert-intense.com\/activite-guadeloupe\/boutique\/bob-logo-ebo\/#primaryimage\",\"url\":\"https:\/\/i0.wp.com\/www.vert-intense.com\/wp-content\/uploads\/2026\/04\/sambob-rotated.jpg?fit=1024%2C1365&ssl=1\",\"contentUrl\":\"https:\/\/i0.wp.com\/www.vert-intense.com\/wp-content\/uploads\/2026\/04\/sambob-rotated.jpg?fit=1024%2C1365&ssl=1\",\"width\":1024,\"height\":1365},{\"@type\":\"BreadcrumbList\",\"@id\":\"https:\/\/www.vert-intense.com\/activite-guadeloupe\/boutique\/bob-logo-ebo\/#breadcrumb\",\"itemListElement\":[{\"@type\":\"ListItem\",\"position\":1,\"name\":\"Accueil\",\"item\":\"https:\/\/www.vert-intense.com\/\"},{\"@type\":\"ListItem\",\"position\":2,\"name\":\"Activit\u00e9s nature en Guadeloupe\",\"item\":\"https:\/\/www.vert-intense.com\/\"},{\"@type\":\"ListItem\",\"position\":3,\"name\":\"Bob logo EBO\"}]},{\"@type\":\"WebSite\",\"@id\":\"https:\/\/www.vert-intense.com\/#website\",\"url\":\"https:\/\/www.vert-intense.com\/\",\"name\":\"Vert-Intense\",\"description\":\"R\u00e9servez vos activit\u00e9s d\u00e9couvertes en Guadeloupe\",\"publisher\":{\"@id\":\"https:\/\/www.vert-intense.com\/#organization\"},\"potentialAction\":[{\"@type\":\"SearchAction\",\"target\":{\"@type\":\"EntryPoint\",\"urlTemplate\":\"https:\/\/www.vert-intense.com\/?s={search_term_string}\"},\"query-input\":{\"@type\":\"PropertyValueSpecification\",\"valueRequired\":true,\"valueName\":\"search_term_string\"}}],\"inLanguage\":\"de\"},{\"@type\":\"Organization\",\"@id\":\"https:\/\/www.vert-intense.com\/#organization\",\"name\":\"Vert-Intense\",\"url\":\"https:\/\/www.vert-intense.com\/\",\"logo\":{\"@type\":\"ImageObject\",\"inLanguage\":\"de\",\"@id\":\"https:\/\/www.vert-intense.com\/#\/schema\/logo\/image\/\",\"url\":\"https:\/\/i0.wp.com\/www.vert-intense.com\/wp-content\/uploads\/2023\/07\/logo.png?fit=960%2C960&ssl=1\",\"contentUrl\":\"https:\/\/i0.wp.com\/www.vert-intense.com\/wp-content\/uploads\/2023\/07\/logo.png?fit=960%2C960&ssl=1\",\"width\":960,\"height\":960,\"caption\":\"Vert-Intense\"},\"image\":{\"@id\":\"https:\/\/www.vert-intense.com\/#\/schema\/logo\/image\/\"},\"sameAs\":[\"https:\/\/www.facebook.com\/vertintense\",\"https:\/\/www.tripadvisor.fr\/Attraction_Review-g1644623-d1649481-Reviews-Vert_Intense-Saint_Claude_Basse_Terre_Island_Guadeloupe.html\",\"https:\/\/www.tiktok.com\/@vertintense\",\"https:\/\/www.instagram.com\/vertintenseguadeloupe\/\",\"https:\/\/www.youtube.com\/channel\/UCRymXR1Pa7n50AOgFy9n3bA\"]}]}<\/script>\n<meta property=\"og:availability\" content=\"instock\" \/>\n<meta property=\"product:availability\" content=\"instock\" \/>\n<meta property=\"product:condition\" content=\"new\" \/>\n<!-- \/ Yoast SEO Premium plugin. -->","yoast_head_json":{"title":"Bob Logo Vert Intense et Blue Boat Rental - Vert Intense","description":"Sch\u00fctzen Sie sich vor der Sonne bei Ihren Aktivit\u00e4ten und nehmen Sie eine Erinnerung an Ihre Abenteuer in Guadeloupe mit dem Bob EBO in intensivem Gr\u00fcn oder Blue Boat Rental mit.","robots":{"index":"index","follow":"follow","max-snippet":"max-snippet:-1","max-image-preview":"max-image-preview:large","max-video-preview":"max-video-preview:-1"},"canonical":"https:\/\/www.vert-intense.com\/de\/aktivitat-guadeloupe\/shop\/bob-logo-ebo\/","og_locale":"de_DE","og_type":"article","og_title":"Bob logo EBO Sac \u00e9tanche pour prot\u00e9ger vos effets lors de randonn\u00e9es ou sortie nature","og_description":"Restez au sec pendant vos randonn\u00e9es avec notre sac \u00e9tanche avec bretelles pour vos randonn\u00e9es. Optez pour le confort et la protection d\u00e8s maintenant!","og_url":"https:\/\/www.vert-intense.com\/de\/aktivitat-guadeloupe\/shop\/bob-logo-ebo\/","og_site_name":"Vert Intense","article_publisher":"https:\/\/www.facebook.com\/vertintense","article_modified_time":"2026-04-19T21:54:44+00:00","og_image":[{"width":1024,"height":1365,"url":"https:\/\/www.vert-intense.com\/wp-content\/uploads\/2026\/04\/sambob-rotated.jpg","type":"image\/jpeg"}],"twitter_card":"summary_large_image","twitter_title":"Bob logo EBO","twitter_misc":{"Verf\u00fcgbarkeit":"Auf Lager"},"schema":{"@context":"https:\/\/schema.org","@graph":[{"@type":"WebPage","@id":"https:\/\/www.vert-intense.com\/activite-guadeloupe\/boutique\/bob-logo-ebo\/","url":"https:\/\/www.vert-intense.com\/activite-guadeloupe\/boutique\/bob-logo-ebo\/","name":"Bob Logo Vert Intense et Blue Boat Rental - Vert Intense","isPartOf":{"@id":"https:\/\/www.vert-intense.com\/#website"},"primaryImageOfPage":{"@id":"https:\/\/www.vert-intense.com\/activite-guadeloupe\/boutique\/bob-logo-ebo\/#primaryimage"},"image":{"@id":"https:\/\/www.vert-intense.com\/activite-guadeloupe\/boutique\/bob-logo-ebo\/#primaryimage"},"thumbnailUrl":"https:\/\/i0.wp.com\/www.vert-intense.com\/wp-content\/uploads\/2026\/04\/sambob-rotated.jpg?fit=1024%2C1365&ssl=1","datePublished":"2026-04-15T19:36:16+00:00","dateModified":"2026-04-19T21:54:44+00:00","description":"Sch\u00fctzen Sie sich vor der Sonne bei Ihren Aktivit\u00e4ten und nehmen Sie eine Erinnerung an Ihre Abenteuer in Guadeloupe mit dem Bob EBO in intensivem Gr\u00fcn oder Blue Boat Rental mit.","breadcrumb":{"@id":"https:\/\/www.vert-intense.com\/activite-guadeloupe\/boutique\/bob-logo-ebo\/#breadcrumb"},"inLanguage":"de","potentialAction":[{"@type":"ReadAction","target":["https:\/\/www.vert-intense.com\/activite-guadeloupe\/boutique\/bob-logo-ebo\/"]}]},{"@type":"ImageObject","inLanguage":"de","@id":"https:\/\/www.vert-intense.com\/activite-guadeloupe\/boutique\/bob-logo-ebo\/#primaryimage","url":"https:\/\/i0.wp.com\/www.vert-intense.com\/wp-content\/uploads\/2026\/04\/sambob-rotated.jpg?fit=1024%2C1365&ssl=1","contentUrl":"https:\/\/i0.wp.com\/www.vert-intense.com\/wp-content\/uploads\/2026\/04\/sambob-rotated.jpg?fit=1024%2C1365&ssl=1","width":1024,"height":1365},{"@type":"BreadcrumbList","@id":"https:\/\/www.vert-intense.com\/activite-guadeloupe\/boutique\/bob-logo-ebo\/#breadcrumb","itemListElement":[{"@type":"ListItem","position":1,"name":"Accueil","item":"https:\/\/www.vert-intense.com\/"},{"@type":"ListItem","position":2,"name":"Activit\u00e9s nature en Guadeloupe","item":"https:\/\/www.vert-intense.com\/"},{"@type":"ListItem","position":3,"name":"Bob logo EBO"}]},{"@type":"WebSite","@id":"https:\/\/www.vert-intense.com\/#website","url":"https:\/\/www.vert-intense.com\/","name":"Gr\u00fcn-Intensiv","description":"Buchen Sie Ihre Entdeckungsreisen in Guadeloupe","publisher":{"@id":"https:\/\/www.vert-intense.com\/#organization"},"potentialAction":[{"@type":"SearchAction","target":{"@type":"EntryPoint","urlTemplate":"https:\/\/www.vert-intense.com\/?s={search_term_string}"},"query-input":{"@type":"PropertyValueSpecification","valueRequired":true,"valueName":"search_term_string"}}],"inLanguage":"de"},{"@type":"Organization","@id":"https:\/\/www.vert-intense.com\/#organization","name":"Gr\u00fcn-Intensiv","url":"https:\/\/www.vert-intense.com\/","logo":{"@type":"ImageObject","inLanguage":"de","@id":"https:\/\/www.vert-intense.com\/#\/schema\/logo\/image\/","url":"https:\/\/i0.wp.com\/www.vert-intense.com\/wp-content\/uploads\/2023\/07\/logo.png?fit=960%2C960&ssl=1","contentUrl":"https:\/\/i0.wp.com\/www.vert-intense.com\/wp-content\/uploads\/2023\/07\/logo.png?fit=960%2C960&ssl=1","width":960,"height":960,"caption":"Vert-Intense"},"image":{"@id":"https:\/\/www.vert-intense.com\/#\/schema\/logo\/image\/"},"sameAs":["https:\/\/www.facebook.com\/vertintense","https:\/\/www.tripadvisor.fr\/Attraction_Review-g1644623-d1649481-Reviews-Vert_Intense-Saint_Claude_Basse_Terre_Island_Guadeloupe.html","https:\/\/www.tiktok.com\/@vertintense","https:\/\/www.instagram.com\/vertintenseguadeloupe\/","https:\/\/www.youtube.com\/channel\/UCRymXR1Pa7n50AOgFy9n3bA"]}]},"og_availability":"instock","product_availability":"instock","product_condition":"new"},"jetpack_sharing_enabled":true,"_links":{"self":[{"href":"https:\/\/www.vert-intense.com\/de\/wp-json\/wp\/v2\/product\/18469"}],"collection":[{"href":"https:\/\/www.vert-intense.com\/de\/wp-json\/wp\/v2\/product"}],"about":[{"href":"https:\/\/www.vert-intense.com\/de\/wp-json\/wp\/v2\/types\/product"}],"wp:featuredmedia":[{"embeddable":true,"href":"https:\/\/www.vert-intense.com\/de\/wp-json\/wp\/v2\/media\/18448"}],"wp:attachment":[{"href":"https:\/\/www.vert-intense.com\/de\/wp-json\/wp\/v2\/media?parent=18469"}],"wp:term":[{"taxonomy":"product_cat","embeddable":true,"href":"https:\/\/www.vert-intense.com\/de\/wp-json\/wp\/v2\/product_cat?post=18469"},{"taxonomy":"product_tag","embeddable":true,"href":"https:\/\/www.vert-intense.com\/de\/wp-json\/wp\/v2\/product_tag?post=18469"}],"curies":[{"name":"wp","href":"https:\/\/api.w.org\/{rel}","templated":true}]}}