{"id":1607,"date":"2023-08-01T16:06:55","date_gmt":"2023-08-01T14:06:55","guid":{"rendered":"http:\/\/xedhqzi.cluster100.hosting.ovh.net\/?post_type=product&#038;p=1607"},"modified":"2025-05-04T11:43:28","modified_gmt":"2025-05-04T15:43:28","slug":"multisport-aufenthalt","status":"publish","type":"product","link":"https:\/\/www.vert-intense.com\/de\/aktivitat-guadeloupe\/sportaufenthalte-natur-guadeloupe\/multisport-aufenthalt\/","title":{"rendered":"Multisport-Aufenthalt 9 Tage"},"content":{"rendered":"<h3 style=\"text-align: center;\">Multisport-Aufenthalt in Guadeloupe<\/h3>\n<h3 style=\"text-align: center;\">(9 Tage)<\/h3>\n<p>&nbsp;<\/p>\n<p>Genie\u00dfen Sie Ihren Multisport-Aufenthalt in Guadeloupe in vollen Z\u00fcgen, denn Sie verf\u00fcgen \u00fcber ein Reisebuch, das speziell f\u00fcr die Entdeckung des Archipels Guadeloupe entwickelt wurde. Sie finden f\u00fcr jeden Tag eine neue Aktivit\u00e4t, um die verschiedenen \u00d6kosysteme der Inseln von Guadeloupe sportlich und naturnah zu entdecken. Au\u00dferdem finden Sie zahlreiche Adressen, die Ihnen helfen, die Aromen, Traditionen und das kulturelle Erbe Guadeloupes zu entdecken.<\/p>\n<p>Ihre Unterkunft, die mit dem europ\u00e4ischen Umweltzeichen ausgezeichnet ist, befindet sich an den Ausl\u00e4ufern des Vulkans La Soufri\u00e8re in der Gemeinde Saint Claude auf 500 m H\u00f6he. Ihre Gastgeber, Laurence und Eric, beide Bergf\u00fchrer und Canyoning-F\u00fchrer, kennen die Spuren des Nationalparks von Guadeloupe.<\/p>\n<p>&nbsp;<\/p>\n<h4><strong>Programmdetails :<\/strong><\/h4>\n<ul>\n<li>Tag 1: Ankunft bei den gr\u00fcnen Bananen<\/li>\n<li>2. Tag: Wanderung zu den Carbet-F\u00e4llen<\/li>\n<li>Tag 3: Gef\u00fchrter Aufstieg zum Gipfel des Vulkans<\/li>\n<li>4. Tag: Tauchen<\/li>\n<li>5. Tag: Canyoning<\/li>\n<li>6. Tag: Kajak<\/li>\n<li>7. Tag: Entdeckung der Heiligen<\/li>\n<li>8. Tag: Entdeckungen in Pointe \u00e0 Pitre<\/li>\n<li>9. Tag: Ankunft in Paris<\/li>\n<\/ul>\n<p>&nbsp;<\/p>\n<h4><strong>Der Preis beinhaltet :<\/strong><\/h4>\n<ul>\n<li>Das Abendessen am ersten Abend<\/li>\n<li>Eine Grundlage f\u00fcr das Fr\u00fchst\u00fcck<\/li>\n<li>Der Mietwagen Kat A f\u00fcr die Dauer des Aufenthaltes<\/li>\n<li>Die gef\u00fchrte Wanderung zur Soufri\u00e8re<\/li>\n<li>Tauchen<\/li>\n<li>Canyoning<\/li>\n<li>Kajak + Mahlzeit<\/li>\n<li>Das Ticket f\u00fcr das Schiff der Heiligen<\/li>\n<li>Das Briefing zur Vorstellung des Aufenthalts und das digitale Reisetagebuch<\/li>\n<\/ul>\n<p>&nbsp;<\/p>\n<h4><strong>Der Preis beinhaltet nicht :<\/strong><\/h4>\n<ul>\n<li>Der Flug nach Guadeloupe<\/li>\n<li>Die Abendessen Fr\u00fchst\u00fcck und Mittagessen<\/li>\n<li>Die Carbet-Parkpl\u00e4tze und die Anlegestelle f\u00fcr die Saintes<\/li>\n<li>Treibstoff f\u00fcr Ihr Fahrzeug<\/li>\n<li>Trinkgelder und alles, was nicht unter \"Im Preis inbegriffen\" aufgef\u00fchrt ist<\/li>\n<li>Die Optionen<\/li>\n<\/ul>\n<p>&nbsp;<\/p>\n<p><strong>Gut zu wissen:<\/strong> Sie erhalten Ihr Reisetagebuch gleich nach der Buchung sowie eine Liste mit empfohlener Ausr\u00fcstung f\u00fcr einen guten Sportaufenthalt in tropischer Umgebung.<\/p>","protected":false},"excerpt":{"rendered":"<p>Buchen Sie Ihren Multisport-Aufenthalt in Guadeloupe und entdecken Sie den guadeloupeischen Archipel durch sportliche und naturbezogene Aktivit\u00e4ten auf eine andere Art und Weise.<\/p>","protected":false},"featured_media":2564,"template":"","meta":[],"product_cat":[28],"product_tag":[131,130],"class_list":{"0":"post-1607","1":"product","2":"type-product","3":"status-publish","4":"has-post-thumbnail","6":"product_cat-sejours-sportifs-nature-guadeloupe","7":"product_tag-sejour-multi-sports-guadeloupe","8":"product_tag-sejour-randonnee-liberte","10":"first","11":"instock","12":"virtual","13":"sold-individually","14":"taxable","15":"purchasable","16":"product-type-booking"},"yoast_head":"<!-- This site is optimized with the Yoast SEO Premium plugin v25.3.1 (Yoast SEO v25.3.1) - https:\/\/yoast.com\/wordpress\/plugins\/seo\/ -->\n<title>S\u00e9jour Multisport en Guadeloupe - Activit\u00e9s et D\u00e9couvertes uniques - Vert Intense<\/title>\n<meta name=\"description\" content=\"D\u00e9couvrez la Guadeloupe \u00e0 travers des activit\u00e9s sportives et nature lors de notre S\u00e9jour Multisport. \u00c0 chaque jour, une nouvelle aventure vous attend! \ud83c\udf34\" \/>\n<meta name=\"robots\" content=\"index, follow, max-snippet:-1, max-image-preview:large, max-video-preview:-1\" \/>\n<link rel=\"canonical\" href=\"https:\/\/www.vert-intense.com\/de\/aktivitat-guadeloupe\/sportaufenthalte-natur-guadeloupe\/multisport-aufenthalt\/\" \/>\n<meta property=\"og:locale\" content=\"de_DE\" \/>\n<meta property=\"og:type\" content=\"article\" \/>\n<meta property=\"og:title\" content=\"S\u00e9jour Multisports 9 jours\" \/>\n<meta property=\"og:description\" content=\"D\u00e9couvrez la Guadeloupe \u00e0 travers des activit\u00e9s sportives et nature lors de notre S\u00e9jour Multisport. \u00c0 chaque jour, une nouvelle aventure vous attend! \ud83c\udf34\" \/>\n<meta property=\"og:url\" content=\"https:\/\/www.vert-intense.com\/de\/aktivitat-guadeloupe\/sportaufenthalte-natur-guadeloupe\/multisport-aufenthalt\/\" \/>\n<meta property=\"og:site_name\" content=\"Vert Intense\" \/>\n<meta property=\"article:publisher\" content=\"https:\/\/www.facebook.com\/vertintense\" \/>\n<meta property=\"article:modified_time\" content=\"2025-05-04T15:43:28+00:00\" \/>\n<meta property=\"og:image\" content=\"https:\/\/www.vert-intense.com\/wp-content\/uploads\/2023\/12\/phot3-Copier-e1702653219335.jpg\" \/>\n\t<meta property=\"og:image:width\" content=\"1702\" \/>\n\t<meta property=\"og:image:height\" content=\"1280\" \/>\n\t<meta property=\"og:image:type\" content=\"image\/jpeg\" \/>\n<meta name=\"twitter:card\" content=\"summary_large_image\" \/>\n<meta name=\"twitter:label1\" content=\"Preis\" \/>\n\t<meta name=\"twitter:data1\" content=\"960&euro;\" \/>\n\t<meta name=\"twitter:label2\" content=\"Verf\u00fcgbarkeit\" \/>\n\t<meta name=\"twitter:data2\" content=\"Auf Lager\" \/>\n<script type=\"application\/ld+json\" class=\"yoast-schema-graph\">{\"@context\":\"https:\/\/schema.org\",\"@graph\":[{\"@type\":\"WebPage\",\"@id\":\"https:\/\/www.vert-intense.com\/activite-guadeloupe\/sejours-sportifs-nature-guadeloupe\/sejour-multisport\/\",\"url\":\"https:\/\/www.vert-intense.com\/activite-guadeloupe\/sejours-sportifs-nature-guadeloupe\/sejour-multisport\/\",\"name\":\"S\u00e9jour Multisport en Guadeloupe - Activit\u00e9s et D\u00e9couvertes uniques - Vert Intense\",\"isPartOf\":{\"@id\":\"https:\/\/www.vert-intense.com\/#website\"},\"primaryImageOfPage\":{\"@id\":\"https:\/\/www.vert-intense.com\/activite-guadeloupe\/sejours-sportifs-nature-guadeloupe\/sejour-multisport\/#primaryimage\"},\"image\":{\"@id\":\"https:\/\/www.vert-intense.com\/activite-guadeloupe\/sejours-sportifs-nature-guadeloupe\/sejour-multisport\/#primaryimage\"},\"thumbnailUrl\":\"https:\/\/i0.wp.com\/www.vert-intense.com\/wp-content\/uploads\/2023\/12\/phot3-Copier-e1702653219335.jpg?fit=1702%2C1280&ssl=1\",\"datePublished\":\"2023-08-01T14:06:55+00:00\",\"dateModified\":\"2025-05-04T15:43:28+00:00\",\"description\":\"D\u00e9couvrez la Guadeloupe \u00e0 travers des activit\u00e9s sportives et nature lors de notre S\u00e9jour Multisport. \u00c0 chaque jour, une nouvelle aventure vous attend! \ud83c\udf34\",\"breadcrumb\":{\"@id\":\"https:\/\/www.vert-intense.com\/activite-guadeloupe\/sejours-sportifs-nature-guadeloupe\/sejour-multisport\/#breadcrumb\"},\"inLanguage\":\"de\",\"potentialAction\":[{\"@type\":\"ReadAction\",\"target\":[\"https:\/\/www.vert-intense.com\/activite-guadeloupe\/sejours-sportifs-nature-guadeloupe\/sejour-multisport\/\"]}]},{\"@type\":\"ImageObject\",\"inLanguage\":\"de\",\"@id\":\"https:\/\/www.vert-intense.com\/activite-guadeloupe\/sejours-sportifs-nature-guadeloupe\/sejour-multisport\/#primaryimage\",\"url\":\"https:\/\/i0.wp.com\/www.vert-intense.com\/wp-content\/uploads\/2023\/12\/phot3-Copier-e1702653219335.jpg?fit=1702%2C1280&ssl=1\",\"contentUrl\":\"https:\/\/i0.wp.com\/www.vert-intense.com\/wp-content\/uploads\/2023\/12\/phot3-Copier-e1702653219335.jpg?fit=1702%2C1280&ssl=1\",\"width\":1702,\"height\":1280,\"caption\":\"journ\u00e9e kayak Guadeloupe, s\u00e9jour multisport Vert Intense\"},{\"@type\":\"BreadcrumbList\",\"@id\":\"https:\/\/www.vert-intense.com\/activite-guadeloupe\/sejours-sportifs-nature-guadeloupe\/sejour-multisport\/#breadcrumb\",\"itemListElement\":[{\"@type\":\"ListItem\",\"position\":1,\"name\":\"Accueil\",\"item\":\"https:\/\/www.vert-intense.com\/\"},{\"@type\":\"ListItem\",\"position\":2,\"name\":\"Activit\u00e9s nature en Guadeloupe\",\"item\":\"https:\/\/www.vert-intense.com\/\"},{\"@type\":\"ListItem\",\"position\":3,\"name\":\"S\u00e9jour Multisports 9 jours\"}]},{\"@type\":\"WebSite\",\"@id\":\"https:\/\/www.vert-intense.com\/#website\",\"url\":\"https:\/\/www.vert-intense.com\/\",\"name\":\"Vert-Intense\",\"description\":\"R\u00e9servez vos activit\u00e9s d\u00e9couvertes en Guadeloupe\",\"publisher\":{\"@id\":\"https:\/\/www.vert-intense.com\/#organization\"},\"potentialAction\":[{\"@type\":\"SearchAction\",\"target\":{\"@type\":\"EntryPoint\",\"urlTemplate\":\"https:\/\/www.vert-intense.com\/?s={search_term_string}\"},\"query-input\":{\"@type\":\"PropertyValueSpecification\",\"valueRequired\":true,\"valueName\":\"search_term_string\"}}],\"inLanguage\":\"de\"},{\"@type\":\"Organization\",\"@id\":\"https:\/\/www.vert-intense.com\/#organization\",\"name\":\"Vert-Intense\",\"url\":\"https:\/\/www.vert-intense.com\/\",\"logo\":{\"@type\":\"ImageObject\",\"inLanguage\":\"de\",\"@id\":\"https:\/\/www.vert-intense.com\/#\/schema\/logo\/image\/\",\"url\":\"https:\/\/i0.wp.com\/www.vert-intense.com\/wp-content\/uploads\/2023\/07\/logo.png?fit=960%2C960&ssl=1\",\"contentUrl\":\"https:\/\/i0.wp.com\/www.vert-intense.com\/wp-content\/uploads\/2023\/07\/logo.png?fit=960%2C960&ssl=1\",\"width\":960,\"height\":960,\"caption\":\"Vert-Intense\"},\"image\":{\"@id\":\"https:\/\/www.vert-intense.com\/#\/schema\/logo\/image\/\"},\"sameAs\":[\"https:\/\/www.facebook.com\/vertintense\",\"https:\/\/www.tripadvisor.fr\/Attraction_Review-g1644623-d1649481-Reviews-Vert_Intense-Saint_Claude_Basse_Terre_Island_Guadeloupe.html\",\"https:\/\/www.tiktok.com\/@vertintense\",\"https:\/\/www.instagram.com\/vertintenseguadeloupe\/\",\"https:\/\/www.youtube.com\/channel\/UCRymXR1Pa7n50AOgFy9n3bA\"]}]}<\/script>\n<meta property=\"product:price:amount\" content=\"960\" \/>\n<meta property=\"product:price:currency\" content=\"EUR\" \/>\n<meta property=\"og:availability\" content=\"instock\" \/>\n<meta property=\"product:availability\" content=\"instock\" \/>\n<meta property=\"product:condition\" content=\"new\" \/>\n<!-- \/ Yoast SEO Premium plugin. -->","yoast_head_json":{"title":"Multisport-Aufenthalt in Guadeloupe - Einzigartige Aktivit\u00e4ten und Entdeckungen - Vert Intense","description":"Entdecke Guadeloupe mit sportlichen Aktivit\u00e4ten und Naturerlebnissen w\u00e4hrend unseres Multisport-Aufenthalts. Jeden Tag wartet ein neues Abenteuer auf dich! \ud83c\udf34","robots":{"index":"index","follow":"follow","max-snippet":"max-snippet:-1","max-image-preview":"max-image-preview:large","max-video-preview":"max-video-preview:-1"},"canonical":"https:\/\/www.vert-intense.com\/de\/aktivitat-guadeloupe\/sportaufenthalte-natur-guadeloupe\/multisport-aufenthalt\/","og_locale":"de_DE","og_type":"article","og_title":"S\u00e9jour Multisports 9 jours","og_description":"D\u00e9couvrez la Guadeloupe \u00e0 travers des activit\u00e9s sportives et nature lors de notre S\u00e9jour Multisport. \u00c0 chaque jour, une nouvelle aventure vous attend! \ud83c\udf34","og_url":"https:\/\/www.vert-intense.com\/de\/aktivitat-guadeloupe\/sportaufenthalte-natur-guadeloupe\/multisport-aufenthalt\/","og_site_name":"Vert Intense","article_publisher":"https:\/\/www.facebook.com\/vertintense","article_modified_time":"2025-05-04T15:43:28+00:00","og_image":[{"width":1702,"height":1280,"url":"https:\/\/www.vert-intense.com\/wp-content\/uploads\/2023\/12\/phot3-Copier-e1702653219335.jpg","type":"image\/jpeg"}],"twitter_card":"summary_large_image","twitter_misc":{"Preis":"960&euro;","Verf\u00fcgbarkeit":"Auf Lager"},"schema":{"@context":"https:\/\/schema.org","@graph":[{"@type":"WebPage","@id":"https:\/\/www.vert-intense.com\/activite-guadeloupe\/sejours-sportifs-nature-guadeloupe\/sejour-multisport\/","url":"https:\/\/www.vert-intense.com\/activite-guadeloupe\/sejours-sportifs-nature-guadeloupe\/sejour-multisport\/","name":"Multisport-Aufenthalt in Guadeloupe - Einzigartige Aktivit\u00e4ten und Entdeckungen - Vert Intense","isPartOf":{"@id":"https:\/\/www.vert-intense.com\/#website"},"primaryImageOfPage":{"@id":"https:\/\/www.vert-intense.com\/activite-guadeloupe\/sejours-sportifs-nature-guadeloupe\/sejour-multisport\/#primaryimage"},"image":{"@id":"https:\/\/www.vert-intense.com\/activite-guadeloupe\/sejours-sportifs-nature-guadeloupe\/sejour-multisport\/#primaryimage"},"thumbnailUrl":"https:\/\/i0.wp.com\/www.vert-intense.com\/wp-content\/uploads\/2023\/12\/phot3-Copier-e1702653219335.jpg?fit=1702%2C1280&ssl=1","datePublished":"2023-08-01T14:06:55+00:00","dateModified":"2025-05-04T15:43:28+00:00","description":"Entdecke Guadeloupe mit sportlichen Aktivit\u00e4ten und Naturerlebnissen w\u00e4hrend unseres Multisport-Aufenthalts. Jeden Tag wartet ein neues Abenteuer auf dich! \ud83c\udf34","breadcrumb":{"@id":"https:\/\/www.vert-intense.com\/activite-guadeloupe\/sejours-sportifs-nature-guadeloupe\/sejour-multisport\/#breadcrumb"},"inLanguage":"de","potentialAction":[{"@type":"ReadAction","target":["https:\/\/www.vert-intense.com\/activite-guadeloupe\/sejours-sportifs-nature-guadeloupe\/sejour-multisport\/"]}]},{"@type":"ImageObject","inLanguage":"de","@id":"https:\/\/www.vert-intense.com\/activite-guadeloupe\/sejours-sportifs-nature-guadeloupe\/sejour-multisport\/#primaryimage","url":"https:\/\/i0.wp.com\/www.vert-intense.com\/wp-content\/uploads\/2023\/12\/phot3-Copier-e1702653219335.jpg?fit=1702%2C1280&ssl=1","contentUrl":"https:\/\/i0.wp.com\/www.vert-intense.com\/wp-content\/uploads\/2023\/12\/phot3-Copier-e1702653219335.jpg?fit=1702%2C1280&ssl=1","width":1702,"height":1280,"caption":"journ\u00e9e kayak Guadeloupe, s\u00e9jour multisport Vert Intense"},{"@type":"BreadcrumbList","@id":"https:\/\/www.vert-intense.com\/activite-guadeloupe\/sejours-sportifs-nature-guadeloupe\/sejour-multisport\/#breadcrumb","itemListElement":[{"@type":"ListItem","position":1,"name":"Accueil","item":"https:\/\/www.vert-intense.com\/"},{"@type":"ListItem","position":2,"name":"Activit\u00e9s nature en Guadeloupe","item":"https:\/\/www.vert-intense.com\/"},{"@type":"ListItem","position":3,"name":"S\u00e9jour Multisports 9 jours"}]},{"@type":"WebSite","@id":"https:\/\/www.vert-intense.com\/#website","url":"https:\/\/www.vert-intense.com\/","name":"Gr\u00fcn-Intensiv","description":"Buchen Sie Ihre Entdeckungsreisen in Guadeloupe","publisher":{"@id":"https:\/\/www.vert-intense.com\/#organization"},"potentialAction":[{"@type":"SearchAction","target":{"@type":"EntryPoint","urlTemplate":"https:\/\/www.vert-intense.com\/?s={search_term_string}"},"query-input":{"@type":"PropertyValueSpecification","valueRequired":true,"valueName":"search_term_string"}}],"inLanguage":"de"},{"@type":"Organization","@id":"https:\/\/www.vert-intense.com\/#organization","name":"Gr\u00fcn-Intensiv","url":"https:\/\/www.vert-intense.com\/","logo":{"@type":"ImageObject","inLanguage":"de","@id":"https:\/\/www.vert-intense.com\/#\/schema\/logo\/image\/","url":"https:\/\/i0.wp.com\/www.vert-intense.com\/wp-content\/uploads\/2023\/07\/logo.png?fit=960%2C960&ssl=1","contentUrl":"https:\/\/i0.wp.com\/www.vert-intense.com\/wp-content\/uploads\/2023\/07\/logo.png?fit=960%2C960&ssl=1","width":960,"height":960,"caption":"Vert-Intense"},"image":{"@id":"https:\/\/www.vert-intense.com\/#\/schema\/logo\/image\/"},"sameAs":["https:\/\/www.facebook.com\/vertintense","https:\/\/www.tripadvisor.fr\/Attraction_Review-g1644623-d1649481-Reviews-Vert_Intense-Saint_Claude_Basse_Terre_Island_Guadeloupe.html","https:\/\/www.tiktok.com\/@vertintense","https:\/\/www.instagram.com\/vertintenseguadeloupe\/","https:\/\/www.youtube.com\/channel\/UCRymXR1Pa7n50AOgFy9n3bA"]}]},"product_price_amount":"960","product_price_currency":"EUR","og_availability":"instock","product_availability":"instock","product_condition":"new"},"jetpack_sharing_enabled":true,"_links":{"self":[{"href":"https:\/\/www.vert-intense.com\/de\/wp-json\/wp\/v2\/product\/1607"}],"collection":[{"href":"https:\/\/www.vert-intense.com\/de\/wp-json\/wp\/v2\/product"}],"about":[{"href":"https:\/\/www.vert-intense.com\/de\/wp-json\/wp\/v2\/types\/product"}],"wp:featuredmedia":[{"embeddable":true,"href":"https:\/\/www.vert-intense.com\/de\/wp-json\/wp\/v2\/media\/2564"}],"wp:attachment":[{"href":"https:\/\/www.vert-intense.com\/de\/wp-json\/wp\/v2\/media?parent=1607"}],"wp:term":[{"taxonomy":"product_cat","embeddable":true,"href":"https:\/\/www.vert-intense.com\/de\/wp-json\/wp\/v2\/product_cat?post=1607"},{"taxonomy":"product_tag","embeddable":true,"href":"https:\/\/www.vert-intense.com\/de\/wp-json\/wp\/v2\/product_tag?post=1607"}],"curies":[{"name":"wp","href":"https:\/\/api.w.org\/{rel}","templated":true}]}}