{"id":1604,"date":"2023-08-01T16:05:23","date_gmt":"2023-08-01T14:05:23","guid":{"rendered":"http:\/\/xedhqzi.cluster100.hosting.ovh.net\/?post_type=product&#038;p=1604"},"modified":"2025-11-03T13:43:55","modified_gmt":"2025-11-03T17:43:55","slug":"sportausflug","status":"publish","type":"product","link":"https:\/\/www.vert-intense.com\/de\/aktivitat-guadeloupe\/sportaufenthalte-natur-guadeloupe\/sportausflug\/","title":{"rendered":"Sportlicher Ausflug"},"content":{"rendered":"<h3 style=\"text-align: center;\">Sportlicher Ausflug nach Guadeloupe<\/h3>\n<p>&nbsp;<\/p>\n<p>Eine Nacht in Bananes Vertes und ein Ausflug zum Canyoning in einem der sch\u00f6nsten Fl\u00fcsse Guadeloupes. Wir bieten Ihnen mit diesem sportlichen Ausflug auf Guadeloupe einen kleinen Luftwechsel, eine Pause auf den H\u00f6hen von Basse-Terre, um im Rhythmus des tropischen Waldes zu leben.<\/p>\n<h4>Programmdetails :<\/h4>\n<p>&nbsp;<\/p>\n<ul>\n<li><strong>Tag 1<\/strong><strong> :\u00a0<\/strong>Empfang in Bananes Vertes ab 15.00 Uhr. Aush\u00e4ndigung eines Vouchers f\u00fcr den Ausflug am n\u00e4chsten Tag, Mini-Briefing, um Ihnen die unumg\u00e4nglichen Sehensw\u00fcrdigkeiten des s\u00fcdlichen Basse-Terre....miniwanderungen Wasserf\u00e4lle, hei\u00dfe Quellen, Restaurants f\u00fcr den Abend usw. zu zeigen.<\/li>\n<\/ul>\n<p>&nbsp;<\/p>\n<ul>\n<li><strong>Tag 2 :<\/strong><strong>\u00a0<\/strong>Treffpunkt 8:30 Uhr am Parkplatz des Bassin Bleu f\u00fcr einen Canyoning-Ausflug.  Verteilung der spezifischen Ausr\u00fcstung f\u00fcr diese Aktivit\u00e4t: Neoprenanzug, Helm, Gurte. Abfahrt in Richtung des Flusses, Ann\u00e4herungsmarsch von etwa 30 Minuten, bevor der Abstieg beginnt. Dauer der Wanderung ca. 5 Stunden.<\/li>\n<\/ul>\n<p>&nbsp;<\/p>\n<ul>\n<li>Der Preis versteht sich f\u00fcr zwei Personen, die sich ein Zimmer teilen. Die Kurtaxe von 0,80 \u20ac pro Nacht und pro Erwachsenem ist zus\u00e4tzlich zu entrichten.<\/li>\n<\/ul>\n<p>&nbsp;<\/p>","protected":false},"excerpt":{"rendered":"<p>Brauchen Sie einen Tapetenwechsel? Buchen Sie unseren sportlichen Ausflug: eine Nacht in Bananes Vertes + eine Canyoning-Tour in einem der sch\u00f6nsten Fl\u00fcsse Guadeloupes.  Und genie\u00dfen Sie eine Pause auf den Anh\u00f6hen von Basse-Terre, um im Rhythmus des Regenwaldes zu leben.<\/p>","protected":false},"featured_media":2416,"template":"","meta":[],"product_cat":[28],"product_tag":[125,132,131,130],"class_list":{"0":"post-1604","1":"product","2":"type-product","3":"status-publish","4":"has-post-thumbnail","6":"product_cat-sejours-sportifs-nature-guadeloupe","7":"product_tag-canyoning-bleu-niveau-moyen","8":"product_tag-escale-et-escapade","9":"product_tag-sejour-multi-sports-guadeloupe","10":"product_tag-sejour-randonnee-liberte","12":"first","13":"instock","14":"virtual","15":"sold-individually","16":"taxable","17":"purchasable","18":"product-type-booking"},"yoast_head":"<!-- This site is optimized with the Yoast SEO Premium plugin v25.3.1 (Yoast SEO v25.3.1) - https:\/\/yoast.com\/wordpress\/plugins\/seo\/ -->\n<title>Escapade Sportive en Guadeloupe : 1 nuit\u00e9e + 1 sortie canyoning - Vert Intense<\/title>\n<meta name=\"description\" content=\"Offrez vous une pause avec une escapade sportive en Guadeloupe. Profitez d&#039;une nuit aux Bananes Vertes et d&#039;une sortie canyoning. R\u00e9servez d\u00e8s maintenant !\" \/>\n<meta name=\"robots\" content=\"index, follow, max-snippet:-1, max-image-preview:large, max-video-preview:-1\" \/>\n<link rel=\"canonical\" href=\"https:\/\/www.vert-intense.com\/de\/aktivitat-guadeloupe\/sportaufenthalte-natur-guadeloupe\/sportausflug\/\" \/>\n<meta property=\"og:locale\" content=\"de_DE\" \/>\n<meta property=\"og:type\" content=\"article\" \/>\n<meta property=\"og:title\" content=\"Escapade Sportive\" \/>\n<meta property=\"og:description\" content=\"Offrez vous une pause avec une escapade sportive en Guadeloupe. Profitez d&#039;une nuit aux Bananes Vertes et d&#039;une sortie canyoning. R\u00e9servez d\u00e8s maintenant !\" \/>\n<meta property=\"og:url\" content=\"https:\/\/www.vert-intense.com\/de\/aktivitat-guadeloupe\/sportaufenthalte-natur-guadeloupe\/sportausflug\/\" \/>\n<meta property=\"og:site_name\" content=\"Vert Intense\" \/>\n<meta property=\"article:publisher\" content=\"https:\/\/www.facebook.com\/vertintense\" \/>\n<meta property=\"article:modified_time\" content=\"2025-11-03T17:43:55+00:00\" \/>\n<meta property=\"og:image\" content=\"https:\/\/www.vert-intense.com\/wp-content\/uploads\/2023\/11\/ticanyon005-e1700260658669.jpg\" \/>\n\t<meta property=\"og:image:width\" content=\"1300\" \/>\n\t<meta property=\"og:image:height\" content=\"977\" \/>\n\t<meta property=\"og:image:type\" content=\"image\/jpeg\" \/>\n<meta name=\"twitter:card\" content=\"summary_large_image\" \/>\n<meta name=\"twitter:label1\" content=\"Preis\" \/>\n\t<meta name=\"twitter:data1\" content=\"120&euro;\" \/>\n\t<meta name=\"twitter:label2\" content=\"Verf\u00fcgbarkeit\" \/>\n\t<meta name=\"twitter:data2\" content=\"Auf Lager\" \/>\n<script type=\"application\/ld+json\" class=\"yoast-schema-graph\">{\"@context\":\"https:\/\/schema.org\",\"@graph\":[{\"@type\":\"WebPage\",\"@id\":\"https:\/\/www.vert-intense.com\/activite-guadeloupe\/sejours-sportifs-nature-guadeloupe\/escapade-sportive\/\",\"url\":\"https:\/\/www.vert-intense.com\/activite-guadeloupe\/sejours-sportifs-nature-guadeloupe\/escapade-sportive\/\",\"name\":\"Escapade Sportive en Guadeloupe : 1 nuit\u00e9e + 1 sortie canyoning - Vert Intense\",\"isPartOf\":{\"@id\":\"https:\/\/www.vert-intense.com\/#website\"},\"primaryImageOfPage\":{\"@id\":\"https:\/\/www.vert-intense.com\/activite-guadeloupe\/sejours-sportifs-nature-guadeloupe\/escapade-sportive\/#primaryimage\"},\"image\":{\"@id\":\"https:\/\/www.vert-intense.com\/activite-guadeloupe\/sejours-sportifs-nature-guadeloupe\/escapade-sportive\/#primaryimage\"},\"thumbnailUrl\":\"https:\/\/i0.wp.com\/www.vert-intense.com\/wp-content\/uploads\/2023\/11\/ticanyon005-e1700260658669.jpg?fit=1300%2C977&ssl=1\",\"datePublished\":\"2023-08-01T14:05:23+00:00\",\"dateModified\":\"2025-11-03T17:43:55+00:00\",\"description\":\"Offrez vous une pause avec une escapade sportive en Guadeloupe. Profitez d'une nuit aux Bananes Vertes et d'une sortie canyoning. R\u00e9servez d\u00e8s maintenant !\",\"breadcrumb\":{\"@id\":\"https:\/\/www.vert-intense.com\/activite-guadeloupe\/sejours-sportifs-nature-guadeloupe\/escapade-sportive\/#breadcrumb\"},\"inLanguage\":\"de\",\"potentialAction\":[{\"@type\":\"ReadAction\",\"target\":[\"https:\/\/www.vert-intense.com\/activite-guadeloupe\/sejours-sportifs-nature-guadeloupe\/escapade-sportive\/\"]}]},{\"@type\":\"ImageObject\",\"inLanguage\":\"de\",\"@id\":\"https:\/\/www.vert-intense.com\/activite-guadeloupe\/sejours-sportifs-nature-guadeloupe\/escapade-sportive\/#primaryimage\",\"url\":\"https:\/\/i0.wp.com\/www.vert-intense.com\/wp-content\/uploads\/2023\/11\/ticanyon005-e1700260658669.jpg?fit=1300%2C977&ssl=1\",\"contentUrl\":\"https:\/\/i0.wp.com\/www.vert-intense.com\/wp-content\/uploads\/2023\/11\/ticanyon005-e1700260658669.jpg?fit=1300%2C977&ssl=1\",\"width\":1300,\"height\":977,\"caption\":\"descente en rappel dans Ti-Canyon\"},{\"@type\":\"BreadcrumbList\",\"@id\":\"https:\/\/www.vert-intense.com\/activite-guadeloupe\/sejours-sportifs-nature-guadeloupe\/escapade-sportive\/#breadcrumb\",\"itemListElement\":[{\"@type\":\"ListItem\",\"position\":1,\"name\":\"Accueil\",\"item\":\"https:\/\/www.vert-intense.com\/\"},{\"@type\":\"ListItem\",\"position\":2,\"name\":\"Activit\u00e9s nature en Guadeloupe\",\"item\":\"https:\/\/www.vert-intense.com\/\"},{\"@type\":\"ListItem\",\"position\":3,\"name\":\"Escapade Sportive\"}]},{\"@type\":\"WebSite\",\"@id\":\"https:\/\/www.vert-intense.com\/#website\",\"url\":\"https:\/\/www.vert-intense.com\/\",\"name\":\"Vert-Intense\",\"description\":\"R\u00e9servez vos activit\u00e9s d\u00e9couvertes en Guadeloupe\",\"publisher\":{\"@id\":\"https:\/\/www.vert-intense.com\/#organization\"},\"potentialAction\":[{\"@type\":\"SearchAction\",\"target\":{\"@type\":\"EntryPoint\",\"urlTemplate\":\"https:\/\/www.vert-intense.com\/?s={search_term_string}\"},\"query-input\":{\"@type\":\"PropertyValueSpecification\",\"valueRequired\":true,\"valueName\":\"search_term_string\"}}],\"inLanguage\":\"de\"},{\"@type\":\"Organization\",\"@id\":\"https:\/\/www.vert-intense.com\/#organization\",\"name\":\"Vert-Intense\",\"url\":\"https:\/\/www.vert-intense.com\/\",\"logo\":{\"@type\":\"ImageObject\",\"inLanguage\":\"de\",\"@id\":\"https:\/\/www.vert-intense.com\/#\/schema\/logo\/image\/\",\"url\":\"https:\/\/i0.wp.com\/www.vert-intense.com\/wp-content\/uploads\/2023\/07\/logo.png?fit=960%2C960&ssl=1\",\"contentUrl\":\"https:\/\/i0.wp.com\/www.vert-intense.com\/wp-content\/uploads\/2023\/07\/logo.png?fit=960%2C960&ssl=1\",\"width\":960,\"height\":960,\"caption\":\"Vert-Intense\"},\"image\":{\"@id\":\"https:\/\/www.vert-intense.com\/#\/schema\/logo\/image\/\"},\"sameAs\":[\"https:\/\/www.facebook.com\/vertintense\",\"https:\/\/www.tripadvisor.fr\/Attraction_Review-g1644623-d1649481-Reviews-Vert_Intense-Saint_Claude_Basse_Terre_Island_Guadeloupe.html\",\"https:\/\/www.tiktok.com\/@vertintense\",\"https:\/\/www.instagram.com\/vertintenseguadeloupe\/\",\"https:\/\/www.youtube.com\/channel\/UCRymXR1Pa7n50AOgFy9n3bA\"]}]}<\/script>\n<meta property=\"product:price:amount\" content=\"120\" \/>\n<meta property=\"product:price:currency\" content=\"EUR\" \/>\n<meta property=\"og:availability\" content=\"instock\" \/>\n<meta property=\"product:availability\" content=\"instock\" \/>\n<meta property=\"product:condition\" content=\"new\" \/>\n<!-- \/ Yoast SEO Premium plugin. -->","yoast_head_json":{"title":"Sportlicher Ausflug nach Guadeloupe: 1 \u00dcbernachtung + 1 Canyoning-Ausflug - Vert Intense","description":"G\u00f6nnen Sie sich eine Auszeit mit einem sportlichen Ausflug nach Guadeloupe. Genie\u00dfen Sie eine Nacht in Les Bananes Vertes und einen Ausflug zum Canyoning. Buchen Sie jetzt!","robots":{"index":"index","follow":"follow","max-snippet":"max-snippet:-1","max-image-preview":"max-image-preview:large","max-video-preview":"max-video-preview:-1"},"canonical":"https:\/\/www.vert-intense.com\/de\/aktivitat-guadeloupe\/sportaufenthalte-natur-guadeloupe\/sportausflug\/","og_locale":"de_DE","og_type":"article","og_title":"Escapade Sportive","og_description":"Offrez vous une pause avec une escapade sportive en Guadeloupe. Profitez d'une nuit aux Bananes Vertes et d'une sortie canyoning. R\u00e9servez d\u00e8s maintenant !","og_url":"https:\/\/www.vert-intense.com\/de\/aktivitat-guadeloupe\/sportaufenthalte-natur-guadeloupe\/sportausflug\/","og_site_name":"Vert Intense","article_publisher":"https:\/\/www.facebook.com\/vertintense","article_modified_time":"2025-11-03T17:43:55+00:00","og_image":[{"width":1300,"height":977,"url":"https:\/\/www.vert-intense.com\/wp-content\/uploads\/2023\/11\/ticanyon005-e1700260658669.jpg","type":"image\/jpeg"}],"twitter_card":"summary_large_image","twitter_misc":{"Preis":"120&euro;","Verf\u00fcgbarkeit":"Auf Lager"},"schema":{"@context":"https:\/\/schema.org","@graph":[{"@type":"WebPage","@id":"https:\/\/www.vert-intense.com\/activite-guadeloupe\/sejours-sportifs-nature-guadeloupe\/escapade-sportive\/","url":"https:\/\/www.vert-intense.com\/activite-guadeloupe\/sejours-sportifs-nature-guadeloupe\/escapade-sportive\/","name":"Sportlicher Ausflug nach Guadeloupe: 1 \u00dcbernachtung + 1 Canyoning-Ausflug - Vert Intense","isPartOf":{"@id":"https:\/\/www.vert-intense.com\/#website"},"primaryImageOfPage":{"@id":"https:\/\/www.vert-intense.com\/activite-guadeloupe\/sejours-sportifs-nature-guadeloupe\/escapade-sportive\/#primaryimage"},"image":{"@id":"https:\/\/www.vert-intense.com\/activite-guadeloupe\/sejours-sportifs-nature-guadeloupe\/escapade-sportive\/#primaryimage"},"thumbnailUrl":"https:\/\/i0.wp.com\/www.vert-intense.com\/wp-content\/uploads\/2023\/11\/ticanyon005-e1700260658669.jpg?fit=1300%2C977&ssl=1","datePublished":"2023-08-01T14:05:23+00:00","dateModified":"2025-11-03T17:43:55+00:00","description":"G\u00f6nnen Sie sich eine Auszeit mit einem sportlichen Ausflug nach Guadeloupe. Genie\u00dfen Sie eine Nacht in Les Bananes Vertes und einen Ausflug zum Canyoning. Buchen Sie jetzt!","breadcrumb":{"@id":"https:\/\/www.vert-intense.com\/activite-guadeloupe\/sejours-sportifs-nature-guadeloupe\/escapade-sportive\/#breadcrumb"},"inLanguage":"de","potentialAction":[{"@type":"ReadAction","target":["https:\/\/www.vert-intense.com\/activite-guadeloupe\/sejours-sportifs-nature-guadeloupe\/escapade-sportive\/"]}]},{"@type":"ImageObject","inLanguage":"de","@id":"https:\/\/www.vert-intense.com\/activite-guadeloupe\/sejours-sportifs-nature-guadeloupe\/escapade-sportive\/#primaryimage","url":"https:\/\/i0.wp.com\/www.vert-intense.com\/wp-content\/uploads\/2023\/11\/ticanyon005-e1700260658669.jpg?fit=1300%2C977&ssl=1","contentUrl":"https:\/\/i0.wp.com\/www.vert-intense.com\/wp-content\/uploads\/2023\/11\/ticanyon005-e1700260658669.jpg?fit=1300%2C977&ssl=1","width":1300,"height":977,"caption":"descente en rappel dans Ti-Canyon"},{"@type":"BreadcrumbList","@id":"https:\/\/www.vert-intense.com\/activite-guadeloupe\/sejours-sportifs-nature-guadeloupe\/escapade-sportive\/#breadcrumb","itemListElement":[{"@type":"ListItem","position":1,"name":"Accueil","item":"https:\/\/www.vert-intense.com\/"},{"@type":"ListItem","position":2,"name":"Activit\u00e9s nature en Guadeloupe","item":"https:\/\/www.vert-intense.com\/"},{"@type":"ListItem","position":3,"name":"Escapade Sportive"}]},{"@type":"WebSite","@id":"https:\/\/www.vert-intense.com\/#website","url":"https:\/\/www.vert-intense.com\/","name":"Gr\u00fcn-Intensiv","description":"Buchen Sie Ihre Entdeckungsreisen in Guadeloupe","publisher":{"@id":"https:\/\/www.vert-intense.com\/#organization"},"potentialAction":[{"@type":"SearchAction","target":{"@type":"EntryPoint","urlTemplate":"https:\/\/www.vert-intense.com\/?s={search_term_string}"},"query-input":{"@type":"PropertyValueSpecification","valueRequired":true,"valueName":"search_term_string"}}],"inLanguage":"de"},{"@type":"Organization","@id":"https:\/\/www.vert-intense.com\/#organization","name":"Gr\u00fcn-Intensiv","url":"https:\/\/www.vert-intense.com\/","logo":{"@type":"ImageObject","inLanguage":"de","@id":"https:\/\/www.vert-intense.com\/#\/schema\/logo\/image\/","url":"https:\/\/i0.wp.com\/www.vert-intense.com\/wp-content\/uploads\/2023\/07\/logo.png?fit=960%2C960&ssl=1","contentUrl":"https:\/\/i0.wp.com\/www.vert-intense.com\/wp-content\/uploads\/2023\/07\/logo.png?fit=960%2C960&ssl=1","width":960,"height":960,"caption":"Vert-Intense"},"image":{"@id":"https:\/\/www.vert-intense.com\/#\/schema\/logo\/image\/"},"sameAs":["https:\/\/www.facebook.com\/vertintense","https:\/\/www.tripadvisor.fr\/Attraction_Review-g1644623-d1649481-Reviews-Vert_Intense-Saint_Claude_Basse_Terre_Island_Guadeloupe.html","https:\/\/www.tiktok.com\/@vertintense","https:\/\/www.instagram.com\/vertintenseguadeloupe\/","https:\/\/www.youtube.com\/channel\/UCRymXR1Pa7n50AOgFy9n3bA"]}]},"product_price_amount":"120","product_price_currency":"EUR","og_availability":"instock","product_availability":"instock","product_condition":"new"},"jetpack_sharing_enabled":true,"_links":{"self":[{"href":"https:\/\/www.vert-intense.com\/de\/wp-json\/wp\/v2\/product\/1604"}],"collection":[{"href":"https:\/\/www.vert-intense.com\/de\/wp-json\/wp\/v2\/product"}],"about":[{"href":"https:\/\/www.vert-intense.com\/de\/wp-json\/wp\/v2\/types\/product"}],"wp:featuredmedia":[{"embeddable":true,"href":"https:\/\/www.vert-intense.com\/de\/wp-json\/wp\/v2\/media\/2416"}],"wp:attachment":[{"href":"https:\/\/www.vert-intense.com\/de\/wp-json\/wp\/v2\/media?parent=1604"}],"wp:term":[{"taxonomy":"product_cat","embeddable":true,"href":"https:\/\/www.vert-intense.com\/de\/wp-json\/wp\/v2\/product_cat?post=1604"},{"taxonomy":"product_tag","embeddable":true,"href":"https:\/\/www.vert-intense.com\/de\/wp-json\/wp\/v2\/product_tag?post=1604"}],"curies":[{"name":"wp","href":"https:\/\/api.w.org\/{rel}","templated":true}]}}