{"id":1603,"date":"2023-08-01T16:05:01","date_gmt":"2023-08-01T14:05:01","guid":{"rendered":"http:\/\/xedhqzi.cluster100.hosting.ovh.net\/?post_type=product&#038;p=1603"},"modified":"2025-11-03T13:43:00","modified_gmt":"2025-11-03T17:43:00","slug":"naturzwischenstopp","status":"publish","type":"product","link":"https:\/\/www.vert-intense.com\/de\/aktivitat-guadeloupe\/sportaufenthalte-natur-guadeloupe\/naturzwischenstopp\/","title":{"rendered":"Escale Nature"},"content":{"rendered":"<h3 style=\"text-align: center;\">Escale Nature auf Guadeloupe<\/h3>\n<p>&nbsp;<\/p>\n<p>Eine Nacht bei den Gr\u00fcnen Bananen + eine gef\u00fchrte Wanderung auf den Gipfel des Vulkans La Soufri\u00e8re. Mit diesem Naturaufenthalt auf Guadeloupe bieten wir Ihnen einen Tapetenwechsel, eine Pause in den H\u00f6hen von Basse Terre, um im Rhythmus des tropischen Regenwaldes zu leben.<\/p>\n<p>&nbsp;<\/p>\n<h4>Programmdetails :<\/h4>\n<p>&nbsp;<\/p>\n<ul>\n<li><strong>Tag 1<\/strong><strong> :<\/strong> Einlass bei Gr\u00fcnen Bananen ab 15:00 Uhr. Aush\u00e4ndigung eines Gutscheins f\u00fcr den n\u00e4chsten Tag, Briefing, um Ihnen die Highlights des s\u00fcdlichen Basse Terre zu zeigen...<\/li>\n<\/ul>\n<p>&nbsp;<\/p>\n<ul>\n<li><strong>Tag 2 :<\/strong> Treffpunkt um 7:30 Uhr auf dem Parkplatz der Bains Jaunes zur Besteigung des Vulkans La Soufri\u00e8re. Wanderung ca. 5 Stunden, Ihr Reiseleiter erkl\u00e4rt Ihnen den Vulkanismus und seinen Einfluss auf die Insel. Am Gipfel zeigt er Ihnen die aktivsten Zonen des Vulkans, ausger\u00fcstet mit Ihrer Schutzmaske (wird gestellt).<\/li>\n<\/ul>\n<p>&nbsp;<\/p>\n<ul>\n<li>Der Preis versteht sich f\u00fcr zwei Personen, die sich ein Zimmer teilen. Die Kurtaxe von 0,80 \u20ac pro Nacht und pro Erwachsenem ist zus\u00e4tzlich zu entrichten.<\/li>\n<\/ul>\n<p>&nbsp;<\/p>\n<p>&nbsp;<\/p>","protected":false},"excerpt":{"rendered":"<p>Brauchen Sie einen Tapetenwechsel? Buchen Sie unseren Zwischenstopp in der Natur: eine Nacht in den Bananes Vertes + ein Ausflug zum Canyoning in einem der sch\u00f6nsten Fl\u00fcsse Guadeloupes.  Und genie\u00dfen Sie eine Pause auf den Anh\u00f6hen von Basse-Terre, um im Rhythmus des tropischen Regenwaldes zu leben.<\/p>","protected":false},"featured_media":2572,"template":"","meta":[],"product_cat":[28],"product_tag":[132,126,131,130],"class_list":{"0":"post-1603","1":"product","2":"type-product","3":"status-publish","4":"has-post-thumbnail","6":"product_cat-sejours-sportifs-nature-guadeloupe","7":"product_tag-escale-et-escapade","8":"product_tag-randonnee-bleu-niveau-moyen","9":"product_tag-sejour-multi-sports-guadeloupe","10":"product_tag-sejour-randonnee-liberte","12":"first","13":"instock","14":"virtual","15":"sold-individually","16":"taxable","17":"purchasable","18":"product-type-booking"},"yoast_head":"<!-- This site is optimized with the Yoast SEO Premium plugin v25.3.1 (Yoast SEO v25.3.1) - https:\/\/yoast.com\/wordpress\/plugins\/seo\/ -->\n<title>Escale nature en Guadeloupe: Changez d&#039;Air et Explorez la Nature - Vert Intense<\/title>\n<meta name=\"description\" content=\"Offrez vous notre escale nature en Guadeloupe. D\u00e9couvrez les Bananes Vertes et la Soufri\u00e8re lors d&#039;une randonn\u00e9e guid\u00e9e. R\u00e9servez d\u00e8s maintenant!\" \/>\n<meta name=\"robots\" content=\"index, follow, max-snippet:-1, max-image-preview:large, max-video-preview:-1\" \/>\n<link rel=\"canonical\" href=\"https:\/\/www.vert-intense.com\/de\/aktivitat-guadeloupe\/sportaufenthalte-natur-guadeloupe\/naturzwischenstopp\/\" \/>\n<meta property=\"og:locale\" content=\"de_DE\" \/>\n<meta property=\"og:type\" content=\"article\" \/>\n<meta property=\"og:title\" content=\"Escale Nature\" \/>\n<meta property=\"og:description\" content=\"Offrez vous notre escale nature en Guadeloupe. D\u00e9couvrez les Bananes Vertes et la Soufri\u00e8re lors d&#039;une randonn\u00e9e guid\u00e9e. R\u00e9servez d\u00e8s maintenant!\" \/>\n<meta property=\"og:url\" content=\"https:\/\/www.vert-intense.com\/de\/aktivitat-guadeloupe\/sportaufenthalte-natur-guadeloupe\/naturzwischenstopp\/\" \/>\n<meta property=\"og:site_name\" content=\"Vert Intense\" \/>\n<meta property=\"article:publisher\" content=\"https:\/\/www.facebook.com\/vertintense\" \/>\n<meta property=\"article:modified_time\" content=\"2025-11-03T17:43:00+00:00\" \/>\n<meta property=\"og:image\" content=\"https:\/\/www.vert-intense.com\/wp-content\/uploads\/2023\/12\/laciterne-e1702649162492.jpg\" \/>\n\t<meta property=\"og:image:width\" content=\"1241\" \/>\n\t<meta property=\"og:image:height\" content=\"933\" \/>\n\t<meta property=\"og:image:type\" content=\"image\/jpeg\" \/>\n<meta name=\"twitter:card\" content=\"summary_large_image\" \/>\n<meta name=\"twitter:label1\" content=\"Preis\" \/>\n\t<meta name=\"twitter:data1\" content=\"110&euro;\" \/>\n\t<meta name=\"twitter:label2\" content=\"Verf\u00fcgbarkeit\" \/>\n\t<meta name=\"twitter:data2\" content=\"Auf Lager\" \/>\n<script type=\"application\/ld+json\" class=\"yoast-schema-graph\">{\"@context\":\"https:\/\/schema.org\",\"@graph\":[{\"@type\":\"WebPage\",\"@id\":\"https:\/\/www.vert-intense.com\/activite-guadeloupe\/sejours-sportifs-nature-guadeloupe\/escale-nature\/\",\"url\":\"https:\/\/www.vert-intense.com\/activite-guadeloupe\/sejours-sportifs-nature-guadeloupe\/escale-nature\/\",\"name\":\"Escale nature en Guadeloupe: Changez d'Air et Explorez la Nature - Vert Intense\",\"isPartOf\":{\"@id\":\"https:\/\/www.vert-intense.com\/#website\"},\"primaryImageOfPage\":{\"@id\":\"https:\/\/www.vert-intense.com\/activite-guadeloupe\/sejours-sportifs-nature-guadeloupe\/escale-nature\/#primaryimage\"},\"image\":{\"@id\":\"https:\/\/www.vert-intense.com\/activite-guadeloupe\/sejours-sportifs-nature-guadeloupe\/escale-nature\/#primaryimage\"},\"thumbnailUrl\":\"https:\/\/i0.wp.com\/www.vert-intense.com\/wp-content\/uploads\/2023\/12\/laciterne-e1702649162492.jpg?fit=1241%2C933&ssl=1\",\"datePublished\":\"2023-08-01T14:05:01+00:00\",\"dateModified\":\"2025-11-03T17:43:00+00:00\",\"description\":\"Offrez vous notre escale nature en Guadeloupe. D\u00e9couvrez les Bananes Vertes et la Soufri\u00e8re lors d'une randonn\u00e9e guid\u00e9e. R\u00e9servez d\u00e8s maintenant!\",\"breadcrumb\":{\"@id\":\"https:\/\/www.vert-intense.com\/activite-guadeloupe\/sejours-sportifs-nature-guadeloupe\/escale-nature\/#breadcrumb\"},\"inLanguage\":\"de\",\"potentialAction\":[{\"@type\":\"ReadAction\",\"target\":[\"https:\/\/www.vert-intense.com\/activite-guadeloupe\/sejours-sportifs-nature-guadeloupe\/escale-nature\/\"]}]},{\"@type\":\"ImageObject\",\"inLanguage\":\"de\",\"@id\":\"https:\/\/www.vert-intense.com\/activite-guadeloupe\/sejours-sportifs-nature-guadeloupe\/escale-nature\/#primaryimage\",\"url\":\"https:\/\/i0.wp.com\/www.vert-intense.com\/wp-content\/uploads\/2023\/12\/laciterne-e1702649162492.jpg?fit=1241%2C933&ssl=1\",\"contentUrl\":\"https:\/\/i0.wp.com\/www.vert-intense.com\/wp-content\/uploads\/2023\/12\/laciterne-e1702649162492.jpg?fit=1241%2C933&ssl=1\",\"width\":1241,\"height\":933,\"caption\":\"Volcan de la Citerne, et vue sur les iles des Saintes Guadeloupe\"},{\"@type\":\"BreadcrumbList\",\"@id\":\"https:\/\/www.vert-intense.com\/activite-guadeloupe\/sejours-sportifs-nature-guadeloupe\/escale-nature\/#breadcrumb\",\"itemListElement\":[{\"@type\":\"ListItem\",\"position\":1,\"name\":\"Accueil\",\"item\":\"https:\/\/www.vert-intense.com\/\"},{\"@type\":\"ListItem\",\"position\":2,\"name\":\"Activit\u00e9s nature en Guadeloupe\",\"item\":\"https:\/\/www.vert-intense.com\/\"},{\"@type\":\"ListItem\",\"position\":3,\"name\":\"Escale Nature\"}]},{\"@type\":\"WebSite\",\"@id\":\"https:\/\/www.vert-intense.com\/#website\",\"url\":\"https:\/\/www.vert-intense.com\/\",\"name\":\"Vert-Intense\",\"description\":\"R\u00e9servez vos activit\u00e9s d\u00e9couvertes en Guadeloupe\",\"publisher\":{\"@id\":\"https:\/\/www.vert-intense.com\/#organization\"},\"potentialAction\":[{\"@type\":\"SearchAction\",\"target\":{\"@type\":\"EntryPoint\",\"urlTemplate\":\"https:\/\/www.vert-intense.com\/?s={search_term_string}\"},\"query-input\":{\"@type\":\"PropertyValueSpecification\",\"valueRequired\":true,\"valueName\":\"search_term_string\"}}],\"inLanguage\":\"de\"},{\"@type\":\"Organization\",\"@id\":\"https:\/\/www.vert-intense.com\/#organization\",\"name\":\"Vert-Intense\",\"url\":\"https:\/\/www.vert-intense.com\/\",\"logo\":{\"@type\":\"ImageObject\",\"inLanguage\":\"de\",\"@id\":\"https:\/\/www.vert-intense.com\/#\/schema\/logo\/image\/\",\"url\":\"https:\/\/i0.wp.com\/www.vert-intense.com\/wp-content\/uploads\/2023\/07\/logo.png?fit=960%2C960&ssl=1\",\"contentUrl\":\"https:\/\/i0.wp.com\/www.vert-intense.com\/wp-content\/uploads\/2023\/07\/logo.png?fit=960%2C960&ssl=1\",\"width\":960,\"height\":960,\"caption\":\"Vert-Intense\"},\"image\":{\"@id\":\"https:\/\/www.vert-intense.com\/#\/schema\/logo\/image\/\"},\"sameAs\":[\"https:\/\/www.facebook.com\/vertintense\",\"https:\/\/www.tripadvisor.fr\/Attraction_Review-g1644623-d1649481-Reviews-Vert_Intense-Saint_Claude_Basse_Terre_Island_Guadeloupe.html\",\"https:\/\/www.tiktok.com\/@vertintense\",\"https:\/\/www.instagram.com\/vertintenseguadeloupe\/\",\"https:\/\/www.youtube.com\/channel\/UCRymXR1Pa7n50AOgFy9n3bA\"]}]}<\/script>\n<meta property=\"product:price:amount\" content=\"110\" \/>\n<meta property=\"product:price:currency\" content=\"EUR\" \/>\n<meta property=\"og:availability\" content=\"instock\" \/>\n<meta property=\"product:availability\" content=\"instock\" \/>\n<meta property=\"product:condition\" content=\"new\" \/>\n<!-- \/ Yoast SEO Premium plugin. -->","yoast_head_json":{"title":"Naturreise nach Guadeloupe: Ein Tapetenwechsel und die Erkundung der Natur - Vert Intense","description":"G\u00f6nnen Sie sich unseren Naturstopp auf Guadeloupe. Entdecken Sie die Gr\u00fcnen Bananen und die Soufri\u00e8re auf einer gef\u00fchrten Wanderung. Buchen Sie jetzt!","robots":{"index":"index","follow":"follow","max-snippet":"max-snippet:-1","max-image-preview":"max-image-preview:large","max-video-preview":"max-video-preview:-1"},"canonical":"https:\/\/www.vert-intense.com\/de\/aktivitat-guadeloupe\/sportaufenthalte-natur-guadeloupe\/naturzwischenstopp\/","og_locale":"de_DE","og_type":"article","og_title":"Escale Nature","og_description":"Offrez vous notre escale nature en Guadeloupe. D\u00e9couvrez les Bananes Vertes et la Soufri\u00e8re lors d'une randonn\u00e9e guid\u00e9e. R\u00e9servez d\u00e8s maintenant!","og_url":"https:\/\/www.vert-intense.com\/de\/aktivitat-guadeloupe\/sportaufenthalte-natur-guadeloupe\/naturzwischenstopp\/","og_site_name":"Vert Intense","article_publisher":"https:\/\/www.facebook.com\/vertintense","article_modified_time":"2025-11-03T17:43:00+00:00","og_image":[{"width":1241,"height":933,"url":"https:\/\/www.vert-intense.com\/wp-content\/uploads\/2023\/12\/laciterne-e1702649162492.jpg","type":"image\/jpeg"}],"twitter_card":"summary_large_image","twitter_misc":{"Preis":"110&euro;","Verf\u00fcgbarkeit":"Auf Lager"},"schema":{"@context":"https:\/\/schema.org","@graph":[{"@type":"WebPage","@id":"https:\/\/www.vert-intense.com\/activite-guadeloupe\/sejours-sportifs-nature-guadeloupe\/escale-nature\/","url":"https:\/\/www.vert-intense.com\/activite-guadeloupe\/sejours-sportifs-nature-guadeloupe\/escale-nature\/","name":"Naturreise nach Guadeloupe: Ein Tapetenwechsel und die Erkundung der Natur - Vert Intense","isPartOf":{"@id":"https:\/\/www.vert-intense.com\/#website"},"primaryImageOfPage":{"@id":"https:\/\/www.vert-intense.com\/activite-guadeloupe\/sejours-sportifs-nature-guadeloupe\/escale-nature\/#primaryimage"},"image":{"@id":"https:\/\/www.vert-intense.com\/activite-guadeloupe\/sejours-sportifs-nature-guadeloupe\/escale-nature\/#primaryimage"},"thumbnailUrl":"https:\/\/i0.wp.com\/www.vert-intense.com\/wp-content\/uploads\/2023\/12\/laciterne-e1702649162492.jpg?fit=1241%2C933&ssl=1","datePublished":"2023-08-01T14:05:01+00:00","dateModified":"2025-11-03T17:43:00+00:00","description":"G\u00f6nnen Sie sich unseren Naturstopp auf Guadeloupe. Entdecken Sie die Gr\u00fcnen Bananen und die Soufri\u00e8re auf einer gef\u00fchrten Wanderung. Buchen Sie jetzt!","breadcrumb":{"@id":"https:\/\/www.vert-intense.com\/activite-guadeloupe\/sejours-sportifs-nature-guadeloupe\/escale-nature\/#breadcrumb"},"inLanguage":"de","potentialAction":[{"@type":"ReadAction","target":["https:\/\/www.vert-intense.com\/activite-guadeloupe\/sejours-sportifs-nature-guadeloupe\/escale-nature\/"]}]},{"@type":"ImageObject","inLanguage":"de","@id":"https:\/\/www.vert-intense.com\/activite-guadeloupe\/sejours-sportifs-nature-guadeloupe\/escale-nature\/#primaryimage","url":"https:\/\/i0.wp.com\/www.vert-intense.com\/wp-content\/uploads\/2023\/12\/laciterne-e1702649162492.jpg?fit=1241%2C933&ssl=1","contentUrl":"https:\/\/i0.wp.com\/www.vert-intense.com\/wp-content\/uploads\/2023\/12\/laciterne-e1702649162492.jpg?fit=1241%2C933&ssl=1","width":1241,"height":933,"caption":"Volcan de la Citerne, et vue sur les iles des Saintes Guadeloupe"},{"@type":"BreadcrumbList","@id":"https:\/\/www.vert-intense.com\/activite-guadeloupe\/sejours-sportifs-nature-guadeloupe\/escale-nature\/#breadcrumb","itemListElement":[{"@type":"ListItem","position":1,"name":"Accueil","item":"https:\/\/www.vert-intense.com\/"},{"@type":"ListItem","position":2,"name":"Activit\u00e9s nature en Guadeloupe","item":"https:\/\/www.vert-intense.com\/"},{"@type":"ListItem","position":3,"name":"Escale Nature"}]},{"@type":"WebSite","@id":"https:\/\/www.vert-intense.com\/#website","url":"https:\/\/www.vert-intense.com\/","name":"Gr\u00fcn-Intensiv","description":"Buchen Sie Ihre Entdeckungsreisen in Guadeloupe","publisher":{"@id":"https:\/\/www.vert-intense.com\/#organization"},"potentialAction":[{"@type":"SearchAction","target":{"@type":"EntryPoint","urlTemplate":"https:\/\/www.vert-intense.com\/?s={search_term_string}"},"query-input":{"@type":"PropertyValueSpecification","valueRequired":true,"valueName":"search_term_string"}}],"inLanguage":"de"},{"@type":"Organization","@id":"https:\/\/www.vert-intense.com\/#organization","name":"Gr\u00fcn-Intensiv","url":"https:\/\/www.vert-intense.com\/","logo":{"@type":"ImageObject","inLanguage":"de","@id":"https:\/\/www.vert-intense.com\/#\/schema\/logo\/image\/","url":"https:\/\/i0.wp.com\/www.vert-intense.com\/wp-content\/uploads\/2023\/07\/logo.png?fit=960%2C960&ssl=1","contentUrl":"https:\/\/i0.wp.com\/www.vert-intense.com\/wp-content\/uploads\/2023\/07\/logo.png?fit=960%2C960&ssl=1","width":960,"height":960,"caption":"Vert-Intense"},"image":{"@id":"https:\/\/www.vert-intense.com\/#\/schema\/logo\/image\/"},"sameAs":["https:\/\/www.facebook.com\/vertintense","https:\/\/www.tripadvisor.fr\/Attraction_Review-g1644623-d1649481-Reviews-Vert_Intense-Saint_Claude_Basse_Terre_Island_Guadeloupe.html","https:\/\/www.tiktok.com\/@vertintense","https:\/\/www.instagram.com\/vertintenseguadeloupe\/","https:\/\/www.youtube.com\/channel\/UCRymXR1Pa7n50AOgFy9n3bA"]}]},"product_price_amount":"110","product_price_currency":"EUR","og_availability":"instock","product_availability":"instock","product_condition":"new"},"jetpack_sharing_enabled":true,"_links":{"self":[{"href":"https:\/\/www.vert-intense.com\/de\/wp-json\/wp\/v2\/product\/1603"}],"collection":[{"href":"https:\/\/www.vert-intense.com\/de\/wp-json\/wp\/v2\/product"}],"about":[{"href":"https:\/\/www.vert-intense.com\/de\/wp-json\/wp\/v2\/types\/product"}],"wp:featuredmedia":[{"embeddable":true,"href":"https:\/\/www.vert-intense.com\/de\/wp-json\/wp\/v2\/media\/2572"}],"wp:attachment":[{"href":"https:\/\/www.vert-intense.com\/de\/wp-json\/wp\/v2\/media?parent=1603"}],"wp:term":[{"taxonomy":"product_cat","embeddable":true,"href":"https:\/\/www.vert-intense.com\/de\/wp-json\/wp\/v2\/product_cat?post=1603"},{"taxonomy":"product_tag","embeddable":true,"href":"https:\/\/www.vert-intense.com\/de\/wp-json\/wp\/v2\/product_tag?post=1603"}],"curies":[{"name":"wp","href":"https:\/\/api.w.org\/{rel}","templated":true}]}}