{"id":1591,"date":"2023-08-01T15:44:15","date_gmt":"2023-08-01T13:44:15","guid":{"rendered":"http:\/\/xedhqzi.cluster100.hosting.ovh.net\/?post_type=product&#038;p=1591"},"modified":"2026-04-14T14:39:51","modified_gmt":"2026-04-14T18:39:51","slug":"wanderung-nach-la-soufriere-guadeloupe","status":"publish","type":"product","link":"https:\/\/www.vert-intense.com\/de\/aktivitat-guadeloupe\/wandern-guadeloupe\/wanderung-nach-la-soufriere-guadeloupe\/","title":{"rendered":"Wanderung nach Soufri\u00e8re"},"content":{"rendered":"<h3 style=\"text-align: center;\"><strong>Gef\u00fchrte Wanderung auf den Gipfel des Soufri\u00e8re auf Guadeloupe<\/strong><\/h3>\n<p>&nbsp;<\/p>\n<p><span style=\"font-weight: 400;\">Gef\u00fchrte Wanderung <\/span>auf dem Gipfel des Soufri\u00e8re de Guadeloupe mit einem ausgebildeten F\u00fchrer, kommen Sie der vulkanischen Aktivit\u00e4t so nahe wie m\u00f6glich, ein ungew\u00f6hnliches Wandererlebnis, das Sie sich nicht entgehen lassen sollten.<\/p>\n<p>Gehen Sie auf den Gipfel des Soufri\u00e8re und entdecken Sie einen explosiven, aktiven Vulkan auf Guadeloupe, wo Ihnen Ihr F\u00fchrer den Vulkanismus und seinen Einfluss auf die Insel Guadeloupe erkl\u00e4rt. Und mit Ihrer Gasmaske (wird gestellt) betreten Sie die aktive Zone des Soufri\u00e8re-Vulkans, die f\u00fcr die \u00d6ffentlichkeit nicht zug\u00e4nglich ist, und lassen sich von den Abgr\u00fcnden und den st\u00e4ndigen Fumarolen \u00fcberraschen.<\/p>\n<p>&nbsp;<\/p>\n<h4><b>Ablauf<\/b><\/h4>\n<p>&nbsp;<\/p>\n<p><u><strong>Vorbereitung<\/strong> :<\/u><\/p>\n<p>Ihr Reiseleiter erwartet Sie auf dem Parkplatz der Bains Jaunes in Saint-Claude.  Sobald die Gruppe vollst\u00e4ndig ist, stellt Ihnen Ihr Reiseleiter kurz die Route und den Ablauf Ihrer Wanderung auf den Vulkan Soufri\u00e8re auf Guadeloupe vor. Au\u00dferdem verteilt er an jeden eine Gasmaske.<\/p>\n<p><u><b>Abreise :<\/b><\/u><\/p>\n<p>Zuerst m\u00fcssen Sie den Pas du Roy mit 200 m H\u00f6henunterschied erklimmen, um zum Fu\u00df des Vulkans La Soufri\u00e8re zu gelangen. Danach befinden Sie sich in der Savane \u00e0 Mulets und die Schwierigkeiten beginnen. Danach beginnt der eigentliche Aufstieg an der Flanke des Vulkans La Soufri\u00e8re. Sie befinden sich nun auf einem echten Bergpfad.<\/p>\n<p><u><b>Auf dem Gipfel :<\/b><\/u><\/p>\n<p>Hier sind Sie also auf dem Gipfel des Soufri\u00e8re de Guadeloupe, auf einem Gipfelplateau in 1467 Metern H\u00f6he. Und es ist an der Zeit, sich mit Gasmasken auszustatten. W\u00e4hrend die Fumarolen donnern, werden Sie vom Schwefelgeruch \u00fcberrascht sein, der aus den verschiedenen Kratern str\u00f6mt. Dann ist es Zeit f\u00fcr den Abstieg, und wenn das Wetter es zul\u00e4sst, w\u00e4hlt Ihr F\u00fchrer eine andere Spur, um eine andere Seite des Berges zu entdecken.<\/p>\n<p><u><b>Ankunft :<\/b><\/u><\/p>\n<p>Die Ankunft der gef\u00fchrten Wanderung auf den Gipfel des Soufri\u00e8re de Guadeloupe erfolgt in Les Bains Jaunes, einem Steinbecken, das auf nat\u00fcrliche Weise vom Vulkan des Soufri\u00e8re beheizt wird. Nach dem Aufstieg ist das Bad erholsam!<br \/>\nHier treffen auch die Autos ein und Sie trennen sich von Ihrem Reisef\u00fchrer.<\/p>\n<p>&nbsp;<\/p>\n<h4><b>Informationen zur gef\u00fchrten Wanderung auf den Gipfel des Vulkans La Soufri\u00e8re<\/b><\/h4>\n<ul>\n<li>Bergspur: m\u00e4\u00dfiger technischer Schwierigkeitsgrad<\/li>\n<li>Beschreibung: Bergpfad mit Passagen, die den Gebrauch der H\u00e4nde erfordern<\/li>\n<li>Reiseroute: Guadeloupe Soufri\u00e8re Track<\/li>\n<li>Gesamtdauer: ca. 5 h00<\/li>\n<\/ul>\n<h4><\/h4>\n<p>&nbsp;<\/p>\n<h4><b>Eingeschlossene Leistungen :<\/b><\/h4>\n<ul>\n<li>Zertifizierter Wanderf\u00fchrer, der Ihnen den Vulkanismus, die Flora und Fauna von Guadeloupe erkl\u00e4rt.<\/li>\n<li>Gasmaske<\/li>\n<\/ul>\n<p>&nbsp;<\/p>\n<h4><b>Mitzubringen:<\/b><\/h4>\n<ul>\n<li>Wandertasche und wasserdichte Tasche<\/li>\n<li>Wasservorrat und kleine Snacks<\/li>\n<li>Schuhe, die f\u00fcr Wanderungen vom Typ Trail geeignet sind<\/li>\n<li>Kleidung gegen Regen, warmes Oberteil Typ Fleece, sowie Sonnenschutz<\/li>\n<li>Badeanzug und Handtuch sowie Kleidung zum Wechseln: Auf dem Vulkan regnet es oft.<\/li>\n<\/ul>\n<h4><\/h4>\n<p>&nbsp;<\/p>\n<h4><b>Bedingungen:<\/b><\/h4>\n<ul>\n<li>Mindestalter: 8 Jahre<\/li>\n<li>Eine gute k\u00f6rperliche Eignung haben<\/li>\n<li>Das Wetter auf dem Vulkan kann sich schnell \u00e4ndern, daher sollten Sie alles Notwendige passend zu Ihrer Wanderkleidung einpacken<\/li>\n<\/ul>\n<p>&nbsp;<\/p>\n<p>Im Falle einer wetterbedingten Stornierung werden wir Ihnen einen neuen Termin oder eine R\u00fcckerstattung anbieten.<\/p>\n<h4><\/h4>\n<h4>Vor Ihrer Wanderung :<\/h4>\n<p>Im Allgemeinen empfehlen wir Ihnen, mindestens eine Woche im Voraus zu buchen, insbesondere in der Hochsaison.<\/p>\n<p>Wenn Sie noch mehr erfahren m\u00f6chten, besuchen Sie mit einem Klick unseren Blog : <a href=\"https:\/\/www.vert-intense.com\/de\/besteigung-des-vulkans-la-soufriere-und-seine-geheimnisse-guadeloupe\/\" target=\"_blank\" rel=\"noopener\">Die Soufri\u00e8re<\/a><\/p>\n<p>Haben Sie Kinder? <a href=\"https:\/\/www.vert-intense.com\/de\/der-schwefelvulkan-mit-kindern\/\" target=\"_blank\" rel=\"noopener\">hier sind einige Tipps\u00a0<\/a><\/p>","protected":false},"excerpt":{"rendered":"[xyz-ips snippet=\"sejour-category-spec\"]\n<p class=\"ai-optimize-22\"><span style=\"font-weight: 400;\">Gef\u00fchrte Wanderung <\/span>auf dem Gipfel des Soufri\u00e8re de Guadeloupe mit einem ausgebildeten F\u00fchrer, kommen Sie der vulkanischen Aktivit\u00e4t so nahe wie m\u00f6glich, ein ungew\u00f6hnliches Wandererlebnis, das Sie sich nicht entgehen lassen sollten.<\/p>","protected":false},"featured_media":2334,"template":"","meta":[],"product_cat":[60],"product_tag":[125,127,132],"class_list":{"0":"post-1591","1":"product","2":"type-product","3":"status-publish","4":"has-post-thumbnail","6":"product_cat-randonnee-guadeloupe","7":"product_tag-canyoning-bleu-niveau-moyen","8":"product_tag-canyoning-vert-niveau-facile","9":"product_tag-escale-et-escapade","11":"first","12":"instock","13":"virtual","14":"sold-individually","15":"taxable","16":"purchasable","17":"product-type-booking"},"yoast_head":"<!-- This site is optimized with the Yoast SEO Premium plugin v25.3.1 (Yoast SEO v25.3.1) - https:\/\/yoast.com\/wordpress\/plugins\/seo\/ -->\n<title>Randonn\u00e9e Guid\u00e9e au sommet de la Soufri\u00e8re de Guadeloupe<\/title>\n<meta name=\"description\" content=\"Randonn\u00e9e au sommet de la Soufri\u00e8re de Guadeloupe avec un Guide dipl\u00f4m\u00e9 Approcher au plus pr\u00e8s d l&#039;activit\u00e9, une exp\u00e9rience unique \u00e0 ne pas manquer!\" \/>\n<meta name=\"robots\" content=\"index, follow, max-snippet:-1, max-image-preview:large, max-video-preview:-1\" \/>\n<link rel=\"canonical\" href=\"https:\/\/www.vert-intense.com\/de\/aktivitat-guadeloupe\/wandern-guadeloupe\/wanderung-nach-la-soufriere-guadeloupe\/\" \/>\n<meta property=\"og:locale\" content=\"de_DE\" \/>\n<meta property=\"og:type\" content=\"article\" \/>\n<meta property=\"og:title\" content=\"Randonn\u00e9e au sommet de la Soufri\u00e8re de Guadeloupe : Exp\u00e9rience unique\" \/>\n<meta property=\"og:description\" content=\"D\u00e9couvrez les merveilles de la Soufri\u00e8re de Guadeloupe lors d&#039;une aventure fascinante avec un guide dipl\u00f4m\u00e9. Explorez les fumerolles et les gouffres du volcan actif. R\u00e9servez d\u00e8s maintenant!\" \/>\n<meta property=\"og:url\" content=\"https:\/\/www.vert-intense.com\/de\/aktivitat-guadeloupe\/wandern-guadeloupe\/wanderung-nach-la-soufriere-guadeloupe\/\" \/>\n<meta property=\"og:site_name\" content=\"Vert Intense\" \/>\n<meta property=\"article:publisher\" content=\"https:\/\/www.facebook.com\/vertintense\" \/>\n<meta property=\"article:modified_time\" content=\"2026-04-14T18:39:51+00:00\" \/>\n<meta property=\"og:image\" content=\"https:\/\/www.vert-intense.com\/wp-content\/uploads\/2023\/08\/soufriere_guadeloupe001-e1700262658112.jpg\" \/>\n\t<meta property=\"og:image:width\" content=\"1772\" \/>\n\t<meta property=\"og:image:height\" content=\"1331\" \/>\n\t<meta property=\"og:image:type\" content=\"image\/jpeg\" \/>\n<meta name=\"twitter:card\" content=\"summary_large_image\" \/>\n<meta name=\"twitter:title\" content=\"Randonn\u00e9e au sommet de la Soufri\u00e8re de Guadeloupe Guide dipl\u00f4m\u00e9: Acc\u00e8s privil\u00e9gi\u00e9\" \/>\n<meta name=\"twitter:description\" content=\"Vous r\u00eavez de visiter la zone la plus active de la Soufri\u00e8re? Rejoignez notre randonn\u00e9e guid\u00e9e et explorez les fumerolles et les gouffres du volcan avec un guide dipl\u00f4m\u00e9! \ud83d\udd25\" \/>\n<meta name=\"twitter:image\" content=\"https:\/\/i0.wp.com\/www.vert-intense.com\/wp-content\/uploads\/2024\/07\/SoufEnfPlateau.jpg?fit=1440%2C665&ssl=1\" \/>\n<meta name=\"twitter:label1\" content=\"Preis\" \/>\n\t<meta name=\"twitter:data1\" content=\"55&euro;\" \/>\n\t<meta name=\"twitter:label2\" content=\"Verf\u00fcgbarkeit\" \/>\n\t<meta name=\"twitter:data2\" content=\"Auf Lager\" \/>\n<script type=\"application\/ld+json\" class=\"yoast-schema-graph\">{\"@context\":\"https:\/\/schema.org\",\"@graph\":[{\"@type\":\"WebPage\",\"@id\":\"https:\/\/www.vert-intense.com\/activite-guadeloupe\/randonnee-guadeloupe\/randonnee-a-la-soufriere-guadeloupe\/\",\"url\":\"https:\/\/www.vert-intense.com\/activite-guadeloupe\/randonnee-guadeloupe\/randonnee-a-la-soufriere-guadeloupe\/\",\"name\":\"Randonn\u00e9e Guid\u00e9e au sommet de la Soufri\u00e8re de Guadeloupe\",\"isPartOf\":{\"@id\":\"https:\/\/www.vert-intense.com\/#website\"},\"primaryImageOfPage\":{\"@id\":\"https:\/\/www.vert-intense.com\/activite-guadeloupe\/randonnee-guadeloupe\/randonnee-a-la-soufriere-guadeloupe\/#primaryimage\"},\"image\":{\"@id\":\"https:\/\/www.vert-intense.com\/activite-guadeloupe\/randonnee-guadeloupe\/randonnee-a-la-soufriere-guadeloupe\/#primaryimage\"},\"thumbnailUrl\":\"https:\/\/i0.wp.com\/www.vert-intense.com\/wp-content\/uploads\/2023\/08\/soufriere_guadeloupe001-e1700262658112.jpg?fit=1772%2C1331&ssl=1\",\"datePublished\":\"2023-08-01T13:44:15+00:00\",\"dateModified\":\"2026-04-14T18:39:51+00:00\",\"description\":\"Randonn\u00e9e au sommet de la Soufri\u00e8re de Guadeloupe avec un Guide dipl\u00f4m\u00e9 Approcher au plus pr\u00e8s d l'activit\u00e9, une exp\u00e9rience unique \u00e0 ne pas manquer!\",\"breadcrumb\":{\"@id\":\"https:\/\/www.vert-intense.com\/activite-guadeloupe\/randonnee-guadeloupe\/randonnee-a-la-soufriere-guadeloupe\/#breadcrumb\"},\"inLanguage\":\"de\",\"potentialAction\":[{\"@type\":\"ReadAction\",\"target\":[\"https:\/\/www.vert-intense.com\/activite-guadeloupe\/randonnee-guadeloupe\/randonnee-a-la-soufriere-guadeloupe\/\"]}]},{\"@type\":\"ImageObject\",\"inLanguage\":\"de\",\"@id\":\"https:\/\/www.vert-intense.com\/activite-guadeloupe\/randonnee-guadeloupe\/randonnee-a-la-soufriere-guadeloupe\/#primaryimage\",\"url\":\"https:\/\/i0.wp.com\/www.vert-intense.com\/wp-content\/uploads\/2023\/08\/soufriere_guadeloupe001-e1700262658112.jpg?fit=1772%2C1331&ssl=1\",\"contentUrl\":\"https:\/\/i0.wp.com\/www.vert-intense.com\/wp-content\/uploads\/2023\/08\/soufriere_guadeloupe001-e1700262658112.jpg?fit=1772%2C1331&ssl=1\",\"width\":1772,\"height\":1331,\"caption\":\"La Soufri\u00e8re\"},{\"@type\":\"BreadcrumbList\",\"@id\":\"https:\/\/www.vert-intense.com\/activite-guadeloupe\/randonnee-guadeloupe\/randonnee-a-la-soufriere-guadeloupe\/#breadcrumb\",\"itemListElement\":[{\"@type\":\"ListItem\",\"position\":1,\"name\":\"Accueil\",\"item\":\"https:\/\/www.vert-intense.com\/\"},{\"@type\":\"ListItem\",\"position\":2,\"name\":\"Activit\u00e9s nature en Guadeloupe\",\"item\":\"https:\/\/www.vert-intense.com\/\"},{\"@type\":\"ListItem\",\"position\":3,\"name\":\"Randonn\u00e9e \u00e0 la Soufri\u00e8re\"}]},{\"@type\":\"WebSite\",\"@id\":\"https:\/\/www.vert-intense.com\/#website\",\"url\":\"https:\/\/www.vert-intense.com\/\",\"name\":\"Vert-Intense\",\"description\":\"R\u00e9servez vos activit\u00e9s d\u00e9couvertes en Guadeloupe\",\"publisher\":{\"@id\":\"https:\/\/www.vert-intense.com\/#organization\"},\"potentialAction\":[{\"@type\":\"SearchAction\",\"target\":{\"@type\":\"EntryPoint\",\"urlTemplate\":\"https:\/\/www.vert-intense.com\/?s={search_term_string}\"},\"query-input\":{\"@type\":\"PropertyValueSpecification\",\"valueRequired\":true,\"valueName\":\"search_term_string\"}}],\"inLanguage\":\"de\"},{\"@type\":\"Organization\",\"@id\":\"https:\/\/www.vert-intense.com\/#organization\",\"name\":\"Vert-Intense\",\"url\":\"https:\/\/www.vert-intense.com\/\",\"logo\":{\"@type\":\"ImageObject\",\"inLanguage\":\"de\",\"@id\":\"https:\/\/www.vert-intense.com\/#\/schema\/logo\/image\/\",\"url\":\"https:\/\/i0.wp.com\/www.vert-intense.com\/wp-content\/uploads\/2023\/07\/logo.png?fit=960%2C960&ssl=1\",\"contentUrl\":\"https:\/\/i0.wp.com\/www.vert-intense.com\/wp-content\/uploads\/2023\/07\/logo.png?fit=960%2C960&ssl=1\",\"width\":960,\"height\":960,\"caption\":\"Vert-Intense\"},\"image\":{\"@id\":\"https:\/\/www.vert-intense.com\/#\/schema\/logo\/image\/\"},\"sameAs\":[\"https:\/\/www.facebook.com\/vertintense\",\"https:\/\/www.tripadvisor.fr\/Attraction_Review-g1644623-d1649481-Reviews-Vert_Intense-Saint_Claude_Basse_Terre_Island_Guadeloupe.html\",\"https:\/\/www.tiktok.com\/@vertintense\",\"https:\/\/www.instagram.com\/vertintenseguadeloupe\/\",\"https:\/\/www.youtube.com\/channel\/UCRymXR1Pa7n50AOgFy9n3bA\"]}]}<\/script>\n<meta property=\"product:price:amount\" content=\"55\" \/>\n<meta property=\"product:price:currency\" content=\"EUR\" \/>\n<meta property=\"og:availability\" content=\"instock\" \/>\n<meta property=\"product:availability\" content=\"instock\" \/>\n<meta property=\"product:condition\" content=\"new\" \/>\n<!-- \/ Yoast SEO Premium plugin. -->","yoast_head_json":{"title":"Gef\u00fchrte Wanderung auf den Gipfel des Soufri\u00e8re auf Guadeloupe","description":"Wanderung auf den Gipfel des Soufri\u00e8re de Guadeloupe mit einem qualifizierten F\u00fchrer.","robots":{"index":"index","follow":"follow","max-snippet":"max-snippet:-1","max-image-preview":"max-image-preview:large","max-video-preview":"max-video-preview:-1"},"canonical":"https:\/\/www.vert-intense.com\/de\/aktivitat-guadeloupe\/wandern-guadeloupe\/wanderung-nach-la-soufriere-guadeloupe\/","og_locale":"de_DE","og_type":"article","og_title":"Randonn\u00e9e au sommet de la Soufri\u00e8re de Guadeloupe : Exp\u00e9rience unique","og_description":"D\u00e9couvrez les merveilles de la Soufri\u00e8re de Guadeloupe lors d'une aventure fascinante avec un guide dipl\u00f4m\u00e9. Explorez les fumerolles et les gouffres du volcan actif. R\u00e9servez d\u00e8s maintenant!","og_url":"https:\/\/www.vert-intense.com\/de\/aktivitat-guadeloupe\/wandern-guadeloupe\/wanderung-nach-la-soufriere-guadeloupe\/","og_site_name":"Vert Intense","article_publisher":"https:\/\/www.facebook.com\/vertintense","article_modified_time":"2026-04-14T18:39:51+00:00","og_image":[{"width":1772,"height":1331,"url":"https:\/\/www.vert-intense.com\/wp-content\/uploads\/2023\/08\/soufriere_guadeloupe001-e1700262658112.jpg","type":"image\/jpeg"}],"twitter_card":"summary_large_image","twitter_title":"Randonn\u00e9e au sommet de la Soufri\u00e8re de Guadeloupe Guide dipl\u00f4m\u00e9: Acc\u00e8s privil\u00e9gi\u00e9","twitter_description":"Vous r\u00eavez de visiter la zone la plus active de la Soufri\u00e8re? Rejoignez notre randonn\u00e9e guid\u00e9e et explorez les fumerolles et les gouffres du volcan avec un guide dipl\u00f4m\u00e9! \ud83d\udd25","twitter_image":"https:\/\/i0.wp.com\/www.vert-intense.com\/wp-content\/uploads\/2024\/07\/SoufEnfPlateau.jpg?fit=1440%2C665&ssl=1","twitter_misc":{"Preis":"55&euro;","Verf\u00fcgbarkeit":"Auf Lager"},"schema":{"@context":"https:\/\/schema.org","@graph":[{"@type":"WebPage","@id":"https:\/\/www.vert-intense.com\/activite-guadeloupe\/randonnee-guadeloupe\/randonnee-a-la-soufriere-guadeloupe\/","url":"https:\/\/www.vert-intense.com\/activite-guadeloupe\/randonnee-guadeloupe\/randonnee-a-la-soufriere-guadeloupe\/","name":"Gef\u00fchrte Wanderung auf den Gipfel des Soufri\u00e8re auf Guadeloupe","isPartOf":{"@id":"https:\/\/www.vert-intense.com\/#website"},"primaryImageOfPage":{"@id":"https:\/\/www.vert-intense.com\/activite-guadeloupe\/randonnee-guadeloupe\/randonnee-a-la-soufriere-guadeloupe\/#primaryimage"},"image":{"@id":"https:\/\/www.vert-intense.com\/activite-guadeloupe\/randonnee-guadeloupe\/randonnee-a-la-soufriere-guadeloupe\/#primaryimage"},"thumbnailUrl":"https:\/\/i0.wp.com\/www.vert-intense.com\/wp-content\/uploads\/2023\/08\/soufriere_guadeloupe001-e1700262658112.jpg?fit=1772%2C1331&ssl=1","datePublished":"2023-08-01T13:44:15+00:00","dateModified":"2026-04-14T18:39:51+00:00","description":"Wanderung auf den Gipfel des Soufri\u00e8re de Guadeloupe mit einem qualifizierten F\u00fchrer.","breadcrumb":{"@id":"https:\/\/www.vert-intense.com\/activite-guadeloupe\/randonnee-guadeloupe\/randonnee-a-la-soufriere-guadeloupe\/#breadcrumb"},"inLanguage":"de","potentialAction":[{"@type":"ReadAction","target":["https:\/\/www.vert-intense.com\/activite-guadeloupe\/randonnee-guadeloupe\/randonnee-a-la-soufriere-guadeloupe\/"]}]},{"@type":"ImageObject","inLanguage":"de","@id":"https:\/\/www.vert-intense.com\/activite-guadeloupe\/randonnee-guadeloupe\/randonnee-a-la-soufriere-guadeloupe\/#primaryimage","url":"https:\/\/i0.wp.com\/www.vert-intense.com\/wp-content\/uploads\/2023\/08\/soufriere_guadeloupe001-e1700262658112.jpg?fit=1772%2C1331&ssl=1","contentUrl":"https:\/\/i0.wp.com\/www.vert-intense.com\/wp-content\/uploads\/2023\/08\/soufriere_guadeloupe001-e1700262658112.jpg?fit=1772%2C1331&ssl=1","width":1772,"height":1331,"caption":"La Soufri\u00e8re"},{"@type":"BreadcrumbList","@id":"https:\/\/www.vert-intense.com\/activite-guadeloupe\/randonnee-guadeloupe\/randonnee-a-la-soufriere-guadeloupe\/#breadcrumb","itemListElement":[{"@type":"ListItem","position":1,"name":"Accueil","item":"https:\/\/www.vert-intense.com\/"},{"@type":"ListItem","position":2,"name":"Activit\u00e9s nature en Guadeloupe","item":"https:\/\/www.vert-intense.com\/"},{"@type":"ListItem","position":3,"name":"Randonn\u00e9e \u00e0 la Soufri\u00e8re"}]},{"@type":"WebSite","@id":"https:\/\/www.vert-intense.com\/#website","url":"https:\/\/www.vert-intense.com\/","name":"Gr\u00fcn-Intensiv","description":"Buchen Sie Ihre Entdeckungsreisen in Guadeloupe","publisher":{"@id":"https:\/\/www.vert-intense.com\/#organization"},"potentialAction":[{"@type":"SearchAction","target":{"@type":"EntryPoint","urlTemplate":"https:\/\/www.vert-intense.com\/?s={search_term_string}"},"query-input":{"@type":"PropertyValueSpecification","valueRequired":true,"valueName":"search_term_string"}}],"inLanguage":"de"},{"@type":"Organization","@id":"https:\/\/www.vert-intense.com\/#organization","name":"Gr\u00fcn-Intensiv","url":"https:\/\/www.vert-intense.com\/","logo":{"@type":"ImageObject","inLanguage":"de","@id":"https:\/\/www.vert-intense.com\/#\/schema\/logo\/image\/","url":"https:\/\/i0.wp.com\/www.vert-intense.com\/wp-content\/uploads\/2023\/07\/logo.png?fit=960%2C960&ssl=1","contentUrl":"https:\/\/i0.wp.com\/www.vert-intense.com\/wp-content\/uploads\/2023\/07\/logo.png?fit=960%2C960&ssl=1","width":960,"height":960,"caption":"Vert-Intense"},"image":{"@id":"https:\/\/www.vert-intense.com\/#\/schema\/logo\/image\/"},"sameAs":["https:\/\/www.facebook.com\/vertintense","https:\/\/www.tripadvisor.fr\/Attraction_Review-g1644623-d1649481-Reviews-Vert_Intense-Saint_Claude_Basse_Terre_Island_Guadeloupe.html","https:\/\/www.tiktok.com\/@vertintense","https:\/\/www.instagram.com\/vertintenseguadeloupe\/","https:\/\/www.youtube.com\/channel\/UCRymXR1Pa7n50AOgFy9n3bA"]}]},"product_price_amount":"55","product_price_currency":"EUR","og_availability":"instock","product_availability":"instock","product_condition":"new"},"jetpack_sharing_enabled":true,"_links":{"self":[{"href":"https:\/\/www.vert-intense.com\/de\/wp-json\/wp\/v2\/product\/1591"}],"collection":[{"href":"https:\/\/www.vert-intense.com\/de\/wp-json\/wp\/v2\/product"}],"about":[{"href":"https:\/\/www.vert-intense.com\/de\/wp-json\/wp\/v2\/types\/product"}],"wp:featuredmedia":[{"embeddable":true,"href":"https:\/\/www.vert-intense.com\/de\/wp-json\/wp\/v2\/media\/2334"}],"wp:attachment":[{"href":"https:\/\/www.vert-intense.com\/de\/wp-json\/wp\/v2\/media?parent=1591"}],"wp:term":[{"taxonomy":"product_cat","embeddable":true,"href":"https:\/\/www.vert-intense.com\/de\/wp-json\/wp\/v2\/product_cat?post=1591"},{"taxonomy":"product_tag","embeddable":true,"href":"https:\/\/www.vert-intense.com\/de\/wp-json\/wp\/v2\/product_tag?post=1591"}],"curies":[{"name":"wp","href":"https:\/\/api.w.org\/{rel}","templated":true}]}}