{"id":1590,"date":"2023-08-01T15:43:36","date_gmt":"2023-08-01T13:43:36","guid":{"rendered":"http:\/\/xedhqzi.cluster100.hosting.ovh.net\/?post_type=product&#038;p=1590"},"modified":"2026-04-14T11:04:53","modified_gmt":"2026-04-14T15:04:53","slug":"canyon-bois-malaise","status":"publish","type":"product","link":"https:\/\/www.vert-intense.com\/de\/aktivitat-guadeloupe\/canyoning-guadeloupe\/canyon-bois-malaise\/","title":{"rendered":"Canyon Bois Malais\u00e9"},"content":{"rendered":"<ul>\n<li style=\"text-align: center;\">Canyon Bois Malais\u00e9 in Guadeloupe<\/li>\n<\/ul>\n<p>&nbsp;<\/p>\n<p>Entdecken Sie den Canyon de Bois Malais\u00e9 auf Guadeloupe mit seinen beeindruckenden Abseilstellen im Herzen des Regenwaldes!<\/p>\n<p>Der Canyon de Bois Malais\u00e9 liegt im S\u00fcden von Basse-Terre, in der N\u00e4he des Cousteau-Reservats und vor den Toren des Nationalparks von Guadeloupe: Der Rahmen ist gesetzt, der Canyoning-Ausflug verspricht idyllisch zu werden! Und aufregend: Es erwarten Sie Spr\u00fcnge und Rutschen sowie <strong>5 Abseilen, davon zwei \u00fcber 30 Meter<\/strong>.<\/p>\n<p>Die Strecke verl\u00e4uft im Wasser und bietet sch\u00f6ne Eindr\u00fccke. Eine sehr gute Wahl, wenn Sie schon einmal Canyoning betrieben haben und in sehr guter k\u00f6rperlicher Verfassung sind.<\/p>\n<p>&nbsp;<\/p>\n<h4><b>Ablauf<\/b><br \/>\n<u><b><\/b><\/u><\/h4>\n<p><u><b>Vorbereitung :<\/b><\/u><br \/>\nWir erwarten Sie in der Gemeinde Bouillante, die genaue Geolokalisierung des Treffpunkts wird Ihnen nat\u00fcrlich zugeschickt. Nach einer kurzen Fahrt mit dem Auto erreichen wir den Startpunkt. Dann ist es an der Zeit, Ihre Rucks\u00e4cke mit der gesamten Ausr\u00fcstung zu packen, die Sie f\u00fcr den Canyon Bois Malais\u00e9 ben\u00f6tigen und die wir Ihnen zur Verf\u00fcgung stellen. Und auch wenn Sie sich in Guadeloupe befinden, ist ein langer Neoprenanzug erforderlich.<\/p>\n<p><u><b>T\u00e4tigkeit :<\/b><\/u><br \/>\nDanach beginnen wir mit dem 60-min\u00fctigen Anmarsch zu unserem Ausgangspunkt im Fluss. Nun ist es an der Zeit, unsere Anz\u00fcge anzuziehen. Wir befinden uns direkt an der Spitze eines 20 m hohen Wasserfalls, der auf einer wundersch\u00f6nen vulkanischen Platte liegt. Dann geht es los: 5,5 Stunden Flussfahrt mit Abseilen und Spr\u00fcngen!<\/p>\n<p><u><b>Anreise:<\/b><\/u><br \/>\nUnd so geht es weiter, nur noch 30 Minuten leichter Fu\u00dfmarsch zur\u00fcck zum Auto und dann lassen wir Sie gehen, den Kopf noch voller Erinnerungen!<\/p>\n<p>&nbsp;<\/p>\n<h4><b>Informationen \u00fcber die Strecke<\/b><\/h4>\n<ul>\n<li>Fluss: Fluss Bois Malais\u00e9 (technische Schwierigkeit: Stufe Schwarz sehr schwierig)<\/li>\n<li>Beschreibung: Der Rivi\u00e8re bois Malais\u00e9 schl\u00e4ngelt sich durch einen wundersch\u00f6nen tropischen Regenwald und bietet einen 100 % Naturausflug.<\/li>\n<li>Route: Sektor Bouillante<\/li>\n<li>Gesamtdauer: 7 bis 8 Stunden<\/li>\n<li>Zeit in der Schlucht: 5,5 Stunden<\/li>\n<li>Abseilh\u00f6he: bis zu 30 m<\/li>\n<\/ul>\n<p>&nbsp;<\/p>\n<h4><b>Inbegriffene Dienstleistungen<\/b><\/h4>\n<ul>\n<li>Komplette Canyoning-Ausr\u00fcstung (langer Neoprenanzug, Helm)<\/li>\n<li>Hochwertige Klettergurte und spezifisches Material<\/li>\n<li>Zertifizierter Canyoning-F\u00fchrer<\/li>\n<\/ul>\n<p>&nbsp;<\/p>\n<h4><b>Mitzubringen<\/b><\/h4>\n<ul>\n<li>Badeanzug,<\/li>\n<li>Wanderschuhe oder Turnschuhe<\/li>\n<li>Brillenkordel<\/li>\n<li>Transportabler Casse Croute<\/li>\n<li>Wasser<\/li>\n<\/ul>\n<p>&nbsp;<\/p>\n<p><b>Bedingungen<\/b><\/p>\n<ul>\n<li>Schon einmal Canyoning betrieben haben<\/li>\n<li>Mindestalter: 16 Jahre<\/li>\n<li>K\u00f6rperliche Eignung<\/li>\n<li>Schwimmen k\u00f6nnen<\/li>\n<\/ul>\n<p>&nbsp;<\/p>\n<p>Aufgrund schlechten Wetters kann es sein, dass Ihnen ein anderes Datum oder eine R\u00fcckerstattung angeboten wird (selten, aber es kommt vor!).<\/p>\n<p>&nbsp;<\/p>\n<p>F\u00fcr weitere Informationen lesen Sie unseren Blog auf<a href=\"https:\/\/www.vert-intense.com\/de\/canyon-bois-malaise-in-guadeloupe\/\"> Malaiisches Holz<\/a> !<\/p>","protected":false},"excerpt":{"rendered":"<p class=\"ai-optimize-22\">Entdecken Sie den Canyon de Bois Malais\u00e9 auf Guadeloupe mit seinen beeindruckenden Abseilstellen im Herzen des Regenwaldes!<\/p>","protected":false},"featured_media":2369,"template":"","meta":[],"product_cat":[24],"product_tag":[129,128,126],"class_list":{"0":"post-1590","1":"product","2":"type-product","3":"status-publish","4":"has-post-thumbnail","6":"product_cat-canyoning-guadeloupe","7":"product_tag-canyoning-noir-niveau-tres-difficile","8":"product_tag-canyoning-rouge-niveau-difficile","9":"product_tag-randonnee-bleu-niveau-moyen","11":"first","12":"instock","13":"virtual","14":"sold-individually","15":"taxable","16":"purchasable","17":"product-type-booking"},"yoast_head":"<!-- This site is optimized with the Yoast SEO Premium plugin v25.3.1 (Yoast SEO v25.3.1) - https:\/\/yoast.com\/wordpress\/plugins\/seo\/ -->\n<title>Canyon Bois Malais\u00e9 en Guadeloupe : Une aventure vertigineuse ! - Vert Intense<\/title>\n<meta name=\"description\" content=\"Explorez le Canyon de Bois Malais\u00e9 en Guadeloupe avec ses descentes en rappel \u00e0 couper le souffle. Une exp\u00e9rience unique au c\u0153ur de la for\u00eat tropicale!\" \/>\n<meta name=\"robots\" content=\"index, follow, max-snippet:-1, max-image-preview:large, max-video-preview:-1\" \/>\n<link rel=\"canonical\" href=\"https:\/\/www.vert-intense.com\/de\/aktivitat-guadeloupe\/canyoning-guadeloupe\/canyon-bois-malaise\/\" \/>\n<meta property=\"og:locale\" content=\"de_DE\" \/>\n<meta property=\"og:type\" content=\"article\" \/>\n<meta property=\"og:title\" content=\"Canyon Bois Malais\u00e9\" \/>\n<meta property=\"og:description\" content=\"Explorez le Canyon de Bois Malais\u00e9 en Guadeloupe avec ses descentes en rappel \u00e0 couper le souffle. Une exp\u00e9rience unique au c\u0153ur de la for\u00eat tropicale!\" \/>\n<meta property=\"og:url\" content=\"https:\/\/www.vert-intense.com\/de\/aktivitat-guadeloupe\/canyoning-guadeloupe\/canyon-bois-malaise\/\" \/>\n<meta property=\"og:site_name\" content=\"Vert Intense\" \/>\n<meta property=\"article:publisher\" content=\"https:\/\/www.facebook.com\/vertintense\" \/>\n<meta property=\"article:modified_time\" content=\"2026-04-14T15:04:53+00:00\" \/>\n<meta property=\"og:image\" content=\"https:\/\/www.vert-intense.com\/wp-content\/uploads\/2023\/08\/GOPR1888-e1700262149566.jpg\" \/>\n\t<meta property=\"og:image:width\" content=\"1299\" \/>\n\t<meta property=\"og:image:height\" content=\"976\" \/>\n\t<meta property=\"og:image:type\" content=\"image\/jpeg\" \/>\n<meta name=\"twitter:card\" content=\"summary_large_image\" \/>\n<meta name=\"twitter:label1\" content=\"Preis\" \/>\n\t<meta name=\"twitter:data1\" content=\"95&euro;\" \/>\n\t<meta name=\"twitter:label2\" content=\"Verf\u00fcgbarkeit\" \/>\n\t<meta name=\"twitter:data2\" content=\"Auf Lager\" \/>\n<script type=\"application\/ld+json\" class=\"yoast-schema-graph\">{\"@context\":\"https:\/\/schema.org\",\"@graph\":[{\"@type\":\"WebPage\",\"@id\":\"https:\/\/www.vert-intense.com\/activite-guadeloupe\/canyoning-guadeloupe\/canyon-bois-malaise\/\",\"url\":\"https:\/\/www.vert-intense.com\/activite-guadeloupe\/canyoning-guadeloupe\/canyon-bois-malaise\/\",\"name\":\"Canyon Bois Malais\u00e9 en Guadeloupe : Une aventure vertigineuse ! - Vert Intense\",\"isPartOf\":{\"@id\":\"https:\/\/www.vert-intense.com\/#website\"},\"primaryImageOfPage\":{\"@id\":\"https:\/\/www.vert-intense.com\/activite-guadeloupe\/canyoning-guadeloupe\/canyon-bois-malaise\/#primaryimage\"},\"image\":{\"@id\":\"https:\/\/www.vert-intense.com\/activite-guadeloupe\/canyoning-guadeloupe\/canyon-bois-malaise\/#primaryimage\"},\"thumbnailUrl\":\"https:\/\/i0.wp.com\/www.vert-intense.com\/wp-content\/uploads\/2023\/08\/GOPR1888-e1700262149566.jpg?fit=1299%2C976&ssl=1\",\"datePublished\":\"2023-08-01T13:43:36+00:00\",\"dateModified\":\"2026-04-14T15:04:53+00:00\",\"description\":\"Explorez le Canyon de Bois Malais\u00e9 en Guadeloupe avec ses descentes en rappel \u00e0 couper le souffle. Une exp\u00e9rience unique au c\u0153ur de la for\u00eat tropicale!\",\"breadcrumb\":{\"@id\":\"https:\/\/www.vert-intense.com\/activite-guadeloupe\/canyoning-guadeloupe\/canyon-bois-malaise\/#breadcrumb\"},\"inLanguage\":\"de\",\"potentialAction\":[{\"@type\":\"ReadAction\",\"target\":[\"https:\/\/www.vert-intense.com\/activite-guadeloupe\/canyoning-guadeloupe\/canyon-bois-malaise\/\"]}]},{\"@type\":\"ImageObject\",\"inLanguage\":\"de\",\"@id\":\"https:\/\/www.vert-intense.com\/activite-guadeloupe\/canyoning-guadeloupe\/canyon-bois-malaise\/#primaryimage\",\"url\":\"https:\/\/i0.wp.com\/www.vert-intense.com\/wp-content\/uploads\/2023\/08\/GOPR1888-e1700262149566.jpg?fit=1299%2C976&ssl=1\",\"contentUrl\":\"https:\/\/i0.wp.com\/www.vert-intense.com\/wp-content\/uploads\/2023\/08\/GOPR1888-e1700262149566.jpg?fit=1299%2C976&ssl=1\",\"width\":1299,\"height\":976,\"caption\":\"canyon Bois Malais\u00e9 Guadeloupe\"},{\"@type\":\"BreadcrumbList\",\"@id\":\"https:\/\/www.vert-intense.com\/activite-guadeloupe\/canyoning-guadeloupe\/canyon-bois-malaise\/#breadcrumb\",\"itemListElement\":[{\"@type\":\"ListItem\",\"position\":1,\"name\":\"Accueil\",\"item\":\"https:\/\/www.vert-intense.com\/\"},{\"@type\":\"ListItem\",\"position\":2,\"name\":\"Activit\u00e9s nature en Guadeloupe\",\"item\":\"https:\/\/www.vert-intense.com\/\"},{\"@type\":\"ListItem\",\"position\":3,\"name\":\"Canyon Bois Malais\u00e9\"}]},{\"@type\":\"WebSite\",\"@id\":\"https:\/\/www.vert-intense.com\/#website\",\"url\":\"https:\/\/www.vert-intense.com\/\",\"name\":\"Vert-Intense\",\"description\":\"R\u00e9servez vos activit\u00e9s d\u00e9couvertes en Guadeloupe\",\"publisher\":{\"@id\":\"https:\/\/www.vert-intense.com\/#organization\"},\"potentialAction\":[{\"@type\":\"SearchAction\",\"target\":{\"@type\":\"EntryPoint\",\"urlTemplate\":\"https:\/\/www.vert-intense.com\/?s={search_term_string}\"},\"query-input\":{\"@type\":\"PropertyValueSpecification\",\"valueRequired\":true,\"valueName\":\"search_term_string\"}}],\"inLanguage\":\"de\"},{\"@type\":\"Organization\",\"@id\":\"https:\/\/www.vert-intense.com\/#organization\",\"name\":\"Vert-Intense\",\"url\":\"https:\/\/www.vert-intense.com\/\",\"logo\":{\"@type\":\"ImageObject\",\"inLanguage\":\"de\",\"@id\":\"https:\/\/www.vert-intense.com\/#\/schema\/logo\/image\/\",\"url\":\"https:\/\/i0.wp.com\/www.vert-intense.com\/wp-content\/uploads\/2023\/07\/logo.png?fit=960%2C960&ssl=1\",\"contentUrl\":\"https:\/\/i0.wp.com\/www.vert-intense.com\/wp-content\/uploads\/2023\/07\/logo.png?fit=960%2C960&ssl=1\",\"width\":960,\"height\":960,\"caption\":\"Vert-Intense\"},\"image\":{\"@id\":\"https:\/\/www.vert-intense.com\/#\/schema\/logo\/image\/\"},\"sameAs\":[\"https:\/\/www.facebook.com\/vertintense\",\"https:\/\/www.tripadvisor.fr\/Attraction_Review-g1644623-d1649481-Reviews-Vert_Intense-Saint_Claude_Basse_Terre_Island_Guadeloupe.html\",\"https:\/\/www.tiktok.com\/@vertintense\",\"https:\/\/www.instagram.com\/vertintenseguadeloupe\/\",\"https:\/\/www.youtube.com\/channel\/UCRymXR1Pa7n50AOgFy9n3bA\"]}]}<\/script>\n<meta property=\"product:price:amount\" content=\"95\" \/>\n<meta property=\"product:price:currency\" content=\"EUR\" \/>\n<meta property=\"og:availability\" content=\"instock\" \/>\n<meta property=\"product:availability\" content=\"instock\" \/>\n<meta property=\"product:condition\" content=\"new\" \/>\n<!-- \/ Yoast SEO Premium plugin. -->","yoast_head_json":{"title":"Canyon Bois Malais\u00e9 auf Guadeloupe: Ein schwindelerregendes Abenteuer! - Intensives Gr\u00fcn","description":"Erkunden Sie den Canyon de Bois Malais\u00e9 auf Guadeloupe mit seinen atemberaubenden Abseilstellen. Ein einzigartiges Erlebnis im Herzen des Regenwaldes!","robots":{"index":"index","follow":"follow","max-snippet":"max-snippet:-1","max-image-preview":"max-image-preview:large","max-video-preview":"max-video-preview:-1"},"canonical":"https:\/\/www.vert-intense.com\/de\/aktivitat-guadeloupe\/canyoning-guadeloupe\/canyon-bois-malaise\/","og_locale":"de_DE","og_type":"article","og_title":"Canyon Bois Malais\u00e9","og_description":"Explorez le Canyon de Bois Malais\u00e9 en Guadeloupe avec ses descentes en rappel \u00e0 couper le souffle. Une exp\u00e9rience unique au c\u0153ur de la for\u00eat tropicale!","og_url":"https:\/\/www.vert-intense.com\/de\/aktivitat-guadeloupe\/canyoning-guadeloupe\/canyon-bois-malaise\/","og_site_name":"Vert Intense","article_publisher":"https:\/\/www.facebook.com\/vertintense","article_modified_time":"2026-04-14T15:04:53+00:00","og_image":[{"width":1299,"height":976,"url":"https:\/\/www.vert-intense.com\/wp-content\/uploads\/2023\/08\/GOPR1888-e1700262149566.jpg","type":"image\/jpeg"}],"twitter_card":"summary_large_image","twitter_misc":{"Preis":"95&euro;","Verf\u00fcgbarkeit":"Auf Lager"},"schema":{"@context":"https:\/\/schema.org","@graph":[{"@type":"WebPage","@id":"https:\/\/www.vert-intense.com\/activite-guadeloupe\/canyoning-guadeloupe\/canyon-bois-malaise\/","url":"https:\/\/www.vert-intense.com\/activite-guadeloupe\/canyoning-guadeloupe\/canyon-bois-malaise\/","name":"Canyon Bois Malais\u00e9 auf Guadeloupe: Ein schwindelerregendes Abenteuer! - Intensives Gr\u00fcn","isPartOf":{"@id":"https:\/\/www.vert-intense.com\/#website"},"primaryImageOfPage":{"@id":"https:\/\/www.vert-intense.com\/activite-guadeloupe\/canyoning-guadeloupe\/canyon-bois-malaise\/#primaryimage"},"image":{"@id":"https:\/\/www.vert-intense.com\/activite-guadeloupe\/canyoning-guadeloupe\/canyon-bois-malaise\/#primaryimage"},"thumbnailUrl":"https:\/\/i0.wp.com\/www.vert-intense.com\/wp-content\/uploads\/2023\/08\/GOPR1888-e1700262149566.jpg?fit=1299%2C976&ssl=1","datePublished":"2023-08-01T13:43:36+00:00","dateModified":"2026-04-14T15:04:53+00:00","description":"Erkunden Sie den Canyon de Bois Malais\u00e9 auf Guadeloupe mit seinen atemberaubenden Abseilstellen. Ein einzigartiges Erlebnis im Herzen des Regenwaldes!","breadcrumb":{"@id":"https:\/\/www.vert-intense.com\/activite-guadeloupe\/canyoning-guadeloupe\/canyon-bois-malaise\/#breadcrumb"},"inLanguage":"de","potentialAction":[{"@type":"ReadAction","target":["https:\/\/www.vert-intense.com\/activite-guadeloupe\/canyoning-guadeloupe\/canyon-bois-malaise\/"]}]},{"@type":"ImageObject","inLanguage":"de","@id":"https:\/\/www.vert-intense.com\/activite-guadeloupe\/canyoning-guadeloupe\/canyon-bois-malaise\/#primaryimage","url":"https:\/\/i0.wp.com\/www.vert-intense.com\/wp-content\/uploads\/2023\/08\/GOPR1888-e1700262149566.jpg?fit=1299%2C976&ssl=1","contentUrl":"https:\/\/i0.wp.com\/www.vert-intense.com\/wp-content\/uploads\/2023\/08\/GOPR1888-e1700262149566.jpg?fit=1299%2C976&ssl=1","width":1299,"height":976,"caption":"canyon Bois Malais\u00e9 Guadeloupe"},{"@type":"BreadcrumbList","@id":"https:\/\/www.vert-intense.com\/activite-guadeloupe\/canyoning-guadeloupe\/canyon-bois-malaise\/#breadcrumb","itemListElement":[{"@type":"ListItem","position":1,"name":"Accueil","item":"https:\/\/www.vert-intense.com\/"},{"@type":"ListItem","position":2,"name":"Activit\u00e9s nature en Guadeloupe","item":"https:\/\/www.vert-intense.com\/"},{"@type":"ListItem","position":3,"name":"Canyon Bois Malais\u00e9"}]},{"@type":"WebSite","@id":"https:\/\/www.vert-intense.com\/#website","url":"https:\/\/www.vert-intense.com\/","name":"Gr\u00fcn-Intensiv","description":"Buchen Sie Ihre Entdeckungsreisen in Guadeloupe","publisher":{"@id":"https:\/\/www.vert-intense.com\/#organization"},"potentialAction":[{"@type":"SearchAction","target":{"@type":"EntryPoint","urlTemplate":"https:\/\/www.vert-intense.com\/?s={search_term_string}"},"query-input":{"@type":"PropertyValueSpecification","valueRequired":true,"valueName":"search_term_string"}}],"inLanguage":"de"},{"@type":"Organization","@id":"https:\/\/www.vert-intense.com\/#organization","name":"Gr\u00fcn-Intensiv","url":"https:\/\/www.vert-intense.com\/","logo":{"@type":"ImageObject","inLanguage":"de","@id":"https:\/\/www.vert-intense.com\/#\/schema\/logo\/image\/","url":"https:\/\/i0.wp.com\/www.vert-intense.com\/wp-content\/uploads\/2023\/07\/logo.png?fit=960%2C960&ssl=1","contentUrl":"https:\/\/i0.wp.com\/www.vert-intense.com\/wp-content\/uploads\/2023\/07\/logo.png?fit=960%2C960&ssl=1","width":960,"height":960,"caption":"Vert-Intense"},"image":{"@id":"https:\/\/www.vert-intense.com\/#\/schema\/logo\/image\/"},"sameAs":["https:\/\/www.facebook.com\/vertintense","https:\/\/www.tripadvisor.fr\/Attraction_Review-g1644623-d1649481-Reviews-Vert_Intense-Saint_Claude_Basse_Terre_Island_Guadeloupe.html","https:\/\/www.tiktok.com\/@vertintense","https:\/\/www.instagram.com\/vertintenseguadeloupe\/","https:\/\/www.youtube.com\/channel\/UCRymXR1Pa7n50AOgFy9n3bA"]}]},"product_price_amount":"95","product_price_currency":"EUR","og_availability":"instock","product_availability":"instock","product_condition":"new"},"jetpack_sharing_enabled":true,"_links":{"self":[{"href":"https:\/\/www.vert-intense.com\/de\/wp-json\/wp\/v2\/product\/1590"}],"collection":[{"href":"https:\/\/www.vert-intense.com\/de\/wp-json\/wp\/v2\/product"}],"about":[{"href":"https:\/\/www.vert-intense.com\/de\/wp-json\/wp\/v2\/types\/product"}],"wp:featuredmedia":[{"embeddable":true,"href":"https:\/\/www.vert-intense.com\/de\/wp-json\/wp\/v2\/media\/2369"}],"wp:attachment":[{"href":"https:\/\/www.vert-intense.com\/de\/wp-json\/wp\/v2\/media?parent=1590"}],"wp:term":[{"taxonomy":"product_cat","embeddable":true,"href":"https:\/\/www.vert-intense.com\/de\/wp-json\/wp\/v2\/product_cat?post=1590"},{"taxonomy":"product_tag","embeddable":true,"href":"https:\/\/www.vert-intense.com\/de\/wp-json\/wp\/v2\/product_tag?post=1590"}],"curies":[{"name":"wp","href":"https:\/\/api.w.org\/{rel}","templated":true}]}}