{"id":1589,"date":"2023-08-01T15:43:12","date_gmt":"2023-08-01T13:43:12","guid":{"rendered":"http:\/\/xedhqzi.cluster100.hosting.ovh.net\/?post_type=product&#038;p=1589"},"modified":"2025-12-11T08:30:13","modified_gmt":"2025-12-11T12:30:13","slug":"canyon-fahre","status":"publish","type":"product","link":"https:\/\/www.vert-intense.com\/de\/aktivitat-guadeloupe\/canyoning-guadeloupe\/canyon-fahre\/","title":{"rendered":"Canyon F\u00e4hre"},"content":{"rendered":"<p><strong>UN ARRETE MUNICIPAL INTERDIT ACTUELLEMENT LA PRATIQUE DU CANYONING DANS LA RIVIERE FERRY<\/strong>.\u00a0Nous vous invitons \u00e0 r\u00e9server le canyon Vauchelet dans le m\u00eame niveau de difficult\u00e9.<\/p>\n<h3><\/h3>\n<p>&nbsp;<\/p>\n<p>&nbsp;<\/p>\n<h3 style=\"text-align: center;\">Canyon Ferry in Guadeloupe<\/h3>\n<p>&nbsp;<\/p>\n<p>Gehen Sie auf Guadeloupe auf Entdeckungsreise mit der Canyon-F\u00e4hre. Spr\u00fcnge, Rutschen und Abseilen erwarten Sie und sorgen f\u00fcr unvergessliche Eindr\u00fccke!<\/p>\n<p>Der Ferry Canyon auf Guadeloupe befindet sich im Norden von Basse-Terre, in der N\u00e4he der Gemeinde Deshaies. Spr\u00fcnge, Rutschen und <strong>5 descentes en rappel dont une de 20 m<\/strong>werden Sie begeistern. Der Parcours besteht aus Wasser und bietet sch\u00f6ne Erlebnisse. Eine gute Wahl f\u00fcr einen Ausflug mit Freunden oder Teenagern. Z\u00f6gern Sie also nicht l\u00e4nger und buchen Sie, um eine unvergessliche Zeit zu verbringen!<\/p>\n<p>&nbsp;<\/p>\n<h4><b>Ablauf<\/b><br \/>\n<u><b><\/b><\/u><\/h4>\n<p><u><b>Vorbereitung :<\/b><\/u><br \/>\nWir erwarten Sie am Eingang des Botanischen Gartens von Deshaies, die Geolokalisierung wird Ihnen nat\u00fcrlich zugeschickt! Nach einer kurzen Fahrt, bei der wir uns gegenseitig im Auto folgen, erreichen wir Le Morne Mazeau. Und hier werden wir Sie mit der gesamten Ausr\u00fcstung ausstatten, die Sie f\u00fcr die Canyoning-F\u00e4hre ben\u00f6tigen. Selbst wenn Sie sich auf Guadeloupe befinden, ist der lange Neoprenanzug erforderlich.<\/p>\n<p><u><b>T\u00e4tigkeit :<\/b><\/u><br \/>\nWir beginnen mit einem 40-min\u00fctigen Anmarsch, der bergab f\u00fchrt, ohne gro\u00dfe Schwierigkeiten, abgesehen von ein paar Rutschpartien, bis zu unserem Startpunkt im Fluss. Dann erreichen wir den Ausgangspunkt, also warten wir nicht l\u00e4nger und fangen an! Vor uns liegen dreieinhalb Stunden voller Abseilen, Spr\u00fcnge und Rutschen. Die Spr\u00fcnge sind nicht obligatorisch oder k\u00f6nnen wiederholt werden, ganz wie Sie m\u00f6chten.<\/p>\n<p><u><b>Anreise:<\/b><\/u><br \/>\nUnd hier sind wir nun am Ende der Canyon-F\u00e4hre, es sind nur noch 5 Minuten bis zum Auto und dann lassen wir Sie los, den Kopf voller Erinnerungen!<\/p>\n<p>&nbsp;<\/p>\n<h4><b>Informationen \u00fcber die Strecke<\/b><\/h4>\n<ul>\n<li>Fluss: Fluss Ferry (technische Schwierigkeit: schwer)<\/li>\n<li>Route: von Morne Mazeau<\/li>\n<li>Gesamtdauer: 4 Stunden 30 Minuten<\/li>\n<li>Zeit in der Schlucht: 3,5 Stunden<\/li>\n<li>Abseilh\u00f6he: bis zu 30 m<\/li>\n<\/ul>\n<p>&nbsp;<\/p>\n<p><b>Inbegriffene Dienstleistungen<\/b><\/p>\n<ul>\n<li>Komplette Canyoning-Ausr\u00fcstung (Neoprenanzug, Helm, Schuhe von 36 bis 46)<\/li>\n<li>Hochwertige Klettergurte und Canyoning-Ausr\u00fcstung<\/li>\n<li>Zertifizierter Canyoning-F\u00fchrer<\/li>\n<\/ul>\n<p>&nbsp;<\/p>\n<p>&nbsp;<\/p>\n<h4><b>Mitzubringen<\/b><\/h4>\n<ul>\n<li>Badeanzug<\/li>\n<li>Sportschuhe, wenn Ihre Schuhgr\u00f6\u00dfe au\u00dferhalb der Gr\u00f6\u00dfen 36 bis 46 liegt<\/li>\n<li>Handtuch, Brillenschnur<\/li>\n<li>Wasser<\/li>\n<\/ul>\n<h4><\/h4>\n<h4><b>Bedingungen<\/b><\/h4>\n<ul>\n<li>Mindestalter: 14 Jahre<\/li>\n<li>K\u00f6rperliche Eignung<\/li>\n<li>Schwimmen k\u00f6nnen<\/li>\n<\/ul>\n<p>&nbsp;<\/p>\n<p>Aufgrund von schlechtem Wetter kann es sein, dass Ihnen ein anderes Datum oder eine R\u00fcckerstattung angeboten wird (selten, aber es kommt vor!).<\/p>","protected":false},"excerpt":{"rendered":"<p class=\"ai-optimize-23\">Buchen Sie die Canyoning-F\u00e4hre, 5 Abseilfahrten, Spr\u00fcnge und Rutschen f\u00fcr ein Maximum an frischen und belebenden Eindr\u00fccken.<\/p>","protected":false},"featured_media":2436,"template":"","meta":[],"product_cat":[24],"product_tag":[125,128,126],"class_list":{"0":"post-1589","1":"product","2":"type-product","3":"status-publish","4":"has-post-thumbnail","6":"product_cat-canyoning-guadeloupe","7":"product_tag-canyoning-bleu-niveau-moyen","8":"product_tag-canyoning-rouge-niveau-difficile","9":"product_tag-randonnee-bleu-niveau-moyen","11":"first","12":"instock","13":"virtual","14":"sold-individually","15":"taxable","16":"purchasable","17":"product-type-booking"},"yoast_head":"<!-- This site is optimized with the Yoast SEO Premium plugin v25.3.1 (Yoast SEO v25.3.1) - https:\/\/yoast.com\/wordpress\/plugins\/seo\/ -->\n<title>Canyon Ferry en Guadeloupe: Descente en Rappel de 20 m\u00e8tres - Vert Intense<\/title>\n<meta name=\"description\" content=\"D\u00e9couvrez le Canyon Ferry en Guadeloupe avec ses sauts, toboggans et descentes en rappel. Une exp\u00e9rience unique et rafra\u00eechissante \u00e0 ne pas manquer !\" \/>\n<meta name=\"robots\" content=\"index, follow, max-snippet:-1, max-image-preview:large, max-video-preview:-1\" \/>\n<link rel=\"canonical\" href=\"https:\/\/www.vert-intense.com\/de\/aktivitat-guadeloupe\/canyoning-guadeloupe\/canyon-fahre\/\" \/>\n<meta property=\"og:locale\" content=\"de_DE\" \/>\n<meta property=\"og:type\" content=\"article\" \/>\n<meta property=\"og:title\" content=\"Canyon Ferry\" \/>\n<meta property=\"og:description\" content=\"D\u00e9couvrez le Canyon Ferry en Guadeloupe avec ses sauts, toboggans et descentes en rappel. Une exp\u00e9rience unique et rafra\u00eechissante \u00e0 ne pas manquer !\" \/>\n<meta property=\"og:url\" content=\"https:\/\/www.vert-intense.com\/de\/aktivitat-guadeloupe\/canyoning-guadeloupe\/canyon-fahre\/\" \/>\n<meta property=\"og:site_name\" content=\"Vert Intense\" \/>\n<meta property=\"article:publisher\" content=\"https:\/\/www.facebook.com\/vertintense\" \/>\n<meta property=\"article:modified_time\" content=\"2025-12-11T12:30:13+00:00\" \/>\n<meta property=\"og:image\" content=\"https:\/\/www.vert-intense.com\/wp-content\/uploads\/2023\/11\/20230501_121929-Copier-e1700599679272.jpg\" \/>\n\t<meta property=\"og:image:width\" content=\"974\" \/>\n\t<meta property=\"og:image:height\" content=\"732\" \/>\n\t<meta property=\"og:image:type\" content=\"image\/jpeg\" \/>\n<meta name=\"twitter:card\" content=\"summary_large_image\" \/>\n<meta name=\"twitter:label1\" content=\"Preis\" \/>\n\t<meta name=\"twitter:data1\" content=\"80&euro;\" \/>\n\t<meta name=\"twitter:label2\" content=\"Verf\u00fcgbarkeit\" \/>\n\t<meta name=\"twitter:data2\" content=\"Auf Lager\" \/>\n<script type=\"application\/ld+json\" class=\"yoast-schema-graph\">{\"@context\":\"https:\/\/schema.org\",\"@graph\":[{\"@type\":\"WebPage\",\"@id\":\"https:\/\/www.vert-intense.com\/activite-guadeloupe\/canyoning-guadeloupe\/canyon-ferry\/\",\"url\":\"https:\/\/www.vert-intense.com\/activite-guadeloupe\/canyoning-guadeloupe\/canyon-ferry\/\",\"name\":\"Canyon Ferry en Guadeloupe: Descente en Rappel de 20 m\u00e8tres - Vert Intense\",\"isPartOf\":{\"@id\":\"https:\/\/www.vert-intense.com\/#website\"},\"primaryImageOfPage\":{\"@id\":\"https:\/\/www.vert-intense.com\/activite-guadeloupe\/canyoning-guadeloupe\/canyon-ferry\/#primaryimage\"},\"image\":{\"@id\":\"https:\/\/www.vert-intense.com\/activite-guadeloupe\/canyoning-guadeloupe\/canyon-ferry\/#primaryimage\"},\"thumbnailUrl\":\"https:\/\/i0.wp.com\/www.vert-intense.com\/wp-content\/uploads\/2023\/11\/20230501_121929-Copier-e1700599679272.jpg?fit=974%2C732&ssl=1\",\"datePublished\":\"2023-08-01T13:43:12+00:00\",\"dateModified\":\"2025-12-11T12:30:13+00:00\",\"description\":\"D\u00e9couvrez le Canyon Ferry en Guadeloupe avec ses sauts, toboggans et descentes en rappel. Une exp\u00e9rience unique et rafra\u00eechissante \u00e0 ne pas manquer !\",\"breadcrumb\":{\"@id\":\"https:\/\/www.vert-intense.com\/activite-guadeloupe\/canyoning-guadeloupe\/canyon-ferry\/#breadcrumb\"},\"inLanguage\":\"de\",\"potentialAction\":[{\"@type\":\"ReadAction\",\"target\":[\"https:\/\/www.vert-intense.com\/activite-guadeloupe\/canyoning-guadeloupe\/canyon-ferry\/\"]}]},{\"@type\":\"ImageObject\",\"inLanguage\":\"de\",\"@id\":\"https:\/\/www.vert-intense.com\/activite-guadeloupe\/canyoning-guadeloupe\/canyon-ferry\/#primaryimage\",\"url\":\"https:\/\/i0.wp.com\/www.vert-intense.com\/wp-content\/uploads\/2023\/11\/20230501_121929-Copier-e1700599679272.jpg?fit=974%2C732&ssl=1\",\"contentUrl\":\"https:\/\/i0.wp.com\/www.vert-intense.com\/wp-content\/uploads\/2023\/11\/20230501_121929-Copier-e1700599679272.jpg?fit=974%2C732&ssl=1\",\"width\":974,\"height\":732,\"caption\":\"descente en rappel Canyon Ferry Guadeloupe vert intense\"},{\"@type\":\"BreadcrumbList\",\"@id\":\"https:\/\/www.vert-intense.com\/activite-guadeloupe\/canyoning-guadeloupe\/canyon-ferry\/#breadcrumb\",\"itemListElement\":[{\"@type\":\"ListItem\",\"position\":1,\"name\":\"Accueil\",\"item\":\"https:\/\/www.vert-intense.com\/\"},{\"@type\":\"ListItem\",\"position\":2,\"name\":\"Activit\u00e9s nature en Guadeloupe\",\"item\":\"https:\/\/www.vert-intense.com\/\"},{\"@type\":\"ListItem\",\"position\":3,\"name\":\"Canyon Ferry\"}]},{\"@type\":\"WebSite\",\"@id\":\"https:\/\/www.vert-intense.com\/#website\",\"url\":\"https:\/\/www.vert-intense.com\/\",\"name\":\"Vert-Intense\",\"description\":\"R\u00e9servez vos activit\u00e9s d\u00e9couvertes en Guadeloupe\",\"publisher\":{\"@id\":\"https:\/\/www.vert-intense.com\/#organization\"},\"potentialAction\":[{\"@type\":\"SearchAction\",\"target\":{\"@type\":\"EntryPoint\",\"urlTemplate\":\"https:\/\/www.vert-intense.com\/?s={search_term_string}\"},\"query-input\":{\"@type\":\"PropertyValueSpecification\",\"valueRequired\":true,\"valueName\":\"search_term_string\"}}],\"inLanguage\":\"de\"},{\"@type\":\"Organization\",\"@id\":\"https:\/\/www.vert-intense.com\/#organization\",\"name\":\"Vert-Intense\",\"url\":\"https:\/\/www.vert-intense.com\/\",\"logo\":{\"@type\":\"ImageObject\",\"inLanguage\":\"de\",\"@id\":\"https:\/\/www.vert-intense.com\/#\/schema\/logo\/image\/\",\"url\":\"https:\/\/i0.wp.com\/www.vert-intense.com\/wp-content\/uploads\/2023\/07\/logo.png?fit=960%2C960&ssl=1\",\"contentUrl\":\"https:\/\/i0.wp.com\/www.vert-intense.com\/wp-content\/uploads\/2023\/07\/logo.png?fit=960%2C960&ssl=1\",\"width\":960,\"height\":960,\"caption\":\"Vert-Intense\"},\"image\":{\"@id\":\"https:\/\/www.vert-intense.com\/#\/schema\/logo\/image\/\"},\"sameAs\":[\"https:\/\/www.facebook.com\/vertintense\",\"https:\/\/www.tripadvisor.fr\/Attraction_Review-g1644623-d1649481-Reviews-Vert_Intense-Saint_Claude_Basse_Terre_Island_Guadeloupe.html\",\"https:\/\/www.tiktok.com\/@vertintense\",\"https:\/\/www.instagram.com\/vertintenseguadeloupe\/\",\"https:\/\/www.youtube.com\/channel\/UCRymXR1Pa7n50AOgFy9n3bA\"]}]}<\/script>\n<meta property=\"product:price:amount\" content=\"80\" \/>\n<meta property=\"product:price:currency\" content=\"EUR\" \/>\n<meta property=\"og:availability\" content=\"instock\" \/>\n<meta property=\"product:availability\" content=\"instock\" \/>\n<meta property=\"product:condition\" content=\"new\" \/>\n<!-- \/ Yoast SEO Premium plugin. -->","yoast_head_json":{"title":"Canyon Ferry in Guadeloupe: Abseilen aus 20 Metern H\u00f6he - Intense Green","description":"Entdecken Sie die Canyon-F\u00e4hre auf Guadeloupe mit ihren Spr\u00fcngen, Rutschen und Abseilstellen. Ein einzigartiges und erfrischendes Erlebnis, das Sie sich nicht entgehen lassen sollten!","robots":{"index":"index","follow":"follow","max-snippet":"max-snippet:-1","max-image-preview":"max-image-preview:large","max-video-preview":"max-video-preview:-1"},"canonical":"https:\/\/www.vert-intense.com\/de\/aktivitat-guadeloupe\/canyoning-guadeloupe\/canyon-fahre\/","og_locale":"de_DE","og_type":"article","og_title":"Canyon Ferry","og_description":"D\u00e9couvrez le Canyon Ferry en Guadeloupe avec ses sauts, toboggans et descentes en rappel. Une exp\u00e9rience unique et rafra\u00eechissante \u00e0 ne pas manquer !","og_url":"https:\/\/www.vert-intense.com\/de\/aktivitat-guadeloupe\/canyoning-guadeloupe\/canyon-fahre\/","og_site_name":"Vert Intense","article_publisher":"https:\/\/www.facebook.com\/vertintense","article_modified_time":"2025-12-11T12:30:13+00:00","og_image":[{"width":974,"height":732,"url":"https:\/\/www.vert-intense.com\/wp-content\/uploads\/2023\/11\/20230501_121929-Copier-e1700599679272.jpg","type":"image\/jpeg"}],"twitter_card":"summary_large_image","twitter_misc":{"Preis":"80&euro;","Verf\u00fcgbarkeit":"Auf Lager"},"schema":{"@context":"https:\/\/schema.org","@graph":[{"@type":"WebPage","@id":"https:\/\/www.vert-intense.com\/activite-guadeloupe\/canyoning-guadeloupe\/canyon-ferry\/","url":"https:\/\/www.vert-intense.com\/activite-guadeloupe\/canyoning-guadeloupe\/canyon-ferry\/","name":"Canyon Ferry in Guadeloupe: Abseilen aus 20 Metern H\u00f6he - Intense Green","isPartOf":{"@id":"https:\/\/www.vert-intense.com\/#website"},"primaryImageOfPage":{"@id":"https:\/\/www.vert-intense.com\/activite-guadeloupe\/canyoning-guadeloupe\/canyon-ferry\/#primaryimage"},"image":{"@id":"https:\/\/www.vert-intense.com\/activite-guadeloupe\/canyoning-guadeloupe\/canyon-ferry\/#primaryimage"},"thumbnailUrl":"https:\/\/i0.wp.com\/www.vert-intense.com\/wp-content\/uploads\/2023\/11\/20230501_121929-Copier-e1700599679272.jpg?fit=974%2C732&ssl=1","datePublished":"2023-08-01T13:43:12+00:00","dateModified":"2025-12-11T12:30:13+00:00","description":"Entdecken Sie die Canyon-F\u00e4hre auf Guadeloupe mit ihren Spr\u00fcngen, Rutschen und Abseilstellen. Ein einzigartiges und erfrischendes Erlebnis, das Sie sich nicht entgehen lassen sollten!","breadcrumb":{"@id":"https:\/\/www.vert-intense.com\/activite-guadeloupe\/canyoning-guadeloupe\/canyon-ferry\/#breadcrumb"},"inLanguage":"de","potentialAction":[{"@type":"ReadAction","target":["https:\/\/www.vert-intense.com\/activite-guadeloupe\/canyoning-guadeloupe\/canyon-ferry\/"]}]},{"@type":"ImageObject","inLanguage":"de","@id":"https:\/\/www.vert-intense.com\/activite-guadeloupe\/canyoning-guadeloupe\/canyon-ferry\/#primaryimage","url":"https:\/\/i0.wp.com\/www.vert-intense.com\/wp-content\/uploads\/2023\/11\/20230501_121929-Copier-e1700599679272.jpg?fit=974%2C732&ssl=1","contentUrl":"https:\/\/i0.wp.com\/www.vert-intense.com\/wp-content\/uploads\/2023\/11\/20230501_121929-Copier-e1700599679272.jpg?fit=974%2C732&ssl=1","width":974,"height":732,"caption":"descente en rappel Canyon Ferry Guadeloupe vert intense"},{"@type":"BreadcrumbList","@id":"https:\/\/www.vert-intense.com\/activite-guadeloupe\/canyoning-guadeloupe\/canyon-ferry\/#breadcrumb","itemListElement":[{"@type":"ListItem","position":1,"name":"Accueil","item":"https:\/\/www.vert-intense.com\/"},{"@type":"ListItem","position":2,"name":"Activit\u00e9s nature en Guadeloupe","item":"https:\/\/www.vert-intense.com\/"},{"@type":"ListItem","position":3,"name":"Canyon Ferry"}]},{"@type":"WebSite","@id":"https:\/\/www.vert-intense.com\/#website","url":"https:\/\/www.vert-intense.com\/","name":"Gr\u00fcn-Intensiv","description":"Buchen Sie Ihre Entdeckungsreisen in Guadeloupe","publisher":{"@id":"https:\/\/www.vert-intense.com\/#organization"},"potentialAction":[{"@type":"SearchAction","target":{"@type":"EntryPoint","urlTemplate":"https:\/\/www.vert-intense.com\/?s={search_term_string}"},"query-input":{"@type":"PropertyValueSpecification","valueRequired":true,"valueName":"search_term_string"}}],"inLanguage":"de"},{"@type":"Organization","@id":"https:\/\/www.vert-intense.com\/#organization","name":"Gr\u00fcn-Intensiv","url":"https:\/\/www.vert-intense.com\/","logo":{"@type":"ImageObject","inLanguage":"de","@id":"https:\/\/www.vert-intense.com\/#\/schema\/logo\/image\/","url":"https:\/\/i0.wp.com\/www.vert-intense.com\/wp-content\/uploads\/2023\/07\/logo.png?fit=960%2C960&ssl=1","contentUrl":"https:\/\/i0.wp.com\/www.vert-intense.com\/wp-content\/uploads\/2023\/07\/logo.png?fit=960%2C960&ssl=1","width":960,"height":960,"caption":"Vert-Intense"},"image":{"@id":"https:\/\/www.vert-intense.com\/#\/schema\/logo\/image\/"},"sameAs":["https:\/\/www.facebook.com\/vertintense","https:\/\/www.tripadvisor.fr\/Attraction_Review-g1644623-d1649481-Reviews-Vert_Intense-Saint_Claude_Basse_Terre_Island_Guadeloupe.html","https:\/\/www.tiktok.com\/@vertintense","https:\/\/www.instagram.com\/vertintenseguadeloupe\/","https:\/\/www.youtube.com\/channel\/UCRymXR1Pa7n50AOgFy9n3bA"]}]},"product_price_amount":"80","product_price_currency":"EUR","og_availability":"instock","product_availability":"instock","product_condition":"new"},"jetpack_sharing_enabled":true,"_links":{"self":[{"href":"https:\/\/www.vert-intense.com\/de\/wp-json\/wp\/v2\/product\/1589"}],"collection":[{"href":"https:\/\/www.vert-intense.com\/de\/wp-json\/wp\/v2\/product"}],"about":[{"href":"https:\/\/www.vert-intense.com\/de\/wp-json\/wp\/v2\/types\/product"}],"wp:featuredmedia":[{"embeddable":true,"href":"https:\/\/www.vert-intense.com\/de\/wp-json\/wp\/v2\/media\/2436"}],"wp:attachment":[{"href":"https:\/\/www.vert-intense.com\/de\/wp-json\/wp\/v2\/media?parent=1589"}],"wp:term":[{"taxonomy":"product_cat","embeddable":true,"href":"https:\/\/www.vert-intense.com\/de\/wp-json\/wp\/v2\/product_cat?post=1589"},{"taxonomy":"product_tag","embeddable":true,"href":"https:\/\/www.vert-intense.com\/de\/wp-json\/wp\/v2\/product_tag?post=1589"}],"curies":[{"name":"wp","href":"https:\/\/api.w.org\/{rel}","templated":true}]}}