{"id":1585,"date":"2023-08-01T15:41:05","date_gmt":"2023-08-01T13:41:05","guid":{"rendered":"http:\/\/xedhqzi.cluster100.hosting.ovh.net\/?post_type=product&#038;p=1585"},"modified":"2026-04-15T18:13:04","modified_gmt":"2026-04-15T22:13:04","slug":"canyoning-warme-schlucht-guadeloupe","status":"publish","type":"product","link":"https:\/\/www.vert-intense.com\/de\/aktivitat-guadeloupe\/canyoning-guadeloupe\/canyoning-warme-schlucht-guadeloupe\/","title":{"rendered":"Canyoning Ravine Chaude"},"content":{"rendered":"<blockquote>\n<h3 style=\"text-align: center;\">Der Canyon von Ravine Chaude auf Guadeloupe<\/h3>\n<\/blockquote>\n<p>&nbsp;<\/p>\n<p>Entdecken Sie die Freuden des Canyoning Ravine Chaude auf Guadeloupe. Spr\u00fcnge, Rutschen und Abseilen erwarten Sie und sorgen f\u00fcr unvergessliche Erlebnisse!<\/p>\n<p>Der Canyon von Ravine Chaude auf Guadeloupe liegt in der N\u00e4he des Vulkans Soufri\u00e8re und vor den Toren des Nationalparks von Guadeloupe. Spr\u00fcnge und Rutschen,\u00a0 <strong>5 Abseilen, davon eines aus 15 Metern H\u00f6he<\/strong>werden Sie begeistern. Der Parcours ist ein Wasserparcours und bietet sch\u00f6ne Erlebnisse. Es ist eine gute Wahl f\u00fcr einen Ausflug mit Freunden oder Teenagern. Buchen Sie jetzt, um eine unvergessliche Zeit zu verbringen!<\/p>\n<h4><\/h4>\n<h4><b>Ablauf :<\/b><\/h4>\n<p>&nbsp;<\/p>\n<p><u><b>Vorbereitung :<\/b><\/u><br \/>\nWir erwarten Sie auf dem Parkplatz des Bassin Bleu in Gourbeyre, die Geolokalisierung wird Ihnen selbstverst\u00e4ndlich zugesandt! Wir werden Sie mit der speziellen Ausr\u00fcstung ausstatten, die f\u00fcr den Canyon Ravine Chaude erforderlich ist, und selbst wenn Sie sich auf Guadeloupe befinden, ist ein langer Neoprenanzug notwendig.<\/p>\n<p><u><b>T\u00e4tigkeit :<\/b><\/u><br \/>\nDas Canyoning beginnt zun\u00e4chst mit einem etwa 45-min\u00fctigen Anmarsch durch den Regenwald. Und schon sind wir am Startpunkt, also warten wir nicht l\u00e4nger, um loszulegen! Wir haben 3 Stunden vor uns, in denen wir uns abseilen, springen und wieder rutschen. Die Spr\u00fcnge sind nicht zwingend erforderlich oder k\u00f6nnen wiederholt werden. Schlie\u00dflich beenden wir das Canyoning in Ravine Chaude auf Guadeloupe mit einem Sprung in das Bassin Bleu von Gourbeyre.<\/p>\n<p><u><b>Anreise:\u00a0<\/b><\/u><br \/>\nUnd schlie\u00dflich erreichen wir nach einem 15-min\u00fctigen R\u00fcckmarsch den Parkplatz des Bassin Bleu in Gourbeyre auf Guadeloupe, unserem Ausgangspunkt. Zweifellos werden Sie uns mit einem Kopf voller Erinnerungen verlassen!<\/p>\n<p>&nbsp;<\/p>\n<p><b>Informationen \u00fcber die Strecke<\/b><\/p>\n<ul>\n<li>Fluss: Galion-Fluss Bassin Bleu de Gourbeyre (technische Schwierigkeit: m\u00e4\u00dfig)<\/li>\n<li>Route: von Rivi\u00e8re Ravine Chaude nach Bassin Bleu Gesamtdauer: 4 Std.<\/li>\n<li>Zeit in der Schlucht: 3 Std. 00<\/li>\n<li>Abseilh\u00f6he: bis zu 15 m<\/li>\n<\/ul>\n<p>&nbsp;<\/p>\n<p><b>Inbegriffene Dienstleistungen<\/b><\/p>\n<ul>\n<li>Komplette Canyoning-Ausr\u00fcstung (langer Neoprenanzug, Helm, Schuhe von 36 bis 46)<\/li>\n<li>Klettergurt und Canyoning-Ausr\u00fcstung<\/li>\n<li>Zertifizierter Canyoning-F\u00fchrer<\/li>\n<\/ul>\n<p>&nbsp;<\/p>\n<p><b>Mitzubringen<\/b><\/p>\n<ul>\n<li>Badeanzug<\/li>\n<li>Sportschuhe, wenn Ihre Schuhgr\u00f6\u00dfe au\u00dferhalb der Gr\u00f6\u00dfen 36 bis 46 liegt<\/li>\n<li>Handtuch<\/li>\n<li>Brillenkordel<\/li>\n<li>Wasser<\/li>\n<\/ul>\n<p>&nbsp;<\/p>\n<p><b>Bedingungen<\/b><\/p>\n<ul>\n<li>Mindestalter: 12 Jahre<\/li>\n<li>Gute K\u00f6rperliche Eignung<\/li>\n<li>Schwimmen k\u00f6nnen<\/li>\n<\/ul>\n<p>&nbsp;<\/p>\n<p>Aufgrund von schlechtem Wetter kann es sein, dass Ihnen ein anderes Datum oder eine R\u00fcckerstattung angeboten wird (selten, aber es kommt vor!).<\/p>","protected":false},"excerpt":{"rendered":"<p><!--more-->Buchen Sie das Canyoning in Ravine Chaude, 5 Abseilstellen, Spr\u00fcnge und Rutschen f\u00fcr einen frischen und anregenden Nervenkitzel.<\/p>","protected":false},"featured_media":2421,"template":"","meta":[],"product_cat":[24],"product_tag":[127,126],"class_list":{"0":"post-1585","1":"product","2":"type-product","3":"status-publish","4":"has-post-thumbnail","6":"product_cat-canyoning-guadeloupe","7":"product_tag-canyoning-vert-niveau-facile","8":"product_tag-randonnee-bleu-niveau-moyen","10":"first","11":"instock","12":"virtual","13":"sold-individually","14":"taxable","15":"purchasable","16":"product-type-booking"},"yoast_head":"<!-- This site is optimized with the Yoast SEO Premium plugin v25.3.1 (Yoast SEO v25.3.1) - https:\/\/yoast.com\/wordpress\/plugins\/seo\/ -->\n<title>Canyoning Ravine Chaude en Guadeloupe : Idyllique et Excitant - Vert Intense<\/title>\n<meta name=\"description\" content=\"Venez d\u00e9couvrir les joies du canyoning Ravine Chaude en Guadeloupe. Sauts, toboggans et rappels vous attendent pour des sensations inoubliables !\" \/>\n<meta name=\"robots\" content=\"index, follow, max-snippet:-1, max-image-preview:large, max-video-preview:-1\" \/>\n<link rel=\"canonical\" href=\"https:\/\/www.vert-intense.com\/de\/aktivitat-guadeloupe\/canyoning-guadeloupe\/canyoning-warme-schlucht-guadeloupe\/\" \/>\n<meta property=\"og:locale\" content=\"de_DE\" \/>\n<meta property=\"og:type\" content=\"article\" \/>\n<meta property=\"og:title\" content=\"Canyoning Ravine Chaude\" \/>\n<meta property=\"og:description\" content=\"Venez d\u00e9couvrir les joies du canyoning Ravine Chaude en Guadeloupe. Sauts, toboggans et rappels vous attendent pour des sensations inoubliables !\" \/>\n<meta property=\"og:url\" content=\"https:\/\/www.vert-intense.com\/de\/aktivitat-guadeloupe\/canyoning-guadeloupe\/canyoning-warme-schlucht-guadeloupe\/\" \/>\n<meta property=\"og:site_name\" content=\"Vert Intense\" \/>\n<meta property=\"article:publisher\" content=\"https:\/\/www.facebook.com\/vertintense\" \/>\n<meta property=\"article:modified_time\" content=\"2026-04-15T22:13:04+00:00\" \/>\n<meta property=\"og:image\" content=\"https:\/\/www.vert-intense.com\/wp-content\/uploads\/2023\/11\/ravinechaude002-bis.jpg\" \/>\n\t<meta property=\"og:image:width\" content=\"1300\" \/>\n\t<meta property=\"og:image:height\" content=\"977\" \/>\n\t<meta property=\"og:image:type\" content=\"image\/jpeg\" \/>\n<meta name=\"twitter:card\" content=\"summary_large_image\" \/>\n<meta name=\"twitter:label1\" content=\"Preis\" \/>\n\t<meta name=\"twitter:data1\" content=\"65&euro;\" \/>\n\t<meta name=\"twitter:label2\" content=\"Verf\u00fcgbarkeit\" \/>\n\t<meta name=\"twitter:data2\" content=\"Auf Lager\" \/>\n<script type=\"application\/ld+json\" class=\"yoast-schema-graph\">{\"@context\":\"https:\/\/schema.org\",\"@graph\":[{\"@type\":\"WebPage\",\"@id\":\"https:\/\/www.vert-intense.com\/activite-guadeloupe\/canyoning-guadeloupe\/canyoning-ravine-chaude-guadeloupe\/\",\"url\":\"https:\/\/www.vert-intense.com\/activite-guadeloupe\/canyoning-guadeloupe\/canyoning-ravine-chaude-guadeloupe\/\",\"name\":\"Canyoning Ravine Chaude en Guadeloupe : Idyllique et Excitant - Vert Intense\",\"isPartOf\":{\"@id\":\"https:\/\/www.vert-intense.com\/#website\"},\"primaryImageOfPage\":{\"@id\":\"https:\/\/www.vert-intense.com\/activite-guadeloupe\/canyoning-guadeloupe\/canyoning-ravine-chaude-guadeloupe\/#primaryimage\"},\"image\":{\"@id\":\"https:\/\/www.vert-intense.com\/activite-guadeloupe\/canyoning-guadeloupe\/canyoning-ravine-chaude-guadeloupe\/#primaryimage\"},\"thumbnailUrl\":\"https:\/\/i0.wp.com\/www.vert-intense.com\/wp-content\/uploads\/2023\/11\/ravinechaude002-bis.jpg?fit=1300%2C977&ssl=1\",\"datePublished\":\"2023-08-01T13:41:05+00:00\",\"dateModified\":\"2026-04-15T22:13:04+00:00\",\"description\":\"Venez d\u00e9couvrir les joies du canyoning Ravine Chaude en Guadeloupe. Sauts, toboggans et rappels vous attendent pour des sensations inoubliables !\",\"breadcrumb\":{\"@id\":\"https:\/\/www.vert-intense.com\/activite-guadeloupe\/canyoning-guadeloupe\/canyoning-ravine-chaude-guadeloupe\/#breadcrumb\"},\"inLanguage\":\"de\",\"potentialAction\":[{\"@type\":\"ReadAction\",\"target\":[\"https:\/\/www.vert-intense.com\/activite-guadeloupe\/canyoning-guadeloupe\/canyoning-ravine-chaude-guadeloupe\/\"]}]},{\"@type\":\"ImageObject\",\"inLanguage\":\"de\",\"@id\":\"https:\/\/www.vert-intense.com\/activite-guadeloupe\/canyoning-guadeloupe\/canyoning-ravine-chaude-guadeloupe\/#primaryimage\",\"url\":\"https:\/\/i0.wp.com\/www.vert-intense.com\/wp-content\/uploads\/2023\/11\/ravinechaude002-bis.jpg?fit=1300%2C977&ssl=1\",\"contentUrl\":\"https:\/\/i0.wp.com\/www.vert-intense.com\/wp-content\/uploads\/2023\/11\/ravinechaude002-bis.jpg?fit=1300%2C977&ssl=1\",\"width\":1300,\"height\":977,\"caption\":\"descente en rappel canyon Ravine Chaude\"},{\"@type\":\"BreadcrumbList\",\"@id\":\"https:\/\/www.vert-intense.com\/activite-guadeloupe\/canyoning-guadeloupe\/canyoning-ravine-chaude-guadeloupe\/#breadcrumb\",\"itemListElement\":[{\"@type\":\"ListItem\",\"position\":1,\"name\":\"Accueil\",\"item\":\"https:\/\/www.vert-intense.com\/\"},{\"@type\":\"ListItem\",\"position\":2,\"name\":\"Activit\u00e9s nature en Guadeloupe\",\"item\":\"https:\/\/www.vert-intense.com\/\"},{\"@type\":\"ListItem\",\"position\":3,\"name\":\"Canyoning Ravine Chaude\"}]},{\"@type\":\"WebSite\",\"@id\":\"https:\/\/www.vert-intense.com\/#website\",\"url\":\"https:\/\/www.vert-intense.com\/\",\"name\":\"Vert-Intense\",\"description\":\"R\u00e9servez vos activit\u00e9s d\u00e9couvertes en Guadeloupe\",\"publisher\":{\"@id\":\"https:\/\/www.vert-intense.com\/#organization\"},\"potentialAction\":[{\"@type\":\"SearchAction\",\"target\":{\"@type\":\"EntryPoint\",\"urlTemplate\":\"https:\/\/www.vert-intense.com\/?s={search_term_string}\"},\"query-input\":{\"@type\":\"PropertyValueSpecification\",\"valueRequired\":true,\"valueName\":\"search_term_string\"}}],\"inLanguage\":\"de\"},{\"@type\":\"Organization\",\"@id\":\"https:\/\/www.vert-intense.com\/#organization\",\"name\":\"Vert-Intense\",\"url\":\"https:\/\/www.vert-intense.com\/\",\"logo\":{\"@type\":\"ImageObject\",\"inLanguage\":\"de\",\"@id\":\"https:\/\/www.vert-intense.com\/#\/schema\/logo\/image\/\",\"url\":\"https:\/\/i0.wp.com\/www.vert-intense.com\/wp-content\/uploads\/2023\/07\/logo.png?fit=960%2C960&ssl=1\",\"contentUrl\":\"https:\/\/i0.wp.com\/www.vert-intense.com\/wp-content\/uploads\/2023\/07\/logo.png?fit=960%2C960&ssl=1\",\"width\":960,\"height\":960,\"caption\":\"Vert-Intense\"},\"image\":{\"@id\":\"https:\/\/www.vert-intense.com\/#\/schema\/logo\/image\/\"},\"sameAs\":[\"https:\/\/www.facebook.com\/vertintense\",\"https:\/\/www.tripadvisor.fr\/Attraction_Review-g1644623-d1649481-Reviews-Vert_Intense-Saint_Claude_Basse_Terre_Island_Guadeloupe.html\",\"https:\/\/www.tiktok.com\/@vertintense\",\"https:\/\/www.instagram.com\/vertintenseguadeloupe\/\",\"https:\/\/www.youtube.com\/channel\/UCRymXR1Pa7n50AOgFy9n3bA\"]}]}<\/script>\n<meta property=\"product:price:amount\" content=\"65\" \/>\n<meta property=\"product:price:currency\" content=\"EUR\" \/>\n<meta property=\"og:availability\" content=\"instock\" \/>\n<meta property=\"product:availability\" content=\"instock\" \/>\n<meta property=\"product:condition\" content=\"new\" \/>\n<!-- \/ Yoast SEO Premium plugin. -->","yoast_head_json":{"title":"Canyoning Ravine Chaude in Guadeloupe: Idyllisch und aufregend - Intensives Gr\u00fcn","description":"Entdecken Sie die Freuden des Canyoning Ravine Chaude auf Guadeloupe. Spr\u00fcnge, Rutschen und Abseilen erwarten Sie und sorgen f\u00fcr unvergessliche Erlebnisse!","robots":{"index":"index","follow":"follow","max-snippet":"max-snippet:-1","max-image-preview":"max-image-preview:large","max-video-preview":"max-video-preview:-1"},"canonical":"https:\/\/www.vert-intense.com\/de\/aktivitat-guadeloupe\/canyoning-guadeloupe\/canyoning-warme-schlucht-guadeloupe\/","og_locale":"de_DE","og_type":"article","og_title":"Canyoning Ravine Chaude","og_description":"Venez d\u00e9couvrir les joies du canyoning Ravine Chaude en Guadeloupe. Sauts, toboggans et rappels vous attendent pour des sensations inoubliables !","og_url":"https:\/\/www.vert-intense.com\/de\/aktivitat-guadeloupe\/canyoning-guadeloupe\/canyoning-warme-schlucht-guadeloupe\/","og_site_name":"Vert Intense","article_publisher":"https:\/\/www.facebook.com\/vertintense","article_modified_time":"2026-04-15T22:13:04+00:00","og_image":[{"width":1300,"height":977,"url":"https:\/\/www.vert-intense.com\/wp-content\/uploads\/2023\/11\/ravinechaude002-bis.jpg","type":"image\/jpeg"}],"twitter_card":"summary_large_image","twitter_misc":{"Preis":"65&euro;","Verf\u00fcgbarkeit":"Auf Lager"},"schema":{"@context":"https:\/\/schema.org","@graph":[{"@type":"WebPage","@id":"https:\/\/www.vert-intense.com\/activite-guadeloupe\/canyoning-guadeloupe\/canyoning-ravine-chaude-guadeloupe\/","url":"https:\/\/www.vert-intense.com\/activite-guadeloupe\/canyoning-guadeloupe\/canyoning-ravine-chaude-guadeloupe\/","name":"Canyoning Ravine Chaude in Guadeloupe: Idyllisch und aufregend - Intensives Gr\u00fcn","isPartOf":{"@id":"https:\/\/www.vert-intense.com\/#website"},"primaryImageOfPage":{"@id":"https:\/\/www.vert-intense.com\/activite-guadeloupe\/canyoning-guadeloupe\/canyoning-ravine-chaude-guadeloupe\/#primaryimage"},"image":{"@id":"https:\/\/www.vert-intense.com\/activite-guadeloupe\/canyoning-guadeloupe\/canyoning-ravine-chaude-guadeloupe\/#primaryimage"},"thumbnailUrl":"https:\/\/i0.wp.com\/www.vert-intense.com\/wp-content\/uploads\/2023\/11\/ravinechaude002-bis.jpg?fit=1300%2C977&ssl=1","datePublished":"2023-08-01T13:41:05+00:00","dateModified":"2026-04-15T22:13:04+00:00","description":"Entdecken Sie die Freuden des Canyoning Ravine Chaude auf Guadeloupe. Spr\u00fcnge, Rutschen und Abseilen erwarten Sie und sorgen f\u00fcr unvergessliche Erlebnisse!","breadcrumb":{"@id":"https:\/\/www.vert-intense.com\/activite-guadeloupe\/canyoning-guadeloupe\/canyoning-ravine-chaude-guadeloupe\/#breadcrumb"},"inLanguage":"de","potentialAction":[{"@type":"ReadAction","target":["https:\/\/www.vert-intense.com\/activite-guadeloupe\/canyoning-guadeloupe\/canyoning-ravine-chaude-guadeloupe\/"]}]},{"@type":"ImageObject","inLanguage":"de","@id":"https:\/\/www.vert-intense.com\/activite-guadeloupe\/canyoning-guadeloupe\/canyoning-ravine-chaude-guadeloupe\/#primaryimage","url":"https:\/\/i0.wp.com\/www.vert-intense.com\/wp-content\/uploads\/2023\/11\/ravinechaude002-bis.jpg?fit=1300%2C977&ssl=1","contentUrl":"https:\/\/i0.wp.com\/www.vert-intense.com\/wp-content\/uploads\/2023\/11\/ravinechaude002-bis.jpg?fit=1300%2C977&ssl=1","width":1300,"height":977,"caption":"descente en rappel canyon Ravine Chaude"},{"@type":"BreadcrumbList","@id":"https:\/\/www.vert-intense.com\/activite-guadeloupe\/canyoning-guadeloupe\/canyoning-ravine-chaude-guadeloupe\/#breadcrumb","itemListElement":[{"@type":"ListItem","position":1,"name":"Accueil","item":"https:\/\/www.vert-intense.com\/"},{"@type":"ListItem","position":2,"name":"Activit\u00e9s nature en Guadeloupe","item":"https:\/\/www.vert-intense.com\/"},{"@type":"ListItem","position":3,"name":"Canyoning Ravine Chaude"}]},{"@type":"WebSite","@id":"https:\/\/www.vert-intense.com\/#website","url":"https:\/\/www.vert-intense.com\/","name":"Gr\u00fcn-Intensiv","description":"Buchen Sie Ihre Entdeckungsreisen in Guadeloupe","publisher":{"@id":"https:\/\/www.vert-intense.com\/#organization"},"potentialAction":[{"@type":"SearchAction","target":{"@type":"EntryPoint","urlTemplate":"https:\/\/www.vert-intense.com\/?s={search_term_string}"},"query-input":{"@type":"PropertyValueSpecification","valueRequired":true,"valueName":"search_term_string"}}],"inLanguage":"de"},{"@type":"Organization","@id":"https:\/\/www.vert-intense.com\/#organization","name":"Gr\u00fcn-Intensiv","url":"https:\/\/www.vert-intense.com\/","logo":{"@type":"ImageObject","inLanguage":"de","@id":"https:\/\/www.vert-intense.com\/#\/schema\/logo\/image\/","url":"https:\/\/i0.wp.com\/www.vert-intense.com\/wp-content\/uploads\/2023\/07\/logo.png?fit=960%2C960&ssl=1","contentUrl":"https:\/\/i0.wp.com\/www.vert-intense.com\/wp-content\/uploads\/2023\/07\/logo.png?fit=960%2C960&ssl=1","width":960,"height":960,"caption":"Vert-Intense"},"image":{"@id":"https:\/\/www.vert-intense.com\/#\/schema\/logo\/image\/"},"sameAs":["https:\/\/www.facebook.com\/vertintense","https:\/\/www.tripadvisor.fr\/Attraction_Review-g1644623-d1649481-Reviews-Vert_Intense-Saint_Claude_Basse_Terre_Island_Guadeloupe.html","https:\/\/www.tiktok.com\/@vertintense","https:\/\/www.instagram.com\/vertintenseguadeloupe\/","https:\/\/www.youtube.com\/channel\/UCRymXR1Pa7n50AOgFy9n3bA"]}]},"product_price_amount":"65","product_price_currency":"EUR","og_availability":"instock","product_availability":"instock","product_condition":"new"},"jetpack_sharing_enabled":true,"_links":{"self":[{"href":"https:\/\/www.vert-intense.com\/de\/wp-json\/wp\/v2\/product\/1585"}],"collection":[{"href":"https:\/\/www.vert-intense.com\/de\/wp-json\/wp\/v2\/product"}],"about":[{"href":"https:\/\/www.vert-intense.com\/de\/wp-json\/wp\/v2\/types\/product"}],"wp:featuredmedia":[{"embeddable":true,"href":"https:\/\/www.vert-intense.com\/de\/wp-json\/wp\/v2\/media\/2421"}],"wp:attachment":[{"href":"https:\/\/www.vert-intense.com\/de\/wp-json\/wp\/v2\/media?parent=1585"}],"wp:term":[{"taxonomy":"product_cat","embeddable":true,"href":"https:\/\/www.vert-intense.com\/de\/wp-json\/wp\/v2\/product_cat?post=1585"},{"taxonomy":"product_tag","embeddable":true,"href":"https:\/\/www.vert-intense.com\/de\/wp-json\/wp\/v2\/product_tag?post=1585"}],"curies":[{"name":"wp","href":"https:\/\/api.w.org\/{rel}","templated":true}]}}