{"id":1569,"date":"2023-07-26T16:02:14","date_gmt":"2023-07-26T14:02:14","guid":{"rendered":"http:\/\/xedhqzi.cluster100.hosting.ovh.net\/?post_type=product&#038;p=1569"},"modified":"2026-02-13T07:18:04","modified_gmt":"2026-02-13T11:18:04","slug":"wasserwanderung","status":"publish","type":"product","link":"https:\/\/www.vert-intense.com\/de\/aktivitat-guadeloupe\/canyoning-guadeloupe\/wasserwanderung\/","title":{"rendered":"Wasserwandern"},"content":{"rendered":"<h3 style=\"text-align: center;\"><b>Acomat Wasserwanderung auf Guadeloupe<\/b><\/h3>\n<p>&nbsp;<\/p>\n<p>Erlernen Sie das Canyoning mit der Wasserwanderung von Acomat auf Guadeloupe. Spr\u00fcnge und Rutschen erwarten Sie f\u00fcr eine unvergessliche Entdeckung!<\/p>\n<p>Der Wasserwanderweg Acomat auf Guadeloupe befindet sich in der Gemeinde Pointe-Noire. Gehen Sie das Flussbett des Grande Plaine hinunter, indem Sie Spr\u00fcnge und Rutschen aneinanderreihen, zur Freude der Kinder. Die Strecke ist wasserreich und bietet sch\u00f6ne Erlebnisse. Eine sehr gute Wahl f\u00fcr einen Familienausflug. Z\u00f6gern Sie also nicht l\u00e4nger und buchen Sie, um eine unvergessliche Zeit zu verbringen!<\/p>\n<h4><\/h4>\n<h4><b>Ablauf\u00a0<\/b><\/h4>\n<p>&nbsp;<\/p>\n<p><u><b>Vorbereitung :<\/b><\/u><\/p>\n<p>Zu Beginn erwarten wir Sie auf dem Parkplatz gegen\u00fcber dem Maison du Cacao zwischen Bouillante und Pointe-Noire, die Geolokalisierung wird Ihnen selbstverst\u00e4ndlich zugeschickt! Und in wenigen Autominuten erreichen wir die Anh\u00f6hen von Acomat. Sobald Sie oben sind, werden wir Sie mit der spezifischen Ausr\u00fcstung ausstatten, die f\u00fcr die Wasserwanderung in Acomat notwendig ist. Selbst wenn Sie sich auf Guadeloupe befinden, ist ein langer Neoprenanzug erforderlich.<\/p>\n<p><u><b>Aktivit\u00e4t:<\/b><\/u><\/p>\n<p>Die Wasserwanderung beginnt zun\u00e4chst mit einem 20-min\u00fctigen Anmarsch durch den Wald. Nun erreichen wir den Ausgangspunkt der Wasserwanderung. Danach erwarten uns 2 Stunden Flussfahrt durch einen wundersch\u00f6nen Canyon. Die Wasserwanderung macht Spa\u00df: Schwimmen, Wandern, Spr\u00fcnge und Rutschen. Die Spr\u00fcnge sind nicht obligatorisch oder k\u00f6nnen wiederholt werden. Und wir beenden unseren Ausflug im Acomat-Sprung.<\/p>\n<p><u><b>Anreise:<\/b><\/u><\/p>\n<p>Und zum Abschluss ein kleiner 10-min\u00fctiger R\u00fcckmarsch zum Auto, den Kopf voller Erinnerungen an diese Wasserwanderung!<\/p>\n<h4><\/h4>\n<h4><b>Informationen \u00fcber die Strecke\u00a0<\/b><\/h4>\n<ul>\n<li>Fluss: Fluss Grande Plaine (technische Schwierigkeit: m\u00e4\u00dfig)<\/li>\n<li>Beschreibung: Leichte Strecke mit Wanderung im Fluss, wenig H\u00f6henunterschied, aber technische Passagen<\/li>\n<li>Route: Acomat-H\u00f6hen zum Acomat-Sprung<\/li>\n<li>Gesamtdauer: 3 h<\/li>\n<li>Zeit im Canyon: 2 Std. 00<\/li>\n<li>R\u00fcckrufh\u00f6he: Kein R\u00fcckruf<\/li>\n<\/ul>\n<p>&nbsp;<\/p>\n<h4><b>Inbegriffene Dienstleistungen<\/b><\/h4>\n<ul>\n<li>Canyoning-Ausr\u00fcstung (langer Neoprenanzug, Helm)<\/li>\n<li>Zertifizierter Canyoning-F\u00fchrer<\/li>\n<\/ul>\n<p>&nbsp;<\/p>\n<h4><b>Mitzubringen<\/b><\/h4>\n<ul>\n<li>Badeanzug<\/li>\n<li>Sportschuhe vom Typ Basketball<\/li>\n<li>Handtuch f\u00fcr die R\u00fcckreise<\/li>\n<li>Brillenkordel<\/li>\n<li>Wasserflasche oder -flasche<\/li>\n<\/ul>\n<p>&nbsp;<\/p>\n<h4><b>Bedingungen<\/b><\/h4>\n<ul>\n<li>Mindestalter: 8 Jahre<\/li>\n<li>K\u00f6rperliche Eignung<\/li>\n<li>Schwimmen k\u00f6nnen<\/li>\n<\/ul>\n<p>&nbsp;<\/p>\n<p>Aufgrund von schlechtem Wetter kann es sein, dass Ihnen ein anderes Datum oder eine R\u00fcckerstattung angeboten wird (selten, aber es kommt vor!).<\/p>","protected":false},"excerpt":{"rendered":"<p class=\"ai-optimize-23\">Buchen Sie die Wasserwanderung von Acomat auf Guadeloupe und lernen Sie das Canyoning kennen. Spr\u00fcnge und Rutschen erwarten Sie f\u00fcr eine unvergessliche Entdeckung!<\/p>","protected":false},"featured_media":2379,"template":"","meta":[],"product_cat":[24],"product_tag":[125,127,126],"class_list":{"0":"post-1569","1":"product","2":"type-product","3":"status-publish","4":"has-post-thumbnail","6":"product_cat-canyoning-guadeloupe","7":"product_tag-canyoning-bleu-niveau-moyen","8":"product_tag-canyoning-vert-niveau-facile","9":"product_tag-randonnee-bleu-niveau-moyen","11":"first","12":"instock","13":"virtual","14":"sold-individually","15":"taxable","16":"purchasable","17":"product-type-booking"},"yoast_head":"<!-- This site is optimized with the Yoast SEO Premium plugin v25.3.1 (Yoast SEO v25.3.1) - https:\/\/yoast.com\/wordpress\/plugins\/seo\/ -->\n<title>Randonn\u00e9e Aquatique Acomat en Guadeloupe: Plaisir pour Tous<\/title>\n<meta name=\"description\" content=\"Venez vous initiez au canyoning avec la randonn\u00e9e aquatique de Acomat en Guadeloupe. Sauts et toboggans vous attendent pour une d\u00e9couverte inoubliable !\" \/>\n<meta name=\"robots\" content=\"index, follow, max-snippet:-1, max-image-preview:large, max-video-preview:-1\" \/>\n<link rel=\"canonical\" href=\"https:\/\/www.vert-intense.com\/de\/aktivitat-guadeloupe\/canyoning-guadeloupe\/wasserwanderung\/\" \/>\n<meta property=\"og:locale\" content=\"de_DE\" \/>\n<meta property=\"og:type\" content=\"article\" \/>\n<meta property=\"og:title\" content=\"Randonn\u00e9e aquatique\" \/>\n<meta property=\"og:description\" content=\"Venez vous initiez au canyoning avec la randonn\u00e9e aquatique de Acomat en Guadeloupe. Sauts et toboggans vous attendent pour une d\u00e9couverte inoubliable !\" \/>\n<meta property=\"og:url\" content=\"https:\/\/www.vert-intense.com\/de\/aktivitat-guadeloupe\/canyoning-guadeloupe\/wasserwanderung\/\" \/>\n<meta property=\"og:site_name\" content=\"Vert Intense\" \/>\n<meta property=\"article:publisher\" content=\"https:\/\/www.facebook.com\/vertintense\" \/>\n<meta property=\"article:modified_time\" content=\"2026-02-13T11:18:04+00:00\" \/>\n<meta property=\"og:image\" content=\"https:\/\/www.vert-intense.com\/wp-content\/uploads\/2023\/07\/acomat003-e1700261828476.jpg\" \/>\n\t<meta property=\"og:image:width\" content=\"1200\" \/>\n\t<meta property=\"og:image:height\" content=\"902\" \/>\n\t<meta property=\"og:image:type\" content=\"image\/jpeg\" \/>\n<meta name=\"twitter:card\" content=\"summary_large_image\" \/>\n<meta name=\"twitter:label1\" content=\"Preis\" \/>\n\t<meta name=\"twitter:data1\" content=\"45&euro;\" \/>\n\t<meta name=\"twitter:label2\" content=\"Verf\u00fcgbarkeit\" \/>\n\t<meta name=\"twitter:data2\" content=\"Auf Lager\" \/>\n<script type=\"application\/ld+json\" class=\"yoast-schema-graph\">{\"@context\":\"https:\/\/schema.org\",\"@graph\":[{\"@type\":\"WebPage\",\"@id\":\"https:\/\/www.vert-intense.com\/activite-guadeloupe\/canyoning-guadeloupe\/randonnee-aquatique\/\",\"url\":\"https:\/\/www.vert-intense.com\/activite-guadeloupe\/canyoning-guadeloupe\/randonnee-aquatique\/\",\"name\":\"Randonn\u00e9e Aquatique Acomat en Guadeloupe: Plaisir pour Tous\",\"isPartOf\":{\"@id\":\"https:\/\/www.vert-intense.com\/#website\"},\"primaryImageOfPage\":{\"@id\":\"https:\/\/www.vert-intense.com\/activite-guadeloupe\/canyoning-guadeloupe\/randonnee-aquatique\/#primaryimage\"},\"image\":{\"@id\":\"https:\/\/www.vert-intense.com\/activite-guadeloupe\/canyoning-guadeloupe\/randonnee-aquatique\/#primaryimage\"},\"thumbnailUrl\":\"https:\/\/i0.wp.com\/www.vert-intense.com\/wp-content\/uploads\/2023\/07\/acomat003-e1700261828476.jpg?fit=1200%2C902&ssl=1\",\"datePublished\":\"2023-07-26T14:02:14+00:00\",\"dateModified\":\"2026-02-13T11:18:04+00:00\",\"description\":\"Venez vous initiez au canyoning avec la randonn\u00e9e aquatique de Acomat en Guadeloupe. Sauts et toboggans vous attendent pour une d\u00e9couverte inoubliable !\",\"breadcrumb\":{\"@id\":\"https:\/\/www.vert-intense.com\/activite-guadeloupe\/canyoning-guadeloupe\/randonnee-aquatique\/#breadcrumb\"},\"inLanguage\":\"de\",\"potentialAction\":[{\"@type\":\"ReadAction\",\"target\":[\"https:\/\/www.vert-intense.com\/activite-guadeloupe\/canyoning-guadeloupe\/randonnee-aquatique\/\"]}]},{\"@type\":\"ImageObject\",\"inLanguage\":\"de\",\"@id\":\"https:\/\/www.vert-intense.com\/activite-guadeloupe\/canyoning-guadeloupe\/randonnee-aquatique\/#primaryimage\",\"url\":\"https:\/\/i0.wp.com\/www.vert-intense.com\/wp-content\/uploads\/2023\/07\/acomat003-e1700261828476.jpg?fit=1200%2C902&ssl=1\",\"contentUrl\":\"https:\/\/i0.wp.com\/www.vert-intense.com\/wp-content\/uploads\/2023\/07\/acomat003-e1700261828476.jpg?fit=1200%2C902&ssl=1\",\"width\":1200,\"height\":902,\"caption\":\"randonn\u00e9e aquatique \u00e0 Acomat\"},{\"@type\":\"BreadcrumbList\",\"@id\":\"https:\/\/www.vert-intense.com\/activite-guadeloupe\/canyoning-guadeloupe\/randonnee-aquatique\/#breadcrumb\",\"itemListElement\":[{\"@type\":\"ListItem\",\"position\":1,\"name\":\"Accueil\",\"item\":\"https:\/\/www.vert-intense.com\/\"},{\"@type\":\"ListItem\",\"position\":2,\"name\":\"Activit\u00e9s nature en Guadeloupe\",\"item\":\"https:\/\/www.vert-intense.com\/\"},{\"@type\":\"ListItem\",\"position\":3,\"name\":\"Randonn\u00e9e aquatique\"}]},{\"@type\":\"WebSite\",\"@id\":\"https:\/\/www.vert-intense.com\/#website\",\"url\":\"https:\/\/www.vert-intense.com\/\",\"name\":\"Vert-Intense\",\"description\":\"R\u00e9servez vos activit\u00e9s d\u00e9couvertes en Guadeloupe\",\"publisher\":{\"@id\":\"https:\/\/www.vert-intense.com\/#organization\"},\"potentialAction\":[{\"@type\":\"SearchAction\",\"target\":{\"@type\":\"EntryPoint\",\"urlTemplate\":\"https:\/\/www.vert-intense.com\/?s={search_term_string}\"},\"query-input\":{\"@type\":\"PropertyValueSpecification\",\"valueRequired\":true,\"valueName\":\"search_term_string\"}}],\"inLanguage\":\"de\"},{\"@type\":\"Organization\",\"@id\":\"https:\/\/www.vert-intense.com\/#organization\",\"name\":\"Vert-Intense\",\"url\":\"https:\/\/www.vert-intense.com\/\",\"logo\":{\"@type\":\"ImageObject\",\"inLanguage\":\"de\",\"@id\":\"https:\/\/www.vert-intense.com\/#\/schema\/logo\/image\/\",\"url\":\"https:\/\/i0.wp.com\/www.vert-intense.com\/wp-content\/uploads\/2023\/07\/logo.png?fit=960%2C960&ssl=1\",\"contentUrl\":\"https:\/\/i0.wp.com\/www.vert-intense.com\/wp-content\/uploads\/2023\/07\/logo.png?fit=960%2C960&ssl=1\",\"width\":960,\"height\":960,\"caption\":\"Vert-Intense\"},\"image\":{\"@id\":\"https:\/\/www.vert-intense.com\/#\/schema\/logo\/image\/\"},\"sameAs\":[\"https:\/\/www.facebook.com\/vertintense\",\"https:\/\/www.tripadvisor.fr\/Attraction_Review-g1644623-d1649481-Reviews-Vert_Intense-Saint_Claude_Basse_Terre_Island_Guadeloupe.html\",\"https:\/\/www.tiktok.com\/@vertintense\",\"https:\/\/www.instagram.com\/vertintenseguadeloupe\/\",\"https:\/\/www.youtube.com\/channel\/UCRymXR1Pa7n50AOgFy9n3bA\"]}]}<\/script>\n<meta property=\"product:price:amount\" content=\"45\" \/>\n<meta property=\"product:price:currency\" content=\"EUR\" \/>\n<meta property=\"og:availability\" content=\"instock\" \/>\n<meta property=\"product:availability\" content=\"instock\" \/>\n<meta property=\"product:condition\" content=\"new\" \/>\n<!-- \/ Yoast SEO Premium plugin. -->","yoast_head_json":{"title":"Acomat Wasserwandern in Guadeloupe: Spa\u00df f\u00fcr alle","description":"Erlernen Sie das Canyoning mit der Wasserwanderung von Acomat auf Guadeloupe. Spr\u00fcnge und Rutschen erwarten Sie f\u00fcr eine unvergessliche Entdeckung!","robots":{"index":"index","follow":"follow","max-snippet":"max-snippet:-1","max-image-preview":"max-image-preview:large","max-video-preview":"max-video-preview:-1"},"canonical":"https:\/\/www.vert-intense.com\/de\/aktivitat-guadeloupe\/canyoning-guadeloupe\/wasserwanderung\/","og_locale":"de_DE","og_type":"article","og_title":"Randonn\u00e9e aquatique","og_description":"Venez vous initiez au canyoning avec la randonn\u00e9e aquatique de Acomat en Guadeloupe. Sauts et toboggans vous attendent pour une d\u00e9couverte inoubliable !","og_url":"https:\/\/www.vert-intense.com\/de\/aktivitat-guadeloupe\/canyoning-guadeloupe\/wasserwanderung\/","og_site_name":"Vert Intense","article_publisher":"https:\/\/www.facebook.com\/vertintense","article_modified_time":"2026-02-13T11:18:04+00:00","og_image":[{"width":1200,"height":902,"url":"https:\/\/www.vert-intense.com\/wp-content\/uploads\/2023\/07\/acomat003-e1700261828476.jpg","type":"image\/jpeg"}],"twitter_card":"summary_large_image","twitter_misc":{"Preis":"45&euro;","Verf\u00fcgbarkeit":"Auf Lager"},"schema":{"@context":"https:\/\/schema.org","@graph":[{"@type":"WebPage","@id":"https:\/\/www.vert-intense.com\/activite-guadeloupe\/canyoning-guadeloupe\/randonnee-aquatique\/","url":"https:\/\/www.vert-intense.com\/activite-guadeloupe\/canyoning-guadeloupe\/randonnee-aquatique\/","name":"Acomat Wasserwandern in Guadeloupe: Spa\u00df f\u00fcr alle","isPartOf":{"@id":"https:\/\/www.vert-intense.com\/#website"},"primaryImageOfPage":{"@id":"https:\/\/www.vert-intense.com\/activite-guadeloupe\/canyoning-guadeloupe\/randonnee-aquatique\/#primaryimage"},"image":{"@id":"https:\/\/www.vert-intense.com\/activite-guadeloupe\/canyoning-guadeloupe\/randonnee-aquatique\/#primaryimage"},"thumbnailUrl":"https:\/\/i0.wp.com\/www.vert-intense.com\/wp-content\/uploads\/2023\/07\/acomat003-e1700261828476.jpg?fit=1200%2C902&ssl=1","datePublished":"2023-07-26T14:02:14+00:00","dateModified":"2026-02-13T11:18:04+00:00","description":"Erlernen Sie das Canyoning mit der Wasserwanderung von Acomat auf Guadeloupe. Spr\u00fcnge und Rutschen erwarten Sie f\u00fcr eine unvergessliche Entdeckung!","breadcrumb":{"@id":"https:\/\/www.vert-intense.com\/activite-guadeloupe\/canyoning-guadeloupe\/randonnee-aquatique\/#breadcrumb"},"inLanguage":"de","potentialAction":[{"@type":"ReadAction","target":["https:\/\/www.vert-intense.com\/activite-guadeloupe\/canyoning-guadeloupe\/randonnee-aquatique\/"]}]},{"@type":"ImageObject","inLanguage":"de","@id":"https:\/\/www.vert-intense.com\/activite-guadeloupe\/canyoning-guadeloupe\/randonnee-aquatique\/#primaryimage","url":"https:\/\/i0.wp.com\/www.vert-intense.com\/wp-content\/uploads\/2023\/07\/acomat003-e1700261828476.jpg?fit=1200%2C902&ssl=1","contentUrl":"https:\/\/i0.wp.com\/www.vert-intense.com\/wp-content\/uploads\/2023\/07\/acomat003-e1700261828476.jpg?fit=1200%2C902&ssl=1","width":1200,"height":902,"caption":"randonn\u00e9e aquatique \u00e0 Acomat"},{"@type":"BreadcrumbList","@id":"https:\/\/www.vert-intense.com\/activite-guadeloupe\/canyoning-guadeloupe\/randonnee-aquatique\/#breadcrumb","itemListElement":[{"@type":"ListItem","position":1,"name":"Accueil","item":"https:\/\/www.vert-intense.com\/"},{"@type":"ListItem","position":2,"name":"Activit\u00e9s nature en Guadeloupe","item":"https:\/\/www.vert-intense.com\/"},{"@type":"ListItem","position":3,"name":"Randonn\u00e9e aquatique"}]},{"@type":"WebSite","@id":"https:\/\/www.vert-intense.com\/#website","url":"https:\/\/www.vert-intense.com\/","name":"Gr\u00fcn-Intensiv","description":"Buchen Sie Ihre Entdeckungsreisen in Guadeloupe","publisher":{"@id":"https:\/\/www.vert-intense.com\/#organization"},"potentialAction":[{"@type":"SearchAction","target":{"@type":"EntryPoint","urlTemplate":"https:\/\/www.vert-intense.com\/?s={search_term_string}"},"query-input":{"@type":"PropertyValueSpecification","valueRequired":true,"valueName":"search_term_string"}}],"inLanguage":"de"},{"@type":"Organization","@id":"https:\/\/www.vert-intense.com\/#organization","name":"Gr\u00fcn-Intensiv","url":"https:\/\/www.vert-intense.com\/","logo":{"@type":"ImageObject","inLanguage":"de","@id":"https:\/\/www.vert-intense.com\/#\/schema\/logo\/image\/","url":"https:\/\/i0.wp.com\/www.vert-intense.com\/wp-content\/uploads\/2023\/07\/logo.png?fit=960%2C960&ssl=1","contentUrl":"https:\/\/i0.wp.com\/www.vert-intense.com\/wp-content\/uploads\/2023\/07\/logo.png?fit=960%2C960&ssl=1","width":960,"height":960,"caption":"Vert-Intense"},"image":{"@id":"https:\/\/www.vert-intense.com\/#\/schema\/logo\/image\/"},"sameAs":["https:\/\/www.facebook.com\/vertintense","https:\/\/www.tripadvisor.fr\/Attraction_Review-g1644623-d1649481-Reviews-Vert_Intense-Saint_Claude_Basse_Terre_Island_Guadeloupe.html","https:\/\/www.tiktok.com\/@vertintense","https:\/\/www.instagram.com\/vertintenseguadeloupe\/","https:\/\/www.youtube.com\/channel\/UCRymXR1Pa7n50AOgFy9n3bA"]}]},"product_price_amount":"45","product_price_currency":"EUR","og_availability":"instock","product_availability":"instock","product_condition":"new"},"jetpack_sharing_enabled":true,"_links":{"self":[{"href":"https:\/\/www.vert-intense.com\/de\/wp-json\/wp\/v2\/product\/1569"}],"collection":[{"href":"https:\/\/www.vert-intense.com\/de\/wp-json\/wp\/v2\/product"}],"about":[{"href":"https:\/\/www.vert-intense.com\/de\/wp-json\/wp\/v2\/types\/product"}],"wp:featuredmedia":[{"embeddable":true,"href":"https:\/\/www.vert-intense.com\/de\/wp-json\/wp\/v2\/media\/2379"}],"wp:attachment":[{"href":"https:\/\/www.vert-intense.com\/de\/wp-json\/wp\/v2\/media?parent=1569"}],"wp:term":[{"taxonomy":"product_cat","embeddable":true,"href":"https:\/\/www.vert-intense.com\/de\/wp-json\/wp\/v2\/product_cat?post=1569"},{"taxonomy":"product_tag","embeddable":true,"href":"https:\/\/www.vert-intense.com\/de\/wp-json\/wp\/v2\/product_tag?post=1569"}],"curies":[{"name":"wp","href":"https:\/\/api.w.org\/{rel}","templated":true}]}}