{"id":2016,"date":"2023-08-31T06:41:56","date_gmt":"2023-08-31T04:41:56","guid":{"rendered":"http:\/\/xedhqzi.cluster100.hosting.ovh.net\/?page_id=2016"},"modified":"2026-02-21T13:33:34","modified_gmt":"2026-02-21T17:33:34","slug":"accommodation-guadeloupe-les-saintes-saint-martin","status":"publish","type":"page","link":"http:\/\/www.vert-intense.com\/en\/accommodation-guadeloupe-les-saintes-saint-martin\/","title":{"rendered":"Our accommodations : Guadeloupe, Les Saintes and Saint-Martin"},"content":{"rendered":"<div class=\"wp-block-group has-global-padding is-layout-constrained wp-container-core-group-is-layout-6 wp-block-group-is-layout-constrained\">\n<div class=\"wp-block-group has-global-padding is-content-justification-center is-layout-constrained wp-container-core-group-is-layout-5 wp-block-group-is-layout-constrained\" style=\"min-height:0px\">\n<div class=\"wp-block-columns alignwide is-layout-flex wp-container-core-columns-is-layout-1 wp-block-columns-is-layout-flex\">\n<div class=\"wp-block-column is-layout-flow wp-block-column-is-layout-flow\">\n<div class=\"wp-block-group overflow-hidden has-global-padding is-layout-constrained wp-container-core-group-is-layout-1 wp-block-group-is-layout-constrained\" style=\"border-radius:50px\">\n<figure class=\"wp-block-image size-large\"><img data-recalc-dims=\"1\" height=\"771\" width=\"1024\" decoding=\"async\" src=\"https:\/\/i0.wp.com\/www.vert-intense.com\/wp-content\/uploads\/2023\/12\/lesbananesvertespiscine-e1702653878841-1024x771.jpg?resize=1024%2C771&#038;ssl=1\" alt=\"Accommodation Guadeloupe Vert-Intense les bananes vertes\" style=\"aspect-ratio:1;object-fit:cover\"\/><\/figure>\n<\/div>\n<\/div>\n\n\n\n<div class=\"wp-block-column is-vertically-aligned-center is-layout-flow wp-block-column-is-layout-flow\">\n<div class=\"wp-block-group has-global-padding is-layout-constrained wp-block-group-is-layout-constrained\">\n<h4 class=\"wp-block-heading has-link-color wp-elements-f133b56190a9496f86e1fe1a49098b19\" id=\"h-ecolodges-les-bananes-vertes\"><a href=\"https:\/\/www.lesbananesvertes.fr\/\" target=\"_blank\" rel=\"noreferrer noopener\">Ecolodges les Bananes Vertes<\/a><\/h4>\n\n\n\n<div class=\"wp-block-group is-nowrap is-layout-flex wp-container-core-group-is-layout-3 wp-block-group-is-layout-flex\">\n<div class=\"wp-block-group overflow-hidden has-global-padding is-layout-constrained wp-block-group-is-layout-constrained\" style=\"border-radius:10px\">\n<p class=\"has-white-color has-text-color has-background has-link-color wp-elements-4857e11562849919d9d4f442f8520d58\" style=\"background-color:#009d01;padding-top:0px;padding-right:20px;padding-bottom:0px;padding-left:20px\"><a href=\"https:\/\/www.lesbananesvertes.fr\/\" target=\"_blank\" rel=\"noreferrer noopener\">Saint-Claude, Guadeloupe<\/a><\/p>\n<\/div>\n<\/div>\n<\/div>\n\n\n\n<p><\/p>\n\n\n\n<p style=\"padding-right:20px\">Les Bananes Vertes Ecolodges European Ecolabel nestled in a green setting at the foot of La Soufri\u00e8re in Guadeloupe, 450m above sea level. The bungalows are scattered around a tropical garden.&nbsp;<\/p>\n\n\n\n<div class=\"wp-block-buttons is-layout-flex wp-block-buttons-is-layout-flex\">\n<div class=\"wp-block-button see-link-hover\"><a class=\"wp-block-button__link has-background has-border-color wp-element-button\" href=\"https:\/\/www.lesbananesvertes.fr\/\" style=\"border-color:#45e10f;border-width:1px;border-radius:0px;background-color:#45e10f;padding-top:0px;padding-right:20px;padding-bottom:0px;padding-left:20px\" target=\"_blank\" rel=\"noreferrer noopener\">Discover<\/a><\/div>\n<\/div>\n<\/div>\n<\/div>\n<\/div>\n<\/div>\n\n\n\n<div style=\"height:50px\" aria-hidden=\"true\" class=\"wp-block-spacer\"><\/div>\n\n\n\n<hr class=\"wp-block-separator has-text-color has-alpha-channel-opacity has-background is-style-wide\" style=\"background-color:#b3b3b3;color:#b3b3b3\"\/>\n\n\n\n<div style=\"height:50px\" aria-hidden=\"true\" class=\"wp-block-spacer\"><\/div>\n\n\n\n<div class=\"wp-block-group has-global-padding is-layout-constrained wp-container-core-group-is-layout-12 wp-block-group-is-layout-constrained\">\n<div class=\"wp-block-group has-global-padding is-content-justification-center is-layout-constrained wp-container-core-group-is-layout-11 wp-block-group-is-layout-constrained\" style=\"min-height:0px\">\n<div class=\"wp-block-columns alignwide reverse-columns is-layout-flex wp-container-core-columns-is-layout-2 wp-block-columns-is-layout-flex\">\n<div class=\"wp-block-column is-vertically-aligned-center reverse-column is-layout-flow wp-block-column-is-layout-flow\">\n<div class=\"wp-block-group has-global-padding is-layout-constrained wp-block-group-is-layout-constrained\">\n<h4 class=\"wp-block-heading has-link-color wp-elements-75cf0e1283bd9e6c9d6625a5dcc02a11\" id=\"h-appartement-horizon-dore\"><a href=\"http:\/\/www.horizon-dore.fr\/\" target=\"_blank\" rel=\"noreferrer noopener\">Appartement Horizon Dor\u00e9<\/a><\/h4>\n\n\n\n<div class=\"wp-block-group is-nowrap is-layout-flex wp-container-core-group-is-layout-8 wp-block-group-is-layout-flex\">\n<div class=\"wp-block-group overflow-hidden has-global-padding is-layout-constrained wp-block-group-is-layout-constrained\" style=\"border-radius:10px\">\n<p class=\"has-white-color has-text-color has-background has-link-color wp-elements-e9eda332a626aa6a5e003858c2eeea61\" style=\"background-color:#009d01;padding-top:0px;padding-right:20px;padding-bottom:0px;padding-left:20px\"><a href=\"http:\/\/www.horizon-dore.fr\/\" target=\"_blank\" rel=\"noreferrer noopener\">Gourbeyre, Guadeloupe<\/a><\/p>\n<\/div>\n<\/div>\n<\/div>\n\n\n\n<p><\/p>\n\n\n\n<p style=\"padding-right:0px\">L&#8217; appartement Horizon Dor\u00e9 se situe Marina de Rivi\u00e8re Sens en premi\u00e8re ligne face \u00e0 la mer des Cara\u00efbes. La r\u00e9sidence dispose d &#8216;une piscine priv\u00e9e. Les commerces sont \u00e0 2 minutes \u00e0 pied, un march\u00e9 local est pr\u00e9sent tous les samedi matin. Le march\u00e9 aux poissons est tous les jours. La r\u00e9sidence est s\u00e9curis\u00e9e et vous disposez d &#8216;un parking priv\u00e9 couvert. Horizon dor\u00e9 peut accueillir jusqu&#8217;\u00e0 6 personnes.<\/p>\n\n\n\n<div class=\"wp-block-buttons is-layout-flex wp-block-buttons-is-layout-flex\">\n<div class=\"wp-block-button see-link-hover\"><a class=\"wp-block-button__link has-background has-border-color wp-element-button\" href=\"http:\/\/www.horizon-dore.fr\/\" style=\"border-color:#45e10f;border-width:1px;border-radius:0px;background-color:#45e10f;padding-top:0px;padding-right:20px;padding-bottom:0px;padding-left:20px\" target=\"_blank\" rel=\"noreferrer noopener\">Discover<\/a><\/div>\n<\/div>\n<\/div>\n\n\n\n<div class=\"wp-block-column reverse-column is-layout-flow wp-block-column-is-layout-flow\">\n<div class=\"wp-block-group overflow-hidden has-global-padding is-layout-constrained wp-container-core-group-is-layout-10 wp-block-group-is-layout-constrained\" style=\"border-radius:50px\">\n<figure class=\"wp-block-image size-large\"><img data-recalc-dims=\"1\" loading=\"lazy\" decoding=\"async\" width=\"1024\" height=\"768\" src=\"https:\/\/i0.wp.com\/www.vert-intense.com\/wp-content\/uploads\/2026\/02\/Horizon-dore.jpg?resize=1024%2C768&#038;ssl=1\" alt=\"horizon dore terrasse\" class=\"wp-image-17307\" style=\"aspect-ratio:1;object-fit:cover\" srcset=\"https:\/\/i0.wp.com\/www.vert-intense.com\/wp-content\/uploads\/2026\/02\/Horizon-dore.jpg?resize=1024%2C768&amp;ssl=1 1024w, https:\/\/i0.wp.com\/www.vert-intense.com\/wp-content\/uploads\/2026\/02\/Horizon-dore.jpg?resize=300%2C225&amp;ssl=1 300w, https:\/\/i0.wp.com\/www.vert-intense.com\/wp-content\/uploads\/2026\/02\/Horizon-dore.jpg?resize=768%2C576&amp;ssl=1 768w, https:\/\/i0.wp.com\/www.vert-intense.com\/wp-content\/uploads\/2026\/02\/Horizon-dore.jpg?resize=16%2C12&amp;ssl=1 16w, https:\/\/i0.wp.com\/www.vert-intense.com\/wp-content\/uploads\/2026\/02\/Horizon-dore.jpg?resize=600%2C450&amp;ssl=1 600w, https:\/\/i0.wp.com\/www.vert-intense.com\/wp-content\/uploads\/2026\/02\/Horizon-dore.jpg?w=1280&amp;ssl=1 1280w\" sizes=\"(max-width: 1000px) 100vw, 1000px\" \/><\/figure>\n<\/div>\n<\/div>\n<\/div>\n<\/div>\n<\/div>\n\n\n\n<div style=\"height:50px\" aria-hidden=\"true\" class=\"wp-block-spacer\"><\/div>\n\n\n\n<hr class=\"wp-block-separator has-text-color has-alpha-channel-opacity has-background is-style-wide\" style=\"background-color:#b3b3b3;color:#b3b3b3\"\/>\n\n\n\n<div style=\"height:50px\" aria-hidden=\"true\" class=\"wp-block-spacer\"><\/div>\n\n\n\n<div class=\"wp-block-group has-global-padding is-layout-constrained wp-container-core-group-is-layout-18 wp-block-group-is-layout-constrained\">\n<div class=\"wp-block-group has-global-padding is-content-justification-center is-layout-constrained wp-container-core-group-is-layout-17 wp-block-group-is-layout-constrained\" style=\"min-height:0px\">\n<div class=\"wp-block-columns alignwide reverse-columns is-layout-flex wp-container-core-columns-is-layout-3 wp-block-columns-is-layout-flex\">\n<div class=\"wp-block-column reverse-column is-layout-flow wp-block-column-is-layout-flow\">\n<div class=\"wp-block-group overflow-hidden has-global-padding is-layout-constrained wp-container-core-group-is-layout-13 wp-block-group-is-layout-constrained\" style=\"border-radius:50px\">\n<figure class=\"wp-block-image size-large\"><img data-recalc-dims=\"1\" decoding=\"async\" src=\"https:\/\/i0.wp.com\/www.vert-intense.com\/wp-content\/uploads\/2023\/11\/saintes.webp-e1700262901690.jpg?ssl=1\" alt=\"Lodging les Saintes Vert-Intense small villa\" style=\"aspect-ratio:1;object-fit:cover\"\/><\/figure>\n<\/div>\n<\/div>\n\n\n\n<div class=\"wp-block-column is-vertically-aligned-center reverse-column is-layout-flow wp-block-column-is-layout-flow\">\n<div class=\"wp-block-group has-global-padding is-layout-constrained wp-block-group-is-layout-constrained\">\n<h4 class=\"wp-block-heading has-link-color wp-elements-70e77d40e8c633d5975bb4971a668e31\" id=\"h-la-petite-villa-des-saintes\"><a href=\"https:\/\/www.lapetitevilladessaintes.fr\/\" target=\"_blank\" rel=\"noreferrer noopener\">The Petite Villa des Saintes<\/a><\/h4>\n\n\n\n<div class=\"wp-block-group is-nowrap is-layout-flex wp-container-core-group-is-layout-15 wp-block-group-is-layout-flex\">\n<div class=\"wp-block-group overflow-hidden has-global-padding is-layout-constrained wp-block-group-is-layout-constrained\" style=\"border-radius:10px\">\n<p class=\"has-white-color has-text-color has-background has-link-color wp-elements-c7255ec14523fbbb13566cebd4f7398f\" style=\"background-color:#009d01;padding-top:0px;padding-right:20px;padding-bottom:0px;padding-left:20px\"><a href=\"https:\/\/www.lapetitevilladessaintes.fr\/\" target=\"_blank\" rel=\"noreferrer noopener\">Terre-de-Haut, Guadeloupe<\/a><\/p>\n<\/div>\n<\/div>\n<\/div>\n\n\n\n<p><\/p>\n\n\n\n<p style=\"padding-right:0px\">La Petite Villa des Saintes consists of two houses for two people, each with a small private pool. The view from the terrace is fantastic, and the beach and shops are just a few minutes' walk away.<\/p>\n\n\n\n<div class=\"wp-block-buttons is-layout-flex wp-block-buttons-is-layout-flex\">\n<div class=\"wp-block-button see-link-hover\"><a class=\"wp-block-button__link has-background has-border-color wp-element-button\" href=\"https:\/\/www.lapetitevilladessaintes.fr\/\" style=\"border-color:#45e10f;border-width:1px;border-radius:0px;background-color:#45e10f;padding-top:0px;padding-right:20px;padding-bottom:0px;padding-left:20px\" target=\"_blank\" rel=\"noreferrer noopener\">Discover<\/a><\/div>\n<\/div>\n<\/div>\n<\/div>\n<\/div>\n<\/div>\n\n\n\n<div style=\"height:50px\" aria-hidden=\"true\" class=\"wp-block-spacer\"><\/div>\n\n\n\n<hr class=\"wp-block-separator has-text-color has-alpha-channel-opacity has-background is-style-wide\" style=\"background-color:#b3b3b3;color:#b3b3b3\"\/>\n\n\n\n<div style=\"height:50px\" aria-hidden=\"true\" class=\"wp-block-spacer\"><\/div>\n\n\n\n<div class=\"wp-block-group has-global-padding is-layout-constrained wp-container-core-group-is-layout-24 wp-block-group-is-layout-constrained\">\n<div class=\"wp-block-group has-global-padding is-content-justification-center is-layout-constrained wp-container-core-group-is-layout-23 wp-block-group-is-layout-constrained\" style=\"min-height:0px\">\n<div class=\"wp-block-columns alignwide is-layout-flex wp-container-core-columns-is-layout-4 wp-block-columns-is-layout-flex\">\n<div class=\"wp-block-column is-vertically-aligned-center is-layout-flow wp-block-column-is-layout-flow\">\n<div class=\"wp-block-group has-global-padding is-layout-constrained wp-block-group-is-layout-constrained\">\n<h4 class=\"wp-block-heading has-text-color has-link-color wp-elements-f446a44b5ffb547b13d1889e23cef48e\" id=\"h-passion-bleu-marine\" style=\"color:#0d173b\"><a href=\"https:\/\/www.passionbleumarine.com\/\" target=\"_blank\" rel=\"noreferrer noopener\">Passion Bleu Marine<\/a><\/h4>\n\n\n\n<div class=\"wp-block-group is-nowrap is-layout-flex wp-container-core-group-is-layout-20 wp-block-group-is-layout-flex\">\n<div class=\"wp-block-group overflow-hidden has-global-padding is-layout-constrained wp-block-group-is-layout-constrained\" style=\"border-radius:10px\">\n<p class=\"has-white-color has-text-color has-background has-link-color wp-elements-638eaa0c2a019c1cabcd39d3fbaa455f\" style=\"background-color:#009d01;padding-top:0px;padding-right:20px;padding-bottom:0px;padding-left:20px\"><a href=\"https:\/\/www.passionbleumarine.com\/\" target=\"_blank\" rel=\"noreferrer noopener\">Grand-Case, Saint-Martin<\/a><\/p>\n<\/div>\n<\/div>\n<\/div>\n\n\n\n<p><\/p>\n\n\n\n<p style=\"padding-right:20px\">Passion Bleu Marine an apartment located on Grand Case beach in Saint-Martin, close to numerous stores, gourmet restaurants and Baie Orientale.<\/p>\n\n\n\n<div class=\"wp-block-buttons is-layout-flex wp-block-buttons-is-layout-flex\">\n<div class=\"wp-block-button see-link-hover\"><a class=\"wp-block-button__link has-background has-border-color wp-element-button\" href=\"https:\/\/www.passionbleumarine.com\/\" style=\"border-color:#45e10f;border-width:1px;border-radius:0px;background-color:#45e10f;padding-top:0px;padding-right:20px;padding-bottom:0px;padding-left:20px\" target=\"_blank\" rel=\"noreferrer noopener\">Discover<\/a><\/div>\n<\/div>\n<\/div>\n\n\n\n<div class=\"wp-block-column is-layout-flow wp-block-column-is-layout-flow\">\n<div class=\"wp-block-group overflow-hidden has-global-padding is-layout-constrained wp-container-core-group-is-layout-22 wp-block-group-is-layout-constrained\" style=\"border-radius:50px\">\n<figure class=\"wp-block-image size-large\"><img data-recalc-dims=\"1\" decoding=\"async\" src=\"https:\/\/i0.wp.com\/www.vert-intense.com\/wp-content\/uploads\/2024\/03\/passionbleumarine.jpg?ssl=1\" alt=\"Accommodation Saint-Martin Vert-Intense beach apartment\" style=\"aspect-ratio:1;object-fit:cover\"\/><\/figure>\n<\/div>\n<\/div>\n<\/div>\n<\/div>\n<\/div>","protected":false},"excerpt":{"rendered":"<p>\u00c9colodges les Bananes Vertes Saint-Claude, Guadeloupe Les Bananes Vertes \u00c9colodges Ecolabel Europ\u00e9en nich\u00e9s dans un \u00e9crin de verdure, au pied de la Soufri\u00e8re en Guadeloupe, \u00e0 450m d&#8217;altitude. Les bungalows sont dispers\u00e9s dans un jardin tropical.&nbsp; Appartement Horizon Dor\u00e9 Gourbeyre, Guadeloupe L&#8217; appartement Horizon Dor\u00e9 se situe Marina de Rivi\u00e8re Sens en premi\u00e8re ligne face [&hellip;]<\/p>","protected":false},"author":1,"featured_media":2323,"parent":0,"menu_order":0,"comment_status":"closed","ping_status":"closed","template":"","meta":{"footnotes":""},"class_list":["post-2016","page","type-page","status-publish","has-post-thumbnail","hentry"],"yoast_head":"<!-- This site is optimized with the Yoast SEO Premium plugin v25.3.1 (Yoast SEO v25.3.1) - https:\/\/yoast.com\/wordpress\/plugins\/seo\/ -->\n<title>Nos h\u00e9bergements : Guadeloupe, Les Saintes et Saint-Martin - Vert Intense<\/title>\n<meta name=\"description\" content=\"D\u00e9couvrez nos h\u00e9bergements : \u00e9colodges de charme au pied du volcan en Guadeloupe, petite villa aux Saintes, appartement \u00e0 Saint-Martin.\" \/>\n<meta name=\"robots\" content=\"index, follow, max-snippet:-1, max-image-preview:large, max-video-preview:-1\" \/>\n<link rel=\"canonical\" href=\"https:\/\/www.vert-intense.com\/en\/accommodation-guadeloupe-les-saintes-saint-martin\/\" \/>\n<meta property=\"og:locale\" content=\"en_US\" \/>\n<meta property=\"og:type\" content=\"article\" \/>\n<meta property=\"og:title\" content=\"Nos h\u00e9bergements : Guadeloupe, Les Saintes et Saint-Martin\" \/>\n<meta property=\"og:description\" content=\"D\u00e9couvrez nos h\u00e9bergements : \u00e9colodges de charme au pied du volcan en Guadeloupe, petite villa aux Saintes, appartement \u00e0 Saint-Martin.\" \/>\n<meta property=\"og:url\" content=\"https:\/\/www.vert-intense.com\/en\/accommodation-guadeloupe-les-saintes-saint-martin\/\" \/>\n<meta property=\"og:site_name\" content=\"Vert Intense\" \/>\n<meta property=\"article:publisher\" content=\"https:\/\/www.facebook.com\/vertintense\" \/>\n<meta property=\"article:modified_time\" content=\"2026-02-21T17:33:34+00:00\" \/>\n<meta property=\"og:image\" content=\"https:\/\/www.vert-intense.com\/wp-content\/uploads\/2023\/11\/20231018_140800-1-e1702656363688.jpg\" \/>\n\t<meta property=\"og:image:width\" content=\"1554\" \/>\n\t<meta property=\"og:image:height\" content=\"1166\" \/>\n\t<meta property=\"og:image:type\" content=\"image\/jpeg\" \/>\n<meta name=\"twitter:card\" content=\"summary_large_image\" \/>\n<meta name=\"twitter:label1\" content=\"Est. reading time\" \/>\n\t<meta name=\"twitter:data1\" content=\"2 minutes\" \/>\n<script type=\"application\/ld+json\" class=\"yoast-schema-graph\">{\"@context\":\"https:\/\/schema.org\",\"@graph\":[{\"@type\":\"WebPage\",\"@id\":\"https:\/\/www.vert-intense.com\/hebergements-guadeloupe-les-saintes-saint-martin\/\",\"url\":\"https:\/\/www.vert-intense.com\/hebergements-guadeloupe-les-saintes-saint-martin\/\",\"name\":\"Nos h\u00e9bergements : Guadeloupe, Les Saintes et Saint-Martin - Vert Intense\",\"isPartOf\":{\"@id\":\"https:\/\/www.vert-intense.com\/#website\"},\"primaryImageOfPage\":{\"@id\":\"https:\/\/www.vert-intense.com\/hebergements-guadeloupe-les-saintes-saint-martin\/#primaryimage\"},\"image\":{\"@id\":\"https:\/\/www.vert-intense.com\/hebergements-guadeloupe-les-saintes-saint-martin\/#primaryimage\"},\"thumbnailUrl\":\"https:\/\/i0.wp.com\/www.vert-intense.com\/wp-content\/uploads\/2023\/11\/20231018_140800-1-e1702656363688.jpg?fit=1554%2C1166&ssl=1\",\"datePublished\":\"2023-08-31T04:41:56+00:00\",\"dateModified\":\"2026-02-21T17:33:34+00:00\",\"description\":\"D\u00e9couvrez nos h\u00e9bergements : \u00e9colodges de charme au pied du volcan en Guadeloupe, petite villa aux Saintes, appartement \u00e0 Saint-Martin.\",\"breadcrumb\":{\"@id\":\"https:\/\/www.vert-intense.com\/hebergements-guadeloupe-les-saintes-saint-martin\/#breadcrumb\"},\"inLanguage\":\"en-US\",\"potentialAction\":[{\"@type\":\"ReadAction\",\"target\":[\"https:\/\/www.vert-intense.com\/hebergements-guadeloupe-les-saintes-saint-martin\/\"]}]},{\"@type\":\"ImageObject\",\"inLanguage\":\"en-US\",\"@id\":\"https:\/\/www.vert-intense.com\/hebergements-guadeloupe-les-saintes-saint-martin\/#primaryimage\",\"url\":\"https:\/\/i0.wp.com\/www.vert-intense.com\/wp-content\/uploads\/2023\/11\/20231018_140800-1-e1702656363688.jpg?fit=1554%2C1166&ssl=1\",\"contentUrl\":\"https:\/\/i0.wp.com\/www.vert-intense.com\/wp-content\/uploads\/2023\/11\/20231018_140800-1-e1702656363688.jpg?fit=1554%2C1166&ssl=1\",\"width\":1554,\"height\":1166,\"caption\":\"piscine, les Bananes Vertes, Saint-claude, Guadeloupe\"},{\"@type\":\"BreadcrumbList\",\"@id\":\"https:\/\/www.vert-intense.com\/hebergements-guadeloupe-les-saintes-saint-martin\/#breadcrumb\",\"itemListElement\":[{\"@type\":\"ListItem\",\"position\":1,\"name\":\"Accueil\",\"item\":\"https:\/\/www.vert-intense.com\/\"},{\"@type\":\"ListItem\",\"position\":2,\"name\":\"Nos h\u00e9bergements : Guadeloupe, Les Saintes et Saint-Martin\"}]},{\"@type\":\"WebSite\",\"@id\":\"https:\/\/www.vert-intense.com\/#website\",\"url\":\"https:\/\/www.vert-intense.com\/\",\"name\":\"Vert-Intense\",\"description\":\"R\u00e9servez vos activit\u00e9s d\u00e9couvertes en Guadeloupe\",\"publisher\":{\"@id\":\"https:\/\/www.vert-intense.com\/#organization\"},\"potentialAction\":[{\"@type\":\"SearchAction\",\"target\":{\"@type\":\"EntryPoint\",\"urlTemplate\":\"https:\/\/www.vert-intense.com\/?s={search_term_string}\"},\"query-input\":{\"@type\":\"PropertyValueSpecification\",\"valueRequired\":true,\"valueName\":\"search_term_string\"}}],\"inLanguage\":\"en-US\"},{\"@type\":\"Organization\",\"@id\":\"https:\/\/www.vert-intense.com\/#organization\",\"name\":\"Vert-Intense\",\"url\":\"https:\/\/www.vert-intense.com\/\",\"logo\":{\"@type\":\"ImageObject\",\"inLanguage\":\"en-US\",\"@id\":\"https:\/\/www.vert-intense.com\/#\/schema\/logo\/image\/\",\"url\":\"https:\/\/i0.wp.com\/www.vert-intense.com\/wp-content\/uploads\/2023\/07\/logo.png?fit=960%2C960&ssl=1\",\"contentUrl\":\"https:\/\/i0.wp.com\/www.vert-intense.com\/wp-content\/uploads\/2023\/07\/logo.png?fit=960%2C960&ssl=1\",\"width\":960,\"height\":960,\"caption\":\"Vert-Intense\"},\"image\":{\"@id\":\"https:\/\/www.vert-intense.com\/#\/schema\/logo\/image\/\"},\"sameAs\":[\"https:\/\/www.facebook.com\/vertintense\",\"https:\/\/www.tripadvisor.fr\/Attraction_Review-g1644623-d1649481-Reviews-Vert_Intense-Saint_Claude_Basse_Terre_Island_Guadeloupe.html\",\"https:\/\/www.tiktok.com\/@vertintense\",\"https:\/\/www.instagram.com\/vertintenseguadeloupe\/\",\"https:\/\/www.youtube.com\/channel\/UCRymXR1Pa7n50AOgFy9n3bA\"]}]}<\/script>\n<!-- \/ Yoast SEO Premium plugin. -->","yoast_head_json":{"title":"Our accommodations : Guadeloupe, Les Saintes and Saint-Martin - Vert Intense","description":"Discover our accommodations: charming ecolodges at the foot of the volcano in Guadeloupe, small villa in Les Saintes, apartment in Saint-Martin.","robots":{"index":"index","follow":"follow","max-snippet":"max-snippet:-1","max-image-preview":"max-image-preview:large","max-video-preview":"max-video-preview:-1"},"canonical":"https:\/\/www.vert-intense.com\/en\/accommodation-guadeloupe-les-saintes-saint-martin\/","og_locale":"en_US","og_type":"article","og_title":"Nos h\u00e9bergements : Guadeloupe, Les Saintes et Saint-Martin","og_description":"D\u00e9couvrez nos h\u00e9bergements : \u00e9colodges de charme au pied du volcan en Guadeloupe, petite villa aux Saintes, appartement \u00e0 Saint-Martin.","og_url":"https:\/\/www.vert-intense.com\/en\/accommodation-guadeloupe-les-saintes-saint-martin\/","og_site_name":"Vert Intense","article_publisher":"https:\/\/www.facebook.com\/vertintense","article_modified_time":"2026-02-21T17:33:34+00:00","og_image":[{"width":1554,"height":1166,"url":"https:\/\/www.vert-intense.com\/wp-content\/uploads\/2023\/11\/20231018_140800-1-e1702656363688.jpg","type":"image\/jpeg"}],"twitter_card":"summary_large_image","twitter_misc":{"Est. reading time":"2 minutes"},"schema":{"@context":"https:\/\/schema.org","@graph":[{"@type":"WebPage","@id":"https:\/\/www.vert-intense.com\/hebergements-guadeloupe-les-saintes-saint-martin\/","url":"https:\/\/www.vert-intense.com\/hebergements-guadeloupe-les-saintes-saint-martin\/","name":"Our accommodations : Guadeloupe, Les Saintes and Saint-Martin - Vert Intense","isPartOf":{"@id":"https:\/\/www.vert-intense.com\/#website"},"primaryImageOfPage":{"@id":"https:\/\/www.vert-intense.com\/hebergements-guadeloupe-les-saintes-saint-martin\/#primaryimage"},"image":{"@id":"https:\/\/www.vert-intense.com\/hebergements-guadeloupe-les-saintes-saint-martin\/#primaryimage"},"thumbnailUrl":"https:\/\/i0.wp.com\/www.vert-intense.com\/wp-content\/uploads\/2023\/11\/20231018_140800-1-e1702656363688.jpg?fit=1554%2C1166&ssl=1","datePublished":"2023-08-31T04:41:56+00:00","dateModified":"2026-02-21T17:33:34+00:00","description":"Discover our accommodations: charming ecolodges at the foot of the volcano in Guadeloupe, small villa in Les Saintes, apartment in Saint-Martin.","breadcrumb":{"@id":"https:\/\/www.vert-intense.com\/hebergements-guadeloupe-les-saintes-saint-martin\/#breadcrumb"},"inLanguage":"en-US","potentialAction":[{"@type":"ReadAction","target":["https:\/\/www.vert-intense.com\/hebergements-guadeloupe-les-saintes-saint-martin\/"]}]},{"@type":"ImageObject","inLanguage":"en-US","@id":"https:\/\/www.vert-intense.com\/hebergements-guadeloupe-les-saintes-saint-martin\/#primaryimage","url":"https:\/\/i0.wp.com\/www.vert-intense.com\/wp-content\/uploads\/2023\/11\/20231018_140800-1-e1702656363688.jpg?fit=1554%2C1166&ssl=1","contentUrl":"https:\/\/i0.wp.com\/www.vert-intense.com\/wp-content\/uploads\/2023\/11\/20231018_140800-1-e1702656363688.jpg?fit=1554%2C1166&ssl=1","width":1554,"height":1166,"caption":"piscine, les Bananes Vertes, Saint-claude, Guadeloupe"},{"@type":"BreadcrumbList","@id":"https:\/\/www.vert-intense.com\/hebergements-guadeloupe-les-saintes-saint-martin\/#breadcrumb","itemListElement":[{"@type":"ListItem","position":1,"name":"Accueil","item":"https:\/\/www.vert-intense.com\/"},{"@type":"ListItem","position":2,"name":"Nos h\u00e9bergements : Guadeloupe, Les Saintes et Saint-Martin"}]},{"@type":"WebSite","@id":"https:\/\/www.vert-intense.com\/#website","url":"https:\/\/www.vert-intense.com\/","name":"Intense Green","description":"Book your discovery activities in Guadeloupe","publisher":{"@id":"https:\/\/www.vert-intense.com\/#organization"},"potentialAction":[{"@type":"SearchAction","target":{"@type":"EntryPoint","urlTemplate":"https:\/\/www.vert-intense.com\/?s={search_term_string}"},"query-input":{"@type":"PropertyValueSpecification","valueRequired":true,"valueName":"search_term_string"}}],"inLanguage":"en-US"},{"@type":"Organization","@id":"https:\/\/www.vert-intense.com\/#organization","name":"Intense Green","url":"https:\/\/www.vert-intense.com\/","logo":{"@type":"ImageObject","inLanguage":"en-US","@id":"https:\/\/www.vert-intense.com\/#\/schema\/logo\/image\/","url":"https:\/\/i0.wp.com\/www.vert-intense.com\/wp-content\/uploads\/2023\/07\/logo.png?fit=960%2C960&ssl=1","contentUrl":"https:\/\/i0.wp.com\/www.vert-intense.com\/wp-content\/uploads\/2023\/07\/logo.png?fit=960%2C960&ssl=1","width":960,"height":960,"caption":"Vert-Intense"},"image":{"@id":"https:\/\/www.vert-intense.com\/#\/schema\/logo\/image\/"},"sameAs":["https:\/\/www.facebook.com\/vertintense","https:\/\/www.tripadvisor.fr\/Attraction_Review-g1644623-d1649481-Reviews-Vert_Intense-Saint_Claude_Basse_Terre_Island_Guadeloupe.html","https:\/\/www.tiktok.com\/@vertintense","https:\/\/www.instagram.com\/vertintenseguadeloupe\/","https:\/\/www.youtube.com\/channel\/UCRymXR1Pa7n50AOgFy9n3bA"]}]}},"jetpack_sharing_enabled":true,"_links":{"self":[{"href":"http:\/\/www.vert-intense.com\/en\/wp-json\/wp\/v2\/pages\/2016"}],"collection":[{"href":"http:\/\/www.vert-intense.com\/en\/wp-json\/wp\/v2\/pages"}],"about":[{"href":"http:\/\/www.vert-intense.com\/en\/wp-json\/wp\/v2\/types\/page"}],"author":[{"embeddable":true,"href":"http:\/\/www.vert-intense.com\/en\/wp-json\/wp\/v2\/users\/1"}],"replies":[{"embeddable":true,"href":"http:\/\/www.vert-intense.com\/en\/wp-json\/wp\/v2\/comments?post=2016"}],"version-history":[{"count":41,"href":"http:\/\/www.vert-intense.com\/en\/wp-json\/wp\/v2\/pages\/2016\/revisions"}],"predecessor-version":[{"id":17308,"href":"http:\/\/www.vert-intense.com\/en\/wp-json\/wp\/v2\/pages\/2016\/revisions\/17308"}],"wp:featuredmedia":[{"embeddable":true,"href":"http:\/\/www.vert-intense.com\/en\/wp-json\/wp\/v2\/media\/2323"}],"wp:attachment":[{"href":"http:\/\/www.vert-intense.com\/en\/wp-json\/wp\/v2\/media?parent=2016"}],"curies":[{"name":"wp","href":"https:\/\/api.w.org\/{rel}","templated":true}]}}