{"id":1865,"date":"2023-08-16T10:18:00","date_gmt":"2023-08-16T08:18:00","guid":{"rendered":"http:\/\/xedhqzi.cluster100.hosting.ovh.net\/?page_id=1865"},"modified":"2023-08-17T14:10:58","modified_gmt":"2023-08-17T12:10:58","slug":"wer-sind-wir","status":"publish","type":"page","link":"http:\/\/www.vert-intense.com\/de\/wer-sind-wir\/","title":{"rendered":"Wer sind wir?"},"content":{"rendered":"<p>Vert intense wurde 1996 von Laurence und Eric gegr\u00fcndet, die beide begeisterte Bergsportler sind. Seit seiner Gr\u00fcndung bietet Vert-Intense die M\u00f6glichkeit, das Archipel Guadeloupe durch Aktivit\u00e4ten in der freien Natur zu entdecken. Teddy und Xavier, die von Anfang an dabei waren, sind heute die St\u00fctzen des Unternehmens.<\/p>\n\n\n\n<p>Um der immer gr\u00f6\u00dfer werdenden Nachfrage gerecht zu werden, wurde Vert-intense 2006 zu einer Incoming-Agentur, die sich auf Sport- und Naturreisen auf den Inseln von Guadeloupe spezialisiert hat.<\/p>\n\n\n\n<p>Schlie\u00dflich hat Vert-Intense im Jahr 2009 eine Unterkunft geschaffen, die den Erwartungen der Naturliebhaber entspricht. Les Bananes Vertes empf\u00e4ngt Sie in der Gemeinde Saint-Claude am Rande des Nationalparks von Guadeloupe, direkt unterhalb des Schwefelmeers. Es ist der ideale Ausgangspunkt f\u00fcr Aktivit\u00e4ten in der Natur.<\/p>\n\n\n\n<p>Aufgrund unserer Erfahrung, unserer Kenntnisse und des Terrains haben wir neben den Aktivit\u00e4ten, die wir betreuen, eine Auswahl einiger Partner getroffen, die von ihrem Beruf begeistert sind. Jeder in seinem Bereich freut sich, Sie willkommen zu hei\u00dfen und mit Ihnen ihre Liebe zu Guadeloupe zu teilen.<\/p>\n\n\n\n<p>Wir laden Sie dazu ein, Ihren Abenteuer- und Natururlaub nach Ma\u00df zu gestalten. Ob Sie allein oder in einer Gruppe unterwegs sind, ob Sie ein Gelegenheitswanderer oder ein erfahrener Sportler sind, auf den Seiten unserer Website finden Sie alle Elemente, um Ihre Reise nach Ihren W\u00fcnschen zu gestalten.<\/p>\n\n\n\n<p>Z\u00f6gern Sie nicht, uns zu fragen, wir stehen Ihnen gerne zur Verf\u00fcgung.<\/p>\n\n\n\n<p>Team Vert-intense.<\/p>","protected":false},"excerpt":{"rendered":"<p>Vert intense wurde 1996 von Laurence und Eric gegr\u00fcndet, die beide begeisterte Bergsportler sind. Seit seiner Gr\u00fcndung bietet Vert-Intense die M\u00f6glichkeit, das Archipel Guadeloupe durch Aktivit\u00e4ten in der freien Natur zu entdecken. Sehr schnell schlossen sich ihnen andere Bergf\u00fchrer in diesem Abenteuer an. Teddy und Xavier, die von Anfang an dabei waren, sind heute [...].<\/p>","protected":false},"author":1,"featured_media":0,"parent":0,"menu_order":0,"comment_status":"closed","ping_status":"closed","template":"","meta":{"footnotes":""},"class_list":["post-1865","page","type-page","status-publish","hentry"],"yoast_head":"<!-- This site is optimized with the Yoast SEO Premium plugin v25.3.1 (Yoast SEO v25.3.1) - https:\/\/yoast.com\/wordpress\/plugins\/seo\/ -->\n<title>Qui sommes nous ? - Vert Intense<\/title>\n<meta name=\"robots\" content=\"index, follow, max-snippet:-1, max-image-preview:large, max-video-preview:-1\" \/>\n<link rel=\"canonical\" href=\"https:\/\/www.vert-intense.com\/de\/wer-sind-wir\/\" \/>\n<meta property=\"og:locale\" content=\"de_DE\" \/>\n<meta property=\"og:type\" content=\"article\" \/>\n<meta property=\"og:title\" content=\"Qui sommes nous ?\" \/>\n<meta property=\"og:description\" content=\"Vert intense a \u00e9t\u00e9 cr\u00e9e en 1996 par Laurence et Eric, tous deux passionn\u00e9s de sports de montagne. Depuis sa cr\u00e9ation, Vert-Intense propose de d\u00e9couvrir l&#8217;archipel de la Guadeloupe en pratiquant les activit\u00e9s de pleine nature. Tr\u00e8s rapidement d&#8217;autres accompagnateurs en montagne les ont rejoint dans cette aventure, Teddy, Xavier&nbsp;pr\u00e9sents depuis les d\u00e9but sont aujourd\u2019hui [&hellip;]\" \/>\n<meta property=\"og:url\" content=\"https:\/\/www.vert-intense.com\/de\/wer-sind-wir\/\" \/>\n<meta property=\"og:site_name\" content=\"Vert Intense\" \/>\n<meta property=\"article:publisher\" content=\"https:\/\/www.facebook.com\/vertintense\" \/>\n<meta property=\"article:modified_time\" content=\"2023-08-17T12:10:58+00:00\" \/>\n<meta property=\"og:image\" content=\"https:\/\/i0.wp.com\/www.vert-intense.com\/wp-content\/uploads\/2024\/07\/home.png?fit=1358%2C735&ssl=1\" \/>\n\t<meta property=\"og:image:width\" content=\"1358\" \/>\n\t<meta property=\"og:image:height\" content=\"735\" \/>\n\t<meta property=\"og:image:type\" content=\"image\/png\" \/>\n<meta name=\"twitter:card\" content=\"summary_large_image\" \/>\n<meta name=\"twitter:label1\" content=\"Gesch\u00e4tzte Lesezeit\" \/>\n\t<meta name=\"twitter:data1\" content=\"1 Minute\" \/>\n<script type=\"application\/ld+json\" class=\"yoast-schema-graph\">{\"@context\":\"https:\/\/schema.org\",\"@graph\":[{\"@type\":\"WebPage\",\"@id\":\"https:\/\/www.vert-intense.com\/qui-sommes-nous\/\",\"url\":\"https:\/\/www.vert-intense.com\/qui-sommes-nous\/\",\"name\":\"Qui sommes nous ? - Vert Intense\",\"isPartOf\":{\"@id\":\"https:\/\/www.vert-intense.com\/#website\"},\"datePublished\":\"2023-08-16T08:18:00+00:00\",\"dateModified\":\"2023-08-17T12:10:58+00:00\",\"breadcrumb\":{\"@id\":\"https:\/\/www.vert-intense.com\/qui-sommes-nous\/#breadcrumb\"},\"inLanguage\":\"de\",\"potentialAction\":[{\"@type\":\"ReadAction\",\"target\":[\"https:\/\/www.vert-intense.com\/qui-sommes-nous\/\"]}]},{\"@type\":\"BreadcrumbList\",\"@id\":\"https:\/\/www.vert-intense.com\/qui-sommes-nous\/#breadcrumb\",\"itemListElement\":[{\"@type\":\"ListItem\",\"position\":1,\"name\":\"Accueil\",\"item\":\"https:\/\/www.vert-intense.com\/\"},{\"@type\":\"ListItem\",\"position\":2,\"name\":\"Qui sommes nous ?\"}]},{\"@type\":\"WebSite\",\"@id\":\"https:\/\/www.vert-intense.com\/#website\",\"url\":\"https:\/\/www.vert-intense.com\/\",\"name\":\"Vert-Intense\",\"description\":\"R\u00e9servez vos activit\u00e9s d\u00e9couvertes en Guadeloupe\",\"publisher\":{\"@id\":\"https:\/\/www.vert-intense.com\/#organization\"},\"potentialAction\":[{\"@type\":\"SearchAction\",\"target\":{\"@type\":\"EntryPoint\",\"urlTemplate\":\"https:\/\/www.vert-intense.com\/?s={search_term_string}\"},\"query-input\":{\"@type\":\"PropertyValueSpecification\",\"valueRequired\":true,\"valueName\":\"search_term_string\"}}],\"inLanguage\":\"de\"},{\"@type\":\"Organization\",\"@id\":\"https:\/\/www.vert-intense.com\/#organization\",\"name\":\"Vert-Intense\",\"url\":\"https:\/\/www.vert-intense.com\/\",\"logo\":{\"@type\":\"ImageObject\",\"inLanguage\":\"de\",\"@id\":\"https:\/\/www.vert-intense.com\/#\/schema\/logo\/image\/\",\"url\":\"https:\/\/i0.wp.com\/www.vert-intense.com\/wp-content\/uploads\/2023\/07\/logo.png?fit=960%2C960&ssl=1\",\"contentUrl\":\"https:\/\/i0.wp.com\/www.vert-intense.com\/wp-content\/uploads\/2023\/07\/logo.png?fit=960%2C960&ssl=1\",\"width\":960,\"height\":960,\"caption\":\"Vert-Intense\"},\"image\":{\"@id\":\"https:\/\/www.vert-intense.com\/#\/schema\/logo\/image\/\"},\"sameAs\":[\"https:\/\/www.facebook.com\/vertintense\",\"https:\/\/www.tripadvisor.fr\/Attraction_Review-g1644623-d1649481-Reviews-Vert_Intense-Saint_Claude_Basse_Terre_Island_Guadeloupe.html\",\"https:\/\/www.tiktok.com\/@vertintense\",\"https:\/\/www.instagram.com\/vertintenseguadeloupe\/\",\"https:\/\/www.youtube.com\/channel\/UCRymXR1Pa7n50AOgFy9n3bA\"]}]}<\/script>\n<!-- \/ Yoast SEO Premium plugin. -->","yoast_head_json":{"title":"Wer sind wir? - Intensives Gr\u00fcn","robots":{"index":"index","follow":"follow","max-snippet":"max-snippet:-1","max-image-preview":"max-image-preview:large","max-video-preview":"max-video-preview:-1"},"canonical":"https:\/\/www.vert-intense.com\/de\/wer-sind-wir\/","og_locale":"de_DE","og_type":"article","og_title":"Qui sommes nous ?","og_description":"Vert intense a \u00e9t\u00e9 cr\u00e9e en 1996 par Laurence et Eric, tous deux passionn\u00e9s de sports de montagne. Depuis sa cr\u00e9ation, Vert-Intense propose de d\u00e9couvrir l&#8217;archipel de la Guadeloupe en pratiquant les activit\u00e9s de pleine nature. Tr\u00e8s rapidement d&#8217;autres accompagnateurs en montagne les ont rejoint dans cette aventure, Teddy, Xavier&nbsp;pr\u00e9sents depuis les d\u00e9but sont aujourd\u2019hui [&hellip;]","og_url":"https:\/\/www.vert-intense.com\/de\/wer-sind-wir\/","og_site_name":"Vert Intense","article_publisher":"https:\/\/www.facebook.com\/vertintense","article_modified_time":"2023-08-17T12:10:58+00:00","og_image":[{"width":1358,"height":735,"url":"https:\/\/i0.wp.com\/www.vert-intense.com\/wp-content\/uploads\/2024\/07\/home.png?fit=1358%2C735&ssl=1","type":"image\/png"}],"twitter_card":"summary_large_image","twitter_misc":{"Gesch\u00e4tzte Lesezeit":"1 Minute"},"schema":{"@context":"https:\/\/schema.org","@graph":[{"@type":"WebPage","@id":"https:\/\/www.vert-intense.com\/qui-sommes-nous\/","url":"https:\/\/www.vert-intense.com\/qui-sommes-nous\/","name":"Wer sind wir? - Intensives Gr\u00fcn","isPartOf":{"@id":"https:\/\/www.vert-intense.com\/#website"},"datePublished":"2023-08-16T08:18:00+00:00","dateModified":"2023-08-17T12:10:58+00:00","breadcrumb":{"@id":"https:\/\/www.vert-intense.com\/qui-sommes-nous\/#breadcrumb"},"inLanguage":"de","potentialAction":[{"@type":"ReadAction","target":["https:\/\/www.vert-intense.com\/qui-sommes-nous\/"]}]},{"@type":"BreadcrumbList","@id":"https:\/\/www.vert-intense.com\/qui-sommes-nous\/#breadcrumb","itemListElement":[{"@type":"ListItem","position":1,"name":"Accueil","item":"https:\/\/www.vert-intense.com\/"},{"@type":"ListItem","position":2,"name":"Qui sommes nous ?"}]},{"@type":"WebSite","@id":"https:\/\/www.vert-intense.com\/#website","url":"https:\/\/www.vert-intense.com\/","name":"Gr\u00fcn-Intensiv","description":"Buchen Sie Ihre Entdeckungsreisen in Guadeloupe","publisher":{"@id":"https:\/\/www.vert-intense.com\/#organization"},"potentialAction":[{"@type":"SearchAction","target":{"@type":"EntryPoint","urlTemplate":"https:\/\/www.vert-intense.com\/?s={search_term_string}"},"query-input":{"@type":"PropertyValueSpecification","valueRequired":true,"valueName":"search_term_string"}}],"inLanguage":"de"},{"@type":"Organization","@id":"https:\/\/www.vert-intense.com\/#organization","name":"Gr\u00fcn-Intensiv","url":"https:\/\/www.vert-intense.com\/","logo":{"@type":"ImageObject","inLanguage":"de","@id":"https:\/\/www.vert-intense.com\/#\/schema\/logo\/image\/","url":"https:\/\/i0.wp.com\/www.vert-intense.com\/wp-content\/uploads\/2023\/07\/logo.png?fit=960%2C960&ssl=1","contentUrl":"https:\/\/i0.wp.com\/www.vert-intense.com\/wp-content\/uploads\/2023\/07\/logo.png?fit=960%2C960&ssl=1","width":960,"height":960,"caption":"Vert-Intense"},"image":{"@id":"https:\/\/www.vert-intense.com\/#\/schema\/logo\/image\/"},"sameAs":["https:\/\/www.facebook.com\/vertintense","https:\/\/www.tripadvisor.fr\/Attraction_Review-g1644623-d1649481-Reviews-Vert_Intense-Saint_Claude_Basse_Terre_Island_Guadeloupe.html","https:\/\/www.tiktok.com\/@vertintense","https:\/\/www.instagram.com\/vertintenseguadeloupe\/","https:\/\/www.youtube.com\/channel\/UCRymXR1Pa7n50AOgFy9n3bA"]}]}},"jetpack_sharing_enabled":true,"_links":{"self":[{"href":"http:\/\/www.vert-intense.com\/de\/wp-json\/wp\/v2\/pages\/1865"}],"collection":[{"href":"http:\/\/www.vert-intense.com\/de\/wp-json\/wp\/v2\/pages"}],"about":[{"href":"http:\/\/www.vert-intense.com\/de\/wp-json\/wp\/v2\/types\/page"}],"author":[{"embeddable":true,"href":"http:\/\/www.vert-intense.com\/de\/wp-json\/wp\/v2\/users\/1"}],"replies":[{"embeddable":true,"href":"http:\/\/www.vert-intense.com\/de\/wp-json\/wp\/v2\/comments?post=1865"}],"version-history":[{"count":2,"href":"http:\/\/www.vert-intense.com\/de\/wp-json\/wp\/v2\/pages\/1865\/revisions"}],"predecessor-version":[{"id":1905,"href":"http:\/\/www.vert-intense.com\/de\/wp-json\/wp\/v2\/pages\/1865\/revisions\/1905"}],"wp:attachment":[{"href":"http:\/\/www.vert-intense.com\/de\/wp-json\/wp\/v2\/media?parent=1865"}],"curies":[{"name":"wp","href":"https:\/\/api.w.org\/{rel}","templated":true}]}}